{"id":1955,"date":"2017-12-18T10:08:41","date_gmt":"2017-12-18T09:08:41","guid":{"rendered":"http:\/\/demo2.drfuri.com\/martfury10\/?page_id=1955"},"modified":"2023-09-08T13:08:23","modified_gmt":"2023-09-08T11:08:23","slug":"devenir-vendeur","status":"publish","type":"page","link":"https:\/\/aumarche.biz\/bf\/index.php\/devenir-vendeur\/","title":{"rendered":"Devenir vendeur"},"content":{"rendered":"\t\t<div data-elementor-type=\"wp-post\" data-elementor-id=\"1955\" class=\"elementor elementor-1955\">\n\t\t\t\t\t\t<section class=\"elementor-section elementor-top-section elementor-element elementor-element-29d34cb elementor-section-stretched elementor-section-boxed elementor-section-height-default elementor-section-height-default\" data-id=\"29d34cb\" data-element_type=\"section\" data-e-type=\"section\" data-settings=\"{&quot;stretch_section&quot;:&quot;section-stretched&quot;,&quot;background_background&quot;:&quot;classic&quot;}\">\n\t\t\t\t\t\t<div class=\"elementor-container elementor-column-gap-default\">\n\t\t\t\t\t<div class=\"elementor-column elementor-col-100 elementor-top-column elementor-element elementor-element-8090b6a\" data-id=\"8090b6a\" data-element_type=\"column\" data-e-type=\"column\">\n\t\t\t<div class=\"elementor-widget-wrap elementor-element-populated\">\n\t\t\t\t\t\t<div class=\"elementor-element elementor-element-70e12fb6 elementor-widget elementor-widget-spacer\" data-id=\"70e12fb6\" data-element_type=\"widget\" data-e-type=\"widget\" data-widget_type=\"spacer.default\">\n\t\t\t\t<div class=\"elementor-widget-container\">\n\t\t\t\t\t\t\t<div class=\"elementor-spacer\">\n\t\t\t<div class=\"elementor-spacer-inner\"><\/div>\n\t\t<\/div>\n\t\t\t\t\t\t<\/div>\n\t\t\t\t<\/div>\n\t\t\t\t<div class=\"elementor-element elementor-element-29e5c524 elementor-widget elementor-widget-heading\" data-id=\"29e5c524\" data-element_type=\"widget\" data-e-type=\"widget\" data-widget_type=\"heading.default\">\n\t\t\t\t<div class=\"elementor-widget-container\">\n\t\t\t\t\t<h2 class=\"elementor-heading-title elementor-size-default\">Des milliers d'acheteurs cherchent chaque jour <br>des produits que vous avez<\/h2>\t\t\t\t<\/div>\n\t\t\t\t<\/div>\n\t\t\t\t<div class=\"elementor-element elementor-element-4f01b92e elementor-widget elementor-widget-spacer\" data-id=\"4f01b92e\" data-element_type=\"widget\" data-e-type=\"widget\" data-widget_type=\"spacer.default\">\n\t\t\t\t<div class=\"elementor-widget-container\">\n\t\t\t\t\t\t\t<div class=\"elementor-spacer\">\n\t\t\t<div class=\"elementor-spacer-inner\"><\/div>\n\t\t<\/div>\n\t\t\t\t\t\t<\/div>\n\t\t\t\t<\/div>\n\t\t\t\t<div class=\"elementor-element elementor-element-1967e36f elementor-align-center elementor-widget elementor-widget-button\" data-id=\"1967e36f\" data-element_type=\"widget\" data-e-type=\"widget\" data-widget_type=\"button.default\">\n\t\t\t\t<div class=\"elementor-widget-container\">\n\t\t\t\t\t\t\t\t\t<div class=\"elementor-button-wrapper\">\n\t\t\t\t\t<a class=\"elementor-button elementor-button-link elementor-size-md\" href=\"https:\/\/aumarche.biz\/bf\/index.php\/vendor-membership\/\">\n\t\t\t\t\t\t<span class=\"elementor-button-content-wrapper\">\n\t\t\t\t\t\t\t\t\t<span class=\"elementor-button-text\">Ouvrir boutique<\/span>\n\t\t\t\t\t<\/span>\n\t\t\t\t\t<\/a>\n\t\t\t\t<\/div>\n\t\t\t\t\t\t\t\t<\/div>\n\t\t\t\t<\/div>\n\t\t\t\t<div class=\"elementor-element elementor-element-174933ce elementor-widget elementor-widget-spacer\" data-id=\"174933ce\" data-element_type=\"widget\" data-e-type=\"widget\" data-widget_type=\"spacer.default\">\n\t\t\t\t<div class=\"elementor-widget-container\">\n\t\t\t\t\t\t\t<div class=\"elementor-spacer\">\n\t\t\t<div class=\"elementor-spacer-inner\"><\/div>\n\t\t<\/div>\n\t\t\t\t\t\t<\/div>\n\t\t\t\t<\/div>\n\t\t\t\t\t<\/div>\n\t\t<\/div>\n\t\t\t\t\t<\/div>\n\t\t<\/section>\n\t\t\t\t<section class=\"elementor-section elementor-top-section elementor-element elementor-element-68d8651e elementor-section-boxed elementor-section-height-default elementor-section-height-default\" data-id=\"68d8651e\" data-element_type=\"section\" data-e-type=\"section\">\n\t\t\t\t\t\t<div class=\"elementor-container elementor-column-gap-default\">\n\t\t\t\t\t<div class=\"elementor-column elementor-col-100 elementor-top-column elementor-element elementor-element-541c34ff\" data-id=\"541c34ff\" data-element_type=\"column\" data-e-type=\"column\">\n\t\t\t<div class=\"elementor-widget-wrap elementor-element-populated\">\n\t\t\t\t\t\t<div class=\"elementor-element elementor-element-846db58 elementor-widget elementor-widget-spacer\" data-id=\"846db58\" data-element_type=\"widget\" data-e-type=\"widget\" data-widget_type=\"spacer.default\">\n\t\t\t\t<div class=\"elementor-widget-container\">\n\t\t\t\t\t\t\t<div class=\"elementor-spacer\">\n\t\t\t<div class=\"elementor-spacer-inner\"><\/div>\n\t\t<\/div>\n\t\t\t\t\t\t<\/div>\n\t\t\t\t<\/div>\n\t\t\t\t<div class=\"elementor-element elementor-element-12beb4de elementor-widget elementor-widget-heading\" data-id=\"12beb4de\" data-element_type=\"widget\" data-e-type=\"widget\" data-widget_type=\"heading.default\">\n\t\t\t\t<div class=\"elementor-widget-container\">\n\t\t\t\t\t<h2 class=\"elementor-heading-title elementor-size-default\">POURQUOI VENDRE SUR AU MACRHE ?<\/h2>\t\t\t\t<\/div>\n\t\t\t\t<\/div>\n\t\t\t\t<div class=\"elementor-element elementor-element-3c305119 elementor-widget elementor-widget-spacer\" data-id=\"3c305119\" data-element_type=\"widget\" data-e-type=\"widget\" data-widget_type=\"spacer.default\">\n\t\t\t\t<div class=\"elementor-widget-container\">\n\t\t\t\t\t\t\t<div class=\"elementor-spacer\">\n\t\t\t<div class=\"elementor-spacer-inner\"><\/div>\n\t\t<\/div>\n\t\t\t\t\t\t<\/div>\n\t\t\t\t<\/div>\n\t\t\t\t<div class=\"elementor-element elementor-element-c11daf5 elementor-widget elementor-widget-heading\" data-id=\"c11daf5\" data-element_type=\"widget\" data-e-type=\"widget\" data-widget_type=\"heading.default\">\n\t\t\t\t<div class=\"elementor-widget-container\">\n\t\t\t\t\t<h2 class=\"elementor-heading-title elementor-size-default\">Rejoignez un march\u00e9 o\u00f9 pr\u00e8s de 10\u00a0millions d'acheteurs \u00e0 travers <br>l'Afrique ach\u00e8tent des articles uniques.<\/h2>\t\t\t\t<\/div>\n\t\t\t\t<\/div>\n\t\t\t\t<div class=\"elementor-element elementor-element-6685a46d elementor-widget elementor-widget-spacer\" data-id=\"6685a46d\" data-element_type=\"widget\" data-e-type=\"widget\" data-widget_type=\"spacer.default\">\n\t\t\t\t<div class=\"elementor-widget-container\">\n\t\t\t\t\t\t\t<div class=\"elementor-spacer\">\n\t\t\t<div class=\"elementor-spacer-inner\"><\/div>\n\t\t<\/div>\n\t\t\t\t\t\t<\/div>\n\t\t\t\t<\/div>\n\t\t\t\t\t<\/div>\n\t\t<\/div>\n\t\t\t\t\t<\/div>\n\t\t<\/section>\n\t\t\t\t<section class=\"elementor-section elementor-top-section elementor-element elementor-element-e1dfab9 elementor-section-stretched elementor-section-boxed elementor-section-height-default elementor-section-height-default\" data-id=\"e1dfab9\" data-element_type=\"section\" data-e-type=\"section\" data-settings=\"{&quot;stretch_section&quot;:&quot;section-stretched&quot;,&quot;background_background&quot;:&quot;classic&quot;}\">\n\t\t\t\t\t\t<div class=\"elementor-container elementor-column-gap-default\">\n\t\t\t\t\t<div class=\"elementor-column elementor-col-100 elementor-top-column elementor-element elementor-element-5990df44\" data-id=\"5990df44\" data-element_type=\"column\" data-e-type=\"column\">\n\t\t\t<div class=\"elementor-widget-wrap elementor-element-populated\">\n\t\t\t\t\t\t<div class=\"elementor-element elementor-element-260a0924 elementor-widget elementor-widget-spacer\" data-id=\"260a0924\" data-element_type=\"widget\" data-e-type=\"widget\" data-widget_type=\"spacer.default\">\n\t\t\t\t<div class=\"elementor-widget-container\">\n\t\t\t\t\t\t\t<div class=\"elementor-spacer\">\n\t\t\t<div class=\"elementor-spacer-inner\"><\/div>\n\t\t<\/div>\n\t\t\t\t\t\t<\/div>\n\t\t\t\t<\/div>\n\t\t\t\t<div class=\"elementor-element elementor-element-5deed05e elementor-widget elementor-widget-martfury-process\" data-id=\"5deed05e\" data-element_type=\"widget\" data-e-type=\"widget\" data-widget_type=\"martfury-process.default\">\n\t\t\t\t<div class=\"elementor-widget-container\">\n\t\t\t\t\t<div class=\"mf-elementor-process\">\r\n\t\t\t\t<div class=\"list-process\"><div class=\"row process-content\">\r\n\t\t\t\t\t\t<div class=\"col-md-5 col-xs-12 process-image\"><\/div>\r\n\t\t\t\t\t\t<div class=\"col-md-2 col-xs-12 process-step\"><div class=\"step\">1<\/div><\/div>\r\n\t\t\t\t\t\t<div class=\"col-md-5 col-xs-12 process-desc\"><h3>Inscrivez-vous gratuitement<\/h3><div class=\"desc\"><ul class=\"mf-list\"><li>Cr\u00e9er un compte gratuitement et enregistrez votre boutique<\/li><\/ul><\/div><\/div>\r\n\t\t\t\t\t<\/div> <div class=\"row process-content\">\r\n\t\t\t\t\t\t<div class=\"col-md-5 col-xs-12 process-image\"><\/div>\r\n\t\t\t\t\t\t<div class=\"col-md-2 col-xs-12 process-step\"><div class=\"step\">2<\/div><\/div>\r\n\t\t\t\t\t\t<div class=\"col-md-5 col-xs-12 process-desc\"><h3>Cr\u00e9er une liste de vos produits<\/h3><div class=\"desc\"><ul class=\"mf-list\"><li>Cr\u00e9ez un catalogue de vos produits et renseigner toutes les informations possibles.<\/li><\/ul><\/div><\/div>\r\n\t\t\t\t\t<\/div> <div class=\"row process-content\">\r\n\t\t\t\t\t\t<div class=\"col-md-5 col-xs-12 process-image\"><\/div>\r\n\t\t\t\t\t\t<div class=\"col-md-2 col-xs-12 process-step\"><div class=\"step\">3<\/div><\/div>\r\n\t\t\t\t\t\t<div class=\"col-md-5 col-xs-12 process-desc\"><h3>Recevez les commandes instantan\u00e9ment<\/h3><div class=\"desc\"><ul class=\"mf-list\"><li>Recevez les commandes des clients directement dans votre espace vendeur et adresse email<\/li><\/ul><\/div><\/div>\r\n\t\t\t\t\t<\/div> <div class=\"row process-content\">\r\n\t\t\t\t\t\t<div class=\"col-md-5 col-xs-12 process-image\"><\/div>\r\n\t\t\t\t\t\t<div class=\"col-md-2 col-xs-12 process-step\"><div class=\"step\">4<\/div><\/div>\r\n\t\t\t\t\t\t<div class=\"col-md-5 col-xs-12 process-desc\"><h3>Pr\u00e9parez les produits vendus<\/h3><div class=\"desc\"><ul class=\"mf-list\"><li>Pr\u00e9parez-les produits vendus et emballez-les<\/li><\/ul><\/div><\/div>\r\n\t\t\t\t\t<\/div> <div class=\"row process-content\">\r\n\t\t\t\t\t\t<div class=\"col-md-5 col-xs-12 process-image\"><\/div>\r\n\t\t\t\t\t\t<div class=\"col-md-2 col-xs-12 process-step\"><div class=\"step\">5<\/div><\/div>\r\n\t\t\t\t\t\t<div class=\"col-md-5 col-xs-12 process-desc\"><h3>Livraison par nos \u00e9quipes<\/h3><div class=\"desc\"><ul class=\"mf-list\"><li>Nos livreurs s'occupent de la r\u00e9cup\u00e9ration des produits de chez vous et de leur livraison au client<\/li><\/ul><\/div><\/div>\r\n\t\t\t\t\t<\/div> <div class=\"row process-content\">\r\n\t\t\t\t\t\t<div class=\"col-md-5 col-xs-12 process-image\"><\/div>\r\n\t\t\t\t\t\t<div class=\"col-md-2 col-xs-12 process-step\"><div class=\"step\">6<\/div><\/div>\r\n\t\t\t\t\t\t<div class=\"col-md-5 col-xs-12 process-desc\"><h3>Recevez votre argent<\/h3><div class=\"desc\"><ul class=\"mf-list\"><li>Apr\u00e8s livraison, vous recevrez le montant de vos ventes<\/li><\/ul><\/div><\/div>\r\n\t\t\t\t\t<\/div><\/div>\r\n\t\t\t<\/div>\t\t\t\t<\/div>\n\t\t\t\t<\/div>\n\t\t\t\t<div class=\"elementor-element elementor-element-1c04ca69 elementor-widget elementor-widget-spacer\" data-id=\"1c04ca69\" data-element_type=\"widget\" data-e-type=\"widget\" data-widget_type=\"spacer.default\">\n\t\t\t\t<div class=\"elementor-widget-container\">\n\t\t\t\t\t\t\t<div class=\"elementor-spacer\">\n\t\t\t<div class=\"elementor-spacer-inner\"><\/div>\n\t\t<\/div>\n\t\t\t\t\t\t<\/div>\n\t\t\t\t<\/div>\n\t\t\t\t\t<\/div>\n\t\t<\/div>\n\t\t\t\t\t<\/div>\n\t\t<\/section>\n\t\t\t\t<section class=\"elementor-section elementor-top-section elementor-element elementor-element-54a411e7 elementor-section-boxed elementor-section-height-default elementor-section-height-default\" data-id=\"54a411e7\" data-element_type=\"section\" data-e-type=\"section\">\n\t\t\t\t\t\t<div class=\"elementor-container elementor-column-gap-default\">\n\t\t\t\t\t<div class=\"elementor-column elementor-col-100 elementor-top-column elementor-element elementor-element-1443aaf2\" data-id=\"1443aaf2\" data-element_type=\"column\" data-e-type=\"column\">\n\t\t\t<div class=\"elementor-widget-wrap elementor-element-populated\">\n\t\t\t\t\t\t<div class=\"elementor-element elementor-element-670e8e6b elementor-widget-divider--view-line elementor-widget elementor-widget-divider\" data-id=\"670e8e6b\" data-element_type=\"widget\" data-e-type=\"widget\" data-widget_type=\"divider.default\">\n\t\t\t\t<div class=\"elementor-widget-container\">\n\t\t\t\t\t\t\t<div class=\"elementor-divider\">\n\t\t\t<span class=\"elementor-divider-separator\">\n\t\t\t\t\t\t<\/span>\n\t\t<\/div>\n\t\t\t\t\t\t<\/div>\n\t\t\t\t<\/div>\n\t\t\t\t<div class=\"elementor-element elementor-element-7447c0c8 elementor-widget elementor-widget-spacer\" data-id=\"7447c0c8\" data-element_type=\"widget\" data-e-type=\"widget\" data-widget_type=\"spacer.default\">\n\t\t\t\t<div class=\"elementor-widget-container\">\n\t\t\t\t\t\t\t<div class=\"elementor-spacer\">\n\t\t\t<div class=\"elementor-spacer-inner\"><\/div>\n\t\t<\/div>\n\t\t\t\t\t\t<\/div>\n\t\t\t\t<\/div>\n\t\t\t\t<div class=\"elementor-element elementor-element-67065553 elementor-widget elementor-widget-heading\" data-id=\"67065553\" data-element_type=\"widget\" data-e-type=\"widget\" data-widget_type=\"heading.default\">\n\t\t\t\t<div class=\"elementor-widget-container\">\n\t\t\t\t\t<h2 class=\"elementor-heading-title elementor-size-default\">Vous avez des questions? Contactez-nous!<\/h2>\t\t\t\t<\/div>\n\t\t\t\t<\/div>\n\t\t\t\t<div class=\"elementor-element elementor-element-67da84f4 elementor-widget elementor-widget-spacer\" data-id=\"67da84f4\" data-element_type=\"widget\" data-e-type=\"widget\" data-widget_type=\"spacer.default\">\n\t\t\t\t<div class=\"elementor-widget-container\">\n\t\t\t\t\t\t\t<div class=\"elementor-spacer\">\n\t\t\t<div class=\"elementor-spacer-inner\"><\/div>\n\t\t<\/div>\n\t\t\t\t\t\t<\/div>\n\t\t\t\t<\/div>\n\t\t\t\t<div class=\"elementor-element elementor-element-3353ff9f elementor-align-center elementor-widget elementor-widget-button\" data-id=\"3353ff9f\" data-element_type=\"widget\" data-e-type=\"widget\" data-widget_type=\"button.default\">\n\t\t\t\t<div class=\"elementor-widget-container\">\n\t\t\t\t\t\t\t\t\t<div class=\"elementor-button-wrapper\">\n\t\t\t\t\t<a class=\"elementor-button elementor-button-link elementor-size-md\" href=\"\/contact\">\n\t\t\t\t\t\t<span class=\"elementor-button-content-wrapper\">\n\t\t\t\t\t\t\t\t\t<span class=\"elementor-button-text\">Contact<\/span>\n\t\t\t\t\t<\/span>\n\t\t\t\t\t<\/a>\n\t\t\t\t<\/div>\n\t\t\t\t\t\t\t\t<\/div>\n\t\t\t\t<\/div>\n\t\t\t\t<div class=\"elementor-element elementor-element-2012a87e elementor-widget elementor-widget-spacer\" data-id=\"2012a87e\" data-element_type=\"widget\" data-e-type=\"widget\" data-widget_type=\"spacer.default\">\n\t\t\t\t<div class=\"elementor-widget-container\">\n\t\t\t\t\t\t\t<div class=\"elementor-spacer\">\n\t\t\t<div class=\"elementor-spacer-inner\"><\/div>\n\t\t<\/div>\n\t\t\t\t\t\t<\/div>\n\t\t\t\t<\/div>\n\t\t\t\t\t<\/div>\n\t\t<\/div>\n\t\t\t\t\t<\/div>\n\t\t<\/section>\n\t\t\t\t<section class=\"elementor-section elementor-top-section elementor-element elementor-element-4447250e elementor-section-stretched elementor-section-boxed elementor-section-height-default elementor-section-height-default\" data-id=\"4447250e\" data-element_type=\"section\" data-e-type=\"section\" data-settings=\"{&quot;stretch_section&quot;:&quot;section-stretched&quot;,&quot;background_background&quot;:&quot;classic&quot;}\">\n\t\t\t\t\t\t<div class=\"elementor-container elementor-column-gap-default\">\n\t\t\t\t\t<div class=\"elementor-column elementor-col-100 elementor-top-column elementor-element elementor-element-44277ad1\" data-id=\"44277ad1\" data-element_type=\"column\" data-e-type=\"column\">\n\t\t\t<div class=\"elementor-widget-wrap elementor-element-populated\">\n\t\t\t\t\t\t<div class=\"elementor-element elementor-element-65ab0b4a elementor-widget elementor-widget-spacer\" data-id=\"65ab0b4a\" data-element_type=\"widget\" data-e-type=\"widget\" data-widget_type=\"spacer.default\">\n\t\t\t\t<div class=\"elementor-widget-container\">\n\t\t\t\t\t\t\t<div class=\"elementor-spacer\">\n\t\t\t<div class=\"elementor-spacer-inner\"><\/div>\n\t\t<\/div>\n\t\t\t\t\t\t<\/div>\n\t\t\t\t<\/div>\n\t\t\t\t<div class=\"elementor-element elementor-element-32e34bdd elementor-widget elementor-widget-heading\" data-id=\"32e34bdd\" data-element_type=\"widget\" data-e-type=\"widget\" data-widget_type=\"heading.default\">\n\t\t\t\t<div class=\"elementor-widget-container\">\n\t\t\t\t\t<h2 class=\"elementor-heading-title elementor-size-default\">Il est temps de commencer \u00e0 gagner de l'argent<\/h2>\t\t\t\t<\/div>\n\t\t\t\t<\/div>\n\t\t\t\t<div class=\"elementor-element elementor-element-5aa43038 elementor-widget elementor-widget-spacer\" data-id=\"5aa43038\" data-element_type=\"widget\" data-e-type=\"widget\" data-widget_type=\"spacer.default\">\n\t\t\t\t<div class=\"elementor-widget-container\">\n\t\t\t\t\t\t\t<div class=\"elementor-spacer\">\n\t\t\t<div class=\"elementor-spacer-inner\"><\/div>\n\t\t<\/div>\n\t\t\t\t\t\t<\/div>\n\t\t\t\t<\/div>\n\t\t\t\t<div class=\"elementor-element elementor-element-28c5231b elementor-align-center elementor-widget elementor-widget-button\" data-id=\"28c5231b\" data-element_type=\"widget\" data-e-type=\"widget\" data-widget_type=\"button.default\">\n\t\t\t\t<div class=\"elementor-widget-container\">\n\t\t\t\t\t\t\t\t\t<div class=\"elementor-button-wrapper\">\n\t\t\t\t\t<a class=\"elementor-button elementor-button-link elementor-size-md\" href=\"https:\/\/aumarche.biz\/bf\/index.php\/vendor-membership\/\">\n\t\t\t\t\t\t<span class=\"elementor-button-content-wrapper\">\n\t\t\t\t\t\t\t\t\t<span class=\"elementor-button-text\">Commencez \u00e0 vendre<\/span>\n\t\t\t\t\t<\/span>\n\t\t\t\t\t<\/a>\n\t\t\t\t<\/div>\n\t\t\t\t\t\t\t\t<\/div>\n\t\t\t\t<\/div>\n\t\t\t\t<div class=\"elementor-element elementor-element-33adef88 elementor-widget elementor-widget-spacer\" data-id=\"33adef88\" data-element_type=\"widget\" data-e-type=\"widget\" data-widget_type=\"spacer.default\">\n\t\t\t\t<div class=\"elementor-widget-container\">\n\t\t\t\t\t\t\t<div class=\"elementor-spacer\">\n\t\t\t<div class=\"elementor-spacer-inner\"><\/div>\n\t\t<\/div>\n\t\t\t\t\t\t<\/div>\n\t\t\t\t<\/div>\n\t\t\t\t\t<\/div>\n\t\t<\/div>\n\t\t\t\t\t<\/div>\n\t\t<\/section>\n\t\t\t\t<\/div>\n\t\t","protected":false},"excerpt":{"rendered":"<p>Des milliers d&rsquo;acheteurs cherchent chaque jour des produits que vous avez Ouvrir boutique POURQUOI VENDRE SUR AU MACRHE ? Rejoignez un march\u00e9 o\u00f9 pr\u00e8s de 10\u00a0millions d&rsquo;acheteurs \u00e0 travers l&rsquo;Afrique ach\u00e8tent des articles uniques. 1 Inscrivez-vous gratuitement Cr\u00e9er un compte gratuitement et enregistrez votre boutique 2 Cr\u00e9er une liste de vos produits Cr\u00e9ez un catalogue&hellip;<\/p>\n","protected":false},"author":1,"featured_media":0,"parent":0,"menu_order":0,"comment_status":"closed","ping_status":"closed","template":"","meta":{"footnotes":""},"class_list":["post-1955","page","type-page","status-publish","hentry"],"yoast_head":"<!-- This site is optimized with the Yoast SEO plugin v26.9 - https:\/\/yoast.com\/product\/yoast-seo-wordpress\/ -->\n<title>Devenir vendeur - AU MARCHE BURKINA<\/title>\n<meta name=\"robots\" content=\"noindex, follow, max-snippet:-1, max-image-preview:large, max-video-preview:-1\" \/>\n<meta property=\"og:locale\" content=\"fr_FR\" \/>\n<meta property=\"og:type\" content=\"article\" \/>\n<meta property=\"og:title\" content=\"Devenir vendeur - AU MARCHE BURKINA\" \/>\n<meta property=\"og:description\" content=\"Des milliers d&rsquo;acheteurs cherchent chaque jour des produits que vous avez Ouvrir boutique POURQUOI VENDRE SUR AU MACRHE ? Rejoignez un march\u00e9 o\u00f9 pr\u00e8s de 10\u00a0millions d&rsquo;acheteurs \u00e0 travers l&rsquo;Afrique ach\u00e8tent des articles uniques. 1 Inscrivez-vous gratuitement Cr\u00e9er un compte gratuitement et enregistrez votre boutique 2 Cr\u00e9er une liste de vos produits Cr\u00e9ez un catalogue&hellip;\" \/>\n<meta property=\"og:url\" content=\"https:\/\/aumarche.biz\/bf\/index.php\/devenir-vendeur\/\" \/>\n<meta property=\"og:site_name\" content=\"AU MARCHE BURKINA\" \/>\n<meta property=\"article:publisher\" content=\"https:\/\/www.facebook.com\/aumarchebf\" \/>\n<meta property=\"article:modified_time\" content=\"2023-09-08T11:08:23+00:00\" \/>\n<meta property=\"og:image\" content=\"https:\/\/aumarche.biz\/bf\/wp-content\/uploads\/2023\/09\/Logo_aumarche_500x230.png\" \/>\n\t<meta property=\"og:image:width\" content=\"500\" \/>\n\t<meta property=\"og:image:height\" content=\"230\" \/>\n\t<meta property=\"og:image:type\" content=\"image\/png\" \/>\n<meta name=\"twitter:card\" content=\"summary_large_image\" \/>\n<meta name=\"twitter:label1\" content=\"Dur\u00e9e de lecture estim\u00e9e\" \/>\n\t<meta name=\"twitter:data1\" content=\"1 minute\" \/>\n<script type=\"application\/ld+json\" class=\"yoast-schema-graph\">{\"@context\":\"https:\/\/schema.org\",\"@graph\":[{\"@type\":\"WebPage\",\"@id\":\"https:\/\/aumarche.biz\/bf\/index.php\/devenir-vendeur\/\",\"url\":\"https:\/\/aumarche.biz\/bf\/index.php\/devenir-vendeur\/\",\"name\":\"Devenir vendeur - AU MARCHE BURKINA\",\"isPartOf\":{\"@id\":\"https:\/\/aumarche.biz\/bf\/#website\"},\"datePublished\":\"2017-12-18T09:08:41+00:00\",\"dateModified\":\"2023-09-08T11:08:23+00:00\",\"breadcrumb\":{\"@id\":\"https:\/\/aumarche.biz\/bf\/index.php\/devenir-vendeur\/#breadcrumb\"},\"inLanguage\":\"fr-FR\",\"potentialAction\":[{\"@type\":\"ReadAction\",\"target\":[\"https:\/\/aumarche.biz\/bf\/index.php\/devenir-vendeur\/\"]}]},{\"@type\":\"BreadcrumbList\",\"@id\":\"https:\/\/aumarche.biz\/bf\/index.php\/devenir-vendeur\/#breadcrumb\",\"itemListElement\":[{\"@type\":\"ListItem\",\"position\":1,\"name\":\"Accueil\",\"item\":\"https:\/\/aumarche.biz\/bf\/\"},{\"@type\":\"ListItem\",\"position\":2,\"name\":\"Devenir vendeur\"}]},{\"@type\":\"WebSite\",\"@id\":\"https:\/\/aumarche.biz\/bf\/#website\",\"url\":\"https:\/\/aumarche.biz\/bf\/\",\"name\":\"aumarche.biz\",\"description\":\"Vendre et acheter autrement\",\"publisher\":{\"@id\":\"https:\/\/aumarche.biz\/bf\/#organization\"},\"potentialAction\":[{\"@type\":\"SearchAction\",\"target\":{\"@type\":\"EntryPoint\",\"urlTemplate\":\"https:\/\/aumarche.biz\/bf\/?s={search_term_string}\"},\"query-input\":{\"@type\":\"PropertyValueSpecification\",\"valueRequired\":true,\"valueName\":\"search_term_string\"}}],\"inLanguage\":\"fr-FR\"},{\"@type\":\"Organization\",\"@id\":\"https:\/\/aumarche.biz\/bf\/#organization\",\"name\":\"aumarche.biz\",\"url\":\"https:\/\/aumarche.biz\/bf\/\",\"logo\":{\"@type\":\"ImageObject\",\"inLanguage\":\"fr-FR\",\"@id\":\"https:\/\/aumarche.biz\/bf\/#\/schema\/logo\/image\/\",\"url\":\"https:\/\/aumarche.biz\/bf\/wp-content\/uploads\/2023\/09\/favicone.png\",\"contentUrl\":\"https:\/\/aumarche.biz\/bf\/wp-content\/uploads\/2023\/09\/favicone.png\",\"width\":64,\"height\":64,\"caption\":\"aumarche.biz\"},\"image\":{\"@id\":\"https:\/\/aumarche.biz\/bf\/#\/schema\/logo\/image\/\"},\"sameAs\":[\"https:\/\/www.facebook.com\/aumarchebf\"]}]}<\/script>\n<!-- \/ Yoast SEO plugin. -->","yoast_head_json":{"title":"Devenir vendeur - AU MARCHE BURKINA","robots":{"index":"noindex","follow":"follow","max-snippet":"max-snippet:-1","max-image-preview":"max-image-preview:large","max-video-preview":"max-video-preview:-1"},"og_locale":"fr_FR","og_type":"article","og_title":"Devenir vendeur - AU MARCHE BURKINA","og_description":"Des milliers d&rsquo;acheteurs cherchent chaque jour des produits que vous avez Ouvrir boutique POURQUOI VENDRE SUR AU MACRHE ? Rejoignez un march\u00e9 o\u00f9 pr\u00e8s de 10\u00a0millions d&rsquo;acheteurs \u00e0 travers l&rsquo;Afrique ach\u00e8tent des articles uniques. 1 Inscrivez-vous gratuitement Cr\u00e9er un compte gratuitement et enregistrez votre boutique 2 Cr\u00e9er une liste de vos produits Cr\u00e9ez un catalogue&hellip;","og_url":"https:\/\/aumarche.biz\/bf\/index.php\/devenir-vendeur\/","og_site_name":"AU MARCHE BURKINA","article_publisher":"https:\/\/www.facebook.com\/aumarchebf","article_modified_time":"2023-09-08T11:08:23+00:00","og_image":[{"width":500,"height":230,"url":"https:\/\/aumarche.biz\/bf\/wp-content\/uploads\/2023\/09\/Logo_aumarche_500x230.png","type":"image\/png"}],"twitter_card":"summary_large_image","twitter_misc":{"Dur\u00e9e de lecture estim\u00e9e":"1 minute"},"schema":{"@context":"https:\/\/schema.org","@graph":[{"@type":"WebPage","@id":"https:\/\/aumarche.biz\/bf\/index.php\/devenir-vendeur\/","url":"https:\/\/aumarche.biz\/bf\/index.php\/devenir-vendeur\/","name":"Devenir vendeur - AU MARCHE BURKINA","isPartOf":{"@id":"https:\/\/aumarche.biz\/bf\/#website"},"datePublished":"2017-12-18T09:08:41+00:00","dateModified":"2023-09-08T11:08:23+00:00","breadcrumb":{"@id":"https:\/\/aumarche.biz\/bf\/index.php\/devenir-vendeur\/#breadcrumb"},"inLanguage":"fr-FR","potentialAction":[{"@type":"ReadAction","target":["https:\/\/aumarche.biz\/bf\/index.php\/devenir-vendeur\/"]}]},{"@type":"BreadcrumbList","@id":"https:\/\/aumarche.biz\/bf\/index.php\/devenir-vendeur\/#breadcrumb","itemListElement":[{"@type":"ListItem","position":1,"name":"Accueil","item":"https:\/\/aumarche.biz\/bf\/"},{"@type":"ListItem","position":2,"name":"Devenir vendeur"}]},{"@type":"WebSite","@id":"https:\/\/aumarche.biz\/bf\/#website","url":"https:\/\/aumarche.biz\/bf\/","name":"aumarche.biz","description":"Vendre et acheter autrement","publisher":{"@id":"https:\/\/aumarche.biz\/bf\/#organization"},"potentialAction":[{"@type":"SearchAction","target":{"@type":"EntryPoint","urlTemplate":"https:\/\/aumarche.biz\/bf\/?s={search_term_string}"},"query-input":{"@type":"PropertyValueSpecification","valueRequired":true,"valueName":"search_term_string"}}],"inLanguage":"fr-FR"},{"@type":"Organization","@id":"https:\/\/aumarche.biz\/bf\/#organization","name":"aumarche.biz","url":"https:\/\/aumarche.biz\/bf\/","logo":{"@type":"ImageObject","inLanguage":"fr-FR","@id":"https:\/\/aumarche.biz\/bf\/#\/schema\/logo\/image\/","url":"https:\/\/aumarche.biz\/bf\/wp-content\/uploads\/2023\/09\/favicone.png","contentUrl":"https:\/\/aumarche.biz\/bf\/wp-content\/uploads\/2023\/09\/favicone.png","width":64,"height":64,"caption":"aumarche.biz"},"image":{"@id":"https:\/\/aumarche.biz\/bf\/#\/schema\/logo\/image\/"},"sameAs":["https:\/\/www.facebook.com\/aumarchebf"]}]}},"_links":{"self":[{"href":"https:\/\/aumarche.biz\/bf\/index.php\/wp-json\/wp\/v2\/pages\/1955","targetHints":{"allow":["GET"]}}],"collection":[{"href":"https:\/\/aumarche.biz\/bf\/index.php\/wp-json\/wp\/v2\/pages"}],"about":[{"href":"https:\/\/aumarche.biz\/bf\/index.php\/wp-json\/wp\/v2\/types\/page"}],"author":[{"embeddable":true,"href":"https:\/\/aumarche.biz\/bf\/index.php\/wp-json\/wp\/v2\/users\/1"}],"replies":[{"embeddable":true,"href":"https:\/\/aumarche.biz\/bf\/index.php\/wp-json\/wp\/v2\/comments?post=1955"}],"version-history":[{"count":8,"href":"https:\/\/aumarche.biz\/bf\/index.php\/wp-json\/wp\/v2\/pages\/1955\/revisions"}],"predecessor-version":[{"id":5453,"href":"https:\/\/aumarche.biz\/bf\/index.php\/wp-json\/wp\/v2\/pages\/1955\/revisions\/5453"}],"wp:attachment":[{"href":"https:\/\/aumarche.biz\/bf\/index.php\/wp-json\/wp\/v2\/media?parent=1955"}],"curies":[{"name":"wp","href":"https:\/\/api.w.org\/{rel}","templated":true}]}}