{"id":50,"date":"2013-06-07T11:03:56","date_gmt":"2013-06-07T11:03:56","guid":{"rendered":"http:\/\/demo.woothemes.com\/woocommerce\/?post_type=product&#038;p=50"},"modified":"2023-08-31T17:10:48","modified_gmt":"2023-08-31T15:10:48","slug":"apple-iphone-14-pro-max","status":"publish","type":"product","link":"https:\/\/aumarche.biz\/bf\/index.php\/produit\/apple-iphone-14-pro-max\/","title":{"rendered":"Apple iPhone 14 Pro Max"},"content":{"rendered":"<p>Une mani\u00e8re in\u00e9dite et magique d\u2019interagir avec votre iPhone. Une fonctionnalit\u00e9 de s\u00e9curit\u00e9 essentielle con\u00e7ue pour sauver des vies. Un appareil photo 48 Mpx innovant pour un niveau de d\u00e9tail \u00e0 couper le souffle. Et toute la puissance de la puce de smartphone ultime.<br \/>\nD\u00e9couvrez Dynamic Island, une innovation sign\u00e9e Apple, conjuguant mat\u00e9riel et logiciel d\u2019une mani\u00e8re totalement in\u00e9dite. Elle vous pr\u00e9sente la musique que vous \u00e9coutez, votre appel FaceTime en cours, et tellement plus, sans jamais interrompre ce que vous faites.<\/p>\n<p>COULEUR:<\/p>\n<p>Violet Intense (Deep Purple).<\/p>\n<p>\u00c9CRAN<\/p>\n<p>\u00b7 Taille de l&rsquo;\u00e9cran 6.7 pouces<\/p>\n<p>\u00b7 Technologie d&rsquo;affichage XDR OLED<\/p>\n<p>STOCKAGE<\/p>\n<p>\u00b7 M\u00e9moire 256Go<\/p>\n<p>PERFORMANCE<\/p>\n<p>\u00b7 Processeur A16 Bionic<\/p>\n<p>RAM 6 Gb<\/p>\n<p>AUDIO<\/p>\n<p>\u00b7 Nombre de haut-parleurs 2<\/p>\n<p>BATTERIE<\/p>\n<p>\u00b7 Technologie de la batterie Li-Ion<\/p>\n<p>SYST\u00c8ME D&rsquo;EXPLOITATION (OS)<\/p>\n<p>\u00b7 Syst\u00e8me d&rsquo;exploitation iOS<\/p>\n<p>APPAREIL PHOTO<\/p>\n<p>\u00b7 Cam\u00e9ra 48 Mpx, 12 Mpx, 12 Mpx<\/p>\n<p>\u00b7 Zoom Optique 6 X<\/p>\n<p>POIDS ET DIMENSIONS<\/p>\n<p>\u00b7 Poids 240 grammes<\/p>\n<p>\u00b7 Epaisseur 7.85 mm<\/p>\n<p>\u00b7 Largeur 77.6 mm<\/p>\n<p>\u00b7 Hauteur 160.7 mm<\/p>\n<p>DIVERS<\/p>\n<p>\u00b7 Famille Apple iPhone<\/p>\n<p>\u00b7 Couleur Violet Intense<\/p>\n<p>\u00b7 Date de sortie 16\/09\/2022<\/p>\n","protected":false},"excerpt":{"rendered":"<p>Apple iPhone 14 Pro Max 256GB Violet Intense 6,7&Prime; Deep Purple 6Gb RAM Dynamic Island<\/p>\n","protected":false},"featured_media":4514,"template":"","meta":[],"product_cat":[267],"product_tag":[103,138],"class_list":{"0":"post-50","1":"product","2":"type-product","3":"status-publish","4":"has-post-thumbnail","6":"product_brand-apple","7":"product_cat-telephonie","8":"product_tag-mobile","9":"product_tag-technologies","11":"first","12":"instock","13":"sale","14":"taxable","15":"shipping-taxable","16":"purchasable","17":"product-type-simple","18":"col-xs-6 col-sm-4","19":"col-md-3 col-lg-3","20":"un-4-cols"},"yoast_head":"<!-- This site is optimized with the Yoast SEO plugin v26.9 - https:\/\/yoast.com\/product\/yoast-seo-wordpress\/ -->\n<title>Apple iPhone 14 Pro Max - AU MARCHE BURKINA<\/title>\n<meta name=\"robots\" content=\"noindex, follow, max-snippet:-1, max-image-preview:large, max-video-preview:-1\" \/>\n<meta property=\"og:locale\" content=\"fr_FR\" \/>\n<meta property=\"og:type\" content=\"article\" \/>\n<meta property=\"og:title\" content=\"Apple iPhone 14 Pro Max - AU MARCHE BURKINA\" \/>\n<meta property=\"og:description\" content=\"Apple iPhone 14 Pro Max 256GB Violet Intense 6,7&quot; Deep Purple 6Gb RAM Dynamic Island\" \/>\n<meta property=\"og:url\" content=\"https:\/\/aumarche.biz\/bf\/index.php\/produit\/apple-iphone-14-pro-max\/\" \/>\n<meta property=\"og:site_name\" content=\"AU MARCHE BURKINA\" \/>\n<meta property=\"article:publisher\" content=\"https:\/\/www.facebook.com\/aumarchebf\" \/>\n<meta property=\"article:modified_time\" content=\"2023-08-31T15:10:48+00:00\" \/>\n<meta property=\"og:image\" content=\"https:\/\/aumarche.biz\/bf\/wp-content\/uploads\/2013\/06\/iphone1.jpg\" \/>\n\t<meta property=\"og:image:width\" content=\"680\" \/>\n\t<meta property=\"og:image:height\" content=\"680\" \/>\n\t<meta property=\"og:image:type\" content=\"image\/jpeg\" \/>\n<meta name=\"twitter:card\" content=\"summary_large_image\" \/>\n<meta name=\"twitter:label1\" content=\"Dur\u00e9e de lecture estim\u00e9e\" \/>\n\t<meta name=\"twitter:data1\" content=\"1 minute\" \/>\n<script type=\"application\/ld+json\" class=\"yoast-schema-graph\">{\"@context\":\"https:\/\/schema.org\",\"@graph\":[{\"@type\":\"WebPage\",\"@id\":\"https:\/\/aumarche.biz\/bf\/index.php\/produit\/apple-iphone-14-pro-max\/\",\"url\":\"https:\/\/aumarche.biz\/bf\/index.php\/produit\/apple-iphone-14-pro-max\/\",\"name\":\"Apple iPhone 14 Pro Max - AU MARCHE BURKINA\",\"isPartOf\":{\"@id\":\"https:\/\/aumarche.biz\/bf\/#website\"},\"primaryImageOfPage\":{\"@id\":\"https:\/\/aumarche.biz\/bf\/index.php\/produit\/apple-iphone-14-pro-max\/#primaryimage\"},\"image\":{\"@id\":\"https:\/\/aumarche.biz\/bf\/index.php\/produit\/apple-iphone-14-pro-max\/#primaryimage\"},\"thumbnailUrl\":\"https:\/\/aumarche.biz\/bf\/wp-content\/uploads\/2013\/06\/iphone1.jpg\",\"datePublished\":\"2013-06-07T11:03:56+00:00\",\"dateModified\":\"2023-08-31T15:10:48+00:00\",\"breadcrumb\":{\"@id\":\"https:\/\/aumarche.biz\/bf\/index.php\/produit\/apple-iphone-14-pro-max\/#breadcrumb\"},\"inLanguage\":\"fr-FR\",\"potentialAction\":[{\"@type\":\"ReadAction\",\"target\":[\"https:\/\/aumarche.biz\/bf\/index.php\/produit\/apple-iphone-14-pro-max\/\"]}]},{\"@type\":\"ImageObject\",\"inLanguage\":\"fr-FR\",\"@id\":\"https:\/\/aumarche.biz\/bf\/index.php\/produit\/apple-iphone-14-pro-max\/#primaryimage\",\"url\":\"https:\/\/aumarche.biz\/bf\/wp-content\/uploads\/2013\/06\/iphone1.jpg\",\"contentUrl\":\"https:\/\/aumarche.biz\/bf\/wp-content\/uploads\/2013\/06\/iphone1.jpg\",\"width\":680,\"height\":680},{\"@type\":\"BreadcrumbList\",\"@id\":\"https:\/\/aumarche.biz\/bf\/index.php\/produit\/apple-iphone-14-pro-max\/#breadcrumb\",\"itemListElement\":[{\"@type\":\"ListItem\",\"position\":1,\"name\":\"Accueil\",\"item\":\"https:\/\/aumarche.biz\/bf\/\"},{\"@type\":\"ListItem\",\"position\":2,\"name\":\"Boutique\",\"item\":\"https:\/\/aumarche.biz\/bf\/index.php\/boutique\/\"},{\"@type\":\"ListItem\",\"position\":3,\"name\":\"Apple iPhone 14 Pro Max\"}]},{\"@type\":\"WebSite\",\"@id\":\"https:\/\/aumarche.biz\/bf\/#website\",\"url\":\"https:\/\/aumarche.biz\/bf\/\",\"name\":\"aumarche.biz\",\"description\":\"Vendre et acheter autrement\",\"publisher\":{\"@id\":\"https:\/\/aumarche.biz\/bf\/#organization\"},\"potentialAction\":[{\"@type\":\"SearchAction\",\"target\":{\"@type\":\"EntryPoint\",\"urlTemplate\":\"https:\/\/aumarche.biz\/bf\/?s={search_term_string}\"},\"query-input\":{\"@type\":\"PropertyValueSpecification\",\"valueRequired\":true,\"valueName\":\"search_term_string\"}}],\"inLanguage\":\"fr-FR\"},{\"@type\":\"Organization\",\"@id\":\"https:\/\/aumarche.biz\/bf\/#organization\",\"name\":\"aumarche.biz\",\"url\":\"https:\/\/aumarche.biz\/bf\/\",\"logo\":{\"@type\":\"ImageObject\",\"inLanguage\":\"fr-FR\",\"@id\":\"https:\/\/aumarche.biz\/bf\/#\/schema\/logo\/image\/\",\"url\":\"https:\/\/aumarche.biz\/bf\/wp-content\/uploads\/2023\/09\/favicone.png\",\"contentUrl\":\"https:\/\/aumarche.biz\/bf\/wp-content\/uploads\/2023\/09\/favicone.png\",\"width\":64,\"height\":64,\"caption\":\"aumarche.biz\"},\"image\":{\"@id\":\"https:\/\/aumarche.biz\/bf\/#\/schema\/logo\/image\/\"},\"sameAs\":[\"https:\/\/www.facebook.com\/aumarchebf\"]}]}<\/script>\n<!-- \/ Yoast SEO plugin. -->","yoast_head_json":{"title":"Apple iPhone 14 Pro Max - AU MARCHE BURKINA","robots":{"index":"noindex","follow":"follow","max-snippet":"max-snippet:-1","max-image-preview":"max-image-preview:large","max-video-preview":"max-video-preview:-1"},"og_locale":"fr_FR","og_type":"article","og_title":"Apple iPhone 14 Pro Max - AU MARCHE BURKINA","og_description":"Apple iPhone 14 Pro Max 256GB Violet Intense 6,7\" Deep Purple 6Gb RAM Dynamic Island","og_url":"https:\/\/aumarche.biz\/bf\/index.php\/produit\/apple-iphone-14-pro-max\/","og_site_name":"AU MARCHE BURKINA","article_publisher":"https:\/\/www.facebook.com\/aumarchebf","article_modified_time":"2023-08-31T15:10:48+00:00","og_image":[{"width":680,"height":680,"url":"https:\/\/aumarche.biz\/bf\/wp-content\/uploads\/2013\/06\/iphone1.jpg","type":"image\/jpeg"}],"twitter_card":"summary_large_image","twitter_misc":{"Dur\u00e9e de lecture estim\u00e9e":"1 minute"},"schema":{"@context":"https:\/\/schema.org","@graph":[{"@type":"WebPage","@id":"https:\/\/aumarche.biz\/bf\/index.php\/produit\/apple-iphone-14-pro-max\/","url":"https:\/\/aumarche.biz\/bf\/index.php\/produit\/apple-iphone-14-pro-max\/","name":"Apple iPhone 14 Pro Max - AU MARCHE BURKINA","isPartOf":{"@id":"https:\/\/aumarche.biz\/bf\/#website"},"primaryImageOfPage":{"@id":"https:\/\/aumarche.biz\/bf\/index.php\/produit\/apple-iphone-14-pro-max\/#primaryimage"},"image":{"@id":"https:\/\/aumarche.biz\/bf\/index.php\/produit\/apple-iphone-14-pro-max\/#primaryimage"},"thumbnailUrl":"https:\/\/aumarche.biz\/bf\/wp-content\/uploads\/2013\/06\/iphone1.jpg","datePublished":"2013-06-07T11:03:56+00:00","dateModified":"2023-08-31T15:10:48+00:00","breadcrumb":{"@id":"https:\/\/aumarche.biz\/bf\/index.php\/produit\/apple-iphone-14-pro-max\/#breadcrumb"},"inLanguage":"fr-FR","potentialAction":[{"@type":"ReadAction","target":["https:\/\/aumarche.biz\/bf\/index.php\/produit\/apple-iphone-14-pro-max\/"]}]},{"@type":"ImageObject","inLanguage":"fr-FR","@id":"https:\/\/aumarche.biz\/bf\/index.php\/produit\/apple-iphone-14-pro-max\/#primaryimage","url":"https:\/\/aumarche.biz\/bf\/wp-content\/uploads\/2013\/06\/iphone1.jpg","contentUrl":"https:\/\/aumarche.biz\/bf\/wp-content\/uploads\/2013\/06\/iphone1.jpg","width":680,"height":680},{"@type":"BreadcrumbList","@id":"https:\/\/aumarche.biz\/bf\/index.php\/produit\/apple-iphone-14-pro-max\/#breadcrumb","itemListElement":[{"@type":"ListItem","position":1,"name":"Accueil","item":"https:\/\/aumarche.biz\/bf\/"},{"@type":"ListItem","position":2,"name":"Boutique","item":"https:\/\/aumarche.biz\/bf\/index.php\/boutique\/"},{"@type":"ListItem","position":3,"name":"Apple iPhone 14 Pro Max"}]},{"@type":"WebSite","@id":"https:\/\/aumarche.biz\/bf\/#website","url":"https:\/\/aumarche.biz\/bf\/","name":"aumarche.biz","description":"Vendre et acheter autrement","publisher":{"@id":"https:\/\/aumarche.biz\/bf\/#organization"},"potentialAction":[{"@type":"SearchAction","target":{"@type":"EntryPoint","urlTemplate":"https:\/\/aumarche.biz\/bf\/?s={search_term_string}"},"query-input":{"@type":"PropertyValueSpecification","valueRequired":true,"valueName":"search_term_string"}}],"inLanguage":"fr-FR"},{"@type":"Organization","@id":"https:\/\/aumarche.biz\/bf\/#organization","name":"aumarche.biz","url":"https:\/\/aumarche.biz\/bf\/","logo":{"@type":"ImageObject","inLanguage":"fr-FR","@id":"https:\/\/aumarche.biz\/bf\/#\/schema\/logo\/image\/","url":"https:\/\/aumarche.biz\/bf\/wp-content\/uploads\/2023\/09\/favicone.png","contentUrl":"https:\/\/aumarche.biz\/bf\/wp-content\/uploads\/2023\/09\/favicone.png","width":64,"height":64,"caption":"aumarche.biz"},"image":{"@id":"https:\/\/aumarche.biz\/bf\/#\/schema\/logo\/image\/"},"sameAs":["https:\/\/www.facebook.com\/aumarchebf"]}]}},"_links":{"self":[{"href":"https:\/\/aumarche.biz\/bf\/index.php\/wp-json\/wp\/v2\/product\/50","targetHints":{"allow":["GET"]}}],"collection":[{"href":"https:\/\/aumarche.biz\/bf\/index.php\/wp-json\/wp\/v2\/product"}],"about":[{"href":"https:\/\/aumarche.biz\/bf\/index.php\/wp-json\/wp\/v2\/types\/product"}],"wp:featuredmedia":[{"embeddable":true,"href":"https:\/\/aumarche.biz\/bf\/index.php\/wp-json\/wp\/v2\/media\/4514"}],"wp:attachment":[{"href":"https:\/\/aumarche.biz\/bf\/index.php\/wp-json\/wp\/v2\/media?parent=50"}],"wp:term":[{"taxonomy":"product_cat","embeddable":true,"href":"https:\/\/aumarche.biz\/bf\/index.php\/wp-json\/wp\/v2\/product_cat?post=50"},{"taxonomy":"product_tag","embeddable":true,"href":"https:\/\/aumarche.biz\/bf\/index.php\/wp-json\/wp\/v2\/product_tag?post=50"}],"curies":[{"name":"wp","href":"https:\/\/api.w.org\/{rel}","templated":true}]}}