{"id":5012,"date":"2023-10-16T12:19:42","date_gmt":"2023-10-16T12:19:42","guid":{"rendered":"https:\/\/aumarche.biz\/bf\/?post_type=product&#038;p=5012"},"modified":"2023-10-16T13:48:08","modified_gmt":"2023-10-16T13:48:08","slug":"apple-iphone-14-pro-max-2","status":"publish","type":"product","link":"https:\/\/aumarche.biz\/bf\/index.php\/produit\/apple-iphone-14-pro-max-2\/","title":{"rendered":"APPLE IPHONE 14 PRO MAX 128GB 1 SIM + ESIMb"},"content":{"rendered":"<p><span style=\"color: #111111;font-family: -apple-system, Roboto, SegoeUI, Segoe UI, Helvetica Neue, Helvetica, Microsoft YaHei, Meiryo UI, Meiryo, Arial Unicode MS, sans-serif\" data-mce-style=\"color: #111111; font-family: -apple-system, Roboto, SegoeUI, Segoe UI, Helvetica Neue, Helvetica, Microsoft YaHei, Meiryo UI, Meiryo, Arial Unicode MS, sans-serif;\">\u00a0L\u2019iPhone 14 Pro Max est un\u00a0 mod\u00e8le grand et\u00a0 avanc\u00e9 de la famille iPhone, avec un \u00e9cran OLED de 6,7 pouces et un poin\u00e7on dynamique pour le capteur Face ID\u00a0et la cam\u00e9ra frontale . Il est \u00e9quip\u00e9 de la puce A16 Bionic, qui est la puce la plus rapide jamais int\u00e9gr\u00e9e dans un smartphone . L\u2019appareil dispose d\u2019un syst\u00e8me de cam\u00e9ra professionnel r\u00e9volutionnaire avec le premier appareil photo principal de 48 MP jamais vu sur un iPhone, un capteur quad-pixel et Photonics\u00a0Engine, un syst\u00e8me de traitement d\u2019image am\u00e9lior\u00e9 qui am\u00e9liore consid\u00e9rablement les photos en basse lumi\u00e8re . L\u2019iPhone 14 Pro Max dispose \u00e9galement d\u2019une fonction Always On Display qui est plus utile que les versions Android . Il est disponible en quatre finitions magnifiques: violet intense, argent, or et noir sid\u00e9ral .<\/span><\/p>\n","protected":false},"excerpt":{"rendered":"<p>APPLE IPHONE 14 PRO MAX 128GB 1 SIM + ESIMb<\/p>\n<p>\u00a0 \u00a0 \u00a0 \u00a0 \u00a0 Taille de la diagonale : 6.1&Prime;<\/p>\n<ul>\n<li style=\"padding: 0px;margin: 0px;font-style: inherit;font-variant: inherit;font-weight: inherit;font-size: inherit;line-height: 20px;font-family: inherit;--space-xs: 4px;--space-sm: 8px;--space: 16px;--space-md: 24px;--space-lg: 32px;--space-xl: 64px;--component-padding: var(--space-lg);--text-xs: calc(var(--text-unit)*0.625);--text-sm: calc(var(--text-unit)*0.75);--text: calc(var(--text-unit)*875);--text-md: calc(var(--text-unit)*1);--text-h4: calc(var(--text-unit)*1);--text-h3: calc(var(--text-unit)*1.125);--text-h2: calc(var(--text-unit)*1.3125);--text-h1: calc(var(--text-unit)*1.5);border: 0px;overflow: hidden\" data-mce-style=\"padding: 0px; margin: 0px; font-style: inherit; font-variant: inherit; font-weight: inherit; font-size: inherit; line-height: 20px; font-family: inherit; --space-xs: 4px; --space-sm: 8px; --space: 16px; --space-md: 24px; --space-lg: 32px; --space-xl: 64px; --component-padding: var(--space-lg); --text-xs: calc(var(--text-unit)*0.625); --text-sm: calc(var(--text-unit)*0.75); --text: calc(var(--text-unit)*875); --text-md: calc(var(--text-unit)*1); --text-h4: calc(var(--text-unit)*1); --text-h3: calc(var(--text-unit)*1.125); --text-h2: calc(var(--text-unit)*1.3125); --text-h1: calc(var(--text-unit)*1.5); border: 0px; overflow: hidden;\">R\u00e9solution du capteur : 48 m\u00e9gapixels<\/li>\n<li style=\"padding: 0px;margin: 0px;font-style: inherit;font-variant: inherit;font-weight: inherit;font-size: inherit;line-height: 20px;font-family: inherit;--space-xs: 4px;--space-sm: 8px;--space: 16px;--space-md: 24px;--space-lg: 32px;--space-xl: 64px;--component-padding: var(--space-lg);--text-xs: calc(var(--text-unit)*0.625);--text-sm: calc(var(--text-unit)*0.75);--text: calc(var(--text-unit)*875);--text-md: calc(var(--text-unit)*1);--text-h4: calc(var(--text-unit)*1);--text-h3: calc(var(--text-unit)*1.125);--text-h2: calc(var(--text-unit)*1.3125);--text-h1: calc(var(--text-unit)*1.5);border: 0px;overflow: hidden\" data-mce-style=\"padding: 0px; margin: 0px; font-style: inherit; font-variant: inherit; font-weight: inherit; font-size: inherit; line-height: 20px; font-family: inherit; --space-xs: 4px; --space-sm: 8px; --space: 16px; --space-md: 24px; --space-lg: 32px; --space-xl: 64px; --component-padding: var(--space-lg); --text-xs: calc(var(--text-unit)*0.625); --text-sm: calc(var(--text-unit)*0.75); --text: calc(var(--text-unit)*875); --text-md: calc(var(--text-unit)*1); --text-h4: calc(var(--text-unit)*1); --text-h3: calc(var(--text-unit)*1.125); --text-h2: calc(var(--text-unit)*1.3125); --text-h1: calc(var(--text-unit)*1.5); border: 0px; overflow: hidden;\">Capacit\u00e9 de la m\u00e9moire interne : 128 GB<\/li>\n<li style=\"padding: 0px;margin: 0px;font-style: inherit;font-variant: inherit;font-weight: inherit;font-size: inherit;line-height: 20px;font-family: inherit;--space-xs: 4px;--space-sm: 8px;--space: 16px;--space-md: 24px;--space-lg: 32px;--space-xl: 64px;--component-padding: var(--space-lg);--text-xs: calc(var(--text-unit)*0.625);--text-sm: calc(var(--text-unit)*0.75);--text: calc(var(--text-unit)*875);--text-md: calc(var(--text-unit)*1);--text-h4: calc(var(--text-unit)*1);--text-h3: calc(var(--text-unit)*1.125);--text-h2: calc(var(--text-unit)*1.3125);--text-h1: calc(var(--text-unit)*1.5);border: 0px;overflow: hidden\" data-mce-style=\"padding: 0px; margin: 0px; font-style: inherit; font-variant: inherit; font-weight: inherit; font-size: inherit; line-height: 20px; font-family: inherit; --space-xs: 4px; --space-sm: 8px; --space: 16px; --space-md: 24px; --space-lg: 32px; --space-xl: 64px; --component-padding: var(--space-lg); --text-xs: calc(var(--text-unit)*0.625); --text-sm: calc(var(--text-unit)*0.75); --text: calc(var(--text-unit)*875); --text-md: calc(var(--text-unit)*1); --text-h4: calc(var(--text-unit)*1); --text-h3: calc(var(--text-unit)*1.125); --text-h2: calc(var(--text-unit)*1.3125); --text-h1: calc(var(--text-unit)*1.5); border: 0px; overflow: hidden;\">CPU 6 c\u0153urs avec 2 c\u0153urs de performance et 4 c\u0153urs \u00e0 haute efficacit\u00e9 \u00e9nerg\u00e9tique. GPU 5 c\u0153urs. Neural Engine 16 c\u0153urs.<\/li>\n<li style=\"padding: 0px;margin: 0px;font-style: inherit;font-variant: inherit;font-weight: inherit;font-size: inherit;line-height: 20px;font-family: inherit;--space-xs: 4px;--space-sm: 8px;--space: 16px;--space-md: 24px;--space-lg: 32px;--space-xl: 64px;--component-padding: var(--space-lg);--text-xs: calc(var(--text-unit)*0.625);--text-sm: calc(var(--text-unit)*0.75);--text: calc(var(--text-unit)*875);--text-md: calc(var(--text-unit)*1);--text-h4: calc(var(--text-unit)*1);--text-h3: calc(var(--text-unit)*1.125);--text-h2: calc(var(--text-unit)*1.3125);--text-h1: calc(var(--text-unit)*1.5);border: 0px;overflow: hidden\" data-mce-style=\"padding: 0px; margin: 0px; font-style: inherit; font-variant: inherit; font-weight: inherit; font-size: inherit; line-height: 20px; font-family: inherit; --space-xs: 4px; --space-sm: 8px; --space: 16px; --space-md: 24px; --space-lg: 32px; --space-xl: 64px; --component-padding: var(--space-lg); --text-xs: calc(var(--text-unit)*0.625); --text-sm: calc(var(--text-unit)*0.75); --text: calc(var(--text-unit)*875); --text-md: calc(var(--text-unit)*1); --text-h4: calc(var(--text-unit)*1); --text-h3: calc(var(--text-unit)*1.125); --text-h2: calc(var(--text-unit)*1.3125); --text-h1: calc(var(--text-unit)*1.5); border: 0px; overflow: hidden;\">G\u00e9n\u00e9ration \u00e0 haut d\u00e9bit mobile : 5G<\/li>\n<\/ul>\n<ul>\n<li style=\"padding: 0px;margin: 0px;font-style: inherit;font-variant: inherit;font-weight: inherit;font-size: inherit;line-height: 20px;font-family: inherit;--space-xs: 4px;--space-sm: 8px;--space: 16px;--space-md: 24px;--space-lg: 32px;--space-xl: 64px;--component-padding: var(--space-lg);--text-xs: calc(var(--text-unit)*0.625);--text-sm: calc(var(--text-unit)*0.75);--text: calc(var(--text-unit)*875);--text-md: calc(var(--text-unit)*1);--text-h4: calc(var(--text-unit)*1);--text-h3: calc(var(--text-unit)*1.125);--text-h2: calc(var(--text-unit)*1.3125);--text-h1: calc(var(--text-unit)*1.5);border: 0px;overflow: hidden\" data-mce-style=\"padding: 0px; margin: 0px; font-style: inherit; font-variant: inherit; font-weight: inherit; font-size: inherit; line-height: 20px; font-family: inherit; --space-xs: 4px; --space-sm: 8px; --space: 16px; --space-md: 24px; --space-lg: 32px; --space-xl: 64px; --component-padding: var(--space-lg); --text-xs: calc(var(--text-unit)*0.625); --text-sm: calc(var(--text-unit)*0.75); --text: calc(var(--text-unit)*875); --text-md: calc(var(--text-unit)*1); --text-h4: calc(var(--text-unit)*1); --text-h3: calc(var(--text-unit)*1.125); --text-h2: calc(var(--text-unit)*1.3125); --text-h1: calc(var(--text-unit)*1.5); border: 0px; overflow: hidden;\">Syst\u00e8me d&rsquo;exploitation : iOS 17Fonctions du t\u00e9l\u00e9phone : Contr\u00f4le vocal. Voice Over. Zoom. Loupe. Prise en charge RTT et TTY. Siri et Dict\u00e9e. \u00c9crire \u00e0 Siri. Contr\u00f4le de s\u00e9lection. Sous\u2011titres cod\u00e9s. AssistiveTouch. Contenu \u00e9nonc\u00e9. Toucher le dos de l\u2019appareil.<\/li>\n<li style=\"padding: 0px;margin: 0px;font-style: inherit;font-variant: inherit;font-weight: inherit;font-size: inherit;line-height: 20px;font-family: inherit;--space-xs: 4px;--space-sm: 8px;--space: 16px;--space-md: 24px;--space-lg: 32px;--space-xl: 64px;--component-padding: var(--space-lg);--text-xs: calc(var(--text-unit)*0.625);--text-sm: calc(var(--text-unit)*0.75);--text: calc(var(--text-unit)*875);--text-md: calc(var(--text-unit)*1);--text-h4: calc(var(--text-unit)*1);--text-h3: calc(var(--text-unit)*1.125);--text-h2: calc(var(--text-unit)*1.3125);--text-h1: calc(var(--text-unit)*1.5);border: 0px;overflow: hidden\" data-mce-style=\"padding: 0px; margin: 0px; font-style: inherit; font-variant: inherit; font-weight: inherit; font-size: inherit; line-height: 20px; font-family: inherit; --space-xs: 4px; --space-sm: 8px; --space: 16px; --space-md: 24px; --space-lg: 32px; --space-xl: 64px; --component-padding: var(--space-lg); --text-xs: calc(var(--text-unit)*0.625); --text-sm: calc(var(--text-unit)*0.75); --text: calc(var(--text-unit)*875); --text-md: calc(var(--text-unit)*1); --text-h4: calc(var(--text-unit)*1); --text-h3: calc(var(--text-unit)*1.125); --text-h2: calc(var(--text-unit)*1.3125); --text-h1: calc(var(--text-unit)*1.5); border: 0px; overflow: hidden;\">Couleur du boitier : Noir sid\u00e9ral, argent, or, violet intense<\/li>\n<\/ul>\n<ul style=\"padding: 0px 0px 0px 16px;margin: 0px;font-size: 14px;line-height: inherit\" data-mce-style=\"padding: 0px 0px 0px 16px; margin: 0px; font-size: 14px; line-height: inherit;\">\n<li style=\"padding: 0px;margin: 0px;font-style: inherit;font-variant: inherit;font-weight: inherit;font-size: inherit;line-height: 20px;font-family: inherit;--space-xs: 4px;--space-sm: 8px;--space: 16px;--space-md: 24px;--space-lg: 32px;--space-xl: 64px;--component-padding: var(--space-lg);--text-xs: calc(var(--text-unit)*0.625);--text-sm: calc(var(--text-unit)*0.75);--text: calc(var(--text-unit)*875);--text-md: calc(var(--text-unit)*1);--text-h4: calc(var(--text-unit)*1);--text-h3: calc(var(--text-unit)*1.125);--text-h2: calc(var(--text-unit)*1.3125);--text-h1: calc(var(--text-unit)*1.5);border: 0px;overflow: hidden\" data-mce-style=\"padding: 0px; margin: 0px; font-style: inherit; font-variant: inherit; font-weight: inherit; font-size: inherit; line-height: 20px; font-family: inherit; --space-xs: 4px; --space-sm: 8px; --space: 16px; --space-md: 24px; --space-lg: 32px; --space-xl: 64px; --component-padding: var(--space-lg); --text-xs: calc(var(--text-unit)*0.625); --text-sm: calc(var(--text-unit)*0.75); --text: calc(var(--text-unit)*875); --text-md: calc(var(--text-unit)*1); --text-h4: calc(var(--text-unit)*1); --text-h3: calc(var(--text-unit)*1.125); --text-h2: calc(var(--text-unit)*1.3125); --text-h1: calc(var(--text-unit)*1.5); border: 0px; overflow: hidden;\">\n<ul style=\"padding: 0px;margin: 0px;font: inherit;--space-xs: 4px;--space-sm: 8px;--space: 16px;--space-md: 24px;--space-lg: 32px;--space-xl: 64px;--component-padding: var(--space-lg);--text-xs: calc(var(--text-unit)*0.625);--text-sm: calc(var(--text-unit)*0.75);--text: calc(var(--text-unit)*875);--text-md: calc(var(--text-unit)*1);--text-h4: calc(var(--text-unit)*1);--text-h3: calc(var(--text-unit)*1.125);--text-h2: calc(var(--text-unit)*1.3125);--text-h1: calc(var(--text-unit)*1.5);border: 0px\" data-mce-style=\"padding: 0px; margin: 0px; font: inherit; --space-xs: 4px; --space-sm: 8px; --space: 16px; --space-md: 24px; --space-lg: 32px; --space-xl: 64px; --component-padding: var(--space-lg); --text-xs: calc(var(--text-unit)*0.625); --text-sm: calc(var(--text-unit)*0.75); --text: calc(var(--text-unit)*875); --text-md: calc(var(--text-unit)*1); --text-h4: calc(var(--text-unit)*1); --text-h3: calc(var(--text-unit)*1.125); --text-h2: calc(var(--text-unit)*1.3125); --text-h1: calc(var(--text-unit)*1.5); border: 0px;\">\n<li style=\"padding: 0px;margin: 0px;font-style: inherit;font-variant: inherit;font-weight: inherit;font-size: inherit;line-height: 20px;font-family: inherit;--space-xs: 4px;--space-sm: 8px;--space: 16px;--space-md: 24px;--space-lg: 32px;--space-xl: 64px;--component-padding: var(--space-lg);--text-xs: calc(var(--text-unit)*0.625);--text-sm: calc(var(--text-unit)*0.75);--text: calc(var(--text-unit)*875);--text-md: calc(var(--text-unit)*1);--text-h4: calc(var(--text-unit)*1);--text-h3: calc(var(--text-unit)*1.125);--text-h2: calc(var(--text-unit)*1.3125);--text-h1: calc(var(--text-unit)*1.5);border: 0px;overflow: hidden\" data-mce-style=\"padding: 0px; margin: 0px; font-style: inherit; font-variant: inherit; font-weight: inherit; font-size: inherit; line-height: 20px; font-family: inherit; --space-xs: 4px; --space-sm: 8px; --space: 16px; --space-md: 24px; --space-lg: 32px; --space-xl: 64px; --component-padding: var(--space-lg); --text-xs: calc(var(--text-unit)*0.625); --text-sm: calc(var(--text-unit)*0.75); --text: calc(var(--text-unit)*875); --text-md: calc(var(--text-unit)*1); --text-h4: calc(var(--text-unit)*1); --text-h3: calc(var(--text-unit)*1.125); --text-h2: calc(var(--text-unit)*1.3125); --text-h1: calc(var(--text-unit)*1.5); border: 0px; overflow: hidden;\"><\/li>\n<\/ul>\n<\/li>\n<\/ul>\n","protected":false},"featured_media":5013,"template":"","meta":[],"product_cat":[264,267],"product_tag":[],"class_list":{"0":"post-5012","1":"product","2":"type-product","3":"status-publish","4":"has-post-thumbnail","6":"product_brand-apple","7":"product_cat-high-tech","8":"product_cat-telephonie","10":"first","11":"instock","12":"taxable","13":"shipping-taxable","14":"purchasable","15":"product-type-simple","16":"col-xs-6 col-sm-4","17":"col-md-3 col-lg-3","18":"un-4-cols"},"yoast_head":"<!-- This site is optimized with the Yoast SEO plugin v26.9 - https:\/\/yoast.com\/product\/yoast-seo-wordpress\/ -->\n<title>APPLE IPHONE 14 PRO MAX 128GB 1 SIM + ESIMb - AU MARCHE BURKINA<\/title>\n<meta name=\"robots\" content=\"noindex, follow, max-snippet:-1, max-image-preview:large, max-video-preview:-1\" \/>\n<meta property=\"og:locale\" content=\"fr_FR\" \/>\n<meta property=\"og:type\" content=\"article\" \/>\n<meta property=\"og:title\" content=\"APPLE IPHONE 14 PRO MAX 128GB 1 SIM + ESIMb - AU MARCHE BURKINA\" \/>\n<meta property=\"og:description\" content=\"APPLE IPHONE 14 PRO MAX 128GB 1 SIM + ESIMb\u00a0 \u00a0 \u00a0 \u00a0 \u00a0 Taille de la diagonale : 6.1&quot;R\u00e9solution du capteur : 48 m\u00e9gapixelsCapacit\u00e9 de la m\u00e9moire interne : 128 GBCPU 6 c\u0153urs avec 2 c\u0153urs de performance et 4 c\u0153urs \u00e0 haute efficacit\u00e9 \u00e9nerg\u00e9tique. GPU 5 c\u0153urs. Neural Engine 16 c\u0153urs.G\u00e9n\u00e9ration \u00e0 haut d\u00e9bit mobile : 5GSyst\u00e8me d&#039;exploitation : iOS 17Fonctions du t\u00e9l\u00e9phone : Contr\u00f4le vocal. Voice Over. Zoom. Loupe. Prise en charge RTT et TTY. Siri et Dict\u00e9e. \u00c9crire \u00e0 Siri. Contr\u00f4le de s\u00e9lection. Sous\u2011titres cod\u00e9s. AssistiveTouch. Contenu \u00e9nonc\u00e9. Toucher le dos de l\u2019appareil.Couleur du boitier : Noir sid\u00e9ral, argent, or, violet intense\" \/>\n<meta property=\"og:url\" content=\"https:\/\/aumarche.biz\/bf\/index.php\/produit\/apple-iphone-14-pro-max-2\/\" \/>\n<meta property=\"og:site_name\" content=\"AU MARCHE BURKINA\" \/>\n<meta property=\"article:publisher\" content=\"https:\/\/www.facebook.com\/aumarchebf\" \/>\n<meta property=\"article:modified_time\" content=\"2023-10-16T13:48:08+00:00\" \/>\n<meta property=\"og:image\" content=\"https:\/\/aumarche.biz\/bf\/wp-content\/uploads\/2023\/10\/iphone14plus-digitalmat-gallery-3-202209.png\" \/>\n\t<meta property=\"og:image:width\" content=\"364\" \/>\n\t<meta property=\"og:image:height\" content=\"333\" \/>\n\t<meta property=\"og:image:type\" content=\"image\/png\" \/>\n<meta name=\"twitter:card\" content=\"summary_large_image\" \/>\n<meta name=\"twitter:label1\" content=\"Dur\u00e9e de lecture estim\u00e9e\" \/>\n\t<meta name=\"twitter:data1\" content=\"1 minute\" \/>\n<script type=\"application\/ld+json\" class=\"yoast-schema-graph\">{\"@context\":\"https:\/\/schema.org\",\"@graph\":[{\"@type\":\"WebPage\",\"@id\":\"https:\/\/aumarche.biz\/bf\/index.php\/produit\/apple-iphone-14-pro-max-2\/\",\"url\":\"https:\/\/aumarche.biz\/bf\/index.php\/produit\/apple-iphone-14-pro-max-2\/\",\"name\":\"APPLE IPHONE 14 PRO MAX 128GB 1 SIM + ESIMb - AU MARCHE BURKINA\",\"isPartOf\":{\"@id\":\"https:\/\/aumarche.biz\/bf\/#website\"},\"primaryImageOfPage\":{\"@id\":\"https:\/\/aumarche.biz\/bf\/index.php\/produit\/apple-iphone-14-pro-max-2\/#primaryimage\"},\"image\":{\"@id\":\"https:\/\/aumarche.biz\/bf\/index.php\/produit\/apple-iphone-14-pro-max-2\/#primaryimage\"},\"thumbnailUrl\":\"https:\/\/aumarche.biz\/bf\/wp-content\/uploads\/2023\/10\/iphone14plus-digitalmat-gallery-3-202209.png\",\"datePublished\":\"2023-10-16T12:19:42+00:00\",\"dateModified\":\"2023-10-16T13:48:08+00:00\",\"breadcrumb\":{\"@id\":\"https:\/\/aumarche.biz\/bf\/index.php\/produit\/apple-iphone-14-pro-max-2\/#breadcrumb\"},\"inLanguage\":\"fr-FR\",\"potentialAction\":[{\"@type\":\"ReadAction\",\"target\":[\"https:\/\/aumarche.biz\/bf\/index.php\/produit\/apple-iphone-14-pro-max-2\/\"]}]},{\"@type\":\"ImageObject\",\"inLanguage\":\"fr-FR\",\"@id\":\"https:\/\/aumarche.biz\/bf\/index.php\/produit\/apple-iphone-14-pro-max-2\/#primaryimage\",\"url\":\"https:\/\/aumarche.biz\/bf\/wp-content\/uploads\/2023\/10\/iphone14plus-digitalmat-gallery-3-202209.png\",\"contentUrl\":\"https:\/\/aumarche.biz\/bf\/wp-content\/uploads\/2023\/10\/iphone14plus-digitalmat-gallery-3-202209.png\",\"width\":364,\"height\":333},{\"@type\":\"BreadcrumbList\",\"@id\":\"https:\/\/aumarche.biz\/bf\/index.php\/produit\/apple-iphone-14-pro-max-2\/#breadcrumb\",\"itemListElement\":[{\"@type\":\"ListItem\",\"position\":1,\"name\":\"Accueil\",\"item\":\"https:\/\/aumarche.biz\/bf\/\"},{\"@type\":\"ListItem\",\"position\":2,\"name\":\"Boutique\",\"item\":\"https:\/\/aumarche.biz\/bf\/index.php\/boutique\/\"},{\"@type\":\"ListItem\",\"position\":3,\"name\":\"APPLE IPHONE 14 PRO MAX 128GB 1 SIM + ESIMb\"}]},{\"@type\":\"WebSite\",\"@id\":\"https:\/\/aumarche.biz\/bf\/#website\",\"url\":\"https:\/\/aumarche.biz\/bf\/\",\"name\":\"aumarche.biz\",\"description\":\"Vendre et acheter autrement\",\"publisher\":{\"@id\":\"https:\/\/aumarche.biz\/bf\/#organization\"},\"potentialAction\":[{\"@type\":\"SearchAction\",\"target\":{\"@type\":\"EntryPoint\",\"urlTemplate\":\"https:\/\/aumarche.biz\/bf\/?s={search_term_string}\"},\"query-input\":{\"@type\":\"PropertyValueSpecification\",\"valueRequired\":true,\"valueName\":\"search_term_string\"}}],\"inLanguage\":\"fr-FR\"},{\"@type\":\"Organization\",\"@id\":\"https:\/\/aumarche.biz\/bf\/#organization\",\"name\":\"aumarche.biz\",\"url\":\"https:\/\/aumarche.biz\/bf\/\",\"logo\":{\"@type\":\"ImageObject\",\"inLanguage\":\"fr-FR\",\"@id\":\"https:\/\/aumarche.biz\/bf\/#\/schema\/logo\/image\/\",\"url\":\"https:\/\/aumarche.biz\/bf\/wp-content\/uploads\/2023\/09\/favicone.png\",\"contentUrl\":\"https:\/\/aumarche.biz\/bf\/wp-content\/uploads\/2023\/09\/favicone.png\",\"width\":64,\"height\":64,\"caption\":\"aumarche.biz\"},\"image\":{\"@id\":\"https:\/\/aumarche.biz\/bf\/#\/schema\/logo\/image\/\"},\"sameAs\":[\"https:\/\/www.facebook.com\/aumarchebf\"]}]}<\/script>\n<!-- \/ Yoast SEO plugin. -->","yoast_head_json":{"title":"APPLE IPHONE 14 PRO MAX 128GB 1 SIM + ESIMb - AU MARCHE BURKINA","robots":{"index":"noindex","follow":"follow","max-snippet":"max-snippet:-1","max-image-preview":"max-image-preview:large","max-video-preview":"max-video-preview:-1"},"og_locale":"fr_FR","og_type":"article","og_title":"APPLE IPHONE 14 PRO MAX 128GB 1 SIM + ESIMb - AU MARCHE BURKINA","og_description":"APPLE IPHONE 14 PRO MAX 128GB 1 SIM + ESIMb\u00a0 \u00a0 \u00a0 \u00a0 \u00a0 Taille de la diagonale : 6.1\"R\u00e9solution du capteur : 48 m\u00e9gapixelsCapacit\u00e9 de la m\u00e9moire interne : 128 GBCPU 6 c\u0153urs avec 2 c\u0153urs de performance et 4 c\u0153urs \u00e0 haute efficacit\u00e9 \u00e9nerg\u00e9tique. GPU 5 c\u0153urs. Neural Engine 16 c\u0153urs.G\u00e9n\u00e9ration \u00e0 haut d\u00e9bit mobile : 5GSyst\u00e8me d'exploitation : iOS 17Fonctions du t\u00e9l\u00e9phone : Contr\u00f4le vocal. Voice Over. Zoom. Loupe. Prise en charge RTT et TTY. Siri et Dict\u00e9e. \u00c9crire \u00e0 Siri. Contr\u00f4le de s\u00e9lection. Sous\u2011titres cod\u00e9s. AssistiveTouch. Contenu \u00e9nonc\u00e9. Toucher le dos de l\u2019appareil.Couleur du boitier : Noir sid\u00e9ral, argent, or, violet intense","og_url":"https:\/\/aumarche.biz\/bf\/index.php\/produit\/apple-iphone-14-pro-max-2\/","og_site_name":"AU MARCHE BURKINA","article_publisher":"https:\/\/www.facebook.com\/aumarchebf","article_modified_time":"2023-10-16T13:48:08+00:00","og_image":[{"width":364,"height":333,"url":"https:\/\/aumarche.biz\/bf\/wp-content\/uploads\/2023\/10\/iphone14plus-digitalmat-gallery-3-202209.png","type":"image\/png"}],"twitter_card":"summary_large_image","twitter_misc":{"Dur\u00e9e de lecture estim\u00e9e":"1 minute"},"schema":{"@context":"https:\/\/schema.org","@graph":[{"@type":"WebPage","@id":"https:\/\/aumarche.biz\/bf\/index.php\/produit\/apple-iphone-14-pro-max-2\/","url":"https:\/\/aumarche.biz\/bf\/index.php\/produit\/apple-iphone-14-pro-max-2\/","name":"APPLE IPHONE 14 PRO MAX 128GB 1 SIM + ESIMb - AU MARCHE BURKINA","isPartOf":{"@id":"https:\/\/aumarche.biz\/bf\/#website"},"primaryImageOfPage":{"@id":"https:\/\/aumarche.biz\/bf\/index.php\/produit\/apple-iphone-14-pro-max-2\/#primaryimage"},"image":{"@id":"https:\/\/aumarche.biz\/bf\/index.php\/produit\/apple-iphone-14-pro-max-2\/#primaryimage"},"thumbnailUrl":"https:\/\/aumarche.biz\/bf\/wp-content\/uploads\/2023\/10\/iphone14plus-digitalmat-gallery-3-202209.png","datePublished":"2023-10-16T12:19:42+00:00","dateModified":"2023-10-16T13:48:08+00:00","breadcrumb":{"@id":"https:\/\/aumarche.biz\/bf\/index.php\/produit\/apple-iphone-14-pro-max-2\/#breadcrumb"},"inLanguage":"fr-FR","potentialAction":[{"@type":"ReadAction","target":["https:\/\/aumarche.biz\/bf\/index.php\/produit\/apple-iphone-14-pro-max-2\/"]}]},{"@type":"ImageObject","inLanguage":"fr-FR","@id":"https:\/\/aumarche.biz\/bf\/index.php\/produit\/apple-iphone-14-pro-max-2\/#primaryimage","url":"https:\/\/aumarche.biz\/bf\/wp-content\/uploads\/2023\/10\/iphone14plus-digitalmat-gallery-3-202209.png","contentUrl":"https:\/\/aumarche.biz\/bf\/wp-content\/uploads\/2023\/10\/iphone14plus-digitalmat-gallery-3-202209.png","width":364,"height":333},{"@type":"BreadcrumbList","@id":"https:\/\/aumarche.biz\/bf\/index.php\/produit\/apple-iphone-14-pro-max-2\/#breadcrumb","itemListElement":[{"@type":"ListItem","position":1,"name":"Accueil","item":"https:\/\/aumarche.biz\/bf\/"},{"@type":"ListItem","position":2,"name":"Boutique","item":"https:\/\/aumarche.biz\/bf\/index.php\/boutique\/"},{"@type":"ListItem","position":3,"name":"APPLE IPHONE 14 PRO MAX 128GB 1 SIM + ESIMb"}]},{"@type":"WebSite","@id":"https:\/\/aumarche.biz\/bf\/#website","url":"https:\/\/aumarche.biz\/bf\/","name":"aumarche.biz","description":"Vendre et acheter autrement","publisher":{"@id":"https:\/\/aumarche.biz\/bf\/#organization"},"potentialAction":[{"@type":"SearchAction","target":{"@type":"EntryPoint","urlTemplate":"https:\/\/aumarche.biz\/bf\/?s={search_term_string}"},"query-input":{"@type":"PropertyValueSpecification","valueRequired":true,"valueName":"search_term_string"}}],"inLanguage":"fr-FR"},{"@type":"Organization","@id":"https:\/\/aumarche.biz\/bf\/#organization","name":"aumarche.biz","url":"https:\/\/aumarche.biz\/bf\/","logo":{"@type":"ImageObject","inLanguage":"fr-FR","@id":"https:\/\/aumarche.biz\/bf\/#\/schema\/logo\/image\/","url":"https:\/\/aumarche.biz\/bf\/wp-content\/uploads\/2023\/09\/favicone.png","contentUrl":"https:\/\/aumarche.biz\/bf\/wp-content\/uploads\/2023\/09\/favicone.png","width":64,"height":64,"caption":"aumarche.biz"},"image":{"@id":"https:\/\/aumarche.biz\/bf\/#\/schema\/logo\/image\/"},"sameAs":["https:\/\/www.facebook.com\/aumarchebf"]}]}},"_links":{"self":[{"href":"https:\/\/aumarche.biz\/bf\/index.php\/wp-json\/wp\/v2\/product\/5012","targetHints":{"allow":["GET"]}}],"collection":[{"href":"https:\/\/aumarche.biz\/bf\/index.php\/wp-json\/wp\/v2\/product"}],"about":[{"href":"https:\/\/aumarche.biz\/bf\/index.php\/wp-json\/wp\/v2\/types\/product"}],"wp:featuredmedia":[{"embeddable":true,"href":"https:\/\/aumarche.biz\/bf\/index.php\/wp-json\/wp\/v2\/media\/5013"}],"wp:attachment":[{"href":"https:\/\/aumarche.biz\/bf\/index.php\/wp-json\/wp\/v2\/media?parent=5012"}],"wp:term":[{"taxonomy":"product_cat","embeddable":true,"href":"https:\/\/aumarche.biz\/bf\/index.php\/wp-json\/wp\/v2\/product_cat?post=5012"},{"taxonomy":"product_tag","embeddable":true,"href":"https:\/\/aumarche.biz\/bf\/index.php\/wp-json\/wp\/v2\/product_tag?post=5012"}],"curies":[{"name":"wp","href":"https:\/\/api.w.org\/{rel}","templated":true}]}}