{"id":5018,"date":"2023-10-16T13:19:57","date_gmt":"2023-10-16T13:19:57","guid":{"rendered":"https:\/\/aumarche.biz\/bf\/index.php\/produit\/apple-iphone-14-pro-max-3\/"},"modified":"2023-10-24T14:33:12","modified_gmt":"2023-10-24T14:33:12","slug":"apple-iphone-14-pro-max-3","status":"publish","type":"product","link":"https:\/\/aumarche.biz\/bf\/index.php\/produit\/apple-iphone-14-pro-max-3\/","title":{"rendered":"APPLE IPHONE 14 PRO MAX 128GB 2 SIM\/256GB 1 SIM + ESIM"},"content":{"rendered":"<p><span style=\"font-family: Open Sans, sans-serif\" data-mce-style=\"font-family: Open Sans, sans-serif;\"><span style=\"font-size: 17px\" data-mce-style=\"font-size: 17px;\">L&rsquo;iPhone 14 Pro Max est le plus grand (et le plus lourd) des combin\u00e9s de la gamme iPhone 14. Il embarque un \u00e9cran OLED de 6,7 pouces offrant une d\u00e9finition de 2778 x 1284 pixels. En comparaison, l\u2019\u00e9cran de l&rsquo;iPhone <\/span><\/span>\u00a0ne fait \u201cque\u201d 6,1 pouces pour 2556 x 1179 pixels de r\u00e9solution<\/p>\n","protected":false},"excerpt":{"rendered":"<p><strong>APPLE IPHONE 14 PRO MAX\u00a0 \u00a0128GB 2 SIM\/256GB 1 SIM + ESIM\u00a0<\/strong><\/p>\n<ul>\n<li data-mce-style=\"padding: 0px; margin: 0px; font-style: inherit; font-variant: inherit; font-weight: inherit; font-size: inherit; line-height: 20px; font-family: inherit; --space-xs: 4px; --space-sm: 8px; --space: 16px; --space-md: 24px; --space-lg: 32px; --space-xl: 64px; --component-padding: var(--space-lg); --text-xs: calc(var(--text-unit)*0.625); --text-sm: calc(var(--text-unit)*0.75); --text: calc(var(--text-unit)*875); --text-md: calc(var(--text-unit)*1); --text-h4: calc(var(--text-unit)*1); --text-h3: calc(var(--text-unit)*1.125); --text-h2: calc(var(--text-unit)*1.3125); --text-h1: calc(var(--text-unit)*1.5); border: 0px; overflow: hidden;\" style=\"padding: 0px;margin: 0px;font-style: inherit;font-variant: inherit;font-weight: inherit;font-size: inherit;line-height: 20px;font-family: inherit;--space-xs: 4px;--space-sm: 8px;--space: 16px;--space-md: 24px;--space-lg: 32px;--space-xl: 64px;--component-padding: var(--space-lg);--text-xs: calc(var(--text-unit)*0.625);--text-sm: calc(var(--text-unit)*0.75);--text: calc(var(--text-unit)*875);--text-md: calc(var(--text-unit)*1);--text-h4: calc(var(--text-unit)*1);--text-h3: calc(var(--text-unit)*1.125);--text-h2: calc(var(--text-unit)*1.3125);--text-h1: calc(var(--text-unit)*1.5);border: 0px;overflow: hidden\">R\u00e9solution du capteur : 48 m\u00e9gapixels<\/li>\n<li data-mce-style=\"padding: 0px; margin: 0px; font-style: inherit; font-variant: inherit; font-weight: inherit; font-size: inherit; line-height: 20px; font-family: inherit; --space-xs: 4px; --space-sm: 8px; --space: 16px; --space-md: 24px; --space-lg: 32px; --space-xl: 64px; --component-padding: var(--space-lg); --text-xs: calc(var(--text-unit)*0.625); --text-sm: calc(var(--text-unit)*0.75); --text: calc(var(--text-unit)*875); --text-md: calc(var(--text-unit)*1); --text-h4: calc(var(--text-unit)*1); --text-h3: calc(var(--text-unit)*1.125); --text-h2: calc(var(--text-unit)*1.3125); --text-h1: calc(var(--text-unit)*1.5); border: 0px; overflow: hidden;\" style=\"padding: 0px;margin: 0px;font-style: inherit;font-variant: inherit;font-weight: inherit;font-size: inherit;line-height: 20px;font-family: inherit;--space-xs: 4px;--space-sm: 8px;--space: 16px;--space-md: 24px;--space-lg: 32px;--space-xl: 64px;--component-padding: var(--space-lg);--text-xs: calc(var(--text-unit)*0.625);--text-sm: calc(var(--text-unit)*0.75);--text: calc(var(--text-unit)*875);--text-md: calc(var(--text-unit)*1);--text-h4: calc(var(--text-unit)*1);--text-h3: calc(var(--text-unit)*1.125);--text-h2: calc(var(--text-unit)*1.3125);--text-h1: calc(var(--text-unit)*1.5);border: 0px;overflow: hidden\">Capacit\u00e9 de la m\u00e9moire interne : 128 \u00e0 256 GB<\/li>\n<li data-mce-style=\"padding: 0px; margin: 0px; font-style: inherit; font-variant: inherit; font-weight: inherit; font-size: inherit; line-height: 20px; font-family: inherit; --space-xs: 4px; --space-sm: 8px; --space: 16px; --space-md: 24px; --space-lg: 32px; --space-xl: 64px; --component-padding: var(--space-lg); --text-xs: calc(var(--text-unit)*0.625); --text-sm: calc(var(--text-unit)*0.75); --text: calc(var(--text-unit)*875); --text-md: calc(var(--text-unit)*1); --text-h4: calc(var(--text-unit)*1); --text-h3: calc(var(--text-unit)*1.125); --text-h2: calc(var(--text-unit)*1.3125); --text-h1: calc(var(--text-unit)*1.5); border: 0px; overflow: hidden;\" style=\"padding: 0px;margin: 0px;font-style: inherit;font-variant: inherit;font-weight: inherit;font-size: inherit;line-height: 20px;font-family: inherit;--space-xs: 4px;--space-sm: 8px;--space: 16px;--space-md: 24px;--space-lg: 32px;--space-xl: 64px;--component-padding: var(--space-lg);--text-xs: calc(var(--text-unit)*0.625);--text-sm: calc(var(--text-unit)*0.75);--text: calc(var(--text-unit)*875);--text-md: calc(var(--text-unit)*1);--text-h4: calc(var(--text-unit)*1);--text-h3: calc(var(--text-unit)*1.125);--text-h2: calc(var(--text-unit)*1.3125);--text-h1: calc(var(--text-unit)*1.5);border: 0px;overflow: hidden\">CPU 6 c\u0153urs avec 2 c\u0153urs de performance et 4 c\u0153urs \u00e0 haute efficacit\u00e9 \u00e9nerg\u00e9tique. GPU 5 c\u0153urs. Neural Engine 16 c\u0153urs.<\/li>\n<li data-mce-style=\"padding: 0px; margin: 0px; font-style: inherit; font-variant: inherit; font-weight: inherit; font-size: inherit; line-height: 20px; font-family: inherit; --space-xs: 4px; --space-sm: 8px; --space: 16px; --space-md: 24px; --space-lg: 32px; --space-xl: 64px; --component-padding: var(--space-lg); --text-xs: calc(var(--text-unit)*0.625); --text-sm: calc(var(--text-unit)*0.75); --text: calc(var(--text-unit)*875); --text-md: calc(var(--text-unit)*1); --text-h4: calc(var(--text-unit)*1); --text-h3: calc(var(--text-unit)*1.125); --text-h2: calc(var(--text-unit)*1.3125); --text-h1: calc(var(--text-unit)*1.5); border: 0px; overflow: hidden;\" style=\"padding: 0px;margin: 0px;font-style: inherit;font-variant: inherit;font-weight: inherit;font-size: inherit;line-height: 20px;font-family: inherit;--space-xs: 4px;--space-sm: 8px;--space: 16px;--space-md: 24px;--space-lg: 32px;--space-xl: 64px;--component-padding: var(--space-lg);--text-xs: calc(var(--text-unit)*0.625);--text-sm: calc(var(--text-unit)*0.75);--text: calc(var(--text-unit)*875);--text-md: calc(var(--text-unit)*1);--text-h4: calc(var(--text-unit)*1);--text-h3: calc(var(--text-unit)*1.125);--text-h2: calc(var(--text-unit)*1.3125);--text-h1: calc(var(--text-unit)*1.5);border: 0px;overflow: hidden\">G\u00e9n\u00e9ration \u00e0 haut d\u00e9bit mobile : 5G<\/li>\n<\/ul>\n<ul>\n<li data-mce-style=\"padding: 0px; margin: 0px; font-style: inherit; font-variant: inherit; font-weight: inherit; font-size: inherit; line-height: 20px; font-family: inherit; --space-xs: 4px; --space-sm: 8px; --space: 16px; --space-md: 24px; --space-lg: 32px; --space-xl: 64px; --component-padding: var(--space-lg); --text-xs: calc(var(--text-unit)*0.625); --text-sm: calc(var(--text-unit)*0.75); --text: calc(var(--text-unit)*875); --text-md: calc(var(--text-unit)*1); --text-h4: calc(var(--text-unit)*1); --text-h3: calc(var(--text-unit)*1.125); --text-h2: calc(var(--text-unit)*1.3125); --text-h1: calc(var(--text-unit)*1.5); border: 0px; overflow: hidden;\" style=\"padding: 0px;margin: 0px;font-style: inherit;font-variant: inherit;font-weight: inherit;font-size: inherit;line-height: 20px;font-family: inherit;--space-xs: 4px;--space-sm: 8px;--space: 16px;--space-md: 24px;--space-lg: 32px;--space-xl: 64px;--component-padding: var(--space-lg);--text-xs: calc(var(--text-unit)*0.625);--text-sm: calc(var(--text-unit)*0.75);--text: calc(var(--text-unit)*875);--text-md: calc(var(--text-unit)*1);--text-h4: calc(var(--text-unit)*1);--text-h3: calc(var(--text-unit)*1.125);--text-h2: calc(var(--text-unit)*1.3125);--text-h1: calc(var(--text-unit)*1.5);border: 0px;overflow: hidden\">Syst\u00e8me d&rsquo;exploitation : iOS 17Fonctions du t\u00e9l\u00e9phone : Contr\u00f4le vocal. Voice Over. Zoom. Loupe. Prise en charge RTT et TTY. Siri et Dict\u00e9e. \u00c9crire \u00e0 Siri. Contr\u00f4le de s\u00e9lection. Sous\u2011titres cod\u00e9s. AssistiveTouch. Contenu \u00e9nonc\u00e9. Toucher le dos de l\u2019appareil.<\/li>\n<li data-mce-style=\"padding: 0px; margin: 0px; font-style: inherit; font-variant: inherit; font-weight: inherit; font-size: inherit; line-height: 20px; font-family: inherit; --space-xs: 4px; --space-sm: 8px; --space: 16px; --space-md: 24px; --space-lg: 32px; --space-xl: 64px; --component-padding: var(--space-lg); --text-xs: calc(var(--text-unit)*0.625); --text-sm: calc(var(--text-unit)*0.75); --text: calc(var(--text-unit)*875); --text-md: calc(var(--text-unit)*1); --text-h4: calc(var(--text-unit)*1); --text-h3: calc(var(--text-unit)*1.125); --text-h2: calc(var(--text-unit)*1.3125); --text-h1: calc(var(--text-unit)*1.5); border: 0px; overflow: hidden;\" style=\"padding: 0px;margin: 0px;font-style: inherit;font-variant: inherit;font-weight: inherit;font-size: inherit;line-height: 20px;font-family: inherit;--space-xs: 4px;--space-sm: 8px;--space: 16px;--space-md: 24px;--space-lg: 32px;--space-xl: 64px;--component-padding: var(--space-lg);--text-xs: calc(var(--text-unit)*0.625);--text-sm: calc(var(--text-unit)*0.75);--text: calc(var(--text-unit)*875);--text-md: calc(var(--text-unit)*1);--text-h4: calc(var(--text-unit)*1);--text-h3: calc(var(--text-unit)*1.125);--text-h2: calc(var(--text-unit)*1.3125);--text-h1: calc(var(--text-unit)*1.5);border: 0px;overflow: hidden\">Couleur du boitier : Noir sid\u00e9ral, argent, or, violet intense<\/li>\n<\/ul>\n","protected":false},"featured_media":5022,"template":"","meta":[],"product_cat":[264,267],"product_tag":[],"class_list":{"0":"post-5018","1":"product","2":"type-product","3":"status-publish","4":"has-post-thumbnail","6":"product_brand-apple","7":"product_cat-high-tech","8":"product_cat-telephonie","10":"first","11":"instock","12":"sale","13":"taxable","14":"shipping-taxable","15":"purchasable","16":"product-type-simple","17":"col-xs-6 col-sm-4","18":"col-md-3 col-lg-3","19":"un-4-cols"},"yoast_head":"<!-- This site is optimized with the Yoast SEO plugin v26.9 - https:\/\/yoast.com\/product\/yoast-seo-wordpress\/ -->\n<title>APPLE IPHONE 14 PRO MAX 128GB 2 SIM\/256GB 1 SIM + ESIM - AU MARCHE BURKINA<\/title>\n<meta name=\"robots\" content=\"noindex, follow, max-snippet:-1, max-image-preview:large, max-video-preview:-1\" \/>\n<meta property=\"og:locale\" content=\"fr_FR\" \/>\n<meta property=\"og:type\" content=\"article\" \/>\n<meta property=\"og:title\" content=\"APPLE IPHONE 14 PRO MAX 128GB 2 SIM\/256GB 1 SIM + ESIM - AU MARCHE BURKINA\" \/>\n<meta property=\"og:description\" content=\"APPLE IPHONE 14 PRO MAX\u00a0 \u00a0128GB 2 SIM\/256GB 1 SIM + ESIM\u00a0R\u00e9solution du capteur : 48 m\u00e9gapixelsCapacit\u00e9 de la m\u00e9moire interne : 128 \u00e0 256 GBCPU 6 c\u0153urs avec 2 c\u0153urs de performance et 4 c\u0153urs \u00e0 haute efficacit\u00e9 \u00e9nerg\u00e9tique. GPU 5 c\u0153urs. Neural Engine 16 c\u0153urs.G\u00e9n\u00e9ration \u00e0 haut d\u00e9bit mobile : 5GSyst\u00e8me d&#039;exploitation : iOS 17Fonctions du t\u00e9l\u00e9phone : Contr\u00f4le vocal. Voice Over. Zoom. Loupe. Prise en charge RTT et TTY. Siri et Dict\u00e9e. \u00c9crire \u00e0 Siri. Contr\u00f4le de s\u00e9lection. Sous\u2011titres cod\u00e9s. AssistiveTouch. Contenu \u00e9nonc\u00e9. Toucher le dos de l\u2019appareil.Couleur du boitier : Noir sid\u00e9ral, argent, or, violet intense\" \/>\n<meta property=\"og:url\" content=\"https:\/\/aumarche.biz\/bf\/index.php\/produit\/apple-iphone-14-pro-max-3\/\" \/>\n<meta property=\"og:site_name\" content=\"AU MARCHE BURKINA\" \/>\n<meta property=\"article:publisher\" content=\"https:\/\/www.facebook.com\/aumarchebf\" \/>\n<meta property=\"article:modified_time\" content=\"2023-10-24T14:33:12+00:00\" \/>\n<meta property=\"og:image\" content=\"https:\/\/aumarche.biz\/bf\/wp-content\/uploads\/2023\/10\/Apple-iPhone-14-Pro-iPhone-14-Pro-Max-space-black-220907-geo_inline-2.jpg.large_-2.jpg\" \/>\n\t<meta property=\"og:image:width\" content=\"653\" \/>\n\t<meta property=\"og:image:height\" content=\"914\" \/>\n\t<meta property=\"og:image:type\" content=\"image\/jpeg\" \/>\n<meta name=\"twitter:card\" content=\"summary_large_image\" \/>\n<script type=\"application\/ld+json\" class=\"yoast-schema-graph\">{\"@context\":\"https:\/\/schema.org\",\"@graph\":[{\"@type\":\"WebPage\",\"@id\":\"https:\/\/aumarche.biz\/bf\/index.php\/produit\/apple-iphone-14-pro-max-3\/\",\"url\":\"https:\/\/aumarche.biz\/bf\/index.php\/produit\/apple-iphone-14-pro-max-3\/\",\"name\":\"APPLE IPHONE 14 PRO MAX 128GB 2 SIM\/256GB 1 SIM + ESIM - AU MARCHE BURKINA\",\"isPartOf\":{\"@id\":\"https:\/\/aumarche.biz\/bf\/#website\"},\"primaryImageOfPage\":{\"@id\":\"https:\/\/aumarche.biz\/bf\/index.php\/produit\/apple-iphone-14-pro-max-3\/#primaryimage\"},\"image\":{\"@id\":\"https:\/\/aumarche.biz\/bf\/index.php\/produit\/apple-iphone-14-pro-max-3\/#primaryimage\"},\"thumbnailUrl\":\"https:\/\/aumarche.biz\/bf\/wp-content\/uploads\/2023\/10\/Apple-iPhone-14-Pro-iPhone-14-Pro-Max-space-black-220907-geo_inline-2.jpg.large_-2.jpg\",\"datePublished\":\"2023-10-16T13:19:57+00:00\",\"dateModified\":\"2023-10-24T14:33:12+00:00\",\"breadcrumb\":{\"@id\":\"https:\/\/aumarche.biz\/bf\/index.php\/produit\/apple-iphone-14-pro-max-3\/#breadcrumb\"},\"inLanguage\":\"fr-FR\",\"potentialAction\":[{\"@type\":\"ReadAction\",\"target\":[\"https:\/\/aumarche.biz\/bf\/index.php\/produit\/apple-iphone-14-pro-max-3\/\"]}]},{\"@type\":\"ImageObject\",\"inLanguage\":\"fr-FR\",\"@id\":\"https:\/\/aumarche.biz\/bf\/index.php\/produit\/apple-iphone-14-pro-max-3\/#primaryimage\",\"url\":\"https:\/\/aumarche.biz\/bf\/wp-content\/uploads\/2023\/10\/Apple-iPhone-14-Pro-iPhone-14-Pro-Max-space-black-220907-geo_inline-2.jpg.large_-2.jpg\",\"contentUrl\":\"https:\/\/aumarche.biz\/bf\/wp-content\/uploads\/2023\/10\/Apple-iPhone-14-Pro-iPhone-14-Pro-Max-space-black-220907-geo_inline-2.jpg.large_-2.jpg\",\"width\":653,\"height\":914},{\"@type\":\"BreadcrumbList\",\"@id\":\"https:\/\/aumarche.biz\/bf\/index.php\/produit\/apple-iphone-14-pro-max-3\/#breadcrumb\",\"itemListElement\":[{\"@type\":\"ListItem\",\"position\":1,\"name\":\"Accueil\",\"item\":\"https:\/\/aumarche.biz\/bf\/\"},{\"@type\":\"ListItem\",\"position\":2,\"name\":\"Boutique\",\"item\":\"https:\/\/aumarche.biz\/bf\/index.php\/boutique\/\"},{\"@type\":\"ListItem\",\"position\":3,\"name\":\"APPLE IPHONE 14 PRO MAX 128GB 2 SIM\/256GB 1 SIM + ESIM\"}]},{\"@type\":\"WebSite\",\"@id\":\"https:\/\/aumarche.biz\/bf\/#website\",\"url\":\"https:\/\/aumarche.biz\/bf\/\",\"name\":\"aumarche.biz\",\"description\":\"Vendre et acheter autrement\",\"publisher\":{\"@id\":\"https:\/\/aumarche.biz\/bf\/#organization\"},\"potentialAction\":[{\"@type\":\"SearchAction\",\"target\":{\"@type\":\"EntryPoint\",\"urlTemplate\":\"https:\/\/aumarche.biz\/bf\/?s={search_term_string}\"},\"query-input\":{\"@type\":\"PropertyValueSpecification\",\"valueRequired\":true,\"valueName\":\"search_term_string\"}}],\"inLanguage\":\"fr-FR\"},{\"@type\":\"Organization\",\"@id\":\"https:\/\/aumarche.biz\/bf\/#organization\",\"name\":\"aumarche.biz\",\"url\":\"https:\/\/aumarche.biz\/bf\/\",\"logo\":{\"@type\":\"ImageObject\",\"inLanguage\":\"fr-FR\",\"@id\":\"https:\/\/aumarche.biz\/bf\/#\/schema\/logo\/image\/\",\"url\":\"https:\/\/aumarche.biz\/bf\/wp-content\/uploads\/2023\/09\/favicone.png\",\"contentUrl\":\"https:\/\/aumarche.biz\/bf\/wp-content\/uploads\/2023\/09\/favicone.png\",\"width\":64,\"height\":64,\"caption\":\"aumarche.biz\"},\"image\":{\"@id\":\"https:\/\/aumarche.biz\/bf\/#\/schema\/logo\/image\/\"},\"sameAs\":[\"https:\/\/www.facebook.com\/aumarchebf\"]}]}<\/script>\n<!-- \/ Yoast SEO plugin. -->","yoast_head_json":{"title":"APPLE IPHONE 14 PRO MAX 128GB 2 SIM\/256GB 1 SIM + ESIM - AU MARCHE BURKINA","robots":{"index":"noindex","follow":"follow","max-snippet":"max-snippet:-1","max-image-preview":"max-image-preview:large","max-video-preview":"max-video-preview:-1"},"og_locale":"fr_FR","og_type":"article","og_title":"APPLE IPHONE 14 PRO MAX 128GB 2 SIM\/256GB 1 SIM + ESIM - AU MARCHE BURKINA","og_description":"APPLE IPHONE 14 PRO MAX\u00a0 \u00a0128GB 2 SIM\/256GB 1 SIM + ESIM\u00a0R\u00e9solution du capteur : 48 m\u00e9gapixelsCapacit\u00e9 de la m\u00e9moire interne : 128 \u00e0 256 GBCPU 6 c\u0153urs avec 2 c\u0153urs de performance et 4 c\u0153urs \u00e0 haute efficacit\u00e9 \u00e9nerg\u00e9tique. GPU 5 c\u0153urs. Neural Engine 16 c\u0153urs.G\u00e9n\u00e9ration \u00e0 haut d\u00e9bit mobile : 5GSyst\u00e8me d'exploitation : iOS 17Fonctions du t\u00e9l\u00e9phone : Contr\u00f4le vocal. Voice Over. Zoom. Loupe. Prise en charge RTT et TTY. Siri et Dict\u00e9e. \u00c9crire \u00e0 Siri. Contr\u00f4le de s\u00e9lection. Sous\u2011titres cod\u00e9s. AssistiveTouch. Contenu \u00e9nonc\u00e9. Toucher le dos de l\u2019appareil.Couleur du boitier : Noir sid\u00e9ral, argent, or, violet intense","og_url":"https:\/\/aumarche.biz\/bf\/index.php\/produit\/apple-iphone-14-pro-max-3\/","og_site_name":"AU MARCHE BURKINA","article_publisher":"https:\/\/www.facebook.com\/aumarchebf","article_modified_time":"2023-10-24T14:33:12+00:00","og_image":[{"width":653,"height":914,"url":"https:\/\/aumarche.biz\/bf\/wp-content\/uploads\/2023\/10\/Apple-iPhone-14-Pro-iPhone-14-Pro-Max-space-black-220907-geo_inline-2.jpg.large_-2.jpg","type":"image\/jpeg"}],"twitter_card":"summary_large_image","schema":{"@context":"https:\/\/schema.org","@graph":[{"@type":"WebPage","@id":"https:\/\/aumarche.biz\/bf\/index.php\/produit\/apple-iphone-14-pro-max-3\/","url":"https:\/\/aumarche.biz\/bf\/index.php\/produit\/apple-iphone-14-pro-max-3\/","name":"APPLE IPHONE 14 PRO MAX 128GB 2 SIM\/256GB 1 SIM + ESIM - AU MARCHE BURKINA","isPartOf":{"@id":"https:\/\/aumarche.biz\/bf\/#website"},"primaryImageOfPage":{"@id":"https:\/\/aumarche.biz\/bf\/index.php\/produit\/apple-iphone-14-pro-max-3\/#primaryimage"},"image":{"@id":"https:\/\/aumarche.biz\/bf\/index.php\/produit\/apple-iphone-14-pro-max-3\/#primaryimage"},"thumbnailUrl":"https:\/\/aumarche.biz\/bf\/wp-content\/uploads\/2023\/10\/Apple-iPhone-14-Pro-iPhone-14-Pro-Max-space-black-220907-geo_inline-2.jpg.large_-2.jpg","datePublished":"2023-10-16T13:19:57+00:00","dateModified":"2023-10-24T14:33:12+00:00","breadcrumb":{"@id":"https:\/\/aumarche.biz\/bf\/index.php\/produit\/apple-iphone-14-pro-max-3\/#breadcrumb"},"inLanguage":"fr-FR","potentialAction":[{"@type":"ReadAction","target":["https:\/\/aumarche.biz\/bf\/index.php\/produit\/apple-iphone-14-pro-max-3\/"]}]},{"@type":"ImageObject","inLanguage":"fr-FR","@id":"https:\/\/aumarche.biz\/bf\/index.php\/produit\/apple-iphone-14-pro-max-3\/#primaryimage","url":"https:\/\/aumarche.biz\/bf\/wp-content\/uploads\/2023\/10\/Apple-iPhone-14-Pro-iPhone-14-Pro-Max-space-black-220907-geo_inline-2.jpg.large_-2.jpg","contentUrl":"https:\/\/aumarche.biz\/bf\/wp-content\/uploads\/2023\/10\/Apple-iPhone-14-Pro-iPhone-14-Pro-Max-space-black-220907-geo_inline-2.jpg.large_-2.jpg","width":653,"height":914},{"@type":"BreadcrumbList","@id":"https:\/\/aumarche.biz\/bf\/index.php\/produit\/apple-iphone-14-pro-max-3\/#breadcrumb","itemListElement":[{"@type":"ListItem","position":1,"name":"Accueil","item":"https:\/\/aumarche.biz\/bf\/"},{"@type":"ListItem","position":2,"name":"Boutique","item":"https:\/\/aumarche.biz\/bf\/index.php\/boutique\/"},{"@type":"ListItem","position":3,"name":"APPLE IPHONE 14 PRO MAX 128GB 2 SIM\/256GB 1 SIM + ESIM"}]},{"@type":"WebSite","@id":"https:\/\/aumarche.biz\/bf\/#website","url":"https:\/\/aumarche.biz\/bf\/","name":"aumarche.biz","description":"Vendre et acheter autrement","publisher":{"@id":"https:\/\/aumarche.biz\/bf\/#organization"},"potentialAction":[{"@type":"SearchAction","target":{"@type":"EntryPoint","urlTemplate":"https:\/\/aumarche.biz\/bf\/?s={search_term_string}"},"query-input":{"@type":"PropertyValueSpecification","valueRequired":true,"valueName":"search_term_string"}}],"inLanguage":"fr-FR"},{"@type":"Organization","@id":"https:\/\/aumarche.biz\/bf\/#organization","name":"aumarche.biz","url":"https:\/\/aumarche.biz\/bf\/","logo":{"@type":"ImageObject","inLanguage":"fr-FR","@id":"https:\/\/aumarche.biz\/bf\/#\/schema\/logo\/image\/","url":"https:\/\/aumarche.biz\/bf\/wp-content\/uploads\/2023\/09\/favicone.png","contentUrl":"https:\/\/aumarche.biz\/bf\/wp-content\/uploads\/2023\/09\/favicone.png","width":64,"height":64,"caption":"aumarche.biz"},"image":{"@id":"https:\/\/aumarche.biz\/bf\/#\/schema\/logo\/image\/"},"sameAs":["https:\/\/www.facebook.com\/aumarchebf"]}]}},"_links":{"self":[{"href":"https:\/\/aumarche.biz\/bf\/index.php\/wp-json\/wp\/v2\/product\/5018","targetHints":{"allow":["GET"]}}],"collection":[{"href":"https:\/\/aumarche.biz\/bf\/index.php\/wp-json\/wp\/v2\/product"}],"about":[{"href":"https:\/\/aumarche.biz\/bf\/index.php\/wp-json\/wp\/v2\/types\/product"}],"wp:featuredmedia":[{"embeddable":true,"href":"https:\/\/aumarche.biz\/bf\/index.php\/wp-json\/wp\/v2\/media\/5022"}],"wp:attachment":[{"href":"https:\/\/aumarche.biz\/bf\/index.php\/wp-json\/wp\/v2\/media?parent=5018"}],"wp:term":[{"taxonomy":"product_cat","embeddable":true,"href":"https:\/\/aumarche.biz\/bf\/index.php\/wp-json\/wp\/v2\/product_cat?post=5018"},{"taxonomy":"product_tag","embeddable":true,"href":"https:\/\/aumarche.biz\/bf\/index.php\/wp-json\/wp\/v2\/product_tag?post=5018"}],"curies":[{"name":"wp","href":"https:\/\/api.w.org\/{rel}","templated":true}]}}