{"id":5030,"date":"2023-10-16T14:31:47","date_gmt":"2023-10-16T14:31:47","guid":{"rendered":"https:\/\/aumarche.biz\/bf\/index.php\/produit\/apple-iphone-13-pro-max-128gb-1-sim-esim\/"},"modified":"2023-10-24T14:32:49","modified_gmt":"2023-10-24T14:32:49","slug":"apple-iphone-13-pro-max-128gb-1-sim-esim","status":"publish","type":"product","link":"https:\/\/aumarche.biz\/bf\/index.php\/produit\/apple-iphone-13-pro-max-128gb-1-sim-esim\/","title":{"rendered":"APPLE IPHONE 13 PRO MAX 128GB 1 SIM + ESIM"},"content":{"rendered":"<p class=\"MsoNormal\">L&rsquo;iPhone 13 Pro est\u00a0 est dot\u00e9 d&rsquo;un \u00e9cran Super Retina XDR de 6,1 pouces et est<br \/>aliment\u00e9 par la puce A15 Bionic, l&rsquo;un des processeurs mobiles les plus<br \/>puissants du march\u00e9. L&rsquo;appareil dispose d&rsquo;un syst\u00e8me de triple cam\u00e9ra<br \/>comprenant un objectif ultra grand-angle de 12 m\u00e9gapixels, un objectif<br \/>grand-angle de 12 m\u00e9gapixels et un objectif t\u00e9l\u00e9objectif de 12 m\u00e9gapixels. Il<br \/>peut enregistrer des vid\u00e9os en r\u00e9solution 4K \u00e0 jusqu&rsquo;\u00e0 60 images par seconde et<br \/>poss\u00e8de une cam\u00e9ra TrueDepth en fa\u00e7ade qui peut capturer des selfies de haute<br \/>qualit\u00e9 et activer Face ID.<\/p>\n<p class=\"MsoNormal\">L&rsquo;iPhone 13 Pro est disponible en quatre options de stockage<br \/>: 128 Go, 256 Go, 512 Go et 1 To1. L&rsquo;appareil est \u00e9galement compatible avec les<br \/>r\u00e9seaux 5G et poss\u00e8de une cote IP68 pour la r\u00e9sistance \u00e0 l&rsquo;eau et \u00e0 la<br \/>poussi\u00e8re.<\/p>\n","protected":false},"excerpt":{"rendered":"<p><strong>APPLE IPHONE 13 PRO MAX 128GB 1 SIM + ESIM<\/strong><\/p>\n<ul>\n<li class=\"MsoNormal\">Prend en charge les r\u00e9seaux 5G.<\/li>\n<li class=\"MsoNormal\">R\u00e9sistant \u00e0 l\u2019eau et \u00e0 la poussi\u00e8re avec certificat IP68.<\/li>\n<li class=\"MsoNormal\">D\u2019excellents appareils photo sont irr\u00e9prochables, comme<br \/>d\u2019habitude chez Apple.Les haut-parleurs externes sont livr\u00e9s avec un son st\u00e9r\u00e9o<br \/>fort et respectable.<\/li>\n<li class=\"MsoNormal\">Vous obtiendrez les performances les plus \u00e9lev\u00e9es possibles<br \/>gr\u00e2ce au processeur A15 Bionic enti\u00e8rement d\u00e9velopp\u00e9 avec un puissant<br \/>processeur graphique \u00e0 5 c\u0153urs.<\/li>\n<li class=\"MsoNormal\">Un grand \u00e9cran OLED Super Retina XDR qui prend en charge le<br \/>taux de rafra\u00eechissement le plus \u00e9lev\u00e9 de 120 Hz<\/li>\n<\/ul>\n","protected":false},"featured_media":5029,"template":"","meta":[],"product_cat":[264,267],"product_tag":[],"class_list":{"0":"post-5030","1":"product","2":"type-product","3":"status-publish","4":"has-post-thumbnail","6":"product_brand-apple","7":"product_cat-high-tech","8":"product_cat-telephonie","10":"first","11":"instock","12":"sale","13":"taxable","14":"shipping-taxable","15":"purchasable","16":"product-type-simple","17":"col-xs-6 col-sm-4","18":"col-md-3 col-lg-3","19":"un-4-cols"},"yoast_head":"<!-- This site is optimized with the Yoast SEO plugin v26.9 - https:\/\/yoast.com\/product\/yoast-seo-wordpress\/ -->\n<title>APPLE IPHONE 13 PRO MAX 128GB 1 SIM + ESIM - AU MARCHE BURKINA<\/title>\n<meta name=\"robots\" content=\"noindex, follow, max-snippet:-1, max-image-preview:large, max-video-preview:-1\" \/>\n<meta property=\"og:locale\" content=\"fr_FR\" \/>\n<meta property=\"og:type\" content=\"article\" \/>\n<meta property=\"og:title\" content=\"APPLE IPHONE 13 PRO MAX 128GB 1 SIM + ESIM - AU MARCHE BURKINA\" \/>\n<meta property=\"og:description\" content=\"APPLE IPHONE 13 PRO MAX 128GB 1 SIM + ESIMPrend en charge les r\u00e9seaux 5G.R\u00e9sistant \u00e0 l\u2019eau et \u00e0 la poussi\u00e8re avec certificat IP68.D\u2019excellents appareils photo sont irr\u00e9prochables, commed\u2019habitude chez Apple.Les haut-parleurs externes sont livr\u00e9s avec un son st\u00e9r\u00e9ofort et respectable.Vous obtiendrez les performances les plus \u00e9lev\u00e9es possiblesgr\u00e2ce au processeur A15 Bionic enti\u00e8rement d\u00e9velopp\u00e9 avec un puissantprocesseur graphique \u00e0 5 c\u0153urs.Un grand \u00e9cran OLED Super Retina XDR qui prend en charge letaux de rafra\u00eechissement le plus \u00e9lev\u00e9 de 120 Hz\" \/>\n<meta property=\"og:url\" content=\"https:\/\/aumarche.biz\/bf\/index.php\/produit\/apple-iphone-13-pro-max-128gb-1-sim-esim\/\" \/>\n<meta property=\"og:site_name\" content=\"AU MARCHE BURKINA\" \/>\n<meta property=\"article:publisher\" content=\"https:\/\/www.facebook.com\/aumarchebf\" \/>\n<meta property=\"article:modified_time\" content=\"2023-10-24T14:32:49+00:00\" \/>\n<meta property=\"og:image\" content=\"https:\/\/aumarche.biz\/bf\/wp-content\/uploads\/2023\/10\/apple-iphone-13-pro-01.jpg\" \/>\n\t<meta property=\"og:image:width\" content=\"486\" \/>\n\t<meta property=\"og:image:height\" content=\"620\" \/>\n\t<meta property=\"og:image:type\" content=\"image\/jpeg\" \/>\n<meta name=\"twitter:card\" content=\"summary_large_image\" \/>\n<meta name=\"twitter:label1\" content=\"Dur\u00e9e de lecture estim\u00e9e\" \/>\n\t<meta name=\"twitter:data1\" content=\"1 minute\" \/>\n<script type=\"application\/ld+json\" class=\"yoast-schema-graph\">{\"@context\":\"https:\/\/schema.org\",\"@graph\":[{\"@type\":\"WebPage\",\"@id\":\"https:\/\/aumarche.biz\/bf\/index.php\/produit\/apple-iphone-13-pro-max-128gb-1-sim-esim\/\",\"url\":\"https:\/\/aumarche.biz\/bf\/index.php\/produit\/apple-iphone-13-pro-max-128gb-1-sim-esim\/\",\"name\":\"APPLE IPHONE 13 PRO MAX 128GB 1 SIM + ESIM - AU MARCHE BURKINA\",\"isPartOf\":{\"@id\":\"https:\/\/aumarche.biz\/bf\/#website\"},\"primaryImageOfPage\":{\"@id\":\"https:\/\/aumarche.biz\/bf\/index.php\/produit\/apple-iphone-13-pro-max-128gb-1-sim-esim\/#primaryimage\"},\"image\":{\"@id\":\"https:\/\/aumarche.biz\/bf\/index.php\/produit\/apple-iphone-13-pro-max-128gb-1-sim-esim\/#primaryimage\"},\"thumbnailUrl\":\"https:\/\/aumarche.biz\/bf\/wp-content\/uploads\/2023\/10\/apple-iphone-13-pro-01.jpg\",\"datePublished\":\"2023-10-16T14:31:47+00:00\",\"dateModified\":\"2023-10-24T14:32:49+00:00\",\"breadcrumb\":{\"@id\":\"https:\/\/aumarche.biz\/bf\/index.php\/produit\/apple-iphone-13-pro-max-128gb-1-sim-esim\/#breadcrumb\"},\"inLanguage\":\"fr-FR\",\"potentialAction\":[{\"@type\":\"ReadAction\",\"target\":[\"https:\/\/aumarche.biz\/bf\/index.php\/produit\/apple-iphone-13-pro-max-128gb-1-sim-esim\/\"]}]},{\"@type\":\"ImageObject\",\"inLanguage\":\"fr-FR\",\"@id\":\"https:\/\/aumarche.biz\/bf\/index.php\/produit\/apple-iphone-13-pro-max-128gb-1-sim-esim\/#primaryimage\",\"url\":\"https:\/\/aumarche.biz\/bf\/wp-content\/uploads\/2023\/10\/apple-iphone-13-pro-01.jpg\",\"contentUrl\":\"https:\/\/aumarche.biz\/bf\/wp-content\/uploads\/2023\/10\/apple-iphone-13-pro-01.jpg\",\"width\":486,\"height\":620},{\"@type\":\"BreadcrumbList\",\"@id\":\"https:\/\/aumarche.biz\/bf\/index.php\/produit\/apple-iphone-13-pro-max-128gb-1-sim-esim\/#breadcrumb\",\"itemListElement\":[{\"@type\":\"ListItem\",\"position\":1,\"name\":\"Accueil\",\"item\":\"https:\/\/aumarche.biz\/bf\/\"},{\"@type\":\"ListItem\",\"position\":2,\"name\":\"Boutique\",\"item\":\"https:\/\/aumarche.biz\/bf\/index.php\/boutique\/\"},{\"@type\":\"ListItem\",\"position\":3,\"name\":\"APPLE IPHONE 13 PRO MAX 128GB 1 SIM + ESIM\"}]},{\"@type\":\"WebSite\",\"@id\":\"https:\/\/aumarche.biz\/bf\/#website\",\"url\":\"https:\/\/aumarche.biz\/bf\/\",\"name\":\"aumarche.biz\",\"description\":\"Vendre et acheter autrement\",\"publisher\":{\"@id\":\"https:\/\/aumarche.biz\/bf\/#organization\"},\"potentialAction\":[{\"@type\":\"SearchAction\",\"target\":{\"@type\":\"EntryPoint\",\"urlTemplate\":\"https:\/\/aumarche.biz\/bf\/?s={search_term_string}\"},\"query-input\":{\"@type\":\"PropertyValueSpecification\",\"valueRequired\":true,\"valueName\":\"search_term_string\"}}],\"inLanguage\":\"fr-FR\"},{\"@type\":\"Organization\",\"@id\":\"https:\/\/aumarche.biz\/bf\/#organization\",\"name\":\"aumarche.biz\",\"url\":\"https:\/\/aumarche.biz\/bf\/\",\"logo\":{\"@type\":\"ImageObject\",\"inLanguage\":\"fr-FR\",\"@id\":\"https:\/\/aumarche.biz\/bf\/#\/schema\/logo\/image\/\",\"url\":\"https:\/\/aumarche.biz\/bf\/wp-content\/uploads\/2023\/09\/favicone.png\",\"contentUrl\":\"https:\/\/aumarche.biz\/bf\/wp-content\/uploads\/2023\/09\/favicone.png\",\"width\":64,\"height\":64,\"caption\":\"aumarche.biz\"},\"image\":{\"@id\":\"https:\/\/aumarche.biz\/bf\/#\/schema\/logo\/image\/\"},\"sameAs\":[\"https:\/\/www.facebook.com\/aumarchebf\"]}]}<\/script>\n<!-- \/ Yoast SEO plugin. -->","yoast_head_json":{"title":"APPLE IPHONE 13 PRO MAX 128GB 1 SIM + ESIM - AU MARCHE BURKINA","robots":{"index":"noindex","follow":"follow","max-snippet":"max-snippet:-1","max-image-preview":"max-image-preview:large","max-video-preview":"max-video-preview:-1"},"og_locale":"fr_FR","og_type":"article","og_title":"APPLE IPHONE 13 PRO MAX 128GB 1 SIM + ESIM - AU MARCHE BURKINA","og_description":"APPLE IPHONE 13 PRO MAX 128GB 1 SIM + ESIMPrend en charge les r\u00e9seaux 5G.R\u00e9sistant \u00e0 l\u2019eau et \u00e0 la poussi\u00e8re avec certificat IP68.D\u2019excellents appareils photo sont irr\u00e9prochables, commed\u2019habitude chez Apple.Les haut-parleurs externes sont livr\u00e9s avec un son st\u00e9r\u00e9ofort et respectable.Vous obtiendrez les performances les plus \u00e9lev\u00e9es possiblesgr\u00e2ce au processeur A15 Bionic enti\u00e8rement d\u00e9velopp\u00e9 avec un puissantprocesseur graphique \u00e0 5 c\u0153urs.Un grand \u00e9cran OLED Super Retina XDR qui prend en charge letaux de rafra\u00eechissement le plus \u00e9lev\u00e9 de 120 Hz","og_url":"https:\/\/aumarche.biz\/bf\/index.php\/produit\/apple-iphone-13-pro-max-128gb-1-sim-esim\/","og_site_name":"AU MARCHE BURKINA","article_publisher":"https:\/\/www.facebook.com\/aumarchebf","article_modified_time":"2023-10-24T14:32:49+00:00","og_image":[{"width":486,"height":620,"url":"https:\/\/aumarche.biz\/bf\/wp-content\/uploads\/2023\/10\/apple-iphone-13-pro-01.jpg","type":"image\/jpeg"}],"twitter_card":"summary_large_image","twitter_misc":{"Dur\u00e9e de lecture estim\u00e9e":"1 minute"},"schema":{"@context":"https:\/\/schema.org","@graph":[{"@type":"WebPage","@id":"https:\/\/aumarche.biz\/bf\/index.php\/produit\/apple-iphone-13-pro-max-128gb-1-sim-esim\/","url":"https:\/\/aumarche.biz\/bf\/index.php\/produit\/apple-iphone-13-pro-max-128gb-1-sim-esim\/","name":"APPLE IPHONE 13 PRO MAX 128GB 1 SIM + ESIM - AU MARCHE BURKINA","isPartOf":{"@id":"https:\/\/aumarche.biz\/bf\/#website"},"primaryImageOfPage":{"@id":"https:\/\/aumarche.biz\/bf\/index.php\/produit\/apple-iphone-13-pro-max-128gb-1-sim-esim\/#primaryimage"},"image":{"@id":"https:\/\/aumarche.biz\/bf\/index.php\/produit\/apple-iphone-13-pro-max-128gb-1-sim-esim\/#primaryimage"},"thumbnailUrl":"https:\/\/aumarche.biz\/bf\/wp-content\/uploads\/2023\/10\/apple-iphone-13-pro-01.jpg","datePublished":"2023-10-16T14:31:47+00:00","dateModified":"2023-10-24T14:32:49+00:00","breadcrumb":{"@id":"https:\/\/aumarche.biz\/bf\/index.php\/produit\/apple-iphone-13-pro-max-128gb-1-sim-esim\/#breadcrumb"},"inLanguage":"fr-FR","potentialAction":[{"@type":"ReadAction","target":["https:\/\/aumarche.biz\/bf\/index.php\/produit\/apple-iphone-13-pro-max-128gb-1-sim-esim\/"]}]},{"@type":"ImageObject","inLanguage":"fr-FR","@id":"https:\/\/aumarche.biz\/bf\/index.php\/produit\/apple-iphone-13-pro-max-128gb-1-sim-esim\/#primaryimage","url":"https:\/\/aumarche.biz\/bf\/wp-content\/uploads\/2023\/10\/apple-iphone-13-pro-01.jpg","contentUrl":"https:\/\/aumarche.biz\/bf\/wp-content\/uploads\/2023\/10\/apple-iphone-13-pro-01.jpg","width":486,"height":620},{"@type":"BreadcrumbList","@id":"https:\/\/aumarche.biz\/bf\/index.php\/produit\/apple-iphone-13-pro-max-128gb-1-sim-esim\/#breadcrumb","itemListElement":[{"@type":"ListItem","position":1,"name":"Accueil","item":"https:\/\/aumarche.biz\/bf\/"},{"@type":"ListItem","position":2,"name":"Boutique","item":"https:\/\/aumarche.biz\/bf\/index.php\/boutique\/"},{"@type":"ListItem","position":3,"name":"APPLE IPHONE 13 PRO MAX 128GB 1 SIM + ESIM"}]},{"@type":"WebSite","@id":"https:\/\/aumarche.biz\/bf\/#website","url":"https:\/\/aumarche.biz\/bf\/","name":"aumarche.biz","description":"Vendre et acheter autrement","publisher":{"@id":"https:\/\/aumarche.biz\/bf\/#organization"},"potentialAction":[{"@type":"SearchAction","target":{"@type":"EntryPoint","urlTemplate":"https:\/\/aumarche.biz\/bf\/?s={search_term_string}"},"query-input":{"@type":"PropertyValueSpecification","valueRequired":true,"valueName":"search_term_string"}}],"inLanguage":"fr-FR"},{"@type":"Organization","@id":"https:\/\/aumarche.biz\/bf\/#organization","name":"aumarche.biz","url":"https:\/\/aumarche.biz\/bf\/","logo":{"@type":"ImageObject","inLanguage":"fr-FR","@id":"https:\/\/aumarche.biz\/bf\/#\/schema\/logo\/image\/","url":"https:\/\/aumarche.biz\/bf\/wp-content\/uploads\/2023\/09\/favicone.png","contentUrl":"https:\/\/aumarche.biz\/bf\/wp-content\/uploads\/2023\/09\/favicone.png","width":64,"height":64,"caption":"aumarche.biz"},"image":{"@id":"https:\/\/aumarche.biz\/bf\/#\/schema\/logo\/image\/"},"sameAs":["https:\/\/www.facebook.com\/aumarchebf"]}]}},"_links":{"self":[{"href":"https:\/\/aumarche.biz\/bf\/index.php\/wp-json\/wp\/v2\/product\/5030","targetHints":{"allow":["GET"]}}],"collection":[{"href":"https:\/\/aumarche.biz\/bf\/index.php\/wp-json\/wp\/v2\/product"}],"about":[{"href":"https:\/\/aumarche.biz\/bf\/index.php\/wp-json\/wp\/v2\/types\/product"}],"wp:featuredmedia":[{"embeddable":true,"href":"https:\/\/aumarche.biz\/bf\/index.php\/wp-json\/wp\/v2\/media\/5029"}],"wp:attachment":[{"href":"https:\/\/aumarche.biz\/bf\/index.php\/wp-json\/wp\/v2\/media?parent=5030"}],"wp:term":[{"taxonomy":"product_cat","embeddable":true,"href":"https:\/\/aumarche.biz\/bf\/index.php\/wp-json\/wp\/v2\/product_cat?post=5030"},{"taxonomy":"product_tag","embeddable":true,"href":"https:\/\/aumarche.biz\/bf\/index.php\/wp-json\/wp\/v2\/product_tag?post=5030"}],"curies":[{"name":"wp","href":"https:\/\/api.w.org\/{rel}","templated":true}]}}