{"id":5046,"date":"2023-10-16T16:29:49","date_gmt":"2023-10-16T16:29:49","guid":{"rendered":"https:\/\/aumarche.biz\/bf\/index.php\/produit\/phone-tecno-camon-20-8gb-256gb\/"},"modified":"2023-10-16T16:30:40","modified_gmt":"2023-10-16T16:30:40","slug":"phone-tecno-camon-20-8gb-256gb","status":"publish","type":"product","link":"https:\/\/aumarche.biz\/bf\/index.php\/produit\/phone-tecno-camon-20-8gb-256gb\/","title":{"rendered":"PHONE TECNO CAMON 20 8GB 256GB"},"content":{"rendered":"<p><span style=\"font-weight: bold\" data-mce-style=\"font-weight: bold;\"><\/span>tecno canon 20\u00a0 est un smartphone de 2023. Il mesure 163.4 x 76.7 x 7.8 mm . Il poss\u00e8de un \u00e9cran AMOLED de 6.67&Prime; pouces. La r\u00e9solution est de 1080 x 2400 et la densit\u00e9 de pixels de 395 ppi.<\/p>\n<p>La cam\u00e9ra frontale selfie est Unique avec 32 MP. L&rsquo;appareil photo principal est Triple avec 64 MP.<\/p>\n<p>Il fonctionne avec un processeur Octa-core (2&#215;2.0 GHz Cortex-A75 &amp; 6&#215;1.8 GHz Cortex-A55) et une m\u00e9moire 256GB 8GB RAM. La batterie est de 5000 mAh.<\/p>\n","protected":false},"excerpt":{"rendered":"<p>PHONE TECNO CAMON 20 8GB 256GB\u00a0<\/p>\n<p class=\"MsoNormal\">CPU: Helio G85<\/p>\n<p class=\"MsoNormal\">RAM: 8GB<\/p>\n<p class=\"MsoNormal\">STORAGE: 128GB\/256GB<\/p>\n<p class=\"MsoNormal\">DISPLAY: 6.7 in 1080p AMOLED<\/p>\n<p class=\"MsoNormal\">CAMERA: 64 + 2MP rear + QVGA \/ 32MP front<\/p>\n<p class=\"MsoNormal\">OS: Android 13, HiOS 13<\/p>\n<p class=\"MsoNormal\">BATTERY: 5000mAh Li-Po 33W<\/p>\n","protected":false},"featured_media":5044,"template":"","meta":[],"product_cat":[264,267],"product_tag":[],"class_list":{"0":"post-5046","1":"product","2":"type-product","3":"status-publish","4":"has-post-thumbnail","6":"product_brand-autres-marques","7":"product_cat-high-tech","8":"product_cat-telephonie","10":"first","11":"instock","12":"taxable","13":"shipping-taxable","14":"purchasable","15":"product-type-simple","16":"col-xs-6 col-sm-4","17":"col-md-3 col-lg-3","18":"un-4-cols"},"yoast_head":"<!-- This site is optimized with the Yoast SEO plugin v26.9 - https:\/\/yoast.com\/product\/yoast-seo-wordpress\/ -->\n<title>PHONE TECNO CAMON 20 8GB 256GB - AU MARCHE BURKINA<\/title>\n<meta name=\"robots\" content=\"noindex, follow, max-snippet:-1, max-image-preview:large, max-video-preview:-1\" \/>\n<meta property=\"og:locale\" content=\"fr_FR\" \/>\n<meta property=\"og:type\" content=\"article\" \/>\n<meta property=\"og:title\" content=\"PHONE TECNO CAMON 20 8GB 256GB - AU MARCHE BURKINA\" \/>\n<meta property=\"og:description\" content=\"PHONE TECNO CAMON 20 8GB 256GB\u00a0CPU: Helio G85RAM: 8GBSTORAGE: 128GB\/256GBDISPLAY: 6.7 in 1080p AMOLEDCAMERA: 64 + 2MP rear + QVGA \/ 32MP frontOS: Android 13, HiOS 13BATTERY: 5000mAh Li-Po 33W\" \/>\n<meta property=\"og:url\" content=\"https:\/\/aumarche.biz\/bf\/index.php\/produit\/phone-tecno-camon-20-8gb-256gb\/\" \/>\n<meta property=\"og:site_name\" content=\"AU MARCHE BURKINA\" \/>\n<meta property=\"article:publisher\" content=\"https:\/\/www.facebook.com\/aumarchebf\" \/>\n<meta property=\"article:modified_time\" content=\"2023-10-16T16:30:40+00:00\" \/>\n<meta property=\"og:image\" content=\"https:\/\/aumarche.biz\/bf\/wp-content\/uploads\/2023\/10\/TECNO-CAMON20-NEGRO-1200X1200-01.-700x700-1.jpg\" \/>\n\t<meta property=\"og:image:width\" content=\"700\" \/>\n\t<meta property=\"og:image:height\" content=\"700\" \/>\n\t<meta property=\"og:image:type\" content=\"image\/jpeg\" \/>\n<meta name=\"twitter:card\" content=\"summary_large_image\" \/>\n<script type=\"application\/ld+json\" class=\"yoast-schema-graph\">{\"@context\":\"https:\/\/schema.org\",\"@graph\":[{\"@type\":\"WebPage\",\"@id\":\"https:\/\/aumarche.biz\/bf\/index.php\/produit\/phone-tecno-camon-20-8gb-256gb\/\",\"url\":\"https:\/\/aumarche.biz\/bf\/index.php\/produit\/phone-tecno-camon-20-8gb-256gb\/\",\"name\":\"PHONE TECNO CAMON 20 8GB 256GB - AU MARCHE BURKINA\",\"isPartOf\":{\"@id\":\"https:\/\/aumarche.biz\/bf\/#website\"},\"primaryImageOfPage\":{\"@id\":\"https:\/\/aumarche.biz\/bf\/index.php\/produit\/phone-tecno-camon-20-8gb-256gb\/#primaryimage\"},\"image\":{\"@id\":\"https:\/\/aumarche.biz\/bf\/index.php\/produit\/phone-tecno-camon-20-8gb-256gb\/#primaryimage\"},\"thumbnailUrl\":\"https:\/\/aumarche.biz\/bf\/wp-content\/uploads\/2023\/10\/TECNO-CAMON20-NEGRO-1200X1200-01.-700x700-1.jpg\",\"datePublished\":\"2023-10-16T16:29:49+00:00\",\"dateModified\":\"2023-10-16T16:30:40+00:00\",\"breadcrumb\":{\"@id\":\"https:\/\/aumarche.biz\/bf\/index.php\/produit\/phone-tecno-camon-20-8gb-256gb\/#breadcrumb\"},\"inLanguage\":\"fr-FR\",\"potentialAction\":[{\"@type\":\"ReadAction\",\"target\":[\"https:\/\/aumarche.biz\/bf\/index.php\/produit\/phone-tecno-camon-20-8gb-256gb\/\"]}]},{\"@type\":\"ImageObject\",\"inLanguage\":\"fr-FR\",\"@id\":\"https:\/\/aumarche.biz\/bf\/index.php\/produit\/phone-tecno-camon-20-8gb-256gb\/#primaryimage\",\"url\":\"https:\/\/aumarche.biz\/bf\/wp-content\/uploads\/2023\/10\/TECNO-CAMON20-NEGRO-1200X1200-01.-700x700-1.jpg\",\"contentUrl\":\"https:\/\/aumarche.biz\/bf\/wp-content\/uploads\/2023\/10\/TECNO-CAMON20-NEGRO-1200X1200-01.-700x700-1.jpg\",\"width\":700,\"height\":700},{\"@type\":\"BreadcrumbList\",\"@id\":\"https:\/\/aumarche.biz\/bf\/index.php\/produit\/phone-tecno-camon-20-8gb-256gb\/#breadcrumb\",\"itemListElement\":[{\"@type\":\"ListItem\",\"position\":1,\"name\":\"Accueil\",\"item\":\"https:\/\/aumarche.biz\/bf\/\"},{\"@type\":\"ListItem\",\"position\":2,\"name\":\"Boutique\",\"item\":\"https:\/\/aumarche.biz\/bf\/index.php\/boutique\/\"},{\"@type\":\"ListItem\",\"position\":3,\"name\":\"PHONE TECNO CAMON 20 8GB 256GB\"}]},{\"@type\":\"WebSite\",\"@id\":\"https:\/\/aumarche.biz\/bf\/#website\",\"url\":\"https:\/\/aumarche.biz\/bf\/\",\"name\":\"aumarche.biz\",\"description\":\"Vendre et acheter autrement\",\"publisher\":{\"@id\":\"https:\/\/aumarche.biz\/bf\/#organization\"},\"potentialAction\":[{\"@type\":\"SearchAction\",\"target\":{\"@type\":\"EntryPoint\",\"urlTemplate\":\"https:\/\/aumarche.biz\/bf\/?s={search_term_string}\"},\"query-input\":{\"@type\":\"PropertyValueSpecification\",\"valueRequired\":true,\"valueName\":\"search_term_string\"}}],\"inLanguage\":\"fr-FR\"},{\"@type\":\"Organization\",\"@id\":\"https:\/\/aumarche.biz\/bf\/#organization\",\"name\":\"aumarche.biz\",\"url\":\"https:\/\/aumarche.biz\/bf\/\",\"logo\":{\"@type\":\"ImageObject\",\"inLanguage\":\"fr-FR\",\"@id\":\"https:\/\/aumarche.biz\/bf\/#\/schema\/logo\/image\/\",\"url\":\"https:\/\/aumarche.biz\/bf\/wp-content\/uploads\/2023\/09\/favicone.png\",\"contentUrl\":\"https:\/\/aumarche.biz\/bf\/wp-content\/uploads\/2023\/09\/favicone.png\",\"width\":64,\"height\":64,\"caption\":\"aumarche.biz\"},\"image\":{\"@id\":\"https:\/\/aumarche.biz\/bf\/#\/schema\/logo\/image\/\"},\"sameAs\":[\"https:\/\/www.facebook.com\/aumarchebf\"]}]}<\/script>\n<!-- \/ Yoast SEO plugin. -->","yoast_head_json":{"title":"PHONE TECNO CAMON 20 8GB 256GB - AU MARCHE BURKINA","robots":{"index":"noindex","follow":"follow","max-snippet":"max-snippet:-1","max-image-preview":"max-image-preview:large","max-video-preview":"max-video-preview:-1"},"og_locale":"fr_FR","og_type":"article","og_title":"PHONE TECNO CAMON 20 8GB 256GB - AU MARCHE BURKINA","og_description":"PHONE TECNO CAMON 20 8GB 256GB\u00a0CPU: Helio G85RAM: 8GBSTORAGE: 128GB\/256GBDISPLAY: 6.7 in 1080p AMOLEDCAMERA: 64 + 2MP rear + QVGA \/ 32MP frontOS: Android 13, HiOS 13BATTERY: 5000mAh Li-Po 33W","og_url":"https:\/\/aumarche.biz\/bf\/index.php\/produit\/phone-tecno-camon-20-8gb-256gb\/","og_site_name":"AU MARCHE BURKINA","article_publisher":"https:\/\/www.facebook.com\/aumarchebf","article_modified_time":"2023-10-16T16:30:40+00:00","og_image":[{"width":700,"height":700,"url":"https:\/\/aumarche.biz\/bf\/wp-content\/uploads\/2023\/10\/TECNO-CAMON20-NEGRO-1200X1200-01.-700x700-1.jpg","type":"image\/jpeg"}],"twitter_card":"summary_large_image","schema":{"@context":"https:\/\/schema.org","@graph":[{"@type":"WebPage","@id":"https:\/\/aumarche.biz\/bf\/index.php\/produit\/phone-tecno-camon-20-8gb-256gb\/","url":"https:\/\/aumarche.biz\/bf\/index.php\/produit\/phone-tecno-camon-20-8gb-256gb\/","name":"PHONE TECNO CAMON 20 8GB 256GB - AU MARCHE BURKINA","isPartOf":{"@id":"https:\/\/aumarche.biz\/bf\/#website"},"primaryImageOfPage":{"@id":"https:\/\/aumarche.biz\/bf\/index.php\/produit\/phone-tecno-camon-20-8gb-256gb\/#primaryimage"},"image":{"@id":"https:\/\/aumarche.biz\/bf\/index.php\/produit\/phone-tecno-camon-20-8gb-256gb\/#primaryimage"},"thumbnailUrl":"https:\/\/aumarche.biz\/bf\/wp-content\/uploads\/2023\/10\/TECNO-CAMON20-NEGRO-1200X1200-01.-700x700-1.jpg","datePublished":"2023-10-16T16:29:49+00:00","dateModified":"2023-10-16T16:30:40+00:00","breadcrumb":{"@id":"https:\/\/aumarche.biz\/bf\/index.php\/produit\/phone-tecno-camon-20-8gb-256gb\/#breadcrumb"},"inLanguage":"fr-FR","potentialAction":[{"@type":"ReadAction","target":["https:\/\/aumarche.biz\/bf\/index.php\/produit\/phone-tecno-camon-20-8gb-256gb\/"]}]},{"@type":"ImageObject","inLanguage":"fr-FR","@id":"https:\/\/aumarche.biz\/bf\/index.php\/produit\/phone-tecno-camon-20-8gb-256gb\/#primaryimage","url":"https:\/\/aumarche.biz\/bf\/wp-content\/uploads\/2023\/10\/TECNO-CAMON20-NEGRO-1200X1200-01.-700x700-1.jpg","contentUrl":"https:\/\/aumarche.biz\/bf\/wp-content\/uploads\/2023\/10\/TECNO-CAMON20-NEGRO-1200X1200-01.-700x700-1.jpg","width":700,"height":700},{"@type":"BreadcrumbList","@id":"https:\/\/aumarche.biz\/bf\/index.php\/produit\/phone-tecno-camon-20-8gb-256gb\/#breadcrumb","itemListElement":[{"@type":"ListItem","position":1,"name":"Accueil","item":"https:\/\/aumarche.biz\/bf\/"},{"@type":"ListItem","position":2,"name":"Boutique","item":"https:\/\/aumarche.biz\/bf\/index.php\/boutique\/"},{"@type":"ListItem","position":3,"name":"PHONE TECNO CAMON 20 8GB 256GB"}]},{"@type":"WebSite","@id":"https:\/\/aumarche.biz\/bf\/#website","url":"https:\/\/aumarche.biz\/bf\/","name":"aumarche.biz","description":"Vendre et acheter autrement","publisher":{"@id":"https:\/\/aumarche.biz\/bf\/#organization"},"potentialAction":[{"@type":"SearchAction","target":{"@type":"EntryPoint","urlTemplate":"https:\/\/aumarche.biz\/bf\/?s={search_term_string}"},"query-input":{"@type":"PropertyValueSpecification","valueRequired":true,"valueName":"search_term_string"}}],"inLanguage":"fr-FR"},{"@type":"Organization","@id":"https:\/\/aumarche.biz\/bf\/#organization","name":"aumarche.biz","url":"https:\/\/aumarche.biz\/bf\/","logo":{"@type":"ImageObject","inLanguage":"fr-FR","@id":"https:\/\/aumarche.biz\/bf\/#\/schema\/logo\/image\/","url":"https:\/\/aumarche.biz\/bf\/wp-content\/uploads\/2023\/09\/favicone.png","contentUrl":"https:\/\/aumarche.biz\/bf\/wp-content\/uploads\/2023\/09\/favicone.png","width":64,"height":64,"caption":"aumarche.biz"},"image":{"@id":"https:\/\/aumarche.biz\/bf\/#\/schema\/logo\/image\/"},"sameAs":["https:\/\/www.facebook.com\/aumarchebf"]}]}},"_links":{"self":[{"href":"https:\/\/aumarche.biz\/bf\/index.php\/wp-json\/wp\/v2\/product\/5046","targetHints":{"allow":["GET"]}}],"collection":[{"href":"https:\/\/aumarche.biz\/bf\/index.php\/wp-json\/wp\/v2\/product"}],"about":[{"href":"https:\/\/aumarche.biz\/bf\/index.php\/wp-json\/wp\/v2\/types\/product"}],"wp:featuredmedia":[{"embeddable":true,"href":"https:\/\/aumarche.biz\/bf\/index.php\/wp-json\/wp\/v2\/media\/5044"}],"wp:attachment":[{"href":"https:\/\/aumarche.biz\/bf\/index.php\/wp-json\/wp\/v2\/media?parent=5046"}],"wp:term":[{"taxonomy":"product_cat","embeddable":true,"href":"https:\/\/aumarche.biz\/bf\/index.php\/wp-json\/wp\/v2\/product_cat?post=5046"},{"taxonomy":"product_tag","embeddable":true,"href":"https:\/\/aumarche.biz\/bf\/index.php\/wp-json\/wp\/v2\/product_tag?post=5046"}],"curies":[{"name":"wp","href":"https:\/\/api.w.org\/{rel}","templated":true}]}}