{"id":5053,"date":"2023-10-16T16:44:54","date_gmt":"2023-10-16T16:44:54","guid":{"rendered":"https:\/\/aumarche.biz\/bf\/index.php\/produit\/apple-watch-ultra-49mm\/"},"modified":"2023-10-16T16:45:53","modified_gmt":"2023-10-16T16:45:53","slug":"apple-watch-ultra-49mm","status":"publish","type":"product","link":"https:\/\/aumarche.biz\/bf\/index.php\/produit\/apple-watch-ultra-49mm\/","title":{"rendered":"APPLE WATCH ULTRA 49MM"},"content":{"rendered":"<p class=\"MsoNormal\">Apple Watch Ultra : Une montre qui<br \/>repousse les limites, con\u00e7ue pour les athl\u00e8tes qui se surpassent.<\/p>\n<p class=\"MsoNormal\">L&rsquo;aventure vous appelle. D\u00e9couvrez<br \/>la plus robuste et polyvalente des Apple Watch.<\/p>\n<p class=\"MsoNormal\">Avec un bo\u00eetier en titane<br \/>ultra-r\u00e9sistant, un GPS double fr\u00e9quence de haute pr\u00e9cision, une autonomie<br \/>pouvant atteindre jusqu&rsquo;\u00e0 36 heures, tous les avantages de la connectivit\u00e9<br \/>cellulaire, et trois bracelets techniques sp\u00e9cialement con\u00e7us pour les athl\u00e8tes<br \/>et les passionn\u00e9s d&rsquo;aventure de toutes sortes.<\/p>\n<p class=\"MsoNormal\">Technologies pionni\u00e8res. &#8211; Aussi<br \/>robuste qu&rsquo;elle en a l&rsquo;air.<\/p>\n<p class=\"MsoNormal\">Pour concevoir la montre de sport<br \/>ultime, capable de performances sans pr\u00e9c\u00e9dent, nous avons imagin\u00e9 chaque<br \/>\u00e9l\u00e9ment en pr\u00eatant une attention toute particuli\u00e8re au d\u00e9tail. Le titane offre<br \/>un \u00e9quilibre parfait entre poids, robustesse et r\u00e9sistance \u00e0 la corrosion. Le<br \/>nouveau bo\u00eetier sur\u00e9lev\u00e9 prot\u00e8ge l&rsquo;\u00e9cran plat en verre saphir des impacts<br \/>lat\u00e9raux. Et la Digital Crown et le bouton lat\u00e9ral plus grands sont plus<br \/>faciles \u00e0 utiliser, m\u00eame avec des gants.<\/p>\n<p class=\"MsoNormal\">Cadran Wayfinder avec mode Nuit.<br \/>Sp\u00e9cialement con\u00e7u pour l&rsquo;Apple Watch Ultra, le cadran Wayfinder permet<br \/>d&rsquo;alterner entre l&rsquo;horloge et la boussole en temps r\u00e9el et peut accueillir huit<br \/>complications. Dans l&rsquo;obscurit\u00e9, il suffit de tourner la Digital Crown pour<br \/>activer le mode Nuit, et les \u00e9l\u00e9ments du cadran s&rsquo;\u00e9clairent en rouge vif<\/p>\n<p class=\"MsoNormal\">Pr\u00eate pour l&rsquo;action. Le nouveau<br \/>bouton Action vous permet d&rsquo;activer rapidement de nombreuses fonctions. Vous<br \/>pouvez le personnaliser selon vos besoins, par exemple pour contr\u00f4ler un<br \/>exercice, placer un rep\u00e8re ou d\u00e9marrer une plong\u00e9e. Comme vous, il a un \u00e9norme<br \/>potentiel.<\/p>\n<p class=\"MsoNormal\">Pleine de ressources. Aussi<br \/>essentielle que polyvalente, l&rsquo;Apple Watch Ultra rassemble une multitude de<br \/>fonctionnalit\u00e9s dans un format incroyablement compact.<\/p>\n<p class=\"MsoNormal\">Antenne GPS : Le GPS double<br \/>fr\u00e9quence haute pr\u00e9cision fournit une localisation tr\u00e8s pr\u00e9cise pour calculer<br \/>la distance, le rythme et les itin\u00e9raires.<\/p>\n<p class=\"MsoNormal\">Bouton Action de couleur Orange<br \/>international : Personnalisez-le en fonction de vos besoins : pour placer un<br \/>rep\u00e8re, marquer un point de d\u00e9part, contr\u00f4ler un exercice, d\u00e9marrer une<br \/>plong\u00e9e. Appuyez de fa\u00e7on prolong\u00e9e pour activer la sir\u00e8ne.<\/p>\n<p class=\"MsoNormal\">Deux haut-parleurs : Un second<br \/>haut-parleur amplifie le volume pour les appels et Siri.<\/p>\n<p class=\"MsoNormal\">Sir\u00e8ne : \u00c9met un signal sonore de<br \/>86 d\u00e9cibels pour attirer l&rsquo;attention. Audible dans un rayon de 180 m\u00e8tres.<\/p>\n<p class=\"MsoNormal\">Bouton lat\u00e9ral : Permet d&rsquo;acc\u00e9der<br \/>aux fonctionnalit\u00e9s de s\u00e9curit\u00e9. Appuyez longuement pour appeler les secours,<br \/>acc\u00e9der \u00e0 votre Fiche m\u00e9dicale ou d\u00e9clencher la sir\u00e8ne.<\/p>\n<p class=\"MsoNormal\">La montre est l\u00e9g\u00e8rement sur\u00e9lev\u00e9e<br \/>pour faciliter les manipulations avec des gants.<\/p>\n<p class=\"MsoNormal\">Ensemble de trois micros : Dans<br \/>les zones vent\u00e9es, un algorithme adaptatif s\u00e9lectionne le meilleur micro pour<br \/>l&rsquo;audio. L&rsquo;apprentissage automatique filtre le bruit pour offrir une qualit\u00e9<br \/>vocale optimale.<\/p>\n<p class=\"MsoNormal\">Digital Crown : Un diam\u00e8tre \u00e9largi<br \/>et des crans plus marqu\u00e9s facilitent son utilisation.<\/p>\n<p class=\"MsoNormal\">Une batterie qui vous suit<br \/>plusieurs jours. Lorsque vous entamez votre deuxi\u00e8me jour de trek, la derni\u00e8re<br \/>\u00e9tape d&rsquo;un triathlon ou une plong\u00e9e dans la barri\u00e8re de corail, la batterie est<br \/>la derni\u00e8re chose dont vous voulez vous soucier.<\/p>\n<p class=\"MsoNormal\">Avec la plus longue autonomie<br \/>jamais atteinte, vous avez suffisamment de r\u00e9serve pour relever tous les d\u00e9fis.<br \/>Jusqu&rsquo;\u00e0 36 h en utilisation normale &#8211; Jusqu&rsquo;\u00e0 60 h en activant le mode \u00e9conomie<br \/>d&rsquo;\u00e9nergie<\/p>\n<p class=\"MsoNormal\">Randonn\u00e9e, course, plong\u00e9e. \u00c0<br \/>chaque activit\u00e9 son bracelet. Pour concevoir la montre de sport ultime, adapt\u00e9e<br \/>\u00e0 tous les profils d&rsquo;athl\u00e8tes, nous avons d\u00fb adopter une approche unique. Nos<br \/>bracelets techniques pour les sports d&rsquo;aventure, d&rsquo;endurance et les activit\u00e9s<br \/>nautiques ont donc fait l&rsquo;objet d&rsquo;autant d&rsquo;attention que la montre elle-m\u00eame.<\/p>\n","protected":false},"excerpt":{"rendered":"<p>APPLE WATCH ULTRA 49MM\u00a0 est une montre qui repousse les limites, con\u00e7ue pour les athl\u00e8tes qui<br \/>se surpassent. L&rsquo;aventure vous appelle. D\u00e9couvrez la plus robuste et polyvalente<br \/>des Apple Watch. \u00a0Avec un bo\u00eetier en<br \/>titane ultra-r\u00e9sistant, un GPS \u00e0 double fr\u00e9quence de haute pr\u00e9cision, une<br \/>autonomie pouvant atteindre jusqu&rsquo;\u00e0 36 heures, tous les avantages de la<br \/>connectivit\u00e9 cellulaire, et trois bracelets techniques sp\u00e9cialement con\u00e7us pour<br \/>les athl\u00e8tes et les passionn\u00e9s d&rsquo;aventure de tous horizons. Des technologies de<br \/>pointe. &#8211; Aussi r\u00e9sistante qu&rsquo;elle en a l&rsquo;air.<\/p>\n","protected":false},"featured_media":5047,"template":"","meta":[],"product_cat":[265,264],"product_tag":[],"class_list":{"0":"post-5053","1":"product","2":"type-product","3":"status-publish","4":"has-post-thumbnail","6":"product_brand-apple","7":"product_cat-electronique","8":"product_cat-high-tech","10":"first","11":"instock","12":"taxable","13":"shipping-taxable","14":"purchasable","15":"product-type-simple","16":"col-xs-6 col-sm-4","17":"col-md-3 col-lg-3","18":"un-4-cols"},"yoast_head":"<!-- This site is optimized with the Yoast SEO plugin v26.9 - https:\/\/yoast.com\/product\/yoast-seo-wordpress\/ -->\n<title>APPLE WATCH ULTRA 49MM - AU MARCHE BURKINA<\/title>\n<meta name=\"robots\" content=\"noindex, follow, max-snippet:-1, max-image-preview:large, max-video-preview:-1\" \/>\n<meta property=\"og:locale\" content=\"fr_FR\" \/>\n<meta property=\"og:type\" content=\"article\" \/>\n<meta property=\"og:title\" content=\"APPLE WATCH ULTRA 49MM - AU MARCHE BURKINA\" \/>\n<meta property=\"og:description\" content=\"APPLE WATCH ULTRA 49MM\u00a0 est une montre qui repousse les limites, con\u00e7ue pour les athl\u00e8tes quise surpassent. L&#039;aventure vous appelle. D\u00e9couvrez la plus robuste et polyvalentedes Apple Watch. \u00a0Avec un bo\u00eetier entitane ultra-r\u00e9sistant, un GPS \u00e0 double fr\u00e9quence de haute pr\u00e9cision, uneautonomie pouvant atteindre jusqu&#039;\u00e0 36 heures, tous les avantages de laconnectivit\u00e9 cellulaire, et trois bracelets techniques sp\u00e9cialement con\u00e7us pourles athl\u00e8tes et les passionn\u00e9s d&#039;aventure de tous horizons. Des technologies depointe. - Aussi r\u00e9sistante qu&#039;elle en a l&#039;air.\" \/>\n<meta property=\"og:url\" content=\"https:\/\/aumarche.biz\/bf\/index.php\/produit\/apple-watch-ultra-49mm\/\" \/>\n<meta property=\"og:site_name\" content=\"AU MARCHE BURKINA\" \/>\n<meta property=\"article:publisher\" content=\"https:\/\/www.facebook.com\/aumarchebf\" \/>\n<meta property=\"article:modified_time\" content=\"2023-10-16T16:45:53+00:00\" \/>\n<meta property=\"og:image\" content=\"https:\/\/aumarche.biz\/bf\/wp-content\/uploads\/2023\/10\/design_carbon__cttkpvv1k7cm_large.jpg\" \/>\n\t<meta property=\"og:image:width\" content=\"771\" \/>\n\t<meta property=\"og:image:height\" content=\"506\" \/>\n\t<meta property=\"og:image:type\" content=\"image\/jpeg\" \/>\n<meta name=\"twitter:card\" content=\"summary_large_image\" \/>\n<meta name=\"twitter:label1\" content=\"Dur\u00e9e de lecture estim\u00e9e\" \/>\n\t<meta name=\"twitter:data1\" content=\"3 minutes\" \/>\n<script type=\"application\/ld+json\" class=\"yoast-schema-graph\">{\"@context\":\"https:\/\/schema.org\",\"@graph\":[{\"@type\":\"WebPage\",\"@id\":\"https:\/\/aumarche.biz\/bf\/index.php\/produit\/apple-watch-ultra-49mm\/\",\"url\":\"https:\/\/aumarche.biz\/bf\/index.php\/produit\/apple-watch-ultra-49mm\/\",\"name\":\"APPLE WATCH ULTRA 49MM - AU MARCHE BURKINA\",\"isPartOf\":{\"@id\":\"https:\/\/aumarche.biz\/bf\/#website\"},\"primaryImageOfPage\":{\"@id\":\"https:\/\/aumarche.biz\/bf\/index.php\/produit\/apple-watch-ultra-49mm\/#primaryimage\"},\"image\":{\"@id\":\"https:\/\/aumarche.biz\/bf\/index.php\/produit\/apple-watch-ultra-49mm\/#primaryimage\"},\"thumbnailUrl\":\"https:\/\/aumarche.biz\/bf\/wp-content\/uploads\/2023\/10\/design_carbon__cttkpvv1k7cm_large.jpg\",\"datePublished\":\"2023-10-16T16:44:54+00:00\",\"dateModified\":\"2023-10-16T16:45:53+00:00\",\"breadcrumb\":{\"@id\":\"https:\/\/aumarche.biz\/bf\/index.php\/produit\/apple-watch-ultra-49mm\/#breadcrumb\"},\"inLanguage\":\"fr-FR\",\"potentialAction\":[{\"@type\":\"ReadAction\",\"target\":[\"https:\/\/aumarche.biz\/bf\/index.php\/produit\/apple-watch-ultra-49mm\/\"]}]},{\"@type\":\"ImageObject\",\"inLanguage\":\"fr-FR\",\"@id\":\"https:\/\/aumarche.biz\/bf\/index.php\/produit\/apple-watch-ultra-49mm\/#primaryimage\",\"url\":\"https:\/\/aumarche.biz\/bf\/wp-content\/uploads\/2023\/10\/design_carbon__cttkpvv1k7cm_large.jpg\",\"contentUrl\":\"https:\/\/aumarche.biz\/bf\/wp-content\/uploads\/2023\/10\/design_carbon__cttkpvv1k7cm_large.jpg\",\"width\":771,\"height\":506},{\"@type\":\"BreadcrumbList\",\"@id\":\"https:\/\/aumarche.biz\/bf\/index.php\/produit\/apple-watch-ultra-49mm\/#breadcrumb\",\"itemListElement\":[{\"@type\":\"ListItem\",\"position\":1,\"name\":\"Accueil\",\"item\":\"https:\/\/aumarche.biz\/bf\/\"},{\"@type\":\"ListItem\",\"position\":2,\"name\":\"Boutique\",\"item\":\"https:\/\/aumarche.biz\/bf\/index.php\/boutique\/\"},{\"@type\":\"ListItem\",\"position\":3,\"name\":\"APPLE WATCH ULTRA 49MM\"}]},{\"@type\":\"WebSite\",\"@id\":\"https:\/\/aumarche.biz\/bf\/#website\",\"url\":\"https:\/\/aumarche.biz\/bf\/\",\"name\":\"aumarche.biz\",\"description\":\"Vendre et acheter autrement\",\"publisher\":{\"@id\":\"https:\/\/aumarche.biz\/bf\/#organization\"},\"potentialAction\":[{\"@type\":\"SearchAction\",\"target\":{\"@type\":\"EntryPoint\",\"urlTemplate\":\"https:\/\/aumarche.biz\/bf\/?s={search_term_string}\"},\"query-input\":{\"@type\":\"PropertyValueSpecification\",\"valueRequired\":true,\"valueName\":\"search_term_string\"}}],\"inLanguage\":\"fr-FR\"},{\"@type\":\"Organization\",\"@id\":\"https:\/\/aumarche.biz\/bf\/#organization\",\"name\":\"aumarche.biz\",\"url\":\"https:\/\/aumarche.biz\/bf\/\",\"logo\":{\"@type\":\"ImageObject\",\"inLanguage\":\"fr-FR\",\"@id\":\"https:\/\/aumarche.biz\/bf\/#\/schema\/logo\/image\/\",\"url\":\"https:\/\/aumarche.biz\/bf\/wp-content\/uploads\/2023\/09\/favicone.png\",\"contentUrl\":\"https:\/\/aumarche.biz\/bf\/wp-content\/uploads\/2023\/09\/favicone.png\",\"width\":64,\"height\":64,\"caption\":\"aumarche.biz\"},\"image\":{\"@id\":\"https:\/\/aumarche.biz\/bf\/#\/schema\/logo\/image\/\"},\"sameAs\":[\"https:\/\/www.facebook.com\/aumarchebf\"]}]}<\/script>\n<!-- \/ Yoast SEO plugin. -->","yoast_head_json":{"title":"APPLE WATCH ULTRA 49MM - AU MARCHE BURKINA","robots":{"index":"noindex","follow":"follow","max-snippet":"max-snippet:-1","max-image-preview":"max-image-preview:large","max-video-preview":"max-video-preview:-1"},"og_locale":"fr_FR","og_type":"article","og_title":"APPLE WATCH ULTRA 49MM - AU MARCHE BURKINA","og_description":"APPLE WATCH ULTRA 49MM\u00a0 est une montre qui repousse les limites, con\u00e7ue pour les athl\u00e8tes quise surpassent. L'aventure vous appelle. D\u00e9couvrez la plus robuste et polyvalentedes Apple Watch. \u00a0Avec un bo\u00eetier entitane ultra-r\u00e9sistant, un GPS \u00e0 double fr\u00e9quence de haute pr\u00e9cision, uneautonomie pouvant atteindre jusqu'\u00e0 36 heures, tous les avantages de laconnectivit\u00e9 cellulaire, et trois bracelets techniques sp\u00e9cialement con\u00e7us pourles athl\u00e8tes et les passionn\u00e9s d'aventure de tous horizons. Des technologies depointe. - Aussi r\u00e9sistante qu'elle en a l'air.","og_url":"https:\/\/aumarche.biz\/bf\/index.php\/produit\/apple-watch-ultra-49mm\/","og_site_name":"AU MARCHE BURKINA","article_publisher":"https:\/\/www.facebook.com\/aumarchebf","article_modified_time":"2023-10-16T16:45:53+00:00","og_image":[{"width":771,"height":506,"url":"https:\/\/aumarche.biz\/bf\/wp-content\/uploads\/2023\/10\/design_carbon__cttkpvv1k7cm_large.jpg","type":"image\/jpeg"}],"twitter_card":"summary_large_image","twitter_misc":{"Dur\u00e9e de lecture estim\u00e9e":"3 minutes"},"schema":{"@context":"https:\/\/schema.org","@graph":[{"@type":"WebPage","@id":"https:\/\/aumarche.biz\/bf\/index.php\/produit\/apple-watch-ultra-49mm\/","url":"https:\/\/aumarche.biz\/bf\/index.php\/produit\/apple-watch-ultra-49mm\/","name":"APPLE WATCH ULTRA 49MM - AU MARCHE BURKINA","isPartOf":{"@id":"https:\/\/aumarche.biz\/bf\/#website"},"primaryImageOfPage":{"@id":"https:\/\/aumarche.biz\/bf\/index.php\/produit\/apple-watch-ultra-49mm\/#primaryimage"},"image":{"@id":"https:\/\/aumarche.biz\/bf\/index.php\/produit\/apple-watch-ultra-49mm\/#primaryimage"},"thumbnailUrl":"https:\/\/aumarche.biz\/bf\/wp-content\/uploads\/2023\/10\/design_carbon__cttkpvv1k7cm_large.jpg","datePublished":"2023-10-16T16:44:54+00:00","dateModified":"2023-10-16T16:45:53+00:00","breadcrumb":{"@id":"https:\/\/aumarche.biz\/bf\/index.php\/produit\/apple-watch-ultra-49mm\/#breadcrumb"},"inLanguage":"fr-FR","potentialAction":[{"@type":"ReadAction","target":["https:\/\/aumarche.biz\/bf\/index.php\/produit\/apple-watch-ultra-49mm\/"]}]},{"@type":"ImageObject","inLanguage":"fr-FR","@id":"https:\/\/aumarche.biz\/bf\/index.php\/produit\/apple-watch-ultra-49mm\/#primaryimage","url":"https:\/\/aumarche.biz\/bf\/wp-content\/uploads\/2023\/10\/design_carbon__cttkpvv1k7cm_large.jpg","contentUrl":"https:\/\/aumarche.biz\/bf\/wp-content\/uploads\/2023\/10\/design_carbon__cttkpvv1k7cm_large.jpg","width":771,"height":506},{"@type":"BreadcrumbList","@id":"https:\/\/aumarche.biz\/bf\/index.php\/produit\/apple-watch-ultra-49mm\/#breadcrumb","itemListElement":[{"@type":"ListItem","position":1,"name":"Accueil","item":"https:\/\/aumarche.biz\/bf\/"},{"@type":"ListItem","position":2,"name":"Boutique","item":"https:\/\/aumarche.biz\/bf\/index.php\/boutique\/"},{"@type":"ListItem","position":3,"name":"APPLE WATCH ULTRA 49MM"}]},{"@type":"WebSite","@id":"https:\/\/aumarche.biz\/bf\/#website","url":"https:\/\/aumarche.biz\/bf\/","name":"aumarche.biz","description":"Vendre et acheter autrement","publisher":{"@id":"https:\/\/aumarche.biz\/bf\/#organization"},"potentialAction":[{"@type":"SearchAction","target":{"@type":"EntryPoint","urlTemplate":"https:\/\/aumarche.biz\/bf\/?s={search_term_string}"},"query-input":{"@type":"PropertyValueSpecification","valueRequired":true,"valueName":"search_term_string"}}],"inLanguage":"fr-FR"},{"@type":"Organization","@id":"https:\/\/aumarche.biz\/bf\/#organization","name":"aumarche.biz","url":"https:\/\/aumarche.biz\/bf\/","logo":{"@type":"ImageObject","inLanguage":"fr-FR","@id":"https:\/\/aumarche.biz\/bf\/#\/schema\/logo\/image\/","url":"https:\/\/aumarche.biz\/bf\/wp-content\/uploads\/2023\/09\/favicone.png","contentUrl":"https:\/\/aumarche.biz\/bf\/wp-content\/uploads\/2023\/09\/favicone.png","width":64,"height":64,"caption":"aumarche.biz"},"image":{"@id":"https:\/\/aumarche.biz\/bf\/#\/schema\/logo\/image\/"},"sameAs":["https:\/\/www.facebook.com\/aumarchebf"]}]}},"_links":{"self":[{"href":"https:\/\/aumarche.biz\/bf\/index.php\/wp-json\/wp\/v2\/product\/5053","targetHints":{"allow":["GET"]}}],"collection":[{"href":"https:\/\/aumarche.biz\/bf\/index.php\/wp-json\/wp\/v2\/product"}],"about":[{"href":"https:\/\/aumarche.biz\/bf\/index.php\/wp-json\/wp\/v2\/types\/product"}],"wp:featuredmedia":[{"embeddable":true,"href":"https:\/\/aumarche.biz\/bf\/index.php\/wp-json\/wp\/v2\/media\/5047"}],"wp:attachment":[{"href":"https:\/\/aumarche.biz\/bf\/index.php\/wp-json\/wp\/v2\/media?parent=5053"}],"wp:term":[{"taxonomy":"product_cat","embeddable":true,"href":"https:\/\/aumarche.biz\/bf\/index.php\/wp-json\/wp\/v2\/product_cat?post=5053"},{"taxonomy":"product_tag","embeddable":true,"href":"https:\/\/aumarche.biz\/bf\/index.php\/wp-json\/wp\/v2\/product_tag?post=5053"}],"curies":[{"name":"wp","href":"https:\/\/api.w.org\/{rel}","templated":true}]}}