{"id":5060,"date":"2023-10-17T09:33:55","date_gmt":"2023-10-17T09:33:55","guid":{"rendered":"https:\/\/aumarche.biz\/bf\/index.php\/produit\/apple-watch-s9-gps-cellular-41mm-sport-band-cellular\/"},"modified":"2023-10-24T14:30:29","modified_gmt":"2023-10-24T14:30:29","slug":"apple-watch-s9-gps-cellular-41mm-sport-band-cellular","status":"publish","type":"product","link":"https:\/\/aumarche.biz\/bf\/index.php\/produit\/apple-watch-s9-gps-cellular-41mm-sport-band-cellular\/","title":{"rendered":"Apple Watch S9 GPS + Cellular 41MM Sport Band Cellular"},"content":{"rendered":"<div class=\"dd-specs-column dd-column-one\">\n<ul class=\"t-body-reduced-tight\">\n<li>Bo\u00eetier de 41<\/li>\n<li>Aluminium ou acier inoxydable<\/li>\n<li>Haut\u2011parleur<\/li>\n<li>Microphone<\/li>\n<\/ul>\n<p><span class=\"t-body-reduced-tight tw-semibold dd-specs-section-title\">Contr\u00f4le\u00a0:<\/span><\/p>\n<ul class=\"t-body-reduced-tight\">\n<li>Digital\u00a0Crown avec retour\u00a0haptique<\/li>\n<li>Bouton lat\u00e9ral<\/li>\n<li>Geste toucher deux fois^<\/li>\n<li>Siri sur l\u2019appareil^<\/li>\n<\/ul>\n<p><span class=\"t-body-reduced-tight tw-semibold dd-specs-section-title\">\u00c9cran\u00a0:<\/span><\/p>\n<ul class=\"t-body-reduced-tight\">\n<li>\u00c9cran Retina OLED LTPO toujours\u00a0activ\u00e9<\/li>\n<li>\u00c9cran bord \u00e0\u00a0bord<\/li>\n<li>\u00c9cran en verre Ion\u2011X (bo\u00eetiers en aluminium)<\/li>\n<li>\u00c9cran en verre saphir (bo\u00eetiers en acier inoxydable)<\/li>\n<li>Luminosit\u00e9 jusqu\u2019\u00e0 2\u00a0000\u00a0nits<\/li>\n<li>Luminosit\u00e9 minimale de 1\u00a0nit<\/li>\n<\/ul>\n<p><span class=\"t-body-reduced-tight tw-semibold dd-specs-section-title\">Puce\u00a0:<\/span><\/p>\n<ul class=\"t-body-reduced-tight\">\n<li>SiP\u00a0S9 avec processeur bic\u0153ur 64\u00a0bits<\/li>\n<li>Neural Engine 4\u00a0c\u0153urs<\/li>\n<li>Capacit\u00e9 de 64\u00a0Go<\/li>\n<\/ul>\n<p><span class=\"t-body-reduced-tight tw-semibold dd-specs-section-title\">Capteurs\u00a0:<\/span><\/p>\n<ul class=\"t-body-reduced-tight\">\n<li>Capteur de taux d\u2019oxyg\u00e8ne dans le sang et app Oxyg\u00e8ne\u00a0sanguin3<\/li>\n<li>Cardio\u00adfr\u00e9quence\u00adm\u00e8tre \u00e9lectrique et app\u00a0ECG4<\/li>\n<li>Capteur optique de fr\u00e9quence cardiaque de troisi\u00e8me g\u00e9n\u00e9ration<\/li>\n<li>Notifications de fr\u00e9quence cardiaque \u00e9lev\u00e9e ou faible4<\/li>\n<li>Notifications d\u2019arythmie5<\/li>\n<li>Phases du sommeil<\/li>\n<li>Capteur de temp\u00e9rature6<\/li>\n<li>Boussole avec Points de\u00a0rep\u00e8re et Point de\u00a0d\u00e9part<\/li>\n<li>Altim\u00e8tre toujours activ\u00e9<\/li>\n<li>Acc\u00e9l\u00e9rom\u00e8tre force g \u00e9lev\u00e9e<\/li>\n<li>Gyroscope \u00e0 gamme dynamique \u00e9lev\u00e9e<\/li>\n<li>Capteur de luminosit\u00e9 ambiante<\/li>\n<\/ul>\n<\/div>\n<div class=\"dd-specs-column dd-column-two\">\n<h4 class=\"dd-specs-header no-title\"><\/h4>\n<p><span class=\"t-body-reduced-tight tw-semibold dd-specs-section-title\">S\u00e9curit\u00e9\u00a0:<\/span><\/p>\n<ul class=\"t-body-reduced-tight\">\n<li>Appel d\u2019urgence8<\/li>\n<li>Appel d\u2019urgence international9<\/li>\n<li>D\u00e9tection des accidents8<\/li>\n<li>D\u00e9tection des chutes8<\/li>\n<\/ul>\n<p><span class=\"t-body-reduced-tight tw-semibold dd-specs-section-title\">\u00c9claboussures, eau et poussi\u00e8re\u00a0:<\/span><\/p>\n<ul class=\"t-body-reduced-tight\">\n<li>R\u00e9sistance \u00e0 l\u2019eau jusqu\u2019\u00e0 50\u00a0m (adapt\u00e9e \u00e0 la natation)11<\/li>\n<li>R\u00e9sistance \u00e0 la poussi\u00e8re IP6X19<\/li>\n<\/ul>\n<p><span class=\"t-body-reduced-tight tw-semibold dd-specs-section-title\">Connectivit\u00e9 et communication\u00a0:<\/span><\/p>\n<ul class=\"t-body-reduced-tight\">\n<li>GPS\u00a0L1, GNSS, Galileo et BeiDou<\/li>\n<li>LTE et UMTS13<\/li>\n<li>Wi-Fi\u00a04 (802.11n)<\/li>\n<li>Bluetooth\u00a05.3<\/li>\n<li>Puce Ultra Wideband 2\u1d49\u00a0g\u00e9n\u00e9ration20<\/li>\n<li>Apple Pay<\/li>\n<li>GymKit<\/li>\n<\/ul>\n<p><span class=\"t-body-reduced-tight tw-semibold dd-specs-section-title\">Alimentation et\u00a0autonomie\u00a0:<\/span><\/p>\n<ul class=\"t-body-reduced-tight\">\n<li>Batterie au lithium-ion rechargeable int\u00e9gr\u00e9e<\/li>\n<li>Jusqu\u2019\u00e0 18\u00a0heures d\u2019autonomie en utilisation normale16<\/li>\n<li>Jusqu\u2019\u00e0 36\u00a0heures en mode \u00e9conomie d\u2019\u00e9nergie16<\/li>\n<li>C\u00e2ble de charge rapide magn\u00e9tique USB-C<\/li>\n<\/ul>\n<p><span class=\"t-body-reduced-tight tw-semibold dd-specs-section-title\">Conditions ambiantes\u00a0:<\/span><\/p>\n<ul class=\"t-body-reduced-tight\">\n<li>Temp\u00e9rature d\u2019utilisation\u00a0: de 0 \u00e0 35\u00a0\u00b0C<\/li>\n<li>Temp\u00e9rature de rangement (sans utilisation)\u00a0: de -20 \u00e0 45\u00a0\u00b0C<\/li>\n<li>Humidit\u00e9 relative\u00a0: de 5 \u00e0 90\u00a0% sans condensation<\/li>\n<li>Altitude d\u2019utilisation : de 0 \u00e0 3 000 m<\/li>\n<\/ul>\n<\/div>\n","protected":false},"excerpt":{"rendered":"<p>Apple Watch S9 GPS + Cellular 41MM Sport Band Cellular<\/p>\n<p><span style=\"font-family: Roboto, Arial, Helvetica, Tahoma, sans-serif;font-size: 15px\" data-mce-style=\"font-family: Roboto, Arial, Helvetica, Tahoma, sans-serif; font-size: 15px;\">Notre puce la plus puissante jamais embarqu\u00e9e sur Apple Watch. Une nouvelle fa\u00e7on d\u2019interagir avec votre Apple Watch comme par magie, sans toucher l\u2019\u00e9cran. Un \u00e9cran deux fois plus lumineux. Et pour la premi\u00e8re fois, l\u2019opportunit\u00e9 de choisir une association bo\u00eetier-bracelet neutre en carbone.<\/span><\/p>\n","protected":false},"featured_media":5054,"template":"","meta":[],"product_cat":[265,264],"product_tag":[],"class_list":{"0":"post-5060","1":"product","2":"type-product","3":"status-publish","4":"has-post-thumbnail","6":"product_brand-apple","7":"product_cat-electronique","8":"product_cat-high-tech","10":"first","11":"instock","12":"sale","13":"taxable","14":"shipping-taxable","15":"purchasable","16":"product-type-simple","17":"col-xs-6 col-sm-4","18":"col-md-3 col-lg-3","19":"un-4-cols"},"yoast_head":"<!-- This site is optimized with the Yoast SEO plugin v26.9 - https:\/\/yoast.com\/product\/yoast-seo-wordpress\/ -->\n<title>Apple Watch S9 GPS + Cellular 41MM Sport Band Cellular - AU MARCHE BURKINA<\/title>\n<meta name=\"robots\" content=\"noindex, follow, max-snippet:-1, max-image-preview:large, max-video-preview:-1\" \/>\n<meta property=\"og:locale\" content=\"fr_FR\" \/>\n<meta property=\"og:type\" content=\"article\" \/>\n<meta property=\"og:title\" content=\"Apple Watch S9 GPS + Cellular 41MM Sport Band Cellular - AU MARCHE BURKINA\" \/>\n<meta property=\"og:description\" content=\"Apple Watch S9 GPS + Cellular 41MM Sport Band CellularNotre puce la plus puissante jamais embarqu\u00e9e sur Apple Watch. Une nouvelle fa\u00e7on d\u2019interagir avec votre Apple Watch comme par magie, sans toucher l\u2019\u00e9cran. Un \u00e9cran deux fois plus lumineux. Et pour la premi\u00e8re fois, l\u2019opportunit\u00e9 de choisir une association bo\u00eetier-bracelet neutre en carbone.\" \/>\n<meta property=\"og:url\" content=\"https:\/\/aumarche.biz\/bf\/index.php\/produit\/apple-watch-s9-gps-cellular-41mm-sport-band-cellular\/\" \/>\n<meta property=\"og:site_name\" content=\"AU MARCHE BURKINA\" \/>\n<meta property=\"article:publisher\" content=\"https:\/\/www.facebook.com\/aumarchebf\" \/>\n<meta property=\"article:modified_time\" content=\"2023-10-24T14:30:29+00:00\" \/>\n<meta property=\"og:image\" content=\"https:\/\/aumarche.biz\/bf\/wp-content\/uploads\/2023\/10\/s9-9.jpg\" \/>\n\t<meta property=\"og:image:width\" content=\"500\" \/>\n\t<meta property=\"og:image:height\" content=\"500\" \/>\n\t<meta property=\"og:image:type\" content=\"image\/jpeg\" \/>\n<meta name=\"twitter:card\" content=\"summary_large_image\" \/>\n<meta name=\"twitter:label1\" content=\"Dur\u00e9e de lecture estim\u00e9e\" \/>\n\t<meta name=\"twitter:data1\" content=\"1 minute\" \/>\n<script type=\"application\/ld+json\" class=\"yoast-schema-graph\">{\"@context\":\"https:\/\/schema.org\",\"@graph\":[{\"@type\":\"WebPage\",\"@id\":\"https:\/\/aumarche.biz\/bf\/index.php\/produit\/apple-watch-s9-gps-cellular-41mm-sport-band-cellular\/\",\"url\":\"https:\/\/aumarche.biz\/bf\/index.php\/produit\/apple-watch-s9-gps-cellular-41mm-sport-band-cellular\/\",\"name\":\"Apple Watch S9 GPS + Cellular 41MM Sport Band Cellular - AU MARCHE BURKINA\",\"isPartOf\":{\"@id\":\"https:\/\/aumarche.biz\/bf\/#website\"},\"primaryImageOfPage\":{\"@id\":\"https:\/\/aumarche.biz\/bf\/index.php\/produit\/apple-watch-s9-gps-cellular-41mm-sport-band-cellular\/#primaryimage\"},\"image\":{\"@id\":\"https:\/\/aumarche.biz\/bf\/index.php\/produit\/apple-watch-s9-gps-cellular-41mm-sport-band-cellular\/#primaryimage\"},\"thumbnailUrl\":\"https:\/\/aumarche.biz\/bf\/wp-content\/uploads\/2023\/10\/s9-9.jpg\",\"datePublished\":\"2023-10-17T09:33:55+00:00\",\"dateModified\":\"2023-10-24T14:30:29+00:00\",\"breadcrumb\":{\"@id\":\"https:\/\/aumarche.biz\/bf\/index.php\/produit\/apple-watch-s9-gps-cellular-41mm-sport-band-cellular\/#breadcrumb\"},\"inLanguage\":\"fr-FR\",\"potentialAction\":[{\"@type\":\"ReadAction\",\"target\":[\"https:\/\/aumarche.biz\/bf\/index.php\/produit\/apple-watch-s9-gps-cellular-41mm-sport-band-cellular\/\"]}]},{\"@type\":\"ImageObject\",\"inLanguage\":\"fr-FR\",\"@id\":\"https:\/\/aumarche.biz\/bf\/index.php\/produit\/apple-watch-s9-gps-cellular-41mm-sport-band-cellular\/#primaryimage\",\"url\":\"https:\/\/aumarche.biz\/bf\/wp-content\/uploads\/2023\/10\/s9-9.jpg\",\"contentUrl\":\"https:\/\/aumarche.biz\/bf\/wp-content\/uploads\/2023\/10\/s9-9.jpg\",\"width\":500,\"height\":500},{\"@type\":\"BreadcrumbList\",\"@id\":\"https:\/\/aumarche.biz\/bf\/index.php\/produit\/apple-watch-s9-gps-cellular-41mm-sport-band-cellular\/#breadcrumb\",\"itemListElement\":[{\"@type\":\"ListItem\",\"position\":1,\"name\":\"Accueil\",\"item\":\"https:\/\/aumarche.biz\/bf\/\"},{\"@type\":\"ListItem\",\"position\":2,\"name\":\"Boutique\",\"item\":\"https:\/\/aumarche.biz\/bf\/index.php\/boutique\/\"},{\"@type\":\"ListItem\",\"position\":3,\"name\":\"Apple Watch S9 GPS + Cellular 41MM Sport Band Cellular\"}]},{\"@type\":\"WebSite\",\"@id\":\"https:\/\/aumarche.biz\/bf\/#website\",\"url\":\"https:\/\/aumarche.biz\/bf\/\",\"name\":\"aumarche.biz\",\"description\":\"Vendre et acheter autrement\",\"publisher\":{\"@id\":\"https:\/\/aumarche.biz\/bf\/#organization\"},\"potentialAction\":[{\"@type\":\"SearchAction\",\"target\":{\"@type\":\"EntryPoint\",\"urlTemplate\":\"https:\/\/aumarche.biz\/bf\/?s={search_term_string}\"},\"query-input\":{\"@type\":\"PropertyValueSpecification\",\"valueRequired\":true,\"valueName\":\"search_term_string\"}}],\"inLanguage\":\"fr-FR\"},{\"@type\":\"Organization\",\"@id\":\"https:\/\/aumarche.biz\/bf\/#organization\",\"name\":\"aumarche.biz\",\"url\":\"https:\/\/aumarche.biz\/bf\/\",\"logo\":{\"@type\":\"ImageObject\",\"inLanguage\":\"fr-FR\",\"@id\":\"https:\/\/aumarche.biz\/bf\/#\/schema\/logo\/image\/\",\"url\":\"https:\/\/aumarche.biz\/bf\/wp-content\/uploads\/2023\/09\/favicone.png\",\"contentUrl\":\"https:\/\/aumarche.biz\/bf\/wp-content\/uploads\/2023\/09\/favicone.png\",\"width\":64,\"height\":64,\"caption\":\"aumarche.biz\"},\"image\":{\"@id\":\"https:\/\/aumarche.biz\/bf\/#\/schema\/logo\/image\/\"},\"sameAs\":[\"https:\/\/www.facebook.com\/aumarchebf\"]}]}<\/script>\n<!-- \/ Yoast SEO plugin. -->","yoast_head_json":{"title":"Apple Watch S9 GPS + Cellular 41MM Sport Band Cellular - AU MARCHE BURKINA","robots":{"index":"noindex","follow":"follow","max-snippet":"max-snippet:-1","max-image-preview":"max-image-preview:large","max-video-preview":"max-video-preview:-1"},"og_locale":"fr_FR","og_type":"article","og_title":"Apple Watch S9 GPS + Cellular 41MM Sport Band Cellular - AU MARCHE BURKINA","og_description":"Apple Watch S9 GPS + Cellular 41MM Sport Band CellularNotre puce la plus puissante jamais embarqu\u00e9e sur Apple Watch. Une nouvelle fa\u00e7on d\u2019interagir avec votre Apple Watch comme par magie, sans toucher l\u2019\u00e9cran. Un \u00e9cran deux fois plus lumineux. Et pour la premi\u00e8re fois, l\u2019opportunit\u00e9 de choisir une association bo\u00eetier-bracelet neutre en carbone.","og_url":"https:\/\/aumarche.biz\/bf\/index.php\/produit\/apple-watch-s9-gps-cellular-41mm-sport-band-cellular\/","og_site_name":"AU MARCHE BURKINA","article_publisher":"https:\/\/www.facebook.com\/aumarchebf","article_modified_time":"2023-10-24T14:30:29+00:00","og_image":[{"width":500,"height":500,"url":"https:\/\/aumarche.biz\/bf\/wp-content\/uploads\/2023\/10\/s9-9.jpg","type":"image\/jpeg"}],"twitter_card":"summary_large_image","twitter_misc":{"Dur\u00e9e de lecture estim\u00e9e":"1 minute"},"schema":{"@context":"https:\/\/schema.org","@graph":[{"@type":"WebPage","@id":"https:\/\/aumarche.biz\/bf\/index.php\/produit\/apple-watch-s9-gps-cellular-41mm-sport-band-cellular\/","url":"https:\/\/aumarche.biz\/bf\/index.php\/produit\/apple-watch-s9-gps-cellular-41mm-sport-band-cellular\/","name":"Apple Watch S9 GPS + Cellular 41MM Sport Band Cellular - AU MARCHE BURKINA","isPartOf":{"@id":"https:\/\/aumarche.biz\/bf\/#website"},"primaryImageOfPage":{"@id":"https:\/\/aumarche.biz\/bf\/index.php\/produit\/apple-watch-s9-gps-cellular-41mm-sport-band-cellular\/#primaryimage"},"image":{"@id":"https:\/\/aumarche.biz\/bf\/index.php\/produit\/apple-watch-s9-gps-cellular-41mm-sport-band-cellular\/#primaryimage"},"thumbnailUrl":"https:\/\/aumarche.biz\/bf\/wp-content\/uploads\/2023\/10\/s9-9.jpg","datePublished":"2023-10-17T09:33:55+00:00","dateModified":"2023-10-24T14:30:29+00:00","breadcrumb":{"@id":"https:\/\/aumarche.biz\/bf\/index.php\/produit\/apple-watch-s9-gps-cellular-41mm-sport-band-cellular\/#breadcrumb"},"inLanguage":"fr-FR","potentialAction":[{"@type":"ReadAction","target":["https:\/\/aumarche.biz\/bf\/index.php\/produit\/apple-watch-s9-gps-cellular-41mm-sport-band-cellular\/"]}]},{"@type":"ImageObject","inLanguage":"fr-FR","@id":"https:\/\/aumarche.biz\/bf\/index.php\/produit\/apple-watch-s9-gps-cellular-41mm-sport-band-cellular\/#primaryimage","url":"https:\/\/aumarche.biz\/bf\/wp-content\/uploads\/2023\/10\/s9-9.jpg","contentUrl":"https:\/\/aumarche.biz\/bf\/wp-content\/uploads\/2023\/10\/s9-9.jpg","width":500,"height":500},{"@type":"BreadcrumbList","@id":"https:\/\/aumarche.biz\/bf\/index.php\/produit\/apple-watch-s9-gps-cellular-41mm-sport-band-cellular\/#breadcrumb","itemListElement":[{"@type":"ListItem","position":1,"name":"Accueil","item":"https:\/\/aumarche.biz\/bf\/"},{"@type":"ListItem","position":2,"name":"Boutique","item":"https:\/\/aumarche.biz\/bf\/index.php\/boutique\/"},{"@type":"ListItem","position":3,"name":"Apple Watch S9 GPS + Cellular 41MM Sport Band Cellular"}]},{"@type":"WebSite","@id":"https:\/\/aumarche.biz\/bf\/#website","url":"https:\/\/aumarche.biz\/bf\/","name":"aumarche.biz","description":"Vendre et acheter autrement","publisher":{"@id":"https:\/\/aumarche.biz\/bf\/#organization"},"potentialAction":[{"@type":"SearchAction","target":{"@type":"EntryPoint","urlTemplate":"https:\/\/aumarche.biz\/bf\/?s={search_term_string}"},"query-input":{"@type":"PropertyValueSpecification","valueRequired":true,"valueName":"search_term_string"}}],"inLanguage":"fr-FR"},{"@type":"Organization","@id":"https:\/\/aumarche.biz\/bf\/#organization","name":"aumarche.biz","url":"https:\/\/aumarche.biz\/bf\/","logo":{"@type":"ImageObject","inLanguage":"fr-FR","@id":"https:\/\/aumarche.biz\/bf\/#\/schema\/logo\/image\/","url":"https:\/\/aumarche.biz\/bf\/wp-content\/uploads\/2023\/09\/favicone.png","contentUrl":"https:\/\/aumarche.biz\/bf\/wp-content\/uploads\/2023\/09\/favicone.png","width":64,"height":64,"caption":"aumarche.biz"},"image":{"@id":"https:\/\/aumarche.biz\/bf\/#\/schema\/logo\/image\/"},"sameAs":["https:\/\/www.facebook.com\/aumarchebf"]}]}},"_links":{"self":[{"href":"https:\/\/aumarche.biz\/bf\/index.php\/wp-json\/wp\/v2\/product\/5060","targetHints":{"allow":["GET"]}}],"collection":[{"href":"https:\/\/aumarche.biz\/bf\/index.php\/wp-json\/wp\/v2\/product"}],"about":[{"href":"https:\/\/aumarche.biz\/bf\/index.php\/wp-json\/wp\/v2\/types\/product"}],"wp:featuredmedia":[{"embeddable":true,"href":"https:\/\/aumarche.biz\/bf\/index.php\/wp-json\/wp\/v2\/media\/5054"}],"wp:attachment":[{"href":"https:\/\/aumarche.biz\/bf\/index.php\/wp-json\/wp\/v2\/media?parent=5060"}],"wp:term":[{"taxonomy":"product_cat","embeddable":true,"href":"https:\/\/aumarche.biz\/bf\/index.php\/wp-json\/wp\/v2\/product_cat?post=5060"},{"taxonomy":"product_tag","embeddable":true,"href":"https:\/\/aumarche.biz\/bf\/index.php\/wp-json\/wp\/v2\/product_tag?post=5060"}],"curies":[{"name":"wp","href":"https:\/\/api.w.org\/{rel}","templated":true}]}}