{"id":5071,"date":"2023-10-17T10:40:41","date_gmt":"2023-10-17T10:40:41","guid":{"rendered":"https:\/\/aumarche.biz\/bf\/index.php\/produit\/sandisk-external-ssd-4tb\/"},"modified":"2023-10-18T14:19:38","modified_gmt":"2023-10-18T14:19:38","slug":"sandisk-external-ssd-4tb","status":"publish","type":"product","link":"https:\/\/aumarche.biz\/bf\/index.php\/produit\/sandisk-external-ssd-4tb\/","title":{"rendered":"SANDISK external SSD 4TB"},"content":{"rendered":"<table class=\"a-normal a-spacing-micro mce-item-table\">\n<tbody>\n<tr class=\"a-spacing-small po-digital_storage_capacity\" style=\"margin-bottom: 8px !important\" data-mce-style=\"margin-bottom: 8px !important;\">\n<td class=\"a-span3\" style=\"vertical-align: top;padding: 0px 3px 3px 0px;float: none !important;margin-right: 0px;width: 105.391px\" data-mce-style=\"vertical-align: top; padding: 0px 3px 3px 0px; float: none !important; margin-right: 0px; width: 105.391px;\"><span class=\"a-size-base a-text-bold\" style=\"font-weight: 700 !important;line-height: 20px !important\" data-mce-style=\"font-weight: 700 !important; line-height: 20px !important;\">Digital Storage Capacity<\/span><\/td>\n<td class=\"a-span9\" style=\"vertical-align: top;padding: 0px 0px 3px 3px;float: none !important;margin-right: 0px;width: 334.656px\" data-mce-style=\"vertical-align: top; padding: 0px 0px 3px 3px; float: none !important; margin-right: 0px; width: 334.656px;\"><span class=\"a-size-base po-break-word\" style=\"line-height: 20px !important\" data-mce-style=\"line-height: 20px !important;\">4 TB<\/span><\/td>\n<\/tr>\n<tr class=\"a-spacing-small po-hard_disk.interface\" style=\"margin-bottom: 8px !important\" data-mce-style=\"margin-bottom: 8px !important;\">\n<td class=\"a-span3\" style=\"vertical-align: top;padding: 3px 3px 3px 0px;float: none !important;margin-right: 0px;width: 105.391px\" data-mce-style=\"vertical-align: top; padding: 3px 3px 3px 0px; float: none !important; margin-right: 0px; width: 105.391px;\"><span class=\"a-size-base a-text-bold\" style=\"font-weight: 700 !important;line-height: 20px !important\" data-mce-style=\"font-weight: 700 !important; line-height: 20px !important;\">Hard Disk Interface<\/span><\/td>\n<td class=\"a-span9\" style=\"vertical-align: top;padding: 3px 0px 3px 3px;float: none !important;margin-right: 0px;width: 334.656px\" data-mce-style=\"vertical-align: top; padding: 3px 0px 3px 3px; float: none !important; margin-right: 0px; width: 334.656px;\"><span class=\"a-size-base po-break-word\" style=\"line-height: 20px !important\" data-mce-style=\"line-height: 20px !important;\">USB 3.2<\/span><\/td>\n<\/tr>\n<tr class=\"a-spacing-small po-connectivity_technology\" style=\"margin-bottom: 8px !important\" data-mce-style=\"margin-bottom: 8px !important;\">\n<td class=\"a-span3\" style=\"vertical-align: top;padding: 3px 3px 3px 0px;float: none !important;margin-right: 0px;width: 105.391px\" data-mce-style=\"vertical-align: top; padding: 3px 3px 3px 0px; float: none !important; margin-right: 0px; width: 105.391px;\"><span class=\"a-size-base a-text-bold\" style=\"font-weight: 700 !important;line-height: 20px !important\" data-mce-style=\"font-weight: 700 !important; line-height: 20px !important;\">Connectivity Technology<\/span><\/td>\n<td class=\"a-span9\" style=\"vertical-align: top;padding: 3px 0px 3px 3px;float: none !important;margin-right: 0px;width: 334.656px\" data-mce-style=\"vertical-align: top; padding: 3px 0px 3px 3px; float: none !important; margin-right: 0px; width: 334.656px;\"><span class=\"a-size-base po-break-word\" style=\"line-height: 20px !important\" data-mce-style=\"line-height: 20px !important;\">USB<\/span><\/td>\n<\/tr>\n<tr class=\"a-spacing-small po-brand\" style=\"margin-bottom: 8px !important\" data-mce-style=\"margin-bottom: 8px !important;\">\n<td class=\"a-span3\" style=\"vertical-align: top;padding: 3px 3px 3px 0px;float: none !important;margin-right: 0px;width: 105.391px\" data-mce-style=\"vertical-align: top; padding: 3px 3px 3px 0px; float: none !important; margin-right: 0px; width: 105.391px;\"><span class=\"a-size-base a-text-bold\" style=\"font-weight: 700 !important;line-height: 20px !important\" data-mce-style=\"font-weight: 700 !important; line-height: 20px !important;\">Brand<\/span><\/td>\n<td class=\"a-span9\" style=\"vertical-align: top;padding: 3px 0px 3px 3px;float: none !important;margin-right: 0px;width: 334.656px\" data-mce-style=\"vertical-align: top; padding: 3px 0px 3px 3px; float: none !important; margin-right: 0px; width: 334.656px;\"><span class=\"a-size-base po-break-word\" style=\"line-height: 20px !important\" data-mce-style=\"line-height: 20px !important;\">SanDisk<\/span><\/td>\n<\/tr>\n<tr class=\"a-spacing-small po-special_feature\" style=\"margin-bottom: 8px !important\" data-mce-style=\"margin-bottom: 8px !important;\">\n<td class=\"a-span3\" style=\"vertical-align: top;padding: 3px 3px 3px 0px;float: none !important;margin-right: 0px;width: 105.391px\" data-mce-style=\"vertical-align: top; padding: 3px 3px 3px 0px; float: none !important; margin-right: 0px; width: 105.391px;\"><span class=\"a-size-base a-text-bold\" style=\"font-weight: 700 !important;line-height: 20px !important\" data-mce-style=\"font-weight: 700 !important; line-height: 20px !important;\">Special Feature<\/span><\/td>\n<td class=\"a-span9\" style=\"vertical-align: top;padding: 3px 0px 3px 3px;float: none !important;margin-right: 0px;width: 334.656px\" data-mce-style=\"vertical-align: top; padding: 3px 0px 3px 3px; float: none !important; margin-right: 0px; width: 334.656px;\"><span class=\"a-size-base po-break-word\" style=\"line-height: 20px !important\" data-mce-style=\"line-height: 20px !important;\">Portable<\/span><\/td>\n<\/tr>\n<tr class=\"a-spacing-small po-hard_disk_form_factor\" style=\"margin-bottom: 8px !important\" data-mce-style=\"margin-bottom: 8px !important;\">\n<td class=\"a-span3\" style=\"vertical-align: top;padding: 3px 3px 3px 0px;float: none !important;margin-right: 0px;width: 105.391px\" data-mce-style=\"vertical-align: top; padding: 3px 3px 3px 0px; float: none !important; margin-right: 0px; width: 105.391px;\"><span class=\"a-size-base a-text-bold\" style=\"font-weight: 700 !important;line-height: 20px !important\" data-mce-style=\"font-weight: 700 !important; line-height: 20px !important;\">Hard Disk Form Factor<\/span><\/td>\n<td class=\"a-span9\" style=\"vertical-align: top;padding: 3px 0px 3px 3px;float: none !important;margin-right: 0px;width: 334.656px\" data-mce-style=\"vertical-align: top; padding: 3px 0px 3px 3px; float: none !important; margin-right: 0px; width: 334.656px;\"><span class=\"a-size-base po-break-word\" style=\"line-height: 20px !important\" data-mce-style=\"line-height: 20px !important;\">2.5 Inches<\/span><\/td>\n<\/tr>\n<tr class=\"a-spacing-small po-hard_disk.description\" style=\"margin-bottom: 8px !important\" data-mce-style=\"margin-bottom: 8px !important;\">\n<td class=\"a-span3\" style=\"vertical-align: top;padding: 3px 3px 3px 0px;float: none !important;margin-right: 0px;width: 105.391px\" data-mce-style=\"vertical-align: top; padding: 3px 3px 3px 0px; float: none !important; margin-right: 0px; width: 105.391px;\"><span class=\"a-size-base a-text-bold\" style=\"font-weight: 700 !important;line-height: 20px !important\" data-mce-style=\"font-weight: 700 !important; line-height: 20px !important;\">Hard Disk Description<\/span><\/td>\n<td class=\"a-span9\" style=\"vertical-align: top;padding: 3px 0px 3px 3px;float: none !important;margin-right: 0px;width: 334.656px\" data-mce-style=\"vertical-align: top; padding: 3px 0px 3px 3px; float: none !important; margin-right: 0px; width: 334.656px;\"><span class=\"a-size-base po-break-word\" style=\"line-height: 20px !important\" data-mce-style=\"line-height: 20px !important;\">Solid State Drive<\/span><\/td>\n<\/tr>\n<tr class=\"a-spacing-small po-compatible_devices\" style=\"margin-bottom: 8px !important\" data-mce-style=\"margin-bottom: 8px !important;\">\n<td class=\"a-span3\" style=\"vertical-align: top;padding: 3px 3px 3px 0px;float: none !important;margin-right: 0px;width: 105.391px\" data-mce-style=\"vertical-align: top; padding: 3px 3px 3px 0px; float: none !important; margin-right: 0px; width: 105.391px;\"><span class=\"a-size-base a-text-bold\" style=\"font-weight: 700 !important;line-height: 20px !important\" data-mce-style=\"font-weight: 700 !important; line-height: 20px !important;\">Compatible Devices<\/span><\/td>\n<td class=\"a-span9\" style=\"vertical-align: top;padding: 3px 0px 3px 3px;float: none !important;margin-right: 0px;width: 334.656px\" data-mce-style=\"vertical-align: top; padding: 3px 0px 3px 3px; float: none !important; margin-right: 0px; width: 334.656px;\"><span class=\"a-size-base po-break-word\" style=\"line-height: 20px !important\" data-mce-style=\"line-height: 20px !important;\">Laptop, Tablet, Smartphone<\/span><\/td>\n<\/tr>\n<tr class=\"a-spacing-small po-color\" style=\"margin-bottom: 8px !important\" data-mce-style=\"margin-bottom: 8px !important;\">\n<td class=\"a-span3\" style=\"vertical-align: top;padding: 3px 3px 3px 0px;float: none !important;margin-right: 0px;width: 105.391px\" data-mce-style=\"vertical-align: top; padding: 3px 3px 3px 0px; float: none !important; margin-right: 0px; width: 105.391px;\"><span class=\"a-size-base a-text-bold\" style=\"font-weight: 700 !important;line-height: 20px !important\" data-mce-style=\"font-weight: 700 !important; line-height: 20px !important;\">Color<\/span><\/td>\n<td class=\"a-span9\" style=\"vertical-align: top;padding: 3px 0px 3px 3px;float: none !important;margin-right: 0px;width: 334.656px\" data-mce-style=\"vertical-align: top; padding: 3px 0px 3px 3px; float: none !important; margin-right: 0px; width: 334.656px;\">\n<p><span class=\"a-size-base po-break-word\" style=\"line-height: 20px !important\" data-mce-style=\"line-height: 20px !important;\">black; grey<\/span><\/p>\n<\/td>\n<\/tr>\n<tr class=\"a-spacing-small po-hard_disk.size\" style=\"margin-bottom: 8px !important\" data-mce-style=\"margin-bottom: 8px !important;\">\n<td class=\"a-span3\" style=\"vertical-align: top;padding: 3px 3px 0px 0px;float: none !important;margin-right: 0px;width: 105.391px\" data-mce-style=\"vertical-align: top; padding: 3px 3px 0px 0px; float: none !important; margin-right: 0px; width: 105.391px;\"><span class=\"a-size-base a-text-bold\" style=\"font-weight: 700 !important;line-height: 20px !important\" data-mce-style=\"font-weight: 700 !important; line-height: 20px !important;\">Hard Disk Size<\/span><\/td>\n<td class=\"a-span9\" style=\"vertical-align: top;padding: 3px 0px 0px 3px;float: none !important;margin-right: 0px;width: 334.656px\" data-mce-style=\"vertical-align: top; padding: 3px 0px 0px 3px; float: none !important; margin-right: 0px; width: 334.656px;\"><span class=\"a-size-base po-break-word\" style=\"line-height: 20px !important\" data-mce-style=\"line-height: 20px !important;\">4 TB<\/span><\/td>\n<\/tr>\n<\/tbody>\n<\/table>\n","protected":false},"excerpt":{"rendered":"<p>SANDISK external SSD 4TB\u00a0 extreme modelExtreme pro model &#8211; 1150<\/p>\n<p>est un SSD externe portable d\u2019une capacit\u00e9 de stockage de 4 To. Il dispose d\u2019une interface USB-C USB 3.2 Gen. 2&#215;2 et prend en charge la technologie NVMe, qui offre des taux de transfert de donn\u00e9es \u00e0 haut d\u00e9bit allant jusqu\u2019\u00e0 2000 Mo\/s 1. L\u2019appareil est class\u00e9 IP65 pour la r\u00e9sistance \u00e0 la poussi\u00e8re et \u00e0 l\u2019eau, ce qui le rend adapt\u00e9 \u00e0 une utilisation dans des environnements difficiles 1. L\u2019appareil est livr\u00e9 avec un ch\u00e2ssis en aluminium forg\u00e9 qui agit comme un dissipateur thermique pour maintenir des performances \u00e9lev\u00e9es m\u00eame sous de lourdes charges\u00a0<\/p>\n","protected":false},"featured_media":5204,"template":"","meta":[],"product_cat":[265,264],"product_tag":[],"class_list":{"0":"post-5071","1":"product","2":"type-product","3":"status-publish","4":"has-post-thumbnail","6":"product_brand-autres-marques","7":"product_cat-electronique","8":"product_cat-high-tech","10":"first","11":"instock","12":"taxable","13":"shipping-taxable","14":"purchasable","15":"product-type-simple","16":"col-xs-6 col-sm-4","17":"col-md-3 col-lg-3","18":"un-4-cols"},"yoast_head":"<!-- This site is optimized with the Yoast SEO plugin v26.9 - https:\/\/yoast.com\/product\/yoast-seo-wordpress\/ -->\n<title>SANDISK external SSD 4TB - AU MARCHE BURKINA<\/title>\n<meta name=\"robots\" content=\"noindex, follow, max-snippet:-1, max-image-preview:large, max-video-preview:-1\" \/>\n<meta property=\"og:locale\" content=\"fr_FR\" \/>\n<meta property=\"og:type\" content=\"article\" \/>\n<meta property=\"og:title\" content=\"SANDISK external SSD 4TB - AU MARCHE BURKINA\" \/>\n<meta property=\"og:description\" content=\"SANDISK external SSD 4TB\u00a0 extreme modelExtreme pro model - 1150est un SSD externe portable d\u2019une capacit\u00e9 de stockage de 4 To. Il dispose d\u2019une interface USB-C USB 3.2 Gen. 2x2 et prend en charge la technologie NVMe, qui offre des taux de transfert de donn\u00e9es \u00e0 haut d\u00e9bit allant jusqu\u2019\u00e0 2000 Mo\/s 1. L\u2019appareil est class\u00e9 IP65 pour la r\u00e9sistance \u00e0 la poussi\u00e8re et \u00e0 l\u2019eau, ce qui le rend adapt\u00e9 \u00e0 une utilisation dans des environnements difficiles 1. L\u2019appareil est livr\u00e9 avec un ch\u00e2ssis en aluminium forg\u00e9 qui agit comme un dissipateur thermique pour maintenir des performances \u00e9lev\u00e9es m\u00eame sous de lourdes charges\u00a0\" \/>\n<meta property=\"og:url\" content=\"https:\/\/aumarche.biz\/bf\/index.php\/produit\/sandisk-external-ssd-4tb\/\" \/>\n<meta property=\"og:site_name\" content=\"AU MARCHE BURKINA\" \/>\n<meta property=\"article:publisher\" content=\"https:\/\/www.facebook.com\/aumarchebf\" \/>\n<meta property=\"article:modified_time\" content=\"2023-10-18T14:19:38+00:00\" \/>\n<meta property=\"og:image\" content=\"https:\/\/aumarche.biz\/bf\/wp-content\/uploads\/2023\/10\/sandis.png\" \/>\n\t<meta property=\"og:image:width\" content=\"366\" \/>\n\t<meta property=\"og:image:height\" content=\"795\" \/>\n\t<meta property=\"og:image:type\" content=\"image\/png\" \/>\n<meta name=\"twitter:card\" content=\"summary_large_image\" \/>\n<script type=\"application\/ld+json\" class=\"yoast-schema-graph\">{\"@context\":\"https:\/\/schema.org\",\"@graph\":[{\"@type\":\"WebPage\",\"@id\":\"https:\/\/aumarche.biz\/bf\/index.php\/produit\/sandisk-external-ssd-4tb\/\",\"url\":\"https:\/\/aumarche.biz\/bf\/index.php\/produit\/sandisk-external-ssd-4tb\/\",\"name\":\"SANDISK external SSD 4TB - AU MARCHE BURKINA\",\"isPartOf\":{\"@id\":\"https:\/\/aumarche.biz\/bf\/#website\"},\"primaryImageOfPage\":{\"@id\":\"https:\/\/aumarche.biz\/bf\/index.php\/produit\/sandisk-external-ssd-4tb\/#primaryimage\"},\"image\":{\"@id\":\"https:\/\/aumarche.biz\/bf\/index.php\/produit\/sandisk-external-ssd-4tb\/#primaryimage\"},\"thumbnailUrl\":\"https:\/\/aumarche.biz\/bf\/wp-content\/uploads\/2023\/10\/sandis.png\",\"datePublished\":\"2023-10-17T10:40:41+00:00\",\"dateModified\":\"2023-10-18T14:19:38+00:00\",\"breadcrumb\":{\"@id\":\"https:\/\/aumarche.biz\/bf\/index.php\/produit\/sandisk-external-ssd-4tb\/#breadcrumb\"},\"inLanguage\":\"fr-FR\",\"potentialAction\":[{\"@type\":\"ReadAction\",\"target\":[\"https:\/\/aumarche.biz\/bf\/index.php\/produit\/sandisk-external-ssd-4tb\/\"]}]},{\"@type\":\"ImageObject\",\"inLanguage\":\"fr-FR\",\"@id\":\"https:\/\/aumarche.biz\/bf\/index.php\/produit\/sandisk-external-ssd-4tb\/#primaryimage\",\"url\":\"https:\/\/aumarche.biz\/bf\/wp-content\/uploads\/2023\/10\/sandis.png\",\"contentUrl\":\"https:\/\/aumarche.biz\/bf\/wp-content\/uploads\/2023\/10\/sandis.png\",\"width\":366,\"height\":795},{\"@type\":\"BreadcrumbList\",\"@id\":\"https:\/\/aumarche.biz\/bf\/index.php\/produit\/sandisk-external-ssd-4tb\/#breadcrumb\",\"itemListElement\":[{\"@type\":\"ListItem\",\"position\":1,\"name\":\"Accueil\",\"item\":\"https:\/\/aumarche.biz\/bf\/\"},{\"@type\":\"ListItem\",\"position\":2,\"name\":\"Boutique\",\"item\":\"https:\/\/aumarche.biz\/bf\/index.php\/boutique\/\"},{\"@type\":\"ListItem\",\"position\":3,\"name\":\"SANDISK external SSD 4TB\"}]},{\"@type\":\"WebSite\",\"@id\":\"https:\/\/aumarche.biz\/bf\/#website\",\"url\":\"https:\/\/aumarche.biz\/bf\/\",\"name\":\"aumarche.biz\",\"description\":\"Vendre et acheter autrement\",\"publisher\":{\"@id\":\"https:\/\/aumarche.biz\/bf\/#organization\"},\"potentialAction\":[{\"@type\":\"SearchAction\",\"target\":{\"@type\":\"EntryPoint\",\"urlTemplate\":\"https:\/\/aumarche.biz\/bf\/?s={search_term_string}\"},\"query-input\":{\"@type\":\"PropertyValueSpecification\",\"valueRequired\":true,\"valueName\":\"search_term_string\"}}],\"inLanguage\":\"fr-FR\"},{\"@type\":\"Organization\",\"@id\":\"https:\/\/aumarche.biz\/bf\/#organization\",\"name\":\"aumarche.biz\",\"url\":\"https:\/\/aumarche.biz\/bf\/\",\"logo\":{\"@type\":\"ImageObject\",\"inLanguage\":\"fr-FR\",\"@id\":\"https:\/\/aumarche.biz\/bf\/#\/schema\/logo\/image\/\",\"url\":\"https:\/\/aumarche.biz\/bf\/wp-content\/uploads\/2023\/09\/favicone.png\",\"contentUrl\":\"https:\/\/aumarche.biz\/bf\/wp-content\/uploads\/2023\/09\/favicone.png\",\"width\":64,\"height\":64,\"caption\":\"aumarche.biz\"},\"image\":{\"@id\":\"https:\/\/aumarche.biz\/bf\/#\/schema\/logo\/image\/\"},\"sameAs\":[\"https:\/\/www.facebook.com\/aumarchebf\"]}]}<\/script>\n<!-- \/ Yoast SEO plugin. -->","yoast_head_json":{"title":"SANDISK external SSD 4TB - AU MARCHE BURKINA","robots":{"index":"noindex","follow":"follow","max-snippet":"max-snippet:-1","max-image-preview":"max-image-preview:large","max-video-preview":"max-video-preview:-1"},"og_locale":"fr_FR","og_type":"article","og_title":"SANDISK external SSD 4TB - AU MARCHE BURKINA","og_description":"SANDISK external SSD 4TB\u00a0 extreme modelExtreme pro model - 1150est un SSD externe portable d\u2019une capacit\u00e9 de stockage de 4 To. Il dispose d\u2019une interface USB-C USB 3.2 Gen. 2x2 et prend en charge la technologie NVMe, qui offre des taux de transfert de donn\u00e9es \u00e0 haut d\u00e9bit allant jusqu\u2019\u00e0 2000 Mo\/s 1. L\u2019appareil est class\u00e9 IP65 pour la r\u00e9sistance \u00e0 la poussi\u00e8re et \u00e0 l\u2019eau, ce qui le rend adapt\u00e9 \u00e0 une utilisation dans des environnements difficiles 1. L\u2019appareil est livr\u00e9 avec un ch\u00e2ssis en aluminium forg\u00e9 qui agit comme un dissipateur thermique pour maintenir des performances \u00e9lev\u00e9es m\u00eame sous de lourdes charges\u00a0","og_url":"https:\/\/aumarche.biz\/bf\/index.php\/produit\/sandisk-external-ssd-4tb\/","og_site_name":"AU MARCHE BURKINA","article_publisher":"https:\/\/www.facebook.com\/aumarchebf","article_modified_time":"2023-10-18T14:19:38+00:00","og_image":[{"width":366,"height":795,"url":"https:\/\/aumarche.biz\/bf\/wp-content\/uploads\/2023\/10\/sandis.png","type":"image\/png"}],"twitter_card":"summary_large_image","schema":{"@context":"https:\/\/schema.org","@graph":[{"@type":"WebPage","@id":"https:\/\/aumarche.biz\/bf\/index.php\/produit\/sandisk-external-ssd-4tb\/","url":"https:\/\/aumarche.biz\/bf\/index.php\/produit\/sandisk-external-ssd-4tb\/","name":"SANDISK external SSD 4TB - AU MARCHE BURKINA","isPartOf":{"@id":"https:\/\/aumarche.biz\/bf\/#website"},"primaryImageOfPage":{"@id":"https:\/\/aumarche.biz\/bf\/index.php\/produit\/sandisk-external-ssd-4tb\/#primaryimage"},"image":{"@id":"https:\/\/aumarche.biz\/bf\/index.php\/produit\/sandisk-external-ssd-4tb\/#primaryimage"},"thumbnailUrl":"https:\/\/aumarche.biz\/bf\/wp-content\/uploads\/2023\/10\/sandis.png","datePublished":"2023-10-17T10:40:41+00:00","dateModified":"2023-10-18T14:19:38+00:00","breadcrumb":{"@id":"https:\/\/aumarche.biz\/bf\/index.php\/produit\/sandisk-external-ssd-4tb\/#breadcrumb"},"inLanguage":"fr-FR","potentialAction":[{"@type":"ReadAction","target":["https:\/\/aumarche.biz\/bf\/index.php\/produit\/sandisk-external-ssd-4tb\/"]}]},{"@type":"ImageObject","inLanguage":"fr-FR","@id":"https:\/\/aumarche.biz\/bf\/index.php\/produit\/sandisk-external-ssd-4tb\/#primaryimage","url":"https:\/\/aumarche.biz\/bf\/wp-content\/uploads\/2023\/10\/sandis.png","contentUrl":"https:\/\/aumarche.biz\/bf\/wp-content\/uploads\/2023\/10\/sandis.png","width":366,"height":795},{"@type":"BreadcrumbList","@id":"https:\/\/aumarche.biz\/bf\/index.php\/produit\/sandisk-external-ssd-4tb\/#breadcrumb","itemListElement":[{"@type":"ListItem","position":1,"name":"Accueil","item":"https:\/\/aumarche.biz\/bf\/"},{"@type":"ListItem","position":2,"name":"Boutique","item":"https:\/\/aumarche.biz\/bf\/index.php\/boutique\/"},{"@type":"ListItem","position":3,"name":"SANDISK external SSD 4TB"}]},{"@type":"WebSite","@id":"https:\/\/aumarche.biz\/bf\/#website","url":"https:\/\/aumarche.biz\/bf\/","name":"aumarche.biz","description":"Vendre et acheter autrement","publisher":{"@id":"https:\/\/aumarche.biz\/bf\/#organization"},"potentialAction":[{"@type":"SearchAction","target":{"@type":"EntryPoint","urlTemplate":"https:\/\/aumarche.biz\/bf\/?s={search_term_string}"},"query-input":{"@type":"PropertyValueSpecification","valueRequired":true,"valueName":"search_term_string"}}],"inLanguage":"fr-FR"},{"@type":"Organization","@id":"https:\/\/aumarche.biz\/bf\/#organization","name":"aumarche.biz","url":"https:\/\/aumarche.biz\/bf\/","logo":{"@type":"ImageObject","inLanguage":"fr-FR","@id":"https:\/\/aumarche.biz\/bf\/#\/schema\/logo\/image\/","url":"https:\/\/aumarche.biz\/bf\/wp-content\/uploads\/2023\/09\/favicone.png","contentUrl":"https:\/\/aumarche.biz\/bf\/wp-content\/uploads\/2023\/09\/favicone.png","width":64,"height":64,"caption":"aumarche.biz"},"image":{"@id":"https:\/\/aumarche.biz\/bf\/#\/schema\/logo\/image\/"},"sameAs":["https:\/\/www.facebook.com\/aumarchebf"]}]}},"_links":{"self":[{"href":"https:\/\/aumarche.biz\/bf\/index.php\/wp-json\/wp\/v2\/product\/5071","targetHints":{"allow":["GET"]}}],"collection":[{"href":"https:\/\/aumarche.biz\/bf\/index.php\/wp-json\/wp\/v2\/product"}],"about":[{"href":"https:\/\/aumarche.biz\/bf\/index.php\/wp-json\/wp\/v2\/types\/product"}],"wp:featuredmedia":[{"embeddable":true,"href":"https:\/\/aumarche.biz\/bf\/index.php\/wp-json\/wp\/v2\/media\/5204"}],"wp:attachment":[{"href":"https:\/\/aumarche.biz\/bf\/index.php\/wp-json\/wp\/v2\/media?parent=5071"}],"wp:term":[{"taxonomy":"product_cat","embeddable":true,"href":"https:\/\/aumarche.biz\/bf\/index.php\/wp-json\/wp\/v2\/product_cat?post=5071"},{"taxonomy":"product_tag","embeddable":true,"href":"https:\/\/aumarche.biz\/bf\/index.php\/wp-json\/wp\/v2\/product_tag?post=5071"}],"curies":[{"name":"wp","href":"https:\/\/api.w.org\/{rel}","templated":true}]}}