{"id":5080,"date":"2023-10-17T11:09:04","date_gmt":"2023-10-17T11:09:04","guid":{"rendered":"https:\/\/aumarche.biz\/bf\/index.php\/produit\/logitec-wireless-mouse-m170\/"},"modified":"2023-10-17T11:09:04","modified_gmt":"2023-10-17T11:09:04","slug":"logitec-wireless-mouse-m170","status":"publish","type":"product","link":"https:\/\/aumarche.biz\/bf\/index.php\/produit\/logitec-wireless-mouse-m170\/","title":{"rendered":"LOGITEC WIRELESS MOUSE M170"},"content":{"rendered":"<p><br style=\"font-family: Montserrat, sans-serif;font-size: 13px;text-align: justify\"><\/p>\n<h2 style=\"border: 0px;font-weight: 400;font-size: 20px;line-height: 22px;font-family: Montserrat, sans-serif;margin: 20px 0px;padding: 0px;vertical-align: baseline;text-transform: uppercase\">CARACT\u00c9RISTIQUES PRINCIPALES :<\/h2>\n<ul style=\"border: 0px;font-size: 13px;line-height: inherit;font-family: Montserrat, sans-serif;margin: 0px;padding: 0px;vertical-align: baseline;text-align: justify\">\n<li style=\"border: 0px;font-style: inherit;font-variant: inherit;font-weight: inherit;line-height: inherit;font-family: inherit;margin: 0px;padding: 0px 0px 0px 10px;vertical-align: baseline;position: relative\"><span style=\"font-weight: 600;border: 0px;font-style: inherit;font-variant: inherit;font-size: inherit;line-height: inherit;font-family: inherit;margin: 0px;padding: 0px;vertical-align: baseline\">Souris sans fil optique avec connexion 2.4 GHz<\/span><\/li>\n<li style=\"border: 0px;font-style: inherit;font-variant: inherit;font-weight: inherit;line-height: inherit;font-family: inherit;margin: 0px;padding: 0px 0px 0px 10px;vertical-align: baseline;position: relative\">Port\u00e9e sans fil : 10 m\u00e8tres<\/li>\n<li style=\"border: 0px;font-style: inherit;font-variant: inherit;font-weight: inherit;line-height: inherit;font-family: inherit;margin: 0px;padding: 0px 0px 0px 10px;vertical-align: baseline;position: relative\">Autonomie : 1 an<\/li>\n<li style=\"border: 0px;font-style: inherit;font-variant: inherit;font-weight: inherit;line-height: inherit;font-family: inherit;margin: 0px;padding: 0px 0px 0px 10px;vertical-align: baseline;position: relative\">Dimensions (hauteur x largeur x \u00e9paisseur)\u00a0: 98 x 61 x 35 mm<\/li>\n<li style=\"border: 0px;font-style: inherit;font-variant: inherit;font-weight: inherit;line-height: inherit;font-family: inherit;margin: 0px;padding: 0px 0px 0px 10px;vertical-align: baseline;position: relative\">Poids : 75 grammes<\/li>\n<\/ul>\n","protected":false},"excerpt":{"rendered":"<p><span style=\"font-family: Montserrat, sans-serif;font-size: 13px;text-align: justify\">Gr\u00e2ce \u00e0 la souris\u00a0<\/span><span style=\"font-weight: 600;border: 0px;font-size: 13px;line-height: inherit;font-family: Montserrat, sans-serif;margin: 0px;padding: 0px;vertical-align: baseline;text-align: justify\">Logitech M170 Wireless Mouse<\/span><span style=\"font-family: Montserrat, sans-serif;font-size: 13px;text-align: justify\">, profitez de la fiabilit\u00e9 d&rsquo;un dispositif filaire, mais avec la libert\u00e9 et la commodit\u00e9 d&rsquo;une connexion sans fil d&rsquo;une port\u00e9e de 10 m\u00e8tres gr\u00e2ce \u00e0 la technologie sans fil 2,4 GHz de pointe Logitech. Abordable et simple d&rsquo;utilisation, il vous suffit de connecter le nano-r\u00e9cepteur sans fil \u00e0 un port USB pour utiliser la souris.<\/span><br data-mce-bogus=\"1\"><\/p>\n","protected":false},"featured_media":5075,"template":"","meta":[],"product_cat":[265,264],"product_tag":[],"class_list":{"0":"post-5080","1":"product","2":"type-product","3":"status-publish","4":"has-post-thumbnail","6":"product_brand-autres-marques","7":"product_cat-electronique","8":"product_cat-high-tech","10":"first","11":"instock","12":"taxable","13":"shipping-taxable","14":"purchasable","15":"product-type-simple","16":"col-xs-6 col-sm-4","17":"col-md-3 col-lg-3","18":"un-4-cols"},"yoast_head":"<!-- This site is optimized with the Yoast SEO plugin v26.9 - https:\/\/yoast.com\/product\/yoast-seo-wordpress\/ -->\n<title>LOGITEC WIRELESS MOUSE M170 - AU MARCHE BURKINA<\/title>\n<meta name=\"robots\" content=\"noindex, follow, max-snippet:-1, max-image-preview:large, max-video-preview:-1\" \/>\n<meta property=\"og:locale\" content=\"fr_FR\" \/>\n<meta property=\"og:type\" content=\"article\" \/>\n<meta property=\"og:title\" content=\"LOGITEC WIRELESS MOUSE M170 - AU MARCHE BURKINA\" \/>\n<meta property=\"og:description\" content=\"Gr\u00e2ce \u00e0 la souris\u00a0Logitech M170 Wireless Mouse, profitez de la fiabilit\u00e9 d&#039;un dispositif filaire, mais avec la libert\u00e9 et la commodit\u00e9 d&#039;une connexion sans fil d&#039;une port\u00e9e de 10 m\u00e8tres gr\u00e2ce \u00e0 la technologie sans fil 2,4 GHz de pointe Logitech. Abordable et simple d&#039;utilisation, il vous suffit de connecter le nano-r\u00e9cepteur sans fil \u00e0 un port USB pour utiliser la souris.\" \/>\n<meta property=\"og:url\" content=\"https:\/\/aumarche.biz\/bf\/index.php\/produit\/logitec-wireless-mouse-m170\/\" \/>\n<meta property=\"og:site_name\" content=\"AU MARCHE BURKINA\" \/>\n<meta property=\"article:publisher\" content=\"https:\/\/www.facebook.com\/aumarchebf\" \/>\n<meta property=\"og:image\" content=\"https:\/\/aumarche.biz\/bf\/wp-content\/uploads\/2023\/10\/LD0006002224.jpg\" \/>\n\t<meta property=\"og:image:width\" content=\"1600\" \/>\n\t<meta property=\"og:image:height\" content=\"1600\" \/>\n\t<meta property=\"og:image:type\" content=\"image\/jpeg\" \/>\n<meta name=\"twitter:card\" content=\"summary_large_image\" \/>\n<script type=\"application\/ld+json\" class=\"yoast-schema-graph\">{\"@context\":\"https:\/\/schema.org\",\"@graph\":[{\"@type\":\"WebPage\",\"@id\":\"https:\/\/aumarche.biz\/bf\/index.php\/produit\/logitec-wireless-mouse-m170\/\",\"url\":\"https:\/\/aumarche.biz\/bf\/index.php\/produit\/logitec-wireless-mouse-m170\/\",\"name\":\"LOGITEC WIRELESS MOUSE M170 - AU MARCHE BURKINA\",\"isPartOf\":{\"@id\":\"https:\/\/aumarche.biz\/bf\/#website\"},\"primaryImageOfPage\":{\"@id\":\"https:\/\/aumarche.biz\/bf\/index.php\/produit\/logitec-wireless-mouse-m170\/#primaryimage\"},\"image\":{\"@id\":\"https:\/\/aumarche.biz\/bf\/index.php\/produit\/logitec-wireless-mouse-m170\/#primaryimage\"},\"thumbnailUrl\":\"https:\/\/aumarche.biz\/bf\/wp-content\/uploads\/2023\/10\/LD0006002224.jpg\",\"datePublished\":\"2023-10-17T11:09:04+00:00\",\"breadcrumb\":{\"@id\":\"https:\/\/aumarche.biz\/bf\/index.php\/produit\/logitec-wireless-mouse-m170\/#breadcrumb\"},\"inLanguage\":\"fr-FR\",\"potentialAction\":[{\"@type\":\"ReadAction\",\"target\":[\"https:\/\/aumarche.biz\/bf\/index.php\/produit\/logitec-wireless-mouse-m170\/\"]}]},{\"@type\":\"ImageObject\",\"inLanguage\":\"fr-FR\",\"@id\":\"https:\/\/aumarche.biz\/bf\/index.php\/produit\/logitec-wireless-mouse-m170\/#primaryimage\",\"url\":\"https:\/\/aumarche.biz\/bf\/wp-content\/uploads\/2023\/10\/LD0006002224.jpg\",\"contentUrl\":\"https:\/\/aumarche.biz\/bf\/wp-content\/uploads\/2023\/10\/LD0006002224.jpg\",\"width\":1600,\"height\":1600},{\"@type\":\"BreadcrumbList\",\"@id\":\"https:\/\/aumarche.biz\/bf\/index.php\/produit\/logitec-wireless-mouse-m170\/#breadcrumb\",\"itemListElement\":[{\"@type\":\"ListItem\",\"position\":1,\"name\":\"Accueil\",\"item\":\"https:\/\/aumarche.biz\/bf\/\"},{\"@type\":\"ListItem\",\"position\":2,\"name\":\"Boutique\",\"item\":\"https:\/\/aumarche.biz\/bf\/index.php\/boutique\/\"},{\"@type\":\"ListItem\",\"position\":3,\"name\":\"LOGITEC WIRELESS MOUSE M170\"}]},{\"@type\":\"WebSite\",\"@id\":\"https:\/\/aumarche.biz\/bf\/#website\",\"url\":\"https:\/\/aumarche.biz\/bf\/\",\"name\":\"aumarche.biz\",\"description\":\"Vendre et acheter autrement\",\"publisher\":{\"@id\":\"https:\/\/aumarche.biz\/bf\/#organization\"},\"potentialAction\":[{\"@type\":\"SearchAction\",\"target\":{\"@type\":\"EntryPoint\",\"urlTemplate\":\"https:\/\/aumarche.biz\/bf\/?s={search_term_string}\"},\"query-input\":{\"@type\":\"PropertyValueSpecification\",\"valueRequired\":true,\"valueName\":\"search_term_string\"}}],\"inLanguage\":\"fr-FR\"},{\"@type\":\"Organization\",\"@id\":\"https:\/\/aumarche.biz\/bf\/#organization\",\"name\":\"aumarche.biz\",\"url\":\"https:\/\/aumarche.biz\/bf\/\",\"logo\":{\"@type\":\"ImageObject\",\"inLanguage\":\"fr-FR\",\"@id\":\"https:\/\/aumarche.biz\/bf\/#\/schema\/logo\/image\/\",\"url\":\"https:\/\/aumarche.biz\/bf\/wp-content\/uploads\/2023\/09\/favicone.png\",\"contentUrl\":\"https:\/\/aumarche.biz\/bf\/wp-content\/uploads\/2023\/09\/favicone.png\",\"width\":64,\"height\":64,\"caption\":\"aumarche.biz\"},\"image\":{\"@id\":\"https:\/\/aumarche.biz\/bf\/#\/schema\/logo\/image\/\"},\"sameAs\":[\"https:\/\/www.facebook.com\/aumarchebf\"]}]}<\/script>\n<!-- \/ Yoast SEO plugin. -->","yoast_head_json":{"title":"LOGITEC WIRELESS MOUSE M170 - AU MARCHE BURKINA","robots":{"index":"noindex","follow":"follow","max-snippet":"max-snippet:-1","max-image-preview":"max-image-preview:large","max-video-preview":"max-video-preview:-1"},"og_locale":"fr_FR","og_type":"article","og_title":"LOGITEC WIRELESS MOUSE M170 - AU MARCHE BURKINA","og_description":"Gr\u00e2ce \u00e0 la souris\u00a0Logitech M170 Wireless Mouse, profitez de la fiabilit\u00e9 d'un dispositif filaire, mais avec la libert\u00e9 et la commodit\u00e9 d'une connexion sans fil d'une port\u00e9e de 10 m\u00e8tres gr\u00e2ce \u00e0 la technologie sans fil 2,4 GHz de pointe Logitech. Abordable et simple d'utilisation, il vous suffit de connecter le nano-r\u00e9cepteur sans fil \u00e0 un port USB pour utiliser la souris.","og_url":"https:\/\/aumarche.biz\/bf\/index.php\/produit\/logitec-wireless-mouse-m170\/","og_site_name":"AU MARCHE BURKINA","article_publisher":"https:\/\/www.facebook.com\/aumarchebf","og_image":[{"width":1600,"height":1600,"url":"https:\/\/aumarche.biz\/bf\/wp-content\/uploads\/2023\/10\/LD0006002224.jpg","type":"image\/jpeg"}],"twitter_card":"summary_large_image","schema":{"@context":"https:\/\/schema.org","@graph":[{"@type":"WebPage","@id":"https:\/\/aumarche.biz\/bf\/index.php\/produit\/logitec-wireless-mouse-m170\/","url":"https:\/\/aumarche.biz\/bf\/index.php\/produit\/logitec-wireless-mouse-m170\/","name":"LOGITEC WIRELESS MOUSE M170 - AU MARCHE BURKINA","isPartOf":{"@id":"https:\/\/aumarche.biz\/bf\/#website"},"primaryImageOfPage":{"@id":"https:\/\/aumarche.biz\/bf\/index.php\/produit\/logitec-wireless-mouse-m170\/#primaryimage"},"image":{"@id":"https:\/\/aumarche.biz\/bf\/index.php\/produit\/logitec-wireless-mouse-m170\/#primaryimage"},"thumbnailUrl":"https:\/\/aumarche.biz\/bf\/wp-content\/uploads\/2023\/10\/LD0006002224.jpg","datePublished":"2023-10-17T11:09:04+00:00","breadcrumb":{"@id":"https:\/\/aumarche.biz\/bf\/index.php\/produit\/logitec-wireless-mouse-m170\/#breadcrumb"},"inLanguage":"fr-FR","potentialAction":[{"@type":"ReadAction","target":["https:\/\/aumarche.biz\/bf\/index.php\/produit\/logitec-wireless-mouse-m170\/"]}]},{"@type":"ImageObject","inLanguage":"fr-FR","@id":"https:\/\/aumarche.biz\/bf\/index.php\/produit\/logitec-wireless-mouse-m170\/#primaryimage","url":"https:\/\/aumarche.biz\/bf\/wp-content\/uploads\/2023\/10\/LD0006002224.jpg","contentUrl":"https:\/\/aumarche.biz\/bf\/wp-content\/uploads\/2023\/10\/LD0006002224.jpg","width":1600,"height":1600},{"@type":"BreadcrumbList","@id":"https:\/\/aumarche.biz\/bf\/index.php\/produit\/logitec-wireless-mouse-m170\/#breadcrumb","itemListElement":[{"@type":"ListItem","position":1,"name":"Accueil","item":"https:\/\/aumarche.biz\/bf\/"},{"@type":"ListItem","position":2,"name":"Boutique","item":"https:\/\/aumarche.biz\/bf\/index.php\/boutique\/"},{"@type":"ListItem","position":3,"name":"LOGITEC WIRELESS MOUSE M170"}]},{"@type":"WebSite","@id":"https:\/\/aumarche.biz\/bf\/#website","url":"https:\/\/aumarche.biz\/bf\/","name":"aumarche.biz","description":"Vendre et acheter autrement","publisher":{"@id":"https:\/\/aumarche.biz\/bf\/#organization"},"potentialAction":[{"@type":"SearchAction","target":{"@type":"EntryPoint","urlTemplate":"https:\/\/aumarche.biz\/bf\/?s={search_term_string}"},"query-input":{"@type":"PropertyValueSpecification","valueRequired":true,"valueName":"search_term_string"}}],"inLanguage":"fr-FR"},{"@type":"Organization","@id":"https:\/\/aumarche.biz\/bf\/#organization","name":"aumarche.biz","url":"https:\/\/aumarche.biz\/bf\/","logo":{"@type":"ImageObject","inLanguage":"fr-FR","@id":"https:\/\/aumarche.biz\/bf\/#\/schema\/logo\/image\/","url":"https:\/\/aumarche.biz\/bf\/wp-content\/uploads\/2023\/09\/favicone.png","contentUrl":"https:\/\/aumarche.biz\/bf\/wp-content\/uploads\/2023\/09\/favicone.png","width":64,"height":64,"caption":"aumarche.biz"},"image":{"@id":"https:\/\/aumarche.biz\/bf\/#\/schema\/logo\/image\/"},"sameAs":["https:\/\/www.facebook.com\/aumarchebf"]}]}},"_links":{"self":[{"href":"https:\/\/aumarche.biz\/bf\/index.php\/wp-json\/wp\/v2\/product\/5080","targetHints":{"allow":["GET"]}}],"collection":[{"href":"https:\/\/aumarche.biz\/bf\/index.php\/wp-json\/wp\/v2\/product"}],"about":[{"href":"https:\/\/aumarche.biz\/bf\/index.php\/wp-json\/wp\/v2\/types\/product"}],"wp:featuredmedia":[{"embeddable":true,"href":"https:\/\/aumarche.biz\/bf\/index.php\/wp-json\/wp\/v2\/media\/5075"}],"wp:attachment":[{"href":"https:\/\/aumarche.biz\/bf\/index.php\/wp-json\/wp\/v2\/media?parent=5080"}],"wp:term":[{"taxonomy":"product_cat","embeddable":true,"href":"https:\/\/aumarche.biz\/bf\/index.php\/wp-json\/wp\/v2\/product_cat?post=5080"},{"taxonomy":"product_tag","embeddable":true,"href":"https:\/\/aumarche.biz\/bf\/index.php\/wp-json\/wp\/v2\/product_tag?post=5080"}],"curies":[{"name":"wp","href":"https:\/\/api.w.org\/{rel}","templated":true}]}}