{"id":5094,"date":"2023-10-17T11:28:48","date_gmt":"2023-10-17T11:28:48","guid":{"rendered":"https:\/\/aumarche.biz\/bf\/index.php\/produit\/ubiquiti-unifi-u6-pro\/"},"modified":"2023-10-17T11:28:48","modified_gmt":"2023-10-17T11:28:48","slug":"ubiquiti-unifi-u6-pro","status":"publish","type":"product","link":"https:\/\/aumarche.biz\/bf\/index.php\/produit\/ubiquiti-unifi-u6-pro\/","title":{"rendered":"UBIQUITI UNIFI U6 PRO"},"content":{"rendered":"<ul style=\"padding: 0px;margin: 0px 0px 20px 25px;font-family: Lato\">\n<li style=\"line-height: 20px;margin-left: 0px\">Wi-Fi 6 \u00e0 haut rendement 2&#215;2<\/li>\n<li style=\"line-height: 20px;margin-left: 0px\">Bande 5 GHz 4&#215;4 MU-MIMO avec un d\u00e9bit radio de 4,8 Gbps<\/li>\n<li style=\"line-height: 20px;margin-left: 0px\">Bande 2,4 GHz 2&#215;2 MIMO avec un d\u00e9bit radio de 573,5 Mbps<\/li>\n<li style=\"line-height: 20px;margin-left: 0px\">Isolation du trafic invit\u00e9, qui am\u00e9liore la s\u00e9curit\u00e9 du r\u00e9seau sans fil et r\u00e9duit la congestion du trafic<\/li>\n<li style=\"line-height: 20px;margin-left: 0px\">Gigabit Ethernet, aliment\u00e9 par PoE 802.3af (injecteur PoE non inclus)<\/li>\n<li style=\"line-height: 20px;margin-left: 0px\">Plaque de montage universelle, plaque de support et kit de vis inclus<\/li>\n<li style=\"line-height: 20px;margin-left: 0px\">G\u00e9r\u00e9 par UniFi Network Controller version: 6.1.56 ou sup\u00e9rieur<\/li>\n<\/ul>\n","protected":false},"excerpt":{"rendered":"<p style=\"margin: 5px 0px;font-family: Lato;line-height: 25px\">Le point d&rsquo;acc\u00e8s WiFi 6 Pro (U6 Pro) est un point d&rsquo;acc\u00e8s WiFi 6 double bande hautes performances id\u00e9al pour une utilisation \u00e0 la maison et au bureau.<\/p>\n<p style=\"margin: 5px 0px;font-family: Lato;line-height: 25px\">L&rsquo;U6 Pro est capable d&rsquo;atteindre un d\u00e9bit jusqu&rsquo;\u00e0 5,3 Gbit\/s avec ses bandes 5 GHz (4&#215;4 MIMO) et 2,4 GHz (2&#215;2 MIMO), ce qui lui permet de prendre en charge plus de 300 clients connect\u00e9s simultan\u00e9ment tout en maintenant une exp\u00e9rience sans fil uniforme et fiable<\/p>\n<p style=\"margin: 5px 0px;font-family: Lato;line-height: 25px\">Il peut \u00e9galement isoler le trafic de vos invit\u00e9s pour assurer une s\u00e9curit\u00e9 et une vitesse optimales. L&rsquo;U6 Pro fonctionne \u00e9galement \u00e0 pleine capacit\u00e9 MIMO 4&#215;4 avec des canaux de 160 MHz pour cr\u00e9er des liaisons montantes sans fil haute capacit\u00e9 et faciliter un transfert de donn\u00e9es plus rapide.<\/p>\n<p style=\"margin: 5px 0px;font-family: Lato;line-height: 25px\">Il peut \u00eatre configur\u00e9 en quelques minutes et enti\u00e8rement g\u00e9r\u00e9 avec l&rsquo;application UniFi Network.<\/p>\n","protected":false},"featured_media":5088,"template":"","meta":[],"product_cat":[265,264],"product_tag":[],"class_list":{"0":"post-5094","1":"product","2":"type-product","3":"status-publish","4":"has-post-thumbnail","6":"product_brand-autres-marques","7":"product_cat-electronique","8":"product_cat-high-tech","10":"first","11":"instock","12":"taxable","13":"shipping-taxable","14":"purchasable","15":"product-type-simple","16":"col-xs-6 col-sm-4","17":"col-md-3 col-lg-3","18":"un-4-cols"},"yoast_head":"<!-- This site is optimized with the Yoast SEO plugin v26.9 - https:\/\/yoast.com\/product\/yoast-seo-wordpress\/ -->\n<title>UBIQUITI UNIFI U6 PRO - AU MARCHE BURKINA<\/title>\n<meta name=\"robots\" content=\"noindex, follow, max-snippet:-1, max-image-preview:large, max-video-preview:-1\" \/>\n<meta property=\"og:locale\" content=\"fr_FR\" \/>\n<meta property=\"og:type\" content=\"article\" \/>\n<meta property=\"og:title\" content=\"UBIQUITI UNIFI U6 PRO - AU MARCHE BURKINA\" \/>\n<meta property=\"og:description\" content=\"Le point d&#039;acc\u00e8s WiFi 6 Pro (U6 Pro) est un point d&#039;acc\u00e8s WiFi 6 double bande hautes performances id\u00e9al pour une utilisation \u00e0 la maison et au bureau.L&#039;U6 Pro est capable d&#039;atteindre un d\u00e9bit jusqu&#039;\u00e0 5,3 Gbit\/s avec ses bandes 5 GHz (4x4 MIMO) et 2,4 GHz (2x2 MIMO), ce qui lui permet de prendre en charge plus de 300 clients connect\u00e9s simultan\u00e9ment tout en maintenant une exp\u00e9rience sans fil uniforme et fiableIl peut \u00e9galement isoler le trafic de vos invit\u00e9s pour assurer une s\u00e9curit\u00e9 et une vitesse optimales. L&#039;U6 Pro fonctionne \u00e9galement \u00e0 pleine capacit\u00e9 MIMO 4x4 avec des canaux de 160 MHz pour cr\u00e9er des liaisons montantes sans fil haute capacit\u00e9 et faciliter un transfert de donn\u00e9es plus rapide.Il peut \u00eatre configur\u00e9 en quelques minutes et enti\u00e8rement g\u00e9r\u00e9 avec l&#039;application UniFi Network.\" \/>\n<meta property=\"og:url\" content=\"https:\/\/aumarche.biz\/bf\/index.php\/produit\/ubiquiti-unifi-u6-pro\/\" \/>\n<meta property=\"og:site_name\" content=\"AU MARCHE BURKINA\" \/>\n<meta property=\"article:publisher\" content=\"https:\/\/www.facebook.com\/aumarchebf\" \/>\n<meta property=\"og:image\" content=\"https:\/\/aumarche.biz\/bf\/wp-content\/uploads\/2023\/10\/217467198_xxl3.jpg\" \/>\n\t<meta property=\"og:image:width\" content=\"698\" \/>\n\t<meta property=\"og:image:height\" content=\"725\" \/>\n\t<meta property=\"og:image:type\" content=\"image\/jpeg\" \/>\n<meta name=\"twitter:card\" content=\"summary_large_image\" \/>\n<script type=\"application\/ld+json\" class=\"yoast-schema-graph\">{\"@context\":\"https:\/\/schema.org\",\"@graph\":[{\"@type\":\"WebPage\",\"@id\":\"https:\/\/aumarche.biz\/bf\/index.php\/produit\/ubiquiti-unifi-u6-pro\/\",\"url\":\"https:\/\/aumarche.biz\/bf\/index.php\/produit\/ubiquiti-unifi-u6-pro\/\",\"name\":\"UBIQUITI UNIFI U6 PRO - AU MARCHE BURKINA\",\"isPartOf\":{\"@id\":\"https:\/\/aumarche.biz\/bf\/#website\"},\"primaryImageOfPage\":{\"@id\":\"https:\/\/aumarche.biz\/bf\/index.php\/produit\/ubiquiti-unifi-u6-pro\/#primaryimage\"},\"image\":{\"@id\":\"https:\/\/aumarche.biz\/bf\/index.php\/produit\/ubiquiti-unifi-u6-pro\/#primaryimage\"},\"thumbnailUrl\":\"https:\/\/aumarche.biz\/bf\/wp-content\/uploads\/2023\/10\/217467198_xxl3.jpg\",\"datePublished\":\"2023-10-17T11:28:48+00:00\",\"breadcrumb\":{\"@id\":\"https:\/\/aumarche.biz\/bf\/index.php\/produit\/ubiquiti-unifi-u6-pro\/#breadcrumb\"},\"inLanguage\":\"fr-FR\",\"potentialAction\":[{\"@type\":\"ReadAction\",\"target\":[\"https:\/\/aumarche.biz\/bf\/index.php\/produit\/ubiquiti-unifi-u6-pro\/\"]}]},{\"@type\":\"ImageObject\",\"inLanguage\":\"fr-FR\",\"@id\":\"https:\/\/aumarche.biz\/bf\/index.php\/produit\/ubiquiti-unifi-u6-pro\/#primaryimage\",\"url\":\"https:\/\/aumarche.biz\/bf\/wp-content\/uploads\/2023\/10\/217467198_xxl3.jpg\",\"contentUrl\":\"https:\/\/aumarche.biz\/bf\/wp-content\/uploads\/2023\/10\/217467198_xxl3.jpg\",\"width\":698,\"height\":725},{\"@type\":\"BreadcrumbList\",\"@id\":\"https:\/\/aumarche.biz\/bf\/index.php\/produit\/ubiquiti-unifi-u6-pro\/#breadcrumb\",\"itemListElement\":[{\"@type\":\"ListItem\",\"position\":1,\"name\":\"Accueil\",\"item\":\"https:\/\/aumarche.biz\/bf\/\"},{\"@type\":\"ListItem\",\"position\":2,\"name\":\"Boutique\",\"item\":\"https:\/\/aumarche.biz\/bf\/index.php\/boutique\/\"},{\"@type\":\"ListItem\",\"position\":3,\"name\":\"UBIQUITI UNIFI U6 PRO\"}]},{\"@type\":\"WebSite\",\"@id\":\"https:\/\/aumarche.biz\/bf\/#website\",\"url\":\"https:\/\/aumarche.biz\/bf\/\",\"name\":\"aumarche.biz\",\"description\":\"Vendre et acheter autrement\",\"publisher\":{\"@id\":\"https:\/\/aumarche.biz\/bf\/#organization\"},\"potentialAction\":[{\"@type\":\"SearchAction\",\"target\":{\"@type\":\"EntryPoint\",\"urlTemplate\":\"https:\/\/aumarche.biz\/bf\/?s={search_term_string}\"},\"query-input\":{\"@type\":\"PropertyValueSpecification\",\"valueRequired\":true,\"valueName\":\"search_term_string\"}}],\"inLanguage\":\"fr-FR\"},{\"@type\":\"Organization\",\"@id\":\"https:\/\/aumarche.biz\/bf\/#organization\",\"name\":\"aumarche.biz\",\"url\":\"https:\/\/aumarche.biz\/bf\/\",\"logo\":{\"@type\":\"ImageObject\",\"inLanguage\":\"fr-FR\",\"@id\":\"https:\/\/aumarche.biz\/bf\/#\/schema\/logo\/image\/\",\"url\":\"https:\/\/aumarche.biz\/bf\/wp-content\/uploads\/2023\/09\/favicone.png\",\"contentUrl\":\"https:\/\/aumarche.biz\/bf\/wp-content\/uploads\/2023\/09\/favicone.png\",\"width\":64,\"height\":64,\"caption\":\"aumarche.biz\"},\"image\":{\"@id\":\"https:\/\/aumarche.biz\/bf\/#\/schema\/logo\/image\/\"},\"sameAs\":[\"https:\/\/www.facebook.com\/aumarchebf\"]}]}<\/script>\n<!-- \/ Yoast SEO plugin. -->","yoast_head_json":{"title":"UBIQUITI UNIFI U6 PRO - AU MARCHE BURKINA","robots":{"index":"noindex","follow":"follow","max-snippet":"max-snippet:-1","max-image-preview":"max-image-preview:large","max-video-preview":"max-video-preview:-1"},"og_locale":"fr_FR","og_type":"article","og_title":"UBIQUITI UNIFI U6 PRO - AU MARCHE BURKINA","og_description":"Le point d'acc\u00e8s WiFi 6 Pro (U6 Pro) est un point d'acc\u00e8s WiFi 6 double bande hautes performances id\u00e9al pour une utilisation \u00e0 la maison et au bureau.L'U6 Pro est capable d'atteindre un d\u00e9bit jusqu'\u00e0 5,3 Gbit\/s avec ses bandes 5 GHz (4x4 MIMO) et 2,4 GHz (2x2 MIMO), ce qui lui permet de prendre en charge plus de 300 clients connect\u00e9s simultan\u00e9ment tout en maintenant une exp\u00e9rience sans fil uniforme et fiableIl peut \u00e9galement isoler le trafic de vos invit\u00e9s pour assurer une s\u00e9curit\u00e9 et une vitesse optimales. L'U6 Pro fonctionne \u00e9galement \u00e0 pleine capacit\u00e9 MIMO 4x4 avec des canaux de 160 MHz pour cr\u00e9er des liaisons montantes sans fil haute capacit\u00e9 et faciliter un transfert de donn\u00e9es plus rapide.Il peut \u00eatre configur\u00e9 en quelques minutes et enti\u00e8rement g\u00e9r\u00e9 avec l'application UniFi Network.","og_url":"https:\/\/aumarche.biz\/bf\/index.php\/produit\/ubiquiti-unifi-u6-pro\/","og_site_name":"AU MARCHE BURKINA","article_publisher":"https:\/\/www.facebook.com\/aumarchebf","og_image":[{"width":698,"height":725,"url":"https:\/\/aumarche.biz\/bf\/wp-content\/uploads\/2023\/10\/217467198_xxl3.jpg","type":"image\/jpeg"}],"twitter_card":"summary_large_image","schema":{"@context":"https:\/\/schema.org","@graph":[{"@type":"WebPage","@id":"https:\/\/aumarche.biz\/bf\/index.php\/produit\/ubiquiti-unifi-u6-pro\/","url":"https:\/\/aumarche.biz\/bf\/index.php\/produit\/ubiquiti-unifi-u6-pro\/","name":"UBIQUITI UNIFI U6 PRO - AU MARCHE BURKINA","isPartOf":{"@id":"https:\/\/aumarche.biz\/bf\/#website"},"primaryImageOfPage":{"@id":"https:\/\/aumarche.biz\/bf\/index.php\/produit\/ubiquiti-unifi-u6-pro\/#primaryimage"},"image":{"@id":"https:\/\/aumarche.biz\/bf\/index.php\/produit\/ubiquiti-unifi-u6-pro\/#primaryimage"},"thumbnailUrl":"https:\/\/aumarche.biz\/bf\/wp-content\/uploads\/2023\/10\/217467198_xxl3.jpg","datePublished":"2023-10-17T11:28:48+00:00","breadcrumb":{"@id":"https:\/\/aumarche.biz\/bf\/index.php\/produit\/ubiquiti-unifi-u6-pro\/#breadcrumb"},"inLanguage":"fr-FR","potentialAction":[{"@type":"ReadAction","target":["https:\/\/aumarche.biz\/bf\/index.php\/produit\/ubiquiti-unifi-u6-pro\/"]}]},{"@type":"ImageObject","inLanguage":"fr-FR","@id":"https:\/\/aumarche.biz\/bf\/index.php\/produit\/ubiquiti-unifi-u6-pro\/#primaryimage","url":"https:\/\/aumarche.biz\/bf\/wp-content\/uploads\/2023\/10\/217467198_xxl3.jpg","contentUrl":"https:\/\/aumarche.biz\/bf\/wp-content\/uploads\/2023\/10\/217467198_xxl3.jpg","width":698,"height":725},{"@type":"BreadcrumbList","@id":"https:\/\/aumarche.biz\/bf\/index.php\/produit\/ubiquiti-unifi-u6-pro\/#breadcrumb","itemListElement":[{"@type":"ListItem","position":1,"name":"Accueil","item":"https:\/\/aumarche.biz\/bf\/"},{"@type":"ListItem","position":2,"name":"Boutique","item":"https:\/\/aumarche.biz\/bf\/index.php\/boutique\/"},{"@type":"ListItem","position":3,"name":"UBIQUITI UNIFI U6 PRO"}]},{"@type":"WebSite","@id":"https:\/\/aumarche.biz\/bf\/#website","url":"https:\/\/aumarche.biz\/bf\/","name":"aumarche.biz","description":"Vendre et acheter autrement","publisher":{"@id":"https:\/\/aumarche.biz\/bf\/#organization"},"potentialAction":[{"@type":"SearchAction","target":{"@type":"EntryPoint","urlTemplate":"https:\/\/aumarche.biz\/bf\/?s={search_term_string}"},"query-input":{"@type":"PropertyValueSpecification","valueRequired":true,"valueName":"search_term_string"}}],"inLanguage":"fr-FR"},{"@type":"Organization","@id":"https:\/\/aumarche.biz\/bf\/#organization","name":"aumarche.biz","url":"https:\/\/aumarche.biz\/bf\/","logo":{"@type":"ImageObject","inLanguage":"fr-FR","@id":"https:\/\/aumarche.biz\/bf\/#\/schema\/logo\/image\/","url":"https:\/\/aumarche.biz\/bf\/wp-content\/uploads\/2023\/09\/favicone.png","contentUrl":"https:\/\/aumarche.biz\/bf\/wp-content\/uploads\/2023\/09\/favicone.png","width":64,"height":64,"caption":"aumarche.biz"},"image":{"@id":"https:\/\/aumarche.biz\/bf\/#\/schema\/logo\/image\/"},"sameAs":["https:\/\/www.facebook.com\/aumarchebf"]}]}},"_links":{"self":[{"href":"https:\/\/aumarche.biz\/bf\/index.php\/wp-json\/wp\/v2\/product\/5094","targetHints":{"allow":["GET"]}}],"collection":[{"href":"https:\/\/aumarche.biz\/bf\/index.php\/wp-json\/wp\/v2\/product"}],"about":[{"href":"https:\/\/aumarche.biz\/bf\/index.php\/wp-json\/wp\/v2\/types\/product"}],"wp:featuredmedia":[{"embeddable":true,"href":"https:\/\/aumarche.biz\/bf\/index.php\/wp-json\/wp\/v2\/media\/5088"}],"wp:attachment":[{"href":"https:\/\/aumarche.biz\/bf\/index.php\/wp-json\/wp\/v2\/media?parent=5094"}],"wp:term":[{"taxonomy":"product_cat","embeddable":true,"href":"https:\/\/aumarche.biz\/bf\/index.php\/wp-json\/wp\/v2\/product_cat?post=5094"},{"taxonomy":"product_tag","embeddable":true,"href":"https:\/\/aumarche.biz\/bf\/index.php\/wp-json\/wp\/v2\/product_tag?post=5094"}],"curies":[{"name":"wp","href":"https:\/\/api.w.org\/{rel}","templated":true}]}}