{"id":5105,"date":"2023-10-17T12:02:29","date_gmt":"2023-10-17T12:02:29","guid":{"rendered":"https:\/\/aumarche.biz\/bf\/index.php\/produit\/epson-co-w01-3000-lumens-wuxga-projector\/"},"modified":"2023-10-17T12:07:20","modified_gmt":"2023-10-17T12:07:20","slug":"epson-co-w01-3000-lumens-wuxga-projector","status":"publish","type":"product","link":"https:\/\/aumarche.biz\/bf\/index.php\/produit\/epson-co-w01-3000-lumens-wuxga-projector\/","title":{"rendered":"EPSON CO-W01 3000 LUMENS WUXGA PROJECTOR\u00a0"},"content":{"rendered":"<div class=\"spec-table\" style=\"line-height: 1.42857rem;margin-bottom: 26px;font-family: Helvetica, Arial, sans-serif;font-size: 14px\" data-mce-style=\"line-height: 1.42857rem; margin-bottom: 26px; font-family: Helvetica, Arial, sans-serif; font-size: 14px;\">\n<div class=\"table-row\">\n<div class=\"table-head\" style=\"font-weight: bold;margin-bottom: 6px\" data-mce-style=\"font-weight: bold; margin-bottom: 6px;\">\n<h5 style=\"font-family: inherit;line-height: 1.57143rem;color: inherit;margin: 0px;font-size: 1.14286rem\" data-mce-style=\"font-family: inherit; line-height: 1.57143rem; color: inherit; margin: 0px; font-size: 1.14286rem;\">Power consumption<\/h5>\n<\/div>\n<div class=\"table-cell\">270\u00a0W\u00a0(Peak), 214\u00a0W\u00a0(Eco), 0,5\u00a0W\u00a0(Energy saving standby)<\/div>\n<\/div>\n<\/div>\n<div class=\"spec-table\" style=\"line-height: 1.42857rem;margin-bottom: 26px;font-family: Helvetica, Arial, sans-serif;font-size: 14px\" data-mce-style=\"line-height: 1.42857rem; margin-bottom: 26px; font-family: Helvetica, Arial, sans-serif; font-size: 14px;\">\n<div class=\"table-row\">\n<div class=\"table-head\" style=\"font-weight: bold;margin-bottom: 6px\" data-mce-style=\"font-weight: bold; margin-bottom: 6px;\">\n<h5 style=\"font-family: inherit;line-height: 1.57143rem;color: inherit;margin: 0px;font-size: 1.14286rem\" data-mce-style=\"font-family: inherit; line-height: 1.57143rem; color: inherit; margin: 0px; font-size: 1.14286rem;\">Gamme de tension\/ Fr\u00e9quence nominale<\/h5>\n<\/div>\n<div class=\"table-cell\">AC 100 V &#8211; 240 V, 50 Hz &#8211; 60 Hz<\/div>\n<\/div>\n<\/div>\n<div class=\"spec-table\" style=\"line-height: 1.42857rem;margin-bottom: 26px;font-family: Helvetica, Arial, sans-serif;font-size: 14px\" data-mce-style=\"line-height: 1.42857rem; margin-bottom: 26px; font-family: Helvetica, Arial, sans-serif; font-size: 14px;\">\n<div class=\"table-row\">\n<div class=\"table-head\" style=\"font-weight: bold;margin-bottom: 6px\" data-mce-style=\"font-weight: bold; margin-bottom: 6px;\">\n<h5 style=\"font-family: inherit;line-height: 1.57143rem;color: inherit;margin: 0px;font-size: 1.14286rem\" data-mce-style=\"font-family: inherit; line-height: 1.57143rem; color: inherit; margin: 0px; font-size: 1.14286rem;\">Dimensions du produit<\/h5>\n<\/div>\n<div class=\"table-cell\">295\u200e\u00a0x\u00a0211\u00a0x\u00a087\u00a0mm\u00a0(Largeur x Profondeur x Hauteur)<\/div>\n<\/div>\n<\/div>\n<div class=\"spec-table\" style=\"line-height: 1.42857rem;margin-bottom: 26px;font-family: Helvetica, Arial, sans-serif;font-size: 14px\" data-mce-style=\"line-height: 1.42857rem; margin-bottom: 26px; font-family: Helvetica, Arial, sans-serif; font-size: 14px;\">\n<div class=\"table-row\">\n<div class=\"table-head\" style=\"font-weight: bold;margin-bottom: 6px\" data-mce-style=\"font-weight: bold; margin-bottom: 6px;\">\n<h5 style=\"font-family: inherit;line-height: 1.57143rem;color: inherit;margin: 0px;font-size: 1.14286rem\" data-mce-style=\"font-family: inherit; line-height: 1.57143rem; color: inherit; margin: 0px; font-size: 1.14286rem;\">Poids du produit<\/h5>\n<\/div>\n<div class=\"table-cell\">2,4\u00a0kg<\/div>\n<\/div>\n<\/div>\n<div class=\"spec-table\" style=\"line-height: 1.42857rem;margin-bottom: 26px;font-family: Helvetica, Arial, sans-serif;font-size: 14px\" data-mce-style=\"line-height: 1.42857rem; margin-bottom: 26px; font-family: Helvetica, Arial, sans-serif; font-size: 14px;\">\n<div class=\"table-row\">\n<div class=\"table-head\" style=\"font-weight: bold;margin-bottom: 6px\" data-mce-style=\"font-weight: bold; margin-bottom: 6px;\">\n<h5 style=\"font-family: inherit;line-height: 1.57143rem;color: inherit;margin: 0px;font-size: 1.14286rem\" data-mce-style=\"font-family: inherit; line-height: 1.57143rem; color: inherit; margin: 0px; font-size: 1.14286rem;\">Niveau sonore<\/h5>\n<\/div>\n<div class=\"table-cell\">Normal\u00a0:\u00a038\u00a0dB(A) &#8211; \u00c9conomie\u00a0:\u00a029\u00a0dB(A)<\/div>\n<\/div>\n<\/div>\n<div class=\"spec-table\" style=\"line-height: 1.42857rem;margin-bottom: 26px;font-family: Helvetica, Arial, sans-serif;font-size: 14px\" data-mce-style=\"line-height: 1.42857rem; margin-bottom: 26px; font-family: Helvetica, Arial, sans-serif; font-size: 14px;\">\n<div class=\"table-row\">\n<div class=\"table-head\" style=\"font-weight: bold;margin-bottom: 6px\" data-mce-style=\"font-weight: bold; margin-bottom: 6px;\">\n<h5 style=\"font-family: inherit;line-height: 1.57143rem;color: inherit;margin: 0px;font-size: 1.14286rem\" data-mce-style=\"font-family: inherit; line-height: 1.57143rem; color: inherit; margin: 0px; font-size: 1.14286rem;\">Temp\u00e9rature<\/h5>\n<\/div>\n<div class=\"table-cell\">fonctionnement\u00a05\u00b0C &#8211; 40\u00b0C<\/div>\n<\/div>\n<\/div>\n<div class=\"spec-table\" style=\"line-height: 1.42857rem;margin-bottom: 26px;font-family: Helvetica, Arial, sans-serif;font-size: 14px\" data-mce-style=\"line-height: 1.42857rem; margin-bottom: 26px; font-family: Helvetica, Arial, sans-serif; font-size: 14px;\">\n<div class=\"table-row\">\n<div class=\"table-head\" style=\"font-weight: bold;margin-bottom: 6px\" data-mce-style=\"font-weight: bold; margin-bottom: 6px;\">\n<h5 style=\"font-family: inherit;line-height: 1.57143rem;color: inherit;margin: 0px;font-size: 1.14286rem\" data-mce-style=\"font-family: inherit; line-height: 1.57143rem; color: inherit; margin: 0px; font-size: 1.14286rem;\">Humidit\u00e9 de l\u2019air<\/h5>\n<\/div>\n<div class=\"table-cell\">\n<p>fonctionnement\u00a0-10% &#8211; 60%, Stockage\u00a010% &#8211; 90%<br \/>Si le projecteur est install\u00e9 \u00e0 l\u2019aide d\u2019un support plafond ou mural dans un environnement tr\u00e8s enfum\u00e9 dans lequel des huiles, du p\u00e9trole et\/ou des produits chimiques se volatilisent, dans des mises en sc\u00e8ne utilisant beaucoup de fum\u00e9e ou de mousse, ou dans un environnement o\u00f9 des huiles aromatiques sont fr\u00e9quemment br\u00fbl\u00e9es, cela peut entra\u00eener la d\u00e9gradation de certaines parties de nos produits qui, avec le temps, peuvent se rompre et causer la chute du projecteur.<\/p>\n<p>Si vous avez des questions concernant l\u2019environnement dans lequel votre projecteur est install\u00e9 ou pour toute autre question, veuillez contacter notre service de support pour qu\u2019il vous apporte toute l\u2019aide dont vous avez besoin.<\/p>\n<\/div>\n<\/div>\n<\/div>\n<div class=\"spec-table\" style=\"line-height: 1.42857rem;margin-bottom: 26px;font-family: Helvetica, Arial, sans-serif;font-size: 14px\" data-mce-style=\"line-height: 1.42857rem; margin-bottom: 26px; font-family: Helvetica, Arial, sans-serif; font-size: 14px;\">\n<div class=\"table-row\">\n<div class=\"table-head\" style=\"font-weight: bold;margin-bottom: 6px\" data-mce-style=\"font-weight: bold; margin-bottom: 6px;\">\n<h5 style=\"font-family: inherit;line-height: 1.57143rem;color: inherit;margin: 0px;font-size: 1.14286rem\" data-mce-style=\"font-family: inherit; line-height: 1.57143rem; color: inherit; margin: 0px; font-size: 1.14286rem;\">Haut-parleur<\/h5>\n<\/div>\n<div class=\"table-cell\">5\u00a0W<\/div>\n<\/div>\n<\/div>\n<div class=\"spec-table\" style=\"line-height: 1.42857rem;margin-bottom: 26px;font-family: Helvetica, Arial, sans-serif;font-size: 14px\" data-mce-style=\"line-height: 1.42857rem; margin-bottom: 26px; font-family: Helvetica, Arial, sans-serif; font-size: 14px;\">\n<div class=\"table-row\">\n<div class=\"table-head\" style=\"font-weight: bold;margin-bottom: 6px\" data-mce-style=\"font-weight: bold; margin-bottom: 6px;\">\n<h5 style=\"font-family: inherit;line-height: 1.57143rem;color: inherit;margin: 0px;font-size: 1.14286rem\" data-mce-style=\"font-family: inherit; line-height: 1.57143rem; color: inherit; margin: 0px; font-size: 1.14286rem;\">Contenu de la Bo\u00eete<\/h5>\n<\/div>\n<div class=\"table-cell\">Appareil principal, C\u00e2ble \u00e9lectrique, Guide de d\u00e9marrage rapide, T\u00e9l\u00e9commande, y compris piles, Mode d\u2019emploi (CD), Warranty card<\/div>\n<\/div>\n<\/div>\n<div class=\"spec-table\" style=\"line-height: 1.42857rem;margin-bottom: 26px;font-family: Helvetica, Arial, sans-serif;font-size: 14px\" data-mce-style=\"line-height: 1.42857rem; margin-bottom: 26px; font-family: Helvetica, Arial, sans-serif; font-size: 14px;\">\n<div class=\"table-row\">\n<div class=\"table-head\" style=\"font-weight: bold;margin-bottom: 6px\" data-mce-style=\"font-weight: bold; margin-bottom: 6px;\">\n<h5 style=\"font-family: inherit;line-height: 1.57143rem;color: inherit;margin: 0px;font-size: 1.14286rem\" data-mce-style=\"font-family: inherit; line-height: 1.57143rem; color: inherit; margin: 0px; font-size: 1.14286rem;\">Type de salle \/ Application<\/h5>\n<\/div>\n<div class=\"table-cell\">Bureau \u00e0 domicile, Photos \u00e0 domicile, \u00c9missions de t\u00e9l\u00e9vision et vid\u00e9os \u00e0 la demande<\/div>\n<\/div>\n<\/div>\n<div class=\"spec-table\" style=\"line-height: 1.42857rem;margin-bottom: 26px;font-family: Helvetica, Arial, sans-serif;font-size: 14px\" data-mce-style=\"line-height: 1.42857rem; margin-bottom: 26px; font-family: Helvetica, Arial, sans-serif; font-size: 14px;\">\n<div class=\"table-row\">\n<div class=\"table-head\" style=\"font-weight: bold;margin-bottom: 6px\" data-mce-style=\"font-weight: bold; margin-bottom: 6px;\">\n<h5 style=\"font-family: inherit;line-height: 1.57143rem;color: inherit;margin: 0px;font-size: 1.14286rem\" data-mce-style=\"font-family: inherit; line-height: 1.57143rem; color: inherit; margin: 0px; font-size: 1.14286rem;\">Positionnement<\/h5>\n<\/div>\n<div class=\"table-cell\">Au plafond, Bureau<\/div>\n<\/div>\n<\/div>\n","protected":false},"excerpt":{"rendered":"<p>EPSON CO-W01 3000 LUMENS WUXGA PROJECTOR\u00a0<\/p>\n<p class=\"MsoNormal\"><span style=\"font-size: 14.0pt;line-height: 107%\" data-mce-style=\"font-size: 14.0pt; line-height: 107%;\">Voici un<br \/>projecteur polyvalent qui ravira toute la famille : le projecteur WXGA. Il<br \/>offre une exp\u00e9rience exceptionnelle pour la visualisation de s\u00e9ries, ainsi que<br \/>pour la r\u00e9alisation de pr\u00e9sentations de qualit\u00e9. M\u00eame en pr\u00e9sence de lumi\u00e8re<br \/>ambiante, sa technologie 3LCD garantit des images nettes et lumineuses \u00e0 une<br \/>luminosit\u00e9 de 3 000 lumens. De plus, sa facilit\u00e9 de transport et d&rsquo;installation<br \/>en fait un choix pratique.<\/span><\/p>\n<p class=\"MsoNormal\"><span style=\"font-size: 14.0pt;line-height: 107%\" data-mce-style=\"font-size: 14.0pt; line-height: 107%;\">L&rsquo;un des<br \/>atouts majeurs de ce projecteur est sa longue dur\u00e9e de vie de la lampe, ce qui<br \/>en fait un investissement \u00e9conomique \u00e0 long terme, offrant un excellent rapport<br \/>qualit\u00e9-prix. En somme, c&rsquo;est un \u00e9quipement id\u00e9al pour profiter de<br \/>divertissements en famille ou pour des besoins professionnels de pr\u00e9sentation.<\/span><\/p>\n","protected":false},"featured_media":5107,"template":"","meta":[],"product_cat":[265,264],"product_tag":[],"class_list":{"0":"post-5105","1":"product","2":"type-product","3":"status-publish","4":"has-post-thumbnail","6":"product_brand-autres-marques","7":"product_cat-electronique","8":"product_cat-high-tech","10":"first","11":"instock","12":"taxable","13":"shipping-taxable","14":"purchasable","15":"product-type-simple","16":"col-xs-6 col-sm-4","17":"col-md-3 col-lg-3","18":"un-4-cols"},"yoast_head":"<!-- This site is optimized with the Yoast SEO plugin v26.9 - https:\/\/yoast.com\/product\/yoast-seo-wordpress\/ -->\n<title>EPSON CO-W01 3000 LUMENS WUXGA PROJECTOR\u00a0 - AU MARCHE BURKINA<\/title>\n<meta name=\"robots\" content=\"noindex, follow, max-snippet:-1, max-image-preview:large, max-video-preview:-1\" \/>\n<meta property=\"og:locale\" content=\"fr_FR\" \/>\n<meta property=\"og:type\" content=\"article\" \/>\n<meta property=\"og:title\" content=\"EPSON CO-W01 3000 LUMENS WUXGA PROJECTOR\u00a0 - AU MARCHE BURKINA\" \/>\n<meta property=\"og:description\" content=\"EPSON CO-W01 3000 LUMENS WUXGA PROJECTOR\u00a0Voici unprojecteur polyvalent qui ravira toute la famille : le projecteur WXGA. Iloffre une exp\u00e9rience exceptionnelle pour la visualisation de s\u00e9ries, ainsi quepour la r\u00e9alisation de pr\u00e9sentations de qualit\u00e9. M\u00eame en pr\u00e9sence de lumi\u00e8reambiante, sa technologie 3LCD garantit des images nettes et lumineuses \u00e0 uneluminosit\u00e9 de 3 000 lumens. De plus, sa facilit\u00e9 de transport et d&#039;installationen fait un choix pratique.L&#039;un desatouts majeurs de ce projecteur est sa longue dur\u00e9e de vie de la lampe, ce quien fait un investissement \u00e9conomique \u00e0 long terme, offrant un excellent rapportqualit\u00e9-prix. En somme, c&#039;est un \u00e9quipement id\u00e9al pour profiter dedivertissements en famille ou pour des besoins professionnels de pr\u00e9sentation.\" \/>\n<meta property=\"og:url\" content=\"https:\/\/aumarche.biz\/bf\/index.php\/produit\/epson-co-w01-3000-lumens-wuxga-projector\/\" \/>\n<meta property=\"og:site_name\" content=\"AU MARCHE BURKINA\" \/>\n<meta property=\"article:publisher\" content=\"https:\/\/www.facebook.com\/aumarchebf\" \/>\n<meta property=\"article:modified_time\" content=\"2023-10-17T12:07:20+00:00\" \/>\n<meta property=\"og:image\" content=\"https:\/\/aumarche.biz\/bf\/wp-content\/uploads\/2023\/10\/LD0005985468.jpg\" \/>\n\t<meta property=\"og:image:width\" content=\"1600\" \/>\n\t<meta property=\"og:image:height\" content=\"1600\" \/>\n\t<meta property=\"og:image:type\" content=\"image\/jpeg\" \/>\n<meta name=\"twitter:card\" content=\"summary_large_image\" \/>\n<meta name=\"twitter:label1\" content=\"Dur\u00e9e de lecture estim\u00e9e\" \/>\n\t<meta name=\"twitter:data1\" content=\"1 minute\" \/>\n<script type=\"application\/ld+json\" class=\"yoast-schema-graph\">{\"@context\":\"https:\/\/schema.org\",\"@graph\":[{\"@type\":\"WebPage\",\"@id\":\"https:\/\/aumarche.biz\/bf\/index.php\/produit\/epson-co-w01-3000-lumens-wuxga-projector\/\",\"url\":\"https:\/\/aumarche.biz\/bf\/index.php\/produit\/epson-co-w01-3000-lumens-wuxga-projector\/\",\"name\":\"EPSON CO-W01 3000 LUMENS WUXGA PROJECTOR\u00a0 - AU MARCHE BURKINA\",\"isPartOf\":{\"@id\":\"https:\/\/aumarche.biz\/bf\/#website\"},\"primaryImageOfPage\":{\"@id\":\"https:\/\/aumarche.biz\/bf\/index.php\/produit\/epson-co-w01-3000-lumens-wuxga-projector\/#primaryimage\"},\"image\":{\"@id\":\"https:\/\/aumarche.biz\/bf\/index.php\/produit\/epson-co-w01-3000-lumens-wuxga-projector\/#primaryimage\"},\"thumbnailUrl\":\"https:\/\/aumarche.biz\/bf\/wp-content\/uploads\/2023\/10\/LD0005985468.jpg\",\"datePublished\":\"2023-10-17T12:02:29+00:00\",\"dateModified\":\"2023-10-17T12:07:20+00:00\",\"breadcrumb\":{\"@id\":\"https:\/\/aumarche.biz\/bf\/index.php\/produit\/epson-co-w01-3000-lumens-wuxga-projector\/#breadcrumb\"},\"inLanguage\":\"fr-FR\",\"potentialAction\":[{\"@type\":\"ReadAction\",\"target\":[\"https:\/\/aumarche.biz\/bf\/index.php\/produit\/epson-co-w01-3000-lumens-wuxga-projector\/\"]}]},{\"@type\":\"ImageObject\",\"inLanguage\":\"fr-FR\",\"@id\":\"https:\/\/aumarche.biz\/bf\/index.php\/produit\/epson-co-w01-3000-lumens-wuxga-projector\/#primaryimage\",\"url\":\"https:\/\/aumarche.biz\/bf\/wp-content\/uploads\/2023\/10\/LD0005985468.jpg\",\"contentUrl\":\"https:\/\/aumarche.biz\/bf\/wp-content\/uploads\/2023\/10\/LD0005985468.jpg\",\"width\":1600,\"height\":1600},{\"@type\":\"BreadcrumbList\",\"@id\":\"https:\/\/aumarche.biz\/bf\/index.php\/produit\/epson-co-w01-3000-lumens-wuxga-projector\/#breadcrumb\",\"itemListElement\":[{\"@type\":\"ListItem\",\"position\":1,\"name\":\"Accueil\",\"item\":\"https:\/\/aumarche.biz\/bf\/\"},{\"@type\":\"ListItem\",\"position\":2,\"name\":\"Boutique\",\"item\":\"https:\/\/aumarche.biz\/bf\/index.php\/boutique\/\"},{\"@type\":\"ListItem\",\"position\":3,\"name\":\"EPSON CO-W01 3000 LUMENS WUXGA PROJECTOR\u00a0\"}]},{\"@type\":\"WebSite\",\"@id\":\"https:\/\/aumarche.biz\/bf\/#website\",\"url\":\"https:\/\/aumarche.biz\/bf\/\",\"name\":\"aumarche.biz\",\"description\":\"Vendre et acheter autrement\",\"publisher\":{\"@id\":\"https:\/\/aumarche.biz\/bf\/#organization\"},\"potentialAction\":[{\"@type\":\"SearchAction\",\"target\":{\"@type\":\"EntryPoint\",\"urlTemplate\":\"https:\/\/aumarche.biz\/bf\/?s={search_term_string}\"},\"query-input\":{\"@type\":\"PropertyValueSpecification\",\"valueRequired\":true,\"valueName\":\"search_term_string\"}}],\"inLanguage\":\"fr-FR\"},{\"@type\":\"Organization\",\"@id\":\"https:\/\/aumarche.biz\/bf\/#organization\",\"name\":\"aumarche.biz\",\"url\":\"https:\/\/aumarche.biz\/bf\/\",\"logo\":{\"@type\":\"ImageObject\",\"inLanguage\":\"fr-FR\",\"@id\":\"https:\/\/aumarche.biz\/bf\/#\/schema\/logo\/image\/\",\"url\":\"https:\/\/aumarche.biz\/bf\/wp-content\/uploads\/2023\/09\/favicone.png\",\"contentUrl\":\"https:\/\/aumarche.biz\/bf\/wp-content\/uploads\/2023\/09\/favicone.png\",\"width\":64,\"height\":64,\"caption\":\"aumarche.biz\"},\"image\":{\"@id\":\"https:\/\/aumarche.biz\/bf\/#\/schema\/logo\/image\/\"},\"sameAs\":[\"https:\/\/www.facebook.com\/aumarchebf\"]}]}<\/script>\n<!-- \/ Yoast SEO plugin. -->","yoast_head_json":{"title":"EPSON CO-W01 3000 LUMENS WUXGA PROJECTOR\u00a0 - AU MARCHE BURKINA","robots":{"index":"noindex","follow":"follow","max-snippet":"max-snippet:-1","max-image-preview":"max-image-preview:large","max-video-preview":"max-video-preview:-1"},"og_locale":"fr_FR","og_type":"article","og_title":"EPSON CO-W01 3000 LUMENS WUXGA PROJECTOR\u00a0 - AU MARCHE BURKINA","og_description":"EPSON CO-W01 3000 LUMENS WUXGA PROJECTOR\u00a0Voici unprojecteur polyvalent qui ravira toute la famille : le projecteur WXGA. Iloffre une exp\u00e9rience exceptionnelle pour la visualisation de s\u00e9ries, ainsi quepour la r\u00e9alisation de pr\u00e9sentations de qualit\u00e9. M\u00eame en pr\u00e9sence de lumi\u00e8reambiante, sa technologie 3LCD garantit des images nettes et lumineuses \u00e0 uneluminosit\u00e9 de 3 000 lumens. De plus, sa facilit\u00e9 de transport et d'installationen fait un choix pratique.L'un desatouts majeurs de ce projecteur est sa longue dur\u00e9e de vie de la lampe, ce quien fait un investissement \u00e9conomique \u00e0 long terme, offrant un excellent rapportqualit\u00e9-prix. En somme, c'est un \u00e9quipement id\u00e9al pour profiter dedivertissements en famille ou pour des besoins professionnels de pr\u00e9sentation.","og_url":"https:\/\/aumarche.biz\/bf\/index.php\/produit\/epson-co-w01-3000-lumens-wuxga-projector\/","og_site_name":"AU MARCHE BURKINA","article_publisher":"https:\/\/www.facebook.com\/aumarchebf","article_modified_time":"2023-10-17T12:07:20+00:00","og_image":[{"width":1600,"height":1600,"url":"https:\/\/aumarche.biz\/bf\/wp-content\/uploads\/2023\/10\/LD0005985468.jpg","type":"image\/jpeg"}],"twitter_card":"summary_large_image","twitter_misc":{"Dur\u00e9e de lecture estim\u00e9e":"1 minute"},"schema":{"@context":"https:\/\/schema.org","@graph":[{"@type":"WebPage","@id":"https:\/\/aumarche.biz\/bf\/index.php\/produit\/epson-co-w01-3000-lumens-wuxga-projector\/","url":"https:\/\/aumarche.biz\/bf\/index.php\/produit\/epson-co-w01-3000-lumens-wuxga-projector\/","name":"EPSON CO-W01 3000 LUMENS WUXGA PROJECTOR\u00a0 - AU MARCHE BURKINA","isPartOf":{"@id":"https:\/\/aumarche.biz\/bf\/#website"},"primaryImageOfPage":{"@id":"https:\/\/aumarche.biz\/bf\/index.php\/produit\/epson-co-w01-3000-lumens-wuxga-projector\/#primaryimage"},"image":{"@id":"https:\/\/aumarche.biz\/bf\/index.php\/produit\/epson-co-w01-3000-lumens-wuxga-projector\/#primaryimage"},"thumbnailUrl":"https:\/\/aumarche.biz\/bf\/wp-content\/uploads\/2023\/10\/LD0005985468.jpg","datePublished":"2023-10-17T12:02:29+00:00","dateModified":"2023-10-17T12:07:20+00:00","breadcrumb":{"@id":"https:\/\/aumarche.biz\/bf\/index.php\/produit\/epson-co-w01-3000-lumens-wuxga-projector\/#breadcrumb"},"inLanguage":"fr-FR","potentialAction":[{"@type":"ReadAction","target":["https:\/\/aumarche.biz\/bf\/index.php\/produit\/epson-co-w01-3000-lumens-wuxga-projector\/"]}]},{"@type":"ImageObject","inLanguage":"fr-FR","@id":"https:\/\/aumarche.biz\/bf\/index.php\/produit\/epson-co-w01-3000-lumens-wuxga-projector\/#primaryimage","url":"https:\/\/aumarche.biz\/bf\/wp-content\/uploads\/2023\/10\/LD0005985468.jpg","contentUrl":"https:\/\/aumarche.biz\/bf\/wp-content\/uploads\/2023\/10\/LD0005985468.jpg","width":1600,"height":1600},{"@type":"BreadcrumbList","@id":"https:\/\/aumarche.biz\/bf\/index.php\/produit\/epson-co-w01-3000-lumens-wuxga-projector\/#breadcrumb","itemListElement":[{"@type":"ListItem","position":1,"name":"Accueil","item":"https:\/\/aumarche.biz\/bf\/"},{"@type":"ListItem","position":2,"name":"Boutique","item":"https:\/\/aumarche.biz\/bf\/index.php\/boutique\/"},{"@type":"ListItem","position":3,"name":"EPSON CO-W01 3000 LUMENS WUXGA PROJECTOR\u00a0"}]},{"@type":"WebSite","@id":"https:\/\/aumarche.biz\/bf\/#website","url":"https:\/\/aumarche.biz\/bf\/","name":"aumarche.biz","description":"Vendre et acheter autrement","publisher":{"@id":"https:\/\/aumarche.biz\/bf\/#organization"},"potentialAction":[{"@type":"SearchAction","target":{"@type":"EntryPoint","urlTemplate":"https:\/\/aumarche.biz\/bf\/?s={search_term_string}"},"query-input":{"@type":"PropertyValueSpecification","valueRequired":true,"valueName":"search_term_string"}}],"inLanguage":"fr-FR"},{"@type":"Organization","@id":"https:\/\/aumarche.biz\/bf\/#organization","name":"aumarche.biz","url":"https:\/\/aumarche.biz\/bf\/","logo":{"@type":"ImageObject","inLanguage":"fr-FR","@id":"https:\/\/aumarche.biz\/bf\/#\/schema\/logo\/image\/","url":"https:\/\/aumarche.biz\/bf\/wp-content\/uploads\/2023\/09\/favicone.png","contentUrl":"https:\/\/aumarche.biz\/bf\/wp-content\/uploads\/2023\/09\/favicone.png","width":64,"height":64,"caption":"aumarche.biz"},"image":{"@id":"https:\/\/aumarche.biz\/bf\/#\/schema\/logo\/image\/"},"sameAs":["https:\/\/www.facebook.com\/aumarchebf"]}]}},"_links":{"self":[{"href":"https:\/\/aumarche.biz\/bf\/index.php\/wp-json\/wp\/v2\/product\/5105","targetHints":{"allow":["GET"]}}],"collection":[{"href":"https:\/\/aumarche.biz\/bf\/index.php\/wp-json\/wp\/v2\/product"}],"about":[{"href":"https:\/\/aumarche.biz\/bf\/index.php\/wp-json\/wp\/v2\/types\/product"}],"wp:featuredmedia":[{"embeddable":true,"href":"https:\/\/aumarche.biz\/bf\/index.php\/wp-json\/wp\/v2\/media\/5107"}],"wp:attachment":[{"href":"https:\/\/aumarche.biz\/bf\/index.php\/wp-json\/wp\/v2\/media?parent=5105"}],"wp:term":[{"taxonomy":"product_cat","embeddable":true,"href":"https:\/\/aumarche.biz\/bf\/index.php\/wp-json\/wp\/v2\/product_cat?post=5105"},{"taxonomy":"product_tag","embeddable":true,"href":"https:\/\/aumarche.biz\/bf\/index.php\/wp-json\/wp\/v2\/product_tag?post=5105"}],"curies":[{"name":"wp","href":"https:\/\/api.w.org\/{rel}","templated":true}]}}