{"id":5143,"date":"2023-10-17T14:16:24","date_gmt":"2023-10-17T14:16:24","guid":{"rendered":"https:\/\/aumarche.biz\/bf\/index.php\/produit\/hp-color-laserjet-pro-mulifunction-m479fdn-printer\/"},"modified":"2023-10-17T14:16:24","modified_gmt":"2023-10-17T14:16:24","slug":"hp-color-laserjet-pro-mulifunction-m479fdn-printer","status":"publish","type":"product","link":"https:\/\/aumarche.biz\/bf\/index.php\/produit\/hp-color-laserjet-pro-mulifunction-m479fdn-printer\/","title":{"rendered":"HP COLOR LASERJET PRO MULIFUNCTION M479FDN PRINTER"},"content":{"rendered":"<p><p class=\"MsoNormal\" style=\"margin-bottom:0cm\">Printer type: Colour<\/p>\n<p class=\"MsoNormal\" style=\"margin-bottom:0cm\">Function: Print, Copy, Scan, Fax,<br \/>\nEmail<\/p>\n<p class=\"MsoNormal\" style=\"margin-bottom:0cm\">Fax: 33.6 Kbps<\/p>\n<p class=\"MsoNormal\" style=\"margin-bottom:0cm\">Copying Resolution: Up to 600 x<br \/>\n600 dpi (mono) \/ up to 600 x 600 dpi (color)<\/p>\n<p class=\"MsoNormal\" style=\"margin-bottom:0cm\">Copying Speed: Up to 27 ppm (mono)<br \/>\n\/ up to 27 ppm (color)<\/p>\n<p class=\"MsoNormal\" style=\"margin-bottom:0cm\">First page out (ready) black: As<br \/>\nfast as 9.7 sec<\/p>\n<p class=\"MsoNormal\" style=\"margin-bottom:0cm\">First page out (ready) color: As<br \/>\nfast as 11.3 sec<\/p>\n<p class=\"MsoNormal\" style=\"margin-bottom:0cm\">A4 standard print speed: Up to 27<br \/>\npages per minute<\/p>\n<p class=\"MsoNormal\" style=\"margin-bottom:0cm\">Printing Resolution: 600 x 600<br \/>\ndpi, Up to 38,400 x 600 enhanced dpi<\/p>\n<p class=\"MsoNormal\" style=\"margin-bottom:0cm\">Scanning Resolution: 1200 x 1200<br \/>\ndpi<\/p>\n<p class=\"MsoNormal\" style=\"margin-bottom:0cm\">Display: Colour touchscreen<\/p>\n<p class=\"MsoNormal\" style=\"margin-bottom:0cm\">Display size: 10.9 cm intuitive<br \/>\ntouchscreen Colour Graphic Display (CGD)<\/p>\n<p class=\"MsoNormal\" style=\"margin-bottom:0cm\">Max paper size: A4<\/p>\n<p class=\"MsoNormal\" style=\"margin-bottom:0cm\">Memory: 512MB<\/p>\n<p class=\"MsoNormal\" style=\"margin-bottom:0cm\">Technology: Laser<\/p>\n<p class=\"MsoNormal\" style=\"margin-bottom:0cm\">Processor: 1200 MHz<\/p>\n<p class=\"MsoNormal\" style=\"margin-bottom:0cm\">Connectivity: Wired Network<br \/>\n(Ethernet), USB 2.0, Easy-access USB<\/p>\n<p class=\"MsoNormal\" style=\"margin-bottom:0cm\">Paper input: 50-sheet multipurpose<br \/>\ntray, 300-sheet input tray, 50-sheet Automatic Document Feeder (ADF)<\/p>\n<p class=\"MsoNormal\" style=\"margin-bottom:0cm\">Paper output: 150-sheet output bin<\/p>\n<p><br data-mce-bogus=\"1\"><\/p>\n","protected":false},"excerpt":{"rendered":"<p>L&rsquo;imprimante multifonction HP Color LaserJet Pro MFP M479fdn est une imprimante multifonction qui peut imprimer, copier, num\u00e9riser et t\u00e9l\u00e9copier des documents 123. Elle a une vitesse d&rsquo;impression allant jusqu&rsquo;\u00e0 28 pages par minute pour les impressions en noir et en couleur 34. L&rsquo;imprimante a une vitesse d&rsquo;impression maximale r\u00e9solution de 600 x 600 dpi et peut imprimer jusqu&rsquo;\u00e0 50 000 pages par mois 13. Il dispose \u00e9galement d&rsquo;un \u00e9cran tactile couleur de 4,3 pouces pour une navigation et un contr\u00f4le faciles<br data-mce-bogus=\"1\"><\/p>\n","protected":false},"featured_media":5140,"template":"","meta":[],"product_cat":[265,264],"product_tag":[],"class_list":{"0":"post-5143","1":"product","2":"type-product","3":"status-publish","4":"has-post-thumbnail","6":"product_brand-autres-marques","7":"product_cat-electronique","8":"product_cat-high-tech","10":"first","11":"instock","12":"taxable","13":"shipping-taxable","14":"purchasable","15":"product-type-simple","16":"col-xs-6 col-sm-4","17":"col-md-3 col-lg-3","18":"un-4-cols"},"yoast_head":"<!-- This site is optimized with the Yoast SEO plugin v26.9 - https:\/\/yoast.com\/product\/yoast-seo-wordpress\/ -->\n<title>HP COLOR LASERJET PRO MULIFUNCTION M479FDN PRINTER - AU MARCHE BURKINA<\/title>\n<meta name=\"robots\" content=\"noindex, follow, max-snippet:-1, max-image-preview:large, max-video-preview:-1\" \/>\n<meta property=\"og:locale\" content=\"fr_FR\" \/>\n<meta property=\"og:type\" content=\"article\" \/>\n<meta property=\"og:title\" content=\"HP COLOR LASERJET PRO MULIFUNCTION M479FDN PRINTER - AU MARCHE BURKINA\" \/>\n<meta property=\"og:description\" content=\"L&#039;imprimante multifonction HP Color LaserJet Pro MFP M479fdn est une imprimante multifonction qui peut imprimer, copier, num\u00e9riser et t\u00e9l\u00e9copier des documents 123. Elle a une vitesse d&#039;impression allant jusqu&#039;\u00e0 28 pages par minute pour les impressions en noir et en couleur 34. L&#039;imprimante a une vitesse d&#039;impression maximale r\u00e9solution de 600 x 600 dpi et peut imprimer jusqu&#039;\u00e0 50 000 pages par mois 13. Il dispose \u00e9galement d&#039;un \u00e9cran tactile couleur de 4,3 pouces pour une navigation et un contr\u00f4le faciles\" \/>\n<meta property=\"og:url\" content=\"https:\/\/aumarche.biz\/bf\/index.php\/produit\/hp-color-laserjet-pro-mulifunction-m479fdn-printer\/\" \/>\n<meta property=\"og:site_name\" content=\"AU MARCHE BURKINA\" \/>\n<meta property=\"article:publisher\" content=\"https:\/\/www.facebook.com\/aumarchebf\" \/>\n<meta property=\"og:image\" content=\"https:\/\/aumarche.biz\/bf\/wp-content\/uploads\/2023\/10\/hp-color-laserjet-pro-mfp-m479fdn-w1a79a.jpg\" \/>\n\t<meta property=\"og:image:width\" content=\"1359\" \/>\n\t<meta property=\"og:image:height\" content=\"1500\" \/>\n\t<meta property=\"og:image:type\" content=\"image\/jpeg\" \/>\n<meta name=\"twitter:card\" content=\"summary_large_image\" \/>\n<meta name=\"twitter:label1\" content=\"Dur\u00e9e de lecture estim\u00e9e\" \/>\n\t<meta name=\"twitter:data1\" content=\"1 minute\" \/>\n<script type=\"application\/ld+json\" class=\"yoast-schema-graph\">{\"@context\":\"https:\/\/schema.org\",\"@graph\":[{\"@type\":\"WebPage\",\"@id\":\"https:\/\/aumarche.biz\/bf\/index.php\/produit\/hp-color-laserjet-pro-mulifunction-m479fdn-printer\/\",\"url\":\"https:\/\/aumarche.biz\/bf\/index.php\/produit\/hp-color-laserjet-pro-mulifunction-m479fdn-printer\/\",\"name\":\"HP COLOR LASERJET PRO MULIFUNCTION M479FDN PRINTER - AU MARCHE BURKINA\",\"isPartOf\":{\"@id\":\"https:\/\/aumarche.biz\/bf\/#website\"},\"primaryImageOfPage\":{\"@id\":\"https:\/\/aumarche.biz\/bf\/index.php\/produit\/hp-color-laserjet-pro-mulifunction-m479fdn-printer\/#primaryimage\"},\"image\":{\"@id\":\"https:\/\/aumarche.biz\/bf\/index.php\/produit\/hp-color-laserjet-pro-mulifunction-m479fdn-printer\/#primaryimage\"},\"thumbnailUrl\":\"https:\/\/aumarche.biz\/bf\/wp-content\/uploads\/2023\/10\/hp-color-laserjet-pro-mfp-m479fdn-w1a79a.jpg\",\"datePublished\":\"2023-10-17T14:16:24+00:00\",\"breadcrumb\":{\"@id\":\"https:\/\/aumarche.biz\/bf\/index.php\/produit\/hp-color-laserjet-pro-mulifunction-m479fdn-printer\/#breadcrumb\"},\"inLanguage\":\"fr-FR\",\"potentialAction\":[{\"@type\":\"ReadAction\",\"target\":[\"https:\/\/aumarche.biz\/bf\/index.php\/produit\/hp-color-laserjet-pro-mulifunction-m479fdn-printer\/\"]}]},{\"@type\":\"ImageObject\",\"inLanguage\":\"fr-FR\",\"@id\":\"https:\/\/aumarche.biz\/bf\/index.php\/produit\/hp-color-laserjet-pro-mulifunction-m479fdn-printer\/#primaryimage\",\"url\":\"https:\/\/aumarche.biz\/bf\/wp-content\/uploads\/2023\/10\/hp-color-laserjet-pro-mfp-m479fdn-w1a79a.jpg\",\"contentUrl\":\"https:\/\/aumarche.biz\/bf\/wp-content\/uploads\/2023\/10\/hp-color-laserjet-pro-mfp-m479fdn-w1a79a.jpg\",\"width\":1359,\"height\":1500},{\"@type\":\"BreadcrumbList\",\"@id\":\"https:\/\/aumarche.biz\/bf\/index.php\/produit\/hp-color-laserjet-pro-mulifunction-m479fdn-printer\/#breadcrumb\",\"itemListElement\":[{\"@type\":\"ListItem\",\"position\":1,\"name\":\"Accueil\",\"item\":\"https:\/\/aumarche.biz\/bf\/\"},{\"@type\":\"ListItem\",\"position\":2,\"name\":\"Boutique\",\"item\":\"https:\/\/aumarche.biz\/bf\/index.php\/boutique\/\"},{\"@type\":\"ListItem\",\"position\":3,\"name\":\"HP COLOR LASERJET PRO MULIFUNCTION M479FDN PRINTER\"}]},{\"@type\":\"WebSite\",\"@id\":\"https:\/\/aumarche.biz\/bf\/#website\",\"url\":\"https:\/\/aumarche.biz\/bf\/\",\"name\":\"aumarche.biz\",\"description\":\"Vendre et acheter autrement\",\"publisher\":{\"@id\":\"https:\/\/aumarche.biz\/bf\/#organization\"},\"potentialAction\":[{\"@type\":\"SearchAction\",\"target\":{\"@type\":\"EntryPoint\",\"urlTemplate\":\"https:\/\/aumarche.biz\/bf\/?s={search_term_string}\"},\"query-input\":{\"@type\":\"PropertyValueSpecification\",\"valueRequired\":true,\"valueName\":\"search_term_string\"}}],\"inLanguage\":\"fr-FR\"},{\"@type\":\"Organization\",\"@id\":\"https:\/\/aumarche.biz\/bf\/#organization\",\"name\":\"aumarche.biz\",\"url\":\"https:\/\/aumarche.biz\/bf\/\",\"logo\":{\"@type\":\"ImageObject\",\"inLanguage\":\"fr-FR\",\"@id\":\"https:\/\/aumarche.biz\/bf\/#\/schema\/logo\/image\/\",\"url\":\"https:\/\/aumarche.biz\/bf\/wp-content\/uploads\/2023\/09\/favicone.png\",\"contentUrl\":\"https:\/\/aumarche.biz\/bf\/wp-content\/uploads\/2023\/09\/favicone.png\",\"width\":64,\"height\":64,\"caption\":\"aumarche.biz\"},\"image\":{\"@id\":\"https:\/\/aumarche.biz\/bf\/#\/schema\/logo\/image\/\"},\"sameAs\":[\"https:\/\/www.facebook.com\/aumarchebf\"]}]}<\/script>\n<!-- \/ Yoast SEO plugin. -->","yoast_head_json":{"title":"HP COLOR LASERJET PRO MULIFUNCTION M479FDN PRINTER - AU MARCHE BURKINA","robots":{"index":"noindex","follow":"follow","max-snippet":"max-snippet:-1","max-image-preview":"max-image-preview:large","max-video-preview":"max-video-preview:-1"},"og_locale":"fr_FR","og_type":"article","og_title":"HP COLOR LASERJET PRO MULIFUNCTION M479FDN PRINTER - AU MARCHE BURKINA","og_description":"L'imprimante multifonction HP Color LaserJet Pro MFP M479fdn est une imprimante multifonction qui peut imprimer, copier, num\u00e9riser et t\u00e9l\u00e9copier des documents 123. Elle a une vitesse d'impression allant jusqu'\u00e0 28 pages par minute pour les impressions en noir et en couleur 34. L'imprimante a une vitesse d'impression maximale r\u00e9solution de 600 x 600 dpi et peut imprimer jusqu'\u00e0 50 000 pages par mois 13. Il dispose \u00e9galement d'un \u00e9cran tactile couleur de 4,3 pouces pour une navigation et un contr\u00f4le faciles","og_url":"https:\/\/aumarche.biz\/bf\/index.php\/produit\/hp-color-laserjet-pro-mulifunction-m479fdn-printer\/","og_site_name":"AU MARCHE BURKINA","article_publisher":"https:\/\/www.facebook.com\/aumarchebf","og_image":[{"width":1359,"height":1500,"url":"https:\/\/aumarche.biz\/bf\/wp-content\/uploads\/2023\/10\/hp-color-laserjet-pro-mfp-m479fdn-w1a79a.jpg","type":"image\/jpeg"}],"twitter_card":"summary_large_image","twitter_misc":{"Dur\u00e9e de lecture estim\u00e9e":"1 minute"},"schema":{"@context":"https:\/\/schema.org","@graph":[{"@type":"WebPage","@id":"https:\/\/aumarche.biz\/bf\/index.php\/produit\/hp-color-laserjet-pro-mulifunction-m479fdn-printer\/","url":"https:\/\/aumarche.biz\/bf\/index.php\/produit\/hp-color-laserjet-pro-mulifunction-m479fdn-printer\/","name":"HP COLOR LASERJET PRO MULIFUNCTION M479FDN PRINTER - AU MARCHE BURKINA","isPartOf":{"@id":"https:\/\/aumarche.biz\/bf\/#website"},"primaryImageOfPage":{"@id":"https:\/\/aumarche.biz\/bf\/index.php\/produit\/hp-color-laserjet-pro-mulifunction-m479fdn-printer\/#primaryimage"},"image":{"@id":"https:\/\/aumarche.biz\/bf\/index.php\/produit\/hp-color-laserjet-pro-mulifunction-m479fdn-printer\/#primaryimage"},"thumbnailUrl":"https:\/\/aumarche.biz\/bf\/wp-content\/uploads\/2023\/10\/hp-color-laserjet-pro-mfp-m479fdn-w1a79a.jpg","datePublished":"2023-10-17T14:16:24+00:00","breadcrumb":{"@id":"https:\/\/aumarche.biz\/bf\/index.php\/produit\/hp-color-laserjet-pro-mulifunction-m479fdn-printer\/#breadcrumb"},"inLanguage":"fr-FR","potentialAction":[{"@type":"ReadAction","target":["https:\/\/aumarche.biz\/bf\/index.php\/produit\/hp-color-laserjet-pro-mulifunction-m479fdn-printer\/"]}]},{"@type":"ImageObject","inLanguage":"fr-FR","@id":"https:\/\/aumarche.biz\/bf\/index.php\/produit\/hp-color-laserjet-pro-mulifunction-m479fdn-printer\/#primaryimage","url":"https:\/\/aumarche.biz\/bf\/wp-content\/uploads\/2023\/10\/hp-color-laserjet-pro-mfp-m479fdn-w1a79a.jpg","contentUrl":"https:\/\/aumarche.biz\/bf\/wp-content\/uploads\/2023\/10\/hp-color-laserjet-pro-mfp-m479fdn-w1a79a.jpg","width":1359,"height":1500},{"@type":"BreadcrumbList","@id":"https:\/\/aumarche.biz\/bf\/index.php\/produit\/hp-color-laserjet-pro-mulifunction-m479fdn-printer\/#breadcrumb","itemListElement":[{"@type":"ListItem","position":1,"name":"Accueil","item":"https:\/\/aumarche.biz\/bf\/"},{"@type":"ListItem","position":2,"name":"Boutique","item":"https:\/\/aumarche.biz\/bf\/index.php\/boutique\/"},{"@type":"ListItem","position":3,"name":"HP COLOR LASERJET PRO MULIFUNCTION M479FDN PRINTER"}]},{"@type":"WebSite","@id":"https:\/\/aumarche.biz\/bf\/#website","url":"https:\/\/aumarche.biz\/bf\/","name":"aumarche.biz","description":"Vendre et acheter autrement","publisher":{"@id":"https:\/\/aumarche.biz\/bf\/#organization"},"potentialAction":[{"@type":"SearchAction","target":{"@type":"EntryPoint","urlTemplate":"https:\/\/aumarche.biz\/bf\/?s={search_term_string}"},"query-input":{"@type":"PropertyValueSpecification","valueRequired":true,"valueName":"search_term_string"}}],"inLanguage":"fr-FR"},{"@type":"Organization","@id":"https:\/\/aumarche.biz\/bf\/#organization","name":"aumarche.biz","url":"https:\/\/aumarche.biz\/bf\/","logo":{"@type":"ImageObject","inLanguage":"fr-FR","@id":"https:\/\/aumarche.biz\/bf\/#\/schema\/logo\/image\/","url":"https:\/\/aumarche.biz\/bf\/wp-content\/uploads\/2023\/09\/favicone.png","contentUrl":"https:\/\/aumarche.biz\/bf\/wp-content\/uploads\/2023\/09\/favicone.png","width":64,"height":64,"caption":"aumarche.biz"},"image":{"@id":"https:\/\/aumarche.biz\/bf\/#\/schema\/logo\/image\/"},"sameAs":["https:\/\/www.facebook.com\/aumarchebf"]}]}},"_links":{"self":[{"href":"https:\/\/aumarche.biz\/bf\/index.php\/wp-json\/wp\/v2\/product\/5143","targetHints":{"allow":["GET"]}}],"collection":[{"href":"https:\/\/aumarche.biz\/bf\/index.php\/wp-json\/wp\/v2\/product"}],"about":[{"href":"https:\/\/aumarche.biz\/bf\/index.php\/wp-json\/wp\/v2\/types\/product"}],"wp:featuredmedia":[{"embeddable":true,"href":"https:\/\/aumarche.biz\/bf\/index.php\/wp-json\/wp\/v2\/media\/5140"}],"wp:attachment":[{"href":"https:\/\/aumarche.biz\/bf\/index.php\/wp-json\/wp\/v2\/media?parent=5143"}],"wp:term":[{"taxonomy":"product_cat","embeddable":true,"href":"https:\/\/aumarche.biz\/bf\/index.php\/wp-json\/wp\/v2\/product_cat?post=5143"},{"taxonomy":"product_tag","embeddable":true,"href":"https:\/\/aumarche.biz\/bf\/index.php\/wp-json\/wp\/v2\/product_tag?post=5143"}],"curies":[{"name":"wp","href":"https:\/\/api.w.org\/{rel}","templated":true}]}}