{"id":5161,"date":"2023-10-17T15:12:10","date_gmt":"2023-10-17T15:12:10","guid":{"rendered":"https:\/\/aumarche.biz\/bf\/index.php\/produit\/motorola-mag-one-a8i\/"},"modified":"2023-10-17T15:12:10","modified_gmt":"2023-10-17T15:12:10","slug":"motorola-mag-one-a8i","status":"publish","type":"product","link":"https:\/\/aumarche.biz\/bf\/index.php\/produit\/motorola-mag-one-a8i\/","title":{"rendered":"MOTOROLA Mag One A8i"},"content":{"rendered":"<p><p class=\"MsoNormal\">\u2022 Mise \u00e0 niveau des batteries haute capacit\u00e9<\/p>\n<p class=\"MsoNormal\">\u00c9quip\u00e9 d\u2019une batterie au lithium haute capacit\u00e9, de l\u2019\u00e8re du<br \/>\nsimulateur de la batterie \u00e0 hydrure m\u00e9tallique au nickel de 1200 mAh, mise \u00e0<br \/>\nniveau vers une batterie au lithium de 2400 mAh, am\u00e9liore consid\u00e9rablement la<br \/>\ndur\u00e9e de vie de l\u2019appel \u00e0 l\u2019interphone.<\/p>\n<p class=\"MsoNormal\">\u2022 Effet d\u2019appel fort et clair<\/p>\n<p class=\"MsoNormal\">L\u2019audio num\u00e9rique clair et l\u2019effet d\u2019appel fort permettent<br \/>\naux utilisateurs de maintenir une communication fluide, m\u00eame dans des<br \/>\nenvironnements bruyants.<\/p>\n<p class=\"MsoNormal\">\u2022 Appel unique, appel de groupe et appel complet<\/p>\n<p class=\"MsoNormal\">Mode num\u00e9rique Appel unique, appel de groupe et appel<br \/>\ncomplet. Les utilisateurs peuvent d\u00e9finir le groupe d\u2019appels correspondant<\/p>\n<\/p>\n<p>\u2022 Notification vocale<\/p>\n<p>La fonction de notification vocale fournit \u00e0 l\u2019utilisateur la confirmation sous forme de voix et informe de la conversion de canal, du mode de canal, de l\u2019\u00e9tat de la batterie et de l\u2019\u00e9tat de changement de mode automatique de l\u2019interphone par la voix. Cela permet \u00e0 l\u2019utilisateur de se concentrer sur la t\u00e2che \u00e0 accomplir sans se distraire.<\/p>\n<p>\u2022Num\u00e9riser<\/p>\n<p>L\u2019analyse hybride permet aux utilisateurs de surveiller l\u2019activit\u00e9 sur diff\u00e9rents modes de canaux de communication afin d\u2019\u00e9viter de manquer des informations importantes.\u00a0<\/p>\n","protected":false},"excerpt":{"rendered":"<p>Int\u00e9grant les technologies analogiques et num\u00e9riques, le Mag One A8i est rentable et facile \u00e0 utiliser, offrant aux utilisateurs les performances fiables d\u2019un talkie-walkie bidirectionnel. Facile \u00e0 mettre \u00e0 l\u2019\u00e9chelle et dot\u00e9 d\u2019une interop\u00e9rabilit\u00e9 analogique, A8i vous permet d\u2019avoir des communications vocales num\u00e9riques \u00e0 votre propre rythme et avec votre propre budget. L\u2019A8i peut utiliser les accessoires de talkie-walkie analogique A8, ce qui permet aux clients de passer facilement et rapidement d\u2019un syst\u00e8me num\u00e9rique \u00e0 l\u2019autre. Convient pour une utilisation dans les magasins de d\u00e9tail, les restaurants, les restaurants,\u00a0<br data-mce-bogus=\"1\"><\/p>\n","protected":false},"featured_media":5160,"template":"","meta":[],"product_cat":[265,264],"product_tag":[],"class_list":{"0":"post-5161","1":"product","2":"type-product","3":"status-publish","4":"has-post-thumbnail","6":"product_brand-autres-marques","7":"product_cat-electronique","8":"product_cat-high-tech","10":"first","11":"instock","12":"taxable","13":"shipping-taxable","14":"purchasable","15":"product-type-simple","16":"col-xs-6 col-sm-4","17":"col-md-3 col-lg-3","18":"un-4-cols"},"yoast_head":"<!-- This site is optimized with the Yoast SEO plugin v26.9 - https:\/\/yoast.com\/product\/yoast-seo-wordpress\/ -->\n<title>MOTOROLA Mag One A8i - AU MARCHE BURKINA<\/title>\n<meta name=\"robots\" content=\"noindex, follow, max-snippet:-1, max-image-preview:large, max-video-preview:-1\" \/>\n<meta property=\"og:locale\" content=\"fr_FR\" \/>\n<meta property=\"og:type\" content=\"article\" \/>\n<meta property=\"og:title\" content=\"MOTOROLA Mag One A8i - AU MARCHE BURKINA\" \/>\n<meta property=\"og:description\" content=\"Int\u00e9grant les technologies analogiques et num\u00e9riques, le Mag One A8i est rentable et facile \u00e0 utiliser, offrant aux utilisateurs les performances fiables d\u2019un talkie-walkie bidirectionnel. Facile \u00e0 mettre \u00e0 l\u2019\u00e9chelle et dot\u00e9 d\u2019une interop\u00e9rabilit\u00e9 analogique, A8i vous permet d\u2019avoir des communications vocales num\u00e9riques \u00e0 votre propre rythme et avec votre propre budget. L\u2019A8i peut utiliser les accessoires de talkie-walkie analogique A8, ce qui permet aux clients de passer facilement et rapidement d\u2019un syst\u00e8me num\u00e9rique \u00e0 l\u2019autre. Convient pour une utilisation dans les magasins de d\u00e9tail, les restaurants, les restaurants,\u00a0\" \/>\n<meta property=\"og:url\" content=\"https:\/\/aumarche.biz\/bf\/index.php\/produit\/motorola-mag-one-a8i\/\" \/>\n<meta property=\"og:site_name\" content=\"AU MARCHE BURKINA\" \/>\n<meta property=\"article:publisher\" content=\"https:\/\/www.facebook.com\/aumarchebf\" \/>\n<meta property=\"og:image\" content=\"https:\/\/aumarche.biz\/bf\/wp-content\/uploads\/2023\/10\/WhatsApp-Image-2023-10-16-at-15.35.37.jpeg\" \/>\n\t<meta property=\"og:image:width\" content=\"1000\" \/>\n\t<meta property=\"og:image:height\" content=\"1000\" \/>\n\t<meta property=\"og:image:type\" content=\"image\/jpeg\" \/>\n<meta name=\"twitter:card\" content=\"summary_large_image\" \/>\n<meta name=\"twitter:label1\" content=\"Dur\u00e9e de lecture estim\u00e9e\" \/>\n\t<meta name=\"twitter:data1\" content=\"1 minute\" \/>\n<script type=\"application\/ld+json\" class=\"yoast-schema-graph\">{\"@context\":\"https:\/\/schema.org\",\"@graph\":[{\"@type\":\"WebPage\",\"@id\":\"https:\/\/aumarche.biz\/bf\/index.php\/produit\/motorola-mag-one-a8i\/\",\"url\":\"https:\/\/aumarche.biz\/bf\/index.php\/produit\/motorola-mag-one-a8i\/\",\"name\":\"MOTOROLA Mag One A8i - AU MARCHE BURKINA\",\"isPartOf\":{\"@id\":\"https:\/\/aumarche.biz\/bf\/#website\"},\"primaryImageOfPage\":{\"@id\":\"https:\/\/aumarche.biz\/bf\/index.php\/produit\/motorola-mag-one-a8i\/#primaryimage\"},\"image\":{\"@id\":\"https:\/\/aumarche.biz\/bf\/index.php\/produit\/motorola-mag-one-a8i\/#primaryimage\"},\"thumbnailUrl\":\"https:\/\/aumarche.biz\/bf\/wp-content\/uploads\/2023\/10\/WhatsApp-Image-2023-10-16-at-15.35.37.jpeg\",\"datePublished\":\"2023-10-17T15:12:10+00:00\",\"breadcrumb\":{\"@id\":\"https:\/\/aumarche.biz\/bf\/index.php\/produit\/motorola-mag-one-a8i\/#breadcrumb\"},\"inLanguage\":\"fr-FR\",\"potentialAction\":[{\"@type\":\"ReadAction\",\"target\":[\"https:\/\/aumarche.biz\/bf\/index.php\/produit\/motorola-mag-one-a8i\/\"]}]},{\"@type\":\"ImageObject\",\"inLanguage\":\"fr-FR\",\"@id\":\"https:\/\/aumarche.biz\/bf\/index.php\/produit\/motorola-mag-one-a8i\/#primaryimage\",\"url\":\"https:\/\/aumarche.biz\/bf\/wp-content\/uploads\/2023\/10\/WhatsApp-Image-2023-10-16-at-15.35.37.jpeg\",\"contentUrl\":\"https:\/\/aumarche.biz\/bf\/wp-content\/uploads\/2023\/10\/WhatsApp-Image-2023-10-16-at-15.35.37.jpeg\",\"width\":1000,\"height\":1000},{\"@type\":\"BreadcrumbList\",\"@id\":\"https:\/\/aumarche.biz\/bf\/index.php\/produit\/motorola-mag-one-a8i\/#breadcrumb\",\"itemListElement\":[{\"@type\":\"ListItem\",\"position\":1,\"name\":\"Accueil\",\"item\":\"https:\/\/aumarche.biz\/bf\/\"},{\"@type\":\"ListItem\",\"position\":2,\"name\":\"Boutique\",\"item\":\"https:\/\/aumarche.biz\/bf\/index.php\/boutique\/\"},{\"@type\":\"ListItem\",\"position\":3,\"name\":\"MOTOROLA Mag One A8i\"}]},{\"@type\":\"WebSite\",\"@id\":\"https:\/\/aumarche.biz\/bf\/#website\",\"url\":\"https:\/\/aumarche.biz\/bf\/\",\"name\":\"aumarche.biz\",\"description\":\"Vendre et acheter autrement\",\"publisher\":{\"@id\":\"https:\/\/aumarche.biz\/bf\/#organization\"},\"potentialAction\":[{\"@type\":\"SearchAction\",\"target\":{\"@type\":\"EntryPoint\",\"urlTemplate\":\"https:\/\/aumarche.biz\/bf\/?s={search_term_string}\"},\"query-input\":{\"@type\":\"PropertyValueSpecification\",\"valueRequired\":true,\"valueName\":\"search_term_string\"}}],\"inLanguage\":\"fr-FR\"},{\"@type\":\"Organization\",\"@id\":\"https:\/\/aumarche.biz\/bf\/#organization\",\"name\":\"aumarche.biz\",\"url\":\"https:\/\/aumarche.biz\/bf\/\",\"logo\":{\"@type\":\"ImageObject\",\"inLanguage\":\"fr-FR\",\"@id\":\"https:\/\/aumarche.biz\/bf\/#\/schema\/logo\/image\/\",\"url\":\"https:\/\/aumarche.biz\/bf\/wp-content\/uploads\/2023\/09\/favicone.png\",\"contentUrl\":\"https:\/\/aumarche.biz\/bf\/wp-content\/uploads\/2023\/09\/favicone.png\",\"width\":64,\"height\":64,\"caption\":\"aumarche.biz\"},\"image\":{\"@id\":\"https:\/\/aumarche.biz\/bf\/#\/schema\/logo\/image\/\"},\"sameAs\":[\"https:\/\/www.facebook.com\/aumarchebf\"]}]}<\/script>\n<!-- \/ Yoast SEO plugin. -->","yoast_head_json":{"title":"MOTOROLA Mag One A8i - AU MARCHE BURKINA","robots":{"index":"noindex","follow":"follow","max-snippet":"max-snippet:-1","max-image-preview":"max-image-preview:large","max-video-preview":"max-video-preview:-1"},"og_locale":"fr_FR","og_type":"article","og_title":"MOTOROLA Mag One A8i - AU MARCHE BURKINA","og_description":"Int\u00e9grant les technologies analogiques et num\u00e9riques, le Mag One A8i est rentable et facile \u00e0 utiliser, offrant aux utilisateurs les performances fiables d\u2019un talkie-walkie bidirectionnel. Facile \u00e0 mettre \u00e0 l\u2019\u00e9chelle et dot\u00e9 d\u2019une interop\u00e9rabilit\u00e9 analogique, A8i vous permet d\u2019avoir des communications vocales num\u00e9riques \u00e0 votre propre rythme et avec votre propre budget. L\u2019A8i peut utiliser les accessoires de talkie-walkie analogique A8, ce qui permet aux clients de passer facilement et rapidement d\u2019un syst\u00e8me num\u00e9rique \u00e0 l\u2019autre. Convient pour une utilisation dans les magasins de d\u00e9tail, les restaurants, les restaurants,\u00a0","og_url":"https:\/\/aumarche.biz\/bf\/index.php\/produit\/motorola-mag-one-a8i\/","og_site_name":"AU MARCHE BURKINA","article_publisher":"https:\/\/www.facebook.com\/aumarchebf","og_image":[{"width":1000,"height":1000,"url":"https:\/\/aumarche.biz\/bf\/wp-content\/uploads\/2023\/10\/WhatsApp-Image-2023-10-16-at-15.35.37.jpeg","type":"image\/jpeg"}],"twitter_card":"summary_large_image","twitter_misc":{"Dur\u00e9e de lecture estim\u00e9e":"1 minute"},"schema":{"@context":"https:\/\/schema.org","@graph":[{"@type":"WebPage","@id":"https:\/\/aumarche.biz\/bf\/index.php\/produit\/motorola-mag-one-a8i\/","url":"https:\/\/aumarche.biz\/bf\/index.php\/produit\/motorola-mag-one-a8i\/","name":"MOTOROLA Mag One A8i - AU MARCHE BURKINA","isPartOf":{"@id":"https:\/\/aumarche.biz\/bf\/#website"},"primaryImageOfPage":{"@id":"https:\/\/aumarche.biz\/bf\/index.php\/produit\/motorola-mag-one-a8i\/#primaryimage"},"image":{"@id":"https:\/\/aumarche.biz\/bf\/index.php\/produit\/motorola-mag-one-a8i\/#primaryimage"},"thumbnailUrl":"https:\/\/aumarche.biz\/bf\/wp-content\/uploads\/2023\/10\/WhatsApp-Image-2023-10-16-at-15.35.37.jpeg","datePublished":"2023-10-17T15:12:10+00:00","breadcrumb":{"@id":"https:\/\/aumarche.biz\/bf\/index.php\/produit\/motorola-mag-one-a8i\/#breadcrumb"},"inLanguage":"fr-FR","potentialAction":[{"@type":"ReadAction","target":["https:\/\/aumarche.biz\/bf\/index.php\/produit\/motorola-mag-one-a8i\/"]}]},{"@type":"ImageObject","inLanguage":"fr-FR","@id":"https:\/\/aumarche.biz\/bf\/index.php\/produit\/motorola-mag-one-a8i\/#primaryimage","url":"https:\/\/aumarche.biz\/bf\/wp-content\/uploads\/2023\/10\/WhatsApp-Image-2023-10-16-at-15.35.37.jpeg","contentUrl":"https:\/\/aumarche.biz\/bf\/wp-content\/uploads\/2023\/10\/WhatsApp-Image-2023-10-16-at-15.35.37.jpeg","width":1000,"height":1000},{"@type":"BreadcrumbList","@id":"https:\/\/aumarche.biz\/bf\/index.php\/produit\/motorola-mag-one-a8i\/#breadcrumb","itemListElement":[{"@type":"ListItem","position":1,"name":"Accueil","item":"https:\/\/aumarche.biz\/bf\/"},{"@type":"ListItem","position":2,"name":"Boutique","item":"https:\/\/aumarche.biz\/bf\/index.php\/boutique\/"},{"@type":"ListItem","position":3,"name":"MOTOROLA Mag One A8i"}]},{"@type":"WebSite","@id":"https:\/\/aumarche.biz\/bf\/#website","url":"https:\/\/aumarche.biz\/bf\/","name":"aumarche.biz","description":"Vendre et acheter autrement","publisher":{"@id":"https:\/\/aumarche.biz\/bf\/#organization"},"potentialAction":[{"@type":"SearchAction","target":{"@type":"EntryPoint","urlTemplate":"https:\/\/aumarche.biz\/bf\/?s={search_term_string}"},"query-input":{"@type":"PropertyValueSpecification","valueRequired":true,"valueName":"search_term_string"}}],"inLanguage":"fr-FR"},{"@type":"Organization","@id":"https:\/\/aumarche.biz\/bf\/#organization","name":"aumarche.biz","url":"https:\/\/aumarche.biz\/bf\/","logo":{"@type":"ImageObject","inLanguage":"fr-FR","@id":"https:\/\/aumarche.biz\/bf\/#\/schema\/logo\/image\/","url":"https:\/\/aumarche.biz\/bf\/wp-content\/uploads\/2023\/09\/favicone.png","contentUrl":"https:\/\/aumarche.biz\/bf\/wp-content\/uploads\/2023\/09\/favicone.png","width":64,"height":64,"caption":"aumarche.biz"},"image":{"@id":"https:\/\/aumarche.biz\/bf\/#\/schema\/logo\/image\/"},"sameAs":["https:\/\/www.facebook.com\/aumarchebf"]}]}},"_links":{"self":[{"href":"https:\/\/aumarche.biz\/bf\/index.php\/wp-json\/wp\/v2\/product\/5161","targetHints":{"allow":["GET"]}}],"collection":[{"href":"https:\/\/aumarche.biz\/bf\/index.php\/wp-json\/wp\/v2\/product"}],"about":[{"href":"https:\/\/aumarche.biz\/bf\/index.php\/wp-json\/wp\/v2\/types\/product"}],"wp:featuredmedia":[{"embeddable":true,"href":"https:\/\/aumarche.biz\/bf\/index.php\/wp-json\/wp\/v2\/media\/5160"}],"wp:attachment":[{"href":"https:\/\/aumarche.biz\/bf\/index.php\/wp-json\/wp\/v2\/media?parent=5161"}],"wp:term":[{"taxonomy":"product_cat","embeddable":true,"href":"https:\/\/aumarche.biz\/bf\/index.php\/wp-json\/wp\/v2\/product_cat?post=5161"},{"taxonomy":"product_tag","embeddable":true,"href":"https:\/\/aumarche.biz\/bf\/index.php\/wp-json\/wp\/v2\/product_tag?post=5161"}],"curies":[{"name":"wp","href":"https:\/\/api.w.org\/{rel}","templated":true}]}}