{"id":5168,"date":"2023-10-17T15:45:44","date_gmt":"2023-10-17T15:45:44","guid":{"rendered":"https:\/\/aumarche.biz\/bf\/index.php\/produit\/cables-electriques-souples\/"},"modified":"2023-10-17T15:46:49","modified_gmt":"2023-10-17T15:46:49","slug":"cables-electriques-souples","status":"publish","type":"product","link":"https:\/\/aumarche.biz\/bf\/index.php\/produit\/cables-electriques-souples\/","title":{"rendered":"C\u00e2bles \u00e9lectriques souples 2*10 mm (100m)"},"content":{"rendered":"<h3 style=\"font-family: verdana;font-size: 14px\" data-mce-style=\"font-family: verdana; font-size: 14px;\">Caract\u00e9ristiques :<\/h3>\n<p><\/p>\n<ul style=\"font-family: verdana;font-size: 13px\" data-mce-style=\"font-family: verdana; font-size: 13px;\">\n<li><strong>Section<\/strong>\u00a010mm\u00b2<\/li>\n<li><strong>Nombre de conducteurs<\/strong>\u00a01<\/li>\n<li><strong>Tension<\/strong>\u00a0450\/750V<\/li>\n<li><strong>Conditionnement<\/strong>\u00a0Couronne<\/li>\n<li><strong>Ame (constitution)<\/strong>\u00a0Cuivre multibrins- classe\u00a05<\/li>\n<li><strong>Comportement au feu<\/strong>\u00a0NFC 32-070 2.1 cat. C2\u00a0\u00a0<\/li>\n<li><strong>Temp\u00e9rature de fonctionnement &#8211;<\/strong>5\/+70\u00b0C<\/li>\n<li><strong>Isolation<\/strong>\u00a0PVC<\/li>\n<li><strong>Diam\u00e8tre ext approximatif (mm)<\/strong>6,8<\/li>\n<li><strong>Masse du cuivre (kg\/km)<\/strong>\u00a096<\/li>\n<li><strong>Poids approximatif (Kg\/Km)<\/strong>\u00a0109<\/li>\n<li><strong>Couleur de gaine<\/strong>\u00a0noir<\/li>\n<\/ul>\n","protected":false},"excerpt":{"rendered":"<p class=\"MsoNormal\">Nous proposons ici\u00a0 nos fils et c\u00e2bles \u00e9lectriques<br \/>souples : c\u00e2bles pour usage courant domestique et industriel pour alimentation<br \/>d&rsquo;appareils mobiles ou confection de rallonge \u00e9lectrique<\/p>\n<p><\/p>\n","protected":false},"featured_media":5167,"template":"","meta":[],"product_cat":[265,264],"product_tag":[],"class_list":{"0":"post-5168","1":"product","2":"type-product","3":"status-publish","4":"has-post-thumbnail","6":"product_brand-autres-marques","7":"product_cat-electronique","8":"product_cat-high-tech","10":"first","11":"instock","12":"taxable","13":"shipping-taxable","14":"purchasable","15":"product-type-simple","16":"col-xs-6 col-sm-4","17":"col-md-3 col-lg-3","18":"un-4-cols"},"yoast_head":"<!-- This site is optimized with the Yoast SEO plugin v26.9 - https:\/\/yoast.com\/product\/yoast-seo-wordpress\/ -->\n<title>C\u00e2bles \u00e9lectriques souples 2*10 mm (100m) - AU MARCHE BURKINA<\/title>\n<meta name=\"robots\" content=\"noindex, follow, max-snippet:-1, max-image-preview:large, max-video-preview:-1\" \/>\n<meta property=\"og:locale\" content=\"fr_FR\" \/>\n<meta property=\"og:type\" content=\"article\" \/>\n<meta property=\"og:title\" content=\"C\u00e2bles \u00e9lectriques souples 2*10 mm (100m) - AU MARCHE BURKINA\" \/>\n<meta property=\"og:description\" content=\"Nous proposons ici\u00a0 nos fils et c\u00e2bles \u00e9lectriquessouples : c\u00e2bles pour usage courant domestique et industriel pour alimentationd&#039;appareils mobiles ou confection de rallonge \u00e9lectrique\" \/>\n<meta property=\"og:url\" content=\"https:\/\/aumarche.biz\/bf\/index.php\/produit\/cables-electriques-souples\/\" \/>\n<meta property=\"og:site_name\" content=\"AU MARCHE BURKINA\" \/>\n<meta property=\"article:publisher\" content=\"https:\/\/www.facebook.com\/aumarchebf\" \/>\n<meta property=\"article:modified_time\" content=\"2023-10-17T15:46:49+00:00\" \/>\n<meta property=\"og:image\" content=\"https:\/\/aumarche.biz\/bf\/wp-content\/uploads\/2023\/10\/noname_cbp01272094_551409_product_image_d_large.jpeg\" \/>\n\t<meta property=\"og:image:width\" content=\"600\" \/>\n\t<meta property=\"og:image:height\" content=\"600\" \/>\n\t<meta property=\"og:image:type\" content=\"image\/jpeg\" \/>\n<meta name=\"twitter:card\" content=\"summary_large_image\" \/>\n<script type=\"application\/ld+json\" class=\"yoast-schema-graph\">{\"@context\":\"https:\/\/schema.org\",\"@graph\":[{\"@type\":\"WebPage\",\"@id\":\"https:\/\/aumarche.biz\/bf\/index.php\/produit\/cables-electriques-souples\/\",\"url\":\"https:\/\/aumarche.biz\/bf\/index.php\/produit\/cables-electriques-souples\/\",\"name\":\"C\u00e2bles \u00e9lectriques souples 2*10 mm (100m) - AU MARCHE BURKINA\",\"isPartOf\":{\"@id\":\"https:\/\/aumarche.biz\/bf\/#website\"},\"primaryImageOfPage\":{\"@id\":\"https:\/\/aumarche.biz\/bf\/index.php\/produit\/cables-electriques-souples\/#primaryimage\"},\"image\":{\"@id\":\"https:\/\/aumarche.biz\/bf\/index.php\/produit\/cables-electriques-souples\/#primaryimage\"},\"thumbnailUrl\":\"https:\/\/aumarche.biz\/bf\/wp-content\/uploads\/2023\/10\/noname_cbp01272094_551409_product_image_d_large.jpeg\",\"datePublished\":\"2023-10-17T15:45:44+00:00\",\"dateModified\":\"2023-10-17T15:46:49+00:00\",\"breadcrumb\":{\"@id\":\"https:\/\/aumarche.biz\/bf\/index.php\/produit\/cables-electriques-souples\/#breadcrumb\"},\"inLanguage\":\"fr-FR\",\"potentialAction\":[{\"@type\":\"ReadAction\",\"target\":[\"https:\/\/aumarche.biz\/bf\/index.php\/produit\/cables-electriques-souples\/\"]}]},{\"@type\":\"ImageObject\",\"inLanguage\":\"fr-FR\",\"@id\":\"https:\/\/aumarche.biz\/bf\/index.php\/produit\/cables-electriques-souples\/#primaryimage\",\"url\":\"https:\/\/aumarche.biz\/bf\/wp-content\/uploads\/2023\/10\/noname_cbp01272094_551409_product_image_d_large.jpeg\",\"contentUrl\":\"https:\/\/aumarche.biz\/bf\/wp-content\/uploads\/2023\/10\/noname_cbp01272094_551409_product_image_d_large.jpeg\",\"width\":600,\"height\":600},{\"@type\":\"BreadcrumbList\",\"@id\":\"https:\/\/aumarche.biz\/bf\/index.php\/produit\/cables-electriques-souples\/#breadcrumb\",\"itemListElement\":[{\"@type\":\"ListItem\",\"position\":1,\"name\":\"Accueil\",\"item\":\"https:\/\/aumarche.biz\/bf\/\"},{\"@type\":\"ListItem\",\"position\":2,\"name\":\"Boutique\",\"item\":\"https:\/\/aumarche.biz\/bf\/index.php\/boutique\/\"},{\"@type\":\"ListItem\",\"position\":3,\"name\":\"C\u00e2bles \u00e9lectriques souples 2*10 mm (100m)\"}]},{\"@type\":\"WebSite\",\"@id\":\"https:\/\/aumarche.biz\/bf\/#website\",\"url\":\"https:\/\/aumarche.biz\/bf\/\",\"name\":\"aumarche.biz\",\"description\":\"Vendre et acheter autrement\",\"publisher\":{\"@id\":\"https:\/\/aumarche.biz\/bf\/#organization\"},\"potentialAction\":[{\"@type\":\"SearchAction\",\"target\":{\"@type\":\"EntryPoint\",\"urlTemplate\":\"https:\/\/aumarche.biz\/bf\/?s={search_term_string}\"},\"query-input\":{\"@type\":\"PropertyValueSpecification\",\"valueRequired\":true,\"valueName\":\"search_term_string\"}}],\"inLanguage\":\"fr-FR\"},{\"@type\":\"Organization\",\"@id\":\"https:\/\/aumarche.biz\/bf\/#organization\",\"name\":\"aumarche.biz\",\"url\":\"https:\/\/aumarche.biz\/bf\/\",\"logo\":{\"@type\":\"ImageObject\",\"inLanguage\":\"fr-FR\",\"@id\":\"https:\/\/aumarche.biz\/bf\/#\/schema\/logo\/image\/\",\"url\":\"https:\/\/aumarche.biz\/bf\/wp-content\/uploads\/2023\/09\/favicone.png\",\"contentUrl\":\"https:\/\/aumarche.biz\/bf\/wp-content\/uploads\/2023\/09\/favicone.png\",\"width\":64,\"height\":64,\"caption\":\"aumarche.biz\"},\"image\":{\"@id\":\"https:\/\/aumarche.biz\/bf\/#\/schema\/logo\/image\/\"},\"sameAs\":[\"https:\/\/www.facebook.com\/aumarchebf\"]}]}<\/script>\n<!-- \/ Yoast SEO plugin. -->","yoast_head_json":{"title":"C\u00e2bles \u00e9lectriques souples 2*10 mm (100m) - AU MARCHE BURKINA","robots":{"index":"noindex","follow":"follow","max-snippet":"max-snippet:-1","max-image-preview":"max-image-preview:large","max-video-preview":"max-video-preview:-1"},"og_locale":"fr_FR","og_type":"article","og_title":"C\u00e2bles \u00e9lectriques souples 2*10 mm (100m) - AU MARCHE BURKINA","og_description":"Nous proposons ici\u00a0 nos fils et c\u00e2bles \u00e9lectriquessouples : c\u00e2bles pour usage courant domestique et industriel pour alimentationd'appareils mobiles ou confection de rallonge \u00e9lectrique","og_url":"https:\/\/aumarche.biz\/bf\/index.php\/produit\/cables-electriques-souples\/","og_site_name":"AU MARCHE BURKINA","article_publisher":"https:\/\/www.facebook.com\/aumarchebf","article_modified_time":"2023-10-17T15:46:49+00:00","og_image":[{"width":600,"height":600,"url":"https:\/\/aumarche.biz\/bf\/wp-content\/uploads\/2023\/10\/noname_cbp01272094_551409_product_image_d_large.jpeg","type":"image\/jpeg"}],"twitter_card":"summary_large_image","schema":{"@context":"https:\/\/schema.org","@graph":[{"@type":"WebPage","@id":"https:\/\/aumarche.biz\/bf\/index.php\/produit\/cables-electriques-souples\/","url":"https:\/\/aumarche.biz\/bf\/index.php\/produit\/cables-electriques-souples\/","name":"C\u00e2bles \u00e9lectriques souples 2*10 mm (100m) - AU MARCHE BURKINA","isPartOf":{"@id":"https:\/\/aumarche.biz\/bf\/#website"},"primaryImageOfPage":{"@id":"https:\/\/aumarche.biz\/bf\/index.php\/produit\/cables-electriques-souples\/#primaryimage"},"image":{"@id":"https:\/\/aumarche.biz\/bf\/index.php\/produit\/cables-electriques-souples\/#primaryimage"},"thumbnailUrl":"https:\/\/aumarche.biz\/bf\/wp-content\/uploads\/2023\/10\/noname_cbp01272094_551409_product_image_d_large.jpeg","datePublished":"2023-10-17T15:45:44+00:00","dateModified":"2023-10-17T15:46:49+00:00","breadcrumb":{"@id":"https:\/\/aumarche.biz\/bf\/index.php\/produit\/cables-electriques-souples\/#breadcrumb"},"inLanguage":"fr-FR","potentialAction":[{"@type":"ReadAction","target":["https:\/\/aumarche.biz\/bf\/index.php\/produit\/cables-electriques-souples\/"]}]},{"@type":"ImageObject","inLanguage":"fr-FR","@id":"https:\/\/aumarche.biz\/bf\/index.php\/produit\/cables-electriques-souples\/#primaryimage","url":"https:\/\/aumarche.biz\/bf\/wp-content\/uploads\/2023\/10\/noname_cbp01272094_551409_product_image_d_large.jpeg","contentUrl":"https:\/\/aumarche.biz\/bf\/wp-content\/uploads\/2023\/10\/noname_cbp01272094_551409_product_image_d_large.jpeg","width":600,"height":600},{"@type":"BreadcrumbList","@id":"https:\/\/aumarche.biz\/bf\/index.php\/produit\/cables-electriques-souples\/#breadcrumb","itemListElement":[{"@type":"ListItem","position":1,"name":"Accueil","item":"https:\/\/aumarche.biz\/bf\/"},{"@type":"ListItem","position":2,"name":"Boutique","item":"https:\/\/aumarche.biz\/bf\/index.php\/boutique\/"},{"@type":"ListItem","position":3,"name":"C\u00e2bles \u00e9lectriques souples 2*10 mm (100m)"}]},{"@type":"WebSite","@id":"https:\/\/aumarche.biz\/bf\/#website","url":"https:\/\/aumarche.biz\/bf\/","name":"aumarche.biz","description":"Vendre et acheter autrement","publisher":{"@id":"https:\/\/aumarche.biz\/bf\/#organization"},"potentialAction":[{"@type":"SearchAction","target":{"@type":"EntryPoint","urlTemplate":"https:\/\/aumarche.biz\/bf\/?s={search_term_string}"},"query-input":{"@type":"PropertyValueSpecification","valueRequired":true,"valueName":"search_term_string"}}],"inLanguage":"fr-FR"},{"@type":"Organization","@id":"https:\/\/aumarche.biz\/bf\/#organization","name":"aumarche.biz","url":"https:\/\/aumarche.biz\/bf\/","logo":{"@type":"ImageObject","inLanguage":"fr-FR","@id":"https:\/\/aumarche.biz\/bf\/#\/schema\/logo\/image\/","url":"https:\/\/aumarche.biz\/bf\/wp-content\/uploads\/2023\/09\/favicone.png","contentUrl":"https:\/\/aumarche.biz\/bf\/wp-content\/uploads\/2023\/09\/favicone.png","width":64,"height":64,"caption":"aumarche.biz"},"image":{"@id":"https:\/\/aumarche.biz\/bf\/#\/schema\/logo\/image\/"},"sameAs":["https:\/\/www.facebook.com\/aumarchebf"]}]}},"_links":{"self":[{"href":"https:\/\/aumarche.biz\/bf\/index.php\/wp-json\/wp\/v2\/product\/5168","targetHints":{"allow":["GET"]}}],"collection":[{"href":"https:\/\/aumarche.biz\/bf\/index.php\/wp-json\/wp\/v2\/product"}],"about":[{"href":"https:\/\/aumarche.biz\/bf\/index.php\/wp-json\/wp\/v2\/types\/product"}],"wp:featuredmedia":[{"embeddable":true,"href":"https:\/\/aumarche.biz\/bf\/index.php\/wp-json\/wp\/v2\/media\/5167"}],"wp:attachment":[{"href":"https:\/\/aumarche.biz\/bf\/index.php\/wp-json\/wp\/v2\/media?parent=5168"}],"wp:term":[{"taxonomy":"product_cat","embeddable":true,"href":"https:\/\/aumarche.biz\/bf\/index.php\/wp-json\/wp\/v2\/product_cat?post=5168"},{"taxonomy":"product_tag","embeddable":true,"href":"https:\/\/aumarche.biz\/bf\/index.php\/wp-json\/wp\/v2\/product_tag?post=5168"}],"curies":[{"name":"wp","href":"https:\/\/api.w.org\/{rel}","templated":true}]}}