{"id":5174,"date":"2023-10-17T16:11:17","date_gmt":"2023-10-17T16:11:17","guid":{"rendered":"https:\/\/aumarche.biz\/bf\/index.php\/produit\/casque-jbl-500-bt\/"},"modified":"2023-10-17T16:12:25","modified_gmt":"2023-10-17T16:12:25","slug":"casque-jbl-500-bt","status":"publish","type":"product","link":"https:\/\/aumarche.biz\/bf\/index.php\/produit\/casque-jbl-500-bt\/","title":{"rendered":"Casque JBL 500 BT"},"content":{"rendered":"<div class=\"pr__m-crtstc__t ln__font-uppercase ln__body-lg ln__body-sm--v-sm ln__font--700\" style=\"margin: 0px;padding: 0.75rem 0.5rem;font-family: Roboto, sans-serif;font-size: 0.875rem;font-weight: bold;line-height: 1.25;letter-spacing: 0.0125rem;text-transform: uppercase\" data-mce-style=\"margin: 0px; padding: 0.75rem 0.5rem; font-family: Roboto, sans-serif; font-size: 0.875rem; font-weight: bold; line-height: 1.25; letter-spacing: 0.0125rem; text-transform: uppercase;\">FICHE TECHNIQUE \/ CARACT\u00c9RISTIQUES<\/div>\n<table class=\"pr__m-crtstc__l is--unfolded mce-item-table\" data-collapse-carac-list=\"\">\n<tbody style=\"margin: 0px;padding: 0px\" data-mce-style=\"margin: 0px; padding: 0px;\">\n<tr style=\"margin: 0px;padding: 0px;width: 672px\" data-mce-style=\"margin: 0px; padding: 0px; width: 672px;\">\n<td class=\"ln__body-sm\" style=\"margin: 0px;padding: 0.4375rem 0.5rem;font-family: Roboto, sans-serif;font-size: 0.75rem;line-height: 1.5;letter-spacing: 0.015rem;width: 12.5rem\" data-mce-style=\"margin: 0px; padding: 0.4375rem 0.5rem; font-family: Roboto, sans-serif; font-size: 0.75rem; line-height: 1.5; letter-spacing: 0.015rem; width: 12.5rem;\">Type de casque<\/td>\n<td class=\"ln__body-lg ln__font--700\" style=\"margin: 0px;padding: 0.4375rem 0.5rem;font-family: Roboto, sans-serif;font-size: 0.875rem;font-weight: bold;line-height: 1.25;letter-spacing: 0.0125rem\" data-mce-style=\"margin: 0px; padding: 0.4375rem 0.5rem; font-family: Roboto, sans-serif; font-size: 0.875rem; font-weight: bold; line-height: 1.25; letter-spacing: 0.0125rem;\">Ferm\u00e9<\/td>\n<\/tr>\n<tr style=\"margin: 0px;padding: 0px;width: 672px\" data-mce-style=\"margin: 0px; padding: 0px; width: 672px;\">\n<td class=\"ln__body-sm\" style=\"margin: 0px;padding: 0.4375rem 0.5rem;font-family: Roboto, sans-serif;font-size: 0.75rem;line-height: 1.5;letter-spacing: 0.015rem;width: 12.5rem\" data-mce-style=\"margin: 0px; padding: 0.4375rem 0.5rem; font-family: Roboto, sans-serif; font-size: 0.75rem; line-height: 1.5; letter-spacing: 0.015rem; width: 12.5rem;\">Oreillette<\/td>\n<td class=\"ln__body-lg ln__font--700\" style=\"margin: 0px;padding: 0.4375rem 0.5rem;font-family: Roboto, sans-serif;font-size: 0.875rem;font-weight: bold;line-height: 1.25;letter-spacing: 0.0125rem\" data-mce-style=\"margin: 0px; padding: 0.4375rem 0.5rem; font-family: Roboto, sans-serif; font-size: 0.875rem; font-weight: bold; line-height: 1.25; letter-spacing: 0.0125rem;\">Supra-auriculaire<\/td>\n<\/tr>\n<tr style=\"margin: 0px;padding: 0px;width: 672px\" data-mce-style=\"margin: 0px; padding: 0px; width: 672px;\">\n<td class=\"ln__body-sm\" style=\"margin: 0px;padding: 0.4375rem 0.5rem;font-family: Roboto, sans-serif;font-size: 0.75rem;line-height: 1.5;letter-spacing: 0.015rem;width: 12.5rem\" data-mce-style=\"margin: 0px; padding: 0.4375rem 0.5rem; font-family: Roboto, sans-serif; font-size: 0.75rem; line-height: 1.5; letter-spacing: 0.015rem; width: 12.5rem;\">Poids<\/td>\n<td class=\"ln__body-lg ln__font--700\" style=\"margin: 0px;padding: 0.4375rem 0.5rem;font-family: Roboto, sans-serif;font-size: 0.875rem;font-weight: bold;line-height: 1.25;letter-spacing: 0.0125rem\" data-mce-style=\"margin: 0px; padding: 0.4375rem 0.5rem; font-family: Roboto, sans-serif; font-size: 0.875rem; font-weight: bold; line-height: 1.25; letter-spacing: 0.0125rem;\">153 g<\/td>\n<\/tr>\n<tr style=\"margin: 0px;padding: 0px;width: 672px\" data-mce-style=\"margin: 0px; padding: 0px; width: 672px;\">\n<td class=\"ln__body-sm\" style=\"margin: 0px;padding: 0.4375rem 0.5rem;font-family: Roboto, sans-serif;font-size: 0.75rem;line-height: 1.5;letter-spacing: 0.015rem;width: 12.5rem\" data-mce-style=\"margin: 0px; padding: 0.4375rem 0.5rem; font-family: Roboto, sans-serif; font-size: 0.75rem; line-height: 1.5; letter-spacing: 0.015rem; width: 12.5rem;\">Longueur c\u00e2ble<\/td>\n<td class=\"ln__body-lg ln__font--700\" style=\"margin: 0px;padding: 0.4375rem 0.5rem;font-family: Roboto, sans-serif;font-size: 0.875rem;font-weight: bold;line-height: 1.25;letter-spacing: 0.0125rem\" data-mce-style=\"margin: 0px; padding: 0.4375rem 0.5rem; font-family: Roboto, sans-serif; font-size: 0.875rem; font-weight: bold; line-height: 1.25; letter-spacing: 0.0125rem;\">NA<\/td>\n<\/tr>\n<tr style=\"margin: 0px;padding: 0px;width: 672px\" data-mce-style=\"margin: 0px; padding: 0px; width: 672px;\">\n<td class=\"ln__body-sm\" style=\"margin: 0px;padding: 0.4375rem 0.5rem;font-family: Roboto, sans-serif;font-size: 0.75rem;line-height: 1.5;letter-spacing: 0.015rem;width: 12.5rem\" data-mce-style=\"margin: 0px; padding: 0.4375rem 0.5rem; font-family: Roboto, sans-serif; font-size: 0.75rem; line-height: 1.5; letter-spacing: 0.015rem; width: 12.5rem;\">C\u00e2ble d\u00e9tachable<\/td>\n<td class=\"ln__body-lg ln__font--700\" style=\"margin: 0px;padding: 0.4375rem 0.5rem;font-family: Roboto, sans-serif;font-size: 0.875rem;font-weight: bold;line-height: 1.25;letter-spacing: 0.0125rem\" data-mce-style=\"margin: 0px; padding: 0.4375rem 0.5rem; font-family: Roboto, sans-serif; font-size: 0.875rem; font-weight: bold; line-height: 1.25; letter-spacing: 0.0125rem;\">NA<\/td>\n<\/tr>\n<tr style=\"margin: 0px;padding: 0px;width: 672px\" data-mce-style=\"margin: 0px; padding: 0px; width: 672px;\">\n<td class=\"ln__body-sm\" style=\"margin: 0px;padding: 0.4375rem 0.5rem;font-family: Roboto, sans-serif;font-size: 0.75rem;line-height: 1.5;letter-spacing: 0.015rem;width: 12.5rem\" data-mce-style=\"margin: 0px; padding: 0.4375rem 0.5rem; font-family: Roboto, sans-serif; font-size: 0.75rem; line-height: 1.5; letter-spacing: 0.015rem; width: 12.5rem;\">Connexion sans-fil<\/td>\n<td class=\"ln__body-lg ln__font--700\" style=\"margin: 0px;padding: 0.4375rem 0.5rem;font-family: Roboto, sans-serif;font-size: 0.875rem;font-weight: bold;line-height: 1.25;letter-spacing: 0.0125rem\" data-mce-style=\"margin: 0px; padding: 0.4375rem 0.5rem; font-family: Roboto, sans-serif; font-size: 0.875rem; font-weight: bold; line-height: 1.25; letter-spacing: 0.0125rem;\">Bluetooth<\/td>\n<\/tr>\n<tr class=\"is--collapsible\" style=\"margin: 0px;padding: 0px;width: 672px\" data-mce-style=\"margin: 0px; padding: 0px; width: 672px;\">\n<td class=\"ln__body-sm\" style=\"margin: 0px;padding: 0.4375rem 0.5rem;font-family: Roboto, sans-serif;font-size: 0.75rem;line-height: 1.5;letter-spacing: 0.015rem;width: 12.5rem\" data-mce-style=\"margin: 0px; padding: 0.4375rem 0.5rem; font-family: Roboto, sans-serif; font-size: 0.75rem; line-height: 1.5; letter-spacing: 0.015rem; width: 12.5rem;\">Codecs Bluetooth support\u00e9s<\/td>\n<td class=\"ln__body-lg ln__font--700\" style=\"margin: 0px;padding: 0.4375rem 0.5rem;font-family: Roboto, sans-serif;font-size: 0.875rem;font-weight: bold;line-height: 1.25;letter-spacing: 0.0125rem\" data-mce-style=\"margin: 0px; padding: 0.4375rem 0.5rem; font-family: Roboto, sans-serif; font-size: 0.875rem; font-weight: bold; line-height: 1.25; letter-spacing: 0.0125rem;\">SBC<\/td>\n<\/tr>\n<tr class=\"is--collapsible\" style=\"margin: 0px;padding: 0px;width: 672px\" data-mce-style=\"margin: 0px; padding: 0px; width: 672px;\">\n<td class=\"ln__body-sm\" style=\"margin: 0px;padding: 0.4375rem 0.5rem;font-family: Roboto, sans-serif;font-size: 0.75rem;line-height: 1.5;letter-spacing: 0.015rem;width: 12.5rem\" data-mce-style=\"margin: 0px; padding: 0.4375rem 0.5rem; font-family: Roboto, sans-serif; font-size: 0.75rem; line-height: 1.5; letter-spacing: 0.015rem; width: 12.5rem;\">Connectique<\/td>\n<td class=\"ln__body-lg ln__font--700\" style=\"margin: 0px;padding: 0.4375rem 0.5rem;font-family: Roboto, sans-serif;font-size: 0.875rem;font-weight: bold;line-height: 1.25;letter-spacing: 0.0125rem\" data-mce-style=\"margin: 0px; padding: 0.4375rem 0.5rem; font-family: Roboto, sans-serif; font-size: 0.875rem; font-weight: bold; line-height: 1.25; letter-spacing: 0.0125rem;\">micro-USB<\/td>\n<\/tr>\n<tr class=\"is--collapsible\" style=\"margin: 0px;padding: 0px;width: 672px\" data-mce-style=\"margin: 0px; padding: 0px; width: 672px;\">\n<td class=\"ln__body-sm\" style=\"margin: 0px;padding: 0.4375rem 0.5rem;font-family: Roboto, sans-serif;font-size: 0.75rem;line-height: 1.5;letter-spacing: 0.015rem;width: 12.5rem\" data-mce-style=\"margin: 0px; padding: 0.4375rem 0.5rem; font-family: Roboto, sans-serif; font-size: 0.75rem; line-height: 1.5; letter-spacing: 0.015rem; width: 12.5rem;\">Kit mains-libres<\/td>\n<td class=\"ln__body-lg ln__font--700\" style=\"margin: 0px;padding: 0.4375rem 0.5rem;font-family: Roboto, sans-serif;font-size: 0.875rem;font-weight: bold;line-height: 1.25;letter-spacing: 0.0125rem\" data-mce-style=\"margin: 0px; padding: 0.4375rem 0.5rem; font-family: Roboto, sans-serif; font-size: 0.875rem; font-weight: bold; line-height: 1.25; letter-spacing: 0.0125rem;\">Oui<\/td>\n<\/tr>\n<tr class=\"is--collapsible\" style=\"margin: 0px;padding: 0px;width: 672px\" data-mce-style=\"margin: 0px; padding: 0px; width: 672px;\">\n<td class=\"ln__body-sm\" style=\"margin: 0px;padding: 0.4375rem 0.5rem;font-family: Roboto, sans-serif;font-size: 0.75rem;line-height: 1.5;letter-spacing: 0.015rem;width: 12.5rem\" data-mce-style=\"margin: 0px; padding: 0.4375rem 0.5rem; font-family: Roboto, sans-serif; font-size: 0.75rem; line-height: 1.5; letter-spacing: 0.015rem; width: 12.5rem;\">Autonomie mesur\u00e9e (avec RBA)<\/td>\n<td class=\"ln__body-lg ln__font--700\" style=\"margin: 0px;padding: 0.4375rem 0.5rem;font-family: Roboto, sans-serif;font-size: 0.875rem;font-weight: bold;line-height: 1.25;letter-spacing: 0.0125rem\" data-mce-style=\"margin: 0px; padding: 0.4375rem 0.5rem; font-family: Roboto, sans-serif; font-size: 0.875rem; font-weight: bold; line-height: 1.25; letter-spacing: 0.0125rem;\">Oui<\/td>\n<\/tr>\n<tr class=\"is--collapsible\" style=\"margin: 0px;padding: 0px;width: 672px\" data-mce-style=\"margin: 0px; padding: 0px; width: 672px;\">\n<td class=\"ln__body-sm\" style=\"margin: 0px;padding: 0.4375rem 0.5rem;font-family: Roboto, sans-serif;font-size: 0.75rem;line-height: 1.5;letter-spacing: 0.015rem;width: 12.5rem\" data-mce-style=\"margin: 0px; padding: 0.4375rem 0.5rem; font-family: Roboto, sans-serif; font-size: 0.75rem; line-height: 1.5; letter-spacing: 0.015rem; width: 12.5rem;\">Autonomie mesur\u00e9e (sans RBA)<\/td>\n<td class=\"ln__body-lg ln__font--700\" style=\"margin: 0px;padding: 0.4375rem 0.5rem;font-family: Roboto, sans-serif;font-size: 0.875rem;font-weight: bold;line-height: 1.25;letter-spacing: 0.0125rem\" data-mce-style=\"margin: 0px; padding: 0.4375rem 0.5rem; font-family: Roboto, sans-serif; font-size: 0.875rem; font-weight: bold; line-height: 1.25; letter-spacing: 0.0125rem;\">11.5 h<\/td>\n<\/tr>\n<tr class=\"is--collapsible\" style=\"margin: 0px;padding: 0px;width: 672px\" data-mce-style=\"margin: 0px; padding: 0px; width: 672px;\">\n<td class=\"ln__body-sm\" style=\"margin: 0px;padding: 0.4375rem 0.5rem;font-family: Roboto, sans-serif;font-size: 0.75rem;line-height: 1.5;letter-spacing: 0.015rem;width: 12.5rem\" data-mce-style=\"margin: 0px; padding: 0.4375rem 0.5rem; font-family: Roboto, sans-serif; font-size: 0.75rem; line-height: 1.5; letter-spacing: 0.015rem; width: 12.5rem;\">Latence Bluetooth mesur\u00e9e<\/td>\n<td class=\"ln__body-lg ln__font--700\" style=\"margin: 0px;padding: 0.4375rem 0.5rem;font-family: Roboto, sans-serif;font-size: 0.875rem;font-weight: bold;line-height: 1.25;letter-spacing: 0.0125rem\" data-mce-style=\"margin: 0px; padding: 0.4375rem 0.5rem; font-family: Roboto, sans-serif; font-size: 0.875rem; font-weight: bold; line-height: 1.25; letter-spacing: 0.0125rem;\">150 ms<\/td>\n<\/tr>\n<\/tbody>\n<\/table>\n","protected":false},"excerpt":{"rendered":"<p class=\"MsoNormal\" style=\"margin-bottom: 0cm\" data-mce-style=\"margin-bottom: 0cm;\">Le Tune 500 BT est un casque<br \/>Bluetooth d&rsquo;entr\u00e9e de gamme qui promet une belle exp\u00e9rience d&rsquo;\u00e9coute et<br \/>d&rsquo;utilisation \u00e0 tout petit prix<\/p>\n<p><\/p>\n","protected":false},"featured_media":5173,"template":"","meta":[],"product_cat":[265,264],"product_tag":[],"class_list":{"0":"post-5174","1":"product","2":"type-product","3":"status-publish","4":"has-post-thumbnail","6":"product_brand-autres-marques","7":"product_cat-electronique","8":"product_cat-high-tech","10":"first","11":"instock","12":"taxable","13":"shipping-taxable","14":"purchasable","15":"product-type-simple","16":"col-xs-6 col-sm-4","17":"col-md-3 col-lg-3","18":"un-4-cols"},"yoast_head":"<!-- This site is optimized with the Yoast SEO plugin v26.9 - https:\/\/yoast.com\/product\/yoast-seo-wordpress\/ -->\n<title>Casque JBL 500 BT - AU MARCHE BURKINA<\/title>\n<meta name=\"robots\" content=\"noindex, follow, max-snippet:-1, max-image-preview:large, max-video-preview:-1\" \/>\n<meta property=\"og:locale\" content=\"fr_FR\" \/>\n<meta property=\"og:type\" content=\"article\" \/>\n<meta property=\"og:title\" content=\"Casque JBL 500 BT - AU MARCHE BURKINA\" \/>\n<meta property=\"og:description\" content=\"Le Tune 500 BT est un casqueBluetooth d&#039;entr\u00e9e de gamme qui promet une belle exp\u00e9rience d&#039;\u00e9coute etd&#039;utilisation \u00e0 tout petit prix\" \/>\n<meta property=\"og:url\" content=\"https:\/\/aumarche.biz\/bf\/index.php\/produit\/casque-jbl-500-bt\/\" \/>\n<meta property=\"og:site_name\" content=\"AU MARCHE BURKINA\" \/>\n<meta property=\"article:publisher\" content=\"https:\/\/www.facebook.com\/aumarchebf\" \/>\n<meta property=\"article:modified_time\" content=\"2023-10-17T16:12:25+00:00\" \/>\n<meta property=\"og:image\" content=\"https:\/\/aumarche.biz\/bf\/wp-content\/uploads\/2023\/10\/casque-jbl-tune-500bt-sans-fil-bleu.jpg\" \/>\n\t<meta property=\"og:image:width\" content=\"800\" \/>\n\t<meta property=\"og:image:height\" content=\"800\" \/>\n\t<meta property=\"og:image:type\" content=\"image\/jpeg\" \/>\n<meta name=\"twitter:card\" content=\"summary_large_image\" \/>\n<script type=\"application\/ld+json\" class=\"yoast-schema-graph\">{\"@context\":\"https:\/\/schema.org\",\"@graph\":[{\"@type\":\"WebPage\",\"@id\":\"https:\/\/aumarche.biz\/bf\/index.php\/produit\/casque-jbl-500-bt\/\",\"url\":\"https:\/\/aumarche.biz\/bf\/index.php\/produit\/casque-jbl-500-bt\/\",\"name\":\"Casque JBL 500 BT - AU MARCHE BURKINA\",\"isPartOf\":{\"@id\":\"https:\/\/aumarche.biz\/bf\/#website\"},\"primaryImageOfPage\":{\"@id\":\"https:\/\/aumarche.biz\/bf\/index.php\/produit\/casque-jbl-500-bt\/#primaryimage\"},\"image\":{\"@id\":\"https:\/\/aumarche.biz\/bf\/index.php\/produit\/casque-jbl-500-bt\/#primaryimage\"},\"thumbnailUrl\":\"https:\/\/aumarche.biz\/bf\/wp-content\/uploads\/2023\/10\/casque-jbl-tune-500bt-sans-fil-bleu.jpg\",\"datePublished\":\"2023-10-17T16:11:17+00:00\",\"dateModified\":\"2023-10-17T16:12:25+00:00\",\"breadcrumb\":{\"@id\":\"https:\/\/aumarche.biz\/bf\/index.php\/produit\/casque-jbl-500-bt\/#breadcrumb\"},\"inLanguage\":\"fr-FR\",\"potentialAction\":[{\"@type\":\"ReadAction\",\"target\":[\"https:\/\/aumarche.biz\/bf\/index.php\/produit\/casque-jbl-500-bt\/\"]}]},{\"@type\":\"ImageObject\",\"inLanguage\":\"fr-FR\",\"@id\":\"https:\/\/aumarche.biz\/bf\/index.php\/produit\/casque-jbl-500-bt\/#primaryimage\",\"url\":\"https:\/\/aumarche.biz\/bf\/wp-content\/uploads\/2023\/10\/casque-jbl-tune-500bt-sans-fil-bleu.jpg\",\"contentUrl\":\"https:\/\/aumarche.biz\/bf\/wp-content\/uploads\/2023\/10\/casque-jbl-tune-500bt-sans-fil-bleu.jpg\",\"width\":800,\"height\":800},{\"@type\":\"BreadcrumbList\",\"@id\":\"https:\/\/aumarche.biz\/bf\/index.php\/produit\/casque-jbl-500-bt\/#breadcrumb\",\"itemListElement\":[{\"@type\":\"ListItem\",\"position\":1,\"name\":\"Accueil\",\"item\":\"https:\/\/aumarche.biz\/bf\/\"},{\"@type\":\"ListItem\",\"position\":2,\"name\":\"Boutique\",\"item\":\"https:\/\/aumarche.biz\/bf\/index.php\/boutique\/\"},{\"@type\":\"ListItem\",\"position\":3,\"name\":\"Casque JBL 500 BT\"}]},{\"@type\":\"WebSite\",\"@id\":\"https:\/\/aumarche.biz\/bf\/#website\",\"url\":\"https:\/\/aumarche.biz\/bf\/\",\"name\":\"aumarche.biz\",\"description\":\"Vendre et acheter autrement\",\"publisher\":{\"@id\":\"https:\/\/aumarche.biz\/bf\/#organization\"},\"potentialAction\":[{\"@type\":\"SearchAction\",\"target\":{\"@type\":\"EntryPoint\",\"urlTemplate\":\"https:\/\/aumarche.biz\/bf\/?s={search_term_string}\"},\"query-input\":{\"@type\":\"PropertyValueSpecification\",\"valueRequired\":true,\"valueName\":\"search_term_string\"}}],\"inLanguage\":\"fr-FR\"},{\"@type\":\"Organization\",\"@id\":\"https:\/\/aumarche.biz\/bf\/#organization\",\"name\":\"aumarche.biz\",\"url\":\"https:\/\/aumarche.biz\/bf\/\",\"logo\":{\"@type\":\"ImageObject\",\"inLanguage\":\"fr-FR\",\"@id\":\"https:\/\/aumarche.biz\/bf\/#\/schema\/logo\/image\/\",\"url\":\"https:\/\/aumarche.biz\/bf\/wp-content\/uploads\/2023\/09\/favicone.png\",\"contentUrl\":\"https:\/\/aumarche.biz\/bf\/wp-content\/uploads\/2023\/09\/favicone.png\",\"width\":64,\"height\":64,\"caption\":\"aumarche.biz\"},\"image\":{\"@id\":\"https:\/\/aumarche.biz\/bf\/#\/schema\/logo\/image\/\"},\"sameAs\":[\"https:\/\/www.facebook.com\/aumarchebf\"]}]}<\/script>\n<!-- \/ Yoast SEO plugin. -->","yoast_head_json":{"title":"Casque JBL 500 BT - AU MARCHE BURKINA","robots":{"index":"noindex","follow":"follow","max-snippet":"max-snippet:-1","max-image-preview":"max-image-preview:large","max-video-preview":"max-video-preview:-1"},"og_locale":"fr_FR","og_type":"article","og_title":"Casque JBL 500 BT - AU MARCHE BURKINA","og_description":"Le Tune 500 BT est un casqueBluetooth d'entr\u00e9e de gamme qui promet une belle exp\u00e9rience d'\u00e9coute etd'utilisation \u00e0 tout petit prix","og_url":"https:\/\/aumarche.biz\/bf\/index.php\/produit\/casque-jbl-500-bt\/","og_site_name":"AU MARCHE BURKINA","article_publisher":"https:\/\/www.facebook.com\/aumarchebf","article_modified_time":"2023-10-17T16:12:25+00:00","og_image":[{"width":800,"height":800,"url":"https:\/\/aumarche.biz\/bf\/wp-content\/uploads\/2023\/10\/casque-jbl-tune-500bt-sans-fil-bleu.jpg","type":"image\/jpeg"}],"twitter_card":"summary_large_image","schema":{"@context":"https:\/\/schema.org","@graph":[{"@type":"WebPage","@id":"https:\/\/aumarche.biz\/bf\/index.php\/produit\/casque-jbl-500-bt\/","url":"https:\/\/aumarche.biz\/bf\/index.php\/produit\/casque-jbl-500-bt\/","name":"Casque JBL 500 BT - AU MARCHE BURKINA","isPartOf":{"@id":"https:\/\/aumarche.biz\/bf\/#website"},"primaryImageOfPage":{"@id":"https:\/\/aumarche.biz\/bf\/index.php\/produit\/casque-jbl-500-bt\/#primaryimage"},"image":{"@id":"https:\/\/aumarche.biz\/bf\/index.php\/produit\/casque-jbl-500-bt\/#primaryimage"},"thumbnailUrl":"https:\/\/aumarche.biz\/bf\/wp-content\/uploads\/2023\/10\/casque-jbl-tune-500bt-sans-fil-bleu.jpg","datePublished":"2023-10-17T16:11:17+00:00","dateModified":"2023-10-17T16:12:25+00:00","breadcrumb":{"@id":"https:\/\/aumarche.biz\/bf\/index.php\/produit\/casque-jbl-500-bt\/#breadcrumb"},"inLanguage":"fr-FR","potentialAction":[{"@type":"ReadAction","target":["https:\/\/aumarche.biz\/bf\/index.php\/produit\/casque-jbl-500-bt\/"]}]},{"@type":"ImageObject","inLanguage":"fr-FR","@id":"https:\/\/aumarche.biz\/bf\/index.php\/produit\/casque-jbl-500-bt\/#primaryimage","url":"https:\/\/aumarche.biz\/bf\/wp-content\/uploads\/2023\/10\/casque-jbl-tune-500bt-sans-fil-bleu.jpg","contentUrl":"https:\/\/aumarche.biz\/bf\/wp-content\/uploads\/2023\/10\/casque-jbl-tune-500bt-sans-fil-bleu.jpg","width":800,"height":800},{"@type":"BreadcrumbList","@id":"https:\/\/aumarche.biz\/bf\/index.php\/produit\/casque-jbl-500-bt\/#breadcrumb","itemListElement":[{"@type":"ListItem","position":1,"name":"Accueil","item":"https:\/\/aumarche.biz\/bf\/"},{"@type":"ListItem","position":2,"name":"Boutique","item":"https:\/\/aumarche.biz\/bf\/index.php\/boutique\/"},{"@type":"ListItem","position":3,"name":"Casque JBL 500 BT"}]},{"@type":"WebSite","@id":"https:\/\/aumarche.biz\/bf\/#website","url":"https:\/\/aumarche.biz\/bf\/","name":"aumarche.biz","description":"Vendre et acheter autrement","publisher":{"@id":"https:\/\/aumarche.biz\/bf\/#organization"},"potentialAction":[{"@type":"SearchAction","target":{"@type":"EntryPoint","urlTemplate":"https:\/\/aumarche.biz\/bf\/?s={search_term_string}"},"query-input":{"@type":"PropertyValueSpecification","valueRequired":true,"valueName":"search_term_string"}}],"inLanguage":"fr-FR"},{"@type":"Organization","@id":"https:\/\/aumarche.biz\/bf\/#organization","name":"aumarche.biz","url":"https:\/\/aumarche.biz\/bf\/","logo":{"@type":"ImageObject","inLanguage":"fr-FR","@id":"https:\/\/aumarche.biz\/bf\/#\/schema\/logo\/image\/","url":"https:\/\/aumarche.biz\/bf\/wp-content\/uploads\/2023\/09\/favicone.png","contentUrl":"https:\/\/aumarche.biz\/bf\/wp-content\/uploads\/2023\/09\/favicone.png","width":64,"height":64,"caption":"aumarche.biz"},"image":{"@id":"https:\/\/aumarche.biz\/bf\/#\/schema\/logo\/image\/"},"sameAs":["https:\/\/www.facebook.com\/aumarchebf"]}]}},"_links":{"self":[{"href":"https:\/\/aumarche.biz\/bf\/index.php\/wp-json\/wp\/v2\/product\/5174","targetHints":{"allow":["GET"]}}],"collection":[{"href":"https:\/\/aumarche.biz\/bf\/index.php\/wp-json\/wp\/v2\/product"}],"about":[{"href":"https:\/\/aumarche.biz\/bf\/index.php\/wp-json\/wp\/v2\/types\/product"}],"wp:featuredmedia":[{"embeddable":true,"href":"https:\/\/aumarche.biz\/bf\/index.php\/wp-json\/wp\/v2\/media\/5173"}],"wp:attachment":[{"href":"https:\/\/aumarche.biz\/bf\/index.php\/wp-json\/wp\/v2\/media?parent=5174"}],"wp:term":[{"taxonomy":"product_cat","embeddable":true,"href":"https:\/\/aumarche.biz\/bf\/index.php\/wp-json\/wp\/v2\/product_cat?post=5174"},{"taxonomy":"product_tag","embeddable":true,"href":"https:\/\/aumarche.biz\/bf\/index.php\/wp-json\/wp\/v2\/product_tag?post=5174"}],"curies":[{"name":"wp","href":"https:\/\/api.w.org\/{rel}","templated":true}]}}