{"id":5185,"date":"2023-10-17T16:54:46","date_gmt":"2023-10-17T16:54:46","guid":{"rendered":"https:\/\/aumarche.biz\/bf\/index.php\/produit\/cartouche-de-toner-laser-authentique-hp-106a-noir\/"},"modified":"2023-10-17T16:56:27","modified_gmt":"2023-10-17T16:56:27","slug":"cartouche-de-toner-laser-authentique-hp-106a-noir","status":"publish","type":"product","link":"https:\/\/aumarche.biz\/bf\/index.php\/produit\/cartouche-de-toner-laser-authentique-hp-106a-noir\/","title":{"rendered":"Cartouche de toner laser authentique HP 106A noir"},"content":{"rendered":"<p><p class=\"MsoNormal\" style=\"margin-bottom:0cm\">Contenu de l&#8217;emballage<\/p>\n<p class=\"MsoNormal\" style=\"margin-bottom:0cm\">Cartouche de toner<\/p>\n<p class=\"MsoNormal\" style=\"margin-bottom:0cm\">Guide de recyclage<\/p>\n<p class=\"MsoNormal\" style=\"margin-bottom:0cm\">Poids<\/p>\n<p class=\"MsoNormal\" style=\"margin-bottom:0cm\">0,69 kg<\/p>\n<p class=\"MsoNormal\" style=\"margin-bottom:0cm\">Poids du carton\/paquet<\/p>\n<p class=\"MsoNormal\" style=\"margin-bottom:0cm\">1,3 kg<\/p>\n<p class=\"MsoNormal\" style=\"margin-bottom:0cm\">Dimensions minimales (L x P x H)<\/p>\n<p class=\"MsoNormal\" style=\"margin-bottom:0cm\">277 x 104 x 65 mm<\/p>\n<p class=\"MsoNormal\" style=\"margin-bottom:0cm\">Dimensions de l&#8217;emballage (L x P x<br \/>\nH)<\/p>\n<p class=\"MsoNormal\" style=\"margin-bottom:0cm\">363 x 137 x 98 mm<\/p>\n<p class=\"MsoNormal\" style=\"margin-bottom:0cm\">Garantie fabricant<\/p>\n<p class=\"MsoNormal\" style=\"margin-bottom:0cm\">Garantie limit\u00e9e de protection<br \/>\nPremium Ce produit HP est garanti pi\u00e8ces et main-d&rsquo;\u0153uvre.<\/p>\n<p class=\"MsoNormal\" style=\"margin-bottom:0cm\">Nombre total de pages (noir et<br \/>\nblanc)<\/p>\n<p class=\"MsoNormal\" style=\"margin-bottom:0cm\">~1 000 pages<\/p>\n<p class=\"MsoNormal\" style=\"margin-bottom:0cm\">Couleur(s) des consommables<br \/>\nd\u2019impression<\/p>\n<p class=\"MsoNormal\" style=\"margin-bottom:0cm\">Noir<\/p>\n<p class=\"MsoNormal\" style=\"margin-bottom:0cm\">Nombre total de pages (noir)<\/p>\n<p class=\"MsoNormal\" style=\"margin-bottom:0cm\">1 noire (env. 1 000 pages)<\/p>\n<p class=\"MsoNormal\" style=\"margin-bottom:0cm\">\n<p class=\"MsoNormal\" style=\"margin-bottom:0cm\">Possibilit\u00e9 de s\u00e9lection<\/p>\n<p class=\"MsoNormal\" style=\"margin-bottom:0cm\">106A<\/p>\n<p class=\"MsoNormal\" style=\"margin-bottom:0cm\">Technologie d&rsquo;impression<\/p>\n<p class=\"MsoNormal\" style=\"margin-bottom:0cm\">Laser<\/p><\/p>\n","protected":false},"excerpt":{"rendered":"<p>Les toners HP authentiques assurent des<br \/>impressions de qualit\u00e9 et une fiabilit\u00e9 remarquable. Tr\u00e8s abordables, ils sont<br \/>con\u00e7us pour les imprimantes laser HP compactes adapt\u00e9es \u00e0 votre domicile ou \u00e0<br \/>votre bureau ainsi qu&rsquo;\u00e0 votre budget<\/p>\n","protected":false},"featured_media":5182,"template":"","meta":[],"product_cat":[265,264],"product_tag":[],"class_list":{"0":"post-5185","1":"product","2":"type-product","3":"status-publish","4":"has-post-thumbnail","6":"product_brand-autres-marques","7":"product_cat-electronique","8":"product_cat-high-tech","10":"first","11":"instock","12":"taxable","13":"shipping-taxable","14":"purchasable","15":"product-type-simple","16":"col-xs-6 col-sm-4","17":"col-md-3 col-lg-3","18":"un-4-cols"},"yoast_head":"<!-- This site is optimized with the Yoast SEO plugin v26.9 - https:\/\/yoast.com\/product\/yoast-seo-wordpress\/ -->\n<title>Cartouche de toner laser authentique HP 106A noir - AU MARCHE BURKINA<\/title>\n<meta name=\"robots\" content=\"noindex, follow, max-snippet:-1, max-image-preview:large, max-video-preview:-1\" \/>\n<meta property=\"og:locale\" content=\"fr_FR\" \/>\n<meta property=\"og:type\" content=\"article\" \/>\n<meta property=\"og:title\" content=\"Cartouche de toner laser authentique HP 106A noir - AU MARCHE BURKINA\" \/>\n<meta property=\"og:description\" content=\"Les toners HP authentiques assurent desimpressions de qualit\u00e9 et une fiabilit\u00e9 remarquable. Tr\u00e8s abordables, ils sontcon\u00e7us pour les imprimantes laser HP compactes adapt\u00e9es \u00e0 votre domicile ou \u00e0votre bureau ainsi qu&#039;\u00e0 votre budget\" \/>\n<meta property=\"og:url\" content=\"https:\/\/aumarche.biz\/bf\/index.php\/produit\/cartouche-de-toner-laser-authentique-hp-106a-noir\/\" \/>\n<meta property=\"og:site_name\" content=\"AU MARCHE BURKINA\" \/>\n<meta property=\"article:publisher\" content=\"https:\/\/www.facebook.com\/aumarchebf\" \/>\n<meta property=\"article:modified_time\" content=\"2023-10-17T16:56:27+00:00\" \/>\n<meta property=\"og:image\" content=\"https:\/\/aumarche.biz\/bf\/wp-content\/uploads\/2023\/10\/hp-106.png\" \/>\n\t<meta property=\"og:image:width\" content=\"1001\" \/>\n\t<meta property=\"og:image:height\" content=\"473\" \/>\n\t<meta property=\"og:image:type\" content=\"image\/png\" \/>\n<meta name=\"twitter:card\" content=\"summary_large_image\" \/>\n<script type=\"application\/ld+json\" class=\"yoast-schema-graph\">{\"@context\":\"https:\/\/schema.org\",\"@graph\":[{\"@type\":\"WebPage\",\"@id\":\"https:\/\/aumarche.biz\/bf\/index.php\/produit\/cartouche-de-toner-laser-authentique-hp-106a-noir\/\",\"url\":\"https:\/\/aumarche.biz\/bf\/index.php\/produit\/cartouche-de-toner-laser-authentique-hp-106a-noir\/\",\"name\":\"Cartouche de toner laser authentique HP 106A noir - AU MARCHE BURKINA\",\"isPartOf\":{\"@id\":\"https:\/\/aumarche.biz\/bf\/#website\"},\"primaryImageOfPage\":{\"@id\":\"https:\/\/aumarche.biz\/bf\/index.php\/produit\/cartouche-de-toner-laser-authentique-hp-106a-noir\/#primaryimage\"},\"image\":{\"@id\":\"https:\/\/aumarche.biz\/bf\/index.php\/produit\/cartouche-de-toner-laser-authentique-hp-106a-noir\/#primaryimage\"},\"thumbnailUrl\":\"https:\/\/aumarche.biz\/bf\/wp-content\/uploads\/2023\/10\/hp-106.png\",\"datePublished\":\"2023-10-17T16:54:46+00:00\",\"dateModified\":\"2023-10-17T16:56:27+00:00\",\"breadcrumb\":{\"@id\":\"https:\/\/aumarche.biz\/bf\/index.php\/produit\/cartouche-de-toner-laser-authentique-hp-106a-noir\/#breadcrumb\"},\"inLanguage\":\"fr-FR\",\"potentialAction\":[{\"@type\":\"ReadAction\",\"target\":[\"https:\/\/aumarche.biz\/bf\/index.php\/produit\/cartouche-de-toner-laser-authentique-hp-106a-noir\/\"]}]},{\"@type\":\"ImageObject\",\"inLanguage\":\"fr-FR\",\"@id\":\"https:\/\/aumarche.biz\/bf\/index.php\/produit\/cartouche-de-toner-laser-authentique-hp-106a-noir\/#primaryimage\",\"url\":\"https:\/\/aumarche.biz\/bf\/wp-content\/uploads\/2023\/10\/hp-106.png\",\"contentUrl\":\"https:\/\/aumarche.biz\/bf\/wp-content\/uploads\/2023\/10\/hp-106.png\",\"width\":1001,\"height\":473},{\"@type\":\"BreadcrumbList\",\"@id\":\"https:\/\/aumarche.biz\/bf\/index.php\/produit\/cartouche-de-toner-laser-authentique-hp-106a-noir\/#breadcrumb\",\"itemListElement\":[{\"@type\":\"ListItem\",\"position\":1,\"name\":\"Accueil\",\"item\":\"https:\/\/aumarche.biz\/bf\/\"},{\"@type\":\"ListItem\",\"position\":2,\"name\":\"Boutique\",\"item\":\"https:\/\/aumarche.biz\/bf\/index.php\/boutique\/\"},{\"@type\":\"ListItem\",\"position\":3,\"name\":\"Cartouche de toner laser authentique HP 106A noir\"}]},{\"@type\":\"WebSite\",\"@id\":\"https:\/\/aumarche.biz\/bf\/#website\",\"url\":\"https:\/\/aumarche.biz\/bf\/\",\"name\":\"aumarche.biz\",\"description\":\"Vendre et acheter autrement\",\"publisher\":{\"@id\":\"https:\/\/aumarche.biz\/bf\/#organization\"},\"potentialAction\":[{\"@type\":\"SearchAction\",\"target\":{\"@type\":\"EntryPoint\",\"urlTemplate\":\"https:\/\/aumarche.biz\/bf\/?s={search_term_string}\"},\"query-input\":{\"@type\":\"PropertyValueSpecification\",\"valueRequired\":true,\"valueName\":\"search_term_string\"}}],\"inLanguage\":\"fr-FR\"},{\"@type\":\"Organization\",\"@id\":\"https:\/\/aumarche.biz\/bf\/#organization\",\"name\":\"aumarche.biz\",\"url\":\"https:\/\/aumarche.biz\/bf\/\",\"logo\":{\"@type\":\"ImageObject\",\"inLanguage\":\"fr-FR\",\"@id\":\"https:\/\/aumarche.biz\/bf\/#\/schema\/logo\/image\/\",\"url\":\"https:\/\/aumarche.biz\/bf\/wp-content\/uploads\/2023\/09\/favicone.png\",\"contentUrl\":\"https:\/\/aumarche.biz\/bf\/wp-content\/uploads\/2023\/09\/favicone.png\",\"width\":64,\"height\":64,\"caption\":\"aumarche.biz\"},\"image\":{\"@id\":\"https:\/\/aumarche.biz\/bf\/#\/schema\/logo\/image\/\"},\"sameAs\":[\"https:\/\/www.facebook.com\/aumarchebf\"]}]}<\/script>\n<!-- \/ Yoast SEO plugin. -->","yoast_head_json":{"title":"Cartouche de toner laser authentique HP 106A noir - AU MARCHE BURKINA","robots":{"index":"noindex","follow":"follow","max-snippet":"max-snippet:-1","max-image-preview":"max-image-preview:large","max-video-preview":"max-video-preview:-1"},"og_locale":"fr_FR","og_type":"article","og_title":"Cartouche de toner laser authentique HP 106A noir - AU MARCHE BURKINA","og_description":"Les toners HP authentiques assurent desimpressions de qualit\u00e9 et une fiabilit\u00e9 remarquable. Tr\u00e8s abordables, ils sontcon\u00e7us pour les imprimantes laser HP compactes adapt\u00e9es \u00e0 votre domicile ou \u00e0votre bureau ainsi qu'\u00e0 votre budget","og_url":"https:\/\/aumarche.biz\/bf\/index.php\/produit\/cartouche-de-toner-laser-authentique-hp-106a-noir\/","og_site_name":"AU MARCHE BURKINA","article_publisher":"https:\/\/www.facebook.com\/aumarchebf","article_modified_time":"2023-10-17T16:56:27+00:00","og_image":[{"width":1001,"height":473,"url":"https:\/\/aumarche.biz\/bf\/wp-content\/uploads\/2023\/10\/hp-106.png","type":"image\/png"}],"twitter_card":"summary_large_image","schema":{"@context":"https:\/\/schema.org","@graph":[{"@type":"WebPage","@id":"https:\/\/aumarche.biz\/bf\/index.php\/produit\/cartouche-de-toner-laser-authentique-hp-106a-noir\/","url":"https:\/\/aumarche.biz\/bf\/index.php\/produit\/cartouche-de-toner-laser-authentique-hp-106a-noir\/","name":"Cartouche de toner laser authentique HP 106A noir - AU MARCHE BURKINA","isPartOf":{"@id":"https:\/\/aumarche.biz\/bf\/#website"},"primaryImageOfPage":{"@id":"https:\/\/aumarche.biz\/bf\/index.php\/produit\/cartouche-de-toner-laser-authentique-hp-106a-noir\/#primaryimage"},"image":{"@id":"https:\/\/aumarche.biz\/bf\/index.php\/produit\/cartouche-de-toner-laser-authentique-hp-106a-noir\/#primaryimage"},"thumbnailUrl":"https:\/\/aumarche.biz\/bf\/wp-content\/uploads\/2023\/10\/hp-106.png","datePublished":"2023-10-17T16:54:46+00:00","dateModified":"2023-10-17T16:56:27+00:00","breadcrumb":{"@id":"https:\/\/aumarche.biz\/bf\/index.php\/produit\/cartouche-de-toner-laser-authentique-hp-106a-noir\/#breadcrumb"},"inLanguage":"fr-FR","potentialAction":[{"@type":"ReadAction","target":["https:\/\/aumarche.biz\/bf\/index.php\/produit\/cartouche-de-toner-laser-authentique-hp-106a-noir\/"]}]},{"@type":"ImageObject","inLanguage":"fr-FR","@id":"https:\/\/aumarche.biz\/bf\/index.php\/produit\/cartouche-de-toner-laser-authentique-hp-106a-noir\/#primaryimage","url":"https:\/\/aumarche.biz\/bf\/wp-content\/uploads\/2023\/10\/hp-106.png","contentUrl":"https:\/\/aumarche.biz\/bf\/wp-content\/uploads\/2023\/10\/hp-106.png","width":1001,"height":473},{"@type":"BreadcrumbList","@id":"https:\/\/aumarche.biz\/bf\/index.php\/produit\/cartouche-de-toner-laser-authentique-hp-106a-noir\/#breadcrumb","itemListElement":[{"@type":"ListItem","position":1,"name":"Accueil","item":"https:\/\/aumarche.biz\/bf\/"},{"@type":"ListItem","position":2,"name":"Boutique","item":"https:\/\/aumarche.biz\/bf\/index.php\/boutique\/"},{"@type":"ListItem","position":3,"name":"Cartouche de toner laser authentique HP 106A noir"}]},{"@type":"WebSite","@id":"https:\/\/aumarche.biz\/bf\/#website","url":"https:\/\/aumarche.biz\/bf\/","name":"aumarche.biz","description":"Vendre et acheter autrement","publisher":{"@id":"https:\/\/aumarche.biz\/bf\/#organization"},"potentialAction":[{"@type":"SearchAction","target":{"@type":"EntryPoint","urlTemplate":"https:\/\/aumarche.biz\/bf\/?s={search_term_string}"},"query-input":{"@type":"PropertyValueSpecification","valueRequired":true,"valueName":"search_term_string"}}],"inLanguage":"fr-FR"},{"@type":"Organization","@id":"https:\/\/aumarche.biz\/bf\/#organization","name":"aumarche.biz","url":"https:\/\/aumarche.biz\/bf\/","logo":{"@type":"ImageObject","inLanguage":"fr-FR","@id":"https:\/\/aumarche.biz\/bf\/#\/schema\/logo\/image\/","url":"https:\/\/aumarche.biz\/bf\/wp-content\/uploads\/2023\/09\/favicone.png","contentUrl":"https:\/\/aumarche.biz\/bf\/wp-content\/uploads\/2023\/09\/favicone.png","width":64,"height":64,"caption":"aumarche.biz"},"image":{"@id":"https:\/\/aumarche.biz\/bf\/#\/schema\/logo\/image\/"},"sameAs":["https:\/\/www.facebook.com\/aumarchebf"]}]}},"_links":{"self":[{"href":"https:\/\/aumarche.biz\/bf\/index.php\/wp-json\/wp\/v2\/product\/5185","targetHints":{"allow":["GET"]}}],"collection":[{"href":"https:\/\/aumarche.biz\/bf\/index.php\/wp-json\/wp\/v2\/product"}],"about":[{"href":"https:\/\/aumarche.biz\/bf\/index.php\/wp-json\/wp\/v2\/types\/product"}],"wp:featuredmedia":[{"embeddable":true,"href":"https:\/\/aumarche.biz\/bf\/index.php\/wp-json\/wp\/v2\/media\/5182"}],"wp:attachment":[{"href":"https:\/\/aumarche.biz\/bf\/index.php\/wp-json\/wp\/v2\/media?parent=5185"}],"wp:term":[{"taxonomy":"product_cat","embeddable":true,"href":"https:\/\/aumarche.biz\/bf\/index.php\/wp-json\/wp\/v2\/product_cat?post=5185"},{"taxonomy":"product_tag","embeddable":true,"href":"https:\/\/aumarche.biz\/bf\/index.php\/wp-json\/wp\/v2\/product_tag?post=5185"}],"curies":[{"name":"wp","href":"https:\/\/api.w.org\/{rel}","templated":true}]}}