{"id":5191,"date":"2023-10-17T17:19:07","date_gmt":"2023-10-17T17:19:07","guid":{"rendered":"https:\/\/aumarche.biz\/bf\/index.php\/produit\/onduleur-mercury-ups-maverick-750\/"},"modified":"2023-10-17T17:19:15","modified_gmt":"2023-10-17T17:19:15","slug":"onduleur-mercury-ups-maverick-750","status":"publish","type":"product","link":"https:\/\/aumarche.biz\/bf\/index.php\/produit\/onduleur-mercury-ups-maverick-750\/","title":{"rendered":"ONDULEUR MERCURY UPS MAVERICK 750"},"content":{"rendered":"<div class=\"card aim -mtm\">\n<div class=\"markup -mhm -pvl -oxa -sc\">\n<div class=\"card aim -mtm\">\n<div class=\"markup -mhm -pvl -oxa -sc\">\n<div class=\"card aim -mtm\">\n<div class=\"markup -mhm -pvl -oxa -sc\">\n<div class=\"card aim -mtm\">\n<div class=\"markup -mhm -pvl -oxa -sc\">\n<div class=\"card aim -mtm\">\n<div class=\"markup -mhm -pvl -oxa -sc\">\n<div class=\"card aim -mtm\">\n<div class=\"markup -mhm -pvl -oxa -sc\">\n<div class=\"card aim -mtm\">\n<div class=\"markup -mhm -pvl -oxa -sc\">\n<div class=\"card aim -mtm\">\n<div class=\"markup -mhm -pvl -oxa -sc\">L\u2019onduleur Mercury UPS Maverick 750 est un onduleur con\u00e7u de mani\u00e8re \u00e9l\u00e9gante et compacte avec un contr\u00f4le CPU. Il fournit une alimentation par batterie temporaire, en cas de panne de courant et analyse les pannes de batteries avec alerte pr\u00e9coce, permettant ainsi d\u2019effectuer \u00e0 temps une maintenance pr\u00e9ventive. Il est construit en AVR qui lui permet de r\u00e9sister aux fluctuations de la tension alimentaire d\u2019entr\u00e9e, avec une large plage d\u2019entr\u00e9e de 140 ~ 300VAC. Le Mercury 750 permet un red\u00e9marrage automatique et une protection contre les courts-circuits de sortie. Il prot\u00e8ge votre appareil contre les surcharges. Il offre un temps de sauvegarde qui se situe entre 10 et 18 minutes (selon la charge).<\/div>\n<\/div>\n<section class=\"card aim -mtm -fs16\">\n<header class=\"-pvs -bb\"><\/header>\n<\/section>\n<\/div>\n<\/div>\n<section class=\"card aim -mtm -fs16\">\n<header class=\"-pvs -bb\"><\/header>\n<\/section>\n<\/div>\n<\/div>\n<section class=\"card aim -mtm -fs16\">\n<header class=\"-pvs -bb\"><\/header>\n<\/section>\n<\/div>\n<\/div>\n<section class=\"card aim -mtm -fs16\">\n<header class=\"-pvs -bb\"><\/header>\n<\/section>\n<\/div>\n<\/div>\n<section class=\"card aim -mtm -fs16\">\n<header class=\"-pvs -bb\"><\/header>\n<\/section>\n<\/div>\n<\/div>\n<section class=\"card aim -mtm -fs16\">\n<header class=\"-pvs -bb\"><\/header>\n<\/section>\n<\/div>\n<\/div>\n<section class=\"card aim -mtm -fs16\">\n<header class=\"-pvs -bb\"><\/header>\n<\/section>\n<\/div>\n<\/div>\n<section class=\"card aim -mtm -fs16\">\n<header class=\"-pvs -bb\"><\/header>\n<\/section>\n<p><span id=\"more-1826\"><\/span><\/p>\n<h4>LES CARACT\u00c9RISTIQUES PRINCIPALES<\/h4>\n<ul>\n<li style=\"margin-top: 0px;margin-right: 0px;margin-bottom: var(--listItemSpacing);margin-left: 0px;padding: 0px;border: none;font-size: inherit;text-align: inherit;line-height: inherit\">Marque : Mercury ;<\/li>\n<li class=\"-pvxs\" style=\"margin-top: 0px;margin-right: 0px;margin-bottom: var(--listItemSpacing);margin-left: 0px;padding: 0px;border: none;font-size: inherit;text-align: inherit;line-height: inherit\"><span class=\"-b\">Mod\u00e8le\u00a0<\/span>: Maverick 750<\/li>\n<li style=\"margin-top: 0px;margin-right: 0px;margin-bottom: var(--listItemSpacing);margin-left: 0px;padding: 0px;border: none;font-size: inherit;text-align: inherit;line-height: inherit\">Type : interactive ;<\/li>\n<li style=\"margin-top: 0px;margin-right: 0px;margin-bottom: var(--listItemSpacing);margin-left: 0px;padding: 0px;border: none;font-size: inherit;text-align: inherit;line-height: inherit\">Puissance : 750 VA ;<\/li>\n<li style=\"margin-top: 0px;margin-right: 0px;margin-bottom: var(--listItemSpacing);margin-left: 0px;padding: 0px;border: none;font-size: inherit;text-align: inherit;line-height: inherit\">Le temps de transfert de la batterie : 8 MS ;<\/li>\n<li style=\"margin-top: 0px;margin-right: 0px;margin-bottom: var(--listItemSpacing);margin-left: 0px;padding: 0px;border: none;font-size: inherit;text-align: inherit;line-height: inherit\">Facteur de puissance : 0.6 ;<\/li>\n<li style=\"margin-top: 0px;margin-right: 0px;margin-bottom: var(--listItemSpacing);margin-left: 0px;padding: 0px;border: none;font-size: inherit;text-align: inherit;line-height: inherit\">Tension d\u2019entr\u00e9e: 140 \u2013 285 ;<\/li>\n<li style=\"margin-top: 0px;margin-right: 0px;margin-bottom: var(--listItemSpacing);margin-left: 0px;padding: 0px;border: none;font-size: inherit;text-align: inherit;line-height: inherit\">Alarme sonore : oui ;<\/li>\n<li style=\"margin: 0px;padding: 0px;border: none;font-size: inherit;text-align: inherit;line-height: inherit\">D\u00e9marrage \u00e0 froid : oui ;<\/li>\n<\/ul>\n<h4>PAQUET<\/h4>\n<ul>\n<li style=\"margin: 0px;padding: 0px;border: none;font-size: inherit;text-align: inherit;line-height: inherit\">\n<div class=\"-df -j-bet\">\n<div class=\"-fs0 -pls -prl\">\n<p class=\"-fs20 -pts -pbxs\" style=\"margin-top: 0px;margin-right: 0px;margin-bottom: var(--content-spacing);margin-left: 0px;padding: 0px;border: none;font-size: inherit;text-align: inherit;line-height: inherit\">1 x Onduleur Mercury UPS Maverick 750<\/p>\n<\/div>\n<\/div>\n<\/li>\n<\/ul>\n","protected":false},"excerpt":{"rendered":"<p><span>L\u2019onduleur Mercury UPS Maverick 750 est un onduleur con\u00e7u de mani\u00e8re \u00e9l\u00e9gante et compacte avec un contr\u00f4le CPU. Il fournit une alimentation par batterie temporaire<\/span><br data-mce-bogus=\"1\"><\/p>\n","protected":false},"featured_media":5190,"template":"","meta":[],"product_cat":[265,264],"product_tag":[],"class_list":{"0":"post-5191","1":"product","2":"type-product","3":"status-publish","4":"has-post-thumbnail","6":"product_brand-autres-marques","7":"product_cat-electronique","8":"product_cat-high-tech","10":"first","11":"instock","12":"taxable","13":"shipping-taxable","14":"purchasable","15":"product-type-simple","16":"col-xs-6 col-sm-4","17":"col-md-3 col-lg-3","18":"un-4-cols"},"yoast_head":"<!-- This site is optimized with the Yoast SEO plugin v26.9 - https:\/\/yoast.com\/product\/yoast-seo-wordpress\/ -->\n<title>ONDULEUR MERCURY UPS MAVERICK 750 - AU MARCHE BURKINA<\/title>\n<meta name=\"robots\" content=\"noindex, follow, max-snippet:-1, max-image-preview:large, max-video-preview:-1\" \/>\n<meta property=\"og:locale\" content=\"fr_FR\" \/>\n<meta property=\"og:type\" content=\"article\" \/>\n<meta property=\"og:title\" content=\"ONDULEUR MERCURY UPS MAVERICK 750 - AU MARCHE BURKINA\" \/>\n<meta property=\"og:description\" content=\"L\u2019onduleur Mercury UPS Maverick 750 est un onduleur con\u00e7u de mani\u00e8re \u00e9l\u00e9gante et compacte avec un contr\u00f4le CPU. Il fournit une alimentation par batterie temporaire\" \/>\n<meta property=\"og:url\" content=\"https:\/\/aumarche.biz\/bf\/index.php\/produit\/onduleur-mercury-ups-maverick-750\/\" \/>\n<meta property=\"og:site_name\" content=\"AU MARCHE BURKINA\" \/>\n<meta property=\"article:publisher\" content=\"https:\/\/www.facebook.com\/aumarchebf\" \/>\n<meta property=\"article:modified_time\" content=\"2023-10-17T17:19:15+00:00\" \/>\n<meta property=\"og:image\" content=\"https:\/\/aumarche.biz\/bf\/wp-content\/uploads\/2023\/10\/Mercury-Maverick-850va-510w-600x600-1.jpg\" \/>\n\t<meta property=\"og:image:width\" content=\"600\" \/>\n\t<meta property=\"og:image:height\" content=\"600\" \/>\n\t<meta property=\"og:image:type\" content=\"image\/jpeg\" \/>\n<meta name=\"twitter:card\" content=\"summary_large_image\" \/>\n<meta name=\"twitter:label1\" content=\"Dur\u00e9e de lecture estim\u00e9e\" \/>\n\t<meta name=\"twitter:data1\" content=\"1 minute\" \/>\n<script type=\"application\/ld+json\" class=\"yoast-schema-graph\">{\"@context\":\"https:\/\/schema.org\",\"@graph\":[{\"@type\":\"WebPage\",\"@id\":\"https:\/\/aumarche.biz\/bf\/index.php\/produit\/onduleur-mercury-ups-maverick-750\/\",\"url\":\"https:\/\/aumarche.biz\/bf\/index.php\/produit\/onduleur-mercury-ups-maverick-750\/\",\"name\":\"ONDULEUR MERCURY UPS MAVERICK 750 - AU MARCHE BURKINA\",\"isPartOf\":{\"@id\":\"https:\/\/aumarche.biz\/bf\/#website\"},\"primaryImageOfPage\":{\"@id\":\"https:\/\/aumarche.biz\/bf\/index.php\/produit\/onduleur-mercury-ups-maverick-750\/#primaryimage\"},\"image\":{\"@id\":\"https:\/\/aumarche.biz\/bf\/index.php\/produit\/onduleur-mercury-ups-maverick-750\/#primaryimage\"},\"thumbnailUrl\":\"https:\/\/aumarche.biz\/bf\/wp-content\/uploads\/2023\/10\/Mercury-Maverick-850va-510w-600x600-1.jpg\",\"datePublished\":\"2023-10-17T17:19:07+00:00\",\"dateModified\":\"2023-10-17T17:19:15+00:00\",\"breadcrumb\":{\"@id\":\"https:\/\/aumarche.biz\/bf\/index.php\/produit\/onduleur-mercury-ups-maverick-750\/#breadcrumb\"},\"inLanguage\":\"fr-FR\",\"potentialAction\":[{\"@type\":\"ReadAction\",\"target\":[\"https:\/\/aumarche.biz\/bf\/index.php\/produit\/onduleur-mercury-ups-maverick-750\/\"]}]},{\"@type\":\"ImageObject\",\"inLanguage\":\"fr-FR\",\"@id\":\"https:\/\/aumarche.biz\/bf\/index.php\/produit\/onduleur-mercury-ups-maverick-750\/#primaryimage\",\"url\":\"https:\/\/aumarche.biz\/bf\/wp-content\/uploads\/2023\/10\/Mercury-Maverick-850va-510w-600x600-1.jpg\",\"contentUrl\":\"https:\/\/aumarche.biz\/bf\/wp-content\/uploads\/2023\/10\/Mercury-Maverick-850va-510w-600x600-1.jpg\",\"width\":600,\"height\":600},{\"@type\":\"BreadcrumbList\",\"@id\":\"https:\/\/aumarche.biz\/bf\/index.php\/produit\/onduleur-mercury-ups-maverick-750\/#breadcrumb\",\"itemListElement\":[{\"@type\":\"ListItem\",\"position\":1,\"name\":\"Accueil\",\"item\":\"https:\/\/aumarche.biz\/bf\/\"},{\"@type\":\"ListItem\",\"position\":2,\"name\":\"Boutique\",\"item\":\"https:\/\/aumarche.biz\/bf\/index.php\/boutique\/\"},{\"@type\":\"ListItem\",\"position\":3,\"name\":\"ONDULEUR MERCURY UPS MAVERICK 750\"}]},{\"@type\":\"WebSite\",\"@id\":\"https:\/\/aumarche.biz\/bf\/#website\",\"url\":\"https:\/\/aumarche.biz\/bf\/\",\"name\":\"aumarche.biz\",\"description\":\"Vendre et acheter autrement\",\"publisher\":{\"@id\":\"https:\/\/aumarche.biz\/bf\/#organization\"},\"potentialAction\":[{\"@type\":\"SearchAction\",\"target\":{\"@type\":\"EntryPoint\",\"urlTemplate\":\"https:\/\/aumarche.biz\/bf\/?s={search_term_string}\"},\"query-input\":{\"@type\":\"PropertyValueSpecification\",\"valueRequired\":true,\"valueName\":\"search_term_string\"}}],\"inLanguage\":\"fr-FR\"},{\"@type\":\"Organization\",\"@id\":\"https:\/\/aumarche.biz\/bf\/#organization\",\"name\":\"aumarche.biz\",\"url\":\"https:\/\/aumarche.biz\/bf\/\",\"logo\":{\"@type\":\"ImageObject\",\"inLanguage\":\"fr-FR\",\"@id\":\"https:\/\/aumarche.biz\/bf\/#\/schema\/logo\/image\/\",\"url\":\"https:\/\/aumarche.biz\/bf\/wp-content\/uploads\/2023\/09\/favicone.png\",\"contentUrl\":\"https:\/\/aumarche.biz\/bf\/wp-content\/uploads\/2023\/09\/favicone.png\",\"width\":64,\"height\":64,\"caption\":\"aumarche.biz\"},\"image\":{\"@id\":\"https:\/\/aumarche.biz\/bf\/#\/schema\/logo\/image\/\"},\"sameAs\":[\"https:\/\/www.facebook.com\/aumarchebf\"]}]}<\/script>\n<!-- \/ Yoast SEO plugin. -->","yoast_head_json":{"title":"ONDULEUR MERCURY UPS MAVERICK 750 - AU MARCHE BURKINA","robots":{"index":"noindex","follow":"follow","max-snippet":"max-snippet:-1","max-image-preview":"max-image-preview:large","max-video-preview":"max-video-preview:-1"},"og_locale":"fr_FR","og_type":"article","og_title":"ONDULEUR MERCURY UPS MAVERICK 750 - AU MARCHE BURKINA","og_description":"L\u2019onduleur Mercury UPS Maverick 750 est un onduleur con\u00e7u de mani\u00e8re \u00e9l\u00e9gante et compacte avec un contr\u00f4le CPU. Il fournit une alimentation par batterie temporaire","og_url":"https:\/\/aumarche.biz\/bf\/index.php\/produit\/onduleur-mercury-ups-maverick-750\/","og_site_name":"AU MARCHE BURKINA","article_publisher":"https:\/\/www.facebook.com\/aumarchebf","article_modified_time":"2023-10-17T17:19:15+00:00","og_image":[{"width":600,"height":600,"url":"https:\/\/aumarche.biz\/bf\/wp-content\/uploads\/2023\/10\/Mercury-Maverick-850va-510w-600x600-1.jpg","type":"image\/jpeg"}],"twitter_card":"summary_large_image","twitter_misc":{"Dur\u00e9e de lecture estim\u00e9e":"1 minute"},"schema":{"@context":"https:\/\/schema.org","@graph":[{"@type":"WebPage","@id":"https:\/\/aumarche.biz\/bf\/index.php\/produit\/onduleur-mercury-ups-maverick-750\/","url":"https:\/\/aumarche.biz\/bf\/index.php\/produit\/onduleur-mercury-ups-maverick-750\/","name":"ONDULEUR MERCURY UPS MAVERICK 750 - AU MARCHE BURKINA","isPartOf":{"@id":"https:\/\/aumarche.biz\/bf\/#website"},"primaryImageOfPage":{"@id":"https:\/\/aumarche.biz\/bf\/index.php\/produit\/onduleur-mercury-ups-maverick-750\/#primaryimage"},"image":{"@id":"https:\/\/aumarche.biz\/bf\/index.php\/produit\/onduleur-mercury-ups-maverick-750\/#primaryimage"},"thumbnailUrl":"https:\/\/aumarche.biz\/bf\/wp-content\/uploads\/2023\/10\/Mercury-Maverick-850va-510w-600x600-1.jpg","datePublished":"2023-10-17T17:19:07+00:00","dateModified":"2023-10-17T17:19:15+00:00","breadcrumb":{"@id":"https:\/\/aumarche.biz\/bf\/index.php\/produit\/onduleur-mercury-ups-maverick-750\/#breadcrumb"},"inLanguage":"fr-FR","potentialAction":[{"@type":"ReadAction","target":["https:\/\/aumarche.biz\/bf\/index.php\/produit\/onduleur-mercury-ups-maverick-750\/"]}]},{"@type":"ImageObject","inLanguage":"fr-FR","@id":"https:\/\/aumarche.biz\/bf\/index.php\/produit\/onduleur-mercury-ups-maverick-750\/#primaryimage","url":"https:\/\/aumarche.biz\/bf\/wp-content\/uploads\/2023\/10\/Mercury-Maverick-850va-510w-600x600-1.jpg","contentUrl":"https:\/\/aumarche.biz\/bf\/wp-content\/uploads\/2023\/10\/Mercury-Maverick-850va-510w-600x600-1.jpg","width":600,"height":600},{"@type":"BreadcrumbList","@id":"https:\/\/aumarche.biz\/bf\/index.php\/produit\/onduleur-mercury-ups-maverick-750\/#breadcrumb","itemListElement":[{"@type":"ListItem","position":1,"name":"Accueil","item":"https:\/\/aumarche.biz\/bf\/"},{"@type":"ListItem","position":2,"name":"Boutique","item":"https:\/\/aumarche.biz\/bf\/index.php\/boutique\/"},{"@type":"ListItem","position":3,"name":"ONDULEUR MERCURY UPS MAVERICK 750"}]},{"@type":"WebSite","@id":"https:\/\/aumarche.biz\/bf\/#website","url":"https:\/\/aumarche.biz\/bf\/","name":"aumarche.biz","description":"Vendre et acheter autrement","publisher":{"@id":"https:\/\/aumarche.biz\/bf\/#organization"},"potentialAction":[{"@type":"SearchAction","target":{"@type":"EntryPoint","urlTemplate":"https:\/\/aumarche.biz\/bf\/?s={search_term_string}"},"query-input":{"@type":"PropertyValueSpecification","valueRequired":true,"valueName":"search_term_string"}}],"inLanguage":"fr-FR"},{"@type":"Organization","@id":"https:\/\/aumarche.biz\/bf\/#organization","name":"aumarche.biz","url":"https:\/\/aumarche.biz\/bf\/","logo":{"@type":"ImageObject","inLanguage":"fr-FR","@id":"https:\/\/aumarche.biz\/bf\/#\/schema\/logo\/image\/","url":"https:\/\/aumarche.biz\/bf\/wp-content\/uploads\/2023\/09\/favicone.png","contentUrl":"https:\/\/aumarche.biz\/bf\/wp-content\/uploads\/2023\/09\/favicone.png","width":64,"height":64,"caption":"aumarche.biz"},"image":{"@id":"https:\/\/aumarche.biz\/bf\/#\/schema\/logo\/image\/"},"sameAs":["https:\/\/www.facebook.com\/aumarchebf"]}]}},"_links":{"self":[{"href":"https:\/\/aumarche.biz\/bf\/index.php\/wp-json\/wp\/v2\/product\/5191","targetHints":{"allow":["GET"]}}],"collection":[{"href":"https:\/\/aumarche.biz\/bf\/index.php\/wp-json\/wp\/v2\/product"}],"about":[{"href":"https:\/\/aumarche.biz\/bf\/index.php\/wp-json\/wp\/v2\/types\/product"}],"wp:featuredmedia":[{"embeddable":true,"href":"https:\/\/aumarche.biz\/bf\/index.php\/wp-json\/wp\/v2\/media\/5190"}],"wp:attachment":[{"href":"https:\/\/aumarche.biz\/bf\/index.php\/wp-json\/wp\/v2\/media?parent=5191"}],"wp:term":[{"taxonomy":"product_cat","embeddable":true,"href":"https:\/\/aumarche.biz\/bf\/index.php\/wp-json\/wp\/v2\/product_cat?post=5191"},{"taxonomy":"product_tag","embeddable":true,"href":"https:\/\/aumarche.biz\/bf\/index.php\/wp-json\/wp\/v2\/product_tag?post=5191"}],"curies":[{"name":"wp","href":"https:\/\/api.w.org\/{rel}","templated":true}]}}