{"id":5193,"date":"2023-10-17T17:24:53","date_gmt":"2023-10-17T17:24:53","guid":{"rendered":"https:\/\/aumarche.biz\/bf\/index.php\/produit\/souris-enet-sans-fil\/"},"modified":"2023-10-17T17:24:53","modified_gmt":"2023-10-17T17:24:53","slug":"souris-enet-sans-fil","status":"publish","type":"product","link":"https:\/\/aumarche.biz\/bf\/index.php\/produit\/souris-enet-sans-fil\/","title":{"rendered":"souris Enet sans fil"},"content":{"rendered":"<ul>\n<li>Compatible avec la plupart des ordinateurs Windows et Mac \u2013 Fonctionne sur une large gamme d\u2019ordinateurs.<\/li>\n<li>\u00a0\u00a0\u00a0\u00a0 Conception ergonomique pour une prise en main confortable \u2013 La conception ergonomique pour tous les types d\u2019utilisateurs rend l\u2019utilisation prolong\u00e9e plus confortable.<\/li>\n<li>\u00a0\u00a0\u00a0\u00a0 Connexion sans fil 4GHz<\/li>\n<li>\u00a0\u00a0\u00a0\u00a0 Moteur haute r\u00e9solution, pr\u00e9cision de positionnement<\/li>\n<li>\u00a0\u00a0\u00a0\u00a0 Technologie d\u2019\u00e9conomie d\u2019\u00e9nergie intelligente.<\/li>\n<li>\u00a0\u00a0\u00a0\u00a0 Utilise une pile AAA (non incluse)<\/li>\n<li>\u00a0 \u00a0 \u00a0Enet Souris optique<\/li>\n<li>\u00a0 \u00a0 \u00a0Sans fil<\/li>\n<li>\u00a0 \u00a0 \u00a010M-2.4Ghz-1600Dpi<\/li>\n<li>\u00a0 \u00a0 \u00a0Souris filaires<\/li>\n<\/ul>\n","protected":false},"excerpt":{"rendered":"<p><p class=\"MsoNormal\">Profitez du confort de cette souris sans fil Enet lorsque<br \/>\nvous travaillez ou jouez sur votre ordinateur portable. Les poign\u00e9es de confort<br \/>\nsur les c\u00f4t\u00e9s facilitent le contr\u00f4le de la souris.<\/p>\n<p class=\"MsoNormal\">Compatible avec la plupart des ordinateurs Windows et Mac \u2013<br \/>\nFonctionne sur une large gamme d\u2019ordinateurs.<\/p>\n<p class=\"MsoNormal\">Conception ergonomique pour une prise en main confortable \u2013<br \/>\nLa conception ergonomique pour tous les types d\u2019utilisateurs rend l\u2019utilisation<br \/>\nprolong\u00e9e plus confortable.<\/p>\n<p class=\"MsoNormal\">Connexion sans fil 2,4 GHz \u2013 Cette souris se connecte \u00e0<br \/>\nvotre ordinateur \u00e0 l\u2019aide d\u2019un nano-r\u00e9cepteur Unifying inclus qui se branche<br \/>\nsur le port USB de votre ordinateur et fonctionne jusqu\u2019\u00e0 10 m\u00e8tres de distance<\/p>\n<p><br data-mce-bogus=\"1\"><\/p>\n","protected":false},"featured_media":5192,"template":"","meta":[],"product_cat":[265,264],"product_tag":[],"class_list":{"0":"post-5193","1":"product","2":"type-product","3":"status-publish","4":"has-post-thumbnail","6":"product_brand-autres-marques","7":"product_cat-electronique","8":"product_cat-high-tech","10":"first","11":"instock","12":"taxable","13":"shipping-taxable","14":"purchasable","15":"product-type-simple","16":"col-xs-6 col-sm-4","17":"col-md-3 col-lg-3","18":"un-4-cols"},"yoast_head":"<!-- This site is optimized with the Yoast SEO plugin v26.9 - https:\/\/yoast.com\/product\/yoast-seo-wordpress\/ -->\n<title>souris Enet sans fil - AU MARCHE BURKINA<\/title>\n<meta name=\"robots\" content=\"noindex, follow, max-snippet:-1, max-image-preview:large, max-video-preview:-1\" \/>\n<meta property=\"og:locale\" content=\"fr_FR\" \/>\n<meta property=\"og:type\" content=\"article\" \/>\n<meta property=\"og:title\" content=\"souris Enet sans fil - AU MARCHE BURKINA\" \/>\n<meta property=\"og:description\" content=\"Profitez du confort de cette souris sans fil Enet lorsque vous travaillez ou jouez sur votre ordinateur portable. Les poign\u00e9es de confort sur les c\u00f4t\u00e9s facilitent le contr\u00f4le de la souris. Compatible avec la plupart des ordinateurs Windows et Mac \u2013 Fonctionne sur une large gamme d\u2019ordinateurs. Conception ergonomique pour une prise en main confortable \u2013 La conception ergonomique pour tous les types d\u2019utilisateurs rend l\u2019utilisation prolong\u00e9e plus confortable. Connexion sans fil 2,4 GHz \u2013 Cette souris se connecte \u00e0 votre ordinateur \u00e0 l\u2019aide d\u2019un nano-r\u00e9cepteur Unifying inclus qui se branche sur le port USB de votre ordinateur et fonctionne jusqu\u2019\u00e0 10 m\u00e8tres de distance\" \/>\n<meta property=\"og:url\" content=\"https:\/\/aumarche.biz\/bf\/index.php\/produit\/souris-enet-sans-fil\/\" \/>\n<meta property=\"og:site_name\" content=\"AU MARCHE BURKINA\" \/>\n<meta property=\"article:publisher\" content=\"https:\/\/www.facebook.com\/aumarchebf\" \/>\n<meta property=\"og:image\" content=\"https:\/\/aumarche.biz\/bf\/wp-content\/uploads\/2023\/10\/souris-enet.png\" \/>\n\t<meta property=\"og:image:width\" content=\"204\" \/>\n\t<meta property=\"og:image:height\" content=\"278\" \/>\n\t<meta property=\"og:image:type\" content=\"image\/png\" \/>\n<meta name=\"twitter:card\" content=\"summary_large_image\" \/>\n<script type=\"application\/ld+json\" class=\"yoast-schema-graph\">{\"@context\":\"https:\/\/schema.org\",\"@graph\":[{\"@type\":\"WebPage\",\"@id\":\"https:\/\/aumarche.biz\/bf\/index.php\/produit\/souris-enet-sans-fil\/\",\"url\":\"https:\/\/aumarche.biz\/bf\/index.php\/produit\/souris-enet-sans-fil\/\",\"name\":\"souris Enet sans fil - AU MARCHE BURKINA\",\"isPartOf\":{\"@id\":\"https:\/\/aumarche.biz\/bf\/#website\"},\"primaryImageOfPage\":{\"@id\":\"https:\/\/aumarche.biz\/bf\/index.php\/produit\/souris-enet-sans-fil\/#primaryimage\"},\"image\":{\"@id\":\"https:\/\/aumarche.biz\/bf\/index.php\/produit\/souris-enet-sans-fil\/#primaryimage\"},\"thumbnailUrl\":\"https:\/\/aumarche.biz\/bf\/wp-content\/uploads\/2023\/10\/souris-enet.png\",\"datePublished\":\"2023-10-17T17:24:53+00:00\",\"breadcrumb\":{\"@id\":\"https:\/\/aumarche.biz\/bf\/index.php\/produit\/souris-enet-sans-fil\/#breadcrumb\"},\"inLanguage\":\"fr-FR\",\"potentialAction\":[{\"@type\":\"ReadAction\",\"target\":[\"https:\/\/aumarche.biz\/bf\/index.php\/produit\/souris-enet-sans-fil\/\"]}]},{\"@type\":\"ImageObject\",\"inLanguage\":\"fr-FR\",\"@id\":\"https:\/\/aumarche.biz\/bf\/index.php\/produit\/souris-enet-sans-fil\/#primaryimage\",\"url\":\"https:\/\/aumarche.biz\/bf\/wp-content\/uploads\/2023\/10\/souris-enet.png\",\"contentUrl\":\"https:\/\/aumarche.biz\/bf\/wp-content\/uploads\/2023\/10\/souris-enet.png\",\"width\":204,\"height\":278},{\"@type\":\"BreadcrumbList\",\"@id\":\"https:\/\/aumarche.biz\/bf\/index.php\/produit\/souris-enet-sans-fil\/#breadcrumb\",\"itemListElement\":[{\"@type\":\"ListItem\",\"position\":1,\"name\":\"Accueil\",\"item\":\"https:\/\/aumarche.biz\/bf\/\"},{\"@type\":\"ListItem\",\"position\":2,\"name\":\"Boutique\",\"item\":\"https:\/\/aumarche.biz\/bf\/index.php\/boutique\/\"},{\"@type\":\"ListItem\",\"position\":3,\"name\":\"souris Enet sans fil\"}]},{\"@type\":\"WebSite\",\"@id\":\"https:\/\/aumarche.biz\/bf\/#website\",\"url\":\"https:\/\/aumarche.biz\/bf\/\",\"name\":\"aumarche.biz\",\"description\":\"Vendre et acheter autrement\",\"publisher\":{\"@id\":\"https:\/\/aumarche.biz\/bf\/#organization\"},\"potentialAction\":[{\"@type\":\"SearchAction\",\"target\":{\"@type\":\"EntryPoint\",\"urlTemplate\":\"https:\/\/aumarche.biz\/bf\/?s={search_term_string}\"},\"query-input\":{\"@type\":\"PropertyValueSpecification\",\"valueRequired\":true,\"valueName\":\"search_term_string\"}}],\"inLanguage\":\"fr-FR\"},{\"@type\":\"Organization\",\"@id\":\"https:\/\/aumarche.biz\/bf\/#organization\",\"name\":\"aumarche.biz\",\"url\":\"https:\/\/aumarche.biz\/bf\/\",\"logo\":{\"@type\":\"ImageObject\",\"inLanguage\":\"fr-FR\",\"@id\":\"https:\/\/aumarche.biz\/bf\/#\/schema\/logo\/image\/\",\"url\":\"https:\/\/aumarche.biz\/bf\/wp-content\/uploads\/2023\/09\/favicone.png\",\"contentUrl\":\"https:\/\/aumarche.biz\/bf\/wp-content\/uploads\/2023\/09\/favicone.png\",\"width\":64,\"height\":64,\"caption\":\"aumarche.biz\"},\"image\":{\"@id\":\"https:\/\/aumarche.biz\/bf\/#\/schema\/logo\/image\/\"},\"sameAs\":[\"https:\/\/www.facebook.com\/aumarchebf\"]}]}<\/script>\n<!-- \/ Yoast SEO plugin. -->","yoast_head_json":{"title":"souris Enet sans fil - AU MARCHE BURKINA","robots":{"index":"noindex","follow":"follow","max-snippet":"max-snippet:-1","max-image-preview":"max-image-preview:large","max-video-preview":"max-video-preview:-1"},"og_locale":"fr_FR","og_type":"article","og_title":"souris Enet sans fil - AU MARCHE BURKINA","og_description":"Profitez du confort de cette souris sans fil Enet lorsque vous travaillez ou jouez sur votre ordinateur portable. Les poign\u00e9es de confort sur les c\u00f4t\u00e9s facilitent le contr\u00f4le de la souris. Compatible avec la plupart des ordinateurs Windows et Mac \u2013 Fonctionne sur une large gamme d\u2019ordinateurs. Conception ergonomique pour une prise en main confortable \u2013 La conception ergonomique pour tous les types d\u2019utilisateurs rend l\u2019utilisation prolong\u00e9e plus confortable. Connexion sans fil 2,4 GHz \u2013 Cette souris se connecte \u00e0 votre ordinateur \u00e0 l\u2019aide d\u2019un nano-r\u00e9cepteur Unifying inclus qui se branche sur le port USB de votre ordinateur et fonctionne jusqu\u2019\u00e0 10 m\u00e8tres de distance","og_url":"https:\/\/aumarche.biz\/bf\/index.php\/produit\/souris-enet-sans-fil\/","og_site_name":"AU MARCHE BURKINA","article_publisher":"https:\/\/www.facebook.com\/aumarchebf","og_image":[{"width":204,"height":278,"url":"https:\/\/aumarche.biz\/bf\/wp-content\/uploads\/2023\/10\/souris-enet.png","type":"image\/png"}],"twitter_card":"summary_large_image","schema":{"@context":"https:\/\/schema.org","@graph":[{"@type":"WebPage","@id":"https:\/\/aumarche.biz\/bf\/index.php\/produit\/souris-enet-sans-fil\/","url":"https:\/\/aumarche.biz\/bf\/index.php\/produit\/souris-enet-sans-fil\/","name":"souris Enet sans fil - AU MARCHE BURKINA","isPartOf":{"@id":"https:\/\/aumarche.biz\/bf\/#website"},"primaryImageOfPage":{"@id":"https:\/\/aumarche.biz\/bf\/index.php\/produit\/souris-enet-sans-fil\/#primaryimage"},"image":{"@id":"https:\/\/aumarche.biz\/bf\/index.php\/produit\/souris-enet-sans-fil\/#primaryimage"},"thumbnailUrl":"https:\/\/aumarche.biz\/bf\/wp-content\/uploads\/2023\/10\/souris-enet.png","datePublished":"2023-10-17T17:24:53+00:00","breadcrumb":{"@id":"https:\/\/aumarche.biz\/bf\/index.php\/produit\/souris-enet-sans-fil\/#breadcrumb"},"inLanguage":"fr-FR","potentialAction":[{"@type":"ReadAction","target":["https:\/\/aumarche.biz\/bf\/index.php\/produit\/souris-enet-sans-fil\/"]}]},{"@type":"ImageObject","inLanguage":"fr-FR","@id":"https:\/\/aumarche.biz\/bf\/index.php\/produit\/souris-enet-sans-fil\/#primaryimage","url":"https:\/\/aumarche.biz\/bf\/wp-content\/uploads\/2023\/10\/souris-enet.png","contentUrl":"https:\/\/aumarche.biz\/bf\/wp-content\/uploads\/2023\/10\/souris-enet.png","width":204,"height":278},{"@type":"BreadcrumbList","@id":"https:\/\/aumarche.biz\/bf\/index.php\/produit\/souris-enet-sans-fil\/#breadcrumb","itemListElement":[{"@type":"ListItem","position":1,"name":"Accueil","item":"https:\/\/aumarche.biz\/bf\/"},{"@type":"ListItem","position":2,"name":"Boutique","item":"https:\/\/aumarche.biz\/bf\/index.php\/boutique\/"},{"@type":"ListItem","position":3,"name":"souris Enet sans fil"}]},{"@type":"WebSite","@id":"https:\/\/aumarche.biz\/bf\/#website","url":"https:\/\/aumarche.biz\/bf\/","name":"aumarche.biz","description":"Vendre et acheter autrement","publisher":{"@id":"https:\/\/aumarche.biz\/bf\/#organization"},"potentialAction":[{"@type":"SearchAction","target":{"@type":"EntryPoint","urlTemplate":"https:\/\/aumarche.biz\/bf\/?s={search_term_string}"},"query-input":{"@type":"PropertyValueSpecification","valueRequired":true,"valueName":"search_term_string"}}],"inLanguage":"fr-FR"},{"@type":"Organization","@id":"https:\/\/aumarche.biz\/bf\/#organization","name":"aumarche.biz","url":"https:\/\/aumarche.biz\/bf\/","logo":{"@type":"ImageObject","inLanguage":"fr-FR","@id":"https:\/\/aumarche.biz\/bf\/#\/schema\/logo\/image\/","url":"https:\/\/aumarche.biz\/bf\/wp-content\/uploads\/2023\/09\/favicone.png","contentUrl":"https:\/\/aumarche.biz\/bf\/wp-content\/uploads\/2023\/09\/favicone.png","width":64,"height":64,"caption":"aumarche.biz"},"image":{"@id":"https:\/\/aumarche.biz\/bf\/#\/schema\/logo\/image\/"},"sameAs":["https:\/\/www.facebook.com\/aumarchebf"]}]}},"_links":{"self":[{"href":"https:\/\/aumarche.biz\/bf\/index.php\/wp-json\/wp\/v2\/product\/5193","targetHints":{"allow":["GET"]}}],"collection":[{"href":"https:\/\/aumarche.biz\/bf\/index.php\/wp-json\/wp\/v2\/product"}],"about":[{"href":"https:\/\/aumarche.biz\/bf\/index.php\/wp-json\/wp\/v2\/types\/product"}],"wp:featuredmedia":[{"embeddable":true,"href":"https:\/\/aumarche.biz\/bf\/index.php\/wp-json\/wp\/v2\/media\/5192"}],"wp:attachment":[{"href":"https:\/\/aumarche.biz\/bf\/index.php\/wp-json\/wp\/v2\/media?parent=5193"}],"wp:term":[{"taxonomy":"product_cat","embeddable":true,"href":"https:\/\/aumarche.biz\/bf\/index.php\/wp-json\/wp\/v2\/product_cat?post=5193"},{"taxonomy":"product_tag","embeddable":true,"href":"https:\/\/aumarche.biz\/bf\/index.php\/wp-json\/wp\/v2\/product_tag?post=5193"}],"curies":[{"name":"wp","href":"https:\/\/api.w.org\/{rel}","templated":true}]}}