{"id":5199,"date":"2023-10-17T17:40:33","date_gmt":"2023-10-17T17:40:33","guid":{"rendered":"https:\/\/aumarche.biz\/bf\/index.php\/produit\/autel-outils-de-diagnostic-automobile\/"},"modified":"2023-10-17T17:40:40","modified_gmt":"2023-10-17T17:40:40","slug":"autel-outils-de-diagnostic-automobile","status":"publish","type":"product","link":"https:\/\/aumarche.biz\/bf\/index.php\/produit\/autel-outils-de-diagnostic-automobile\/","title":{"rendered":"AUTEL OUTILS DE DIAGNOSTIC AUTOMOBILE"},"content":{"rendered":"<table style=\"border-collapse: collapse;width: 1480px;font-family: Helvetica, Inconsolata\">\n<tbody>\n<tr class=\"firstRow\" style=\"line-height: 50px;border-bottom: 2px solid gainsboro\">\n<td style=\"margin: 0px;padding: 18px 0px;font-family: Helvetica, Inconsolata;font-size: 16px;line-height: 20px;width: 532.797px\">Syst\u00e8me d&rsquo;exploitation<\/td>\n<td style=\"margin: 0px;padding: 18px 0px;font-family: Helvetica, Inconsolata;font-size: 16px;line-height: 20px\">Android\u2122\u00a07.0, KitKat<\/td>\n<\/tr>\n<tr style=\"line-height: 50px;border-bottom: 2px solid gainsboro\">\n<td style=\"margin: 0px;padding: 18px 0px;font-family: Helvetica, Inconsolata;font-size: 16px;line-height: 20px;width: 532.797px\">Processeur<\/td>\n<td style=\"margin: 0px;padding: 18px 0px;font-family: Helvetica, Inconsolata;font-size: 16px;line-height: 20px\">Samsung Exynos8895V octa-core Processor (2.3GHz Quad-core Mongoose + 1.7GHz Quad-core A53)<\/td>\n<\/tr>\n<tr style=\"line-height: 50px;border-bottom: 2px solid gainsboro\">\n<td style=\"margin: 0px;padding: 18px 0px;font-family: Helvetica, Inconsolata;font-size: 16px;line-height: 20px;width: 532.797px\">Memoire<\/td>\n<td style=\"margin: 0px;padding: 18px 0px;font-family: Helvetica, Inconsolata;font-size: 16px;line-height: 20px\">4GB RAM &amp; 256GB Int\u00e9gr\u00e9<\/td>\n<\/tr>\n<tr style=\"line-height: 50px;border-bottom: 2px solid gainsboro\">\n<td style=\"margin: 0px;padding: 18px 0px;font-family: Helvetica, Inconsolata;font-size: 16px;line-height: 20px;width: 532.797px\">Affichage<\/td>\n<td style=\"margin: 0px;padding: 18px 0px;font-family: Helvetica, Inconsolata;font-size: 16px;line-height: 20px\">12,9 pouces TFT-LCD avec une r\u00e9solution de 2732 x 2048 et un \u00e9cran tactile capacitif<\/td>\n<\/tr>\n<tr style=\"line-height: 50px;border-bottom: 2px solid gainsboro\">\n<td style=\"margin: 0px;padding: 18px 0px;font-family: Helvetica, Inconsolata;font-size: 16px;line-height: 20px;width: 532.797px\">Connectivit\u00e9<\/td>\n<td style=\"margin: 0px;padding: 18px 0px;font-family: Helvetica, Inconsolata;font-size: 16px;line-height: 20px\">WiFix2 (802.11 a\/b\/g\/n\/ac 2&#215;2 MIMO)<br \/>BT v.2.1 + EDR<br \/>GPS<br \/>USB 2.0 (deux USB HOST de type A, un mini dispositif USB)<br \/>HDMI 2.0<br \/>SD Card (Supporte jusqu&rsquo;\u00e0 256GB)<\/td>\n<\/tr>\n<tr style=\"line-height: 50px;border-bottom: 2px solid gainsboro\">\n<td style=\"margin: 0px;padding: 18px 0px;font-family: Helvetica, Inconsolata;font-size: 16px;line-height: 20px;width: 532.797px\">Cam\u00e9ra<\/td>\n<td style=\"margin: 0px;padding: 18px 0px;font-family: Helvetica, Inconsolata;font-size: 16px;line-height: 20px\">Arri\u00e8re: 16 Megapixel, Autofocus avec Flash<br \/>Avant: 5 Megapixel<\/td>\n<\/tr>\n<tr style=\"line-height: 50px;border-bottom: 2px solid gainsboro\">\n<td style=\"margin: 0px;padding: 18px 0px;font-family: Helvetica, Inconsolata;font-size: 16px;line-height: 20px;width: 532.797px\">Capteurs<\/td>\n<td style=\"margin: 0px;padding: 18px 0px;font-family: Helvetica, Inconsolata;font-size: 16px;line-height: 20px\">Acc\u00e9l\u00e9rom\u00e8tre de gravit\u00e9, capteur de lumi\u00e8re ambiante (ALS)<\/td>\n<\/tr>\n<tr style=\"line-height: 50px;border-bottom: 2px solid gainsboro\">\n<td style=\"margin: 0px;padding: 18px 0px;font-family: Helvetica, Inconsolata;font-size: 16px;line-height: 20px;width: 532.797px\">Audio Entr\u00e9e\/Sortie<\/td>\n<td style=\"margin: 0px;padding: 18px 0px;font-family: Helvetica, Inconsolata;font-size: 16px;line-height: 20px\">Microphone<br \/>Haut Parleur St\u00e9r\u00e9o<br \/>3-bandes 3,5 mm st\u00e9r\u00e9o\/prise casque standard<\/td>\n<\/tr>\n<tr style=\"line-height: 50px;border-bottom: 2px solid gainsboro\">\n<td style=\"margin: 0px;padding: 18px 0px;font-family: Helvetica, Inconsolata;font-size: 16px;line-height: 20px;width: 532.797px\">Alimentation et Batterie<\/td>\n<td style=\"margin: 0px;padding: 18px 0px;font-family: Helvetica, Inconsolata;font-size: 16px;line-height: 20px\">Batterie lithium-polym\u00e8re 18000mAh 3,8 V<br \/>Chargement via une alimentation 12 V AC\/DC avec une temp\u00e9rature comprise entre 0\u00b0C et 45\u00b0C<\/td>\n<\/tr>\n<tr style=\"line-height: 50px;border-bottom: 2px solid gainsboro\">\n<td style=\"margin: 0px;padding: 18px 0px;font-family: Helvetica, Inconsolata;font-size: 16px;line-height: 20px;width: 532.797px\">Tension de Fonctionnement<\/td>\n<td style=\"margin: 0px;padding: 18px 0px;font-family: Helvetica, Inconsolata;font-size: 16px;line-height: 20px\">12 V (9-24 V)<\/td>\n<\/tr>\n<tr style=\"line-height: 50px;border-bottom: 2px solid gainsboro\">\n<td style=\"margin: 0px;padding: 18px 0px;font-family: Helvetica, Inconsolata;font-size: 16px;line-height: 20px;width: 532.797px\">Consommation<\/td>\n<td style=\"margin: 0px;padding: 18px 0px;font-family: Helvetica, Inconsolata;font-size: 16px;line-height: 20px\">6.5 W<\/td>\n<\/tr>\n<tr style=\"line-height: 50px;border-bottom: 2px solid gainsboro\">\n<td style=\"margin: 0px;padding: 18px 0px;font-family: Helvetica, Inconsolata;font-size: 16px;line-height: 20px;width: 532.797px\">Temp\u00e9rature de fonctionnement<\/td>\n<td style=\"margin: 0px;padding: 18px 0px;font-family: Helvetica, Inconsolata;font-size: 16px;line-height: 20px\">0 to 50\u00b0C (32 to 122\u00b0F)<\/td>\n<\/tr>\n<tr style=\"line-height: 50px;border-bottom: 2px solid gainsboro\">\n<td style=\"margin: 0px;padding: 18px 0px;font-family: Helvetica, Inconsolata;font-size: 16px;line-height: 20px;width: 532.797px\">Temp\u00e9rature de Stockage<\/td>\n<td style=\"margin: 0px;padding: 18px 0px;font-family: Helvetica, Inconsolata;font-size: 16px;line-height: 20px\">-20 to 60\u00b0C (-4 to 140\u00b0F)<\/td>\n<\/tr>\n<tr style=\"line-height: 50px;border-bottom: 2px solid gainsboro\">\n<td style=\"margin: 0px;padding: 18px 0px;font-family: Helvetica, Inconsolata;font-size: 16px;line-height: 20px;width: 532.797px\">Dimensions(WXHX D)<\/td>\n<td style=\"margin: 0px;padding: 18px 0px;font-family: Helvetica, Inconsolata;font-size: 16px;line-height: 20px\">366.5 mm (14.43&Prime;) x 280.9 mm (11.06&Prime;) x 34 mm (1.34&Prime;)<\/td>\n<\/tr>\n<tr style=\"line-height: 50px;border-bottom: 2px solid gainsboro\">\n<td style=\"margin: 0px;padding: 18px 0px;font-family: Helvetica, Inconsolata;font-size: 16px;line-height: 20px;width: 532.797px\">Poids<\/td>\n<td style=\"margin: 0px;padding: 18px 0px;font-family: Helvetica, Inconsolata;font-size: 16px;line-height: 20px\">2.18kg (4.81 lb.)<\/td>\n<\/tr>\n<tr style=\"line-height: 50px;border-bottom: 2px solid gainsboro\">\n<td style=\"margin: 0px;padding: 18px 0px;font-family: Helvetica, Inconsolata;font-size: 16px;line-height: 20px;width: 532.797px\">Protocoles<\/td>\n<td style=\"margin: 0px;padding: 18px 0px;font-family: Helvetica, Inconsolata;font-size: 16px;line-height: 20px\">DoIP, PLC J2497, ISO-15765, SAE-J1939, ISO-14229 UDS, SAE-J2411 Single Wire Can (GMLAN), ISO-11898-2, ISO-11898-3, SAE-J2819 (TP20), TP16, ISO-9141, ISO-14230, SAE-J2610 (Chrysler SCI), UART Echo Byte, SAE-J2809 (Honda Diag-H), SAE-J2740 (GM ALDL), SAE-J1567 (CCD BUS), Ford UBP, Nissan DDL UART with Clock, BMW DS2, BMW DS1, SAE J2819 (VAG KW81), KW82, SAE J1708, SAE-J1850 PWM (Ford SCP), SAE-J1850 VPW (GM Class2)<\/td>\n<\/tr>\n<\/tbody>\n<\/table>\n","protected":false},"excerpt":{"rendered":"<p><span>AUTEL<br \/>\nest une entreprise qui fabrique des outils de diagnostic automobile. Ils ont une<br \/>\nlarge gamme de produits, y compris le MX808, qui est le diagnostic le plus<br \/>\nvendu en Europe et couvre tous les syst\u00e8mes (FAP, ABS, AIRBAG, MOTEUR, ESP,<br \/>\nTRANSMISSION, CLIMATISATION etc\u2026) multimarques | toutes ann\u00e9es. La gamme<br \/>\nMaxiSys offre une couverture in\u00e9gal\u00e9e compl\u00e8te et intelligente pour une<br \/>\nutilisation professionnelle dans les centres de r\u00e9paration et d\u2019entretien dot\u00e9<br \/>\nde fonction de codage en ligne<\/span><br data-mce-bogus=\"1\"><\/p>\n","protected":false},"featured_media":5194,"template":"","meta":[],"product_cat":[265,264],"product_tag":[],"class_list":{"0":"post-5199","1":"product","2":"type-product","3":"status-publish","4":"has-post-thumbnail","6":"product_brand-autres-marques","7":"product_cat-electronique","8":"product_cat-high-tech","10":"first","11":"instock","12":"taxable","13":"shipping-taxable","14":"purchasable","15":"product-type-simple","16":"col-xs-6 col-sm-4","17":"col-md-3 col-lg-3","18":"un-4-cols"},"yoast_head":"<!-- This site is optimized with the Yoast SEO plugin v26.9 - https:\/\/yoast.com\/product\/yoast-seo-wordpress\/ -->\n<title>AUTEL OUTILS DE DIAGNOSTIC AUTOMOBILE - AU MARCHE BURKINA<\/title>\n<meta name=\"robots\" content=\"noindex, follow, max-snippet:-1, max-image-preview:large, max-video-preview:-1\" \/>\n<meta property=\"og:locale\" content=\"fr_FR\" \/>\n<meta property=\"og:type\" content=\"article\" \/>\n<meta property=\"og:title\" content=\"AUTEL OUTILS DE DIAGNOSTIC AUTOMOBILE - AU MARCHE BURKINA\" \/>\n<meta property=\"og:description\" content=\"AUTEL est une entreprise qui fabrique des outils de diagnostic automobile. Ils ont une large gamme de produits, y compris le MX808, qui est le diagnostic le plus vendu en Europe et couvre tous les syst\u00e8mes (FAP, ABS, AIRBAG, MOTEUR, ESP, TRANSMISSION, CLIMATISATION etc\u2026) multimarques | toutes ann\u00e9es. La gamme MaxiSys offre une couverture in\u00e9gal\u00e9e compl\u00e8te et intelligente pour une utilisation professionnelle dans les centres de r\u00e9paration et d\u2019entretien dot\u00e9 de fonction de codage en ligne\" \/>\n<meta property=\"og:url\" content=\"https:\/\/aumarche.biz\/bf\/index.php\/produit\/autel-outils-de-diagnostic-automobile\/\" \/>\n<meta property=\"og:site_name\" content=\"AU MARCHE BURKINA\" \/>\n<meta property=\"article:publisher\" content=\"https:\/\/www.facebook.com\/aumarchebf\" \/>\n<meta property=\"article:modified_time\" content=\"2023-10-17T17:40:40+00:00\" \/>\n<meta property=\"og:image\" content=\"https:\/\/aumarche.biz\/bf\/wp-content\/uploads\/2023\/10\/MaxiSys-Ultra.png\" \/>\n\t<meta property=\"og:image:width\" content=\"544\" \/>\n\t<meta property=\"og:image:height\" content=\"338\" \/>\n\t<meta property=\"og:image:type\" content=\"image\/png\" \/>\n<meta name=\"twitter:card\" content=\"summary_large_image\" \/>\n<meta name=\"twitter:label1\" content=\"Dur\u00e9e de lecture estim\u00e9e\" \/>\n\t<meta name=\"twitter:data1\" content=\"1 minute\" \/>\n<script type=\"application\/ld+json\" class=\"yoast-schema-graph\">{\"@context\":\"https:\/\/schema.org\",\"@graph\":[{\"@type\":\"WebPage\",\"@id\":\"https:\/\/aumarche.biz\/bf\/index.php\/produit\/autel-outils-de-diagnostic-automobile\/\",\"url\":\"https:\/\/aumarche.biz\/bf\/index.php\/produit\/autel-outils-de-diagnostic-automobile\/\",\"name\":\"AUTEL OUTILS DE DIAGNOSTIC AUTOMOBILE - AU MARCHE BURKINA\",\"isPartOf\":{\"@id\":\"https:\/\/aumarche.biz\/bf\/#website\"},\"primaryImageOfPage\":{\"@id\":\"https:\/\/aumarche.biz\/bf\/index.php\/produit\/autel-outils-de-diagnostic-automobile\/#primaryimage\"},\"image\":{\"@id\":\"https:\/\/aumarche.biz\/bf\/index.php\/produit\/autel-outils-de-diagnostic-automobile\/#primaryimage\"},\"thumbnailUrl\":\"https:\/\/aumarche.biz\/bf\/wp-content\/uploads\/2023\/10\/MaxiSys-Ultra.png\",\"datePublished\":\"2023-10-17T17:40:33+00:00\",\"dateModified\":\"2023-10-17T17:40:40+00:00\",\"breadcrumb\":{\"@id\":\"https:\/\/aumarche.biz\/bf\/index.php\/produit\/autel-outils-de-diagnostic-automobile\/#breadcrumb\"},\"inLanguage\":\"fr-FR\",\"potentialAction\":[{\"@type\":\"ReadAction\",\"target\":[\"https:\/\/aumarche.biz\/bf\/index.php\/produit\/autel-outils-de-diagnostic-automobile\/\"]}]},{\"@type\":\"ImageObject\",\"inLanguage\":\"fr-FR\",\"@id\":\"https:\/\/aumarche.biz\/bf\/index.php\/produit\/autel-outils-de-diagnostic-automobile\/#primaryimage\",\"url\":\"https:\/\/aumarche.biz\/bf\/wp-content\/uploads\/2023\/10\/MaxiSys-Ultra.png\",\"contentUrl\":\"https:\/\/aumarche.biz\/bf\/wp-content\/uploads\/2023\/10\/MaxiSys-Ultra.png\",\"width\":544,\"height\":338},{\"@type\":\"BreadcrumbList\",\"@id\":\"https:\/\/aumarche.biz\/bf\/index.php\/produit\/autel-outils-de-diagnostic-automobile\/#breadcrumb\",\"itemListElement\":[{\"@type\":\"ListItem\",\"position\":1,\"name\":\"Accueil\",\"item\":\"https:\/\/aumarche.biz\/bf\/\"},{\"@type\":\"ListItem\",\"position\":2,\"name\":\"Boutique\",\"item\":\"https:\/\/aumarche.biz\/bf\/index.php\/boutique\/\"},{\"@type\":\"ListItem\",\"position\":3,\"name\":\"AUTEL OUTILS DE DIAGNOSTIC AUTOMOBILE\"}]},{\"@type\":\"WebSite\",\"@id\":\"https:\/\/aumarche.biz\/bf\/#website\",\"url\":\"https:\/\/aumarche.biz\/bf\/\",\"name\":\"aumarche.biz\",\"description\":\"Vendre et acheter autrement\",\"publisher\":{\"@id\":\"https:\/\/aumarche.biz\/bf\/#organization\"},\"potentialAction\":[{\"@type\":\"SearchAction\",\"target\":{\"@type\":\"EntryPoint\",\"urlTemplate\":\"https:\/\/aumarche.biz\/bf\/?s={search_term_string}\"},\"query-input\":{\"@type\":\"PropertyValueSpecification\",\"valueRequired\":true,\"valueName\":\"search_term_string\"}}],\"inLanguage\":\"fr-FR\"},{\"@type\":\"Organization\",\"@id\":\"https:\/\/aumarche.biz\/bf\/#organization\",\"name\":\"aumarche.biz\",\"url\":\"https:\/\/aumarche.biz\/bf\/\",\"logo\":{\"@type\":\"ImageObject\",\"inLanguage\":\"fr-FR\",\"@id\":\"https:\/\/aumarche.biz\/bf\/#\/schema\/logo\/image\/\",\"url\":\"https:\/\/aumarche.biz\/bf\/wp-content\/uploads\/2023\/09\/favicone.png\",\"contentUrl\":\"https:\/\/aumarche.biz\/bf\/wp-content\/uploads\/2023\/09\/favicone.png\",\"width\":64,\"height\":64,\"caption\":\"aumarche.biz\"},\"image\":{\"@id\":\"https:\/\/aumarche.biz\/bf\/#\/schema\/logo\/image\/\"},\"sameAs\":[\"https:\/\/www.facebook.com\/aumarchebf\"]}]}<\/script>\n<!-- \/ Yoast SEO plugin. -->","yoast_head_json":{"title":"AUTEL OUTILS DE DIAGNOSTIC AUTOMOBILE - AU MARCHE BURKINA","robots":{"index":"noindex","follow":"follow","max-snippet":"max-snippet:-1","max-image-preview":"max-image-preview:large","max-video-preview":"max-video-preview:-1"},"og_locale":"fr_FR","og_type":"article","og_title":"AUTEL OUTILS DE DIAGNOSTIC AUTOMOBILE - AU MARCHE BURKINA","og_description":"AUTEL est une entreprise qui fabrique des outils de diagnostic automobile. Ils ont une large gamme de produits, y compris le MX808, qui est le diagnostic le plus vendu en Europe et couvre tous les syst\u00e8mes (FAP, ABS, AIRBAG, MOTEUR, ESP, TRANSMISSION, CLIMATISATION etc\u2026) multimarques | toutes ann\u00e9es. La gamme MaxiSys offre une couverture in\u00e9gal\u00e9e compl\u00e8te et intelligente pour une utilisation professionnelle dans les centres de r\u00e9paration et d\u2019entretien dot\u00e9 de fonction de codage en ligne","og_url":"https:\/\/aumarche.biz\/bf\/index.php\/produit\/autel-outils-de-diagnostic-automobile\/","og_site_name":"AU MARCHE BURKINA","article_publisher":"https:\/\/www.facebook.com\/aumarchebf","article_modified_time":"2023-10-17T17:40:40+00:00","og_image":[{"width":544,"height":338,"url":"https:\/\/aumarche.biz\/bf\/wp-content\/uploads\/2023\/10\/MaxiSys-Ultra.png","type":"image\/png"}],"twitter_card":"summary_large_image","twitter_misc":{"Dur\u00e9e de lecture estim\u00e9e":"1 minute"},"schema":{"@context":"https:\/\/schema.org","@graph":[{"@type":"WebPage","@id":"https:\/\/aumarche.biz\/bf\/index.php\/produit\/autel-outils-de-diagnostic-automobile\/","url":"https:\/\/aumarche.biz\/bf\/index.php\/produit\/autel-outils-de-diagnostic-automobile\/","name":"AUTEL OUTILS DE DIAGNOSTIC AUTOMOBILE - AU MARCHE BURKINA","isPartOf":{"@id":"https:\/\/aumarche.biz\/bf\/#website"},"primaryImageOfPage":{"@id":"https:\/\/aumarche.biz\/bf\/index.php\/produit\/autel-outils-de-diagnostic-automobile\/#primaryimage"},"image":{"@id":"https:\/\/aumarche.biz\/bf\/index.php\/produit\/autel-outils-de-diagnostic-automobile\/#primaryimage"},"thumbnailUrl":"https:\/\/aumarche.biz\/bf\/wp-content\/uploads\/2023\/10\/MaxiSys-Ultra.png","datePublished":"2023-10-17T17:40:33+00:00","dateModified":"2023-10-17T17:40:40+00:00","breadcrumb":{"@id":"https:\/\/aumarche.biz\/bf\/index.php\/produit\/autel-outils-de-diagnostic-automobile\/#breadcrumb"},"inLanguage":"fr-FR","potentialAction":[{"@type":"ReadAction","target":["https:\/\/aumarche.biz\/bf\/index.php\/produit\/autel-outils-de-diagnostic-automobile\/"]}]},{"@type":"ImageObject","inLanguage":"fr-FR","@id":"https:\/\/aumarche.biz\/bf\/index.php\/produit\/autel-outils-de-diagnostic-automobile\/#primaryimage","url":"https:\/\/aumarche.biz\/bf\/wp-content\/uploads\/2023\/10\/MaxiSys-Ultra.png","contentUrl":"https:\/\/aumarche.biz\/bf\/wp-content\/uploads\/2023\/10\/MaxiSys-Ultra.png","width":544,"height":338},{"@type":"BreadcrumbList","@id":"https:\/\/aumarche.biz\/bf\/index.php\/produit\/autel-outils-de-diagnostic-automobile\/#breadcrumb","itemListElement":[{"@type":"ListItem","position":1,"name":"Accueil","item":"https:\/\/aumarche.biz\/bf\/"},{"@type":"ListItem","position":2,"name":"Boutique","item":"https:\/\/aumarche.biz\/bf\/index.php\/boutique\/"},{"@type":"ListItem","position":3,"name":"AUTEL OUTILS DE DIAGNOSTIC AUTOMOBILE"}]},{"@type":"WebSite","@id":"https:\/\/aumarche.biz\/bf\/#website","url":"https:\/\/aumarche.biz\/bf\/","name":"aumarche.biz","description":"Vendre et acheter autrement","publisher":{"@id":"https:\/\/aumarche.biz\/bf\/#organization"},"potentialAction":[{"@type":"SearchAction","target":{"@type":"EntryPoint","urlTemplate":"https:\/\/aumarche.biz\/bf\/?s={search_term_string}"},"query-input":{"@type":"PropertyValueSpecification","valueRequired":true,"valueName":"search_term_string"}}],"inLanguage":"fr-FR"},{"@type":"Organization","@id":"https:\/\/aumarche.biz\/bf\/#organization","name":"aumarche.biz","url":"https:\/\/aumarche.biz\/bf\/","logo":{"@type":"ImageObject","inLanguage":"fr-FR","@id":"https:\/\/aumarche.biz\/bf\/#\/schema\/logo\/image\/","url":"https:\/\/aumarche.biz\/bf\/wp-content\/uploads\/2023\/09\/favicone.png","contentUrl":"https:\/\/aumarche.biz\/bf\/wp-content\/uploads\/2023\/09\/favicone.png","width":64,"height":64,"caption":"aumarche.biz"},"image":{"@id":"https:\/\/aumarche.biz\/bf\/#\/schema\/logo\/image\/"},"sameAs":["https:\/\/www.facebook.com\/aumarchebf"]}]}},"_links":{"self":[{"href":"https:\/\/aumarche.biz\/bf\/index.php\/wp-json\/wp\/v2\/product\/5199","targetHints":{"allow":["GET"]}}],"collection":[{"href":"https:\/\/aumarche.biz\/bf\/index.php\/wp-json\/wp\/v2\/product"}],"about":[{"href":"https:\/\/aumarche.biz\/bf\/index.php\/wp-json\/wp\/v2\/types\/product"}],"wp:featuredmedia":[{"embeddable":true,"href":"https:\/\/aumarche.biz\/bf\/index.php\/wp-json\/wp\/v2\/media\/5194"}],"wp:attachment":[{"href":"https:\/\/aumarche.biz\/bf\/index.php\/wp-json\/wp\/v2\/media?parent=5199"}],"wp:term":[{"taxonomy":"product_cat","embeddable":true,"href":"https:\/\/aumarche.biz\/bf\/index.php\/wp-json\/wp\/v2\/product_cat?post=5199"},{"taxonomy":"product_tag","embeddable":true,"href":"https:\/\/aumarche.biz\/bf\/index.php\/wp-json\/wp\/v2\/product_tag?post=5199"}],"curies":[{"name":"wp","href":"https:\/\/api.w.org\/{rel}","templated":true}]}}