{"id":5203,"date":"2023-10-17T17:53:31","date_gmt":"2023-10-17T17:53:31","guid":{"rendered":"https:\/\/aumarche.biz\/bf\/index.php\/produit\/jumelles-bushnell-powerview-2-10x50\/"},"modified":"2023-10-17T17:54:17","modified_gmt":"2023-10-17T17:54:17","slug":"jumelles-bushnell-powerview-2-10x50","status":"publish","type":"product","link":"https:\/\/aumarche.biz\/bf\/index.php\/produit\/jumelles-bushnell-powerview-2-10x50\/","title":{"rendered":"Jumelles Bushnell Powerview 2 10\u00d750"},"content":{"rendered":"<ul style=\"margin: 0px 0px 20px 20px;padding: 0px;font-family: Roboto, sans-serif;font-size: 16.8px\" data-mce-style=\"margin: 0px 0px 20px 20px; padding: 0px; font-family: Roboto, sans-serif; font-size: 16.8px;\">\n<li style=\"margin: 0px 0px 5px;padding: 0px\" data-mce-style=\"margin: 0px 0px 5px; padding: 0px;\"><span style=\"margin: 0px;padding: 0px;font-weight: bold\" data-mce-style=\"margin: 0px; padding: 0px; font-weight: bold;\">Grossissement<\/span>\u00a0: 10<\/li>\n<li style=\"margin: 0px 0px 5px;padding: 0px\" data-mce-style=\"margin: 0px 0px 5px; padding: 0px;\"><span style=\"margin: 0px;padding: 0px;font-weight: bold\" data-mce-style=\"margin: 0px; padding: 0px; font-weight: bold;\">Diam\u00e8tre d\u2019objectif<\/span>\u00a0(mm) : 50<\/li>\n<li style=\"margin: 0px 0px 5px;padding: 0px\" data-mce-style=\"margin: 0px 0px 5px; padding: 0px;\">Champ lin\u00e9aire per\u00e7u \u00e0 1000 m\u00e8tres (m) : 104<\/li>\n<li style=\"margin: 0px 0px 5px;padding: 0px\" data-mce-style=\"margin: 0px 0px 5px; padding: 0px;\"><span style=\"margin: 0px;padding: 0px;font-weight: bold\" data-mce-style=\"margin: 0px; padding: 0px; font-weight: bold;\">Pupille de sortie (mm)<\/span>\u00a0: 5<\/li>\n<li style=\"margin: 0px 0px 5px;padding: 0px\" data-mce-style=\"margin: 0px 0px 5px; padding: 0px;\"><span style=\"margin: 0px;padding: 0px;font-weight: bold\" data-mce-style=\"margin: 0px; padding: 0px; font-weight: bold;\">D\u00e9gagement oculaire<\/span>\u00a0(mm) : 16<\/li>\n<li style=\"margin: 0px 0px 5px;padding: 0px\" data-mce-style=\"margin: 0px 0px 5px; padding: 0px;\">Indice de luminosit\u00e9 : 25<\/li>\n<li style=\"margin: 0px 0px 5px;padding: 0px\" data-mce-style=\"margin: 0px 0px 5px; padding: 0px;\">Distance minimale de mise au point (m) : 7,6<\/li>\n<li style=\"margin: 0px 0px 5px;padding: 0px\" data-mce-style=\"margin: 0px 0px 5px; padding: 0px;\">Dimensions (mm) : 165x189x67<\/li>\n<li style=\"margin: 0px 0px 5px;padding: 0px\" data-mce-style=\"margin: 0px 0px 5px; padding: 0px;\"><span style=\"margin: 0px;padding: 0px;font-weight: bold\" data-mce-style=\"margin: 0px; padding: 0px; font-weight: bold;\">Poids (g)<\/span>\u00a0: 790<\/li>\n<li style=\"margin: 0px 0px 5px;padding: 0px\" data-mce-style=\"margin: 0px 0px 5px; padding: 0px;\">Distance Interpupillaire (mm) : 56 \u2013 72<\/li>\n<li style=\"margin: 0px;padding: 0px\" data-mce-style=\"margin: 0px; padding: 0px;\">\u00c9tanch\u00e9it\u00e9 \u00e0 l\u2019eau : aucune<\/li>\n<\/ul>\n","protected":false},"excerpt":{"rendered":"<p><span style=\"font-family: Roboto, sans-serif;font-size: 16.8px\" data-mce-style=\"font-family: Roboto, sans-serif; font-size: 16.8px;\">Les Bushnell Powerview 10\u00d750 ont re\u00e7u une bonne critique du public, mais leur production a \u00e9t\u00e9 stopp\u00e9e du fait des \u00e9volutions optiques plus r\u00e9centes. Le fabricant am\u00e9ricain a alors innov\u00e9 avec les nouvelles Powerview 2 10\u00d750, qui int\u00e8grent des caract\u00e9ristiques int\u00e9ressantes : ch\u00e2ssis all\u00e9g\u00e9 en aluminium, traitement multicouche des lentilles, garantie \u00e0 vie \u201cIronclad\u201d, etc\u2026<\/span><\/p>\n","protected":false},"featured_media":5200,"template":"","meta":[],"product_cat":[265,264],"product_tag":[],"class_list":{"0":"post-5203","1":"product","2":"type-product","3":"status-publish","4":"has-post-thumbnail","6":"product_brand-autres-marques","7":"product_cat-electronique","8":"product_cat-high-tech","10":"first","11":"instock","12":"taxable","13":"shipping-taxable","14":"purchasable","15":"product-type-simple","16":"col-xs-6 col-sm-4","17":"col-md-3 col-lg-3","18":"un-4-cols"},"yoast_head":"<!-- This site is optimized with the Yoast SEO plugin v26.9 - https:\/\/yoast.com\/product\/yoast-seo-wordpress\/ -->\n<title>Jumelles Bushnell Powerview 2 10\u00d750 - AU MARCHE BURKINA<\/title>\n<meta name=\"robots\" content=\"noindex, follow, max-snippet:-1, max-image-preview:large, max-video-preview:-1\" \/>\n<meta property=\"og:locale\" content=\"fr_FR\" \/>\n<meta property=\"og:type\" content=\"article\" \/>\n<meta property=\"og:title\" content=\"Jumelles Bushnell Powerview 2 10\u00d750 - AU MARCHE BURKINA\" \/>\n<meta property=\"og:description\" content=\"Les Bushnell Powerview 10\u00d750 ont re\u00e7u une bonne critique du public, mais leur production a \u00e9t\u00e9 stopp\u00e9e du fait des \u00e9volutions optiques plus r\u00e9centes. Le fabricant am\u00e9ricain a alors innov\u00e9 avec les nouvelles Powerview 2 10\u00d750, qui int\u00e8grent des caract\u00e9ristiques int\u00e9ressantes : ch\u00e2ssis all\u00e9g\u00e9 en aluminium, traitement multicouche des lentilles, garantie \u00e0 vie \u201cIronclad\u201d, etc\u2026\" \/>\n<meta property=\"og:url\" content=\"https:\/\/aumarche.biz\/bf\/index.php\/produit\/jumelles-bushnell-powerview-2-10x50\/\" \/>\n<meta property=\"og:site_name\" content=\"AU MARCHE BURKINA\" \/>\n<meta property=\"article:publisher\" content=\"https:\/\/www.facebook.com\/aumarchebf\" \/>\n<meta property=\"article:modified_time\" content=\"2023-10-17T17:54:17+00:00\" \/>\n<meta property=\"og:image\" content=\"https:\/\/aumarche.biz\/bf\/wp-content\/uploads\/2023\/10\/613HFYCw9JL._AC_SX679_.jpg\" \/>\n\t<meta property=\"og:image:width\" content=\"679\" \/>\n\t<meta property=\"og:image:height\" content=\"472\" \/>\n\t<meta property=\"og:image:type\" content=\"image\/jpeg\" \/>\n<meta name=\"twitter:card\" content=\"summary_large_image\" \/>\n<script type=\"application\/ld+json\" class=\"yoast-schema-graph\">{\"@context\":\"https:\/\/schema.org\",\"@graph\":[{\"@type\":\"WebPage\",\"@id\":\"https:\/\/aumarche.biz\/bf\/index.php\/produit\/jumelles-bushnell-powerview-2-10x50\/\",\"url\":\"https:\/\/aumarche.biz\/bf\/index.php\/produit\/jumelles-bushnell-powerview-2-10x50\/\",\"name\":\"Jumelles Bushnell Powerview 2 10\u00d750 - AU MARCHE BURKINA\",\"isPartOf\":{\"@id\":\"https:\/\/aumarche.biz\/bf\/#website\"},\"primaryImageOfPage\":{\"@id\":\"https:\/\/aumarche.biz\/bf\/index.php\/produit\/jumelles-bushnell-powerview-2-10x50\/#primaryimage\"},\"image\":{\"@id\":\"https:\/\/aumarche.biz\/bf\/index.php\/produit\/jumelles-bushnell-powerview-2-10x50\/#primaryimage\"},\"thumbnailUrl\":\"https:\/\/aumarche.biz\/bf\/wp-content\/uploads\/2023\/10\/613HFYCw9JL._AC_SX679_.jpg\",\"datePublished\":\"2023-10-17T17:53:31+00:00\",\"dateModified\":\"2023-10-17T17:54:17+00:00\",\"breadcrumb\":{\"@id\":\"https:\/\/aumarche.biz\/bf\/index.php\/produit\/jumelles-bushnell-powerview-2-10x50\/#breadcrumb\"},\"inLanguage\":\"fr-FR\",\"potentialAction\":[{\"@type\":\"ReadAction\",\"target\":[\"https:\/\/aumarche.biz\/bf\/index.php\/produit\/jumelles-bushnell-powerview-2-10x50\/\"]}]},{\"@type\":\"ImageObject\",\"inLanguage\":\"fr-FR\",\"@id\":\"https:\/\/aumarche.biz\/bf\/index.php\/produit\/jumelles-bushnell-powerview-2-10x50\/#primaryimage\",\"url\":\"https:\/\/aumarche.biz\/bf\/wp-content\/uploads\/2023\/10\/613HFYCw9JL._AC_SX679_.jpg\",\"contentUrl\":\"https:\/\/aumarche.biz\/bf\/wp-content\/uploads\/2023\/10\/613HFYCw9JL._AC_SX679_.jpg\",\"width\":679,\"height\":472},{\"@type\":\"BreadcrumbList\",\"@id\":\"https:\/\/aumarche.biz\/bf\/index.php\/produit\/jumelles-bushnell-powerview-2-10x50\/#breadcrumb\",\"itemListElement\":[{\"@type\":\"ListItem\",\"position\":1,\"name\":\"Accueil\",\"item\":\"https:\/\/aumarche.biz\/bf\/\"},{\"@type\":\"ListItem\",\"position\":2,\"name\":\"Boutique\",\"item\":\"https:\/\/aumarche.biz\/bf\/index.php\/boutique\/\"},{\"@type\":\"ListItem\",\"position\":3,\"name\":\"Jumelles Bushnell Powerview 2 10\u00d750\"}]},{\"@type\":\"WebSite\",\"@id\":\"https:\/\/aumarche.biz\/bf\/#website\",\"url\":\"https:\/\/aumarche.biz\/bf\/\",\"name\":\"aumarche.biz\",\"description\":\"Vendre et acheter autrement\",\"publisher\":{\"@id\":\"https:\/\/aumarche.biz\/bf\/#organization\"},\"potentialAction\":[{\"@type\":\"SearchAction\",\"target\":{\"@type\":\"EntryPoint\",\"urlTemplate\":\"https:\/\/aumarche.biz\/bf\/?s={search_term_string}\"},\"query-input\":{\"@type\":\"PropertyValueSpecification\",\"valueRequired\":true,\"valueName\":\"search_term_string\"}}],\"inLanguage\":\"fr-FR\"},{\"@type\":\"Organization\",\"@id\":\"https:\/\/aumarche.biz\/bf\/#organization\",\"name\":\"aumarche.biz\",\"url\":\"https:\/\/aumarche.biz\/bf\/\",\"logo\":{\"@type\":\"ImageObject\",\"inLanguage\":\"fr-FR\",\"@id\":\"https:\/\/aumarche.biz\/bf\/#\/schema\/logo\/image\/\",\"url\":\"https:\/\/aumarche.biz\/bf\/wp-content\/uploads\/2023\/09\/favicone.png\",\"contentUrl\":\"https:\/\/aumarche.biz\/bf\/wp-content\/uploads\/2023\/09\/favicone.png\",\"width\":64,\"height\":64,\"caption\":\"aumarche.biz\"},\"image\":{\"@id\":\"https:\/\/aumarche.biz\/bf\/#\/schema\/logo\/image\/\"},\"sameAs\":[\"https:\/\/www.facebook.com\/aumarchebf\"]}]}<\/script>\n<!-- \/ Yoast SEO plugin. -->","yoast_head_json":{"title":"Jumelles Bushnell Powerview 2 10\u00d750 - AU MARCHE BURKINA","robots":{"index":"noindex","follow":"follow","max-snippet":"max-snippet:-1","max-image-preview":"max-image-preview:large","max-video-preview":"max-video-preview:-1"},"og_locale":"fr_FR","og_type":"article","og_title":"Jumelles Bushnell Powerview 2 10\u00d750 - AU MARCHE BURKINA","og_description":"Les Bushnell Powerview 10\u00d750 ont re\u00e7u une bonne critique du public, mais leur production a \u00e9t\u00e9 stopp\u00e9e du fait des \u00e9volutions optiques plus r\u00e9centes. Le fabricant am\u00e9ricain a alors innov\u00e9 avec les nouvelles Powerview 2 10\u00d750, qui int\u00e8grent des caract\u00e9ristiques int\u00e9ressantes : ch\u00e2ssis all\u00e9g\u00e9 en aluminium, traitement multicouche des lentilles, garantie \u00e0 vie \u201cIronclad\u201d, etc\u2026","og_url":"https:\/\/aumarche.biz\/bf\/index.php\/produit\/jumelles-bushnell-powerview-2-10x50\/","og_site_name":"AU MARCHE BURKINA","article_publisher":"https:\/\/www.facebook.com\/aumarchebf","article_modified_time":"2023-10-17T17:54:17+00:00","og_image":[{"width":679,"height":472,"url":"https:\/\/aumarche.biz\/bf\/wp-content\/uploads\/2023\/10\/613HFYCw9JL._AC_SX679_.jpg","type":"image\/jpeg"}],"twitter_card":"summary_large_image","schema":{"@context":"https:\/\/schema.org","@graph":[{"@type":"WebPage","@id":"https:\/\/aumarche.biz\/bf\/index.php\/produit\/jumelles-bushnell-powerview-2-10x50\/","url":"https:\/\/aumarche.biz\/bf\/index.php\/produit\/jumelles-bushnell-powerview-2-10x50\/","name":"Jumelles Bushnell Powerview 2 10\u00d750 - AU MARCHE BURKINA","isPartOf":{"@id":"https:\/\/aumarche.biz\/bf\/#website"},"primaryImageOfPage":{"@id":"https:\/\/aumarche.biz\/bf\/index.php\/produit\/jumelles-bushnell-powerview-2-10x50\/#primaryimage"},"image":{"@id":"https:\/\/aumarche.biz\/bf\/index.php\/produit\/jumelles-bushnell-powerview-2-10x50\/#primaryimage"},"thumbnailUrl":"https:\/\/aumarche.biz\/bf\/wp-content\/uploads\/2023\/10\/613HFYCw9JL._AC_SX679_.jpg","datePublished":"2023-10-17T17:53:31+00:00","dateModified":"2023-10-17T17:54:17+00:00","breadcrumb":{"@id":"https:\/\/aumarche.biz\/bf\/index.php\/produit\/jumelles-bushnell-powerview-2-10x50\/#breadcrumb"},"inLanguage":"fr-FR","potentialAction":[{"@type":"ReadAction","target":["https:\/\/aumarche.biz\/bf\/index.php\/produit\/jumelles-bushnell-powerview-2-10x50\/"]}]},{"@type":"ImageObject","inLanguage":"fr-FR","@id":"https:\/\/aumarche.biz\/bf\/index.php\/produit\/jumelles-bushnell-powerview-2-10x50\/#primaryimage","url":"https:\/\/aumarche.biz\/bf\/wp-content\/uploads\/2023\/10\/613HFYCw9JL._AC_SX679_.jpg","contentUrl":"https:\/\/aumarche.biz\/bf\/wp-content\/uploads\/2023\/10\/613HFYCw9JL._AC_SX679_.jpg","width":679,"height":472},{"@type":"BreadcrumbList","@id":"https:\/\/aumarche.biz\/bf\/index.php\/produit\/jumelles-bushnell-powerview-2-10x50\/#breadcrumb","itemListElement":[{"@type":"ListItem","position":1,"name":"Accueil","item":"https:\/\/aumarche.biz\/bf\/"},{"@type":"ListItem","position":2,"name":"Boutique","item":"https:\/\/aumarche.biz\/bf\/index.php\/boutique\/"},{"@type":"ListItem","position":3,"name":"Jumelles Bushnell Powerview 2 10\u00d750"}]},{"@type":"WebSite","@id":"https:\/\/aumarche.biz\/bf\/#website","url":"https:\/\/aumarche.biz\/bf\/","name":"aumarche.biz","description":"Vendre et acheter autrement","publisher":{"@id":"https:\/\/aumarche.biz\/bf\/#organization"},"potentialAction":[{"@type":"SearchAction","target":{"@type":"EntryPoint","urlTemplate":"https:\/\/aumarche.biz\/bf\/?s={search_term_string}"},"query-input":{"@type":"PropertyValueSpecification","valueRequired":true,"valueName":"search_term_string"}}],"inLanguage":"fr-FR"},{"@type":"Organization","@id":"https:\/\/aumarche.biz\/bf\/#organization","name":"aumarche.biz","url":"https:\/\/aumarche.biz\/bf\/","logo":{"@type":"ImageObject","inLanguage":"fr-FR","@id":"https:\/\/aumarche.biz\/bf\/#\/schema\/logo\/image\/","url":"https:\/\/aumarche.biz\/bf\/wp-content\/uploads\/2023\/09\/favicone.png","contentUrl":"https:\/\/aumarche.biz\/bf\/wp-content\/uploads\/2023\/09\/favicone.png","width":64,"height":64,"caption":"aumarche.biz"},"image":{"@id":"https:\/\/aumarche.biz\/bf\/#\/schema\/logo\/image\/"},"sameAs":["https:\/\/www.facebook.com\/aumarchebf"]}]}},"_links":{"self":[{"href":"https:\/\/aumarche.biz\/bf\/index.php\/wp-json\/wp\/v2\/product\/5203","targetHints":{"allow":["GET"]}}],"collection":[{"href":"https:\/\/aumarche.biz\/bf\/index.php\/wp-json\/wp\/v2\/product"}],"about":[{"href":"https:\/\/aumarche.biz\/bf\/index.php\/wp-json\/wp\/v2\/types\/product"}],"wp:featuredmedia":[{"embeddable":true,"href":"https:\/\/aumarche.biz\/bf\/index.php\/wp-json\/wp\/v2\/media\/5200"}],"wp:attachment":[{"href":"https:\/\/aumarche.biz\/bf\/index.php\/wp-json\/wp\/v2\/media?parent=5203"}],"wp:term":[{"taxonomy":"product_cat","embeddable":true,"href":"https:\/\/aumarche.biz\/bf\/index.php\/wp-json\/wp\/v2\/product_cat?post=5203"},{"taxonomy":"product_tag","embeddable":true,"href":"https:\/\/aumarche.biz\/bf\/index.php\/wp-json\/wp\/v2\/product_tag?post=5203"}],"curies":[{"name":"wp","href":"https:\/\/api.w.org\/{rel}","templated":true}]}}