{"id":5214,"date":"2023-10-18T15:18:29","date_gmt":"2023-10-18T15:18:29","guid":{"rendered":"https:\/\/aumarche.biz\/bf\/index.php\/produit\/imation-usb-2-0-flashdrive-8gb-black\/"},"modified":"2023-10-18T15:18:29","modified_gmt":"2023-10-18T15:18:29","slug":"imation-usb-2-0-flashdrive-8gb-black","status":"publish","type":"product","link":"https:\/\/aumarche.biz\/bf\/index.php\/produit\/imation-usb-2-0-flashdrive-8gb-black\/","title":{"rendered":"imation USB 2.0 FlashDrive 8GB \u2013 Black"},"content":{"rendered":"<p><\/p>\n<p>Dot\u00e9 d\u2019un design \u00e9l\u00e9gant qui s\u2019int\u00e8gre \u00e0 votre style de vie ax\u00e9 sur la technologie<\/p>\n<p>L\u2019interface optimale permet une connectivit\u00e9 facile<\/p>\n<p>Fabriqu\u00e9 \u00e0 partir de mat\u00e9riaux de qualit\u00e9 sup\u00e9rieure pour une durabilit\u00e9 prolong\u00e9e<\/p>\n","protected":false},"excerpt":{"rendered":"<p>La cl\u00e9 USB Imation\u00a0 est la solution de stockage id\u00e9ale pour un usage quotidien. Stockez, transportez et partagez des photos, de la musique, des vid\u00e9os, des fichiers et bien plus encore. Disponible dans des capacit\u00e9s allant de 4 Go \u00e0 32 Go, la technologie plug-and-play simple du Sledge Drive vous permet de g\u00e9rer et de copier facilement vos photos ou documents sans avoir \u00e0 installer de pilote fastidieux.<br data-mce-bogus=\"1\"><\/p>\n","protected":false},"featured_media":5212,"template":"","meta":[],"product_cat":[265,264],"product_tag":[],"class_list":{"0":"post-5214","1":"product","2":"type-product","3":"status-publish","4":"has-post-thumbnail","6":"product_brand-autres-marques","7":"product_cat-electronique","8":"product_cat-high-tech","10":"first","11":"instock","12":"taxable","13":"shipping-taxable","14":"purchasable","15":"product-type-simple","16":"col-xs-6 col-sm-4","17":"col-md-3 col-lg-3","18":"un-4-cols"},"yoast_head":"<!-- This site is optimized with the Yoast SEO plugin v26.9 - https:\/\/yoast.com\/product\/yoast-seo-wordpress\/ -->\n<title>imation USB 2.0 FlashDrive 8GB \u2013 Black - AU MARCHE BURKINA<\/title>\n<meta name=\"robots\" content=\"noindex, follow, max-snippet:-1, max-image-preview:large, max-video-preview:-1\" \/>\n<meta property=\"og:locale\" content=\"fr_FR\" \/>\n<meta property=\"og:type\" content=\"article\" \/>\n<meta property=\"og:title\" content=\"imation USB 2.0 FlashDrive 8GB \u2013 Black - AU MARCHE BURKINA\" \/>\n<meta property=\"og:description\" content=\"La cl\u00e9 USB Imation\u00a0 est la solution de stockage id\u00e9ale pour un usage quotidien. Stockez, transportez et partagez des photos, de la musique, des vid\u00e9os, des fichiers et bien plus encore. Disponible dans des capacit\u00e9s allant de 4 Go \u00e0 32 Go, la technologie plug-and-play simple du Sledge Drive vous permet de g\u00e9rer et de copier facilement vos photos ou documents sans avoir \u00e0 installer de pilote fastidieux.\" \/>\n<meta property=\"og:url\" content=\"https:\/\/aumarche.biz\/bf\/index.php\/produit\/imation-usb-2-0-flashdrive-8gb-black\/\" \/>\n<meta property=\"og:site_name\" content=\"AU MARCHE BURKINA\" \/>\n<meta property=\"article:publisher\" content=\"https:\/\/www.facebook.com\/aumarchebf\" \/>\n<meta property=\"og:image\" content=\"https:\/\/aumarche.biz\/bf\/wp-content\/uploads\/2023\/10\/usb.png\" \/>\n\t<meta property=\"og:image:width\" content=\"331\" \/>\n\t<meta property=\"og:image:height\" content=\"425\" \/>\n\t<meta property=\"og:image:type\" content=\"image\/png\" \/>\n<meta name=\"twitter:card\" content=\"summary_large_image\" \/>\n<script type=\"application\/ld+json\" class=\"yoast-schema-graph\">{\"@context\":\"https:\/\/schema.org\",\"@graph\":[{\"@type\":\"WebPage\",\"@id\":\"https:\/\/aumarche.biz\/bf\/index.php\/produit\/imation-usb-2-0-flashdrive-8gb-black\/\",\"url\":\"https:\/\/aumarche.biz\/bf\/index.php\/produit\/imation-usb-2-0-flashdrive-8gb-black\/\",\"name\":\"imation USB 2.0 FlashDrive 8GB \u2013 Black - AU MARCHE BURKINA\",\"isPartOf\":{\"@id\":\"https:\/\/aumarche.biz\/bf\/#website\"},\"primaryImageOfPage\":{\"@id\":\"https:\/\/aumarche.biz\/bf\/index.php\/produit\/imation-usb-2-0-flashdrive-8gb-black\/#primaryimage\"},\"image\":{\"@id\":\"https:\/\/aumarche.biz\/bf\/index.php\/produit\/imation-usb-2-0-flashdrive-8gb-black\/#primaryimage\"},\"thumbnailUrl\":\"https:\/\/aumarche.biz\/bf\/wp-content\/uploads\/2023\/10\/usb.png\",\"datePublished\":\"2023-10-18T15:18:29+00:00\",\"breadcrumb\":{\"@id\":\"https:\/\/aumarche.biz\/bf\/index.php\/produit\/imation-usb-2-0-flashdrive-8gb-black\/#breadcrumb\"},\"inLanguage\":\"fr-FR\",\"potentialAction\":[{\"@type\":\"ReadAction\",\"target\":[\"https:\/\/aumarche.biz\/bf\/index.php\/produit\/imation-usb-2-0-flashdrive-8gb-black\/\"]}]},{\"@type\":\"ImageObject\",\"inLanguage\":\"fr-FR\",\"@id\":\"https:\/\/aumarche.biz\/bf\/index.php\/produit\/imation-usb-2-0-flashdrive-8gb-black\/#primaryimage\",\"url\":\"https:\/\/aumarche.biz\/bf\/wp-content\/uploads\/2023\/10\/usb.png\",\"contentUrl\":\"https:\/\/aumarche.biz\/bf\/wp-content\/uploads\/2023\/10\/usb.png\",\"width\":331,\"height\":425},{\"@type\":\"BreadcrumbList\",\"@id\":\"https:\/\/aumarche.biz\/bf\/index.php\/produit\/imation-usb-2-0-flashdrive-8gb-black\/#breadcrumb\",\"itemListElement\":[{\"@type\":\"ListItem\",\"position\":1,\"name\":\"Accueil\",\"item\":\"https:\/\/aumarche.biz\/bf\/\"},{\"@type\":\"ListItem\",\"position\":2,\"name\":\"Boutique\",\"item\":\"https:\/\/aumarche.biz\/bf\/index.php\/boutique\/\"},{\"@type\":\"ListItem\",\"position\":3,\"name\":\"imation USB 2.0 FlashDrive 8GB \u2013 Black\"}]},{\"@type\":\"WebSite\",\"@id\":\"https:\/\/aumarche.biz\/bf\/#website\",\"url\":\"https:\/\/aumarche.biz\/bf\/\",\"name\":\"aumarche.biz\",\"description\":\"Vendre et acheter autrement\",\"publisher\":{\"@id\":\"https:\/\/aumarche.biz\/bf\/#organization\"},\"potentialAction\":[{\"@type\":\"SearchAction\",\"target\":{\"@type\":\"EntryPoint\",\"urlTemplate\":\"https:\/\/aumarche.biz\/bf\/?s={search_term_string}\"},\"query-input\":{\"@type\":\"PropertyValueSpecification\",\"valueRequired\":true,\"valueName\":\"search_term_string\"}}],\"inLanguage\":\"fr-FR\"},{\"@type\":\"Organization\",\"@id\":\"https:\/\/aumarche.biz\/bf\/#organization\",\"name\":\"aumarche.biz\",\"url\":\"https:\/\/aumarche.biz\/bf\/\",\"logo\":{\"@type\":\"ImageObject\",\"inLanguage\":\"fr-FR\",\"@id\":\"https:\/\/aumarche.biz\/bf\/#\/schema\/logo\/image\/\",\"url\":\"https:\/\/aumarche.biz\/bf\/wp-content\/uploads\/2023\/09\/favicone.png\",\"contentUrl\":\"https:\/\/aumarche.biz\/bf\/wp-content\/uploads\/2023\/09\/favicone.png\",\"width\":64,\"height\":64,\"caption\":\"aumarche.biz\"},\"image\":{\"@id\":\"https:\/\/aumarche.biz\/bf\/#\/schema\/logo\/image\/\"},\"sameAs\":[\"https:\/\/www.facebook.com\/aumarchebf\"]}]}<\/script>\n<!-- \/ Yoast SEO plugin. -->","yoast_head_json":{"title":"imation USB 2.0 FlashDrive 8GB \u2013 Black - AU MARCHE BURKINA","robots":{"index":"noindex","follow":"follow","max-snippet":"max-snippet:-1","max-image-preview":"max-image-preview:large","max-video-preview":"max-video-preview:-1"},"og_locale":"fr_FR","og_type":"article","og_title":"imation USB 2.0 FlashDrive 8GB \u2013 Black - AU MARCHE BURKINA","og_description":"La cl\u00e9 USB Imation\u00a0 est la solution de stockage id\u00e9ale pour un usage quotidien. Stockez, transportez et partagez des photos, de la musique, des vid\u00e9os, des fichiers et bien plus encore. Disponible dans des capacit\u00e9s allant de 4 Go \u00e0 32 Go, la technologie plug-and-play simple du Sledge Drive vous permet de g\u00e9rer et de copier facilement vos photos ou documents sans avoir \u00e0 installer de pilote fastidieux.","og_url":"https:\/\/aumarche.biz\/bf\/index.php\/produit\/imation-usb-2-0-flashdrive-8gb-black\/","og_site_name":"AU MARCHE BURKINA","article_publisher":"https:\/\/www.facebook.com\/aumarchebf","og_image":[{"width":331,"height":425,"url":"https:\/\/aumarche.biz\/bf\/wp-content\/uploads\/2023\/10\/usb.png","type":"image\/png"}],"twitter_card":"summary_large_image","schema":{"@context":"https:\/\/schema.org","@graph":[{"@type":"WebPage","@id":"https:\/\/aumarche.biz\/bf\/index.php\/produit\/imation-usb-2-0-flashdrive-8gb-black\/","url":"https:\/\/aumarche.biz\/bf\/index.php\/produit\/imation-usb-2-0-flashdrive-8gb-black\/","name":"imation USB 2.0 FlashDrive 8GB \u2013 Black - AU MARCHE BURKINA","isPartOf":{"@id":"https:\/\/aumarche.biz\/bf\/#website"},"primaryImageOfPage":{"@id":"https:\/\/aumarche.biz\/bf\/index.php\/produit\/imation-usb-2-0-flashdrive-8gb-black\/#primaryimage"},"image":{"@id":"https:\/\/aumarche.biz\/bf\/index.php\/produit\/imation-usb-2-0-flashdrive-8gb-black\/#primaryimage"},"thumbnailUrl":"https:\/\/aumarche.biz\/bf\/wp-content\/uploads\/2023\/10\/usb.png","datePublished":"2023-10-18T15:18:29+00:00","breadcrumb":{"@id":"https:\/\/aumarche.biz\/bf\/index.php\/produit\/imation-usb-2-0-flashdrive-8gb-black\/#breadcrumb"},"inLanguage":"fr-FR","potentialAction":[{"@type":"ReadAction","target":["https:\/\/aumarche.biz\/bf\/index.php\/produit\/imation-usb-2-0-flashdrive-8gb-black\/"]}]},{"@type":"ImageObject","inLanguage":"fr-FR","@id":"https:\/\/aumarche.biz\/bf\/index.php\/produit\/imation-usb-2-0-flashdrive-8gb-black\/#primaryimage","url":"https:\/\/aumarche.biz\/bf\/wp-content\/uploads\/2023\/10\/usb.png","contentUrl":"https:\/\/aumarche.biz\/bf\/wp-content\/uploads\/2023\/10\/usb.png","width":331,"height":425},{"@type":"BreadcrumbList","@id":"https:\/\/aumarche.biz\/bf\/index.php\/produit\/imation-usb-2-0-flashdrive-8gb-black\/#breadcrumb","itemListElement":[{"@type":"ListItem","position":1,"name":"Accueil","item":"https:\/\/aumarche.biz\/bf\/"},{"@type":"ListItem","position":2,"name":"Boutique","item":"https:\/\/aumarche.biz\/bf\/index.php\/boutique\/"},{"@type":"ListItem","position":3,"name":"imation USB 2.0 FlashDrive 8GB \u2013 Black"}]},{"@type":"WebSite","@id":"https:\/\/aumarche.biz\/bf\/#website","url":"https:\/\/aumarche.biz\/bf\/","name":"aumarche.biz","description":"Vendre et acheter autrement","publisher":{"@id":"https:\/\/aumarche.biz\/bf\/#organization"},"potentialAction":[{"@type":"SearchAction","target":{"@type":"EntryPoint","urlTemplate":"https:\/\/aumarche.biz\/bf\/?s={search_term_string}"},"query-input":{"@type":"PropertyValueSpecification","valueRequired":true,"valueName":"search_term_string"}}],"inLanguage":"fr-FR"},{"@type":"Organization","@id":"https:\/\/aumarche.biz\/bf\/#organization","name":"aumarche.biz","url":"https:\/\/aumarche.biz\/bf\/","logo":{"@type":"ImageObject","inLanguage":"fr-FR","@id":"https:\/\/aumarche.biz\/bf\/#\/schema\/logo\/image\/","url":"https:\/\/aumarche.biz\/bf\/wp-content\/uploads\/2023\/09\/favicone.png","contentUrl":"https:\/\/aumarche.biz\/bf\/wp-content\/uploads\/2023\/09\/favicone.png","width":64,"height":64,"caption":"aumarche.biz"},"image":{"@id":"https:\/\/aumarche.biz\/bf\/#\/schema\/logo\/image\/"},"sameAs":["https:\/\/www.facebook.com\/aumarchebf"]}]}},"_links":{"self":[{"href":"https:\/\/aumarche.biz\/bf\/index.php\/wp-json\/wp\/v2\/product\/5214","targetHints":{"allow":["GET"]}}],"collection":[{"href":"https:\/\/aumarche.biz\/bf\/index.php\/wp-json\/wp\/v2\/product"}],"about":[{"href":"https:\/\/aumarche.biz\/bf\/index.php\/wp-json\/wp\/v2\/types\/product"}],"wp:featuredmedia":[{"embeddable":true,"href":"https:\/\/aumarche.biz\/bf\/index.php\/wp-json\/wp\/v2\/media\/5212"}],"wp:attachment":[{"href":"https:\/\/aumarche.biz\/bf\/index.php\/wp-json\/wp\/v2\/media?parent=5214"}],"wp:term":[{"taxonomy":"product_cat","embeddable":true,"href":"https:\/\/aumarche.biz\/bf\/index.php\/wp-json\/wp\/v2\/product_cat?post=5214"},{"taxonomy":"product_tag","embeddable":true,"href":"https:\/\/aumarche.biz\/bf\/index.php\/wp-json\/wp\/v2\/product_tag?post=5214"}],"curies":[{"name":"wp","href":"https:\/\/api.w.org\/{rel}","templated":true}]}}