{"id":5219,"date":"2023-10-18T15:34:31","date_gmt":"2023-10-18T15:34:31","guid":{"rendered":"https:\/\/aumarche.biz\/bf\/index.php\/produit\/imprimante-tout-en-un-grand-format-hp-officejet-pro-7740\/"},"modified":"2023-10-18T15:34:31","modified_gmt":"2023-10-18T15:34:31","slug":"imprimante-tout-en-un-grand-format-hp-officejet-pro-7740","status":"publish","type":"product","link":"https:\/\/aumarche.biz\/bf\/index.php\/produit\/imprimante-tout-en-un-grand-format-hp-officejet-pro-7740\/","title":{"rendered":"Imprimante Tout-en-un Grand Format HP OfficeJet Pro 7740"},"content":{"rendered":"<header class=\"f-productLayer__header\" style=\"align-items: center;margin: 0px;font-family: Roboto, Arial, Helvetica, Tahoma, sans-serif;font-size: 12px\">\n<div class=\"f-productLayer__container\" style=\"flex-grow: 1;height: 54px;overflow: hidden;padding: 30px 30px 0px;position: relative;align-items: center;justify-content: space-between\">\n<h2 class=\"f-productLayer__title\" data-automation-id=\"title-characteristics-layer-label\" style=\"color: inherit;font-family: inherit;font-weight: 400;line-height: 1.2;margin: 0px;font-size: 20px;overflow: hidden;padding: 0px;position: relative;width: 1737px;height: auto;text-transform: uppercase\">CARACT\u00c9RISTIQUES<\/h2>\n<\/div>\n<\/header>\n<div id=\"fe6913b1-5452-4d4e-bcaa-6c7bd8e908cb\" class=\"f-productLayer__body f-productProperties\" style=\"flex-grow: 1;font-family: Roboto, Arial, Helvetica, Tahoma, sans-serif;font-size: 12px\">\n<div class=\"f-productLayer__container f-productProperties__container\" data-automation-id=\"simple-characteristics-content-block\" style=\"flex-grow: 1;height: 1106px;overflow: hidden;padding: 16px 30px 30px;position: relative;border: 0px;background-image: initial;background-position: initial;background-size: initial;background-attachment: initial\">\n<div class=\"js-Expander expander expander--hasIcon collapsed\" data-automation-button=\"expand-characteristics-content-button\" data-automation-content=\"expand-characteristics-content\" style=\"overflow: hidden;position: relative;max-height: 1060px;padding-bottom: 30px\">\n<div class=\"expander__content\" data-automation-id=\"expand-characteristics-content\" aria-expanded=\"true\">\n<div class=\"f-productProperties__columns\" style=\"flex-direction: row\">\n<div class=\"f-productProperties__col\" style=\"flex: 1 1 0%;margin-bottom: 0px\">\n<dl class=\"f-productProperties__item\" style=\"margin: 0px;align-items: flex-start;flex-direction: row;font-size: 15px;padding: 10px 16px\">\n<dt class=\"f-productProperties__term\" style=\"line-height: 1.3;flex: 0 0 50%\">Technologie d&rsquo;impression<\/dt>\n<dd class=\"f-productProperties__definition\" style=\"line-height: 1.42857;margin-left: 0px;flex: 0 0 50%\">\n<p style=\"margin: 0px !important;background: 0px center !important;color: inherit !important;font: inherit !important;padding: 0px !important;text-align: inherit !important\">Jet d&rsquo;encre<\/p>\n<\/dd>\n<\/dl>\n<dl class=\"f-productProperties__item\" style=\"margin: 0px;align-items: flex-start;flex-direction: row;font-size: 15px;padding: 10px 16px\">\n<dt class=\"f-productProperties__term\" style=\"line-height: 1.3;flex: 0 0 50%\">Typologie imprimante<\/dt>\n<dd class=\"f-productProperties__definition\" style=\"line-height: 1.42857;margin-left: 0px;flex: 0 0 50%\">\n<p style=\"margin: 0px !important;background: 0px center !important;color: inherit !important;font: inherit !important;padding: 0px !important;text-align: inherit !important\">Imprimante standard<\/p>\n<\/dd>\n<\/dl>\n<dl class=\"f-productProperties__item\" style=\"margin: 0px;align-items: flex-start;flex-direction: row;font-size: 15px;padding: 10px 16px\">\n<dt class=\"f-productProperties__term\" style=\"line-height: 1.3;flex: 0 0 50%\">Impression<\/dt>\n<dd class=\"f-productProperties__definition\" style=\"line-height: 1.42857;margin-left: 0px;flex: 0 0 50%\">\n<p style=\"margin: 0px !important;background: 0px center !important;color: inherit !important;font: inherit !important;padding: 0px !important;text-align: inherit !important\">Couleur<\/p>\n<\/dd>\n<\/dl>\n<dl class=\"f-productProperties__item\" style=\"margin: 0px;align-items: flex-start;flex-direction: row;font-size: 15px;padding: 10px 16px\">\n<dt class=\"f-productProperties__term\" style=\"line-height: 1.3;flex: 0 0 50%\">Impression direct CD\/DVD<\/dt>\n<dd class=\"f-productProperties__definition\" style=\"line-height: 1.42857;margin-left: 0px;flex: 0 0 50%\">\n<p style=\"margin: 0px !important;background: 0px center !important;color: inherit !important;font: inherit !important;padding: 0px !important;text-align: inherit !important\">Non<\/p>\n<\/dd>\n<\/dl>\n<dl class=\"f-productProperties__item\" style=\"margin: 0px;align-items: flex-start;flex-direction: row;font-size: 15px;padding: 10px 16px\">\n<dt class=\"f-productProperties__term\" style=\"line-height: 1.3;flex: 0 0 50%\">Impression recto\/verso<\/dt>\n<dd class=\"f-productProperties__definition\" style=\"line-height: 1.42857;margin-left: 0px;flex: 0 0 50%\">\n<p style=\"margin: 0px !important;background: 0px center !important;color: inherit !important;font: inherit !important;padding: 0px !important;text-align: inherit !important\">Oui Automatique<\/p>\n<\/dd>\n<\/dl>\n<dl class=\"f-productProperties__item\" style=\"margin: 0px;align-items: flex-start;flex-direction: row;font-size: 15px;padding: 10px 16px\">\n<dt class=\"f-productProperties__term\" style=\"line-height: 1.3;flex: 0 0 50%\">Vitesse d&rsquo;impression couleur<\/dt>\n<dd class=\"f-productProperties__definition\" style=\"line-height: 1.42857;margin-left: 0px;flex: 0 0 50%\">\n<p style=\"margin: 0px !important;background: 0px center !important;color: inherit !important;font: inherit !important;padding: 0px !important;text-align: inherit !important\">17 pages\/minute<\/p>\n<\/dd>\n<\/dl>\n<dl class=\"f-productProperties__item\" style=\"margin: 0px;align-items: flex-start;flex-direction: row;font-size: 15px;padding: 10px 16px\">\n<dt class=\"f-productProperties__term\" style=\"line-height: 1.3;flex: 0 0 50%\">Vitesse d&rsquo;impression noir<\/dt>\n<dd class=\"f-productProperties__definition\" style=\"line-height: 1.42857;margin-left: 0px;flex: 0 0 50%\">\n<p style=\"margin: 0px !important;background: 0px center !important;color: inherit !important;font: inherit !important;padding: 0px !important;text-align: inherit !important\">21 pages\/minute<\/p>\n<\/dd>\n<\/dl>\n<dl class=\"f-productProperties__item\" style=\"margin: 0px;align-items: flex-start;flex-direction: row;font-size: 15px;padding: 10px 16px\">\n<dt class=\"f-productProperties__term\" style=\"line-height: 1.3;flex: 0 0 50%\">Ecran tactile<\/dt>\n<dd class=\"f-productProperties__definition\" style=\"line-height: 1.42857;margin-left: 0px;flex: 0 0 50%\">\n<p style=\"margin: 0px !important;background: 0px center !important;color: inherit !important;font: inherit !important;padding: 0px !important;text-align: inherit !important\">Oui<\/p>\n<\/dd>\n<\/dl>\n<dl class=\"f-productProperties__item\" style=\"margin: 0px;align-items: flex-start;flex-direction: row;font-size: 15px;padding: 10px 16px\">\n<dt class=\"f-productProperties__term\" style=\"line-height: 1.3;flex: 0 0 50%\">Caract\u00e9ristiques de l&rsquo;\u00e9cran<\/dt>\n<dd class=\"f-productProperties__definition\" style=\"line-height: 1.42857;margin-left: 0px;flex: 0 0 50%\">\n<p style=\"margin: 0px !important;background: 0px center !important;color: inherit !important;font: inherit !important;padding: 0px !important;text-align: inherit !important\">\u00c9cran tactile<\/p>\n<\/dd>\n<\/dl>\n<dl class=\"f-productProperties__item\" style=\"margin: 0px;align-items: flex-start;flex-direction: row;font-size: 15px;padding: 10px 16px\">\n<dt class=\"f-productProperties__term\" style=\"line-height: 1.3;flex: 0 0 50%\">Nombre de cartouches<\/dt>\n<dd class=\"f-productProperties__definition\" style=\"line-height: 1.42857;margin-left: 0px;flex: 0 0 50%\">\n<p style=\"margin: 0px !important;background: 0px center !important;color: inherit !important;font: inherit !important;padding: 0px !important;text-align: inherit !important\">4 Noir, cyan, magenta, jaune<\/p>\n<\/dd>\n<\/dl>\n<dl class=\"f-productProperties__item\" style=\"margin: 0px;align-items: flex-start;flex-direction: row;font-size: 15px;padding: 10px 16px\">\n<dt class=\"f-productProperties__term\" style=\"line-height: 1.3;flex: 0 0 50%\">Type de papier<\/dt>\n<dd class=\"f-productProperties__definition\" style=\"line-height: 1.42857;margin-left: 0px;flex: 0 0 50%\">\n<p style=\"margin: 0px !important;background: 0px center !important;color: inherit !important;font: inherit !important;padding: 0px !important;text-align: inherit !important\">Normal<\/p>\n<\/dd>\n<\/dl>\n<dl class=\"f-productProperties__item\" style=\"margin: 0px;align-items: flex-start;flex-direction: row;font-size: 15px;padding: 10px 16px\">\n<dt class=\"f-productProperties__term\" style=\"line-height: 1.3;flex: 0 0 50%\">Capacit\u00e9 du bac papier<\/dt>\n<dd class=\"f-productProperties__definition\" style=\"line-height: 1.42857;margin-left: 0px;flex: 0 0 50%\">\n<p style=\"margin: 0px !important;background: 0px center !important;color: inherit !important;font: inherit !important;padding: 0px !important;text-align: inherit !important\">35<\/p>\n<\/dd>\n<\/dl>\n<dl class=\"f-productProperties__item\" style=\"margin: 0px;align-items: flex-start;flex-direction: row;font-size: 15px;padding: 10px 16px\">\n<dt class=\"f-productProperties__term\" style=\"line-height: 1.3;flex: 0 0 50%\">R\u00e9solution optique<\/dt>\n<dd class=\"f-productProperties__definition\" style=\"line-height: 1.42857;margin-left: 0px;flex: 0 0 50%\">\n<p style=\"margin: 0px !important;background: 0px center !important;color: inherit !important;font: inherit !important;padding: 0px !important;text-align: inherit !important\">1200 x 1200 ppp<\/p>\n<\/dd>\n<\/dl>\n<dl class=\"f-productProperties__item\" style=\"margin: 0px;align-items: flex-start;flex-direction: row;font-size: 15px;padding: 10px 16px\">\n<dt class=\"f-productProperties__term\" style=\"line-height: 1.3;flex: 0 0 50%\">Communication sans fil<\/dt>\n<dd class=\"f-productProperties__definition\" style=\"line-height: 1.42857;margin-left: 0px;flex: 0 0 50%\">\n<p style=\"margin: 0px !important;background: 0px center !important;color: inherit !important;font: inherit !important;padding: 0px !important;text-align: inherit !important\">Wi-Fi<\/p>\n<\/dd>\n<\/dl>\n<dl class=\"f-productProperties__item\" style=\"margin: 0px;align-items: flex-start;flex-direction: row;font-size: 15px;padding: 10px 16px\">\n<dt class=\"f-productProperties__term\" style=\"line-height: 1.3;flex: 0 0 50%\">Compatible Cloud &amp; WebPrint<\/dt>\n<dd class=\"f-productProperties__definition\" style=\"line-height: 1.42857;margin-left: 0px;flex: 0 0 50%\">\n<p style=\"margin: 0px !important;background: 0px center !important;color: inherit !important;font: inherit !important;padding: 0px !important;text-align: inherit !important\">Non<\/p>\n<\/dd>\n<\/dl>\n<dl class=\"f-productProperties__item\" style=\"margin: 0px;align-items: flex-start;flex-direction: row;font-size: 15px;padding: 10px 16px\">\n<dt class=\"f-productProperties__term\" style=\"line-height: 1.3;flex: 0 0 50%\">Connectique<\/dt>\n<dd class=\"f-productProperties__definition\" style=\"line-height: 1.42857;margin-left: 0px;flex: 0 0 50%\">\n<p style=\"margin: 0px !important;background: 0px center !important;color: inherit !important;font: inherit !important;padding: 0px !important;text-align: inherit !important\">1 Ethernet RJ-45<\/p>\n<p style=\"margin: 0px !important;background: 0px center !important;color: inherit !important;font: inherit !important;padding: 0px !important;text-align: inherit !important\">2 Modem RJ-11<\/p>\n<p style=\"margin: 0px !important;background: 0px center !important;color: inherit !important;font: inherit !important;padding: 0px !important;text-align: inherit !important\">1 USB 2.0<\/p>\n<p style=\"margin: 0px !important;background: 0px center !important;color: inherit !important;font: inherit !important;padding: 0px !important;text-align: inherit !important\">1 USB Host<\/p>\n<\/dd>\n<\/dl>\n<dl class=\"f-productProperties__item  f-productProperties__item--long \" style=\"margin: 0px;align-items: flex-start;flex-direction: column;font-size: 15px;padding: 10px 16px\">\n<dt class=\"f-productProperties__term\" style=\"line-height: 1.3;flex: 0 0 50%\">Syst\u00e8mes d&rsquo;exploitation compatibles<\/dt>\n<dd class=\"f-productProperties__definition\" style=\"line-height: 1.42857;margin-left: 0px;flex: 0 0 50%;padding-bottom: 5px\">\n<p style=\"margin: 0px !important;background: 0px center !important;color: inherit !important;font: inherit !important;padding: 0px !important;text-align: inherit !important\">Apple Mac OS X 10.9, MS Windows 7 (32\/64 bits), Apple Mac OS X 10.10, MS Windows XP 32 bits Edition SP3 ou ult\u00e9rieur, Windows 8 (32\/64 bits), Windows 8.1 (32\/64 bits), Windows 10 (32\/64-bits), Apple Mac OS X 10.11, MS Windows Vista \u00c9dition 32 bits<\/p>\n<\/dd>\n<\/dl>\n<\/div>\n<\/div>\n<\/div>\n<\/div>\n<\/div>\n<\/div>\n","protected":false},"excerpt":{"rendered":"<p><p class=\"MsoNormal\">Cette imprimante a \u00e9t\u00e9 sp\u00e9cialement con\u00e7ue pour fonctionner<br \/>\nexclusivement avec des cartouches HP \u00e9quip\u00e9es de puces, qu&rsquo;elles soient neuves<br \/>\nou r\u00e9utilis\u00e9es. Elle int\u00e8gre un dispositif de s\u00e9curit\u00e9 dynamique visant \u00e0<br \/>\nemp\u00eacher l&rsquo;utilisation de cartouches dot\u00e9es de puces non-HP. Des mises \u00e0 jour<br \/>\nr\u00e9guli\u00e8res du micrologiciel sont effectu\u00e9es pour maintenir l&rsquo;efficacit\u00e9 de ces<br \/>\nmesures, emp\u00eachant ainsi l&rsquo;utilisation de cartouches qui \u00e9taient auparavant compatibles.<br \/>\nL&rsquo;utilisation d&rsquo;une puce HP r\u00e9utilis\u00e9e permet d&#8217;employer des cartouches<br \/>\nreconditionn\u00e9es, recycl\u00e9es ou r\u00e9utilis\u00e9es<\/p><\/p>\n","protected":false},"featured_media":5216,"template":"","meta":[],"product_cat":[265,264],"product_tag":[],"class_list":{"0":"post-5219","1":"product","2":"type-product","3":"status-publish","4":"has-post-thumbnail","6":"product_brand-autres-marques","7":"product_cat-electronique","8":"product_cat-high-tech","10":"first","11":"instock","12":"taxable","13":"shipping-taxable","14":"purchasable","15":"product-type-simple","16":"col-xs-6 col-sm-4","17":"col-md-3 col-lg-3","18":"un-4-cols"},"yoast_head":"<!-- This site is optimized with the Yoast SEO plugin v26.9 - https:\/\/yoast.com\/product\/yoast-seo-wordpress\/ -->\n<title>Imprimante Tout-en-un Grand Format HP OfficeJet Pro 7740 - AU MARCHE BURKINA<\/title>\n<meta name=\"robots\" content=\"noindex, follow, max-snippet:-1, max-image-preview:large, max-video-preview:-1\" \/>\n<meta property=\"og:locale\" content=\"fr_FR\" \/>\n<meta property=\"og:type\" content=\"article\" \/>\n<meta property=\"og:title\" content=\"Imprimante Tout-en-un Grand Format HP OfficeJet Pro 7740 - AU MARCHE BURKINA\" \/>\n<meta property=\"og:description\" content=\"Cette imprimante a \u00e9t\u00e9 sp\u00e9cialement con\u00e7ue pour fonctionner exclusivement avec des cartouches HP \u00e9quip\u00e9es de puces, qu&#039;elles soient neuves ou r\u00e9utilis\u00e9es. Elle int\u00e8gre un dispositif de s\u00e9curit\u00e9 dynamique visant \u00e0 emp\u00eacher l&#039;utilisation de cartouches dot\u00e9es de puces non-HP. Des mises \u00e0 jour r\u00e9guli\u00e8res du micrologiciel sont effectu\u00e9es pour maintenir l&#039;efficacit\u00e9 de ces mesures, emp\u00eachant ainsi l&#039;utilisation de cartouches qui \u00e9taient auparavant compatibles. L&#039;utilisation d&#039;une puce HP r\u00e9utilis\u00e9e permet d&#039;employer des cartouches reconditionn\u00e9es, recycl\u00e9es ou r\u00e9utilis\u00e9es\" \/>\n<meta property=\"og:url\" content=\"https:\/\/aumarche.biz\/bf\/index.php\/produit\/imprimante-tout-en-un-grand-format-hp-officejet-pro-7740\/\" \/>\n<meta property=\"og:site_name\" content=\"AU MARCHE BURKINA\" \/>\n<meta property=\"article:publisher\" content=\"https:\/\/www.facebook.com\/aumarchebf\" \/>\n<meta property=\"og:image\" content=\"https:\/\/aumarche.biz\/bf\/wp-content\/uploads\/2023\/10\/hp-officejet-pro-7740-all-in-one-imprimante-multifonctions-couleur-jet-d-encre-a3.jpg\" \/>\n\t<meta property=\"og:image:width\" content=\"800\" \/>\n\t<meta property=\"og:image:height\" content=\"800\" \/>\n\t<meta property=\"og:image:type\" content=\"image\/jpeg\" \/>\n<meta name=\"twitter:card\" content=\"summary_large_image\" \/>\n<script type=\"application\/ld+json\" class=\"yoast-schema-graph\">{\"@context\":\"https:\/\/schema.org\",\"@graph\":[{\"@type\":\"WebPage\",\"@id\":\"https:\/\/aumarche.biz\/bf\/index.php\/produit\/imprimante-tout-en-un-grand-format-hp-officejet-pro-7740\/\",\"url\":\"https:\/\/aumarche.biz\/bf\/index.php\/produit\/imprimante-tout-en-un-grand-format-hp-officejet-pro-7740\/\",\"name\":\"Imprimante Tout-en-un Grand Format HP OfficeJet Pro 7740 - AU MARCHE BURKINA\",\"isPartOf\":{\"@id\":\"https:\/\/aumarche.biz\/bf\/#website\"},\"primaryImageOfPage\":{\"@id\":\"https:\/\/aumarche.biz\/bf\/index.php\/produit\/imprimante-tout-en-un-grand-format-hp-officejet-pro-7740\/#primaryimage\"},\"image\":{\"@id\":\"https:\/\/aumarche.biz\/bf\/index.php\/produit\/imprimante-tout-en-un-grand-format-hp-officejet-pro-7740\/#primaryimage\"},\"thumbnailUrl\":\"https:\/\/aumarche.biz\/bf\/wp-content\/uploads\/2023\/10\/hp-officejet-pro-7740-all-in-one-imprimante-multifonctions-couleur-jet-d-encre-a3.jpg\",\"datePublished\":\"2023-10-18T15:34:31+00:00\",\"breadcrumb\":{\"@id\":\"https:\/\/aumarche.biz\/bf\/index.php\/produit\/imprimante-tout-en-un-grand-format-hp-officejet-pro-7740\/#breadcrumb\"},\"inLanguage\":\"fr-FR\",\"potentialAction\":[{\"@type\":\"ReadAction\",\"target\":[\"https:\/\/aumarche.biz\/bf\/index.php\/produit\/imprimante-tout-en-un-grand-format-hp-officejet-pro-7740\/\"]}]},{\"@type\":\"ImageObject\",\"inLanguage\":\"fr-FR\",\"@id\":\"https:\/\/aumarche.biz\/bf\/index.php\/produit\/imprimante-tout-en-un-grand-format-hp-officejet-pro-7740\/#primaryimage\",\"url\":\"https:\/\/aumarche.biz\/bf\/wp-content\/uploads\/2023\/10\/hp-officejet-pro-7740-all-in-one-imprimante-multifonctions-couleur-jet-d-encre-a3.jpg\",\"contentUrl\":\"https:\/\/aumarche.biz\/bf\/wp-content\/uploads\/2023\/10\/hp-officejet-pro-7740-all-in-one-imprimante-multifonctions-couleur-jet-d-encre-a3.jpg\",\"width\":800,\"height\":800},{\"@type\":\"BreadcrumbList\",\"@id\":\"https:\/\/aumarche.biz\/bf\/index.php\/produit\/imprimante-tout-en-un-grand-format-hp-officejet-pro-7740\/#breadcrumb\",\"itemListElement\":[{\"@type\":\"ListItem\",\"position\":1,\"name\":\"Accueil\",\"item\":\"https:\/\/aumarche.biz\/bf\/\"},{\"@type\":\"ListItem\",\"position\":2,\"name\":\"Boutique\",\"item\":\"https:\/\/aumarche.biz\/bf\/index.php\/boutique\/\"},{\"@type\":\"ListItem\",\"position\":3,\"name\":\"Imprimante Tout-en-un Grand Format HP OfficeJet Pro 7740\"}]},{\"@type\":\"WebSite\",\"@id\":\"https:\/\/aumarche.biz\/bf\/#website\",\"url\":\"https:\/\/aumarche.biz\/bf\/\",\"name\":\"aumarche.biz\",\"description\":\"Vendre et acheter autrement\",\"publisher\":{\"@id\":\"https:\/\/aumarche.biz\/bf\/#organization\"},\"potentialAction\":[{\"@type\":\"SearchAction\",\"target\":{\"@type\":\"EntryPoint\",\"urlTemplate\":\"https:\/\/aumarche.biz\/bf\/?s={search_term_string}\"},\"query-input\":{\"@type\":\"PropertyValueSpecification\",\"valueRequired\":true,\"valueName\":\"search_term_string\"}}],\"inLanguage\":\"fr-FR\"},{\"@type\":\"Organization\",\"@id\":\"https:\/\/aumarche.biz\/bf\/#organization\",\"name\":\"aumarche.biz\",\"url\":\"https:\/\/aumarche.biz\/bf\/\",\"logo\":{\"@type\":\"ImageObject\",\"inLanguage\":\"fr-FR\",\"@id\":\"https:\/\/aumarche.biz\/bf\/#\/schema\/logo\/image\/\",\"url\":\"https:\/\/aumarche.biz\/bf\/wp-content\/uploads\/2023\/09\/favicone.png\",\"contentUrl\":\"https:\/\/aumarche.biz\/bf\/wp-content\/uploads\/2023\/09\/favicone.png\",\"width\":64,\"height\":64,\"caption\":\"aumarche.biz\"},\"image\":{\"@id\":\"https:\/\/aumarche.biz\/bf\/#\/schema\/logo\/image\/\"},\"sameAs\":[\"https:\/\/www.facebook.com\/aumarchebf\"]}]}<\/script>\n<!-- \/ Yoast SEO plugin. -->","yoast_head_json":{"title":"Imprimante Tout-en-un Grand Format HP OfficeJet Pro 7740 - AU MARCHE BURKINA","robots":{"index":"noindex","follow":"follow","max-snippet":"max-snippet:-1","max-image-preview":"max-image-preview:large","max-video-preview":"max-video-preview:-1"},"og_locale":"fr_FR","og_type":"article","og_title":"Imprimante Tout-en-un Grand Format HP OfficeJet Pro 7740 - AU MARCHE BURKINA","og_description":"Cette imprimante a \u00e9t\u00e9 sp\u00e9cialement con\u00e7ue pour fonctionner exclusivement avec des cartouches HP \u00e9quip\u00e9es de puces, qu'elles soient neuves ou r\u00e9utilis\u00e9es. Elle int\u00e8gre un dispositif de s\u00e9curit\u00e9 dynamique visant \u00e0 emp\u00eacher l'utilisation de cartouches dot\u00e9es de puces non-HP. Des mises \u00e0 jour r\u00e9guli\u00e8res du micrologiciel sont effectu\u00e9es pour maintenir l'efficacit\u00e9 de ces mesures, emp\u00eachant ainsi l'utilisation de cartouches qui \u00e9taient auparavant compatibles. L'utilisation d'une puce HP r\u00e9utilis\u00e9e permet d'employer des cartouches reconditionn\u00e9es, recycl\u00e9es ou r\u00e9utilis\u00e9es","og_url":"https:\/\/aumarche.biz\/bf\/index.php\/produit\/imprimante-tout-en-un-grand-format-hp-officejet-pro-7740\/","og_site_name":"AU MARCHE BURKINA","article_publisher":"https:\/\/www.facebook.com\/aumarchebf","og_image":[{"width":800,"height":800,"url":"https:\/\/aumarche.biz\/bf\/wp-content\/uploads\/2023\/10\/hp-officejet-pro-7740-all-in-one-imprimante-multifonctions-couleur-jet-d-encre-a3.jpg","type":"image\/jpeg"}],"twitter_card":"summary_large_image","schema":{"@context":"https:\/\/schema.org","@graph":[{"@type":"WebPage","@id":"https:\/\/aumarche.biz\/bf\/index.php\/produit\/imprimante-tout-en-un-grand-format-hp-officejet-pro-7740\/","url":"https:\/\/aumarche.biz\/bf\/index.php\/produit\/imprimante-tout-en-un-grand-format-hp-officejet-pro-7740\/","name":"Imprimante Tout-en-un Grand Format HP OfficeJet Pro 7740 - AU MARCHE BURKINA","isPartOf":{"@id":"https:\/\/aumarche.biz\/bf\/#website"},"primaryImageOfPage":{"@id":"https:\/\/aumarche.biz\/bf\/index.php\/produit\/imprimante-tout-en-un-grand-format-hp-officejet-pro-7740\/#primaryimage"},"image":{"@id":"https:\/\/aumarche.biz\/bf\/index.php\/produit\/imprimante-tout-en-un-grand-format-hp-officejet-pro-7740\/#primaryimage"},"thumbnailUrl":"https:\/\/aumarche.biz\/bf\/wp-content\/uploads\/2023\/10\/hp-officejet-pro-7740-all-in-one-imprimante-multifonctions-couleur-jet-d-encre-a3.jpg","datePublished":"2023-10-18T15:34:31+00:00","breadcrumb":{"@id":"https:\/\/aumarche.biz\/bf\/index.php\/produit\/imprimante-tout-en-un-grand-format-hp-officejet-pro-7740\/#breadcrumb"},"inLanguage":"fr-FR","potentialAction":[{"@type":"ReadAction","target":["https:\/\/aumarche.biz\/bf\/index.php\/produit\/imprimante-tout-en-un-grand-format-hp-officejet-pro-7740\/"]}]},{"@type":"ImageObject","inLanguage":"fr-FR","@id":"https:\/\/aumarche.biz\/bf\/index.php\/produit\/imprimante-tout-en-un-grand-format-hp-officejet-pro-7740\/#primaryimage","url":"https:\/\/aumarche.biz\/bf\/wp-content\/uploads\/2023\/10\/hp-officejet-pro-7740-all-in-one-imprimante-multifonctions-couleur-jet-d-encre-a3.jpg","contentUrl":"https:\/\/aumarche.biz\/bf\/wp-content\/uploads\/2023\/10\/hp-officejet-pro-7740-all-in-one-imprimante-multifonctions-couleur-jet-d-encre-a3.jpg","width":800,"height":800},{"@type":"BreadcrumbList","@id":"https:\/\/aumarche.biz\/bf\/index.php\/produit\/imprimante-tout-en-un-grand-format-hp-officejet-pro-7740\/#breadcrumb","itemListElement":[{"@type":"ListItem","position":1,"name":"Accueil","item":"https:\/\/aumarche.biz\/bf\/"},{"@type":"ListItem","position":2,"name":"Boutique","item":"https:\/\/aumarche.biz\/bf\/index.php\/boutique\/"},{"@type":"ListItem","position":3,"name":"Imprimante Tout-en-un Grand Format HP OfficeJet Pro 7740"}]},{"@type":"WebSite","@id":"https:\/\/aumarche.biz\/bf\/#website","url":"https:\/\/aumarche.biz\/bf\/","name":"aumarche.biz","description":"Vendre et acheter autrement","publisher":{"@id":"https:\/\/aumarche.biz\/bf\/#organization"},"potentialAction":[{"@type":"SearchAction","target":{"@type":"EntryPoint","urlTemplate":"https:\/\/aumarche.biz\/bf\/?s={search_term_string}"},"query-input":{"@type":"PropertyValueSpecification","valueRequired":true,"valueName":"search_term_string"}}],"inLanguage":"fr-FR"},{"@type":"Organization","@id":"https:\/\/aumarche.biz\/bf\/#organization","name":"aumarche.biz","url":"https:\/\/aumarche.biz\/bf\/","logo":{"@type":"ImageObject","inLanguage":"fr-FR","@id":"https:\/\/aumarche.biz\/bf\/#\/schema\/logo\/image\/","url":"https:\/\/aumarche.biz\/bf\/wp-content\/uploads\/2023\/09\/favicone.png","contentUrl":"https:\/\/aumarche.biz\/bf\/wp-content\/uploads\/2023\/09\/favicone.png","width":64,"height":64,"caption":"aumarche.biz"},"image":{"@id":"https:\/\/aumarche.biz\/bf\/#\/schema\/logo\/image\/"},"sameAs":["https:\/\/www.facebook.com\/aumarchebf"]}]}},"_links":{"self":[{"href":"https:\/\/aumarche.biz\/bf\/index.php\/wp-json\/wp\/v2\/product\/5219","targetHints":{"allow":["GET"]}}],"collection":[{"href":"https:\/\/aumarche.biz\/bf\/index.php\/wp-json\/wp\/v2\/product"}],"about":[{"href":"https:\/\/aumarche.biz\/bf\/index.php\/wp-json\/wp\/v2\/types\/product"}],"wp:featuredmedia":[{"embeddable":true,"href":"https:\/\/aumarche.biz\/bf\/index.php\/wp-json\/wp\/v2\/media\/5216"}],"wp:attachment":[{"href":"https:\/\/aumarche.biz\/bf\/index.php\/wp-json\/wp\/v2\/media?parent=5219"}],"wp:term":[{"taxonomy":"product_cat","embeddable":true,"href":"https:\/\/aumarche.biz\/bf\/index.php\/wp-json\/wp\/v2\/product_cat?post=5219"},{"taxonomy":"product_tag","embeddable":true,"href":"https:\/\/aumarche.biz\/bf\/index.php\/wp-json\/wp\/v2\/product_tag?post=5219"}],"curies":[{"name":"wp","href":"https:\/\/api.w.org\/{rel}","templated":true}]}}