{"id":5224,"date":"2023-10-19T15:17:14","date_gmt":"2023-10-19T15:17:14","guid":{"rendered":"https:\/\/aumarche.biz\/bf\/index.php\/produit\/apc-multiprise-parafoudre\/"},"modified":"2023-10-19T15:17:14","modified_gmt":"2023-10-19T15:17:14","slug":"apc-multiprise-parafoudre","status":"publish","type":"product","link":"https:\/\/aumarche.biz\/bf\/index.php\/produit\/apc-multiprise-parafoudre\/","title":{"rendered":"APC Multiprise Parafoudre"},"content":{"rendered":"<div class=\"titre-tableau\" style=\"font-weight: 700;padding: 5px 5px 5px 30px;font-family: Arial, Helvetica, sans-serif\">PRINCIPALES CARACT\u00c9RISTIQUES<\/div>\n<div class=\"spec\" style=\"font-family: Arial, Helvetica, sans-serif;font-size: 15px\">\n<div class=\"spec_spec\" style=\"width: 325.25px;padding: 3px 10px\">Description du produit<\/div>\n<div class=\"spec_text\" style=\"width: 748.078px;margin-left: -0.25em;padding: 3px 10px\">APC SurgeArrest Essential &#8211; protection contre les surtensions &#8211; 2300 Watt<\/div>\n<\/div>\n<div class=\"spec\" style=\"font-family: Arial, Helvetica, sans-serif;font-size: 15px\">\n<div class=\"spec_spec\" style=\"width: 325.25px;padding: 3px 10px\">Type de p\u00e9riph\u00e9rique<\/div>\n<div class=\"spec_text\" style=\"width: 748.078px;margin-left: -0.25em;padding: 3px 10px\">Protection contre les surtensions &#8211; externe<\/div>\n<\/div>\n<div class=\"spec\" style=\"font-family: Arial, Helvetica, sans-serif;font-size: 15px\">\n<div class=\"spec_spec\" style=\"width: 325.25px;padding: 3px 10px\">Tension d&rsquo;entr\u00e9e<\/div>\n<div class=\"spec_text\" style=\"width: 748.078px;margin-left: -0.25em;padding: 3px 10px\">CA 230 V<\/div>\n<\/div>\n<div class=\"spec\" style=\"font-family: Arial, Helvetica, sans-serif;font-size: 15px\">\n<div class=\"spec_spec\" style=\"width: 325.25px;padding: 3px 10px\">Capacit\u00e9 d&rsquo;alimentation<\/div>\n<div class=\"spec_text\" style=\"width: 748.078px;margin-left: -0.25em;padding: 3px 10px\">2300 Watt<\/div>\n<\/div>\n<div class=\"spec\" style=\"font-family: Arial, Helvetica, sans-serif;font-size: 15px\">\n<div class=\"spec_spec\" style=\"width: 325.25px;padding: 3px 10px\">Connecteurs d&rsquo;entr\u00e9e<\/div>\n<div class=\"spec_text\" style=\"width: 748.078px;margin-left: -0.25em;padding: 3px 10px\">1<\/div>\n<\/div>\n<div class=\"spec\" style=\"font-family: Arial, Helvetica, sans-serif;font-size: 15px\">\n<div class=\"spec_spec\" style=\"width: 325.25px;padding: 3px 10px\">Connecteurs de sortie<\/div>\n<div class=\"spec_text\" style=\"width: 748.078px;margin-left: -0.25em;padding: 3px 10px\">5 x alimentation<\/div>\n<\/div>\n<div class=\"spec\" style=\"font-family: Arial, Helvetica, sans-serif;font-size: 15px\">\n<div class=\"spec_spec\" style=\"width: 325.25px;padding: 3px 10px\">Couleur<\/div>\n<div class=\"spec_text\" style=\"width: 748.078px;margin-left: -0.25em;padding: 3px 10px\">Blanc<\/div>\n<\/div>\n<div class=\"spec\" style=\"font-family: Arial, Helvetica, sans-serif;font-size: 15px\">\n<div class=\"spec_spec\" style=\"width: 325.25px;padding: 3px 10px\">Dimensions (LxPxH)<\/div>\n<div class=\"spec_text\" style=\"width: 748.078px;margin-left: -0.25em;padding: 3px 10px\">37 cm x 7.3 cm x 5.<\/div>\n<\/div>\n","protected":false},"excerpt":{"rendered":"<p><span>APC multiprise parafoudreMeilleur qualit\u00e9 sup\u00e9rieur que tous le monde utilise actuellement pour s\u00e9curiser les appareils contre le toner<\/span><br data-mce-bogus=\"1\"><\/p>\n","protected":false},"featured_media":5222,"template":"","meta":[],"product_cat":[265,264],"product_tag":[],"class_list":{"0":"post-5224","1":"product","2":"type-product","3":"status-publish","4":"has-post-thumbnail","6":"product_brand-autres-marques","7":"product_cat-electronique","8":"product_cat-high-tech","10":"first","11":"instock","12":"taxable","13":"shipping-taxable","14":"purchasable","15":"product-type-simple","16":"col-xs-6 col-sm-4","17":"col-md-3 col-lg-3","18":"un-4-cols"},"yoast_head":"<!-- This site is optimized with the Yoast SEO plugin v26.9 - https:\/\/yoast.com\/product\/yoast-seo-wordpress\/ -->\n<title>APC Multiprise Parafoudre - AU MARCHE BURKINA<\/title>\n<meta name=\"robots\" content=\"noindex, follow, max-snippet:-1, max-image-preview:large, max-video-preview:-1\" \/>\n<meta property=\"og:locale\" content=\"fr_FR\" \/>\n<meta property=\"og:type\" content=\"article\" \/>\n<meta property=\"og:title\" content=\"APC Multiprise Parafoudre - AU MARCHE BURKINA\" \/>\n<meta property=\"og:description\" content=\"APC multiprise parafoudreMeilleur qualit\u00e9 sup\u00e9rieur que tous le monde utilise actuellement pour s\u00e9curiser les appareils contre le toner\" \/>\n<meta property=\"og:url\" content=\"https:\/\/aumarche.biz\/bf\/index.php\/produit\/apc-multiprise-parafoudre\/\" \/>\n<meta property=\"og:site_name\" content=\"AU MARCHE BURKINA\" \/>\n<meta property=\"article:publisher\" content=\"https:\/\/www.facebook.com\/aumarchebf\" \/>\n<meta property=\"og:image\" content=\"https:\/\/aumarche.biz\/bf\/wp-content\/uploads\/2023\/10\/1-1.jpg\" \/>\n\t<meta property=\"og:image:width\" content=\"680\" \/>\n\t<meta property=\"og:image:height\" content=\"680\" \/>\n\t<meta property=\"og:image:type\" content=\"image\/jpeg\" \/>\n<meta name=\"twitter:card\" content=\"summary_large_image\" \/>\n<script type=\"application\/ld+json\" class=\"yoast-schema-graph\">{\"@context\":\"https:\/\/schema.org\",\"@graph\":[{\"@type\":\"WebPage\",\"@id\":\"https:\/\/aumarche.biz\/bf\/index.php\/produit\/apc-multiprise-parafoudre\/\",\"url\":\"https:\/\/aumarche.biz\/bf\/index.php\/produit\/apc-multiprise-parafoudre\/\",\"name\":\"APC Multiprise Parafoudre - AU MARCHE BURKINA\",\"isPartOf\":{\"@id\":\"https:\/\/aumarche.biz\/bf\/#website\"},\"primaryImageOfPage\":{\"@id\":\"https:\/\/aumarche.biz\/bf\/index.php\/produit\/apc-multiprise-parafoudre\/#primaryimage\"},\"image\":{\"@id\":\"https:\/\/aumarche.biz\/bf\/index.php\/produit\/apc-multiprise-parafoudre\/#primaryimage\"},\"thumbnailUrl\":\"https:\/\/aumarche.biz\/bf\/wp-content\/uploads\/2023\/10\/1-1.jpg\",\"datePublished\":\"2023-10-19T15:17:14+00:00\",\"breadcrumb\":{\"@id\":\"https:\/\/aumarche.biz\/bf\/index.php\/produit\/apc-multiprise-parafoudre\/#breadcrumb\"},\"inLanguage\":\"fr-FR\",\"potentialAction\":[{\"@type\":\"ReadAction\",\"target\":[\"https:\/\/aumarche.biz\/bf\/index.php\/produit\/apc-multiprise-parafoudre\/\"]}]},{\"@type\":\"ImageObject\",\"inLanguage\":\"fr-FR\",\"@id\":\"https:\/\/aumarche.biz\/bf\/index.php\/produit\/apc-multiprise-parafoudre\/#primaryimage\",\"url\":\"https:\/\/aumarche.biz\/bf\/wp-content\/uploads\/2023\/10\/1-1.jpg\",\"contentUrl\":\"https:\/\/aumarche.biz\/bf\/wp-content\/uploads\/2023\/10\/1-1.jpg\",\"width\":680,\"height\":680},{\"@type\":\"BreadcrumbList\",\"@id\":\"https:\/\/aumarche.biz\/bf\/index.php\/produit\/apc-multiprise-parafoudre\/#breadcrumb\",\"itemListElement\":[{\"@type\":\"ListItem\",\"position\":1,\"name\":\"Accueil\",\"item\":\"https:\/\/aumarche.biz\/bf\/\"},{\"@type\":\"ListItem\",\"position\":2,\"name\":\"Boutique\",\"item\":\"https:\/\/aumarche.biz\/bf\/index.php\/boutique\/\"},{\"@type\":\"ListItem\",\"position\":3,\"name\":\"APC Multiprise Parafoudre\"}]},{\"@type\":\"WebSite\",\"@id\":\"https:\/\/aumarche.biz\/bf\/#website\",\"url\":\"https:\/\/aumarche.biz\/bf\/\",\"name\":\"aumarche.biz\",\"description\":\"Vendre et acheter autrement\",\"publisher\":{\"@id\":\"https:\/\/aumarche.biz\/bf\/#organization\"},\"potentialAction\":[{\"@type\":\"SearchAction\",\"target\":{\"@type\":\"EntryPoint\",\"urlTemplate\":\"https:\/\/aumarche.biz\/bf\/?s={search_term_string}\"},\"query-input\":{\"@type\":\"PropertyValueSpecification\",\"valueRequired\":true,\"valueName\":\"search_term_string\"}}],\"inLanguage\":\"fr-FR\"},{\"@type\":\"Organization\",\"@id\":\"https:\/\/aumarche.biz\/bf\/#organization\",\"name\":\"aumarche.biz\",\"url\":\"https:\/\/aumarche.biz\/bf\/\",\"logo\":{\"@type\":\"ImageObject\",\"inLanguage\":\"fr-FR\",\"@id\":\"https:\/\/aumarche.biz\/bf\/#\/schema\/logo\/image\/\",\"url\":\"https:\/\/aumarche.biz\/bf\/wp-content\/uploads\/2023\/09\/favicone.png\",\"contentUrl\":\"https:\/\/aumarche.biz\/bf\/wp-content\/uploads\/2023\/09\/favicone.png\",\"width\":64,\"height\":64,\"caption\":\"aumarche.biz\"},\"image\":{\"@id\":\"https:\/\/aumarche.biz\/bf\/#\/schema\/logo\/image\/\"},\"sameAs\":[\"https:\/\/www.facebook.com\/aumarchebf\"]}]}<\/script>\n<!-- \/ Yoast SEO plugin. -->","yoast_head_json":{"title":"APC Multiprise Parafoudre - AU MARCHE BURKINA","robots":{"index":"noindex","follow":"follow","max-snippet":"max-snippet:-1","max-image-preview":"max-image-preview:large","max-video-preview":"max-video-preview:-1"},"og_locale":"fr_FR","og_type":"article","og_title":"APC Multiprise Parafoudre - AU MARCHE BURKINA","og_description":"APC multiprise parafoudreMeilleur qualit\u00e9 sup\u00e9rieur que tous le monde utilise actuellement pour s\u00e9curiser les appareils contre le toner","og_url":"https:\/\/aumarche.biz\/bf\/index.php\/produit\/apc-multiprise-parafoudre\/","og_site_name":"AU MARCHE BURKINA","article_publisher":"https:\/\/www.facebook.com\/aumarchebf","og_image":[{"width":680,"height":680,"url":"https:\/\/aumarche.biz\/bf\/wp-content\/uploads\/2023\/10\/1-1.jpg","type":"image\/jpeg"}],"twitter_card":"summary_large_image","schema":{"@context":"https:\/\/schema.org","@graph":[{"@type":"WebPage","@id":"https:\/\/aumarche.biz\/bf\/index.php\/produit\/apc-multiprise-parafoudre\/","url":"https:\/\/aumarche.biz\/bf\/index.php\/produit\/apc-multiprise-parafoudre\/","name":"APC Multiprise Parafoudre - AU MARCHE BURKINA","isPartOf":{"@id":"https:\/\/aumarche.biz\/bf\/#website"},"primaryImageOfPage":{"@id":"https:\/\/aumarche.biz\/bf\/index.php\/produit\/apc-multiprise-parafoudre\/#primaryimage"},"image":{"@id":"https:\/\/aumarche.biz\/bf\/index.php\/produit\/apc-multiprise-parafoudre\/#primaryimage"},"thumbnailUrl":"https:\/\/aumarche.biz\/bf\/wp-content\/uploads\/2023\/10\/1-1.jpg","datePublished":"2023-10-19T15:17:14+00:00","breadcrumb":{"@id":"https:\/\/aumarche.biz\/bf\/index.php\/produit\/apc-multiprise-parafoudre\/#breadcrumb"},"inLanguage":"fr-FR","potentialAction":[{"@type":"ReadAction","target":["https:\/\/aumarche.biz\/bf\/index.php\/produit\/apc-multiprise-parafoudre\/"]}]},{"@type":"ImageObject","inLanguage":"fr-FR","@id":"https:\/\/aumarche.biz\/bf\/index.php\/produit\/apc-multiprise-parafoudre\/#primaryimage","url":"https:\/\/aumarche.biz\/bf\/wp-content\/uploads\/2023\/10\/1-1.jpg","contentUrl":"https:\/\/aumarche.biz\/bf\/wp-content\/uploads\/2023\/10\/1-1.jpg","width":680,"height":680},{"@type":"BreadcrumbList","@id":"https:\/\/aumarche.biz\/bf\/index.php\/produit\/apc-multiprise-parafoudre\/#breadcrumb","itemListElement":[{"@type":"ListItem","position":1,"name":"Accueil","item":"https:\/\/aumarche.biz\/bf\/"},{"@type":"ListItem","position":2,"name":"Boutique","item":"https:\/\/aumarche.biz\/bf\/index.php\/boutique\/"},{"@type":"ListItem","position":3,"name":"APC Multiprise Parafoudre"}]},{"@type":"WebSite","@id":"https:\/\/aumarche.biz\/bf\/#website","url":"https:\/\/aumarche.biz\/bf\/","name":"aumarche.biz","description":"Vendre et acheter autrement","publisher":{"@id":"https:\/\/aumarche.biz\/bf\/#organization"},"potentialAction":[{"@type":"SearchAction","target":{"@type":"EntryPoint","urlTemplate":"https:\/\/aumarche.biz\/bf\/?s={search_term_string}"},"query-input":{"@type":"PropertyValueSpecification","valueRequired":true,"valueName":"search_term_string"}}],"inLanguage":"fr-FR"},{"@type":"Organization","@id":"https:\/\/aumarche.biz\/bf\/#organization","name":"aumarche.biz","url":"https:\/\/aumarche.biz\/bf\/","logo":{"@type":"ImageObject","inLanguage":"fr-FR","@id":"https:\/\/aumarche.biz\/bf\/#\/schema\/logo\/image\/","url":"https:\/\/aumarche.biz\/bf\/wp-content\/uploads\/2023\/09\/favicone.png","contentUrl":"https:\/\/aumarche.biz\/bf\/wp-content\/uploads\/2023\/09\/favicone.png","width":64,"height":64,"caption":"aumarche.biz"},"image":{"@id":"https:\/\/aumarche.biz\/bf\/#\/schema\/logo\/image\/"},"sameAs":["https:\/\/www.facebook.com\/aumarchebf"]}]}},"_links":{"self":[{"href":"https:\/\/aumarche.biz\/bf\/index.php\/wp-json\/wp\/v2\/product\/5224","targetHints":{"allow":["GET"]}}],"collection":[{"href":"https:\/\/aumarche.biz\/bf\/index.php\/wp-json\/wp\/v2\/product"}],"about":[{"href":"https:\/\/aumarche.biz\/bf\/index.php\/wp-json\/wp\/v2\/types\/product"}],"wp:featuredmedia":[{"embeddable":true,"href":"https:\/\/aumarche.biz\/bf\/index.php\/wp-json\/wp\/v2\/media\/5222"}],"wp:attachment":[{"href":"https:\/\/aumarche.biz\/bf\/index.php\/wp-json\/wp\/v2\/media?parent=5224"}],"wp:term":[{"taxonomy":"product_cat","embeddable":true,"href":"https:\/\/aumarche.biz\/bf\/index.php\/wp-json\/wp\/v2\/product_cat?post=5224"},{"taxonomy":"product_tag","embeddable":true,"href":"https:\/\/aumarche.biz\/bf\/index.php\/wp-json\/wp\/v2\/product_tag?post=5224"}],"curies":[{"name":"wp","href":"https:\/\/api.w.org\/{rel}","templated":true}]}}