{"id":5228,"date":"2023-10-19T15:26:27","date_gmt":"2023-10-19T15:26:27","guid":{"rendered":"https:\/\/aumarche.biz\/bf\/index.php\/produit\/toshiba-canvio-basics-disque-dur-1-to-externe-portable\/"},"modified":"2023-10-19T15:26:28","modified_gmt":"2023-10-19T15:26:28","slug":"toshiba-canvio-basics-disque-dur-1-to-externe-portable","status":"publish","type":"product","link":"https:\/\/aumarche.biz\/bf\/index.php\/produit\/toshiba-canvio-basics-disque-dur-1-to-externe-portable\/","title":{"rendered":"Toshiba Canvio Basics &#8211; Disque dur &#8211; 1 To &#8211; externe (portable)"},"content":{"rendered":"<div class=\"f-productProperties__col\" style=\"flex: 1 1 0%;margin-bottom: 0px;font-family: Roboto, Arial, Helvetica, Tahoma, sans-serif;font-size: 12px\">\n<dl class=\"f-productProperties__item\" style=\"margin: 0px;align-items: flex-start;flex-direction: row;font-size: 15px;padding: 10px 16px\">\n<dt class=\"f-productProperties__term\" style=\"line-height: 1.3;flex: 0 0 50%\">Type de disque dur<\/dt>\n<dd class=\"f-productProperties__definition\" style=\"line-height: 1.42857;margin-left: 0px;flex: 0 0 50%\">\n<p style=\"margin: 0px !important;background: 0px center !important;color: inherit !important;font: inherit !important;padding: 0px !important;text-align: inherit !important\">Disque Dur Externe<\/p>\n<\/dd>\n<\/dl>\n<dl class=\"f-productProperties__item\" style=\"margin: 0px;align-items: flex-start;flex-direction: row;font-size: 15px;padding: 10px 16px\">\n<dt class=\"f-productProperties__term\" style=\"line-height: 1.3;flex: 0 0 50%\">Technologie de disque dur<\/dt>\n<dd class=\"f-productProperties__definition\" style=\"line-height: 1.42857;margin-left: 0px;flex: 0 0 50%\">\n<p style=\"margin: 0px !important;background: 0px center !important;color: inherit !important;font: inherit !important;padding: 0px !important;text-align: inherit !important\">Disque Dur (HDD)<\/p>\n<\/dd>\n<\/dl>\n<dl class=\"f-productProperties__item\" style=\"margin: 0px;align-items: flex-start;flex-direction: row;font-size: 15px;padding: 10px 16px\">\n<dt class=\"f-productProperties__term\" style=\"line-height: 1.3;flex: 0 0 50%\">Capacit\u00e9 de stockage (Go)<\/dt>\n<dd class=\"f-productProperties__definition\" style=\"line-height: 1.42857;margin-left: 0px;flex: 0 0 50%\">\n<p style=\"margin: 0px !important;background: 0px center !important;color: inherit !important;font: inherit !important;padding: 0px !important;text-align: inherit !important\">1000 Go<\/p>\n<\/dd>\n<\/dl>\n<dl class=\"f-productProperties__item\" style=\"margin: 0px;align-items: flex-start;flex-direction: row;font-size: 15px;padding: 10px 16px\">\n<dt class=\"f-productProperties__term\" style=\"line-height: 1.3;flex: 0 0 50%\">Format de disque dur<\/dt>\n<dd class=\"f-productProperties__definition\" style=\"line-height: 1.42857;margin-left: 0px;flex: 0 0 50%\">\n<p style=\"margin: 0px !important;background: 0px center !important;color: inherit !important;font: inherit !important;padding: 0px !important;text-align: inherit !important\">2.5 pouces<\/p>\n<\/dd>\n<\/dl>\n<dl class=\"f-productProperties__item\" style=\"margin: 0px;align-items: flex-start;flex-direction: row;font-size: 15px;padding: 10px 16px\">\n<dt class=\"f-productProperties__term\" style=\"line-height: 1.3;flex: 0 0 50%\">Taux de transfert de donn\u00e9es maximum<\/dt>\n<dd class=\"f-productProperties__definition\" style=\"line-height: 1.42857;margin-left: 0px;flex: 0 0 50%\">\n<p style=\"margin: 0px !important;background: 0px center !important;color: inherit !important;font: inherit !important;padding: 0px !important;text-align: inherit !important\">5.0 Gbit\/s<\/p>\n<\/dd>\n<\/dl>\n<dl class=\"f-productProperties__item\" style=\"margin: 0px;align-items: flex-start;flex-direction: row;font-size: 15px;padding: 10px 16px\">\n<dt class=\"f-productProperties__term\" style=\"line-height: 1.3;flex: 0 0 50%\">Type d&rsquo;interface<\/dt>\n<dd class=\"f-productProperties__definition\" style=\"line-height: 1.42857;margin-left: 0px;flex: 0 0 50%\">\n<p style=\"margin: 0px !important;background: 0px center !important;color: inherit !important;font: inherit !important;padding: 0px !important;text-align: inherit !important\">USB 3.0<\/p>\n<\/dd>\n<\/dl>\n<dl class=\"f-productProperties__item\" style=\"margin: 0px;align-items: flex-start;flex-direction: row;font-size: 15px;padding: 10px 16px\">\n<dt class=\"f-productProperties__term\" style=\"line-height: 1.3;flex: 0 0 50%\">Couleur<\/dt>\n<dd class=\"f-productProperties__definition\" style=\"line-height: 1.42857;margin-left: 0px;flex: 0 0 50%\">\n<p style=\"margin: 0px !important;background: 0px center !important;color: inherit !important;font: inherit !important;padding: 0px !important;text-align: inherit !important\">Noir<\/p>\n<\/dd>\n<\/dl>\n<dl class=\"f-productProperties__item\" style=\"margin: 0px;align-items: flex-start;flex-direction: row;font-size: 15px;padding: 10px 16px\">\n<dt class=\"f-productProperties__term\" style=\"line-height: 1.3;flex: 0 0 50%\">Caract\u00e9ristiques compl\u00e9mentaires<\/dt>\n<dd class=\"f-productProperties__definition\" style=\"line-height: 1.42857;margin-left: 0px;flex: 0 0 50%\">\n<p style=\"margin: 0px !important;background: 0px center !important;color: inherit !important;font: inherit !important;padding: 0px !important;text-align: inherit !important\">Plateforme: Mac, Plateforme: PC<\/p>\n<\/dd>\n<\/dl>\n<dl class=\"f-productProperties__item\" style=\"margin: 0px;align-items: flex-start;flex-direction: row;font-size: 15px;padding: 10px 16px\">\n<dt class=\"f-productProperties__term\" style=\"line-height: 1.3;flex: 0 0 50%\">R\u00e9f\u00e9rence<\/dt>\n<dd class=\"f-productProperties__definition\" style=\"line-height: 1.42857;margin-left: 0px;flex: 0 0 50%\">\n<p style=\"margin: 0px !important;background: 0px center !important;color: inherit !important;font: inherit !important;padding: 0px !important;text-align: inherit !important\">TOSHIBA CANVIO 1 To<\/p>\n<\/dd>\n<\/dl>\n<\/div>\n<div class=\"f-productProperties__col\" style=\"flex: 1 1 0%;margin-bottom: 0px;margin-left: 30px;padding-left: 29px;font-family: Roboto, Arial, Helvetica, Tahoma, sans-serif;font-size: 12px\">\n<dl class=\"f-productProperties__item\" style=\"margin: 0px;align-items: flex-start;flex-direction: row;font-size: 15px;padding: 10px 16px\">\n<dt class=\"f-productProperties__term\" style=\"line-height: 1.3;flex: 0 0 50%\">Disponibilit\u00e9 des pi\u00e8ces d\u00e9tach\u00e9es<\/dt>\n<dd class=\"f-productProperties__definition\" style=\"line-height: 1.42857;margin-left: 0px;flex: 0 0 50%\">\n<p style=\"margin: 0px !important;background: 0px center !important;color: inherit !important;font: inherit !important;padding: 0px !important;text-align: inherit !important\">NON COMMUN<\/p>\n<\/dd>\n<\/dl>\n<dl class=\"f-productProperties__item\" style=\"margin: 0px;align-items: flex-start;flex-direction: row;font-size: 15px;padding: 10px 16px\">\n<dt class=\"f-productProperties__term\" style=\"line-height: 1.3;flex: 0 0 50%\">Longueur du produit<\/dt>\n<dd class=\"f-productProperties__definition\" style=\"line-height: 1.42857;margin-left: 0px;flex: 0 0 50%\">\n<p style=\"margin: 0px !important;background: 0px center !important;color: inherit !important;font: inherit !important;padding: 0px !important;text-align: inherit !important\">11,9 cm<\/p>\n<\/dd>\n<\/dl>\n<dl class=\"f-productProperties__item\" style=\"margin: 0px;align-items: flex-start;flex-direction: row;font-size: 15px;padding: 10px 16px\">\n<dt class=\"f-productProperties__term\" style=\"line-height: 1.3;flex: 0 0 50%\">Largeur du produit<\/dt>\n<dd class=\"f-productProperties__definition\" style=\"line-height: 1.42857;margin-left: 0px;flex: 0 0 50%\">\n<p style=\"margin: 0px !important;background: 0px center !important;color: inherit !important;font: inherit !important;padding: 0px !important;text-align: inherit !important\">7 mm<\/p>\n<\/dd>\n<\/dl>\n<dl class=\"f-productProperties__item\" style=\"margin: 0px;align-items: flex-start;flex-direction: row;font-size: 15px;padding: 10px 16px\">\n<dt class=\"f-productProperties__term\" style=\"line-height: 1.3;flex: 0 0 50%\">Profondeur<\/dt>\n<dd class=\"f-productProperties__definition\" style=\"line-height: 1.42857;margin-left: 0px;flex: 0 0 50%\">\n<p style=\"margin: 0px !important;background: 0px center !important;color: inherit !important;font: inherit !important;padding: 0px !important;text-align: inherit !important\">109 mm<\/p>\n<\/dd>\n<\/dl>\n<dl class=\"f-productProperties__item\" style=\"margin: 0px;align-items: flex-start;flex-direction: row;font-size: 15px;padding: 10px 16px\">\n<dt class=\"f-productProperties__term\" style=\"line-height: 1.3;flex: 0 0 50%\">Hauteur du produit<\/dt>\n<dd class=\"f-productProperties__definition\" style=\"line-height: 1.42857;margin-left: 0px;flex: 0 0 50%\">\n<p style=\"margin: 0px !important;background: 0px center !important;color: inherit !important;font: inherit !important;padding: 0px !important;text-align: inherit !important\">0,2 mm<\/p>\n<\/dd>\n<\/dl>\n<dl class=\"f-productProperties__item\" style=\"margin: 0px;align-items: flex-start;flex-direction: row;font-size: 15px;padding: 10px 16px\"><\/dl>\n<dl class=\"f-productProperties__item\" style=\"margin: 0px;align-items: flex-start;flex-direction: row;font-size: 15px;padding: 10px 16px\">\n<dd class=\"f-productProperties__definition\" style=\"line-height: 1.42857;margin-left: 0px;flex: 0 0 50%\">\n<p style=\"margin: 0px !important;background: 0px center !important;color: inherit !important;font: inherit !important;padding: 0px !important;text-align: inherit !important\"><br data-mce-bogus=\"1\"><\/p>\n<\/dd>\n<\/dl>\n<\/div>\n","protected":false},"excerpt":{"rendered":"<p><p class=\"MsoNormal\">Transf\u00e9rez vos fichiers \u00e0 une vitesse fulgurante gr\u00e2ce au<br \/>\nport USB 3.0 \u00e0 haute vitesse et stockez jusqu&rsquo;\u00e0 3 To de donn\u00e9es sur les disques<br \/>\ndurs externes Canvio Basics. Ces dispositifs sont pr\u00eats \u00e0 \u00eatre utilis\u00e9s avec<br \/>\nMicrosoft Windows, sans n\u00e9cessiter l&rsquo;installation d&rsquo;un quelconque logiciel. Le<br \/>\nstockage de l&rsquo;ensemble de vos fichiers pr\u00e9f\u00e9r\u00e9s n&rsquo;a jamais \u00e9t\u00e9 aussi simple.<br \/>\nQue vous soyez au bureau ou en d\u00e9placement, leur conception intemporelle avec<br \/>\nune finition mate conserve toujours son \u00e9l\u00e9gance. De plus, gr\u00e2ce \u00e0 leur<br \/>\ncompatibilit\u00e9 avec l&rsquo;USB 2.0, ces disques durs vous permettent de vous<br \/>\nconnecter \u00e0 d&rsquo;anciens appareils sans probl\u00e8me.<\/p>\n<p><br data-mce-bogus=\"1\"><\/p>\n","protected":false},"featured_media":5225,"template":"","meta":[],"product_cat":[265,264],"product_tag":[],"class_list":{"0":"post-5228","1":"product","2":"type-product","3":"status-publish","4":"has-post-thumbnail","6":"product_brand-autres-marques","7":"product_cat-electronique","8":"product_cat-high-tech","10":"first","11":"instock","12":"taxable","13":"shipping-taxable","14":"purchasable","15":"product-type-simple","16":"col-xs-6 col-sm-4","17":"col-md-3 col-lg-3","18":"un-4-cols"},"yoast_head":"<!-- This site is optimized with the Yoast SEO plugin v26.9 - https:\/\/yoast.com\/product\/yoast-seo-wordpress\/ -->\n<title>Toshiba Canvio Basics - Disque dur - 1 To - externe (portable) - AU MARCHE BURKINA<\/title>\n<meta name=\"robots\" content=\"noindex, follow, max-snippet:-1, max-image-preview:large, max-video-preview:-1\" \/>\n<meta property=\"og:locale\" content=\"fr_FR\" \/>\n<meta property=\"og:type\" content=\"article\" \/>\n<meta property=\"og:title\" content=\"Toshiba Canvio Basics - Disque dur - 1 To - externe (portable) - AU MARCHE BURKINA\" \/>\n<meta property=\"og:description\" content=\"Transf\u00e9rez vos fichiers \u00e0 une vitesse fulgurante gr\u00e2ce au port USB 3.0 \u00e0 haute vitesse et stockez jusqu&#039;\u00e0 3 To de donn\u00e9es sur les disques durs externes Canvio Basics. Ces dispositifs sont pr\u00eats \u00e0 \u00eatre utilis\u00e9s avec Microsoft Windows, sans n\u00e9cessiter l&#039;installation d&#039;un quelconque logiciel. Le stockage de l&#039;ensemble de vos fichiers pr\u00e9f\u00e9r\u00e9s n&#039;a jamais \u00e9t\u00e9 aussi simple. Que vous soyez au bureau ou en d\u00e9placement, leur conception intemporelle avec une finition mate conserve toujours son \u00e9l\u00e9gance. De plus, gr\u00e2ce \u00e0 leur compatibilit\u00e9 avec l&#039;USB 2.0, ces disques durs vous permettent de vous connecter \u00e0 d&#039;anciens appareils sans probl\u00e8me.\" \/>\n<meta property=\"og:url\" content=\"https:\/\/aumarche.biz\/bf\/index.php\/produit\/toshiba-canvio-basics-disque-dur-1-to-externe-portable\/\" \/>\n<meta property=\"og:site_name\" content=\"AU MARCHE BURKINA\" \/>\n<meta property=\"article:publisher\" content=\"https:\/\/www.facebook.com\/aumarchebf\" \/>\n<meta property=\"article:modified_time\" content=\"2023-10-19T15:26:28+00:00\" \/>\n<meta property=\"og:image\" content=\"https:\/\/aumarche.biz\/bf\/wp-content\/uploads\/2023\/10\/disque-dur-externe-toshiba-canvio-basics-1-to-noir.jpg\" \/>\n\t<meta property=\"og:image:width\" content=\"800\" \/>\n\t<meta property=\"og:image:height\" content=\"800\" \/>\n\t<meta property=\"og:image:type\" content=\"image\/jpeg\" \/>\n<meta name=\"twitter:card\" content=\"summary_large_image\" \/>\n<script type=\"application\/ld+json\" class=\"yoast-schema-graph\">{\"@context\":\"https:\/\/schema.org\",\"@graph\":[{\"@type\":\"WebPage\",\"@id\":\"https:\/\/aumarche.biz\/bf\/index.php\/produit\/toshiba-canvio-basics-disque-dur-1-to-externe-portable\/\",\"url\":\"https:\/\/aumarche.biz\/bf\/index.php\/produit\/toshiba-canvio-basics-disque-dur-1-to-externe-portable\/\",\"name\":\"Toshiba Canvio Basics - Disque dur - 1 To - externe (portable) - AU MARCHE BURKINA\",\"isPartOf\":{\"@id\":\"https:\/\/aumarche.biz\/bf\/#website\"},\"primaryImageOfPage\":{\"@id\":\"https:\/\/aumarche.biz\/bf\/index.php\/produit\/toshiba-canvio-basics-disque-dur-1-to-externe-portable\/#primaryimage\"},\"image\":{\"@id\":\"https:\/\/aumarche.biz\/bf\/index.php\/produit\/toshiba-canvio-basics-disque-dur-1-to-externe-portable\/#primaryimage\"},\"thumbnailUrl\":\"https:\/\/aumarche.biz\/bf\/wp-content\/uploads\/2023\/10\/disque-dur-externe-toshiba-canvio-basics-1-to-noir.jpg\",\"datePublished\":\"2023-10-19T15:26:27+00:00\",\"dateModified\":\"2023-10-19T15:26:28+00:00\",\"breadcrumb\":{\"@id\":\"https:\/\/aumarche.biz\/bf\/index.php\/produit\/toshiba-canvio-basics-disque-dur-1-to-externe-portable\/#breadcrumb\"},\"inLanguage\":\"fr-FR\",\"potentialAction\":[{\"@type\":\"ReadAction\",\"target\":[\"https:\/\/aumarche.biz\/bf\/index.php\/produit\/toshiba-canvio-basics-disque-dur-1-to-externe-portable\/\"]}]},{\"@type\":\"ImageObject\",\"inLanguage\":\"fr-FR\",\"@id\":\"https:\/\/aumarche.biz\/bf\/index.php\/produit\/toshiba-canvio-basics-disque-dur-1-to-externe-portable\/#primaryimage\",\"url\":\"https:\/\/aumarche.biz\/bf\/wp-content\/uploads\/2023\/10\/disque-dur-externe-toshiba-canvio-basics-1-to-noir.jpg\",\"contentUrl\":\"https:\/\/aumarche.biz\/bf\/wp-content\/uploads\/2023\/10\/disque-dur-externe-toshiba-canvio-basics-1-to-noir.jpg\",\"width\":800,\"height\":800},{\"@type\":\"BreadcrumbList\",\"@id\":\"https:\/\/aumarche.biz\/bf\/index.php\/produit\/toshiba-canvio-basics-disque-dur-1-to-externe-portable\/#breadcrumb\",\"itemListElement\":[{\"@type\":\"ListItem\",\"position\":1,\"name\":\"Accueil\",\"item\":\"https:\/\/aumarche.biz\/bf\/\"},{\"@type\":\"ListItem\",\"position\":2,\"name\":\"Boutique\",\"item\":\"https:\/\/aumarche.biz\/bf\/index.php\/boutique\/\"},{\"@type\":\"ListItem\",\"position\":3,\"name\":\"Toshiba Canvio Basics &#8211; Disque dur &#8211; 1 To &#8211; externe (portable)\"}]},{\"@type\":\"WebSite\",\"@id\":\"https:\/\/aumarche.biz\/bf\/#website\",\"url\":\"https:\/\/aumarche.biz\/bf\/\",\"name\":\"aumarche.biz\",\"description\":\"Vendre et acheter autrement\",\"publisher\":{\"@id\":\"https:\/\/aumarche.biz\/bf\/#organization\"},\"potentialAction\":[{\"@type\":\"SearchAction\",\"target\":{\"@type\":\"EntryPoint\",\"urlTemplate\":\"https:\/\/aumarche.biz\/bf\/?s={search_term_string}\"},\"query-input\":{\"@type\":\"PropertyValueSpecification\",\"valueRequired\":true,\"valueName\":\"search_term_string\"}}],\"inLanguage\":\"fr-FR\"},{\"@type\":\"Organization\",\"@id\":\"https:\/\/aumarche.biz\/bf\/#organization\",\"name\":\"aumarche.biz\",\"url\":\"https:\/\/aumarche.biz\/bf\/\",\"logo\":{\"@type\":\"ImageObject\",\"inLanguage\":\"fr-FR\",\"@id\":\"https:\/\/aumarche.biz\/bf\/#\/schema\/logo\/image\/\",\"url\":\"https:\/\/aumarche.biz\/bf\/wp-content\/uploads\/2023\/09\/favicone.png\",\"contentUrl\":\"https:\/\/aumarche.biz\/bf\/wp-content\/uploads\/2023\/09\/favicone.png\",\"width\":64,\"height\":64,\"caption\":\"aumarche.biz\"},\"image\":{\"@id\":\"https:\/\/aumarche.biz\/bf\/#\/schema\/logo\/image\/\"},\"sameAs\":[\"https:\/\/www.facebook.com\/aumarchebf\"]}]}<\/script>\n<!-- \/ Yoast SEO plugin. -->","yoast_head_json":{"title":"Toshiba Canvio Basics - Disque dur - 1 To - externe (portable) - AU MARCHE BURKINA","robots":{"index":"noindex","follow":"follow","max-snippet":"max-snippet:-1","max-image-preview":"max-image-preview:large","max-video-preview":"max-video-preview:-1"},"og_locale":"fr_FR","og_type":"article","og_title":"Toshiba Canvio Basics - Disque dur - 1 To - externe (portable) - AU MARCHE BURKINA","og_description":"Transf\u00e9rez vos fichiers \u00e0 une vitesse fulgurante gr\u00e2ce au port USB 3.0 \u00e0 haute vitesse et stockez jusqu'\u00e0 3 To de donn\u00e9es sur les disques durs externes Canvio Basics. Ces dispositifs sont pr\u00eats \u00e0 \u00eatre utilis\u00e9s avec Microsoft Windows, sans n\u00e9cessiter l'installation d'un quelconque logiciel. Le stockage de l'ensemble de vos fichiers pr\u00e9f\u00e9r\u00e9s n'a jamais \u00e9t\u00e9 aussi simple. Que vous soyez au bureau ou en d\u00e9placement, leur conception intemporelle avec une finition mate conserve toujours son \u00e9l\u00e9gance. De plus, gr\u00e2ce \u00e0 leur compatibilit\u00e9 avec l'USB 2.0, ces disques durs vous permettent de vous connecter \u00e0 d'anciens appareils sans probl\u00e8me.","og_url":"https:\/\/aumarche.biz\/bf\/index.php\/produit\/toshiba-canvio-basics-disque-dur-1-to-externe-portable\/","og_site_name":"AU MARCHE BURKINA","article_publisher":"https:\/\/www.facebook.com\/aumarchebf","article_modified_time":"2023-10-19T15:26:28+00:00","og_image":[{"width":800,"height":800,"url":"https:\/\/aumarche.biz\/bf\/wp-content\/uploads\/2023\/10\/disque-dur-externe-toshiba-canvio-basics-1-to-noir.jpg","type":"image\/jpeg"}],"twitter_card":"summary_large_image","schema":{"@context":"https:\/\/schema.org","@graph":[{"@type":"WebPage","@id":"https:\/\/aumarche.biz\/bf\/index.php\/produit\/toshiba-canvio-basics-disque-dur-1-to-externe-portable\/","url":"https:\/\/aumarche.biz\/bf\/index.php\/produit\/toshiba-canvio-basics-disque-dur-1-to-externe-portable\/","name":"Toshiba Canvio Basics - Disque dur - 1 To - externe (portable) - AU MARCHE BURKINA","isPartOf":{"@id":"https:\/\/aumarche.biz\/bf\/#website"},"primaryImageOfPage":{"@id":"https:\/\/aumarche.biz\/bf\/index.php\/produit\/toshiba-canvio-basics-disque-dur-1-to-externe-portable\/#primaryimage"},"image":{"@id":"https:\/\/aumarche.biz\/bf\/index.php\/produit\/toshiba-canvio-basics-disque-dur-1-to-externe-portable\/#primaryimage"},"thumbnailUrl":"https:\/\/aumarche.biz\/bf\/wp-content\/uploads\/2023\/10\/disque-dur-externe-toshiba-canvio-basics-1-to-noir.jpg","datePublished":"2023-10-19T15:26:27+00:00","dateModified":"2023-10-19T15:26:28+00:00","breadcrumb":{"@id":"https:\/\/aumarche.biz\/bf\/index.php\/produit\/toshiba-canvio-basics-disque-dur-1-to-externe-portable\/#breadcrumb"},"inLanguage":"fr-FR","potentialAction":[{"@type":"ReadAction","target":["https:\/\/aumarche.biz\/bf\/index.php\/produit\/toshiba-canvio-basics-disque-dur-1-to-externe-portable\/"]}]},{"@type":"ImageObject","inLanguage":"fr-FR","@id":"https:\/\/aumarche.biz\/bf\/index.php\/produit\/toshiba-canvio-basics-disque-dur-1-to-externe-portable\/#primaryimage","url":"https:\/\/aumarche.biz\/bf\/wp-content\/uploads\/2023\/10\/disque-dur-externe-toshiba-canvio-basics-1-to-noir.jpg","contentUrl":"https:\/\/aumarche.biz\/bf\/wp-content\/uploads\/2023\/10\/disque-dur-externe-toshiba-canvio-basics-1-to-noir.jpg","width":800,"height":800},{"@type":"BreadcrumbList","@id":"https:\/\/aumarche.biz\/bf\/index.php\/produit\/toshiba-canvio-basics-disque-dur-1-to-externe-portable\/#breadcrumb","itemListElement":[{"@type":"ListItem","position":1,"name":"Accueil","item":"https:\/\/aumarche.biz\/bf\/"},{"@type":"ListItem","position":2,"name":"Boutique","item":"https:\/\/aumarche.biz\/bf\/index.php\/boutique\/"},{"@type":"ListItem","position":3,"name":"Toshiba Canvio Basics &#8211; Disque dur &#8211; 1 To &#8211; externe (portable)"}]},{"@type":"WebSite","@id":"https:\/\/aumarche.biz\/bf\/#website","url":"https:\/\/aumarche.biz\/bf\/","name":"aumarche.biz","description":"Vendre et acheter autrement","publisher":{"@id":"https:\/\/aumarche.biz\/bf\/#organization"},"potentialAction":[{"@type":"SearchAction","target":{"@type":"EntryPoint","urlTemplate":"https:\/\/aumarche.biz\/bf\/?s={search_term_string}"},"query-input":{"@type":"PropertyValueSpecification","valueRequired":true,"valueName":"search_term_string"}}],"inLanguage":"fr-FR"},{"@type":"Organization","@id":"https:\/\/aumarche.biz\/bf\/#organization","name":"aumarche.biz","url":"https:\/\/aumarche.biz\/bf\/","logo":{"@type":"ImageObject","inLanguage":"fr-FR","@id":"https:\/\/aumarche.biz\/bf\/#\/schema\/logo\/image\/","url":"https:\/\/aumarche.biz\/bf\/wp-content\/uploads\/2023\/09\/favicone.png","contentUrl":"https:\/\/aumarche.biz\/bf\/wp-content\/uploads\/2023\/09\/favicone.png","width":64,"height":64,"caption":"aumarche.biz"},"image":{"@id":"https:\/\/aumarche.biz\/bf\/#\/schema\/logo\/image\/"},"sameAs":["https:\/\/www.facebook.com\/aumarchebf"]}]}},"_links":{"self":[{"href":"https:\/\/aumarche.biz\/bf\/index.php\/wp-json\/wp\/v2\/product\/5228","targetHints":{"allow":["GET"]}}],"collection":[{"href":"https:\/\/aumarche.biz\/bf\/index.php\/wp-json\/wp\/v2\/product"}],"about":[{"href":"https:\/\/aumarche.biz\/bf\/index.php\/wp-json\/wp\/v2\/types\/product"}],"wp:featuredmedia":[{"embeddable":true,"href":"https:\/\/aumarche.biz\/bf\/index.php\/wp-json\/wp\/v2\/media\/5225"}],"wp:attachment":[{"href":"https:\/\/aumarche.biz\/bf\/index.php\/wp-json\/wp\/v2\/media?parent=5228"}],"wp:term":[{"taxonomy":"product_cat","embeddable":true,"href":"https:\/\/aumarche.biz\/bf\/index.php\/wp-json\/wp\/v2\/product_cat?post=5228"},{"taxonomy":"product_tag","embeddable":true,"href":"https:\/\/aumarche.biz\/bf\/index.php\/wp-json\/wp\/v2\/product_tag?post=5228"}],"curies":[{"name":"wp","href":"https:\/\/api.w.org\/{rel}","templated":true}]}}