{"id":5231,"date":"2023-10-19T16:06:30","date_gmt":"2023-10-19T16:06:30","guid":{"rendered":"https:\/\/aumarche.biz\/bf\/index.php\/produit\/clavier-souris-sans-fil-hp-cs10\/"},"modified":"2023-10-19T16:06:30","modified_gmt":"2023-10-19T16:06:30","slug":"clavier-souris-sans-fil-hp-cs10","status":"publish","type":"product","link":"https:\/\/aumarche.biz\/bf\/index.php\/produit\/clavier-souris-sans-fil-hp-cs10\/","title":{"rendered":"Clavier + Souris sans fil HP CS10"},"content":{"rendered":"<p><span>Nom de marque: HP<\/span><br \/><span>Type: 2,4 GHz sans fil<\/span><br \/><span>Clavier Standard: 104 Touches<\/span><br \/><span>Application: Bureau<\/span><br \/><span>Application: Ordinateur portable<\/span><br \/><span>Application: Nombre<\/span><br \/><span>Application: : Comprim\u00e9<\/span><br \/><span>Style D&rsquo;exploitation: : Capacitif<\/span><br \/><span>Langue: FR<\/span><br \/><span>Style: Standard<\/span><br \/><span>Type D&rsquo;interface: USB<\/span><br \/><span>Support du poignet: No<\/span><br \/><span>Num\u00e9ro de Mod\u00e8le: CS10<\/span><br \/><span>Clavier pleine longueur: Oui<\/span><br data-mce-bogus=\"1\"><\/p>\n","protected":false},"excerpt":{"rendered":"<p><span>Le clavier sans fil HP CS10 est un clavier d\u2019ordinateur sans fil de la marque HP. Il est livr\u00e9 avec un r\u00e9cepteur USB sans fil et fonctionne avec 4 piles AAA incluses. Il est aliment\u00e9 par batterie et a une autonomie de 4 Wattheures. Le clavier est compatible avec tous les ordinateurs portables et est disponible en couleur noire<\/span><br data-mce-bogus=\"1\"><\/p>\n","protected":false},"featured_media":5229,"template":"","meta":[],"product_cat":[265,264],"product_tag":[],"class_list":{"0":"post-5231","1":"product","2":"type-product","3":"status-publish","4":"has-post-thumbnail","6":"product_brand-autres-marques","7":"product_cat-electronique","8":"product_cat-high-tech","10":"first","11":"instock","12":"taxable","13":"shipping-taxable","14":"purchasable","15":"product-type-simple","16":"col-xs-6 col-sm-4","17":"col-md-3 col-lg-3","18":"un-4-cols"},"yoast_head":"<!-- This site is optimized with the Yoast SEO plugin v26.9 - https:\/\/yoast.com\/product\/yoast-seo-wordpress\/ -->\n<title>Clavier + Souris sans fil HP CS10 - AU MARCHE BURKINA<\/title>\n<meta name=\"robots\" content=\"noindex, follow, max-snippet:-1, max-image-preview:large, max-video-preview:-1\" \/>\n<meta property=\"og:locale\" content=\"fr_FR\" \/>\n<meta property=\"og:type\" content=\"article\" \/>\n<meta property=\"og:title\" content=\"Clavier + Souris sans fil HP CS10 - AU MARCHE BURKINA\" \/>\n<meta property=\"og:description\" content=\"Le clavier sans fil HP CS10 est un clavier d\u2019ordinateur sans fil de la marque HP. Il est livr\u00e9 avec un r\u00e9cepteur USB sans fil et fonctionne avec 4 piles AAA incluses. Il est aliment\u00e9 par batterie et a une autonomie de 4 Wattheures. Le clavier est compatible avec tous les ordinateurs portables et est disponible en couleur noire\" \/>\n<meta property=\"og:url\" content=\"https:\/\/aumarche.biz\/bf\/index.php\/produit\/clavier-souris-sans-fil-hp-cs10\/\" \/>\n<meta property=\"og:site_name\" content=\"AU MARCHE BURKINA\" \/>\n<meta property=\"article:publisher\" content=\"https:\/\/www.facebook.com\/aumarchebf\" \/>\n<meta property=\"og:image\" content=\"https:\/\/aumarche.biz\/bf\/wp-content\/uploads\/2023\/10\/Clavier-Souris-sans-fil-HP-CS10-1.jpg\" \/>\n\t<meta property=\"og:image:width\" content=\"800\" \/>\n\t<meta property=\"og:image:height\" content=\"900\" \/>\n\t<meta property=\"og:image:type\" content=\"image\/jpeg\" \/>\n<meta name=\"twitter:card\" content=\"summary_large_image\" \/>\n<script type=\"application\/ld+json\" class=\"yoast-schema-graph\">{\"@context\":\"https:\/\/schema.org\",\"@graph\":[{\"@type\":\"WebPage\",\"@id\":\"https:\/\/aumarche.biz\/bf\/index.php\/produit\/clavier-souris-sans-fil-hp-cs10\/\",\"url\":\"https:\/\/aumarche.biz\/bf\/index.php\/produit\/clavier-souris-sans-fil-hp-cs10\/\",\"name\":\"Clavier + Souris sans fil HP CS10 - AU MARCHE BURKINA\",\"isPartOf\":{\"@id\":\"https:\/\/aumarche.biz\/bf\/#website\"},\"primaryImageOfPage\":{\"@id\":\"https:\/\/aumarche.biz\/bf\/index.php\/produit\/clavier-souris-sans-fil-hp-cs10\/#primaryimage\"},\"image\":{\"@id\":\"https:\/\/aumarche.biz\/bf\/index.php\/produit\/clavier-souris-sans-fil-hp-cs10\/#primaryimage\"},\"thumbnailUrl\":\"https:\/\/aumarche.biz\/bf\/wp-content\/uploads\/2023\/10\/Clavier-Souris-sans-fil-HP-CS10-1.jpg\",\"datePublished\":\"2023-10-19T16:06:30+00:00\",\"breadcrumb\":{\"@id\":\"https:\/\/aumarche.biz\/bf\/index.php\/produit\/clavier-souris-sans-fil-hp-cs10\/#breadcrumb\"},\"inLanguage\":\"fr-FR\",\"potentialAction\":[{\"@type\":\"ReadAction\",\"target\":[\"https:\/\/aumarche.biz\/bf\/index.php\/produit\/clavier-souris-sans-fil-hp-cs10\/\"]}]},{\"@type\":\"ImageObject\",\"inLanguage\":\"fr-FR\",\"@id\":\"https:\/\/aumarche.biz\/bf\/index.php\/produit\/clavier-souris-sans-fil-hp-cs10\/#primaryimage\",\"url\":\"https:\/\/aumarche.biz\/bf\/wp-content\/uploads\/2023\/10\/Clavier-Souris-sans-fil-HP-CS10-1.jpg\",\"contentUrl\":\"https:\/\/aumarche.biz\/bf\/wp-content\/uploads\/2023\/10\/Clavier-Souris-sans-fil-HP-CS10-1.jpg\",\"width\":800,\"height\":900},{\"@type\":\"BreadcrumbList\",\"@id\":\"https:\/\/aumarche.biz\/bf\/index.php\/produit\/clavier-souris-sans-fil-hp-cs10\/#breadcrumb\",\"itemListElement\":[{\"@type\":\"ListItem\",\"position\":1,\"name\":\"Accueil\",\"item\":\"https:\/\/aumarche.biz\/bf\/\"},{\"@type\":\"ListItem\",\"position\":2,\"name\":\"Boutique\",\"item\":\"https:\/\/aumarche.biz\/bf\/index.php\/boutique\/\"},{\"@type\":\"ListItem\",\"position\":3,\"name\":\"Clavier + Souris sans fil HP CS10\"}]},{\"@type\":\"WebSite\",\"@id\":\"https:\/\/aumarche.biz\/bf\/#website\",\"url\":\"https:\/\/aumarche.biz\/bf\/\",\"name\":\"aumarche.biz\",\"description\":\"Vendre et acheter autrement\",\"publisher\":{\"@id\":\"https:\/\/aumarche.biz\/bf\/#organization\"},\"potentialAction\":[{\"@type\":\"SearchAction\",\"target\":{\"@type\":\"EntryPoint\",\"urlTemplate\":\"https:\/\/aumarche.biz\/bf\/?s={search_term_string}\"},\"query-input\":{\"@type\":\"PropertyValueSpecification\",\"valueRequired\":true,\"valueName\":\"search_term_string\"}}],\"inLanguage\":\"fr-FR\"},{\"@type\":\"Organization\",\"@id\":\"https:\/\/aumarche.biz\/bf\/#organization\",\"name\":\"aumarche.biz\",\"url\":\"https:\/\/aumarche.biz\/bf\/\",\"logo\":{\"@type\":\"ImageObject\",\"inLanguage\":\"fr-FR\",\"@id\":\"https:\/\/aumarche.biz\/bf\/#\/schema\/logo\/image\/\",\"url\":\"https:\/\/aumarche.biz\/bf\/wp-content\/uploads\/2023\/09\/favicone.png\",\"contentUrl\":\"https:\/\/aumarche.biz\/bf\/wp-content\/uploads\/2023\/09\/favicone.png\",\"width\":64,\"height\":64,\"caption\":\"aumarche.biz\"},\"image\":{\"@id\":\"https:\/\/aumarche.biz\/bf\/#\/schema\/logo\/image\/\"},\"sameAs\":[\"https:\/\/www.facebook.com\/aumarchebf\"]}]}<\/script>\n<!-- \/ Yoast SEO plugin. -->","yoast_head_json":{"title":"Clavier + Souris sans fil HP CS10 - AU MARCHE BURKINA","robots":{"index":"noindex","follow":"follow","max-snippet":"max-snippet:-1","max-image-preview":"max-image-preview:large","max-video-preview":"max-video-preview:-1"},"og_locale":"fr_FR","og_type":"article","og_title":"Clavier + Souris sans fil HP CS10 - AU MARCHE BURKINA","og_description":"Le clavier sans fil HP CS10 est un clavier d\u2019ordinateur sans fil de la marque HP. Il est livr\u00e9 avec un r\u00e9cepteur USB sans fil et fonctionne avec 4 piles AAA incluses. Il est aliment\u00e9 par batterie et a une autonomie de 4 Wattheures. Le clavier est compatible avec tous les ordinateurs portables et est disponible en couleur noire","og_url":"https:\/\/aumarche.biz\/bf\/index.php\/produit\/clavier-souris-sans-fil-hp-cs10\/","og_site_name":"AU MARCHE BURKINA","article_publisher":"https:\/\/www.facebook.com\/aumarchebf","og_image":[{"width":800,"height":900,"url":"https:\/\/aumarche.biz\/bf\/wp-content\/uploads\/2023\/10\/Clavier-Souris-sans-fil-HP-CS10-1.jpg","type":"image\/jpeg"}],"twitter_card":"summary_large_image","schema":{"@context":"https:\/\/schema.org","@graph":[{"@type":"WebPage","@id":"https:\/\/aumarche.biz\/bf\/index.php\/produit\/clavier-souris-sans-fil-hp-cs10\/","url":"https:\/\/aumarche.biz\/bf\/index.php\/produit\/clavier-souris-sans-fil-hp-cs10\/","name":"Clavier + Souris sans fil HP CS10 - AU MARCHE BURKINA","isPartOf":{"@id":"https:\/\/aumarche.biz\/bf\/#website"},"primaryImageOfPage":{"@id":"https:\/\/aumarche.biz\/bf\/index.php\/produit\/clavier-souris-sans-fil-hp-cs10\/#primaryimage"},"image":{"@id":"https:\/\/aumarche.biz\/bf\/index.php\/produit\/clavier-souris-sans-fil-hp-cs10\/#primaryimage"},"thumbnailUrl":"https:\/\/aumarche.biz\/bf\/wp-content\/uploads\/2023\/10\/Clavier-Souris-sans-fil-HP-CS10-1.jpg","datePublished":"2023-10-19T16:06:30+00:00","breadcrumb":{"@id":"https:\/\/aumarche.biz\/bf\/index.php\/produit\/clavier-souris-sans-fil-hp-cs10\/#breadcrumb"},"inLanguage":"fr-FR","potentialAction":[{"@type":"ReadAction","target":["https:\/\/aumarche.biz\/bf\/index.php\/produit\/clavier-souris-sans-fil-hp-cs10\/"]}]},{"@type":"ImageObject","inLanguage":"fr-FR","@id":"https:\/\/aumarche.biz\/bf\/index.php\/produit\/clavier-souris-sans-fil-hp-cs10\/#primaryimage","url":"https:\/\/aumarche.biz\/bf\/wp-content\/uploads\/2023\/10\/Clavier-Souris-sans-fil-HP-CS10-1.jpg","contentUrl":"https:\/\/aumarche.biz\/bf\/wp-content\/uploads\/2023\/10\/Clavier-Souris-sans-fil-HP-CS10-1.jpg","width":800,"height":900},{"@type":"BreadcrumbList","@id":"https:\/\/aumarche.biz\/bf\/index.php\/produit\/clavier-souris-sans-fil-hp-cs10\/#breadcrumb","itemListElement":[{"@type":"ListItem","position":1,"name":"Accueil","item":"https:\/\/aumarche.biz\/bf\/"},{"@type":"ListItem","position":2,"name":"Boutique","item":"https:\/\/aumarche.biz\/bf\/index.php\/boutique\/"},{"@type":"ListItem","position":3,"name":"Clavier + Souris sans fil HP CS10"}]},{"@type":"WebSite","@id":"https:\/\/aumarche.biz\/bf\/#website","url":"https:\/\/aumarche.biz\/bf\/","name":"aumarche.biz","description":"Vendre et acheter autrement","publisher":{"@id":"https:\/\/aumarche.biz\/bf\/#organization"},"potentialAction":[{"@type":"SearchAction","target":{"@type":"EntryPoint","urlTemplate":"https:\/\/aumarche.biz\/bf\/?s={search_term_string}"},"query-input":{"@type":"PropertyValueSpecification","valueRequired":true,"valueName":"search_term_string"}}],"inLanguage":"fr-FR"},{"@type":"Organization","@id":"https:\/\/aumarche.biz\/bf\/#organization","name":"aumarche.biz","url":"https:\/\/aumarche.biz\/bf\/","logo":{"@type":"ImageObject","inLanguage":"fr-FR","@id":"https:\/\/aumarche.biz\/bf\/#\/schema\/logo\/image\/","url":"https:\/\/aumarche.biz\/bf\/wp-content\/uploads\/2023\/09\/favicone.png","contentUrl":"https:\/\/aumarche.biz\/bf\/wp-content\/uploads\/2023\/09\/favicone.png","width":64,"height":64,"caption":"aumarche.biz"},"image":{"@id":"https:\/\/aumarche.biz\/bf\/#\/schema\/logo\/image\/"},"sameAs":["https:\/\/www.facebook.com\/aumarchebf"]}]}},"_links":{"self":[{"href":"https:\/\/aumarche.biz\/bf\/index.php\/wp-json\/wp\/v2\/product\/5231","targetHints":{"allow":["GET"]}}],"collection":[{"href":"https:\/\/aumarche.biz\/bf\/index.php\/wp-json\/wp\/v2\/product"}],"about":[{"href":"https:\/\/aumarche.biz\/bf\/index.php\/wp-json\/wp\/v2\/types\/product"}],"wp:featuredmedia":[{"embeddable":true,"href":"https:\/\/aumarche.biz\/bf\/index.php\/wp-json\/wp\/v2\/media\/5229"}],"wp:attachment":[{"href":"https:\/\/aumarche.biz\/bf\/index.php\/wp-json\/wp\/v2\/media?parent=5231"}],"wp:term":[{"taxonomy":"product_cat","embeddable":true,"href":"https:\/\/aumarche.biz\/bf\/index.php\/wp-json\/wp\/v2\/product_cat?post=5231"},{"taxonomy":"product_tag","embeddable":true,"href":"https:\/\/aumarche.biz\/bf\/index.php\/wp-json\/wp\/v2\/product_tag?post=5231"}],"curies":[{"name":"wp","href":"https:\/\/api.w.org\/{rel}","templated":true}]}}