{"id":5235,"date":"2023-10-19T16:13:33","date_gmt":"2023-10-19T16:13:33","guid":{"rendered":"https:\/\/aumarche.biz\/bf\/index.php\/produit\/https-www-bing-com-ck-ap20707c0e50ce4522jmltdhm9mty5nzy3mzywmczpz3vpzd0wnwqxzddiny04mzu4ltzkn2mtmmewms1jngrhodi4ytzjmdcmaw5zawq9ntixmgptn3hsh3fclid05d1d7b7-8358-6d7c-2a01-c4da828a6c07psq\/"},"modified":"2023-10-24T14:27:10","modified_gmt":"2023-10-24T14:27:10","slug":"https-www-bing-com-ck-ap20707c0e50ce4522jmltdhm9mty5nzy3mzywmczpz3vpzd0wnwqxzddiny04mzu4ltzkn2mtmmewms1jngrhodi4ytzjmdcmaw5zawq9ntixmgptn3hsh3fclid05d1d7b7-8358-6d7c-2a01-c4da828a6c07psq","status":"publish","type":"product","link":"https:\/\/aumarche.biz\/bf\/index.php\/produit\/https-www-bing-com-ck-ap20707c0e50ce4522jmltdhm9mty5nzy3mzywmczpz3vpzd0wnwqxzddiny04mzu4ltzkn2mtmmewms1jngrhodi4ytzjmdcmaw5zawq9ntixmgptn3hsh3fclid05d1d7b7-8358-6d7c-2a01-c4da828a6c07psq\/","title":{"rendered":"Adaptateur Type C To HDMI 8 En 1"},"content":{"rendered":"<h2 class=\"hdr -upp -fs14 -m -pam\">PRINCIPALES CARACT\u00c9RISTIQUES<\/h2>\n<div class=\"markup -pam\">\n<ul style=\"padding: 0px 0px 0px 16px;margin: 0px\" data-mce-style=\"padding: 0px 0px 0px 16px; margin: 0px;\">\n<li style=\"padding: 0px;margin: 0px\" data-mce-style=\"padding: 0px; margin: 0px;\">LAN 1000<\/li>\n<li style=\"padding: 0px;margin: 0px\" data-mce-style=\"padding: 0px; margin: 0px;\">HDMI 4K<\/li>\n<li style=\"padding: 0px;margin: 0px\" data-mce-style=\"padding: 0px; margin: 0px;\">USB 3.0\u00a0<\/li>\n<li style=\"padding: 0px;margin: 0px\" data-mce-style=\"padding: 0px; margin: 0px;\">VGA<\/li>\n<li style=\"padding: 0px;margin: 0px\" data-mce-style=\"padding: 0px; margin: 0px;\">TYPE C<\/li>\n<li style=\"padding: 0px;margin: 0px\" data-mce-style=\"padding: 0px; margin: 0px;\">CARD READER<\/li>\n<\/ul>\n<\/div>\n","protected":false},"excerpt":{"rendered":"<p class=\"MsoNormal\" style=\"margin-bottom: 0cm\" data-mce-style=\"margin-bottom: 0cm;\">L&rsquo;adaptateur de<br \/>type C 8 en 1 USB-C HUB offre une vari\u00e9t\u00e9 de ports pour \u00e9tendre la connectivit\u00e9<br \/>de votre appareil. Il comprend 1 x port HDMI 4K (30 Hz), 1 x port Ethernet RJ45<br \/>Gigabit, 2 x ports USB 3.0, un lecteur de carte SD et micro SD, 1 x port VGA,<br \/>et 1 x port USB Type C.<\/p>\n<p class=\"MsoNormal\" style=\"margin-bottom: 0cm\" data-mce-style=\"margin-bottom: 0cm;\">Avec une<br \/>r\u00e9solution 4K HD, cet adaptateur vous permet de connecter votre appareil \u00e0 des<br \/>\u00e9crans haute r\u00e9solution tels que des moniteurs, des projecteurs et des<br \/>t\u00e9l\u00e9viseurs LCD, offrant une qualit\u00e9 d&rsquo;image exceptionnelle jusqu&rsquo;\u00e0 4K Ultra HD<br \/>(3840&#215;2160 @ 30 Hz).<\/p>\n<p class=\"MsoNormal\" style=\"margin-bottom: 0cm\" data-mce-style=\"margin-bottom: 0cm;\">La technologie<br \/>USB 3.0 permet des transferts de donn\u00e9es \u00e0 des vitesses impressionnantes,<br \/>atteignant jusqu&rsquo;\u00e0 5 Gbps. Cela signifie que vous pouvez rapidement transf\u00e9rer<br \/>des fichiers de haute d\u00e9finition, notamment des films ou d&rsquo;autres fichiers<br \/>volumineux, ce qui vous fait gagner du temps et am\u00e9liore votre productivit\u00e9.<\/p>\n","protected":false},"featured_media":5232,"template":"","meta":[],"product_cat":[265,264],"product_tag":[],"class_list":{"0":"post-5235","1":"product","2":"type-product","3":"status-publish","4":"has-post-thumbnail","6":"product_brand-autres-marques","7":"product_cat-electronique","8":"product_cat-high-tech","10":"first","11":"instock","12":"sale","13":"taxable","14":"shipping-taxable","15":"purchasable","16":"product-type-simple","17":"col-xs-6 col-sm-4","18":"col-md-3 col-lg-3","19":"un-4-cols"},"yoast_head":"<!-- This site is optimized with the Yoast SEO plugin v26.9 - https:\/\/yoast.com\/product\/yoast-seo-wordpress\/ -->\n<title>Adaptateur Type C To HDMI 8 En 1 - AU MARCHE BURKINA<\/title>\n<meta name=\"robots\" content=\"noindex, follow, max-snippet:-1, max-image-preview:large, max-video-preview:-1\" \/>\n<meta property=\"og:locale\" content=\"fr_FR\" \/>\n<meta property=\"og:type\" content=\"article\" \/>\n<meta property=\"og:title\" content=\"Adaptateur Type C To HDMI 8 En 1 - AU MARCHE BURKINA\" \/>\n<meta property=\"og:description\" content=\"L&#039;adaptateur detype C 8 en 1 USB-C HUB offre une vari\u00e9t\u00e9 de ports pour \u00e9tendre la connectivit\u00e9de votre appareil. Il comprend 1 x port HDMI 4K (30 Hz), 1 x port Ethernet RJ45Gigabit, 2 x ports USB 3.0, un lecteur de carte SD et micro SD, 1 x port VGA,et 1 x port USB Type C.Avec uner\u00e9solution 4K HD, cet adaptateur vous permet de connecter votre appareil \u00e0 des\u00e9crans haute r\u00e9solution tels que des moniteurs, des projecteurs et dest\u00e9l\u00e9viseurs LCD, offrant une qualit\u00e9 d&#039;image exceptionnelle jusqu&#039;\u00e0 4K Ultra HD(3840x2160 @ 30 Hz).La technologieUSB 3.0 permet des transferts de donn\u00e9es \u00e0 des vitesses impressionnantes,atteignant jusqu&#039;\u00e0 5 Gbps. Cela signifie que vous pouvez rapidement transf\u00e9rerdes fichiers de haute d\u00e9finition, notamment des films ou d&#039;autres fichiersvolumineux, ce qui vous fait gagner du temps et am\u00e9liore votre productivit\u00e9.\" \/>\n<meta property=\"og:url\" content=\"https:\/\/aumarche.biz\/bf\/index.php\/produit\/https-www-bing-com-ck-ap20707c0e50ce4522jmltdhm9mty5nzy3mzywmczpz3vpzd0wnwqxzddiny04mzu4ltzkn2mtmmewms1jngrhodi4ytzjmdcmaw5zawq9ntixmgptn3hsh3fclid05d1d7b7-8358-6d7c-2a01-c4da828a6c07psq\/\" \/>\n<meta property=\"og:site_name\" content=\"AU MARCHE BURKINA\" \/>\n<meta property=\"article:publisher\" content=\"https:\/\/www.facebook.com\/aumarchebf\" \/>\n<meta property=\"article:modified_time\" content=\"2023-10-24T14:27:10+00:00\" \/>\n<meta property=\"og:image\" content=\"https:\/\/aumarche.biz\/bf\/wp-content\/uploads\/2023\/10\/1-3.jpg\" \/>\n\t<meta property=\"og:image:width\" content=\"680\" \/>\n\t<meta property=\"og:image:height\" content=\"680\" \/>\n\t<meta property=\"og:image:type\" content=\"image\/jpeg\" \/>\n<meta name=\"twitter:card\" content=\"summary_large_image\" \/>\n<script type=\"application\/ld+json\" class=\"yoast-schema-graph\">{\"@context\":\"https:\/\/schema.org\",\"@graph\":[{\"@type\":\"WebPage\",\"@id\":\"https:\/\/aumarche.biz\/bf\/index.php\/produit\/https-www-bing-com-ck-ap20707c0e50ce4522jmltdhm9mty5nzy3mzywmczpz3vpzd0wnwqxzddiny04mzu4ltzkn2mtmmewms1jngrhodi4ytzjmdcmaw5zawq9ntixmgptn3hsh3fclid05d1d7b7-8358-6d7c-2a01-c4da828a6c07psq\/\",\"url\":\"https:\/\/aumarche.biz\/bf\/index.php\/produit\/https-www-bing-com-ck-ap20707c0e50ce4522jmltdhm9mty5nzy3mzywmczpz3vpzd0wnwqxzddiny04mzu4ltzkn2mtmmewms1jngrhodi4ytzjmdcmaw5zawq9ntixmgptn3hsh3fclid05d1d7b7-8358-6d7c-2a01-c4da828a6c07psq\/\",\"name\":\"Adaptateur Type C To HDMI 8 En 1 - AU MARCHE BURKINA\",\"isPartOf\":{\"@id\":\"https:\/\/aumarche.biz\/bf\/#website\"},\"primaryImageOfPage\":{\"@id\":\"https:\/\/aumarche.biz\/bf\/index.php\/produit\/https-www-bing-com-ck-ap20707c0e50ce4522jmltdhm9mty5nzy3mzywmczpz3vpzd0wnwqxzddiny04mzu4ltzkn2mtmmewms1jngrhodi4ytzjmdcmaw5zawq9ntixmgptn3hsh3fclid05d1d7b7-8358-6d7c-2a01-c4da828a6c07psq\/#primaryimage\"},\"image\":{\"@id\":\"https:\/\/aumarche.biz\/bf\/index.php\/produit\/https-www-bing-com-ck-ap20707c0e50ce4522jmltdhm9mty5nzy3mzywmczpz3vpzd0wnwqxzddiny04mzu4ltzkn2mtmmewms1jngrhodi4ytzjmdcmaw5zawq9ntixmgptn3hsh3fclid05d1d7b7-8358-6d7c-2a01-c4da828a6c07psq\/#primaryimage\"},\"thumbnailUrl\":\"https:\/\/aumarche.biz\/bf\/wp-content\/uploads\/2023\/10\/1-3.jpg\",\"datePublished\":\"2023-10-19T16:13:33+00:00\",\"dateModified\":\"2023-10-24T14:27:10+00:00\",\"breadcrumb\":{\"@id\":\"https:\/\/aumarche.biz\/bf\/index.php\/produit\/https-www-bing-com-ck-ap20707c0e50ce4522jmltdhm9mty5nzy3mzywmczpz3vpzd0wnwqxzddiny04mzu4ltzkn2mtmmewms1jngrhodi4ytzjmdcmaw5zawq9ntixmgptn3hsh3fclid05d1d7b7-8358-6d7c-2a01-c4da828a6c07psq\/#breadcrumb\"},\"inLanguage\":\"fr-FR\",\"potentialAction\":[{\"@type\":\"ReadAction\",\"target\":[\"https:\/\/aumarche.biz\/bf\/index.php\/produit\/https-www-bing-com-ck-ap20707c0e50ce4522jmltdhm9mty5nzy3mzywmczpz3vpzd0wnwqxzddiny04mzu4ltzkn2mtmmewms1jngrhodi4ytzjmdcmaw5zawq9ntixmgptn3hsh3fclid05d1d7b7-8358-6d7c-2a01-c4da828a6c07psq\/\"]}]},{\"@type\":\"ImageObject\",\"inLanguage\":\"fr-FR\",\"@id\":\"https:\/\/aumarche.biz\/bf\/index.php\/produit\/https-www-bing-com-ck-ap20707c0e50ce4522jmltdhm9mty5nzy3mzywmczpz3vpzd0wnwqxzddiny04mzu4ltzkn2mtmmewms1jngrhodi4ytzjmdcmaw5zawq9ntixmgptn3hsh3fclid05d1d7b7-8358-6d7c-2a01-c4da828a6c07psq\/#primaryimage\",\"url\":\"https:\/\/aumarche.biz\/bf\/wp-content\/uploads\/2023\/10\/1-3.jpg\",\"contentUrl\":\"https:\/\/aumarche.biz\/bf\/wp-content\/uploads\/2023\/10\/1-3.jpg\",\"width\":680,\"height\":680},{\"@type\":\"BreadcrumbList\",\"@id\":\"https:\/\/aumarche.biz\/bf\/index.php\/produit\/https-www-bing-com-ck-ap20707c0e50ce4522jmltdhm9mty5nzy3mzywmczpz3vpzd0wnwqxzddiny04mzu4ltzkn2mtmmewms1jngrhodi4ytzjmdcmaw5zawq9ntixmgptn3hsh3fclid05d1d7b7-8358-6d7c-2a01-c4da828a6c07psq\/#breadcrumb\",\"itemListElement\":[{\"@type\":\"ListItem\",\"position\":1,\"name\":\"Accueil\",\"item\":\"https:\/\/aumarche.biz\/bf\/\"},{\"@type\":\"ListItem\",\"position\":2,\"name\":\"Boutique\",\"item\":\"https:\/\/aumarche.biz\/bf\/index.php\/boutique\/\"},{\"@type\":\"ListItem\",\"position\":3,\"name\":\"Adaptateur Type C To HDMI 8 En 1\"}]},{\"@type\":\"WebSite\",\"@id\":\"https:\/\/aumarche.biz\/bf\/#website\",\"url\":\"https:\/\/aumarche.biz\/bf\/\",\"name\":\"aumarche.biz\",\"description\":\"Vendre et acheter autrement\",\"publisher\":{\"@id\":\"https:\/\/aumarche.biz\/bf\/#organization\"},\"potentialAction\":[{\"@type\":\"SearchAction\",\"target\":{\"@type\":\"EntryPoint\",\"urlTemplate\":\"https:\/\/aumarche.biz\/bf\/?s={search_term_string}\"},\"query-input\":{\"@type\":\"PropertyValueSpecification\",\"valueRequired\":true,\"valueName\":\"search_term_string\"}}],\"inLanguage\":\"fr-FR\"},{\"@type\":\"Organization\",\"@id\":\"https:\/\/aumarche.biz\/bf\/#organization\",\"name\":\"aumarche.biz\",\"url\":\"https:\/\/aumarche.biz\/bf\/\",\"logo\":{\"@type\":\"ImageObject\",\"inLanguage\":\"fr-FR\",\"@id\":\"https:\/\/aumarche.biz\/bf\/#\/schema\/logo\/image\/\",\"url\":\"https:\/\/aumarche.biz\/bf\/wp-content\/uploads\/2023\/09\/favicone.png\",\"contentUrl\":\"https:\/\/aumarche.biz\/bf\/wp-content\/uploads\/2023\/09\/favicone.png\",\"width\":64,\"height\":64,\"caption\":\"aumarche.biz\"},\"image\":{\"@id\":\"https:\/\/aumarche.biz\/bf\/#\/schema\/logo\/image\/\"},\"sameAs\":[\"https:\/\/www.facebook.com\/aumarchebf\"]}]}<\/script>\n<!-- \/ Yoast SEO plugin. -->","yoast_head_json":{"title":"Adaptateur Type C To HDMI 8 En 1 - AU MARCHE BURKINA","robots":{"index":"noindex","follow":"follow","max-snippet":"max-snippet:-1","max-image-preview":"max-image-preview:large","max-video-preview":"max-video-preview:-1"},"og_locale":"fr_FR","og_type":"article","og_title":"Adaptateur Type C To HDMI 8 En 1 - AU MARCHE BURKINA","og_description":"L'adaptateur detype C 8 en 1 USB-C HUB offre une vari\u00e9t\u00e9 de ports pour \u00e9tendre la connectivit\u00e9de votre appareil. Il comprend 1 x port HDMI 4K (30 Hz), 1 x port Ethernet RJ45Gigabit, 2 x ports USB 3.0, un lecteur de carte SD et micro SD, 1 x port VGA,et 1 x port USB Type C.Avec uner\u00e9solution 4K HD, cet adaptateur vous permet de connecter votre appareil \u00e0 des\u00e9crans haute r\u00e9solution tels que des moniteurs, des projecteurs et dest\u00e9l\u00e9viseurs LCD, offrant une qualit\u00e9 d'image exceptionnelle jusqu'\u00e0 4K Ultra HD(3840x2160 @ 30 Hz).La technologieUSB 3.0 permet des transferts de donn\u00e9es \u00e0 des vitesses impressionnantes,atteignant jusqu'\u00e0 5 Gbps. Cela signifie que vous pouvez rapidement transf\u00e9rerdes fichiers de haute d\u00e9finition, notamment des films ou d'autres fichiersvolumineux, ce qui vous fait gagner du temps et am\u00e9liore votre productivit\u00e9.","og_url":"https:\/\/aumarche.biz\/bf\/index.php\/produit\/https-www-bing-com-ck-ap20707c0e50ce4522jmltdhm9mty5nzy3mzywmczpz3vpzd0wnwqxzddiny04mzu4ltzkn2mtmmewms1jngrhodi4ytzjmdcmaw5zawq9ntixmgptn3hsh3fclid05d1d7b7-8358-6d7c-2a01-c4da828a6c07psq\/","og_site_name":"AU MARCHE BURKINA","article_publisher":"https:\/\/www.facebook.com\/aumarchebf","article_modified_time":"2023-10-24T14:27:10+00:00","og_image":[{"width":680,"height":680,"url":"https:\/\/aumarche.biz\/bf\/wp-content\/uploads\/2023\/10\/1-3.jpg","type":"image\/jpeg"}],"twitter_card":"summary_large_image","schema":{"@context":"https:\/\/schema.org","@graph":[{"@type":"WebPage","@id":"https:\/\/aumarche.biz\/bf\/index.php\/produit\/https-www-bing-com-ck-ap20707c0e50ce4522jmltdhm9mty5nzy3mzywmczpz3vpzd0wnwqxzddiny04mzu4ltzkn2mtmmewms1jngrhodi4ytzjmdcmaw5zawq9ntixmgptn3hsh3fclid05d1d7b7-8358-6d7c-2a01-c4da828a6c07psq\/","url":"https:\/\/aumarche.biz\/bf\/index.php\/produit\/https-www-bing-com-ck-ap20707c0e50ce4522jmltdhm9mty5nzy3mzywmczpz3vpzd0wnwqxzddiny04mzu4ltzkn2mtmmewms1jngrhodi4ytzjmdcmaw5zawq9ntixmgptn3hsh3fclid05d1d7b7-8358-6d7c-2a01-c4da828a6c07psq\/","name":"Adaptateur Type C To HDMI 8 En 1 - AU MARCHE BURKINA","isPartOf":{"@id":"https:\/\/aumarche.biz\/bf\/#website"},"primaryImageOfPage":{"@id":"https:\/\/aumarche.biz\/bf\/index.php\/produit\/https-www-bing-com-ck-ap20707c0e50ce4522jmltdhm9mty5nzy3mzywmczpz3vpzd0wnwqxzddiny04mzu4ltzkn2mtmmewms1jngrhodi4ytzjmdcmaw5zawq9ntixmgptn3hsh3fclid05d1d7b7-8358-6d7c-2a01-c4da828a6c07psq\/#primaryimage"},"image":{"@id":"https:\/\/aumarche.biz\/bf\/index.php\/produit\/https-www-bing-com-ck-ap20707c0e50ce4522jmltdhm9mty5nzy3mzywmczpz3vpzd0wnwqxzddiny04mzu4ltzkn2mtmmewms1jngrhodi4ytzjmdcmaw5zawq9ntixmgptn3hsh3fclid05d1d7b7-8358-6d7c-2a01-c4da828a6c07psq\/#primaryimage"},"thumbnailUrl":"https:\/\/aumarche.biz\/bf\/wp-content\/uploads\/2023\/10\/1-3.jpg","datePublished":"2023-10-19T16:13:33+00:00","dateModified":"2023-10-24T14:27:10+00:00","breadcrumb":{"@id":"https:\/\/aumarche.biz\/bf\/index.php\/produit\/https-www-bing-com-ck-ap20707c0e50ce4522jmltdhm9mty5nzy3mzywmczpz3vpzd0wnwqxzddiny04mzu4ltzkn2mtmmewms1jngrhodi4ytzjmdcmaw5zawq9ntixmgptn3hsh3fclid05d1d7b7-8358-6d7c-2a01-c4da828a6c07psq\/#breadcrumb"},"inLanguage":"fr-FR","potentialAction":[{"@type":"ReadAction","target":["https:\/\/aumarche.biz\/bf\/index.php\/produit\/https-www-bing-com-ck-ap20707c0e50ce4522jmltdhm9mty5nzy3mzywmczpz3vpzd0wnwqxzddiny04mzu4ltzkn2mtmmewms1jngrhodi4ytzjmdcmaw5zawq9ntixmgptn3hsh3fclid05d1d7b7-8358-6d7c-2a01-c4da828a6c07psq\/"]}]},{"@type":"ImageObject","inLanguage":"fr-FR","@id":"https:\/\/aumarche.biz\/bf\/index.php\/produit\/https-www-bing-com-ck-ap20707c0e50ce4522jmltdhm9mty5nzy3mzywmczpz3vpzd0wnwqxzddiny04mzu4ltzkn2mtmmewms1jngrhodi4ytzjmdcmaw5zawq9ntixmgptn3hsh3fclid05d1d7b7-8358-6d7c-2a01-c4da828a6c07psq\/#primaryimage","url":"https:\/\/aumarche.biz\/bf\/wp-content\/uploads\/2023\/10\/1-3.jpg","contentUrl":"https:\/\/aumarche.biz\/bf\/wp-content\/uploads\/2023\/10\/1-3.jpg","width":680,"height":680},{"@type":"BreadcrumbList","@id":"https:\/\/aumarche.biz\/bf\/index.php\/produit\/https-www-bing-com-ck-ap20707c0e50ce4522jmltdhm9mty5nzy3mzywmczpz3vpzd0wnwqxzddiny04mzu4ltzkn2mtmmewms1jngrhodi4ytzjmdcmaw5zawq9ntixmgptn3hsh3fclid05d1d7b7-8358-6d7c-2a01-c4da828a6c07psq\/#breadcrumb","itemListElement":[{"@type":"ListItem","position":1,"name":"Accueil","item":"https:\/\/aumarche.biz\/bf\/"},{"@type":"ListItem","position":2,"name":"Boutique","item":"https:\/\/aumarche.biz\/bf\/index.php\/boutique\/"},{"@type":"ListItem","position":3,"name":"Adaptateur Type C To HDMI 8 En 1"}]},{"@type":"WebSite","@id":"https:\/\/aumarche.biz\/bf\/#website","url":"https:\/\/aumarche.biz\/bf\/","name":"aumarche.biz","description":"Vendre et acheter autrement","publisher":{"@id":"https:\/\/aumarche.biz\/bf\/#organization"},"potentialAction":[{"@type":"SearchAction","target":{"@type":"EntryPoint","urlTemplate":"https:\/\/aumarche.biz\/bf\/?s={search_term_string}"},"query-input":{"@type":"PropertyValueSpecification","valueRequired":true,"valueName":"search_term_string"}}],"inLanguage":"fr-FR"},{"@type":"Organization","@id":"https:\/\/aumarche.biz\/bf\/#organization","name":"aumarche.biz","url":"https:\/\/aumarche.biz\/bf\/","logo":{"@type":"ImageObject","inLanguage":"fr-FR","@id":"https:\/\/aumarche.biz\/bf\/#\/schema\/logo\/image\/","url":"https:\/\/aumarche.biz\/bf\/wp-content\/uploads\/2023\/09\/favicone.png","contentUrl":"https:\/\/aumarche.biz\/bf\/wp-content\/uploads\/2023\/09\/favicone.png","width":64,"height":64,"caption":"aumarche.biz"},"image":{"@id":"https:\/\/aumarche.biz\/bf\/#\/schema\/logo\/image\/"},"sameAs":["https:\/\/www.facebook.com\/aumarchebf"]}]}},"_links":{"self":[{"href":"https:\/\/aumarche.biz\/bf\/index.php\/wp-json\/wp\/v2\/product\/5235","targetHints":{"allow":["GET"]}}],"collection":[{"href":"https:\/\/aumarche.biz\/bf\/index.php\/wp-json\/wp\/v2\/product"}],"about":[{"href":"https:\/\/aumarche.biz\/bf\/index.php\/wp-json\/wp\/v2\/types\/product"}],"wp:featuredmedia":[{"embeddable":true,"href":"https:\/\/aumarche.biz\/bf\/index.php\/wp-json\/wp\/v2\/media\/5232"}],"wp:attachment":[{"href":"https:\/\/aumarche.biz\/bf\/index.php\/wp-json\/wp\/v2\/media?parent=5235"}],"wp:term":[{"taxonomy":"product_cat","embeddable":true,"href":"https:\/\/aumarche.biz\/bf\/index.php\/wp-json\/wp\/v2\/product_cat?post=5235"},{"taxonomy":"product_tag","embeddable":true,"href":"https:\/\/aumarche.biz\/bf\/index.php\/wp-json\/wp\/v2\/product_tag?post=5235"}],"curies":[{"name":"wp","href":"https:\/\/api.w.org\/{rel}","templated":true}]}}