{"id":5247,"date":"2023-10-19T16:34:16","date_gmt":"2023-10-19T16:34:16","guid":{"rendered":"https:\/\/aumarche.biz\/bf\/index.php\/produit\/lenovo-laptop-backpack-b210-15-6-inch-laptop\/"},"modified":"2023-10-19T16:34:16","modified_gmt":"2023-10-19T16:34:16","slug":"lenovo-laptop-backpack-b210-15-6-inch-laptop","status":"publish","type":"product","link":"https:\/\/aumarche.biz\/bf\/index.php\/produit\/lenovo-laptop-backpack-b210-15-6-inch-laptop\/","title":{"rendered":"Lenovo Laptop Backpack B210, 15.6-Inch Laptop"},"content":{"rendered":"<h2 style=\"margin: 0px;padding: 0px 0px 6px;font-weight: normal;line-height: 39px;font-size: 32px;font-family: Lato, Helvetica, Arial, sans-serif\">Tech Specs<\/h2>\n<div class=\"tech_specs_inner inner\" aria-hidden=\"false\" style=\"margin: 0px;padding: 0px;text-align: center;font-family: Lato, Helvetica, Arial, sans-serif\">\n<div class=\"specs-wrapper expanded\" style=\"margin: 0px;padding: 0px\">\n<div class=\"specs-inner\" style=\"margin: 0px;padding: 0px;font-size: 14px;width: 1240px\">\n<table style=\"margin: 0px;padding: 0px;border-collapse: collapse;border-spacing: 0px;width: 1240px\" class=\"mce-item-table\">\n<tbody style=\"margin: 0px;padding: 0px\">\n<tr class=\"item\" style=\"margin: 0px;padding: 0px\">\n<th style=\"margin: 0px;padding: 26px 14px 26px 0px;width: 274px;text-align: right;font-size: 16px;vertical-align: top\">Fits Up To (L x D x H)<\/th>\n<td style=\"margin: 0px;padding: 26px 0px 26px 44px;text-align: left\">255 x 22 x 362 mm(10.0 x 0.8 x 14.2 in)<\/td>\n<\/tr>\n<tr class=\"item\" style=\"margin: 0px;padding: 0px\">\n<th style=\"margin: 0px;padding: 26px 14px 26px 0px;width: 274px;text-align: right;font-size: 16px;vertical-align: top\">Color<\/th>\n<td style=\"margin: 0px;padding: 26px 0px 26px 44px;text-align: left\">Grey<\/td>\n<\/tr>\n<tr class=\"item\" style=\"margin: 0px;padding: 0px\">\n<th style=\"margin: 0px;padding: 26px 14px 26px 0px;width: 274px;text-align: right;font-size: 16px;vertical-align: top\">Weight<\/th>\n<td style=\"margin: 0px;padding: 26px 0px 26px 44px;text-align: left\">453 g<\/td>\n<\/tr>\n<tr class=\"item\" style=\"margin: 0px;padding: 0px\">\n<th style=\"margin: 0px;padding: 26px 14px 26px 0px;width: 274px;text-align: right;font-size: 16px;vertical-align: top\">Warranty Type<\/th>\n<td style=\"margin: 0px;padding: 26px 0px 26px 44px;text-align: left\">replacement<\/td>\n<\/tr>\n<tr class=\"item\" style=\"margin: 0px;padding: 0px\">\n<th style=\"margin: 0px;padding: 26px 14px 26px 0px;width: 274px;text-align: right;font-size: 16px;vertical-align: top\">Brand<\/th>\n<td style=\"margin: 0px;padding: 26px 0px 26px 44px;text-align: left\">Lenovo<\/td>\n<\/tr>\n<tr class=\"item limited\" style=\"margin: 0px;padding: 0px\">\n<th style=\"margin: 0px;padding: 26px 14px 26px 0px;width: 274px;text-align: right;font-size: 16px;vertical-align: top\">Packed Weight<\/th>\n<td style=\"margin: 0px;padding: 26px 0px 26px 44px;text-align: left\">0.535 kg<\/td>\n<\/tr>\n<tr class=\"item limited\" style=\"margin: 0px;padding: 0px\">\n<th style=\"margin: 0px;padding: 26px 14px 26px 0px;width: 274px;text-align: right;font-size: 16px;vertical-align: top\">Package Type<\/th>\n<td style=\"margin: 0px;padding: 26px 0px 26px 44px;text-align: left\">PE bag<\/td>\n<\/tr>\n<tr class=\"item limited\" style=\"margin: 0px;padding: 0px\">\n<th style=\"margin: 0px;padding: 26px 14px 26px 0px;width: 274px;text-align: right;font-size: 16px;vertical-align: top\">Packed Dimensions (L x D x H)<\/th>\n<td style=\"margin: 0px;padding: 26px 0px 26px 44px;text-align: left\">480 mm x 315 mm x 50 mm<\/td>\n<\/tr>\n<tr class=\"item limited\" style=\"margin: 0px;padding: 0px\">\n<th style=\"margin: 0px;padding: 26px 14px 26px 0px;width: 274px;text-align: right;font-size: 16px;vertical-align: top\">Height<\/th>\n<td style=\"margin: 0px;padding: 26px 0px 26px 44px;text-align: left\">120 mm<\/td>\n<\/tr>\n<tr class=\"item limited\" style=\"margin: 0px;padding: 0px\">\n<th style=\"margin: 0px;padding: 26px 14px 26px 0px;width: 274px;text-align: right;font-size: 16px;vertical-align: top\">Cable Length<\/th>\n<td style=\"margin: 0px;padding: 26px 0px 26px 44px;text-align: left\">445 mm<\/td>\n<\/tr>\n<tr class=\"item limited\" style=\"margin: 0px;padding: 0px\">\n<th style=\"margin: 0px;padding: 26px 14px 26px 0px;width: 274px;text-align: right;font-size: 16px;vertical-align: top\">Depth<\/th>\n<td style=\"margin: 0px;padding: 26px 0px 26px 44px;text-align: left\">310 mm<\/td>\n<\/tr>\n<tr class=\"item limited\" style=\"margin: 0px;padding: 0px\">\n<th style=\"margin: 0px;padding: 26px 14px 26px 0px;width: 274px;text-align: right;font-size: 16px;vertical-align: top\">Warranty Period<\/th>\n<td style=\"margin: 0px;padding: 26px 0px 26px 44px;text-align: left\">1 Year<\/td>\n<\/tr>\n<tr class=\"item limited\" style=\"margin: 0px;padding: 0px\">\n<th style=\"margin: 0px;padding: 26px 14px 26px 0px;width: 274px;text-align: right;font-size: 16px;vertical-align: top\">Outside Fabric Material<\/th>\n<td style=\"margin: 0px;padding: 26px 0px 26px 44px;text-align: left\">Polyester<\/td>\n<\/tr>\n<tr class=\"item limited\" style=\"margin: 0px;padding: 0px\">\n<th style=\"margin: 0px;padding: 26px 14px 26px 0px;width: 274px;text-align: right;font-size: 16px;vertical-align: top\">Padded Notebook Compartment<\/th>\n<td style=\"margin: 0px;padding: 26px 0px 26px 44px;text-align: left\">Yes<\/td>\n<\/tr>\n<tr class=\"item limited\" style=\"margin: 0px;padding: 0px\">\n<th style=\"margin: 0px;padding: 26px 14px 26px 0px;width: 274px;text-align: right;font-size: 16px;vertical-align: top\">Width<\/th>\n<td style=\"margin: 0px;padding: 26px 0px 26px 44px;text-align: left\">445 mm<\/td>\n<\/tr>\n<\/tbody>\n<\/table>\n<\/div>\n<\/div>\n<\/div>\n","protected":false},"excerpt":{"rendered":"<p>Conception durable : le sac \u00e0 dos pour ordinateur portable est dot\u00e9 d\u2019un tissu en polyester r\u00e9sistant et hydrofuge et d\u2019un design \u00e9pur\u00e9 avec un int\u00e9rieur rembourr\u00e9 pour prot\u00e9ger votre ordinateur portable, votre ordinateur portable et d\u2019autres objets importants<\/p>\n<p>Ajustement confortable : ce sac \u00e0 dos compact est dot\u00e9 d\u2019un panneau dorsal matelass\u00e9 et de bretelles enti\u00e8rement r\u00e9glables, ce qui le rend confortable pour une utilisation toute la journ\u00e9e, ainsi que d\u2019une poche avant zipp\u00e9e \u00e0 acc\u00e8s rapide pour un rangement suppl\u00e9mentaire.<\/p>\n","protected":false},"featured_media":5243,"template":"","meta":[],"product_cat":[265,264],"product_tag":[],"class_list":{"0":"post-5247","1":"product","2":"type-product","3":"status-publish","4":"has-post-thumbnail","6":"product_brand-autres-marques","7":"product_brand-lenovo","8":"product_cat-electronique","9":"product_cat-high-tech","11":"first","12":"instock","13":"taxable","14":"shipping-taxable","15":"purchasable","16":"product-type-simple","17":"col-xs-6 col-sm-4","18":"col-md-3 col-lg-3","19":"un-4-cols"},"yoast_head":"<!-- This site is optimized with the Yoast SEO plugin v26.9 - https:\/\/yoast.com\/product\/yoast-seo-wordpress\/ -->\n<title>Lenovo Laptop Backpack B210, 15.6-Inch Laptop - AU MARCHE BURKINA<\/title>\n<meta name=\"robots\" content=\"noindex, follow, max-snippet:-1, max-image-preview:large, max-video-preview:-1\" \/>\n<meta property=\"og:locale\" content=\"fr_FR\" \/>\n<meta property=\"og:type\" content=\"article\" \/>\n<meta property=\"og:title\" content=\"Lenovo Laptop Backpack B210, 15.6-Inch Laptop - AU MARCHE BURKINA\" \/>\n<meta property=\"og:description\" content=\"Conception durable : le sac \u00e0 dos pour ordinateur portable est dot\u00e9 d\u2019un tissu en polyester r\u00e9sistant et hydrofuge et d\u2019un design \u00e9pur\u00e9 avec un int\u00e9rieur rembourr\u00e9 pour prot\u00e9ger votre ordinateur portable, votre ordinateur portable et d\u2019autres objets importantsAjustement confortable : ce sac \u00e0 dos compact est dot\u00e9 d\u2019un panneau dorsal matelass\u00e9 et de bretelles enti\u00e8rement r\u00e9glables, ce qui le rend confortable pour une utilisation toute la journ\u00e9e, ainsi que d\u2019une poche avant zipp\u00e9e \u00e0 acc\u00e8s rapide pour un rangement suppl\u00e9mentaire.\" \/>\n<meta property=\"og:url\" content=\"https:\/\/aumarche.biz\/bf\/index.php\/produit\/lenovo-laptop-backpack-b210-15-6-inch-laptop\/\" \/>\n<meta property=\"og:site_name\" content=\"AU MARCHE BURKINA\" \/>\n<meta property=\"article:publisher\" content=\"https:\/\/www.facebook.com\/aumarchebf\" \/>\n<meta property=\"og:image\" content=\"https:\/\/aumarche.biz\/bf\/wp-content\/uploads\/2023\/10\/lon.png\" \/>\n\t<meta property=\"og:image:width\" content=\"719\" \/>\n\t<meta property=\"og:image:height\" content=\"541\" \/>\n\t<meta property=\"og:image:type\" content=\"image\/png\" \/>\n<meta name=\"twitter:card\" content=\"summary_large_image\" \/>\n<script type=\"application\/ld+json\" class=\"yoast-schema-graph\">{\"@context\":\"https:\/\/schema.org\",\"@graph\":[{\"@type\":\"WebPage\",\"@id\":\"https:\/\/aumarche.biz\/bf\/index.php\/produit\/lenovo-laptop-backpack-b210-15-6-inch-laptop\/\",\"url\":\"https:\/\/aumarche.biz\/bf\/index.php\/produit\/lenovo-laptop-backpack-b210-15-6-inch-laptop\/\",\"name\":\"Lenovo Laptop Backpack B210, 15.6-Inch Laptop - AU MARCHE BURKINA\",\"isPartOf\":{\"@id\":\"https:\/\/aumarche.biz\/bf\/#website\"},\"primaryImageOfPage\":{\"@id\":\"https:\/\/aumarche.biz\/bf\/index.php\/produit\/lenovo-laptop-backpack-b210-15-6-inch-laptop\/#primaryimage\"},\"image\":{\"@id\":\"https:\/\/aumarche.biz\/bf\/index.php\/produit\/lenovo-laptop-backpack-b210-15-6-inch-laptop\/#primaryimage\"},\"thumbnailUrl\":\"https:\/\/aumarche.biz\/bf\/wp-content\/uploads\/2023\/10\/lon.png\",\"datePublished\":\"2023-10-19T16:34:16+00:00\",\"breadcrumb\":{\"@id\":\"https:\/\/aumarche.biz\/bf\/index.php\/produit\/lenovo-laptop-backpack-b210-15-6-inch-laptop\/#breadcrumb\"},\"inLanguage\":\"fr-FR\",\"potentialAction\":[{\"@type\":\"ReadAction\",\"target\":[\"https:\/\/aumarche.biz\/bf\/index.php\/produit\/lenovo-laptop-backpack-b210-15-6-inch-laptop\/\"]}]},{\"@type\":\"ImageObject\",\"inLanguage\":\"fr-FR\",\"@id\":\"https:\/\/aumarche.biz\/bf\/index.php\/produit\/lenovo-laptop-backpack-b210-15-6-inch-laptop\/#primaryimage\",\"url\":\"https:\/\/aumarche.biz\/bf\/wp-content\/uploads\/2023\/10\/lon.png\",\"contentUrl\":\"https:\/\/aumarche.biz\/bf\/wp-content\/uploads\/2023\/10\/lon.png\",\"width\":719,\"height\":541},{\"@type\":\"BreadcrumbList\",\"@id\":\"https:\/\/aumarche.biz\/bf\/index.php\/produit\/lenovo-laptop-backpack-b210-15-6-inch-laptop\/#breadcrumb\",\"itemListElement\":[{\"@type\":\"ListItem\",\"position\":1,\"name\":\"Accueil\",\"item\":\"https:\/\/aumarche.biz\/bf\/\"},{\"@type\":\"ListItem\",\"position\":2,\"name\":\"Boutique\",\"item\":\"https:\/\/aumarche.biz\/bf\/index.php\/boutique\/\"},{\"@type\":\"ListItem\",\"position\":3,\"name\":\"Lenovo Laptop Backpack B210, 15.6-Inch Laptop\"}]},{\"@type\":\"WebSite\",\"@id\":\"https:\/\/aumarche.biz\/bf\/#website\",\"url\":\"https:\/\/aumarche.biz\/bf\/\",\"name\":\"aumarche.biz\",\"description\":\"Vendre et acheter autrement\",\"publisher\":{\"@id\":\"https:\/\/aumarche.biz\/bf\/#organization\"},\"potentialAction\":[{\"@type\":\"SearchAction\",\"target\":{\"@type\":\"EntryPoint\",\"urlTemplate\":\"https:\/\/aumarche.biz\/bf\/?s={search_term_string}\"},\"query-input\":{\"@type\":\"PropertyValueSpecification\",\"valueRequired\":true,\"valueName\":\"search_term_string\"}}],\"inLanguage\":\"fr-FR\"},{\"@type\":\"Organization\",\"@id\":\"https:\/\/aumarche.biz\/bf\/#organization\",\"name\":\"aumarche.biz\",\"url\":\"https:\/\/aumarche.biz\/bf\/\",\"logo\":{\"@type\":\"ImageObject\",\"inLanguage\":\"fr-FR\",\"@id\":\"https:\/\/aumarche.biz\/bf\/#\/schema\/logo\/image\/\",\"url\":\"https:\/\/aumarche.biz\/bf\/wp-content\/uploads\/2023\/09\/favicone.png\",\"contentUrl\":\"https:\/\/aumarche.biz\/bf\/wp-content\/uploads\/2023\/09\/favicone.png\",\"width\":64,\"height\":64,\"caption\":\"aumarche.biz\"},\"image\":{\"@id\":\"https:\/\/aumarche.biz\/bf\/#\/schema\/logo\/image\/\"},\"sameAs\":[\"https:\/\/www.facebook.com\/aumarchebf\"]}]}<\/script>\n<!-- \/ Yoast SEO plugin. -->","yoast_head_json":{"title":"Lenovo Laptop Backpack B210, 15.6-Inch Laptop - AU MARCHE BURKINA","robots":{"index":"noindex","follow":"follow","max-snippet":"max-snippet:-1","max-image-preview":"max-image-preview:large","max-video-preview":"max-video-preview:-1"},"og_locale":"fr_FR","og_type":"article","og_title":"Lenovo Laptop Backpack B210, 15.6-Inch Laptop - AU MARCHE BURKINA","og_description":"Conception durable : le sac \u00e0 dos pour ordinateur portable est dot\u00e9 d\u2019un tissu en polyester r\u00e9sistant et hydrofuge et d\u2019un design \u00e9pur\u00e9 avec un int\u00e9rieur rembourr\u00e9 pour prot\u00e9ger votre ordinateur portable, votre ordinateur portable et d\u2019autres objets importantsAjustement confortable : ce sac \u00e0 dos compact est dot\u00e9 d\u2019un panneau dorsal matelass\u00e9 et de bretelles enti\u00e8rement r\u00e9glables, ce qui le rend confortable pour une utilisation toute la journ\u00e9e, ainsi que d\u2019une poche avant zipp\u00e9e \u00e0 acc\u00e8s rapide pour un rangement suppl\u00e9mentaire.","og_url":"https:\/\/aumarche.biz\/bf\/index.php\/produit\/lenovo-laptop-backpack-b210-15-6-inch-laptop\/","og_site_name":"AU MARCHE BURKINA","article_publisher":"https:\/\/www.facebook.com\/aumarchebf","og_image":[{"width":719,"height":541,"url":"https:\/\/aumarche.biz\/bf\/wp-content\/uploads\/2023\/10\/lon.png","type":"image\/png"}],"twitter_card":"summary_large_image","schema":{"@context":"https:\/\/schema.org","@graph":[{"@type":"WebPage","@id":"https:\/\/aumarche.biz\/bf\/index.php\/produit\/lenovo-laptop-backpack-b210-15-6-inch-laptop\/","url":"https:\/\/aumarche.biz\/bf\/index.php\/produit\/lenovo-laptop-backpack-b210-15-6-inch-laptop\/","name":"Lenovo Laptop Backpack B210, 15.6-Inch Laptop - AU MARCHE BURKINA","isPartOf":{"@id":"https:\/\/aumarche.biz\/bf\/#website"},"primaryImageOfPage":{"@id":"https:\/\/aumarche.biz\/bf\/index.php\/produit\/lenovo-laptop-backpack-b210-15-6-inch-laptop\/#primaryimage"},"image":{"@id":"https:\/\/aumarche.biz\/bf\/index.php\/produit\/lenovo-laptop-backpack-b210-15-6-inch-laptop\/#primaryimage"},"thumbnailUrl":"https:\/\/aumarche.biz\/bf\/wp-content\/uploads\/2023\/10\/lon.png","datePublished":"2023-10-19T16:34:16+00:00","breadcrumb":{"@id":"https:\/\/aumarche.biz\/bf\/index.php\/produit\/lenovo-laptop-backpack-b210-15-6-inch-laptop\/#breadcrumb"},"inLanguage":"fr-FR","potentialAction":[{"@type":"ReadAction","target":["https:\/\/aumarche.biz\/bf\/index.php\/produit\/lenovo-laptop-backpack-b210-15-6-inch-laptop\/"]}]},{"@type":"ImageObject","inLanguage":"fr-FR","@id":"https:\/\/aumarche.biz\/bf\/index.php\/produit\/lenovo-laptop-backpack-b210-15-6-inch-laptop\/#primaryimage","url":"https:\/\/aumarche.biz\/bf\/wp-content\/uploads\/2023\/10\/lon.png","contentUrl":"https:\/\/aumarche.biz\/bf\/wp-content\/uploads\/2023\/10\/lon.png","width":719,"height":541},{"@type":"BreadcrumbList","@id":"https:\/\/aumarche.biz\/bf\/index.php\/produit\/lenovo-laptop-backpack-b210-15-6-inch-laptop\/#breadcrumb","itemListElement":[{"@type":"ListItem","position":1,"name":"Accueil","item":"https:\/\/aumarche.biz\/bf\/"},{"@type":"ListItem","position":2,"name":"Boutique","item":"https:\/\/aumarche.biz\/bf\/index.php\/boutique\/"},{"@type":"ListItem","position":3,"name":"Lenovo Laptop Backpack B210, 15.6-Inch Laptop"}]},{"@type":"WebSite","@id":"https:\/\/aumarche.biz\/bf\/#website","url":"https:\/\/aumarche.biz\/bf\/","name":"aumarche.biz","description":"Vendre et acheter autrement","publisher":{"@id":"https:\/\/aumarche.biz\/bf\/#organization"},"potentialAction":[{"@type":"SearchAction","target":{"@type":"EntryPoint","urlTemplate":"https:\/\/aumarche.biz\/bf\/?s={search_term_string}"},"query-input":{"@type":"PropertyValueSpecification","valueRequired":true,"valueName":"search_term_string"}}],"inLanguage":"fr-FR"},{"@type":"Organization","@id":"https:\/\/aumarche.biz\/bf\/#organization","name":"aumarche.biz","url":"https:\/\/aumarche.biz\/bf\/","logo":{"@type":"ImageObject","inLanguage":"fr-FR","@id":"https:\/\/aumarche.biz\/bf\/#\/schema\/logo\/image\/","url":"https:\/\/aumarche.biz\/bf\/wp-content\/uploads\/2023\/09\/favicone.png","contentUrl":"https:\/\/aumarche.biz\/bf\/wp-content\/uploads\/2023\/09\/favicone.png","width":64,"height":64,"caption":"aumarche.biz"},"image":{"@id":"https:\/\/aumarche.biz\/bf\/#\/schema\/logo\/image\/"},"sameAs":["https:\/\/www.facebook.com\/aumarchebf"]}]}},"_links":{"self":[{"href":"https:\/\/aumarche.biz\/bf\/index.php\/wp-json\/wp\/v2\/product\/5247","targetHints":{"allow":["GET"]}}],"collection":[{"href":"https:\/\/aumarche.biz\/bf\/index.php\/wp-json\/wp\/v2\/product"}],"about":[{"href":"https:\/\/aumarche.biz\/bf\/index.php\/wp-json\/wp\/v2\/types\/product"}],"wp:featuredmedia":[{"embeddable":true,"href":"https:\/\/aumarche.biz\/bf\/index.php\/wp-json\/wp\/v2\/media\/5243"}],"wp:attachment":[{"href":"https:\/\/aumarche.biz\/bf\/index.php\/wp-json\/wp\/v2\/media?parent=5247"}],"wp:term":[{"taxonomy":"product_cat","embeddable":true,"href":"https:\/\/aumarche.biz\/bf\/index.php\/wp-json\/wp\/v2\/product_cat?post=5247"},{"taxonomy":"product_tag","embeddable":true,"href":"https:\/\/aumarche.biz\/bf\/index.php\/wp-json\/wp\/v2\/product_tag?post=5247"}],"curies":[{"name":"wp","href":"https:\/\/api.w.org\/{rel}","templated":true}]}}