{"id":5251,"date":"2023-10-19T16:42:47","date_gmt":"2023-10-19T16:42:47","guid":{"rendered":"https:\/\/aumarche.biz\/bf\/index.php\/produit\/hp-pavilion-gaming-backpack-400\/"},"modified":"2023-10-19T16:42:47","modified_gmt":"2023-10-19T16:42:47","slug":"hp-pavilion-gaming-backpack-400","status":"publish","type":"product","link":"https:\/\/aumarche.biz\/bf\/index.php\/produit\/hp-pavilion-gaming-backpack-400\/","title":{"rendered":"Hp Pavilion Gaming Backpack 400"},"content":{"rendered":"<table id=\"productDetails_techSpec_section_1\" class=\"a-keyvalue prodDetTable\" role=\"presentation\" style=\"margin-bottom: 22px;border-collapse: collapse;width: 680.594px;border-spacing: 0px;padding: 0px;font-family: Arial, sans-serif;font-size: 14px\">\n<tbody>\n<tr>\n<th class=\"a-color-secondary a-size-base prodDetSectionEntry\" style=\"vertical-align: top;text-align: left;padding: 7px 14px 6px;font-weight: 400;width: 340.297px;font-size: 14px !important;line-height: 20px !important\">Brand<\/th>\n<td class=\"a-size-base prodDetAttrValue\" style=\"vertical-align: top;padding: 7px 14px 6px;font-size: 14px !important;line-height: 20px !important\">\u200eHP<\/td>\n<\/tr>\n<tr>\n<th class=\"a-color-secondary a-size-base prodDetSectionEntry\" style=\"vertical-align: top;text-align: left;padding: 7px 14px 6px;font-weight: 400;width: 340.297px;font-size: 14px !important;line-height: 20px !important\">Product Dimensions<\/th>\n<td class=\"a-size-base prodDetAttrValue\" style=\"vertical-align: top;padding: 7px 14px 6px;font-size: 14px !important;line-height: 20px !important\">\u200e31 x 16 x 45.5 cm; 680.39 Grams<\/td>\n<\/tr>\n<tr>\n<th class=\"a-color-secondary a-size-base prodDetSectionEntry\" style=\"vertical-align: top;text-align: left;padding: 7px 14px 6px;font-weight: 400;width: 340.297px;font-size: 14px !important;line-height: 20px !important\">Item model number<\/th>\n<td class=\"a-size-base prodDetAttrValue\" style=\"vertical-align: top;padding: 7px 14px 6px;font-size: 14px !important;line-height: 20px !important\">\u200e400<\/td>\n<\/tr>\n<tr>\n<th class=\"a-color-secondary a-size-base prodDetSectionEntry\" style=\"vertical-align: top;text-align: left;padding: 7px 14px 6px;font-weight: 400;width: 340.297px;font-size: 14px !important;line-height: 20px !important\">Manufacturer<\/th>\n<td class=\"a-size-base prodDetAttrValue\" style=\"vertical-align: top;padding: 7px 14px 6px;font-size: 14px !important;line-height: 20px !important\">\u200eHP<\/td>\n<\/tr>\n<tr>\n<th class=\"a-color-secondary a-size-base prodDetSectionEntry\" style=\"vertical-align: top;text-align: left;padding: 7px 14px 6px;font-weight: 400;width: 340.297px;font-size: 14px !important;line-height: 20px !important\">Series<\/th>\n<td class=\"a-size-base prodDetAttrValue\" style=\"vertical-align: top;padding: 7px 14px 6px;font-size: 14px !important;line-height: 20px !important\">\u200ePavilion 15 Gaming Backpack 400<\/td>\n<\/tr>\n<tr>\n<th class=\"a-color-secondary a-size-base prodDetSectionEntry\" style=\"vertical-align: top;text-align: left;padding: 7px 14px 6px;font-weight: 400;width: 340.297px;font-size: 14px !important;line-height: 20px !important\">Color<\/th>\n<td class=\"a-size-base prodDetAttrValue\" style=\"vertical-align: top;padding: 7px 14px 6px;font-size: 14px !important;line-height: 20px !important\">\u200eBlack\/Acid Green<\/td>\n<\/tr>\n<tr>\n<th class=\"a-color-secondary a-size-base prodDetSectionEntry\" style=\"vertical-align: top;text-align: left;padding: 7px 14px 6px;font-weight: 400;width: 340.297px;font-size: 14px !important;line-height: 20px !important\">Standing screen display size<\/th>\n<td class=\"a-size-base prodDetAttrValue\" style=\"vertical-align: top;padding: 7px 14px 6px;font-size: 14px !important;line-height: 20px !important\">\u200e15.6 Centimeters<\/td>\n<\/tr>\n<tr>\n<th class=\"a-color-secondary a-size-base prodDetSectionEntry\" style=\"vertical-align: top;text-align: left;padding: 7px 14px 6px;font-weight: 400;width: 340.297px;font-size: 14px !important;line-height: 20px !important\">Are Batteries Included<\/th>\n<td class=\"a-size-base prodDetAttrValue\" style=\"vertical-align: top;padding: 7px 14px 6px;font-size: 14px !important;line-height: 20px !important\">\u200eNo<\/td>\n<\/tr>\n<tr>\n<th class=\"a-color-secondary a-size-base prodDetSectionEntry\" style=\"vertical-align: top;text-align: left;padding: 7px 14px 6px;font-weight: 400;width: 340.297px;font-size: 14px !important;line-height: 20px !important\">Item Weight<\/th>\n<td class=\"a-size-base prodDetAttrValue\" style=\"vertical-align: top;padding: 7px 14px 6px;font-size: 14px !important;line-height: 20px !important\">\u200e680 g<\/td>\n<\/tr>\n<\/tbody>\n<\/table>\n","protected":false},"excerpt":{"rendered":"<p>Con\u00e7u pour ceux qui jouent n\u2019importe o\u00f9 et n\u2019importe o\u00f9, le sac \u00e0 dos de jeu HP Pavilion 400 est dot\u00e9 d\u2019un ext\u00e9rieur r\u00e9sistant \u00e0 l\u2019eau, d\u2019un ajustement confortable et de compartiments spacieux pour tout votre \u00e9quipement de jeu, y compris les ordinateurs portables jusqu\u2019\u00e0 15,6 \u00bb (39,62 cm) de diagonale.<\/p>\n<p>Ajustement confortable<\/p>\n<p>Compartiments spacieux pour tout votre \u00e9quipement de jeu, ordinateurs portables jusqu\u2019\u00e0 15,6 \u00bb<\/p>\n<p>Prot\u00e9gez votre \u00e9quipement des intemp\u00e9ries gr\u00e2ce \u00e0 un ext\u00e9rieur robuste et r\u00e9sistant \u00e0 l\u2019eau<\/p>\n<p>Produit HP 100% d\u2019origine.<\/p>\n","protected":false},"featured_media":5248,"template":"","meta":[],"product_cat":[265,264],"product_tag":[],"class_list":{"0":"post-5251","1":"product","2":"type-product","3":"status-publish","4":"has-post-thumbnail","6":"product_brand-hp","7":"product_cat-electronique","8":"product_cat-high-tech","10":"first","11":"instock","12":"taxable","13":"shipping-taxable","14":"purchasable","15":"product-type-simple","16":"col-xs-6 col-sm-4","17":"col-md-3 col-lg-3","18":"un-4-cols"},"yoast_head":"<!-- This site is optimized with the Yoast SEO plugin v26.9 - https:\/\/yoast.com\/product\/yoast-seo-wordpress\/ -->\n<title>Hp Pavilion Gaming Backpack 400 - AU MARCHE BURKINA<\/title>\n<meta name=\"robots\" content=\"noindex, follow, max-snippet:-1, max-image-preview:large, max-video-preview:-1\" \/>\n<meta property=\"og:locale\" content=\"fr_FR\" \/>\n<meta property=\"og:type\" content=\"article\" \/>\n<meta property=\"og:title\" content=\"Hp Pavilion Gaming Backpack 400 - AU MARCHE BURKINA\" \/>\n<meta property=\"og:description\" content=\"Con\u00e7u pour ceux qui jouent n\u2019importe o\u00f9 et n\u2019importe o\u00f9, le sac \u00e0 dos de jeu HP Pavilion 400 est dot\u00e9 d\u2019un ext\u00e9rieur r\u00e9sistant \u00e0 l\u2019eau, d\u2019un ajustement confortable et de compartiments spacieux pour tout votre \u00e9quipement de jeu, y compris les ordinateurs portables jusqu\u2019\u00e0 15,6 \u00bb (39,62 cm) de diagonale.Ajustement confortableCompartiments spacieux pour tout votre \u00e9quipement de jeu, ordinateurs portables jusqu\u2019\u00e0 15,6 \u00bbProt\u00e9gez votre \u00e9quipement des intemp\u00e9ries gr\u00e2ce \u00e0 un ext\u00e9rieur robuste et r\u00e9sistant \u00e0 l\u2019eauProduit HP 100% d\u2019origine.\" \/>\n<meta property=\"og:url\" content=\"https:\/\/aumarche.biz\/bf\/index.php\/produit\/hp-pavilion-gaming-backpack-400\/\" \/>\n<meta property=\"og:site_name\" content=\"AU MARCHE BURKINA\" \/>\n<meta property=\"article:publisher\" content=\"https:\/\/www.facebook.com\/aumarchebf\" \/>\n<meta property=\"og:image\" content=\"https:\/\/aumarche.biz\/bf\/wp-content\/uploads\/2023\/10\/a1ubxwkehsl.-ac-sl1500-4059-0-131222101021087.jpg\" \/>\n\t<meta property=\"og:image:width\" content=\"1200\" \/>\n\t<meta property=\"og:image:height\" content=\"1192\" \/>\n\t<meta property=\"og:image:type\" content=\"image\/jpeg\" \/>\n<meta name=\"twitter:card\" content=\"summary_large_image\" \/>\n<script type=\"application\/ld+json\" class=\"yoast-schema-graph\">{\"@context\":\"https:\/\/schema.org\",\"@graph\":[{\"@type\":\"WebPage\",\"@id\":\"https:\/\/aumarche.biz\/bf\/index.php\/produit\/hp-pavilion-gaming-backpack-400\/\",\"url\":\"https:\/\/aumarche.biz\/bf\/index.php\/produit\/hp-pavilion-gaming-backpack-400\/\",\"name\":\"Hp Pavilion Gaming Backpack 400 - AU MARCHE BURKINA\",\"isPartOf\":{\"@id\":\"https:\/\/aumarche.biz\/bf\/#website\"},\"primaryImageOfPage\":{\"@id\":\"https:\/\/aumarche.biz\/bf\/index.php\/produit\/hp-pavilion-gaming-backpack-400\/#primaryimage\"},\"image\":{\"@id\":\"https:\/\/aumarche.biz\/bf\/index.php\/produit\/hp-pavilion-gaming-backpack-400\/#primaryimage\"},\"thumbnailUrl\":\"https:\/\/aumarche.biz\/bf\/wp-content\/uploads\/2023\/10\/a1ubxwkehsl.-ac-sl1500-4059-0-131222101021087.jpg\",\"datePublished\":\"2023-10-19T16:42:47+00:00\",\"breadcrumb\":{\"@id\":\"https:\/\/aumarche.biz\/bf\/index.php\/produit\/hp-pavilion-gaming-backpack-400\/#breadcrumb\"},\"inLanguage\":\"fr-FR\",\"potentialAction\":[{\"@type\":\"ReadAction\",\"target\":[\"https:\/\/aumarche.biz\/bf\/index.php\/produit\/hp-pavilion-gaming-backpack-400\/\"]}]},{\"@type\":\"ImageObject\",\"inLanguage\":\"fr-FR\",\"@id\":\"https:\/\/aumarche.biz\/bf\/index.php\/produit\/hp-pavilion-gaming-backpack-400\/#primaryimage\",\"url\":\"https:\/\/aumarche.biz\/bf\/wp-content\/uploads\/2023\/10\/a1ubxwkehsl.-ac-sl1500-4059-0-131222101021087.jpg\",\"contentUrl\":\"https:\/\/aumarche.biz\/bf\/wp-content\/uploads\/2023\/10\/a1ubxwkehsl.-ac-sl1500-4059-0-131222101021087.jpg\",\"width\":1200,\"height\":1192},{\"@type\":\"BreadcrumbList\",\"@id\":\"https:\/\/aumarche.biz\/bf\/index.php\/produit\/hp-pavilion-gaming-backpack-400\/#breadcrumb\",\"itemListElement\":[{\"@type\":\"ListItem\",\"position\":1,\"name\":\"Accueil\",\"item\":\"https:\/\/aumarche.biz\/bf\/\"},{\"@type\":\"ListItem\",\"position\":2,\"name\":\"Boutique\",\"item\":\"https:\/\/aumarche.biz\/bf\/index.php\/boutique\/\"},{\"@type\":\"ListItem\",\"position\":3,\"name\":\"Hp Pavilion Gaming Backpack 400\"}]},{\"@type\":\"WebSite\",\"@id\":\"https:\/\/aumarche.biz\/bf\/#website\",\"url\":\"https:\/\/aumarche.biz\/bf\/\",\"name\":\"aumarche.biz\",\"description\":\"Vendre et acheter autrement\",\"publisher\":{\"@id\":\"https:\/\/aumarche.biz\/bf\/#organization\"},\"potentialAction\":[{\"@type\":\"SearchAction\",\"target\":{\"@type\":\"EntryPoint\",\"urlTemplate\":\"https:\/\/aumarche.biz\/bf\/?s={search_term_string}\"},\"query-input\":{\"@type\":\"PropertyValueSpecification\",\"valueRequired\":true,\"valueName\":\"search_term_string\"}}],\"inLanguage\":\"fr-FR\"},{\"@type\":\"Organization\",\"@id\":\"https:\/\/aumarche.biz\/bf\/#organization\",\"name\":\"aumarche.biz\",\"url\":\"https:\/\/aumarche.biz\/bf\/\",\"logo\":{\"@type\":\"ImageObject\",\"inLanguage\":\"fr-FR\",\"@id\":\"https:\/\/aumarche.biz\/bf\/#\/schema\/logo\/image\/\",\"url\":\"https:\/\/aumarche.biz\/bf\/wp-content\/uploads\/2023\/09\/favicone.png\",\"contentUrl\":\"https:\/\/aumarche.biz\/bf\/wp-content\/uploads\/2023\/09\/favicone.png\",\"width\":64,\"height\":64,\"caption\":\"aumarche.biz\"},\"image\":{\"@id\":\"https:\/\/aumarche.biz\/bf\/#\/schema\/logo\/image\/\"},\"sameAs\":[\"https:\/\/www.facebook.com\/aumarchebf\"]}]}<\/script>\n<!-- \/ Yoast SEO plugin. -->","yoast_head_json":{"title":"Hp Pavilion Gaming Backpack 400 - AU MARCHE BURKINA","robots":{"index":"noindex","follow":"follow","max-snippet":"max-snippet:-1","max-image-preview":"max-image-preview:large","max-video-preview":"max-video-preview:-1"},"og_locale":"fr_FR","og_type":"article","og_title":"Hp Pavilion Gaming Backpack 400 - AU MARCHE BURKINA","og_description":"Con\u00e7u pour ceux qui jouent n\u2019importe o\u00f9 et n\u2019importe o\u00f9, le sac \u00e0 dos de jeu HP Pavilion 400 est dot\u00e9 d\u2019un ext\u00e9rieur r\u00e9sistant \u00e0 l\u2019eau, d\u2019un ajustement confortable et de compartiments spacieux pour tout votre \u00e9quipement de jeu, y compris les ordinateurs portables jusqu\u2019\u00e0 15,6 \u00bb (39,62 cm) de diagonale.Ajustement confortableCompartiments spacieux pour tout votre \u00e9quipement de jeu, ordinateurs portables jusqu\u2019\u00e0 15,6 \u00bbProt\u00e9gez votre \u00e9quipement des intemp\u00e9ries gr\u00e2ce \u00e0 un ext\u00e9rieur robuste et r\u00e9sistant \u00e0 l\u2019eauProduit HP 100% d\u2019origine.","og_url":"https:\/\/aumarche.biz\/bf\/index.php\/produit\/hp-pavilion-gaming-backpack-400\/","og_site_name":"AU MARCHE BURKINA","article_publisher":"https:\/\/www.facebook.com\/aumarchebf","og_image":[{"width":1200,"height":1192,"url":"https:\/\/aumarche.biz\/bf\/wp-content\/uploads\/2023\/10\/a1ubxwkehsl.-ac-sl1500-4059-0-131222101021087.jpg","type":"image\/jpeg"}],"twitter_card":"summary_large_image","schema":{"@context":"https:\/\/schema.org","@graph":[{"@type":"WebPage","@id":"https:\/\/aumarche.biz\/bf\/index.php\/produit\/hp-pavilion-gaming-backpack-400\/","url":"https:\/\/aumarche.biz\/bf\/index.php\/produit\/hp-pavilion-gaming-backpack-400\/","name":"Hp Pavilion Gaming Backpack 400 - AU MARCHE BURKINA","isPartOf":{"@id":"https:\/\/aumarche.biz\/bf\/#website"},"primaryImageOfPage":{"@id":"https:\/\/aumarche.biz\/bf\/index.php\/produit\/hp-pavilion-gaming-backpack-400\/#primaryimage"},"image":{"@id":"https:\/\/aumarche.biz\/bf\/index.php\/produit\/hp-pavilion-gaming-backpack-400\/#primaryimage"},"thumbnailUrl":"https:\/\/aumarche.biz\/bf\/wp-content\/uploads\/2023\/10\/a1ubxwkehsl.-ac-sl1500-4059-0-131222101021087.jpg","datePublished":"2023-10-19T16:42:47+00:00","breadcrumb":{"@id":"https:\/\/aumarche.biz\/bf\/index.php\/produit\/hp-pavilion-gaming-backpack-400\/#breadcrumb"},"inLanguage":"fr-FR","potentialAction":[{"@type":"ReadAction","target":["https:\/\/aumarche.biz\/bf\/index.php\/produit\/hp-pavilion-gaming-backpack-400\/"]}]},{"@type":"ImageObject","inLanguage":"fr-FR","@id":"https:\/\/aumarche.biz\/bf\/index.php\/produit\/hp-pavilion-gaming-backpack-400\/#primaryimage","url":"https:\/\/aumarche.biz\/bf\/wp-content\/uploads\/2023\/10\/a1ubxwkehsl.-ac-sl1500-4059-0-131222101021087.jpg","contentUrl":"https:\/\/aumarche.biz\/bf\/wp-content\/uploads\/2023\/10\/a1ubxwkehsl.-ac-sl1500-4059-0-131222101021087.jpg","width":1200,"height":1192},{"@type":"BreadcrumbList","@id":"https:\/\/aumarche.biz\/bf\/index.php\/produit\/hp-pavilion-gaming-backpack-400\/#breadcrumb","itemListElement":[{"@type":"ListItem","position":1,"name":"Accueil","item":"https:\/\/aumarche.biz\/bf\/"},{"@type":"ListItem","position":2,"name":"Boutique","item":"https:\/\/aumarche.biz\/bf\/index.php\/boutique\/"},{"@type":"ListItem","position":3,"name":"Hp Pavilion Gaming Backpack 400"}]},{"@type":"WebSite","@id":"https:\/\/aumarche.biz\/bf\/#website","url":"https:\/\/aumarche.biz\/bf\/","name":"aumarche.biz","description":"Vendre et acheter autrement","publisher":{"@id":"https:\/\/aumarche.biz\/bf\/#organization"},"potentialAction":[{"@type":"SearchAction","target":{"@type":"EntryPoint","urlTemplate":"https:\/\/aumarche.biz\/bf\/?s={search_term_string}"},"query-input":{"@type":"PropertyValueSpecification","valueRequired":true,"valueName":"search_term_string"}}],"inLanguage":"fr-FR"},{"@type":"Organization","@id":"https:\/\/aumarche.biz\/bf\/#organization","name":"aumarche.biz","url":"https:\/\/aumarche.biz\/bf\/","logo":{"@type":"ImageObject","inLanguage":"fr-FR","@id":"https:\/\/aumarche.biz\/bf\/#\/schema\/logo\/image\/","url":"https:\/\/aumarche.biz\/bf\/wp-content\/uploads\/2023\/09\/favicone.png","contentUrl":"https:\/\/aumarche.biz\/bf\/wp-content\/uploads\/2023\/09\/favicone.png","width":64,"height":64,"caption":"aumarche.biz"},"image":{"@id":"https:\/\/aumarche.biz\/bf\/#\/schema\/logo\/image\/"},"sameAs":["https:\/\/www.facebook.com\/aumarchebf"]}]}},"_links":{"self":[{"href":"https:\/\/aumarche.biz\/bf\/index.php\/wp-json\/wp\/v2\/product\/5251","targetHints":{"allow":["GET"]}}],"collection":[{"href":"https:\/\/aumarche.biz\/bf\/index.php\/wp-json\/wp\/v2\/product"}],"about":[{"href":"https:\/\/aumarche.biz\/bf\/index.php\/wp-json\/wp\/v2\/types\/product"}],"wp:featuredmedia":[{"embeddable":true,"href":"https:\/\/aumarche.biz\/bf\/index.php\/wp-json\/wp\/v2\/media\/5248"}],"wp:attachment":[{"href":"https:\/\/aumarche.biz\/bf\/index.php\/wp-json\/wp\/v2\/media?parent=5251"}],"wp:term":[{"taxonomy":"product_cat","embeddable":true,"href":"https:\/\/aumarche.biz\/bf\/index.php\/wp-json\/wp\/v2\/product_cat?post=5251"},{"taxonomy":"product_tag","embeddable":true,"href":"https:\/\/aumarche.biz\/bf\/index.php\/wp-json\/wp\/v2\/product_tag?post=5251"}],"curies":[{"name":"wp","href":"https:\/\/api.w.org\/{rel}","templated":true}]}}