{"id":5277,"date":"2023-11-09T15:28:40","date_gmt":"2023-11-09T15:28:40","guid":{"rendered":"https:\/\/aumarche.biz\/bf\/index.php\/produit\/belkin-multiple-socket-6-usb\/"},"modified":"2023-11-09T15:30:40","modified_gmt":"2023-11-09T15:30:40","slug":"belkin-multiple-socket-6-usb","status":"publish","type":"product","link":"https:\/\/aumarche.biz\/bf\/index.php\/produit\/belkin-multiple-socket-6-usb\/","title":{"rendered":"BELKIN MULTIPLE SOCKET 6+ USB"},"content":{"rendered":"<p><\/p>\n","protected":false},"excerpt":{"rendered":"<p><p class=\"MsoNormal\"><span style=\"font-size:12.0pt;line-height:107%\">Simplifiez<br \/>\nla connexion de votre ordinateur portable \u00e0 divers appareils avec l&rsquo;adaptateur<br \/>\nUSB-C multiport 6-en-1 de Belkin. Cette solution polyvalente transforme le port<br \/>\nUSB-C de votre ordinateur en un port HDMI, 2 ports USB-A, un port Ethernet, un<br \/>\nlecteur de carte SD et un port USB-C PD. Acc\u00e9dez \u00e0 des ports souvent absents<br \/>\nsur les nouveaux mod\u00e8les d&rsquo;ordinateurs portables. L&rsquo;adaptateur prend en charge<br \/>\nla technologie d&rsquo;alimentation Pass-Through jusqu&rsquo;\u00e0 100 W, \u00e9liminant le besoin<br \/>\nde choisir entre la connexion USB et l&rsquo;alimentation \u00e9lectrique. Compact et fin,<br \/>\nil est parfait pour les personnes avec plusieurs espaces de travail ou celles<br \/>\nqui veulent \u00e9viter les c\u00e2bles emm\u00eal\u00e9s. Profitez de r\u00e9solutions d&rsquo;image 4K et de<br \/>\ntransferts rapides de donn\u00e9es (5 Gbit\/s) entre votre ordinateur portable et les<br \/>\np\u00e9riph\u00e9riques.<\/span><\/p>\n<p><\/p>\n","protected":false},"featured_media":5273,"template":"","meta":[],"product_cat":[265,264],"product_tag":[],"class_list":{"0":"post-5277","1":"product","2":"type-product","3":"status-publish","4":"has-post-thumbnail","6":"product_brand-autres-marques","7":"product_cat-electronique","8":"product_cat-high-tech","10":"first","11":"instock","12":"taxable","13":"shipping-taxable","14":"purchasable","15":"product-type-simple","16":"col-xs-6 col-sm-4","17":"col-md-3 col-lg-3","18":"un-4-cols"},"yoast_head":"<!-- This site is optimized with the Yoast SEO plugin v26.9 - https:\/\/yoast.com\/product\/yoast-seo-wordpress\/ -->\n<title>BELKIN MULTIPLE SOCKET 6+ USB - AU MARCHE BURKINA<\/title>\n<meta name=\"robots\" content=\"noindex, follow, max-snippet:-1, max-image-preview:large, max-video-preview:-1\" \/>\n<meta property=\"og:locale\" content=\"fr_FR\" \/>\n<meta property=\"og:type\" content=\"article\" \/>\n<meta property=\"og:title\" content=\"BELKIN MULTIPLE SOCKET 6+ USB - AU MARCHE BURKINA\" \/>\n<meta property=\"og:description\" content=\"Simplifiez la connexion de votre ordinateur portable \u00e0 divers appareils avec l&#039;adaptateur USB-C multiport 6-en-1 de Belkin. Cette solution polyvalente transforme le port USB-C de votre ordinateur en un port HDMI, 2 ports USB-A, un port Ethernet, un lecteur de carte SD et un port USB-C PD. Acc\u00e9dez \u00e0 des ports souvent absents sur les nouveaux mod\u00e8les d&#039;ordinateurs portables. L&#039;adaptateur prend en charge la technologie d&#039;alimentation Pass-Through jusqu&#039;\u00e0 100 W, \u00e9liminant le besoin de choisir entre la connexion USB et l&#039;alimentation \u00e9lectrique. Compact et fin, il est parfait pour les personnes avec plusieurs espaces de travail ou celles qui veulent \u00e9viter les c\u00e2bles emm\u00eal\u00e9s. Profitez de r\u00e9solutions d&#039;image 4K et de transferts rapides de donn\u00e9es (5 Gbit\/s) entre votre ordinateur portable et les p\u00e9riph\u00e9riques.\" \/>\n<meta property=\"og:url\" content=\"https:\/\/aumarche.biz\/bf\/index.php\/produit\/belkin-multiple-socket-6-usb\/\" \/>\n<meta property=\"og:site_name\" content=\"AU MARCHE BURKINA\" \/>\n<meta property=\"article:publisher\" content=\"https:\/\/www.facebook.com\/aumarchebf\" \/>\n<meta property=\"article:modified_time\" content=\"2023-11-09T15:30:40+00:00\" \/>\n<meta property=\"og:image\" content=\"https:\/\/aumarche.biz\/bf\/wp-content\/uploads\/2023\/11\/141167654_AVC008btSGY_USB-C_6in1_Multiport_Adapter_Front_w_Cable_Web_1.webp\" \/>\n\t<meta property=\"og:image:width\" content=\"700\" \/>\n\t<meta property=\"og:image:height\" content=\"700\" \/>\n\t<meta property=\"og:image:type\" content=\"image\/webp\" \/>\n<meta name=\"twitter:card\" content=\"summary_large_image\" \/>\n<script type=\"application\/ld+json\" class=\"yoast-schema-graph\">{\"@context\":\"https:\/\/schema.org\",\"@graph\":[{\"@type\":\"WebPage\",\"@id\":\"https:\/\/aumarche.biz\/bf\/index.php\/produit\/belkin-multiple-socket-6-usb\/\",\"url\":\"https:\/\/aumarche.biz\/bf\/index.php\/produit\/belkin-multiple-socket-6-usb\/\",\"name\":\"BELKIN MULTIPLE SOCKET 6+ USB - AU MARCHE BURKINA\",\"isPartOf\":{\"@id\":\"https:\/\/aumarche.biz\/bf\/#website\"},\"primaryImageOfPage\":{\"@id\":\"https:\/\/aumarche.biz\/bf\/index.php\/produit\/belkin-multiple-socket-6-usb\/#primaryimage\"},\"image\":{\"@id\":\"https:\/\/aumarche.biz\/bf\/index.php\/produit\/belkin-multiple-socket-6-usb\/#primaryimage\"},\"thumbnailUrl\":\"https:\/\/aumarche.biz\/bf\/wp-content\/uploads\/2023\/11\/141167654_AVC008btSGY_USB-C_6in1_Multiport_Adapter_Front_w_Cable_Web_1.webp\",\"datePublished\":\"2023-11-09T15:28:40+00:00\",\"dateModified\":\"2023-11-09T15:30:40+00:00\",\"breadcrumb\":{\"@id\":\"https:\/\/aumarche.biz\/bf\/index.php\/produit\/belkin-multiple-socket-6-usb\/#breadcrumb\"},\"inLanguage\":\"fr-FR\",\"potentialAction\":[{\"@type\":\"ReadAction\",\"target\":[\"https:\/\/aumarche.biz\/bf\/index.php\/produit\/belkin-multiple-socket-6-usb\/\"]}]},{\"@type\":\"ImageObject\",\"inLanguage\":\"fr-FR\",\"@id\":\"https:\/\/aumarche.biz\/bf\/index.php\/produit\/belkin-multiple-socket-6-usb\/#primaryimage\",\"url\":\"https:\/\/aumarche.biz\/bf\/wp-content\/uploads\/2023\/11\/141167654_AVC008btSGY_USB-C_6in1_Multiport_Adapter_Front_w_Cable_Web_1.webp\",\"contentUrl\":\"https:\/\/aumarche.biz\/bf\/wp-content\/uploads\/2023\/11\/141167654_AVC008btSGY_USB-C_6in1_Multiport_Adapter_Front_w_Cable_Web_1.webp\",\"width\":700,\"height\":700},{\"@type\":\"BreadcrumbList\",\"@id\":\"https:\/\/aumarche.biz\/bf\/index.php\/produit\/belkin-multiple-socket-6-usb\/#breadcrumb\",\"itemListElement\":[{\"@type\":\"ListItem\",\"position\":1,\"name\":\"Accueil\",\"item\":\"https:\/\/aumarche.biz\/bf\/\"},{\"@type\":\"ListItem\",\"position\":2,\"name\":\"Boutique\",\"item\":\"https:\/\/aumarche.biz\/bf\/index.php\/boutique\/\"},{\"@type\":\"ListItem\",\"position\":3,\"name\":\"BELKIN MULTIPLE SOCKET 6+ USB\"}]},{\"@type\":\"WebSite\",\"@id\":\"https:\/\/aumarche.biz\/bf\/#website\",\"url\":\"https:\/\/aumarche.biz\/bf\/\",\"name\":\"aumarche.biz\",\"description\":\"Vendre et acheter autrement\",\"publisher\":{\"@id\":\"https:\/\/aumarche.biz\/bf\/#organization\"},\"potentialAction\":[{\"@type\":\"SearchAction\",\"target\":{\"@type\":\"EntryPoint\",\"urlTemplate\":\"https:\/\/aumarche.biz\/bf\/?s={search_term_string}\"},\"query-input\":{\"@type\":\"PropertyValueSpecification\",\"valueRequired\":true,\"valueName\":\"search_term_string\"}}],\"inLanguage\":\"fr-FR\"},{\"@type\":\"Organization\",\"@id\":\"https:\/\/aumarche.biz\/bf\/#organization\",\"name\":\"aumarche.biz\",\"url\":\"https:\/\/aumarche.biz\/bf\/\",\"logo\":{\"@type\":\"ImageObject\",\"inLanguage\":\"fr-FR\",\"@id\":\"https:\/\/aumarche.biz\/bf\/#\/schema\/logo\/image\/\",\"url\":\"https:\/\/aumarche.biz\/bf\/wp-content\/uploads\/2023\/09\/favicone.png\",\"contentUrl\":\"https:\/\/aumarche.biz\/bf\/wp-content\/uploads\/2023\/09\/favicone.png\",\"width\":64,\"height\":64,\"caption\":\"aumarche.biz\"},\"image\":{\"@id\":\"https:\/\/aumarche.biz\/bf\/#\/schema\/logo\/image\/\"},\"sameAs\":[\"https:\/\/www.facebook.com\/aumarchebf\"]}]}<\/script>\n<!-- \/ Yoast SEO plugin. -->","yoast_head_json":{"title":"BELKIN MULTIPLE SOCKET 6+ USB - AU MARCHE BURKINA","robots":{"index":"noindex","follow":"follow","max-snippet":"max-snippet:-1","max-image-preview":"max-image-preview:large","max-video-preview":"max-video-preview:-1"},"og_locale":"fr_FR","og_type":"article","og_title":"BELKIN MULTIPLE SOCKET 6+ USB - AU MARCHE BURKINA","og_description":"Simplifiez la connexion de votre ordinateur portable \u00e0 divers appareils avec l'adaptateur USB-C multiport 6-en-1 de Belkin. Cette solution polyvalente transforme le port USB-C de votre ordinateur en un port HDMI, 2 ports USB-A, un port Ethernet, un lecteur de carte SD et un port USB-C PD. Acc\u00e9dez \u00e0 des ports souvent absents sur les nouveaux mod\u00e8les d'ordinateurs portables. L'adaptateur prend en charge la technologie d'alimentation Pass-Through jusqu'\u00e0 100 W, \u00e9liminant le besoin de choisir entre la connexion USB et l'alimentation \u00e9lectrique. Compact et fin, il est parfait pour les personnes avec plusieurs espaces de travail ou celles qui veulent \u00e9viter les c\u00e2bles emm\u00eal\u00e9s. Profitez de r\u00e9solutions d'image 4K et de transferts rapides de donn\u00e9es (5 Gbit\/s) entre votre ordinateur portable et les p\u00e9riph\u00e9riques.","og_url":"https:\/\/aumarche.biz\/bf\/index.php\/produit\/belkin-multiple-socket-6-usb\/","og_site_name":"AU MARCHE BURKINA","article_publisher":"https:\/\/www.facebook.com\/aumarchebf","article_modified_time":"2023-11-09T15:30:40+00:00","og_image":[{"width":700,"height":700,"url":"https:\/\/aumarche.biz\/bf\/wp-content\/uploads\/2023\/11\/141167654_AVC008btSGY_USB-C_6in1_Multiport_Adapter_Front_w_Cable_Web_1.webp","type":"image\/webp"}],"twitter_card":"summary_large_image","schema":{"@context":"https:\/\/schema.org","@graph":[{"@type":"WebPage","@id":"https:\/\/aumarche.biz\/bf\/index.php\/produit\/belkin-multiple-socket-6-usb\/","url":"https:\/\/aumarche.biz\/bf\/index.php\/produit\/belkin-multiple-socket-6-usb\/","name":"BELKIN MULTIPLE SOCKET 6+ USB - AU MARCHE BURKINA","isPartOf":{"@id":"https:\/\/aumarche.biz\/bf\/#website"},"primaryImageOfPage":{"@id":"https:\/\/aumarche.biz\/bf\/index.php\/produit\/belkin-multiple-socket-6-usb\/#primaryimage"},"image":{"@id":"https:\/\/aumarche.biz\/bf\/index.php\/produit\/belkin-multiple-socket-6-usb\/#primaryimage"},"thumbnailUrl":"https:\/\/aumarche.biz\/bf\/wp-content\/uploads\/2023\/11\/141167654_AVC008btSGY_USB-C_6in1_Multiport_Adapter_Front_w_Cable_Web_1.webp","datePublished":"2023-11-09T15:28:40+00:00","dateModified":"2023-11-09T15:30:40+00:00","breadcrumb":{"@id":"https:\/\/aumarche.biz\/bf\/index.php\/produit\/belkin-multiple-socket-6-usb\/#breadcrumb"},"inLanguage":"fr-FR","potentialAction":[{"@type":"ReadAction","target":["https:\/\/aumarche.biz\/bf\/index.php\/produit\/belkin-multiple-socket-6-usb\/"]}]},{"@type":"ImageObject","inLanguage":"fr-FR","@id":"https:\/\/aumarche.biz\/bf\/index.php\/produit\/belkin-multiple-socket-6-usb\/#primaryimage","url":"https:\/\/aumarche.biz\/bf\/wp-content\/uploads\/2023\/11\/141167654_AVC008btSGY_USB-C_6in1_Multiport_Adapter_Front_w_Cable_Web_1.webp","contentUrl":"https:\/\/aumarche.biz\/bf\/wp-content\/uploads\/2023\/11\/141167654_AVC008btSGY_USB-C_6in1_Multiport_Adapter_Front_w_Cable_Web_1.webp","width":700,"height":700},{"@type":"BreadcrumbList","@id":"https:\/\/aumarche.biz\/bf\/index.php\/produit\/belkin-multiple-socket-6-usb\/#breadcrumb","itemListElement":[{"@type":"ListItem","position":1,"name":"Accueil","item":"https:\/\/aumarche.biz\/bf\/"},{"@type":"ListItem","position":2,"name":"Boutique","item":"https:\/\/aumarche.biz\/bf\/index.php\/boutique\/"},{"@type":"ListItem","position":3,"name":"BELKIN MULTIPLE SOCKET 6+ USB"}]},{"@type":"WebSite","@id":"https:\/\/aumarche.biz\/bf\/#website","url":"https:\/\/aumarche.biz\/bf\/","name":"aumarche.biz","description":"Vendre et acheter autrement","publisher":{"@id":"https:\/\/aumarche.biz\/bf\/#organization"},"potentialAction":[{"@type":"SearchAction","target":{"@type":"EntryPoint","urlTemplate":"https:\/\/aumarche.biz\/bf\/?s={search_term_string}"},"query-input":{"@type":"PropertyValueSpecification","valueRequired":true,"valueName":"search_term_string"}}],"inLanguage":"fr-FR"},{"@type":"Organization","@id":"https:\/\/aumarche.biz\/bf\/#organization","name":"aumarche.biz","url":"https:\/\/aumarche.biz\/bf\/","logo":{"@type":"ImageObject","inLanguage":"fr-FR","@id":"https:\/\/aumarche.biz\/bf\/#\/schema\/logo\/image\/","url":"https:\/\/aumarche.biz\/bf\/wp-content\/uploads\/2023\/09\/favicone.png","contentUrl":"https:\/\/aumarche.biz\/bf\/wp-content\/uploads\/2023\/09\/favicone.png","width":64,"height":64,"caption":"aumarche.biz"},"image":{"@id":"https:\/\/aumarche.biz\/bf\/#\/schema\/logo\/image\/"},"sameAs":["https:\/\/www.facebook.com\/aumarchebf"]}]}},"_links":{"self":[{"href":"https:\/\/aumarche.biz\/bf\/index.php\/wp-json\/wp\/v2\/product\/5277","targetHints":{"allow":["GET"]}}],"collection":[{"href":"https:\/\/aumarche.biz\/bf\/index.php\/wp-json\/wp\/v2\/product"}],"about":[{"href":"https:\/\/aumarche.biz\/bf\/index.php\/wp-json\/wp\/v2\/types\/product"}],"wp:featuredmedia":[{"embeddable":true,"href":"https:\/\/aumarche.biz\/bf\/index.php\/wp-json\/wp\/v2\/media\/5273"}],"wp:attachment":[{"href":"https:\/\/aumarche.biz\/bf\/index.php\/wp-json\/wp\/v2\/media?parent=5277"}],"wp:term":[{"taxonomy":"product_cat","embeddable":true,"href":"https:\/\/aumarche.biz\/bf\/index.php\/wp-json\/wp\/v2\/product_cat?post=5277"},{"taxonomy":"product_tag","embeddable":true,"href":"https:\/\/aumarche.biz\/bf\/index.php\/wp-json\/wp\/v2\/product_tag?post=5277"}],"curies":[{"name":"wp","href":"https:\/\/api.w.org\/{rel}","templated":true}]}}