{"id":5287,"date":"2023-11-09T16:14:13","date_gmt":"2023-11-09T16:14:13","guid":{"rendered":"https:\/\/aumarche.biz\/bf\/index.php\/produit\/samsung-55-qled-4k\/"},"modified":"2023-11-09T16:14:13","modified_gmt":"2023-11-09T16:14:13","slug":"samsung-55-qled-4k","status":"publish","type":"product","link":"https:\/\/aumarche.biz\/bf\/index.php\/produit\/samsung-55-qled-4k\/","title":{"rendered":"SAMSUNG 55&Prime; QLED 4K"},"content":{"rendered":"<div class=\"pr__m-crtstc__t ln__font-uppercase ln__body-lg ln__body-sm--v-sm ln__font--700\" style=\"margin: 0px;padding: 0.75rem 0.5rem;font-family: Roboto, sans-serif;font-size: 0.875rem;font-weight: 700;line-height: 1.25;letter-spacing: 0.0125rem;text-transform: uppercase\">FICHE TECHNIQUE \/ CARACT\u00c9RISTIQUES<\/div>\n<table class=\"pr__m-crtstc__l is--unfolded\" data-collapse-carac-list=\"\">\n<tbody style=\"margin: 0px;padding: 0px\">\n<tr style=\"margin: 0px;padding: 0px;width: 672px\">\n<td class=\"ln__body-sm\" style=\"margin: 0px;padding: 0.4375rem 0.5rem;font-family: Roboto, sans-serif;font-size: 0.75rem;line-height: 1.5;letter-spacing: 0.015rem;width: 12.5rem\">Diagonale<\/td>\n<td class=\"ln__body-lg ln__font--700\" style=\"margin: 0px;padding: 0.4375rem 0.5rem;font-family: Roboto, sans-serif;font-size: 0.875rem;font-weight: 700;line-height: 1.25;letter-spacing: 0.0125rem\">55 pouces<\/td>\n<\/tr>\n<tr style=\"margin: 0px;padding: 0px;width: 672px\">\n<td class=\"ln__body-sm\" style=\"margin: 0px;padding: 0.4375rem 0.5rem;font-family: Roboto, sans-serif;font-size: 0.75rem;line-height: 1.5;letter-spacing: 0.015rem;width: 12.5rem\">D\u00e9finition (pixels)<\/td>\n<td class=\"ln__body-lg ln__font--700\" style=\"margin: 0px;padding: 0.4375rem 0.5rem;font-family: Roboto, sans-serif;font-size: 0.875rem;font-weight: 700;line-height: 1.25;letter-spacing: 0.0125rem\">3840 x 2160 pixels<\/td>\n<\/tr>\n<tr style=\"margin: 0px;padding: 0px;width: 672px\">\n<td class=\"ln__body-sm\" style=\"margin: 0px;padding: 0.4375rem 0.5rem;font-family: Roboto, sans-serif;font-size: 0.75rem;line-height: 1.5;letter-spacing: 0.015rem;width: 12.5rem\">Compatibilit\u00e9 HD (1080i\/720p)<\/td>\n<td class=\"ln__body-lg ln__font--700\" style=\"margin: 0px;padding: 0.4375rem 0.5rem;font-family: Roboto, sans-serif;font-size: 0.875rem;font-weight: 700;line-height: 1.25;letter-spacing: 0.0125rem\">2160p\/1080p\/720p<\/td>\n<\/tr>\n<tr style=\"margin: 0px;padding: 0px;width: 672px\">\n<td class=\"ln__body-sm\" style=\"margin: 0px;padding: 0.4375rem 0.5rem;font-family: Roboto, sans-serif;font-size: 0.75rem;line-height: 1.5;letter-spacing: 0.015rem;width: 12.5rem\">Certification HD Ready<\/td>\n<td class=\"ln__body-lg ln__font--700\" style=\"margin: 0px;padding: 0.4375rem 0.5rem;font-family: Roboto, sans-serif;font-size: 0.875rem;font-weight: 700;line-height: 1.25;letter-spacing: 0.0125rem\">Oui<\/td>\n<\/tr>\n<tr style=\"margin: 0px;padding: 0px;width: 672px\">\n<td class=\"ln__body-sm\" style=\"margin: 0px;padding: 0.4375rem 0.5rem;font-family: Roboto, sans-serif;font-size: 0.75rem;line-height: 1.5;letter-spacing: 0.015rem;width: 12.5rem\">Angles de vision (H+V)<\/td>\n<td class=\"ln__body-lg ln__font--700\" style=\"margin: 0px;padding: 0.4375rem 0.5rem;font-family: Roboto, sans-serif;font-size: 0.875rem;font-weight: 700;line-height: 1.25;letter-spacing: 0.0125rem\">178\/178<\/td>\n<\/tr>\n<tr style=\"margin: 0px;padding: 0px;width: 672px\">\n<td class=\"ln__body-sm\" style=\"margin: 0px;padding: 0.4375rem 0.5rem;font-family: Roboto, sans-serif;font-size: 0.75rem;line-height: 1.5;letter-spacing: 0.015rem;width: 12.5rem\">Puissance sonore<\/td>\n<td class=\"ln__body-lg ln__font--700\" style=\"margin: 0px;padding: 0.4375rem 0.5rem;font-family: Roboto, sans-serif;font-size: 0.875rem;font-weight: 700;line-height: 1.25;letter-spacing: 0.0125rem\">70 W (4.2.2)<\/td>\n<\/tr>\n<tr class=\"is--collapsible\" style=\"margin: 0px;padding: 0px;width: 672px\">\n<td class=\"ln__body-sm\" style=\"margin: 0px;padding: 0.4375rem 0.5rem;font-family: Roboto, sans-serif;font-size: 0.75rem;line-height: 1.5;letter-spacing: 0.015rem;width: 12.5rem\">Connectique<\/td>\n<td class=\"ln__body-lg ln__font--700\" style=\"margin: 0px;padding: 0.4375rem 0.5rem;font-family: Roboto, sans-serif;font-size: 0.875rem;font-weight: 700;line-height: 1.25;letter-spacing: 0.0125rem\">4 x HDMI 2.1, 3 x USB, Ethernet, 1 x SPDIF, Wi-Fi, Bluetooth<\/td>\n<\/tr>\n<tr class=\"is--collapsible\" style=\"margin: 0px;padding: 0px;width: 672px\">\n<td class=\"ln__body-sm\" style=\"margin: 0px;padding: 0.4375rem 0.5rem;font-family: Roboto, sans-serif;font-size: 0.75rem;line-height: 1.5;letter-spacing: 0.015rem;width: 12.5rem\">Dimensions (LxHxP)<\/td>\n<td class=\"ln__body-lg ln__font--700\" style=\"margin: 0px;padding: 0.4375rem 0.5rem;font-family: Roboto, sans-serif;font-size: 0.875rem;font-weight: 700;line-height: 1.25;letter-spacing: 0.0125rem\">122,8 x 77,3 x 29,8 cm<\/td>\n<\/tr>\n<tr class=\"is--collapsible\" style=\"margin: 0px;padding: 0px;width: 672px\">\n<td class=\"ln__body-sm\" style=\"margin: 0px;padding: 0.4375rem 0.5rem;font-family: Roboto, sans-serif;font-size: 0.75rem;line-height: 1.5;letter-spacing: 0.015rem;width: 12.5rem\">Poids<\/td>\n<td class=\"ln__body-lg ln__font--700\" style=\"margin: 0px;padding: 0.4375rem 0.5rem;font-family: Roboto, sans-serif;font-size: 0.875rem;font-weight: 700;line-height: 1.25;letter-spacing: 0.0125rem\">24.2 kg<\/td>\n<\/tr>\n<tr class=\"is--collapsible\" style=\"margin: 0px;padding: 0px;width: 672px\">\n<td class=\"ln__body-sm\" style=\"margin: 0px;padding: 0.4375rem 0.5rem;font-family: Roboto, sans-serif;font-size: 0.75rem;line-height: 1.5;letter-spacing: 0.015rem;width: 12.5rem\">Type<\/td>\n<td class=\"ln__body-lg ln__font--700\" style=\"margin: 0px;padding: 0.4375rem 0.5rem;font-family: Roboto, sans-serif;font-size: 0.875rem;font-weight: 700;line-height: 1.25;letter-spacing: 0.0125rem\">LCD<\/td>\n<\/tr>\n<tr class=\"is--collapsible\" style=\"margin: 0px;padding: 0px;width: 672px\">\n<td class=\"ln__body-sm\" style=\"margin: 0px;padding: 0.4375rem 0.5rem;font-family: Roboto, sans-serif;font-size: 0.75rem;line-height: 1.5;letter-spacing: 0.015rem;width: 12.5rem\">Type de r\u00e9tro\u00e9clairage<\/td>\n<td class=\"ln__body-lg ln__font--700\" style=\"margin: 0px;padding: 0.4375rem 0.5rem;font-family: Roboto, sans-serif;font-size: 0.875rem;font-weight: 700;line-height: 1.25;letter-spacing: 0.0125rem\">Mini LED<\/td>\n<\/tr>\n<tr class=\"is--collapsible\" style=\"margin: 0px;padding: 0px;width: 672px\">\n<td class=\"ln__body-sm\" style=\"margin: 0px;padding: 0.4375rem 0.5rem;font-family: Roboto, sans-serif;font-size: 0.75rem;line-height: 1.5;letter-spacing: 0.015rem;width: 12.5rem\">Compatibilit\u00e9 3D<\/td>\n<td class=\"ln__body-lg ln__font--700\" style=\"margin: 0px;padding: 0.4375rem 0.5rem;font-family: Roboto, sans-serif;font-size: 0.875rem;font-weight: 700;line-height: 1.25;letter-spacing: 0.0125rem\">Non<\/td>\n<\/tr>\n<tr class=\"is--collapsible\" style=\"margin: 0px;padding: 0px;width: 672px\">\n<td class=\"ln__body-sm\" style=\"margin: 0px;padding: 0.4375rem 0.5rem;font-family: Roboto, sans-serif;font-size: 0.75rem;line-height: 1.5;letter-spacing: 0.015rem;width: 12.5rem\">Compatibilit\u00e9 HDR<\/td>\n<td class=\"ln__body-lg ln__font--700\" style=\"margin: 0px;padding: 0.4375rem 0.5rem;font-family: Roboto, sans-serif;font-size: 0.875rem;font-weight: 700;line-height: 1.25;letter-spacing: 0.0125rem\">HDR10, HDR10+, HLG<\/td>\n<\/tr>\n<tr class=\"is--collapsible\" style=\"margin: 0px;padding: 0px;width: 672px\">\n<td class=\"ln__body-sm\" style=\"margin: 0px;padding: 0.4375rem 0.5rem;font-family: Roboto, sans-serif;font-size: 0.75rem;line-height: 1.5;letter-spacing: 0.015rem;width: 12.5rem\">Dalle<\/td>\n<td class=\"ln__body-lg ln__font--700\" style=\"margin: 0px;padding: 0.4375rem 0.5rem;font-family: Roboto, sans-serif;font-size: 0.875rem;font-weight: 700;line-height: 1.25;letter-spacing: 0.0125rem\">10 bits<\/td>\n<\/tr>\n<tr class=\"is--collapsible\" style=\"margin: 0px;padding: 0px;width: 672px\">\n<td class=\"ln__body-sm\" style=\"margin: 0px;padding: 0.4375rem 0.5rem;font-family: Roboto, sans-serif;font-size: 0.75rem;line-height: 1.5;letter-spacing: 0.015rem;width: 12.5rem\">Fr\u00e9quence de la dalle<\/td>\n<td class=\"ln__body-lg ln__font--700\" style=\"margin: 0px;padding: 0.4375rem 0.5rem;font-family: Roboto, sans-serif;font-size: 0.875rem;font-weight: 700;line-height: 1.25;letter-spacing: 0.0125rem\">144 Hz<\/td>\n<\/tr>\n<tr class=\"is--collapsible\" style=\"margin: 0px;padding: 0px;width: 672px\">\n<td class=\"ln__body-sm\" style=\"margin: 0px;padding: 0.4375rem 0.5rem;font-family: Roboto, sans-serif;font-size: 0.75rem;line-height: 1.5;letter-spacing: 0.015rem;width: 12.5rem\">Indice de r\u00e9parabilit\u00e9<\/td>\n<td class=\"ln__body-lg ln__font--700\" style=\"margin: 0px;padding: 0.4375rem 0.5rem;font-family: Roboto, sans-serif;font-size: 0.875rem;font-weight: 700;line-height: 1.25;letter-spacing: 0.0125rem\">8.4 \/10<\/td>\n<\/tr>\n<tr class=\"is--collapsible\" style=\"margin: 0px;padding: 0px;width: 672px\">\n<td class=\"ln__body-sm\" style=\"margin: 0px;padding: 0.4375rem 0.5rem;font-family: Roboto, sans-serif;font-size: 0.75rem;line-height: 1.5;letter-spacing: 0.015rem;width: 12.5rem\">Norme HDMI<\/td>\n<td class=\"ln__body-lg ln__font--700\" style=\"margin: 0px;padding: 0.4375rem 0.5rem;font-family: Roboto, sans-serif;font-size: 0.875rem;font-weight: 700;line-height: 1.25;letter-spacing: 0.0125rem\">HDMI 1.4, HDMI 2.0b, HDMI 2.1<\/td>\n<\/tr>\n<tr class=\"is--collapsible\" style=\"margin: 0px;padding: 0px;width: 672px\">\n<td class=\"ln__body-sm\" style=\"margin: 0px;padding: 0.4375rem 0.5rem;font-family: Roboto, sans-serif;font-size: 0.75rem;line-height: 1.5;letter-spacing: 0.015rem;width: 12.5rem\">Nombre d&rsquo;entr\u00e9es HDMI<\/td>\n<td class=\"ln__body-lg ln__font--700\" style=\"margin: 0px;padding: 0.4375rem 0.5rem;font-family: Roboto, sans-serif;font-size: 0.875rem;font-weight: 700;line-height: 1.25;letter-spacing: 0.0125rem\">4<\/td>\n<\/tr>\n<tr class=\"is--collapsible\" style=\"margin: 0px;padding: 0px;width: 672px\">\n<td class=\"ln__body-sm\" style=\"margin: 0px;padding: 0.4375rem 0.5rem;font-family: Roboto, sans-serif;font-size: 0.75rem;line-height: 1.5;letter-spacing: 0.015rem;width: 12.5rem\">Dont HDMI 2.1<\/td>\n<td class=\"ln__body-lg ln__font--700\" style=\"margin: 0px;padding: 0.4375rem 0.5rem;font-family: Roboto, sans-serif;font-size: 0.875rem;font-weight: 700;line-height: 1.25;letter-spacing: 0.0125rem\">4<\/td>\n<\/tr>\n<\/tbody>\n<\/table>\n","protected":false},"excerpt":{"rendered":"<p><p class=\"MsoNormal\">Explorez une exp\u00e9rience visuelle exceptionnelle avec le<br \/>\nSamsung QLED 4K Q60C. Profitez de contrastes plus intenses gr\u00e2ce \u00e0 la<br \/>\ntechnologie Dual LED, d&rsquo;un processeur plus rapide et puissant avec le Quantum<br \/>\nProcessor Lite 4K, et d&rsquo;un volume colorim\u00e9trique reproduit \u00e0 100 % gr\u00e2ce aux<br \/>\nQuantum Dots. Plongez dans un son immersif et r\u00e9aliste avec OTS Lite. Le<br \/>\nnouveau r\u00e9tro\u00e9clairage Dual LED offre un contraste profond et des couleurs<br \/>\nriches. Le mode Cin\u00e9ma assure une r\u00e9partition homog\u00e8ne de l&rsquo;\u00e9clairage pour des images<br \/>\ncaptivantes. Au c\u0153ur de ce t\u00e9l\u00e9viseur se trouve le Quantum Processor Lite 4K,<br \/>\nutilisant l&rsquo;intelligence artificielle pour optimiser chaque sc\u00e8ne en 4K UHD.<br \/>\nRed\u00e9couvrez vos films pr\u00e9f\u00e9r\u00e9s d&rsquo;une toute nouvelle mani\u00e8re !<\/p>\n<p><br data-mce-bogus=\"1\"><\/p>\n","protected":false},"featured_media":5284,"template":"","meta":[],"product_cat":[265,264],"product_tag":[],"class_list":{"0":"post-5287","1":"product","2":"type-product","3":"status-publish","4":"has-post-thumbnail","6":"product_brand-samsung","7":"product_cat-electronique","8":"product_cat-high-tech","10":"first","11":"instock","12":"taxable","13":"shipping-taxable","14":"purchasable","15":"product-type-simple","16":"col-xs-6 col-sm-4","17":"col-md-3 col-lg-3","18":"un-4-cols"},"yoast_head":"<!-- This site is optimized with the Yoast SEO plugin v26.9 - https:\/\/yoast.com\/product\/yoast-seo-wordpress\/ -->\n<title>SAMSUNG 55&quot; QLED 4K - AU MARCHE BURKINA<\/title>\n<meta name=\"robots\" content=\"noindex, follow, max-snippet:-1, max-image-preview:large, max-video-preview:-1\" \/>\n<meta property=\"og:locale\" content=\"fr_FR\" \/>\n<meta property=\"og:type\" content=\"article\" \/>\n<meta property=\"og:title\" content=\"SAMSUNG 55&quot; QLED 4K - AU MARCHE BURKINA\" \/>\n<meta property=\"og:description\" content=\"Explorez une exp\u00e9rience visuelle exceptionnelle avec le Samsung QLED 4K Q60C. Profitez de contrastes plus intenses gr\u00e2ce \u00e0 la technologie Dual LED, d&#039;un processeur plus rapide et puissant avec le Quantum Processor Lite 4K, et d&#039;un volume colorim\u00e9trique reproduit \u00e0 100 % gr\u00e2ce aux Quantum Dots. Plongez dans un son immersif et r\u00e9aliste avec OTS Lite. Le nouveau r\u00e9tro\u00e9clairage Dual LED offre un contraste profond et des couleurs riches. Le mode Cin\u00e9ma assure une r\u00e9partition homog\u00e8ne de l&#039;\u00e9clairage pour des images captivantes. Au c\u0153ur de ce t\u00e9l\u00e9viseur se trouve le Quantum Processor Lite 4K, utilisant l&#039;intelligence artificielle pour optimiser chaque sc\u00e8ne en 4K UHD. Red\u00e9couvrez vos films pr\u00e9f\u00e9r\u00e9s d&#039;une toute nouvelle mani\u00e8re !\" \/>\n<meta property=\"og:url\" content=\"https:\/\/aumarche.biz\/bf\/index.php\/produit\/samsung-55-qled-4k\/\" \/>\n<meta property=\"og:site_name\" content=\"AU MARCHE BURKINA\" \/>\n<meta property=\"article:publisher\" content=\"https:\/\/www.facebook.com\/aumarchebf\" \/>\n<meta property=\"og:image\" content=\"https:\/\/aumarche.biz\/bf\/wp-content\/uploads\/2023\/11\/GVGGR.png\" \/>\n\t<meta property=\"og:image:width\" content=\"471\" \/>\n\t<meta property=\"og:image:height\" content=\"409\" \/>\n\t<meta property=\"og:image:type\" content=\"image\/png\" \/>\n<meta name=\"twitter:card\" content=\"summary_large_image\" \/>\n<script type=\"application\/ld+json\" class=\"yoast-schema-graph\">{\"@context\":\"https:\/\/schema.org\",\"@graph\":[{\"@type\":\"WebPage\",\"@id\":\"https:\/\/aumarche.biz\/bf\/index.php\/produit\/samsung-55-qled-4k\/\",\"url\":\"https:\/\/aumarche.biz\/bf\/index.php\/produit\/samsung-55-qled-4k\/\",\"name\":\"SAMSUNG 55\\\" QLED 4K - AU MARCHE BURKINA\",\"isPartOf\":{\"@id\":\"https:\/\/aumarche.biz\/bf\/#website\"},\"primaryImageOfPage\":{\"@id\":\"https:\/\/aumarche.biz\/bf\/index.php\/produit\/samsung-55-qled-4k\/#primaryimage\"},\"image\":{\"@id\":\"https:\/\/aumarche.biz\/bf\/index.php\/produit\/samsung-55-qled-4k\/#primaryimage\"},\"thumbnailUrl\":\"https:\/\/aumarche.biz\/bf\/wp-content\/uploads\/2023\/11\/GVGGR.png\",\"datePublished\":\"2023-11-09T16:14:13+00:00\",\"breadcrumb\":{\"@id\":\"https:\/\/aumarche.biz\/bf\/index.php\/produit\/samsung-55-qled-4k\/#breadcrumb\"},\"inLanguage\":\"fr-FR\",\"potentialAction\":[{\"@type\":\"ReadAction\",\"target\":[\"https:\/\/aumarche.biz\/bf\/index.php\/produit\/samsung-55-qled-4k\/\"]}]},{\"@type\":\"ImageObject\",\"inLanguage\":\"fr-FR\",\"@id\":\"https:\/\/aumarche.biz\/bf\/index.php\/produit\/samsung-55-qled-4k\/#primaryimage\",\"url\":\"https:\/\/aumarche.biz\/bf\/wp-content\/uploads\/2023\/11\/GVGGR.png\",\"contentUrl\":\"https:\/\/aumarche.biz\/bf\/wp-content\/uploads\/2023\/11\/GVGGR.png\",\"width\":471,\"height\":409},{\"@type\":\"BreadcrumbList\",\"@id\":\"https:\/\/aumarche.biz\/bf\/index.php\/produit\/samsung-55-qled-4k\/#breadcrumb\",\"itemListElement\":[{\"@type\":\"ListItem\",\"position\":1,\"name\":\"Accueil\",\"item\":\"https:\/\/aumarche.biz\/bf\/\"},{\"@type\":\"ListItem\",\"position\":2,\"name\":\"Boutique\",\"item\":\"https:\/\/aumarche.biz\/bf\/index.php\/boutique\/\"},{\"@type\":\"ListItem\",\"position\":3,\"name\":\"SAMSUNG 55&Prime; QLED 4K\"}]},{\"@type\":\"WebSite\",\"@id\":\"https:\/\/aumarche.biz\/bf\/#website\",\"url\":\"https:\/\/aumarche.biz\/bf\/\",\"name\":\"aumarche.biz\",\"description\":\"Vendre et acheter autrement\",\"publisher\":{\"@id\":\"https:\/\/aumarche.biz\/bf\/#organization\"},\"potentialAction\":[{\"@type\":\"SearchAction\",\"target\":{\"@type\":\"EntryPoint\",\"urlTemplate\":\"https:\/\/aumarche.biz\/bf\/?s={search_term_string}\"},\"query-input\":{\"@type\":\"PropertyValueSpecification\",\"valueRequired\":true,\"valueName\":\"search_term_string\"}}],\"inLanguage\":\"fr-FR\"},{\"@type\":\"Organization\",\"@id\":\"https:\/\/aumarche.biz\/bf\/#organization\",\"name\":\"aumarche.biz\",\"url\":\"https:\/\/aumarche.biz\/bf\/\",\"logo\":{\"@type\":\"ImageObject\",\"inLanguage\":\"fr-FR\",\"@id\":\"https:\/\/aumarche.biz\/bf\/#\/schema\/logo\/image\/\",\"url\":\"https:\/\/aumarche.biz\/bf\/wp-content\/uploads\/2023\/09\/favicone.png\",\"contentUrl\":\"https:\/\/aumarche.biz\/bf\/wp-content\/uploads\/2023\/09\/favicone.png\",\"width\":64,\"height\":64,\"caption\":\"aumarche.biz\"},\"image\":{\"@id\":\"https:\/\/aumarche.biz\/bf\/#\/schema\/logo\/image\/\"},\"sameAs\":[\"https:\/\/www.facebook.com\/aumarchebf\"]}]}<\/script>\n<!-- \/ Yoast SEO plugin. -->","yoast_head_json":{"title":"SAMSUNG 55\" QLED 4K - AU MARCHE BURKINA","robots":{"index":"noindex","follow":"follow","max-snippet":"max-snippet:-1","max-image-preview":"max-image-preview:large","max-video-preview":"max-video-preview:-1"},"og_locale":"fr_FR","og_type":"article","og_title":"SAMSUNG 55\" QLED 4K - AU MARCHE BURKINA","og_description":"Explorez une exp\u00e9rience visuelle exceptionnelle avec le Samsung QLED 4K Q60C. Profitez de contrastes plus intenses gr\u00e2ce \u00e0 la technologie Dual LED, d'un processeur plus rapide et puissant avec le Quantum Processor Lite 4K, et d'un volume colorim\u00e9trique reproduit \u00e0 100 % gr\u00e2ce aux Quantum Dots. Plongez dans un son immersif et r\u00e9aliste avec OTS Lite. Le nouveau r\u00e9tro\u00e9clairage Dual LED offre un contraste profond et des couleurs riches. Le mode Cin\u00e9ma assure une r\u00e9partition homog\u00e8ne de l'\u00e9clairage pour des images captivantes. Au c\u0153ur de ce t\u00e9l\u00e9viseur se trouve le Quantum Processor Lite 4K, utilisant l'intelligence artificielle pour optimiser chaque sc\u00e8ne en 4K UHD. Red\u00e9couvrez vos films pr\u00e9f\u00e9r\u00e9s d'une toute nouvelle mani\u00e8re !","og_url":"https:\/\/aumarche.biz\/bf\/index.php\/produit\/samsung-55-qled-4k\/","og_site_name":"AU MARCHE BURKINA","article_publisher":"https:\/\/www.facebook.com\/aumarchebf","og_image":[{"width":471,"height":409,"url":"https:\/\/aumarche.biz\/bf\/wp-content\/uploads\/2023\/11\/GVGGR.png","type":"image\/png"}],"twitter_card":"summary_large_image","schema":{"@context":"https:\/\/schema.org","@graph":[{"@type":"WebPage","@id":"https:\/\/aumarche.biz\/bf\/index.php\/produit\/samsung-55-qled-4k\/","url":"https:\/\/aumarche.biz\/bf\/index.php\/produit\/samsung-55-qled-4k\/","name":"SAMSUNG 55\" QLED 4K - AU MARCHE BURKINA","isPartOf":{"@id":"https:\/\/aumarche.biz\/bf\/#website"},"primaryImageOfPage":{"@id":"https:\/\/aumarche.biz\/bf\/index.php\/produit\/samsung-55-qled-4k\/#primaryimage"},"image":{"@id":"https:\/\/aumarche.biz\/bf\/index.php\/produit\/samsung-55-qled-4k\/#primaryimage"},"thumbnailUrl":"https:\/\/aumarche.biz\/bf\/wp-content\/uploads\/2023\/11\/GVGGR.png","datePublished":"2023-11-09T16:14:13+00:00","breadcrumb":{"@id":"https:\/\/aumarche.biz\/bf\/index.php\/produit\/samsung-55-qled-4k\/#breadcrumb"},"inLanguage":"fr-FR","potentialAction":[{"@type":"ReadAction","target":["https:\/\/aumarche.biz\/bf\/index.php\/produit\/samsung-55-qled-4k\/"]}]},{"@type":"ImageObject","inLanguage":"fr-FR","@id":"https:\/\/aumarche.biz\/bf\/index.php\/produit\/samsung-55-qled-4k\/#primaryimage","url":"https:\/\/aumarche.biz\/bf\/wp-content\/uploads\/2023\/11\/GVGGR.png","contentUrl":"https:\/\/aumarche.biz\/bf\/wp-content\/uploads\/2023\/11\/GVGGR.png","width":471,"height":409},{"@type":"BreadcrumbList","@id":"https:\/\/aumarche.biz\/bf\/index.php\/produit\/samsung-55-qled-4k\/#breadcrumb","itemListElement":[{"@type":"ListItem","position":1,"name":"Accueil","item":"https:\/\/aumarche.biz\/bf\/"},{"@type":"ListItem","position":2,"name":"Boutique","item":"https:\/\/aumarche.biz\/bf\/index.php\/boutique\/"},{"@type":"ListItem","position":3,"name":"SAMSUNG 55&Prime; QLED 4K"}]},{"@type":"WebSite","@id":"https:\/\/aumarche.biz\/bf\/#website","url":"https:\/\/aumarche.biz\/bf\/","name":"aumarche.biz","description":"Vendre et acheter autrement","publisher":{"@id":"https:\/\/aumarche.biz\/bf\/#organization"},"potentialAction":[{"@type":"SearchAction","target":{"@type":"EntryPoint","urlTemplate":"https:\/\/aumarche.biz\/bf\/?s={search_term_string}"},"query-input":{"@type":"PropertyValueSpecification","valueRequired":true,"valueName":"search_term_string"}}],"inLanguage":"fr-FR"},{"@type":"Organization","@id":"https:\/\/aumarche.biz\/bf\/#organization","name":"aumarche.biz","url":"https:\/\/aumarche.biz\/bf\/","logo":{"@type":"ImageObject","inLanguage":"fr-FR","@id":"https:\/\/aumarche.biz\/bf\/#\/schema\/logo\/image\/","url":"https:\/\/aumarche.biz\/bf\/wp-content\/uploads\/2023\/09\/favicone.png","contentUrl":"https:\/\/aumarche.biz\/bf\/wp-content\/uploads\/2023\/09\/favicone.png","width":64,"height":64,"caption":"aumarche.biz"},"image":{"@id":"https:\/\/aumarche.biz\/bf\/#\/schema\/logo\/image\/"},"sameAs":["https:\/\/www.facebook.com\/aumarchebf"]}]}},"_links":{"self":[{"href":"https:\/\/aumarche.biz\/bf\/index.php\/wp-json\/wp\/v2\/product\/5287","targetHints":{"allow":["GET"]}}],"collection":[{"href":"https:\/\/aumarche.biz\/bf\/index.php\/wp-json\/wp\/v2\/product"}],"about":[{"href":"https:\/\/aumarche.biz\/bf\/index.php\/wp-json\/wp\/v2\/types\/product"}],"wp:featuredmedia":[{"embeddable":true,"href":"https:\/\/aumarche.biz\/bf\/index.php\/wp-json\/wp\/v2\/media\/5284"}],"wp:attachment":[{"href":"https:\/\/aumarche.biz\/bf\/index.php\/wp-json\/wp\/v2\/media?parent=5287"}],"wp:term":[{"taxonomy":"product_cat","embeddable":true,"href":"https:\/\/aumarche.biz\/bf\/index.php\/wp-json\/wp\/v2\/product_cat?post=5287"},{"taxonomy":"product_tag","embeddable":true,"href":"https:\/\/aumarche.biz\/bf\/index.php\/wp-json\/wp\/v2\/product_tag?post=5287"}],"curies":[{"name":"wp","href":"https:\/\/api.w.org\/{rel}","templated":true}]}}