{"id":5291,"date":"2023-11-09T16:26:17","date_gmt":"2023-11-09T16:26:17","guid":{"rendered":"https:\/\/aumarche.biz\/bf\/index.php\/produit\/camera-hikvision-ds-2cd2t23g2-4l2-8mm-2-mp-wdr-exir-fixed-bullet\/"},"modified":"2023-11-09T16:28:30","modified_gmt":"2023-11-09T16:28:30","slug":"camera-hikvision-ds-2cd2t23g2-4l2-8mm-2-mp-wdr-exir-fixed-bullet","status":"publish","type":"product","link":"https:\/\/aumarche.biz\/bf\/index.php\/produit\/camera-hikvision-ds-2cd2t23g2-4l2-8mm-2-mp-wdr-exir-fixed-bullet\/","title":{"rendered":"CAMERA Hikvision DS-2CD2T23G2-4l(2.8mm) 2 MP WDR EXIR Fixed Bullet"},"content":{"rendered":"<div class=\"tech-specs-accordion__header\">\n<div class=\"tech-specs-accordion__header--heading\" style=\"font-size: 1.5rem;font-weight: 600\" data-mce-style=\"font-size: 1.5rem; font-weight: 600;\">Sp\u00e9cification<\/div>\n<\/div>\n<div class=\"tech-specs-items-wrap\">\n<div class=\"tech-specs-items-description-wrap\" style=\"height: 36.25rem;border-radius: 0.3125rem;width: 982.5px;padding: 16px 10px 0px 16px\" data-mce-style=\"height: 36.25rem; border-radius: 0.3125rem; width: 982.5px; padding: 16px 10px 0px 16px;\">\n<ul class=\"tech-specs-items-description\" data-target=\"Camera \" style=\"margin-top: 0px;margin-bottom: 0px;font-size: 1rem;padding-left: 1.25rem;padding-bottom: 2.5rem;list-style-type: none\" data-mce-style=\"margin-top: 0px; margin-bottom: 0px; font-size: 1rem; padding-left: 1.25rem; padding-bottom: 2.5rem; list-style-type: none;\">\n<li class=\"tech-specs-items-description-list\" style=\"line-height: 2.6\" data-mce-style=\"line-height: 2.6;\"><span class=\"tech-specs-items-description__title\" style=\"font-weight: 600;width: 241.406px;text-transform: capitalize\" data-mce-style=\"font-weight: 600; width: 241.406px; text-transform: capitalize;\">Capteur D\u2019image\u00a0 \u00a0 \u00a0 \u00a0 \u00a0 \u00a0 <\/span><span class=\"tech-specs-items-description__title-details\" style=\"width: 594.234px\" data-mce-style=\"width: 594.234px;\">CMOS \u00e0 balayage progressif 1\/2,8\u00a0\u00bb<\/span><\/li>\n<li class=\"tech-specs-items-description-list\" style=\"line-height: 2.6\" data-mce-style=\"line-height: 2.6;\"><span class=\"tech-specs-items-description__title\" style=\"font-weight: 600;width: 241.406px;text-transform: capitalize\" data-mce-style=\"font-weight: 600; width: 241.406px; text-transform: capitalize;\">Max. R\u00e9solution\u00a0 \u00a0 \u00a0 \u00a0 \u00a0 \u00a0<\/span><span class=\"tech-specs-items-description__title-details\" style=\"width: 594.234px\" data-mce-style=\"width: 594.234px;\">1920 \u00d7 1080<\/span><\/li>\n<li class=\"tech-specs-items-description-list\" style=\"line-height: 2.6\" data-mce-style=\"line-height: 2.6;\"><span class=\"tech-specs-items-description__title\" style=\"font-weight: 600;width: 241.406px;text-transform: capitalize\" data-mce-style=\"font-weight: 600; width: 241.406px; text-transform: capitalize;\">Min. Illumination\u00a0 \u00a0 \u00a0 \u00a0<\/span><span class=\"tech-specs-items-description__title-details\" style=\"width: 594.234px\" data-mce-style=\"width: 594.234px;\">Couleur\u00a0: 0.005 Lux @ (F1.6, AGC ON), N\/B\u00a0: 0 Lux avec IR<\/span><\/li>\n<li class=\"tech-specs-items-description-list\" style=\"line-height: 2.6\" data-mce-style=\"line-height: 2.6;\"><span class=\"tech-specs-items-description__title\" style=\"font-weight: 600;width: 241.406px;text-transform: capitalize\" data-mce-style=\"font-weight: 600; width: 241.406px; text-transform: capitalize;\">Temps D\u2019obturation\u00a0 \u00a0 \u00a0 \u00a0 \u00a0 <\/span><span class=\"tech-specs-items-description__title-details\" style=\"width: 594.234px\" data-mce-style=\"width: 594.234px;\">1\/3 s \u00e0 1\/100 000 s<\/span><\/li>\n<li class=\"tech-specs-items-description-list\" style=\"line-height: 2.6\" data-mce-style=\"line-height: 2.6;\"><span class=\"tech-specs-items-description__title\" style=\"font-weight: 600;width: 241.406px;text-transform: capitalize\" data-mce-style=\"font-weight: 600; width: 241.406px; text-transform: capitalize;\">Jour Et Nuit <\/span><span class=\"tech-specs-items-description__title-details\" style=\"width: 594.234px\" data-mce-style=\"width: 594.234px;\">Filtre anti-IR<\/span><\/li>\n<li class=\"tech-specs-items-description-list\" style=\"line-height: 2.6\" data-mce-style=\"line-height: 2.6;\"><span class=\"tech-specs-items-description__title\" style=\"font-weight: 600;width: 241.406px;text-transform: capitalize\" data-mce-style=\"font-weight: 600; width: 241.406px; text-transform: capitalize;\">R\u00e9glage De L\u2019angle\u00a0 <\/span><span class=\"tech-specs-items-description__title-details\" style=\"width: 594.234px\" data-mce-style=\"width: 594.234px;\">Panoramique : 0\u00b0 \u00e0 360\u00b0, inclinaison : 0\u00b0 \u00e0 90\u00b0, rotation : 0\u00b0 \u00e0 360\u00b0<\/span><\/li>\n<\/ul>\n<ul class=\"tech-specs-items-description\" data-target=\"Lens\" style=\"margin-top: 0px;margin-bottom: 0px;font-size: 1rem;padding-left: 1.25rem;padding-bottom: 2.5rem;list-style-type: none\" data-mce-style=\"margin-top: 0px; margin-bottom: 0px; font-size: 1rem; padding-left: 1.25rem; padding-bottom: 2.5rem; list-style-type: none;\">\n<li class=\"tech-specs-items-description-list\" style=\"line-height: 2.6\" data-mce-style=\"line-height: 2.6;\"><span class=\"tech-specs-items-description__title--heading\" style=\"font-weight: 600;text-transform: capitalize;width: 241.406px;line-height: normal\" data-mce-style=\"font-weight: 600; text-transform: capitalize; width: 241.406px; line-height: normal;\">Lentille<\/span><\/li>\n<li class=\"tech-specs-items-description-list\" style=\"line-height: 2.6\" data-mce-style=\"line-height: 2.6;\"><span class=\"tech-specs-items-description__title\" style=\"font-weight: 600;width: 241.406px;text-transform: capitalize\" data-mce-style=\"font-weight: 600; width: 241.406px; text-transform: capitalize;\">Type D\u2019objectif <\/span><span class=\"tech-specs-items-description__title-details\" style=\"width: 594.234px\" data-mce-style=\"width: 594.234px;\">Objectif \u00e0 focale fixe, 2,8, 4 et 6 mm en option<\/span><\/li>\n<li class=\"tech-specs-items-description-list\" style=\"line-height: 2.6\" data-mce-style=\"line-height: 2.6;\"><span class=\"tech-specs-items-description__title\" style=\"font-weight: 600;width: 241.406px;text-transform: capitalize\" data-mce-style=\"font-weight: 600; width: 241.406px; text-transform: capitalize;\">Distance Focale Et Champ De Vision<\/span><span class=\"tech-specs-items-description__title-details\" style=\"width: 594.234px\" data-mce-style=\"width: 594.234px;\"><span class=\"tech-specs-items-description__title-details\" style=\"width: 594.234px\" data-mce-style=\"width: 594.234px;\"><br \/><\/span><\/span>\n<p class=\"mb-p\" style=\"margin-top: 0px;margin-bottom: 0rem;height: auto\" data-mce-style=\"margin-top: 0px; margin-bottom: 0rem; height: auto;\">2,8 mm, champ de vision horizontal 107\u00b0, champ de vision vertical 57\u00b0, champ de vision diagonal 127\u00b0<\/p>\n<p class=\"mb-p\" style=\"margin-top: 0px;margin-bottom: 0rem;height: auto\" data-mce-style=\"margin-top: 0px; margin-bottom: 0rem; height: auto;\">4 mm, champ de vision horizontal 87\u00b0, champ de vision vertical 46\u00b0, champ de vision diagonal 104\u00b0<\/p>\n<p><\/p>\n<\/li>\n<\/ul>\n<\/div>\n<\/div>\n","protected":false},"excerpt":{"rendered":"<p class=\"MsoNormal\">La Hikvision DS-2CD2T23G2-4l (2,8 mm) est une cam\u00e9ra r\u00e9seau<br \/>bullet fixe WDR EXIR 123 de 2 MP. L\u2019appareil photo est dot\u00e9 d\u2019un capteur<br \/>d\u2019image CMOS \u00e0 balayage progressif 1\/2,8\u00a0\u00bb et d\u2019un objectif \u00e0 focale fixe<br \/>avec une distance focale de 2,8 mm 1. La cam\u00e9ra a un champ de vision horizontal<br \/>de 107\u00b0, un champ de vision vertical de 57\u00b0 et un champ de vision diagonal de<br \/>127\u00b0 1. L\u2019appareil photo est dot\u00e9 d\u2019une technologie True WDR de 120 dB qui<br \/>fournit une image claire avec un fort contre-jour 1. La cam\u00e9ra utilise une<br \/>technologie de compression H.265+ efficace 1. L\u2019appareil photo est r\u00e9sistant \u00e0<br \/>l\u2019eau et \u00e0 la poussi\u00e8re. Elle a une port\u00e9e IR allant jusqu\u2019\u00e0 80 m 1. La cam\u00e9ra<br \/>est con\u00e7ue pour fournir une image de haute qualit\u00e9 gr\u00e2ce \u00e0 une technologie de<br \/>compression efficace et \u00e0 une imagerie claire sur fond de contre-jour puissant<br \/>13.<\/p>\n<p><\/p>\n","protected":false},"featured_media":5288,"template":"","meta":[],"product_cat":[265,264],"product_tag":[],"class_list":{"0":"post-5291","1":"product","2":"type-product","3":"status-publish","4":"has-post-thumbnail","6":"product_brand-autres-marques","7":"product_cat-electronique","8":"product_cat-high-tech","10":"first","11":"instock","12":"taxable","13":"shipping-taxable","14":"purchasable","15":"product-type-simple","16":"col-xs-6 col-sm-4","17":"col-md-3 col-lg-3","18":"un-4-cols"},"yoast_head":"<!-- This site is optimized with the Yoast SEO plugin v26.9 - https:\/\/yoast.com\/product\/yoast-seo-wordpress\/ -->\n<title>CAMERA Hikvision DS-2CD2T23G2-4l(2.8mm) 2 MP WDR EXIR Fixed Bullet - AU MARCHE BURKINA<\/title>\n<meta name=\"robots\" content=\"noindex, follow, max-snippet:-1, max-image-preview:large, max-video-preview:-1\" \/>\n<meta property=\"og:locale\" content=\"fr_FR\" \/>\n<meta property=\"og:type\" content=\"article\" \/>\n<meta property=\"og:title\" content=\"CAMERA Hikvision DS-2CD2T23G2-4l(2.8mm) 2 MP WDR EXIR Fixed Bullet - AU MARCHE BURKINA\" \/>\n<meta property=\"og:description\" content=\"La Hikvision DS-2CD2T23G2-4l (2,8 mm) est une cam\u00e9ra r\u00e9seaubullet fixe WDR EXIR 123 de 2 MP. L\u2019appareil photo est dot\u00e9 d\u2019un capteurd\u2019image CMOS \u00e0 balayage progressif 1\/2,8\u00a0\u00bb et d\u2019un objectif \u00e0 focale fixeavec une distance focale de 2,8 mm 1. La cam\u00e9ra a un champ de vision horizontalde 107\u00b0, un champ de vision vertical de 57\u00b0 et un champ de vision diagonal de127\u00b0 1. L\u2019appareil photo est dot\u00e9 d\u2019une technologie True WDR de 120 dB quifournit une image claire avec un fort contre-jour 1. La cam\u00e9ra utilise unetechnologie de compression H.265+ efficace 1. L\u2019appareil photo est r\u00e9sistant \u00e0l\u2019eau et \u00e0 la poussi\u00e8re. Elle a une port\u00e9e IR allant jusqu\u2019\u00e0 80 m 1. La cam\u00e9raest con\u00e7ue pour fournir une image de haute qualit\u00e9 gr\u00e2ce \u00e0 une technologie decompression efficace et \u00e0 une imagerie claire sur fond de contre-jour puissant13.\" \/>\n<meta property=\"og:url\" content=\"https:\/\/aumarche.biz\/bf\/index.php\/produit\/camera-hikvision-ds-2cd2t23g2-4l2-8mm-2-mp-wdr-exir-fixed-bullet\/\" \/>\n<meta property=\"og:site_name\" content=\"AU MARCHE BURKINA\" \/>\n<meta property=\"article:publisher\" content=\"https:\/\/www.facebook.com\/aumarchebf\" \/>\n<meta property=\"article:modified_time\" content=\"2023-11-09T16:28:30+00:00\" \/>\n<meta property=\"og:image\" content=\"https:\/\/aumarche.biz\/bf\/wp-content\/uploads\/2023\/11\/cam.png\" \/>\n\t<meta property=\"og:image:width\" content=\"406\" \/>\n\t<meta property=\"og:image:height\" content=\"237\" \/>\n\t<meta property=\"og:image:type\" content=\"image\/png\" \/>\n<meta name=\"twitter:card\" content=\"summary_large_image\" \/>\n<script type=\"application\/ld+json\" class=\"yoast-schema-graph\">{\"@context\":\"https:\/\/schema.org\",\"@graph\":[{\"@type\":\"WebPage\",\"@id\":\"https:\/\/aumarche.biz\/bf\/index.php\/produit\/camera-hikvision-ds-2cd2t23g2-4l2-8mm-2-mp-wdr-exir-fixed-bullet\/\",\"url\":\"https:\/\/aumarche.biz\/bf\/index.php\/produit\/camera-hikvision-ds-2cd2t23g2-4l2-8mm-2-mp-wdr-exir-fixed-bullet\/\",\"name\":\"CAMERA Hikvision DS-2CD2T23G2-4l(2.8mm) 2 MP WDR EXIR Fixed Bullet - AU MARCHE BURKINA\",\"isPartOf\":{\"@id\":\"https:\/\/aumarche.biz\/bf\/#website\"},\"primaryImageOfPage\":{\"@id\":\"https:\/\/aumarche.biz\/bf\/index.php\/produit\/camera-hikvision-ds-2cd2t23g2-4l2-8mm-2-mp-wdr-exir-fixed-bullet\/#primaryimage\"},\"image\":{\"@id\":\"https:\/\/aumarche.biz\/bf\/index.php\/produit\/camera-hikvision-ds-2cd2t23g2-4l2-8mm-2-mp-wdr-exir-fixed-bullet\/#primaryimage\"},\"thumbnailUrl\":\"https:\/\/aumarche.biz\/bf\/wp-content\/uploads\/2023\/11\/cam.png\",\"datePublished\":\"2023-11-09T16:26:17+00:00\",\"dateModified\":\"2023-11-09T16:28:30+00:00\",\"breadcrumb\":{\"@id\":\"https:\/\/aumarche.biz\/bf\/index.php\/produit\/camera-hikvision-ds-2cd2t23g2-4l2-8mm-2-mp-wdr-exir-fixed-bullet\/#breadcrumb\"},\"inLanguage\":\"fr-FR\",\"potentialAction\":[{\"@type\":\"ReadAction\",\"target\":[\"https:\/\/aumarche.biz\/bf\/index.php\/produit\/camera-hikvision-ds-2cd2t23g2-4l2-8mm-2-mp-wdr-exir-fixed-bullet\/\"]}]},{\"@type\":\"ImageObject\",\"inLanguage\":\"fr-FR\",\"@id\":\"https:\/\/aumarche.biz\/bf\/index.php\/produit\/camera-hikvision-ds-2cd2t23g2-4l2-8mm-2-mp-wdr-exir-fixed-bullet\/#primaryimage\",\"url\":\"https:\/\/aumarche.biz\/bf\/wp-content\/uploads\/2023\/11\/cam.png\",\"contentUrl\":\"https:\/\/aumarche.biz\/bf\/wp-content\/uploads\/2023\/11\/cam.png\",\"width\":406,\"height\":237},{\"@type\":\"BreadcrumbList\",\"@id\":\"https:\/\/aumarche.biz\/bf\/index.php\/produit\/camera-hikvision-ds-2cd2t23g2-4l2-8mm-2-mp-wdr-exir-fixed-bullet\/#breadcrumb\",\"itemListElement\":[{\"@type\":\"ListItem\",\"position\":1,\"name\":\"Accueil\",\"item\":\"https:\/\/aumarche.biz\/bf\/\"},{\"@type\":\"ListItem\",\"position\":2,\"name\":\"Boutique\",\"item\":\"https:\/\/aumarche.biz\/bf\/index.php\/boutique\/\"},{\"@type\":\"ListItem\",\"position\":3,\"name\":\"CAMERA Hikvision DS-2CD2T23G2-4l(2.8mm) 2 MP WDR EXIR Fixed Bullet\"}]},{\"@type\":\"WebSite\",\"@id\":\"https:\/\/aumarche.biz\/bf\/#website\",\"url\":\"https:\/\/aumarche.biz\/bf\/\",\"name\":\"aumarche.biz\",\"description\":\"Vendre et acheter autrement\",\"publisher\":{\"@id\":\"https:\/\/aumarche.biz\/bf\/#organization\"},\"potentialAction\":[{\"@type\":\"SearchAction\",\"target\":{\"@type\":\"EntryPoint\",\"urlTemplate\":\"https:\/\/aumarche.biz\/bf\/?s={search_term_string}\"},\"query-input\":{\"@type\":\"PropertyValueSpecification\",\"valueRequired\":true,\"valueName\":\"search_term_string\"}}],\"inLanguage\":\"fr-FR\"},{\"@type\":\"Organization\",\"@id\":\"https:\/\/aumarche.biz\/bf\/#organization\",\"name\":\"aumarche.biz\",\"url\":\"https:\/\/aumarche.biz\/bf\/\",\"logo\":{\"@type\":\"ImageObject\",\"inLanguage\":\"fr-FR\",\"@id\":\"https:\/\/aumarche.biz\/bf\/#\/schema\/logo\/image\/\",\"url\":\"https:\/\/aumarche.biz\/bf\/wp-content\/uploads\/2023\/09\/favicone.png\",\"contentUrl\":\"https:\/\/aumarche.biz\/bf\/wp-content\/uploads\/2023\/09\/favicone.png\",\"width\":64,\"height\":64,\"caption\":\"aumarche.biz\"},\"image\":{\"@id\":\"https:\/\/aumarche.biz\/bf\/#\/schema\/logo\/image\/\"},\"sameAs\":[\"https:\/\/www.facebook.com\/aumarchebf\"]}]}<\/script>\n<!-- \/ Yoast SEO plugin. -->","yoast_head_json":{"title":"CAMERA Hikvision DS-2CD2T23G2-4l(2.8mm) 2 MP WDR EXIR Fixed Bullet - AU MARCHE BURKINA","robots":{"index":"noindex","follow":"follow","max-snippet":"max-snippet:-1","max-image-preview":"max-image-preview:large","max-video-preview":"max-video-preview:-1"},"og_locale":"fr_FR","og_type":"article","og_title":"CAMERA Hikvision DS-2CD2T23G2-4l(2.8mm) 2 MP WDR EXIR Fixed Bullet - AU MARCHE BURKINA","og_description":"La Hikvision DS-2CD2T23G2-4l (2,8 mm) est une cam\u00e9ra r\u00e9seaubullet fixe WDR EXIR 123 de 2 MP. L\u2019appareil photo est dot\u00e9 d\u2019un capteurd\u2019image CMOS \u00e0 balayage progressif 1\/2,8\u00a0\u00bb et d\u2019un objectif \u00e0 focale fixeavec une distance focale de 2,8 mm 1. La cam\u00e9ra a un champ de vision horizontalde 107\u00b0, un champ de vision vertical de 57\u00b0 et un champ de vision diagonal de127\u00b0 1. L\u2019appareil photo est dot\u00e9 d\u2019une technologie True WDR de 120 dB quifournit une image claire avec un fort contre-jour 1. La cam\u00e9ra utilise unetechnologie de compression H.265+ efficace 1. L\u2019appareil photo est r\u00e9sistant \u00e0l\u2019eau et \u00e0 la poussi\u00e8re. Elle a une port\u00e9e IR allant jusqu\u2019\u00e0 80 m 1. La cam\u00e9raest con\u00e7ue pour fournir une image de haute qualit\u00e9 gr\u00e2ce \u00e0 une technologie decompression efficace et \u00e0 une imagerie claire sur fond de contre-jour puissant13.","og_url":"https:\/\/aumarche.biz\/bf\/index.php\/produit\/camera-hikvision-ds-2cd2t23g2-4l2-8mm-2-mp-wdr-exir-fixed-bullet\/","og_site_name":"AU MARCHE BURKINA","article_publisher":"https:\/\/www.facebook.com\/aumarchebf","article_modified_time":"2023-11-09T16:28:30+00:00","og_image":[{"width":406,"height":237,"url":"https:\/\/aumarche.biz\/bf\/wp-content\/uploads\/2023\/11\/cam.png","type":"image\/png"}],"twitter_card":"summary_large_image","schema":{"@context":"https:\/\/schema.org","@graph":[{"@type":"WebPage","@id":"https:\/\/aumarche.biz\/bf\/index.php\/produit\/camera-hikvision-ds-2cd2t23g2-4l2-8mm-2-mp-wdr-exir-fixed-bullet\/","url":"https:\/\/aumarche.biz\/bf\/index.php\/produit\/camera-hikvision-ds-2cd2t23g2-4l2-8mm-2-mp-wdr-exir-fixed-bullet\/","name":"CAMERA Hikvision DS-2CD2T23G2-4l(2.8mm) 2 MP WDR EXIR Fixed Bullet - AU MARCHE BURKINA","isPartOf":{"@id":"https:\/\/aumarche.biz\/bf\/#website"},"primaryImageOfPage":{"@id":"https:\/\/aumarche.biz\/bf\/index.php\/produit\/camera-hikvision-ds-2cd2t23g2-4l2-8mm-2-mp-wdr-exir-fixed-bullet\/#primaryimage"},"image":{"@id":"https:\/\/aumarche.biz\/bf\/index.php\/produit\/camera-hikvision-ds-2cd2t23g2-4l2-8mm-2-mp-wdr-exir-fixed-bullet\/#primaryimage"},"thumbnailUrl":"https:\/\/aumarche.biz\/bf\/wp-content\/uploads\/2023\/11\/cam.png","datePublished":"2023-11-09T16:26:17+00:00","dateModified":"2023-11-09T16:28:30+00:00","breadcrumb":{"@id":"https:\/\/aumarche.biz\/bf\/index.php\/produit\/camera-hikvision-ds-2cd2t23g2-4l2-8mm-2-mp-wdr-exir-fixed-bullet\/#breadcrumb"},"inLanguage":"fr-FR","potentialAction":[{"@type":"ReadAction","target":["https:\/\/aumarche.biz\/bf\/index.php\/produit\/camera-hikvision-ds-2cd2t23g2-4l2-8mm-2-mp-wdr-exir-fixed-bullet\/"]}]},{"@type":"ImageObject","inLanguage":"fr-FR","@id":"https:\/\/aumarche.biz\/bf\/index.php\/produit\/camera-hikvision-ds-2cd2t23g2-4l2-8mm-2-mp-wdr-exir-fixed-bullet\/#primaryimage","url":"https:\/\/aumarche.biz\/bf\/wp-content\/uploads\/2023\/11\/cam.png","contentUrl":"https:\/\/aumarche.biz\/bf\/wp-content\/uploads\/2023\/11\/cam.png","width":406,"height":237},{"@type":"BreadcrumbList","@id":"https:\/\/aumarche.biz\/bf\/index.php\/produit\/camera-hikvision-ds-2cd2t23g2-4l2-8mm-2-mp-wdr-exir-fixed-bullet\/#breadcrumb","itemListElement":[{"@type":"ListItem","position":1,"name":"Accueil","item":"https:\/\/aumarche.biz\/bf\/"},{"@type":"ListItem","position":2,"name":"Boutique","item":"https:\/\/aumarche.biz\/bf\/index.php\/boutique\/"},{"@type":"ListItem","position":3,"name":"CAMERA Hikvision DS-2CD2T23G2-4l(2.8mm) 2 MP WDR EXIR Fixed Bullet"}]},{"@type":"WebSite","@id":"https:\/\/aumarche.biz\/bf\/#website","url":"https:\/\/aumarche.biz\/bf\/","name":"aumarche.biz","description":"Vendre et acheter autrement","publisher":{"@id":"https:\/\/aumarche.biz\/bf\/#organization"},"potentialAction":[{"@type":"SearchAction","target":{"@type":"EntryPoint","urlTemplate":"https:\/\/aumarche.biz\/bf\/?s={search_term_string}"},"query-input":{"@type":"PropertyValueSpecification","valueRequired":true,"valueName":"search_term_string"}}],"inLanguage":"fr-FR"},{"@type":"Organization","@id":"https:\/\/aumarche.biz\/bf\/#organization","name":"aumarche.biz","url":"https:\/\/aumarche.biz\/bf\/","logo":{"@type":"ImageObject","inLanguage":"fr-FR","@id":"https:\/\/aumarche.biz\/bf\/#\/schema\/logo\/image\/","url":"https:\/\/aumarche.biz\/bf\/wp-content\/uploads\/2023\/09\/favicone.png","contentUrl":"https:\/\/aumarche.biz\/bf\/wp-content\/uploads\/2023\/09\/favicone.png","width":64,"height":64,"caption":"aumarche.biz"},"image":{"@id":"https:\/\/aumarche.biz\/bf\/#\/schema\/logo\/image\/"},"sameAs":["https:\/\/www.facebook.com\/aumarchebf"]}]}},"_links":{"self":[{"href":"https:\/\/aumarche.biz\/bf\/index.php\/wp-json\/wp\/v2\/product\/5291","targetHints":{"allow":["GET"]}}],"collection":[{"href":"https:\/\/aumarche.biz\/bf\/index.php\/wp-json\/wp\/v2\/product"}],"about":[{"href":"https:\/\/aumarche.biz\/bf\/index.php\/wp-json\/wp\/v2\/types\/product"}],"wp:featuredmedia":[{"embeddable":true,"href":"https:\/\/aumarche.biz\/bf\/index.php\/wp-json\/wp\/v2\/media\/5288"}],"wp:attachment":[{"href":"https:\/\/aumarche.biz\/bf\/index.php\/wp-json\/wp\/v2\/media?parent=5291"}],"wp:term":[{"taxonomy":"product_cat","embeddable":true,"href":"https:\/\/aumarche.biz\/bf\/index.php\/wp-json\/wp\/v2\/product_cat?post=5291"},{"taxonomy":"product_tag","embeddable":true,"href":"https:\/\/aumarche.biz\/bf\/index.php\/wp-json\/wp\/v2\/product_tag?post=5291"}],"curies":[{"name":"wp","href":"https:\/\/api.w.org\/{rel}","templated":true}]}}