{"id":5307,"date":"2023-11-10T09:47:21","date_gmt":"2023-11-10T09:47:21","guid":{"rendered":"https:\/\/aumarche.biz\/bf\/index.php\/produit\/antene-ubiquiti-nanobeam\/"},"modified":"2023-11-10T09:47:21","modified_gmt":"2023-11-10T09:47:21","slug":"antene-ubiquiti-nanobeam","status":"publish","type":"product","link":"https:\/\/aumarche.biz\/bf\/index.php\/produit\/antene-ubiquiti-nanobeam\/","title":{"rendered":"Antene Ubiquiti nanobeam"},"content":{"rendered":"<ul style=\"border: 0px;font-size: 13px;line-height: inherit;font-family: Montserrat, sans-serif;margin: 0px;padding: 0px;vertical-align: baseline;text-align: justify\">\n<li style=\"border: 0px;font-style: inherit;font-variant: inherit;font-weight: inherit;line-height: inherit;font-family: inherit;margin: 0px;padding: 0px 0px 0px 10px;vertical-align: baseline;position: relative\">Antenne Wi-Fi parabolique pour transmission signal longue distance (15 km)<\/li>\n<li style=\"border: 0px;font-style: inherit;font-variant: inherit;font-weight: inherit;line-height: inherit;font-family: inherit;margin: 0px;padding: 0px 0px 0px 10px;vertical-align: baseline;position: relative\"><span style=\"font-weight: 600;border: 0px;font-style: inherit;font-variant: inherit;font-size: inherit;line-height: inherit;font-family: inherit;margin: 0px;padding: 0px;vertical-align: baseline\">Wi-Fi AC 450 Mbps\u00a0<\/span>+ Canal Wi-Fi s\u00e9par\u00e9 pour la configuration avec un p\u00e9riph\u00e9rique mobile<\/li>\n<li style=\"border: 0px;font-style: inherit;font-variant: inherit;font-weight: inherit;line-height: inherit;font-family: inherit;margin: 0px;padding: 0px 0px 0px 10px;vertical-align: baseline;position: relative\"><span style=\"font-weight: 600;border: 0px;font-style: inherit;font-variant: inherit;font-size: inherit;line-height: inherit;font-family: inherit;margin: 0px;padding: 0px;vertical-align: baseline\">Puissance antenne :\u00a0 17 dBi<\/span><\/li>\n<li style=\"border: 0px;font-style: inherit;font-variant: inherit;font-weight: inherit;line-height: inherit;font-family: inherit;margin: 0px;padding: 0px 0px 0px 10px;vertical-align: baseline;position: relative\"><span style=\"font-weight: 600;border: 0px;font-style: inherit;font-variant: inherit;font-size: inherit;line-height: inherit;font-family: inherit;margin: 0px;padding: 0px;vertical-align: baseline\">Support 256 QAM<\/span><\/li>\n<li style=\"border: 0px;font-style: inherit;font-variant: inherit;font-weight: inherit;line-height: inherit;font-family: inherit;margin: 0px;padding: 0px 0px 0px 10px;vertical-align: baseline;position: relative\">1 port ethernet 10\/100\/1000 Mibts<\/li>\n<li style=\"border: 0px;font-style: inherit;font-variant: inherit;font-weight: inherit;line-height: inherit;font-family: inherit;margin: 0px;padding: 0px 0px 0px 10px;vertical-align: baseline;position: relative\">Plastique ext\u00e9rieur stabilis\u00e9 aux UV<\/li>\n<li style=\"border: 0px;font-style: inherit;font-variant: inherit;font-weight: inherit;line-height: inherit;font-family: inherit;margin: 0px;padding: 0px 0px 0px 10px;vertical-align: baseline;position: relative\">Temp\u00e9rature de fonctionnement : -40C\u00b0 \u00e0 +70\u00b0C<\/li>\n<li style=\"border: 0px;font-style: inherit;font-variant: inherit;font-weight: inherit;line-height: inherit;font-family: inherit;margin: 0px;padding: 0px 0px 0px 10px;vertical-align: baseline;position: relative\">Humidit\u00e9 relative : 5 \u00e0 95 % sans condensation<\/li>\n<li style=\"border: 0px;font-style: inherit;font-variant: inherit;font-weight: inherit;line-height: inherit;font-family: inherit;margin: 0px;padding: 0px 0px 0px 10px;vertical-align: baseline;position: relative\">R\u00e9sistance au vent : 200 km\/h<\/li>\n<li style=\"border: 0px;font-style: inherit;font-variant: inherit;font-weight: inherit;line-height: inherit;font-family: inherit;margin: 0px;padding: 0px 0px 0px 10px;vertical-align: baseline;position: relative\"><span style=\"font-weight: 600;border: 0px;font-style: inherit;font-variant: inherit;font-size: inherit;line-height: inherit;font-family: inherit;margin: 0px;padding: 0px;vertical-align: baseline\">Alimentation PoE 24V \/ 0.5A : 8.5 W max\u00a0<\/span><span style=\"border: 0px;font: inherit;margin: 0px;padding: 0px;vertical-align: baseline\">(adaptateur fourni)<\/span><\/li>\n<li style=\"border: 0px;font-style: inherit;font-variant: inherit;font-weight: inherit;line-height: inherit;font-family: inherit;margin: 0px;padding: 0px 0px 0px 10px;vertical-align: baseline;position: relative\">Hardware : Atheros MIPS 74Kc, 720 MHz, 64 Mo RAM DDR2<\/li>\n<li style=\"border: 0px;font-style: inherit;font-variant: inherit;font-weight: inherit;line-height: inherit;font-family: inherit;margin: 0px;padding: 0px 0px 0px 10px;vertical-align: baseline;position: relative\"><span style=\"border: 0px;font: inherit;margin: 0px;padding: 0px;vertical-align: baseline\">Fixation pour m\u00e2t incluse<\/span><\/li>\n<\/ul>\n","protected":false},"excerpt":{"rendered":"<p><p class=\"MsoNormal\"><span style=\"font-size:14.0pt;line-height:107%\">L&rsquo;Ubiquiti NanoBeam airMAX ac NBE<\/span><span>\u2011<\/span><span style=\"font-size:14.0pt;line-height:107%\">5AC<\/span><span>\u2011<\/span><span style=\"font-size:14.0pt;line-height:107%\">Gen2 est un point d&rsquo;acc<\/span><span style=\"font-size:14.0pt;line-height:107%\">\u00e8<\/span><span style=\"font-size:14.0pt;line-height:107%\">s ext<\/span><span style=\"font-size:14.0pt;line-height:107%\">\u00e9<\/span><span style=\"font-size:14.0pt;line-height:107%\">rieur Wi-Fi AC 450 Mbps hautes performances et compact. Sp<\/span><span style=\"font-size:14.0pt;line-height:107%\">\u00e9<\/span><span style=\"font-size:14.0pt;line-height:107%\">cialement con<\/span><span style=\"font-size:14.0pt;line-height:107%\">\u00e7<\/span><span style=\"font-size:14.0pt;line-height:107%\">u pour des applications de point-<\/span><span style=\"font-size:14.0pt;line-height:107%\">\u00e0<\/span><span style=\"font-size:14.0pt;line-height:107%\">-point et point-<\/span><span style=\"font-size:14.0pt;line-height:107%\">\u00e0<\/span><span style=\"font-size:14.0pt;line-height:107%\">-multipoint, le NanoBeam NBE<\/span><span>\u2011<\/span><span style=\"font-size:14.0pt;line-height:107%\">5AC<\/span><span>\u2011<\/span><span style=\"font-size:14.0pt;line-height:107%\">Gen2 int<\/span><span style=\"font-size:14.0pt;line-height:107%\">\u00e8<\/span><span style=\"font-size:14.0pt;line-height:107%\">gre la technologie AirMAX ac<br \/>\nd&rsquo;Ubiquiti.<\/span><\/p>\n<p><\/p>\n","protected":false},"featured_media":5301,"template":"","meta":[],"product_cat":[265,264],"product_tag":[],"class_list":{"0":"post-5307","1":"product","2":"type-product","3":"status-publish","4":"has-post-thumbnail","6":"product_brand-autres-marques","7":"product_cat-electronique","8":"product_cat-high-tech","10":"first","11":"instock","12":"taxable","13":"shipping-taxable","14":"purchasable","15":"product-type-simple","16":"col-xs-6 col-sm-4","17":"col-md-3 col-lg-3","18":"un-4-cols"},"yoast_head":"<!-- This site is optimized with the Yoast SEO plugin v26.9 - https:\/\/yoast.com\/product\/yoast-seo-wordpress\/ -->\n<title>Antene Ubiquiti nanobeam - AU MARCHE BURKINA<\/title>\n<meta name=\"robots\" content=\"noindex, follow, max-snippet:-1, max-image-preview:large, max-video-preview:-1\" \/>\n<meta property=\"og:locale\" content=\"fr_FR\" \/>\n<meta property=\"og:type\" content=\"article\" \/>\n<meta property=\"og:title\" content=\"Antene Ubiquiti nanobeam - AU MARCHE BURKINA\" \/>\n<meta property=\"og:description\" content=\"L&#039;Ubiquiti NanoBeam airMAX ac NBE\u20115AC\u2011Gen2 est un point d&#039;acc\u00e8s ext\u00e9rieur Wi-Fi AC 450 Mbps hautes performances et compact. Sp\u00e9cialement con\u00e7u pour des applications de point-\u00e0-point et point-\u00e0-multipoint, le NanoBeam NBE\u20115AC\u2011Gen2 int\u00e8gre la technologie AirMAX ac d&#039;Ubiquiti.\" \/>\n<meta property=\"og:url\" content=\"https:\/\/aumarche.biz\/bf\/index.php\/produit\/antene-ubiquiti-nanobeam\/\" \/>\n<meta property=\"og:site_name\" content=\"AU MARCHE BURKINA\" \/>\n<meta property=\"article:publisher\" content=\"https:\/\/www.facebook.com\/aumarchebf\" \/>\n<meta property=\"og:image\" content=\"https:\/\/aumarche.biz\/bf\/wp-content\/uploads\/2023\/11\/rrr.png\" \/>\n\t<meta property=\"og:image:width\" content=\"348\" \/>\n\t<meta property=\"og:image:height\" content=\"379\" \/>\n\t<meta property=\"og:image:type\" content=\"image\/png\" \/>\n<meta name=\"twitter:card\" content=\"summary_large_image\" \/>\n<script type=\"application\/ld+json\" class=\"yoast-schema-graph\">{\"@context\":\"https:\/\/schema.org\",\"@graph\":[{\"@type\":\"WebPage\",\"@id\":\"https:\/\/aumarche.biz\/bf\/index.php\/produit\/antene-ubiquiti-nanobeam\/\",\"url\":\"https:\/\/aumarche.biz\/bf\/index.php\/produit\/antene-ubiquiti-nanobeam\/\",\"name\":\"Antene Ubiquiti nanobeam - AU MARCHE BURKINA\",\"isPartOf\":{\"@id\":\"https:\/\/aumarche.biz\/bf\/#website\"},\"primaryImageOfPage\":{\"@id\":\"https:\/\/aumarche.biz\/bf\/index.php\/produit\/antene-ubiquiti-nanobeam\/#primaryimage\"},\"image\":{\"@id\":\"https:\/\/aumarche.biz\/bf\/index.php\/produit\/antene-ubiquiti-nanobeam\/#primaryimage\"},\"thumbnailUrl\":\"https:\/\/aumarche.biz\/bf\/wp-content\/uploads\/2023\/11\/rrr.png\",\"datePublished\":\"2023-11-10T09:47:21+00:00\",\"breadcrumb\":{\"@id\":\"https:\/\/aumarche.biz\/bf\/index.php\/produit\/antene-ubiquiti-nanobeam\/#breadcrumb\"},\"inLanguage\":\"fr-FR\",\"potentialAction\":[{\"@type\":\"ReadAction\",\"target\":[\"https:\/\/aumarche.biz\/bf\/index.php\/produit\/antene-ubiquiti-nanobeam\/\"]}]},{\"@type\":\"ImageObject\",\"inLanguage\":\"fr-FR\",\"@id\":\"https:\/\/aumarche.biz\/bf\/index.php\/produit\/antene-ubiquiti-nanobeam\/#primaryimage\",\"url\":\"https:\/\/aumarche.biz\/bf\/wp-content\/uploads\/2023\/11\/rrr.png\",\"contentUrl\":\"https:\/\/aumarche.biz\/bf\/wp-content\/uploads\/2023\/11\/rrr.png\",\"width\":348,\"height\":379},{\"@type\":\"BreadcrumbList\",\"@id\":\"https:\/\/aumarche.biz\/bf\/index.php\/produit\/antene-ubiquiti-nanobeam\/#breadcrumb\",\"itemListElement\":[{\"@type\":\"ListItem\",\"position\":1,\"name\":\"Accueil\",\"item\":\"https:\/\/aumarche.biz\/bf\/\"},{\"@type\":\"ListItem\",\"position\":2,\"name\":\"Boutique\",\"item\":\"https:\/\/aumarche.biz\/bf\/index.php\/boutique\/\"},{\"@type\":\"ListItem\",\"position\":3,\"name\":\"Antene Ubiquiti nanobeam\"}]},{\"@type\":\"WebSite\",\"@id\":\"https:\/\/aumarche.biz\/bf\/#website\",\"url\":\"https:\/\/aumarche.biz\/bf\/\",\"name\":\"aumarche.biz\",\"description\":\"Vendre et acheter autrement\",\"publisher\":{\"@id\":\"https:\/\/aumarche.biz\/bf\/#organization\"},\"potentialAction\":[{\"@type\":\"SearchAction\",\"target\":{\"@type\":\"EntryPoint\",\"urlTemplate\":\"https:\/\/aumarche.biz\/bf\/?s={search_term_string}\"},\"query-input\":{\"@type\":\"PropertyValueSpecification\",\"valueRequired\":true,\"valueName\":\"search_term_string\"}}],\"inLanguage\":\"fr-FR\"},{\"@type\":\"Organization\",\"@id\":\"https:\/\/aumarche.biz\/bf\/#organization\",\"name\":\"aumarche.biz\",\"url\":\"https:\/\/aumarche.biz\/bf\/\",\"logo\":{\"@type\":\"ImageObject\",\"inLanguage\":\"fr-FR\",\"@id\":\"https:\/\/aumarche.biz\/bf\/#\/schema\/logo\/image\/\",\"url\":\"https:\/\/aumarche.biz\/bf\/wp-content\/uploads\/2023\/09\/favicone.png\",\"contentUrl\":\"https:\/\/aumarche.biz\/bf\/wp-content\/uploads\/2023\/09\/favicone.png\",\"width\":64,\"height\":64,\"caption\":\"aumarche.biz\"},\"image\":{\"@id\":\"https:\/\/aumarche.biz\/bf\/#\/schema\/logo\/image\/\"},\"sameAs\":[\"https:\/\/www.facebook.com\/aumarchebf\"]}]}<\/script>\n<!-- \/ Yoast SEO plugin. -->","yoast_head_json":{"title":"Antene Ubiquiti nanobeam - AU MARCHE BURKINA","robots":{"index":"noindex","follow":"follow","max-snippet":"max-snippet:-1","max-image-preview":"max-image-preview:large","max-video-preview":"max-video-preview:-1"},"og_locale":"fr_FR","og_type":"article","og_title":"Antene Ubiquiti nanobeam - AU MARCHE BURKINA","og_description":"L'Ubiquiti NanoBeam airMAX ac NBE\u20115AC\u2011Gen2 est un point d'acc\u00e8s ext\u00e9rieur Wi-Fi AC 450 Mbps hautes performances et compact. Sp\u00e9cialement con\u00e7u pour des applications de point-\u00e0-point et point-\u00e0-multipoint, le NanoBeam NBE\u20115AC\u2011Gen2 int\u00e8gre la technologie AirMAX ac d'Ubiquiti.","og_url":"https:\/\/aumarche.biz\/bf\/index.php\/produit\/antene-ubiquiti-nanobeam\/","og_site_name":"AU MARCHE BURKINA","article_publisher":"https:\/\/www.facebook.com\/aumarchebf","og_image":[{"width":348,"height":379,"url":"https:\/\/aumarche.biz\/bf\/wp-content\/uploads\/2023\/11\/rrr.png","type":"image\/png"}],"twitter_card":"summary_large_image","schema":{"@context":"https:\/\/schema.org","@graph":[{"@type":"WebPage","@id":"https:\/\/aumarche.biz\/bf\/index.php\/produit\/antene-ubiquiti-nanobeam\/","url":"https:\/\/aumarche.biz\/bf\/index.php\/produit\/antene-ubiquiti-nanobeam\/","name":"Antene Ubiquiti nanobeam - AU MARCHE BURKINA","isPartOf":{"@id":"https:\/\/aumarche.biz\/bf\/#website"},"primaryImageOfPage":{"@id":"https:\/\/aumarche.biz\/bf\/index.php\/produit\/antene-ubiquiti-nanobeam\/#primaryimage"},"image":{"@id":"https:\/\/aumarche.biz\/bf\/index.php\/produit\/antene-ubiquiti-nanobeam\/#primaryimage"},"thumbnailUrl":"https:\/\/aumarche.biz\/bf\/wp-content\/uploads\/2023\/11\/rrr.png","datePublished":"2023-11-10T09:47:21+00:00","breadcrumb":{"@id":"https:\/\/aumarche.biz\/bf\/index.php\/produit\/antene-ubiquiti-nanobeam\/#breadcrumb"},"inLanguage":"fr-FR","potentialAction":[{"@type":"ReadAction","target":["https:\/\/aumarche.biz\/bf\/index.php\/produit\/antene-ubiquiti-nanobeam\/"]}]},{"@type":"ImageObject","inLanguage":"fr-FR","@id":"https:\/\/aumarche.biz\/bf\/index.php\/produit\/antene-ubiquiti-nanobeam\/#primaryimage","url":"https:\/\/aumarche.biz\/bf\/wp-content\/uploads\/2023\/11\/rrr.png","contentUrl":"https:\/\/aumarche.biz\/bf\/wp-content\/uploads\/2023\/11\/rrr.png","width":348,"height":379},{"@type":"BreadcrumbList","@id":"https:\/\/aumarche.biz\/bf\/index.php\/produit\/antene-ubiquiti-nanobeam\/#breadcrumb","itemListElement":[{"@type":"ListItem","position":1,"name":"Accueil","item":"https:\/\/aumarche.biz\/bf\/"},{"@type":"ListItem","position":2,"name":"Boutique","item":"https:\/\/aumarche.biz\/bf\/index.php\/boutique\/"},{"@type":"ListItem","position":3,"name":"Antene Ubiquiti nanobeam"}]},{"@type":"WebSite","@id":"https:\/\/aumarche.biz\/bf\/#website","url":"https:\/\/aumarche.biz\/bf\/","name":"aumarche.biz","description":"Vendre et acheter autrement","publisher":{"@id":"https:\/\/aumarche.biz\/bf\/#organization"},"potentialAction":[{"@type":"SearchAction","target":{"@type":"EntryPoint","urlTemplate":"https:\/\/aumarche.biz\/bf\/?s={search_term_string}"},"query-input":{"@type":"PropertyValueSpecification","valueRequired":true,"valueName":"search_term_string"}}],"inLanguage":"fr-FR"},{"@type":"Organization","@id":"https:\/\/aumarche.biz\/bf\/#organization","name":"aumarche.biz","url":"https:\/\/aumarche.biz\/bf\/","logo":{"@type":"ImageObject","inLanguage":"fr-FR","@id":"https:\/\/aumarche.biz\/bf\/#\/schema\/logo\/image\/","url":"https:\/\/aumarche.biz\/bf\/wp-content\/uploads\/2023\/09\/favicone.png","contentUrl":"https:\/\/aumarche.biz\/bf\/wp-content\/uploads\/2023\/09\/favicone.png","width":64,"height":64,"caption":"aumarche.biz"},"image":{"@id":"https:\/\/aumarche.biz\/bf\/#\/schema\/logo\/image\/"},"sameAs":["https:\/\/www.facebook.com\/aumarchebf"]}]}},"_links":{"self":[{"href":"https:\/\/aumarche.biz\/bf\/index.php\/wp-json\/wp\/v2\/product\/5307","targetHints":{"allow":["GET"]}}],"collection":[{"href":"https:\/\/aumarche.biz\/bf\/index.php\/wp-json\/wp\/v2\/product"}],"about":[{"href":"https:\/\/aumarche.biz\/bf\/index.php\/wp-json\/wp\/v2\/types\/product"}],"wp:featuredmedia":[{"embeddable":true,"href":"https:\/\/aumarche.biz\/bf\/index.php\/wp-json\/wp\/v2\/media\/5301"}],"wp:attachment":[{"href":"https:\/\/aumarche.biz\/bf\/index.php\/wp-json\/wp\/v2\/media?parent=5307"}],"wp:term":[{"taxonomy":"product_cat","embeddable":true,"href":"https:\/\/aumarche.biz\/bf\/index.php\/wp-json\/wp\/v2\/product_cat?post=5307"},{"taxonomy":"product_tag","embeddable":true,"href":"https:\/\/aumarche.biz\/bf\/index.php\/wp-json\/wp\/v2\/product_tag?post=5307"}],"curies":[{"name":"wp","href":"https:\/\/api.w.org\/{rel}","templated":true}]}}