{"id":5329,"date":"2023-11-10T11:06:38","date_gmt":"2023-11-10T11:06:38","guid":{"rendered":"https:\/\/aumarche.biz\/bf\/index.php\/produit\/hpe-storeever-1-8-g2-lto-8-ultrium-30750-fc-tape-autoloader\/"},"modified":"2023-11-10T11:08:09","modified_gmt":"2023-11-10T11:08:09","slug":"hpe-storeever-1-8-g2-lto-8-ultrium-30750-fc-tape-autoloader","status":"publish","type":"product","link":"https:\/\/aumarche.biz\/bf\/index.php\/produit\/hpe-storeever-1-8-g2-lto-8-ultrium-30750-fc-tape-autoloader\/","title":{"rendered":"HPE StoreEver 1\/8 G2 LTO-8 Ultrium 30750 FC Tape Autoloader"},"content":{"rendered":"<div class=\"hpe-more-information__columns row\"><\/div>\n<div class=\"tabs js-tabs tabs-responsive\">\n<div class=\"content\">\n<div class=\"tabs sepcifications\">\n<div class=\"tabbody hpe-tabs__section\">\n<div class=\"hpe-specification-section\" id=\"data-specification-tab-id\" data-val=\"BC023A\" style=\"text-align: justify\" data-mce-style=\"text-align: justify;\">\n<div id=\"displayTableSpecificationBC023A\" class=\" \">\n<p class=\"hpe-more-information__list-item \" style=\"max-width: 45rem;line-height: 1.25;margin: 1rem 0px 1em\" data-mce-style=\"max-width: 45rem; line-height: 1.25; margin: 1rem 0px 1em;\"><span class=\"\"><b>Type de lecteur<\/b><\/span><span class=\"hpe-product-specification-text\" style=\"padding-left: 5px\" data-mce-style=\"padding-left: 5px;\">Lecteurs de bande HPE StoreEver LTO Ultrium autonomes<\/span><\/p>\n<p class=\"hpe-more-information__list-item \" style=\"max-width: 45rem;line-height: 1.25;margin-bottom: 1em\" data-mce-style=\"max-width: 45rem; line-height: 1.25; margin-bottom: 1em;\"><span class=\"\"><b>Taux de transfert<\/b><\/span><span class=\"hpe-product-specification-text\" style=\"padding-left: 5px\" data-mce-style=\"padding-left: 5px;\">: 300 Mo\/s natif maximum<\/span><\/p>\n<p class=\"hpe-more-information__list-item \" style=\"max-width: 45rem;line-height: 1.25;margin-bottom: 1em\" data-mce-style=\"max-width: 45rem; line-height: 1.25; margin-bottom: 1em;\"><span class=\"\"><b>Interface h\u00f4te<\/b><\/span><span class=\"hpe-product-specification-text\" style=\"padding-left: 5px\" data-mce-style=\"padding-left: 5px;\">6 Gb\/s SAS<\/span><\/p>\n<p class=\"hpe-more-information__list-item \" style=\"max-width: 45rem;line-height: 1.25;margin-bottom: 1em\" data-mce-style=\"max-width: 45rem; line-height: 1.25; margin-bottom: 1em;\"><span class=\"\"><b>Capacit\u00e9 WORM<\/b><\/span><span class=\"hpe-product-specification-text\" style=\"padding-left: 5px\" data-mce-style=\"padding-left: 5px;\">Oui<\/span><\/p>\n<p class=\"hpe-more-information__list-item \" style=\"max-width: 45rem;line-height: 1.25;margin-bottom: 1em\" data-mce-style=\"max-width: 45rem; line-height: 1.25; margin-bottom: 1em;\"><span class=\"\"><b>Capacit\u00e9 de cryptage<\/b><\/span><span class=\"hpe-product-specification-text\" style=\"padding-left: 5px\" data-mce-style=\"padding-left: 5px;\">AES 256 bits<\/span><\/p>\n<p class=\"hpe-more-information__list-item \" style=\"max-width: 45rem;line-height: 1.25;margin-bottom: 1em\" data-mce-style=\"max-width: 45rem; line-height: 1.25; margin-bottom: 1em;\"><span class=\"\"><b>Technique d\u2019enregistrement<\/b><\/span><span class=\"hpe-product-specification-text\" style=\"padding-left: 5px\" data-mce-style=\"padding-left: 5px;\">LTO-8 Ultrium 30750<\/span><\/p>\n<p class=\"hpe-more-information__list-item \" style=\"max-width: 45rem;line-height: 1.25;margin-bottom: 1em\" data-mce-style=\"max-width: 45rem; line-height: 1.25; margin-bottom: 1em;\"><span class=\"\"><b>Capacit\u00e9<\/b><\/span><span class=\"hpe-product-specification-text\" style=\"padding-left: 5px\" data-mce-style=\"padding-left: 5px;\">30 To compress\u00e9 2,5\u00a0:1<\/span><\/p>\n<p class=\"hpe-more-information__list-item \" style=\"max-width: 45rem;line-height: 1.25;margin-bottom: 1em\" data-mce-style=\"max-width: 45rem; line-height: 1.25; margin-bottom: 1em;\"><span class=\"\"><b>Facteur de forme<\/b><\/span><span class=\"hpe-product-specification-text\" style=\"padding-left: 5px\" data-mce-style=\"padding-left: 5px;\">: 5,25 pouces demi-hauteur<\/span><\/p>\n<p class=\"hpe-more-information__list-item \" style=\"max-width: 45rem;line-height: 1.25;margin-bottom: 1em\" data-mce-style=\"max-width: 45rem; line-height: 1.25; margin-bottom: 1em;\"><span class=\"\"><b>Description d\u00e9taill\u00e9e du produit<\/b><\/span><span class=\"hpe-product-specification-text\" style=\"padding-left: 5px\" data-mce-style=\"padding-left: 5px;\">HPE StoreEver LTO-8 Ultrium 30750 avec\u00a0<a target=\"_blank\" href=\"https:\/\/buy.hpe.com\/us\/en\/storage\/tape-storage\/c\/304612\" data-di-id=\"di-id-582fc252-d189eb2b\" style=\"text-decoration: none\" rel=\"noopener\" data-mce-href=\"https:\/\/buy.hpe.com\/us\/en\/storage\/tape-storage\/c\/304612\" data-mce-style=\"text-decoration: none;\">lecteur de bande<\/a>\u00a0externe SAS<\/span><\/p>\n<p class=\"hpe-more-information__list-item \" style=\"max-width: 45rem;line-height: 1.25;margin-bottom: 1em\" data-mce-style=\"max-width: 45rem; line-height: 1.25; margin-bottom: 1em;\"><span class=\"\"><b>Poids<\/b><\/span><span class=\"hpe-product-specification-text\" style=\"padding-left: 5px\" data-mce-style=\"padding-left: 5px;\">4,65 kg (10,3 lb)<\/span><\/p>\n<p class=\"hpe-more-information__list-item \" style=\"max-width: 45rem;line-height: 1.25\" data-mce-style=\"max-width: 45rem; line-height: 1.25;\"><span class=\"\"><b>Dimensions<\/b><\/span>\u00a07,7 x\u00a0<span class=\"hpe-product-specification-text\" style=\"padding-left: 5px\" data-mce-style=\"padding-left: 5px;\">22,3 x 29,5 cm (3 x 8,8 x 11,7 pouces)<\/span><\/p>\n<\/div>\n<\/div>\n<\/div>\n<\/div>\n<\/div>\n<\/div>\n","protected":false},"excerpt":{"rendered":"<p class=\"MsoNormal\"><span style=\"font-size: 14.0pt;line-height: 107%\" data-mce-style=\"font-size: 14.0pt; line-height: 107%;\">\u00a0<\/span><\/p>\n<p class=\"MsoNormal\"><span style=\"font-size: 14.0pt;line-height: 107%\" data-mce-style=\"font-size: 14.0pt; line-height: 107%;\">Optez pour le lecteur de bande externe StoreEver LTO-8 Ultrium 30750 avec SAS de Hewlett<br \/>Packard pour le stockage et l&rsquo;archivage efficaces de vos donn\u00e9es. Dot\u00e9 de la<br \/>technologie d&rsquo;enregistrement LTO-8 Ultrium 30750, ce syst\u00e8me offre une capacit\u00e9<br \/>de stockage compress\u00e9 de 30 To et des taux de transfert de donn\u00e9es allant<br \/>jusqu&rsquo;\u00e0 300 Mo\/s. Les lecteurs de bande \u00e9crivent simultan\u00e9ment sur 32 pistes,<br \/>offrant une performance lin\u00e9aire sur 3584 et 6656 pistes respectivement.<br \/>S\u00e9curisez vos donn\u00e9es avec le cryptage AES 256 bits, et profitez de<br \/>fonctionnalit\u00e9s telles qu&rsquo;une m\u00e9moire tampon de 1024 Mo, une interface h\u00f4te SAS<br \/>de 6 Gb\/s, le tout dans un format demi-hauteur de 5,25 pouces.<\/span><\/p>\n<p><\/p>\n","protected":false},"featured_media":5324,"template":"","meta":[],"product_cat":[265,264],"product_tag":[],"class_list":{"0":"post-5329","1":"product","2":"type-product","3":"status-publish","4":"has-post-thumbnail","6":"product_brand-autres-marques","7":"product_cat-electronique","8":"product_cat-high-tech","10":"first","11":"instock","12":"taxable","13":"shipping-taxable","14":"purchasable","15":"product-type-simple","16":"col-xs-6 col-sm-4","17":"col-md-3 col-lg-3","18":"un-4-cols"},"yoast_head":"<!-- This site is optimized with the Yoast SEO plugin v26.9 - https:\/\/yoast.com\/product\/yoast-seo-wordpress\/ -->\n<title>HPE StoreEver 1\/8 G2 LTO-8 Ultrium 30750 FC Tape Autoloader - AU MARCHE BURKINA<\/title>\n<meta name=\"robots\" content=\"noindex, follow, max-snippet:-1, max-image-preview:large, max-video-preview:-1\" \/>\n<meta property=\"og:locale\" content=\"fr_FR\" \/>\n<meta property=\"og:type\" content=\"article\" \/>\n<meta property=\"og:title\" content=\"HPE StoreEver 1\/8 G2 LTO-8 Ultrium 30750 FC Tape Autoloader - AU MARCHE BURKINA\" \/>\n<meta property=\"og:description\" content=\"\u00a0Optez pour le lecteur de bande externe StoreEver LTO-8 Ultrium 30750 avec SAS de HewlettPackard pour le stockage et l&#039;archivage efficaces de vos donn\u00e9es. Dot\u00e9 de latechnologie d&#039;enregistrement LTO-8 Ultrium 30750, ce syst\u00e8me offre une capacit\u00e9de stockage compress\u00e9 de 30 To et des taux de transfert de donn\u00e9es allantjusqu&#039;\u00e0 300 Mo\/s. Les lecteurs de bande \u00e9crivent simultan\u00e9ment sur 32 pistes,offrant une performance lin\u00e9aire sur 3584 et 6656 pistes respectivement.S\u00e9curisez vos donn\u00e9es avec le cryptage AES 256 bits, et profitez defonctionnalit\u00e9s telles qu&#039;une m\u00e9moire tampon de 1024 Mo, une interface h\u00f4te SASde 6 Gb\/s, le tout dans un format demi-hauteur de 5,25 pouces.\" \/>\n<meta property=\"og:url\" content=\"https:\/\/aumarche.biz\/bf\/index.php\/produit\/hpe-storeever-1-8-g2-lto-8-ultrium-30750-fc-tape-autoloader\/\" \/>\n<meta property=\"og:site_name\" content=\"AU MARCHE BURKINA\" \/>\n<meta property=\"article:publisher\" content=\"https:\/\/www.facebook.com\/aumarchebf\" \/>\n<meta property=\"article:modified_time\" content=\"2023-11-10T11:08:09+00:00\" \/>\n<meta property=\"og:image\" content=\"https:\/\/aumarche.biz\/bf\/wp-content\/uploads\/2023\/11\/EJUYH.png\" \/>\n\t<meta property=\"og:image:width\" content=\"548\" \/>\n\t<meta property=\"og:image:height\" content=\"543\" \/>\n\t<meta property=\"og:image:type\" content=\"image\/png\" \/>\n<meta name=\"twitter:card\" content=\"summary_large_image\" \/>\n<script type=\"application\/ld+json\" class=\"yoast-schema-graph\">{\"@context\":\"https:\/\/schema.org\",\"@graph\":[{\"@type\":\"WebPage\",\"@id\":\"https:\/\/aumarche.biz\/bf\/index.php\/produit\/hpe-storeever-1-8-g2-lto-8-ultrium-30750-fc-tape-autoloader\/\",\"url\":\"https:\/\/aumarche.biz\/bf\/index.php\/produit\/hpe-storeever-1-8-g2-lto-8-ultrium-30750-fc-tape-autoloader\/\",\"name\":\"HPE StoreEver 1\/8 G2 LTO-8 Ultrium 30750 FC Tape Autoloader - AU MARCHE BURKINA\",\"isPartOf\":{\"@id\":\"https:\/\/aumarche.biz\/bf\/#website\"},\"primaryImageOfPage\":{\"@id\":\"https:\/\/aumarche.biz\/bf\/index.php\/produit\/hpe-storeever-1-8-g2-lto-8-ultrium-30750-fc-tape-autoloader\/#primaryimage\"},\"image\":{\"@id\":\"https:\/\/aumarche.biz\/bf\/index.php\/produit\/hpe-storeever-1-8-g2-lto-8-ultrium-30750-fc-tape-autoloader\/#primaryimage\"},\"thumbnailUrl\":\"https:\/\/aumarche.biz\/bf\/wp-content\/uploads\/2023\/11\/EJUYH.png\",\"datePublished\":\"2023-11-10T11:06:38+00:00\",\"dateModified\":\"2023-11-10T11:08:09+00:00\",\"breadcrumb\":{\"@id\":\"https:\/\/aumarche.biz\/bf\/index.php\/produit\/hpe-storeever-1-8-g2-lto-8-ultrium-30750-fc-tape-autoloader\/#breadcrumb\"},\"inLanguage\":\"fr-FR\",\"potentialAction\":[{\"@type\":\"ReadAction\",\"target\":[\"https:\/\/aumarche.biz\/bf\/index.php\/produit\/hpe-storeever-1-8-g2-lto-8-ultrium-30750-fc-tape-autoloader\/\"]}]},{\"@type\":\"ImageObject\",\"inLanguage\":\"fr-FR\",\"@id\":\"https:\/\/aumarche.biz\/bf\/index.php\/produit\/hpe-storeever-1-8-g2-lto-8-ultrium-30750-fc-tape-autoloader\/#primaryimage\",\"url\":\"https:\/\/aumarche.biz\/bf\/wp-content\/uploads\/2023\/11\/EJUYH.png\",\"contentUrl\":\"https:\/\/aumarche.biz\/bf\/wp-content\/uploads\/2023\/11\/EJUYH.png\",\"width\":548,\"height\":543},{\"@type\":\"BreadcrumbList\",\"@id\":\"https:\/\/aumarche.biz\/bf\/index.php\/produit\/hpe-storeever-1-8-g2-lto-8-ultrium-30750-fc-tape-autoloader\/#breadcrumb\",\"itemListElement\":[{\"@type\":\"ListItem\",\"position\":1,\"name\":\"Accueil\",\"item\":\"https:\/\/aumarche.biz\/bf\/\"},{\"@type\":\"ListItem\",\"position\":2,\"name\":\"Boutique\",\"item\":\"https:\/\/aumarche.biz\/bf\/index.php\/boutique\/\"},{\"@type\":\"ListItem\",\"position\":3,\"name\":\"HPE StoreEver 1\/8 G2 LTO-8 Ultrium 30750 FC Tape Autoloader\"}]},{\"@type\":\"WebSite\",\"@id\":\"https:\/\/aumarche.biz\/bf\/#website\",\"url\":\"https:\/\/aumarche.biz\/bf\/\",\"name\":\"aumarche.biz\",\"description\":\"Vendre et acheter autrement\",\"publisher\":{\"@id\":\"https:\/\/aumarche.biz\/bf\/#organization\"},\"potentialAction\":[{\"@type\":\"SearchAction\",\"target\":{\"@type\":\"EntryPoint\",\"urlTemplate\":\"https:\/\/aumarche.biz\/bf\/?s={search_term_string}\"},\"query-input\":{\"@type\":\"PropertyValueSpecification\",\"valueRequired\":true,\"valueName\":\"search_term_string\"}}],\"inLanguage\":\"fr-FR\"},{\"@type\":\"Organization\",\"@id\":\"https:\/\/aumarche.biz\/bf\/#organization\",\"name\":\"aumarche.biz\",\"url\":\"https:\/\/aumarche.biz\/bf\/\",\"logo\":{\"@type\":\"ImageObject\",\"inLanguage\":\"fr-FR\",\"@id\":\"https:\/\/aumarche.biz\/bf\/#\/schema\/logo\/image\/\",\"url\":\"https:\/\/aumarche.biz\/bf\/wp-content\/uploads\/2023\/09\/favicone.png\",\"contentUrl\":\"https:\/\/aumarche.biz\/bf\/wp-content\/uploads\/2023\/09\/favicone.png\",\"width\":64,\"height\":64,\"caption\":\"aumarche.biz\"},\"image\":{\"@id\":\"https:\/\/aumarche.biz\/bf\/#\/schema\/logo\/image\/\"},\"sameAs\":[\"https:\/\/www.facebook.com\/aumarchebf\"]}]}<\/script>\n<!-- \/ Yoast SEO plugin. -->","yoast_head_json":{"title":"HPE StoreEver 1\/8 G2 LTO-8 Ultrium 30750 FC Tape Autoloader - AU MARCHE BURKINA","robots":{"index":"noindex","follow":"follow","max-snippet":"max-snippet:-1","max-image-preview":"max-image-preview:large","max-video-preview":"max-video-preview:-1"},"og_locale":"fr_FR","og_type":"article","og_title":"HPE StoreEver 1\/8 G2 LTO-8 Ultrium 30750 FC Tape Autoloader - AU MARCHE BURKINA","og_description":"\u00a0Optez pour le lecteur de bande externe StoreEver LTO-8 Ultrium 30750 avec SAS de HewlettPackard pour le stockage et l'archivage efficaces de vos donn\u00e9es. Dot\u00e9 de latechnologie d'enregistrement LTO-8 Ultrium 30750, ce syst\u00e8me offre une capacit\u00e9de stockage compress\u00e9 de 30 To et des taux de transfert de donn\u00e9es allantjusqu'\u00e0 300 Mo\/s. Les lecteurs de bande \u00e9crivent simultan\u00e9ment sur 32 pistes,offrant une performance lin\u00e9aire sur 3584 et 6656 pistes respectivement.S\u00e9curisez vos donn\u00e9es avec le cryptage AES 256 bits, et profitez defonctionnalit\u00e9s telles qu'une m\u00e9moire tampon de 1024 Mo, une interface h\u00f4te SASde 6 Gb\/s, le tout dans un format demi-hauteur de 5,25 pouces.","og_url":"https:\/\/aumarche.biz\/bf\/index.php\/produit\/hpe-storeever-1-8-g2-lto-8-ultrium-30750-fc-tape-autoloader\/","og_site_name":"AU MARCHE BURKINA","article_publisher":"https:\/\/www.facebook.com\/aumarchebf","article_modified_time":"2023-11-10T11:08:09+00:00","og_image":[{"width":548,"height":543,"url":"https:\/\/aumarche.biz\/bf\/wp-content\/uploads\/2023\/11\/EJUYH.png","type":"image\/png"}],"twitter_card":"summary_large_image","schema":{"@context":"https:\/\/schema.org","@graph":[{"@type":"WebPage","@id":"https:\/\/aumarche.biz\/bf\/index.php\/produit\/hpe-storeever-1-8-g2-lto-8-ultrium-30750-fc-tape-autoloader\/","url":"https:\/\/aumarche.biz\/bf\/index.php\/produit\/hpe-storeever-1-8-g2-lto-8-ultrium-30750-fc-tape-autoloader\/","name":"HPE StoreEver 1\/8 G2 LTO-8 Ultrium 30750 FC Tape Autoloader - AU MARCHE BURKINA","isPartOf":{"@id":"https:\/\/aumarche.biz\/bf\/#website"},"primaryImageOfPage":{"@id":"https:\/\/aumarche.biz\/bf\/index.php\/produit\/hpe-storeever-1-8-g2-lto-8-ultrium-30750-fc-tape-autoloader\/#primaryimage"},"image":{"@id":"https:\/\/aumarche.biz\/bf\/index.php\/produit\/hpe-storeever-1-8-g2-lto-8-ultrium-30750-fc-tape-autoloader\/#primaryimage"},"thumbnailUrl":"https:\/\/aumarche.biz\/bf\/wp-content\/uploads\/2023\/11\/EJUYH.png","datePublished":"2023-11-10T11:06:38+00:00","dateModified":"2023-11-10T11:08:09+00:00","breadcrumb":{"@id":"https:\/\/aumarche.biz\/bf\/index.php\/produit\/hpe-storeever-1-8-g2-lto-8-ultrium-30750-fc-tape-autoloader\/#breadcrumb"},"inLanguage":"fr-FR","potentialAction":[{"@type":"ReadAction","target":["https:\/\/aumarche.biz\/bf\/index.php\/produit\/hpe-storeever-1-8-g2-lto-8-ultrium-30750-fc-tape-autoloader\/"]}]},{"@type":"ImageObject","inLanguage":"fr-FR","@id":"https:\/\/aumarche.biz\/bf\/index.php\/produit\/hpe-storeever-1-8-g2-lto-8-ultrium-30750-fc-tape-autoloader\/#primaryimage","url":"https:\/\/aumarche.biz\/bf\/wp-content\/uploads\/2023\/11\/EJUYH.png","contentUrl":"https:\/\/aumarche.biz\/bf\/wp-content\/uploads\/2023\/11\/EJUYH.png","width":548,"height":543},{"@type":"BreadcrumbList","@id":"https:\/\/aumarche.biz\/bf\/index.php\/produit\/hpe-storeever-1-8-g2-lto-8-ultrium-30750-fc-tape-autoloader\/#breadcrumb","itemListElement":[{"@type":"ListItem","position":1,"name":"Accueil","item":"https:\/\/aumarche.biz\/bf\/"},{"@type":"ListItem","position":2,"name":"Boutique","item":"https:\/\/aumarche.biz\/bf\/index.php\/boutique\/"},{"@type":"ListItem","position":3,"name":"HPE StoreEver 1\/8 G2 LTO-8 Ultrium 30750 FC Tape Autoloader"}]},{"@type":"WebSite","@id":"https:\/\/aumarche.biz\/bf\/#website","url":"https:\/\/aumarche.biz\/bf\/","name":"aumarche.biz","description":"Vendre et acheter autrement","publisher":{"@id":"https:\/\/aumarche.biz\/bf\/#organization"},"potentialAction":[{"@type":"SearchAction","target":{"@type":"EntryPoint","urlTemplate":"https:\/\/aumarche.biz\/bf\/?s={search_term_string}"},"query-input":{"@type":"PropertyValueSpecification","valueRequired":true,"valueName":"search_term_string"}}],"inLanguage":"fr-FR"},{"@type":"Organization","@id":"https:\/\/aumarche.biz\/bf\/#organization","name":"aumarche.biz","url":"https:\/\/aumarche.biz\/bf\/","logo":{"@type":"ImageObject","inLanguage":"fr-FR","@id":"https:\/\/aumarche.biz\/bf\/#\/schema\/logo\/image\/","url":"https:\/\/aumarche.biz\/bf\/wp-content\/uploads\/2023\/09\/favicone.png","contentUrl":"https:\/\/aumarche.biz\/bf\/wp-content\/uploads\/2023\/09\/favicone.png","width":64,"height":64,"caption":"aumarche.biz"},"image":{"@id":"https:\/\/aumarche.biz\/bf\/#\/schema\/logo\/image\/"},"sameAs":["https:\/\/www.facebook.com\/aumarchebf"]}]}},"_links":{"self":[{"href":"https:\/\/aumarche.biz\/bf\/index.php\/wp-json\/wp\/v2\/product\/5329","targetHints":{"allow":["GET"]}}],"collection":[{"href":"https:\/\/aumarche.biz\/bf\/index.php\/wp-json\/wp\/v2\/product"}],"about":[{"href":"https:\/\/aumarche.biz\/bf\/index.php\/wp-json\/wp\/v2\/types\/product"}],"wp:featuredmedia":[{"embeddable":true,"href":"https:\/\/aumarche.biz\/bf\/index.php\/wp-json\/wp\/v2\/media\/5324"}],"wp:attachment":[{"href":"https:\/\/aumarche.biz\/bf\/index.php\/wp-json\/wp\/v2\/media?parent=5329"}],"wp:term":[{"taxonomy":"product_cat","embeddable":true,"href":"https:\/\/aumarche.biz\/bf\/index.php\/wp-json\/wp\/v2\/product_cat?post=5329"},{"taxonomy":"product_tag","embeddable":true,"href":"https:\/\/aumarche.biz\/bf\/index.php\/wp-json\/wp\/v2\/product_tag?post=5329"}],"curies":[{"name":"wp","href":"https:\/\/api.w.org\/{rel}","templated":true}]}}