{"id":5342,"date":"2023-11-10T11:35:52","date_gmt":"2023-11-10T11:35:52","guid":{"rendered":"https:\/\/aumarche.biz\/bf\/index.php\/produit\/microsoft-sculpt-ergonomic-mouse-for-business-l6v-00004\/"},"modified":"2023-11-10T11:35:52","modified_gmt":"2023-11-10T11:35:52","slug":"microsoft-sculpt-ergonomic-mouse-for-business-l6v-00004","status":"publish","type":"product","link":"https:\/\/aumarche.biz\/bf\/index.php\/produit\/microsoft-sculpt-ergonomic-mouse-for-business-l6v-00004\/","title":{"rendered":"Microsoft Sculpt Ergonomic Mouse For Business (L6V-00004)"},"content":{"rendered":"<h5 class=\"h6\">SP\u00c9CIFICATIONS TECHNIQUES<\/h5>\n<div class=\"row row-cols-1  \n            \" data-bi-id=\"c1c1c1c1c2c1c1c1c2c1c1c1m1r2a3\" data-bi-cn=\"c1c1c1c1c2c1c1c1c2c1c1c1m1r2a3\"><\/p>\n<div class=\"col-sm\" data-bi-id=\"c1c1c1c1c1c2c1c1c1c2c1c1c1m1r2a3\" data-bi-cn=\"c1c1c1c1c1c2c1c1c1c2c1c1c1m1r2a3\" style=\"position: relative;width: 1624px;padding-right: 0.75rem;padding-left: 0.75rem;flex: 1 0 0px;max-width: 100%\">\n<table class=\"table table-fixed table-lg   table-first-col-highlight\" role=\"presentation\" style=\"border-collapse: collapse;width: 1600px;margin-bottom: 1rem;background-color: transparent;border-width: 0.0625rem;border-top-style: solid;border-bottom-style: solid\">\n<tbody>\n<tr>\n<td style=\"padding: 1.5rem 0.75rem 1.5rem 1.5rem;vertical-align: top\">\n<h6 style=\"margin-top: 0px;margin-bottom: 0.5rem;font-family: inherit;line-height: 1.2;font-size: 1.1875rem\">Ordinateur<\/h6>\n<\/td>\n<td style=\"padding: 1.5rem 1.5rem 1.5rem 0.75rem;vertical-align: top\">\n<div>N\u00e9cessite un PC qui r\u00e9pond aux exigences et le syst\u00e8me d\u2019exploitation install\u00e9 ci-dessous.<\/div>\n<\/td>\n<\/tr>\n<tr>\n<td style=\"padding: 1.5rem 0.75rem 1.5rem 1.5rem;vertical-align: top\">\n<h6 style=\"margin-top: 0px;margin-bottom: 0.5rem;font-family: inherit;line-height: 1.2;font-size: 1.1875rem\">Connectivit\u00e9<\/h6>\n<\/td>\n<td style=\"padding: 1.5rem 1.5rem 1.5rem 0.75rem;vertical-align: top\">\n<div>USB<\/div>\n<\/td>\n<\/tr>\n<tr>\n<td style=\"padding: 1.5rem 0.75rem 1.5rem 1.5rem;vertical-align: top\">\n<h6 style=\"margin-top: 0px;margin-bottom: 0.5rem;font-family: inherit;line-height: 1.2;font-size: 1.1875rem\">Espace disque dur<\/h6>\n<\/td>\n<td style=\"padding: 1.5rem 1.5rem 1.5rem 0.75rem;vertical-align: top\">\n<div>Disque dur de 150 Mo<\/div>\n<\/td>\n<\/tr>\n<tr>\n<td style=\"padding: 1.5rem 0.75rem 1.5rem 1.5rem;vertical-align: top\">\n<h6 style=\"margin-top: 0px;margin-bottom: 0.5rem;font-family: inherit;line-height: 1.2;font-size: 1.1875rem\">Pile<\/h6>\n<\/td>\n<td style=\"padding: 1.5rem 1.5rem 1.5rem 0.75rem;vertical-align: top\">\n<div>2 piles alcalines AA requises (incluses).<\/div>\n<\/td>\n<\/tr>\n<tr>\n<td style=\"padding: 1.5rem 0.75rem 1.5rem 1.5rem;vertical-align: top\">\n<h6 style=\"margin-top: 0px;margin-bottom: 0.5rem;font-family: inherit;line-height: 1.2;font-size: 1.1875rem\">Syst\u00e8mes d\u2019exploitation<\/h6>\n<\/td>\n<td style=\"padding: 1.5rem 1.5rem 1.5rem 0.75rem;vertical-align: top\">\n<div>\n<p style=\"margin-top: 0px;margin-bottom: 1rem;padding-top: 0px\"><span style=\"font-weight: bolder\">COMPATIBLE:<\/span><\/p>\n<ul style=\"margin-top: 0px;margin-bottom: 1rem\">\n<li>Win 11\/10 64 bits, Win 11\/10 32 bits, Win 8.1 32 bits, Win 8.1 64 bits, Win 8 32 bits, Win 8 64 bits, Win 7 32 bits, Win 7 64 bits, Win RT 8.1, Win RT 8<\/li>\n<li>\n<p style=\"margin-top: 0px;margin-bottom: 0px;padding-top: 0px;padding-bottom: 0px\">Mac OS 10.10, Mac OS 10.9, Mac OS 10.8, Mac OS 10.7<\/p>\n<\/li>\n<li>Android 5.0, Nexus 9<\/li>\n<\/ul>\n<p style=\"margin-top: 0px;margin-bottom: 1rem\"><span style=\"font-weight: bolder\">FONCTIONNALIT\u00c9S LIMIT\u00c9ES :<\/span><\/p>\n<ul style=\"margin-top: 0px;margin-bottom: 1rem\">\n<li>Android 4.4.4, Nexus 5, Android 4.2, Android 3.2<\/li>\n<\/ul>\n<p style=\"margin-top: 0px;margin-bottom: 1rem\"><span style=\"font-weight: bolder\">NON COMPATIBLE\u00a0:<\/span><\/p>\n<ul style=\"margin-top: 0px;margin-bottom: 0px;padding-bottom: 0px\">\n<li>iOS 7, iOS 6<\/li>\n<\/ul>\n<\/div>\n<\/td>\n<\/tr>\n<tr>\n<td style=\"padding: 1.5rem 0.75rem 1.5rem 1.5rem;vertical-align: top\">\n<h6 style=\"margin-top: 0px;margin-bottom: 0.5rem;font-family: inherit;line-height: 1.2;font-size: 1.1875rem\">Taille<\/h6>\n<\/td>\n<td style=\"padding: 1.5rem 1.5rem 1.5rem 0.75rem;vertical-align: top\">\n<div>Longueur : 3,87 \u00bb \/ 98,2 mm Largeur : 2,23 \u00bb \/ 56,7 mm<\/div>\n<\/td>\n<\/tr>\n<\/tbody>\n<\/table>\n<\/div>\n<\/div>\n","protected":false},"excerpt":{"rendered":"<p><p class=\"MsoNormal\" style=\"margin-bottom:0cm;text-align:justify\"><span style=\"font-size:14.0pt;line-height:107%\">La souris ergonomique Microsoft<br \/>\nSculpt pour les entreprises (L6V-00004) est une souris sans fil con\u00e7ue pour<br \/>\noffrir un confort et r\u00e9duire le risque de blessures dues au stress r\u00e9p\u00e9titif.<br \/>\nLa souris est compatible avec Windows 11, 10, 8, 7 et RT 1. La souris pr\u00e9sente<br \/>\nune courbe profil\u00e9e qui maximise le confort et encourage une posture plus<br \/>\nnaturelle de la main, du poignet et de l\u2019avant-bras. La souris dispose de<br \/>\nboutons personnalisables et d\u2019une molette de d\u00e9filement \u00e0 quatre voies qui vous<br \/>\npermet de naviguer dans vos projets avec rapidit\u00e9 et efficacit\u00e9. La souris est<br \/>\ndisponible en couleur noire<\/span><\/p>\n<p><br data-mce-bogus=\"1\"><\/p>\n","protected":false},"featured_media":5336,"template":"","meta":[],"product_cat":[265,264],"product_tag":[],"class_list":{"0":"post-5342","1":"product","2":"type-product","3":"status-publish","4":"has-post-thumbnail","6":"product_brand-autres-marques","7":"product_cat-electronique","8":"product_cat-high-tech","10":"first","11":"instock","12":"taxable","13":"shipping-taxable","14":"purchasable","15":"product-type-simple","16":"col-xs-6 col-sm-4","17":"col-md-3 col-lg-3","18":"un-4-cols"},"yoast_head":"<!-- This site is optimized with the Yoast SEO plugin v26.9 - https:\/\/yoast.com\/product\/yoast-seo-wordpress\/ -->\n<title>Microsoft Sculpt Ergonomic Mouse For Business (L6V-00004) - AU MARCHE BURKINA<\/title>\n<meta name=\"robots\" content=\"noindex, follow, max-snippet:-1, max-image-preview:large, max-video-preview:-1\" \/>\n<meta property=\"og:locale\" content=\"fr_FR\" \/>\n<meta property=\"og:type\" content=\"article\" \/>\n<meta property=\"og:title\" content=\"Microsoft Sculpt Ergonomic Mouse For Business (L6V-00004) - AU MARCHE BURKINA\" \/>\n<meta property=\"og:description\" content=\"La souris ergonomique Microsoft Sculpt pour les entreprises (L6V-00004) est une souris sans fil con\u00e7ue pour offrir un confort et r\u00e9duire le risque de blessures dues au stress r\u00e9p\u00e9titif. La souris est compatible avec Windows 11, 10, 8, 7 et RT 1. La souris pr\u00e9sente une courbe profil\u00e9e qui maximise le confort et encourage une posture plus naturelle de la main, du poignet et de l\u2019avant-bras. La souris dispose de boutons personnalisables et d\u2019une molette de d\u00e9filement \u00e0 quatre voies qui vous permet de naviguer dans vos projets avec rapidit\u00e9 et efficacit\u00e9. La souris est disponible en couleur noire\" \/>\n<meta property=\"og:url\" content=\"https:\/\/aumarche.biz\/bf\/index.php\/produit\/microsoft-sculpt-ergonomic-mouse-for-business-l6v-00004\/\" \/>\n<meta property=\"og:site_name\" content=\"AU MARCHE BURKINA\" \/>\n<meta property=\"article:publisher\" content=\"https:\/\/www.facebook.com\/aumarchebf\" \/>\n<meta property=\"og:image\" content=\"https:\/\/aumarche.biz\/bf\/wp-content\/uploads\/2023\/11\/oooo.png\" \/>\n\t<meta property=\"og:image:width\" content=\"464\" \/>\n\t<meta property=\"og:image:height\" content=\"507\" \/>\n\t<meta property=\"og:image:type\" content=\"image\/png\" \/>\n<meta name=\"twitter:card\" content=\"summary_large_image\" \/>\n<script type=\"application\/ld+json\" class=\"yoast-schema-graph\">{\"@context\":\"https:\/\/schema.org\",\"@graph\":[{\"@type\":\"WebPage\",\"@id\":\"https:\/\/aumarche.biz\/bf\/index.php\/produit\/microsoft-sculpt-ergonomic-mouse-for-business-l6v-00004\/\",\"url\":\"https:\/\/aumarche.biz\/bf\/index.php\/produit\/microsoft-sculpt-ergonomic-mouse-for-business-l6v-00004\/\",\"name\":\"Microsoft Sculpt Ergonomic Mouse For Business (L6V-00004) - AU MARCHE BURKINA\",\"isPartOf\":{\"@id\":\"https:\/\/aumarche.biz\/bf\/#website\"},\"primaryImageOfPage\":{\"@id\":\"https:\/\/aumarche.biz\/bf\/index.php\/produit\/microsoft-sculpt-ergonomic-mouse-for-business-l6v-00004\/#primaryimage\"},\"image\":{\"@id\":\"https:\/\/aumarche.biz\/bf\/index.php\/produit\/microsoft-sculpt-ergonomic-mouse-for-business-l6v-00004\/#primaryimage\"},\"thumbnailUrl\":\"https:\/\/aumarche.biz\/bf\/wp-content\/uploads\/2023\/11\/oooo.png\",\"datePublished\":\"2023-11-10T11:35:52+00:00\",\"breadcrumb\":{\"@id\":\"https:\/\/aumarche.biz\/bf\/index.php\/produit\/microsoft-sculpt-ergonomic-mouse-for-business-l6v-00004\/#breadcrumb\"},\"inLanguage\":\"fr-FR\",\"potentialAction\":[{\"@type\":\"ReadAction\",\"target\":[\"https:\/\/aumarche.biz\/bf\/index.php\/produit\/microsoft-sculpt-ergonomic-mouse-for-business-l6v-00004\/\"]}]},{\"@type\":\"ImageObject\",\"inLanguage\":\"fr-FR\",\"@id\":\"https:\/\/aumarche.biz\/bf\/index.php\/produit\/microsoft-sculpt-ergonomic-mouse-for-business-l6v-00004\/#primaryimage\",\"url\":\"https:\/\/aumarche.biz\/bf\/wp-content\/uploads\/2023\/11\/oooo.png\",\"contentUrl\":\"https:\/\/aumarche.biz\/bf\/wp-content\/uploads\/2023\/11\/oooo.png\",\"width\":464,\"height\":507},{\"@type\":\"BreadcrumbList\",\"@id\":\"https:\/\/aumarche.biz\/bf\/index.php\/produit\/microsoft-sculpt-ergonomic-mouse-for-business-l6v-00004\/#breadcrumb\",\"itemListElement\":[{\"@type\":\"ListItem\",\"position\":1,\"name\":\"Accueil\",\"item\":\"https:\/\/aumarche.biz\/bf\/\"},{\"@type\":\"ListItem\",\"position\":2,\"name\":\"Boutique\",\"item\":\"https:\/\/aumarche.biz\/bf\/index.php\/boutique\/\"},{\"@type\":\"ListItem\",\"position\":3,\"name\":\"Microsoft Sculpt Ergonomic Mouse For Business (L6V-00004)\"}]},{\"@type\":\"WebSite\",\"@id\":\"https:\/\/aumarche.biz\/bf\/#website\",\"url\":\"https:\/\/aumarche.biz\/bf\/\",\"name\":\"aumarche.biz\",\"description\":\"Vendre et acheter autrement\",\"publisher\":{\"@id\":\"https:\/\/aumarche.biz\/bf\/#organization\"},\"potentialAction\":[{\"@type\":\"SearchAction\",\"target\":{\"@type\":\"EntryPoint\",\"urlTemplate\":\"https:\/\/aumarche.biz\/bf\/?s={search_term_string}\"},\"query-input\":{\"@type\":\"PropertyValueSpecification\",\"valueRequired\":true,\"valueName\":\"search_term_string\"}}],\"inLanguage\":\"fr-FR\"},{\"@type\":\"Organization\",\"@id\":\"https:\/\/aumarche.biz\/bf\/#organization\",\"name\":\"aumarche.biz\",\"url\":\"https:\/\/aumarche.biz\/bf\/\",\"logo\":{\"@type\":\"ImageObject\",\"inLanguage\":\"fr-FR\",\"@id\":\"https:\/\/aumarche.biz\/bf\/#\/schema\/logo\/image\/\",\"url\":\"https:\/\/aumarche.biz\/bf\/wp-content\/uploads\/2023\/09\/favicone.png\",\"contentUrl\":\"https:\/\/aumarche.biz\/bf\/wp-content\/uploads\/2023\/09\/favicone.png\",\"width\":64,\"height\":64,\"caption\":\"aumarche.biz\"},\"image\":{\"@id\":\"https:\/\/aumarche.biz\/bf\/#\/schema\/logo\/image\/\"},\"sameAs\":[\"https:\/\/www.facebook.com\/aumarchebf\"]}]}<\/script>\n<!-- \/ Yoast SEO plugin. -->","yoast_head_json":{"title":"Microsoft Sculpt Ergonomic Mouse For Business (L6V-00004) - AU MARCHE BURKINA","robots":{"index":"noindex","follow":"follow","max-snippet":"max-snippet:-1","max-image-preview":"max-image-preview:large","max-video-preview":"max-video-preview:-1"},"og_locale":"fr_FR","og_type":"article","og_title":"Microsoft Sculpt Ergonomic Mouse For Business (L6V-00004) - AU MARCHE BURKINA","og_description":"La souris ergonomique Microsoft Sculpt pour les entreprises (L6V-00004) est une souris sans fil con\u00e7ue pour offrir un confort et r\u00e9duire le risque de blessures dues au stress r\u00e9p\u00e9titif. La souris est compatible avec Windows 11, 10, 8, 7 et RT 1. La souris pr\u00e9sente une courbe profil\u00e9e qui maximise le confort et encourage une posture plus naturelle de la main, du poignet et de l\u2019avant-bras. La souris dispose de boutons personnalisables et d\u2019une molette de d\u00e9filement \u00e0 quatre voies qui vous permet de naviguer dans vos projets avec rapidit\u00e9 et efficacit\u00e9. La souris est disponible en couleur noire","og_url":"https:\/\/aumarche.biz\/bf\/index.php\/produit\/microsoft-sculpt-ergonomic-mouse-for-business-l6v-00004\/","og_site_name":"AU MARCHE BURKINA","article_publisher":"https:\/\/www.facebook.com\/aumarchebf","og_image":[{"width":464,"height":507,"url":"https:\/\/aumarche.biz\/bf\/wp-content\/uploads\/2023\/11\/oooo.png","type":"image\/png"}],"twitter_card":"summary_large_image","schema":{"@context":"https:\/\/schema.org","@graph":[{"@type":"WebPage","@id":"https:\/\/aumarche.biz\/bf\/index.php\/produit\/microsoft-sculpt-ergonomic-mouse-for-business-l6v-00004\/","url":"https:\/\/aumarche.biz\/bf\/index.php\/produit\/microsoft-sculpt-ergonomic-mouse-for-business-l6v-00004\/","name":"Microsoft Sculpt Ergonomic Mouse For Business (L6V-00004) - AU MARCHE BURKINA","isPartOf":{"@id":"https:\/\/aumarche.biz\/bf\/#website"},"primaryImageOfPage":{"@id":"https:\/\/aumarche.biz\/bf\/index.php\/produit\/microsoft-sculpt-ergonomic-mouse-for-business-l6v-00004\/#primaryimage"},"image":{"@id":"https:\/\/aumarche.biz\/bf\/index.php\/produit\/microsoft-sculpt-ergonomic-mouse-for-business-l6v-00004\/#primaryimage"},"thumbnailUrl":"https:\/\/aumarche.biz\/bf\/wp-content\/uploads\/2023\/11\/oooo.png","datePublished":"2023-11-10T11:35:52+00:00","breadcrumb":{"@id":"https:\/\/aumarche.biz\/bf\/index.php\/produit\/microsoft-sculpt-ergonomic-mouse-for-business-l6v-00004\/#breadcrumb"},"inLanguage":"fr-FR","potentialAction":[{"@type":"ReadAction","target":["https:\/\/aumarche.biz\/bf\/index.php\/produit\/microsoft-sculpt-ergonomic-mouse-for-business-l6v-00004\/"]}]},{"@type":"ImageObject","inLanguage":"fr-FR","@id":"https:\/\/aumarche.biz\/bf\/index.php\/produit\/microsoft-sculpt-ergonomic-mouse-for-business-l6v-00004\/#primaryimage","url":"https:\/\/aumarche.biz\/bf\/wp-content\/uploads\/2023\/11\/oooo.png","contentUrl":"https:\/\/aumarche.biz\/bf\/wp-content\/uploads\/2023\/11\/oooo.png","width":464,"height":507},{"@type":"BreadcrumbList","@id":"https:\/\/aumarche.biz\/bf\/index.php\/produit\/microsoft-sculpt-ergonomic-mouse-for-business-l6v-00004\/#breadcrumb","itemListElement":[{"@type":"ListItem","position":1,"name":"Accueil","item":"https:\/\/aumarche.biz\/bf\/"},{"@type":"ListItem","position":2,"name":"Boutique","item":"https:\/\/aumarche.biz\/bf\/index.php\/boutique\/"},{"@type":"ListItem","position":3,"name":"Microsoft Sculpt Ergonomic Mouse For Business (L6V-00004)"}]},{"@type":"WebSite","@id":"https:\/\/aumarche.biz\/bf\/#website","url":"https:\/\/aumarche.biz\/bf\/","name":"aumarche.biz","description":"Vendre et acheter autrement","publisher":{"@id":"https:\/\/aumarche.biz\/bf\/#organization"},"potentialAction":[{"@type":"SearchAction","target":{"@type":"EntryPoint","urlTemplate":"https:\/\/aumarche.biz\/bf\/?s={search_term_string}"},"query-input":{"@type":"PropertyValueSpecification","valueRequired":true,"valueName":"search_term_string"}}],"inLanguage":"fr-FR"},{"@type":"Organization","@id":"https:\/\/aumarche.biz\/bf\/#organization","name":"aumarche.biz","url":"https:\/\/aumarche.biz\/bf\/","logo":{"@type":"ImageObject","inLanguage":"fr-FR","@id":"https:\/\/aumarche.biz\/bf\/#\/schema\/logo\/image\/","url":"https:\/\/aumarche.biz\/bf\/wp-content\/uploads\/2023\/09\/favicone.png","contentUrl":"https:\/\/aumarche.biz\/bf\/wp-content\/uploads\/2023\/09\/favicone.png","width":64,"height":64,"caption":"aumarche.biz"},"image":{"@id":"https:\/\/aumarche.biz\/bf\/#\/schema\/logo\/image\/"},"sameAs":["https:\/\/www.facebook.com\/aumarchebf"]}]}},"_links":{"self":[{"href":"https:\/\/aumarche.biz\/bf\/index.php\/wp-json\/wp\/v2\/product\/5342","targetHints":{"allow":["GET"]}}],"collection":[{"href":"https:\/\/aumarche.biz\/bf\/index.php\/wp-json\/wp\/v2\/product"}],"about":[{"href":"https:\/\/aumarche.biz\/bf\/index.php\/wp-json\/wp\/v2\/types\/product"}],"wp:featuredmedia":[{"embeddable":true,"href":"https:\/\/aumarche.biz\/bf\/index.php\/wp-json\/wp\/v2\/media\/5336"}],"wp:attachment":[{"href":"https:\/\/aumarche.biz\/bf\/index.php\/wp-json\/wp\/v2\/media?parent=5342"}],"wp:term":[{"taxonomy":"product_cat","embeddable":true,"href":"https:\/\/aumarche.biz\/bf\/index.php\/wp-json\/wp\/v2\/product_cat?post=5342"},{"taxonomy":"product_tag","embeddable":true,"href":"https:\/\/aumarche.biz\/bf\/index.php\/wp-json\/wp\/v2\/product_tag?post=5342"}],"curies":[{"name":"wp","href":"https:\/\/api.w.org\/{rel}","templated":true}]}}