{"id":5348,"date":"2023-11-10T11:49:03","date_gmt":"2023-11-10T11:49:03","guid":{"rendered":"https:\/\/aumarche.biz\/bf\/index.php\/produit\/logitech-lift-vertical-ergonomic-mouse-wireless-bluetooth-or-logi-bolt-usb-receiver-quiet-clicks\/"},"modified":"2023-11-10T11:49:03","modified_gmt":"2023-11-10T11:49:03","slug":"logitech-lift-vertical-ergonomic-mouse-wireless-bluetooth-or-logi-bolt-usb-receiver-quiet-clicks","status":"publish","type":"product","link":"https:\/\/aumarche.biz\/bf\/index.php\/produit\/logitech-lift-vertical-ergonomic-mouse-wireless-bluetooth-or-logi-bolt-usb-receiver-quiet-clicks\/","title":{"rendered":"Logitech Lift Vertical Ergonomic Mouse, Wireless, Bluetooth or Logi Bolt USB receiver, Quiet clicks"},"content":{"rendered":"<div class=\"a-row\" style=\"width: 716.594px;font-family: Arial, sans-serif;font-size: 14px\">\n<div class=\"a-column a-span6\" style=\"margin-right: 28.6562px;float: left;min-height: 1px;overflow: visible;width: 343.688px\">\n<h1 class=\"a-size-medium a-spacing-small\" style=\"padding: 0px;margin-top: 0px;margin-right: 0px;margin-bottom: 8px !important;margin-left: 0px;font-weight: 400;font-size: 18px !important;line-height: 24px !important\">D\u00e9tails techniques<\/h1>\n<\/div>\n<\/div>\n<div aria-expanded=\"true\" class=\"a-expander-content a-expander-extend-content\" style=\"font-family: Arial, sans-serif;font-size: 14px\">\n<div class=\"a-row a-expander-container a-expander-inline-container\" style=\"width: 716.594px\">\n<div aria-expanded=\"true\" class=\"a-expander-content a-expander-section-content a-section-expander-inner\" style=\"padding: 12px 18px\">\n<table id=\"productDetails_techSpec_section_1\" class=\"a-keyvalue prodDetTable\" role=\"presentation\" style=\"margin-bottom: 22px;border-collapse: collapse;width: 680.594px;border-spacing: 0px;padding: 0px\">\n<tbody>\n<tr>\n<th class=\"a-color-secondary a-size-base prodDetSectionEntry\" style=\"vertical-align: top;text-align: left;padding: 7px 14px 6px;font-weight: 400;width: 340.297px;font-size: 14px !important;line-height: 20px !important\">Marque<\/th>\n<td class=\"a-size-base prodDetAttrValue\" style=\"vertical-align: top;padding: 7px 14px 6px;font-size: 14px !important;line-height: 20px !important\">Logitech<\/td>\n<\/tr>\n<tr>\n<th class=\"a-color-secondary a-size-base prodDetSectionEntry\" style=\"vertical-align: top;text-align: left;padding: 7px 14px 6px;font-weight: 400;width: 340.297px;font-size: 14px !important;line-height: 20px !important\"><br data-mce-bogus=\"1\"><\/th>\n<td class=\"a-size-base prodDetAttrValue\" style=\"vertical-align: top;padding: 7px 14px 6px;font-size: 14px !important;line-height: 20px !important\"><br data-mce-bogus=\"1\"><\/td>\n<\/tr>\n<tr>\n<th class=\"a-color-secondary a-size-base prodDetSectionEntry\" style=\"vertical-align: top;text-align: left;padding: 7px 14px 6px;font-weight: 400;width: 340.297px;font-size: 14px !important;line-height: 20px !important\">Mod\u00e8le<\/th>\n<td class=\"a-size-base prodDetAttrValue\" style=\"vertical-align: top;padding: 7px 14px 6px;font-size: 14px !important;line-height: 20px !important\">\u200e910-006479<\/td>\n<\/tr>\n<tr>\n<th class=\"a-color-secondary a-size-base prodDetSectionEntry\" style=\"vertical-align: top;text-align: left;padding: 7px 14px 6px;font-weight: 400;width: 340.297px;font-size: 14px !important;line-height: 20px !important\">Dimensions du produit<\/th>\n<td class=\"a-size-base prodDetAttrValue\" style=\"vertical-align: top;padding: 7px 14px 6px;font-size: 14px !important;line-height: 20px !important\">7,1 x 7 x 10,8 cm\u00a0; 125 grammes<\/td>\n<\/tr>\n<tr>\n<th class=\"a-color-secondary a-size-base prodDetSectionEntry\" style=\"vertical-align: top;text-align: left;padding: 7px 14px 6px;font-weight: 400;width: 340.297px;font-size: 14px !important;line-height: 20px !important\">Num\u00e9ro de mod\u00e8le de l\u2019article<\/th>\n<td class=\"a-size-base prodDetAttrValue\" style=\"vertical-align: top;padding: 7px 14px 6px;font-size: 14px !important;line-height: 20px !important\">\u200e910-006479<\/td>\n<\/tr>\n<tr>\n<th class=\"a-color-secondary a-size-base prodDetSectionEntry\" style=\"vertical-align: top;text-align: left;padding: 7px 14px 6px;font-weight: 400;width: 340.297px;font-size: 14px !important;line-height: 20px !important\">Syst\u00e8me d\u2019exploitation<\/th>\n<td class=\"a-size-base prodDetAttrValue\" style=\"vertical-align: top;padding: 7px 14px 6px;font-size: 14px !important;line-height: 20px !important\">Mac OS 9, Windows 8.1, Linux, Chrome OS<\/td>\n<\/tr>\n<tr>\n<th class=\"a-color-secondary a-size-base prodDetSectionEntry\" style=\"vertical-align: top;text-align: left;padding: 7px 14px 6px;font-weight: 400;width: 340.297px;font-size: 14px !important;line-height: 20px !important\">Plate-forme mat\u00e9rielle<\/th>\n<td class=\"a-size-base prodDetAttrValue\" style=\"vertical-align: top;padding: 7px 14px 6px;font-size: 14px !important;line-height: 20px !important\">PC, Mac<\/td>\n<\/tr>\n<tr>\n<th class=\"a-color-secondary a-size-base prodDetSectionEntry\" style=\"vertical-align: top;text-align: left;padding: 7px 14px 6px;font-weight: 400;width: 340.297px;font-size: 14px !important;line-height: 20px !important\">Appareils compatibles<\/th>\n<td class=\"a-size-base prodDetAttrValue\" style=\"vertical-align: top;padding: 7px 14px 6px;font-size: 14px !important;line-height: 20px !important\">Ordinateur portable, ordinateur personnel<\/td>\n<\/tr>\n<tr>\n<th class=\"a-color-secondary a-size-base prodDetSectionEntry\" style=\"vertical-align: top;text-align: left;padding: 7px 14px 6px;font-weight: 400;width: 340.297px;font-size: 14px !important;line-height: 20px !important\">Caract\u00e9ristiques sp\u00e9ciales<\/th>\n<td class=\"a-size-base prodDetAttrValue\" style=\"vertical-align: top;padding: 7px 14px 6px;font-size: 14px !important;line-height: 20px !important\">Conception ergonomique sans fil<\/td>\n<\/tr>\n<tr>\n<th class=\"a-color-secondary a-size-base prodDetSectionEntry\" style=\"vertical-align: top;text-align: left;padding: 7px 14px 6px;font-weight: 400;width: 340.297px;font-size: 14px !important;line-height: 20px !important\">Mat\u00e9riel de montage<\/th>\n<td class=\"a-size-base prodDetAttrValue\" style=\"vertical-align: top;padding: 7px 14px 6px;font-size: 14px !important;line-height: 20px !important\">Souris sans fil, r\u00e9cepteur USB, 1 pile AA (pr\u00e9install\u00e9e), documentation utilisateur<\/td>\n<\/tr>\n<tr>\n<th class=\"a-color-secondary a-size-base prodDetSectionEntry\" style=\"vertical-align: top;text-align: left;padding: 7px 14px 6px;font-weight: 400;width: 340.297px;font-size: 14px !important;line-height: 20px !important\">Nombre d\u2019articles<\/th>\n<td class=\"a-size-base prodDetAttrValue\" style=\"vertical-align: top;padding: 7px 14px 6px;font-size: 14px !important;line-height: 20px !important\">\u200e1<\/td>\n<\/tr>\n<tr>\n<th class=\"a-color-secondary a-size-base prodDetSectionEntry\" style=\"vertical-align: top;text-align: left;padding: 7px 14px 6px;font-weight: 400;width: 340.297px;font-size: 14px !important;line-height: 20px !important\">Source d\u2019alimentation<\/th>\n<td class=\"a-size-base prodDetAttrValue\" style=\"vertical-align: top;padding: 7px 14px 6px;font-size: 14px !important;line-height: 20px !important\">Aliment\u00e9 par batterie, \u00e9lectrique filaire<\/td>\n<\/tr>\n<tr>\n<th class=\"a-color-secondary a-size-base prodDetSectionEntry\" style=\"vertical-align: top;text-align: left;padding: 7px 14px 6px;font-weight: 400;width: 340.297px;font-size: 14px !important;line-height: 20px !important\">Dur\u00e9e de vie moyenne de la batterie<\/th>\n<td class=\"a-size-base prodDetAttrValue\" style=\"vertical-align: top;padding: 7px 14px 6px;font-size: 14px !important;line-height: 20px !important\">2 ans<\/td>\n<\/tr>\n<tr>\n<th class=\"a-color-secondary a-size-base prodDetSectionEntry\" style=\"vertical-align: top;text-align: left;padding: 7px 14px 6px;font-weight: 400;width: 340.297px;font-size: 14px !important;line-height: 20px !important\">Piles incluses<\/th>\n<td class=\"a-size-base prodDetAttrValue\" style=\"vertical-align: top;padding: 7px 14px 6px;font-size: 14px !important;line-height: 20px !important\">Oui<\/td>\n<\/tr>\n<tr>\n<th class=\"a-color-secondary a-size-base prodDetSectionEntry\" style=\"vertical-align: top;text-align: left;padding: 7px 14px 6px;font-weight: 400;width: 340.297px;font-size: 14px !important;line-height: 20px !important\">Piles requises<\/th>\n<td class=\"a-size-base prodDetAttrValue\" style=\"vertical-align: top;padding: 7px 14px 6px;font-size: 14px !important;line-height: 20px !important\">Oui<\/td>\n<\/tr>\n<tr>\n<th class=\"a-color-secondary a-size-base prodDetSectionEntry\" style=\"vertical-align: top;text-align: left;padding: 7px 14px 6px;font-weight: 400;width: 340.297px;font-size: 14px !important;line-height: 20px !important\">Composition des cellules de batterie<\/th>\n<td class=\"a-size-base prodDetAttrValue\" style=\"vertical-align: top;padding: 7px 14px 6px;font-size: 14px !important;line-height: 20px !important\">Alcalin<\/td>\n<\/tr>\n<tr>\n<th class=\"a-color-secondary a-size-base prodDetSectionEntry\" style=\"vertical-align: top;text-align: left;padding: 7px 14px 6px;font-weight: 400;width: 340.297px;font-size: 14px !important;line-height: 20px !important\">Type de connecteur<\/th>\n<td class=\"a-size-base prodDetAttrValue\" style=\"vertical-align: top;padding: 7px 14px 6px;font-size: 14px !important;line-height: 20px !important\">\u200eBluetooth, USB<\/td>\n<\/tr>\n<tr>\n<th class=\"a-color-secondary a-size-base prodDetSectionEntry\" style=\"vertical-align: top;text-align: left;padding: 7px 14px 6px;font-weight: 400;width: 340.297px;font-size: 14px !important;line-height: 20px !important\">Mat\u00e9riel<\/th>\n<td class=\"a-size-base prodDetAttrValue\" style=\"vertical-align: top;padding: 7px 14px 6px;font-size: 14px !important;line-height: 20px !important\">Plastique<\/td>\n<\/tr>\n<tr>\n<th class=\"a-color-secondary a-size-base prodDetSectionEntry\" style=\"vertical-align: top;text-align: left;padding: 7px 14px 6px;font-weight: 400;width: 340.297px;font-size: 14px !important;line-height: 20px !important\">Orientation de la main<\/th>\n<td class=\"a-size-base prodDetAttrValue\" style=\"vertical-align: top;padding: 7px 14px 6px;font-size: 14px !important;line-height: 20px !important\">Droite<\/td>\n<\/tr>\n<tr>\n<th class=\"a-color-secondary a-size-base prodDetSectionEntry\" style=\"vertical-align: top;text-align: left;padding: 7px 14px 6px;font-weight: 400;width: 340.297px;font-size: 14px !important;line-height: 20px !important\">Fabricant<\/th>\n<td class=\"a-size-base prodDetAttrValue\" style=\"vertical-align: top;padding: 7px 14px 6px;font-size: 14px !important;line-height: 20px !important\">Logitech (en anglais seulement)<\/td>\n<\/tr>\n<tr>\n<th class=\"a-color-secondary a-size-base prodDetSectionEntry\" style=\"vertical-align: top;text-align: left;padding: 7px 14px 6px;font-weight: 400;width: 340.297px;font-size: 14px !important;line-height: 20px !important\"><br data-mce-bogus=\"1\"><\/th>\n<td class=\"a-size-base prodDetAttrValue\" style=\"vertical-align: top;padding: 7px 14px 6px;font-size: 14px !important;line-height: 20px !important\"><br data-mce-bogus=\"1\"><\/td>\n<\/tr>\n<tr>\n<th class=\"a-color-secondary a-size-base prodDetSectionEntry\" style=\"vertical-align: top;text-align: left;padding: 7px 14px 6px;font-weight: 400;width: 340.297px;font-size: 14px !important;line-height: 20px !important\">Poids de l\u2019article<\/th>\n<td class=\"a-size-base prodDetAttrValue\" style=\"vertical-align: top;padding: 7px 14px 6px;font-size: 14px !important;line-height: 20px !important\">125 grammes<\/td>\n<\/tr>\n<\/tbody>\n<\/table>\n<\/div>\n<\/div>\n<\/div>\n","protected":false},"excerpt":{"rendered":"<p><p class=\"MsoNormal\" style=\"margin-bottom:0cm;text-align:justify\"><span style=\"font-size:14.0pt;line-height:107%\">La souris ergonomique verticale<br \/>\nLogitech Lift est une souris sans fil con\u00e7ue pour offrir un confort et r\u00e9duire<br \/>\nle risque de blessures dues au stress r\u00e9p\u00e9titif. La souris est compatible avec<br \/>\nWindows 11, 10, 8, 7 et RT. La souris pr\u00e9sente une courbe profil\u00e9e qui maximise<br \/>\nle confort et encourage une posture plus naturelle de la main, du poignet et de<br \/>\nl\u2019avant-bras. La souris est dot\u00e9e de boutons personnalisables et d\u2019une molette<br \/>\nde d\u00e9filement \u00e0 quatre directions qui vous permet de naviguer dans vos projets<br \/>\navec rapidit\u00e9 et efficacit\u00e9.<\/span> <span style=\"font-size:14.0pt;line-height:107%\"><\/span><\/p>\n<p><br data-mce-bogus=\"1\"><\/p>\n","protected":false},"featured_media":5343,"template":"","meta":[],"product_cat":[265,264],"product_tag":[],"class_list":{"0":"post-5348","1":"product","2":"type-product","3":"status-publish","4":"has-post-thumbnail","6":"product_brand-autres-marques","7":"product_cat-electronique","8":"product_cat-high-tech","10":"first","11":"instock","12":"taxable","13":"shipping-taxable","14":"purchasable","15":"product-type-simple","16":"col-xs-6 col-sm-4","17":"col-md-3 col-lg-3","18":"un-4-cols"},"yoast_head":"<!-- This site is optimized with the Yoast SEO plugin v26.9 - https:\/\/yoast.com\/product\/yoast-seo-wordpress\/ -->\n<title>Logitech Lift Vertical Ergonomic Mouse, Wireless, Bluetooth or Logi Bolt USB receiver, Quiet clicks - AU MARCHE BURKINA<\/title>\n<meta name=\"robots\" content=\"noindex, follow, max-snippet:-1, max-image-preview:large, max-video-preview:-1\" \/>\n<meta property=\"og:locale\" content=\"fr_FR\" \/>\n<meta property=\"og:type\" content=\"article\" \/>\n<meta property=\"og:title\" content=\"Logitech Lift Vertical Ergonomic Mouse, Wireless, Bluetooth or Logi Bolt USB receiver, Quiet clicks - AU MARCHE BURKINA\" \/>\n<meta property=\"og:description\" content=\"La souris ergonomique verticale Logitech Lift est une souris sans fil con\u00e7ue pour offrir un confort et r\u00e9duire le risque de blessures dues au stress r\u00e9p\u00e9titif. La souris est compatible avec Windows 11, 10, 8, 7 et RT. La souris pr\u00e9sente une courbe profil\u00e9e qui maximise le confort et encourage une posture plus naturelle de la main, du poignet et de l\u2019avant-bras. La souris est dot\u00e9e de boutons personnalisables et d\u2019une molette de d\u00e9filement \u00e0 quatre directions qui vous permet de naviguer dans vos projets avec rapidit\u00e9 et efficacit\u00e9.\" \/>\n<meta property=\"og:url\" content=\"https:\/\/aumarche.biz\/bf\/index.php\/produit\/logitech-lift-vertical-ergonomic-mouse-wireless-bluetooth-or-logi-bolt-usb-receiver-quiet-clicks\/\" \/>\n<meta property=\"og:site_name\" content=\"AU MARCHE BURKINA\" \/>\n<meta property=\"article:publisher\" content=\"https:\/\/www.facebook.com\/aumarchebf\" \/>\n<meta property=\"og:image\" content=\"https:\/\/aumarche.biz\/bf\/wp-content\/uploads\/2023\/11\/iooop.png\" \/>\n\t<meta property=\"og:image:width\" content=\"416\" \/>\n\t<meta property=\"og:image:height\" content=\"506\" \/>\n\t<meta property=\"og:image:type\" content=\"image\/png\" \/>\n<meta name=\"twitter:card\" content=\"summary_large_image\" \/>\n<script type=\"application\/ld+json\" class=\"yoast-schema-graph\">{\"@context\":\"https:\/\/schema.org\",\"@graph\":[{\"@type\":\"WebPage\",\"@id\":\"https:\/\/aumarche.biz\/bf\/index.php\/produit\/logitech-lift-vertical-ergonomic-mouse-wireless-bluetooth-or-logi-bolt-usb-receiver-quiet-clicks\/\",\"url\":\"https:\/\/aumarche.biz\/bf\/index.php\/produit\/logitech-lift-vertical-ergonomic-mouse-wireless-bluetooth-or-logi-bolt-usb-receiver-quiet-clicks\/\",\"name\":\"Logitech Lift Vertical Ergonomic Mouse, Wireless, Bluetooth or Logi Bolt USB receiver, Quiet clicks - AU MARCHE BURKINA\",\"isPartOf\":{\"@id\":\"https:\/\/aumarche.biz\/bf\/#website\"},\"primaryImageOfPage\":{\"@id\":\"https:\/\/aumarche.biz\/bf\/index.php\/produit\/logitech-lift-vertical-ergonomic-mouse-wireless-bluetooth-or-logi-bolt-usb-receiver-quiet-clicks\/#primaryimage\"},\"image\":{\"@id\":\"https:\/\/aumarche.biz\/bf\/index.php\/produit\/logitech-lift-vertical-ergonomic-mouse-wireless-bluetooth-or-logi-bolt-usb-receiver-quiet-clicks\/#primaryimage\"},\"thumbnailUrl\":\"https:\/\/aumarche.biz\/bf\/wp-content\/uploads\/2023\/11\/iooop.png\",\"datePublished\":\"2023-11-10T11:49:03+00:00\",\"breadcrumb\":{\"@id\":\"https:\/\/aumarche.biz\/bf\/index.php\/produit\/logitech-lift-vertical-ergonomic-mouse-wireless-bluetooth-or-logi-bolt-usb-receiver-quiet-clicks\/#breadcrumb\"},\"inLanguage\":\"fr-FR\",\"potentialAction\":[{\"@type\":\"ReadAction\",\"target\":[\"https:\/\/aumarche.biz\/bf\/index.php\/produit\/logitech-lift-vertical-ergonomic-mouse-wireless-bluetooth-or-logi-bolt-usb-receiver-quiet-clicks\/\"]}]},{\"@type\":\"ImageObject\",\"inLanguage\":\"fr-FR\",\"@id\":\"https:\/\/aumarche.biz\/bf\/index.php\/produit\/logitech-lift-vertical-ergonomic-mouse-wireless-bluetooth-or-logi-bolt-usb-receiver-quiet-clicks\/#primaryimage\",\"url\":\"https:\/\/aumarche.biz\/bf\/wp-content\/uploads\/2023\/11\/iooop.png\",\"contentUrl\":\"https:\/\/aumarche.biz\/bf\/wp-content\/uploads\/2023\/11\/iooop.png\",\"width\":416,\"height\":506},{\"@type\":\"BreadcrumbList\",\"@id\":\"https:\/\/aumarche.biz\/bf\/index.php\/produit\/logitech-lift-vertical-ergonomic-mouse-wireless-bluetooth-or-logi-bolt-usb-receiver-quiet-clicks\/#breadcrumb\",\"itemListElement\":[{\"@type\":\"ListItem\",\"position\":1,\"name\":\"Accueil\",\"item\":\"https:\/\/aumarche.biz\/bf\/\"},{\"@type\":\"ListItem\",\"position\":2,\"name\":\"Boutique\",\"item\":\"https:\/\/aumarche.biz\/bf\/index.php\/boutique\/\"},{\"@type\":\"ListItem\",\"position\":3,\"name\":\"Logitech Lift Vertical Ergonomic Mouse, Wireless, Bluetooth or Logi Bolt USB receiver, Quiet clicks\"}]},{\"@type\":\"WebSite\",\"@id\":\"https:\/\/aumarche.biz\/bf\/#website\",\"url\":\"https:\/\/aumarche.biz\/bf\/\",\"name\":\"aumarche.biz\",\"description\":\"Vendre et acheter autrement\",\"publisher\":{\"@id\":\"https:\/\/aumarche.biz\/bf\/#organization\"},\"potentialAction\":[{\"@type\":\"SearchAction\",\"target\":{\"@type\":\"EntryPoint\",\"urlTemplate\":\"https:\/\/aumarche.biz\/bf\/?s={search_term_string}\"},\"query-input\":{\"@type\":\"PropertyValueSpecification\",\"valueRequired\":true,\"valueName\":\"search_term_string\"}}],\"inLanguage\":\"fr-FR\"},{\"@type\":\"Organization\",\"@id\":\"https:\/\/aumarche.biz\/bf\/#organization\",\"name\":\"aumarche.biz\",\"url\":\"https:\/\/aumarche.biz\/bf\/\",\"logo\":{\"@type\":\"ImageObject\",\"inLanguage\":\"fr-FR\",\"@id\":\"https:\/\/aumarche.biz\/bf\/#\/schema\/logo\/image\/\",\"url\":\"https:\/\/aumarche.biz\/bf\/wp-content\/uploads\/2023\/09\/favicone.png\",\"contentUrl\":\"https:\/\/aumarche.biz\/bf\/wp-content\/uploads\/2023\/09\/favicone.png\",\"width\":64,\"height\":64,\"caption\":\"aumarche.biz\"},\"image\":{\"@id\":\"https:\/\/aumarche.biz\/bf\/#\/schema\/logo\/image\/\"},\"sameAs\":[\"https:\/\/www.facebook.com\/aumarchebf\"]}]}<\/script>\n<!-- \/ Yoast SEO plugin. -->","yoast_head_json":{"title":"Logitech Lift Vertical Ergonomic Mouse, Wireless, Bluetooth or Logi Bolt USB receiver, Quiet clicks - AU MARCHE BURKINA","robots":{"index":"noindex","follow":"follow","max-snippet":"max-snippet:-1","max-image-preview":"max-image-preview:large","max-video-preview":"max-video-preview:-1"},"og_locale":"fr_FR","og_type":"article","og_title":"Logitech Lift Vertical Ergonomic Mouse, Wireless, Bluetooth or Logi Bolt USB receiver, Quiet clicks - AU MARCHE BURKINA","og_description":"La souris ergonomique verticale Logitech Lift est une souris sans fil con\u00e7ue pour offrir un confort et r\u00e9duire le risque de blessures dues au stress r\u00e9p\u00e9titif. La souris est compatible avec Windows 11, 10, 8, 7 et RT. La souris pr\u00e9sente une courbe profil\u00e9e qui maximise le confort et encourage une posture plus naturelle de la main, du poignet et de l\u2019avant-bras. La souris est dot\u00e9e de boutons personnalisables et d\u2019une molette de d\u00e9filement \u00e0 quatre directions qui vous permet de naviguer dans vos projets avec rapidit\u00e9 et efficacit\u00e9.","og_url":"https:\/\/aumarche.biz\/bf\/index.php\/produit\/logitech-lift-vertical-ergonomic-mouse-wireless-bluetooth-or-logi-bolt-usb-receiver-quiet-clicks\/","og_site_name":"AU MARCHE BURKINA","article_publisher":"https:\/\/www.facebook.com\/aumarchebf","og_image":[{"width":416,"height":506,"url":"https:\/\/aumarche.biz\/bf\/wp-content\/uploads\/2023\/11\/iooop.png","type":"image\/png"}],"twitter_card":"summary_large_image","schema":{"@context":"https:\/\/schema.org","@graph":[{"@type":"WebPage","@id":"https:\/\/aumarche.biz\/bf\/index.php\/produit\/logitech-lift-vertical-ergonomic-mouse-wireless-bluetooth-or-logi-bolt-usb-receiver-quiet-clicks\/","url":"https:\/\/aumarche.biz\/bf\/index.php\/produit\/logitech-lift-vertical-ergonomic-mouse-wireless-bluetooth-or-logi-bolt-usb-receiver-quiet-clicks\/","name":"Logitech Lift Vertical Ergonomic Mouse, Wireless, Bluetooth or Logi Bolt USB receiver, Quiet clicks - AU MARCHE BURKINA","isPartOf":{"@id":"https:\/\/aumarche.biz\/bf\/#website"},"primaryImageOfPage":{"@id":"https:\/\/aumarche.biz\/bf\/index.php\/produit\/logitech-lift-vertical-ergonomic-mouse-wireless-bluetooth-or-logi-bolt-usb-receiver-quiet-clicks\/#primaryimage"},"image":{"@id":"https:\/\/aumarche.biz\/bf\/index.php\/produit\/logitech-lift-vertical-ergonomic-mouse-wireless-bluetooth-or-logi-bolt-usb-receiver-quiet-clicks\/#primaryimage"},"thumbnailUrl":"https:\/\/aumarche.biz\/bf\/wp-content\/uploads\/2023\/11\/iooop.png","datePublished":"2023-11-10T11:49:03+00:00","breadcrumb":{"@id":"https:\/\/aumarche.biz\/bf\/index.php\/produit\/logitech-lift-vertical-ergonomic-mouse-wireless-bluetooth-or-logi-bolt-usb-receiver-quiet-clicks\/#breadcrumb"},"inLanguage":"fr-FR","potentialAction":[{"@type":"ReadAction","target":["https:\/\/aumarche.biz\/bf\/index.php\/produit\/logitech-lift-vertical-ergonomic-mouse-wireless-bluetooth-or-logi-bolt-usb-receiver-quiet-clicks\/"]}]},{"@type":"ImageObject","inLanguage":"fr-FR","@id":"https:\/\/aumarche.biz\/bf\/index.php\/produit\/logitech-lift-vertical-ergonomic-mouse-wireless-bluetooth-or-logi-bolt-usb-receiver-quiet-clicks\/#primaryimage","url":"https:\/\/aumarche.biz\/bf\/wp-content\/uploads\/2023\/11\/iooop.png","contentUrl":"https:\/\/aumarche.biz\/bf\/wp-content\/uploads\/2023\/11\/iooop.png","width":416,"height":506},{"@type":"BreadcrumbList","@id":"https:\/\/aumarche.biz\/bf\/index.php\/produit\/logitech-lift-vertical-ergonomic-mouse-wireless-bluetooth-or-logi-bolt-usb-receiver-quiet-clicks\/#breadcrumb","itemListElement":[{"@type":"ListItem","position":1,"name":"Accueil","item":"https:\/\/aumarche.biz\/bf\/"},{"@type":"ListItem","position":2,"name":"Boutique","item":"https:\/\/aumarche.biz\/bf\/index.php\/boutique\/"},{"@type":"ListItem","position":3,"name":"Logitech Lift Vertical Ergonomic Mouse, Wireless, Bluetooth or Logi Bolt USB receiver, Quiet clicks"}]},{"@type":"WebSite","@id":"https:\/\/aumarche.biz\/bf\/#website","url":"https:\/\/aumarche.biz\/bf\/","name":"aumarche.biz","description":"Vendre et acheter autrement","publisher":{"@id":"https:\/\/aumarche.biz\/bf\/#organization"},"potentialAction":[{"@type":"SearchAction","target":{"@type":"EntryPoint","urlTemplate":"https:\/\/aumarche.biz\/bf\/?s={search_term_string}"},"query-input":{"@type":"PropertyValueSpecification","valueRequired":true,"valueName":"search_term_string"}}],"inLanguage":"fr-FR"},{"@type":"Organization","@id":"https:\/\/aumarche.biz\/bf\/#organization","name":"aumarche.biz","url":"https:\/\/aumarche.biz\/bf\/","logo":{"@type":"ImageObject","inLanguage":"fr-FR","@id":"https:\/\/aumarche.biz\/bf\/#\/schema\/logo\/image\/","url":"https:\/\/aumarche.biz\/bf\/wp-content\/uploads\/2023\/09\/favicone.png","contentUrl":"https:\/\/aumarche.biz\/bf\/wp-content\/uploads\/2023\/09\/favicone.png","width":64,"height":64,"caption":"aumarche.biz"},"image":{"@id":"https:\/\/aumarche.biz\/bf\/#\/schema\/logo\/image\/"},"sameAs":["https:\/\/www.facebook.com\/aumarchebf"]}]}},"_links":{"self":[{"href":"https:\/\/aumarche.biz\/bf\/index.php\/wp-json\/wp\/v2\/product\/5348","targetHints":{"allow":["GET"]}}],"collection":[{"href":"https:\/\/aumarche.biz\/bf\/index.php\/wp-json\/wp\/v2\/product"}],"about":[{"href":"https:\/\/aumarche.biz\/bf\/index.php\/wp-json\/wp\/v2\/types\/product"}],"wp:featuredmedia":[{"embeddable":true,"href":"https:\/\/aumarche.biz\/bf\/index.php\/wp-json\/wp\/v2\/media\/5343"}],"wp:attachment":[{"href":"https:\/\/aumarche.biz\/bf\/index.php\/wp-json\/wp\/v2\/media?parent=5348"}],"wp:term":[{"taxonomy":"product_cat","embeddable":true,"href":"https:\/\/aumarche.biz\/bf\/index.php\/wp-json\/wp\/v2\/product_cat?post=5348"},{"taxonomy":"product_tag","embeddable":true,"href":"https:\/\/aumarche.biz\/bf\/index.php\/wp-json\/wp\/v2\/product_tag?post=5348"}],"curies":[{"name":"wp","href":"https:\/\/api.w.org\/{rel}","templated":true}]}}