{"id":5352,"date":"2023-11-10T11:58:47","date_gmt":"2023-11-10T11:58:47","guid":{"rendered":"https:\/\/aumarche.biz\/bf\/index.php\/produit\/jabra-evolve-75-se-micro-casque-stereo-bluetooth-sans-fil\/"},"modified":"2023-11-10T11:58:48","modified_gmt":"2023-11-10T11:58:48","slug":"jabra-evolve-75-se-micro-casque-stereo-bluetooth-sans-fil","status":"publish","type":"product","link":"https:\/\/aumarche.biz\/bf\/index.php\/produit\/jabra-evolve-75-se-micro-casque-stereo-bluetooth-sans-fil\/","title":{"rendered":"Jabra Evolve 75 SE &#8211; Micro-casque st\u00e9r\u00e9o Bluetooth sans fil"},"content":{"rendered":"<div class=\"a-row\">\n<div class=\"a-column a-span6\" style=\"margin-right: 28.6562px;float: left;min-height: 1px;overflow: visible;width: 343.688px\">\n<h1 class=\"a-size-medium a-spacing-small\" style=\"padding: 0px;margin-top: 0px;margin-right: 0px;margin-bottom: 8px !important;margin-left: 0px;font-weight: 400;font-size: 18px !important;line-height: 24px !important\">Descriptif technique<\/h1>\n<\/div>\n<\/div>\n<div aria-expanded=\"true\" class=\"a-expander-content a-expander-extend-content\">\n<div class=\"a-row a-expander-container a-expander-inline-container\" style=\"width: 716.594px\">\n<div aria-expanded=\"true\" class=\"a-expander-content a-expander-section-content a-section-expander-inner\" style=\"padding: 12px 18px\">\n<table id=\"productDetails_techSpec_section_1\" class=\"a-keyvalue prodDetTable\" role=\"presentation\" style=\"margin-bottom: 22px;border-collapse: collapse;width: 680.594px;border-spacing: 0px;padding: 0px\">\n<tbody>\n<tr>\n<th class=\"a-color-secondary a-size-base prodDetSectionEntry\" style=\"vertical-align: top;text-align: left;padding: 7px 14px 6px;font-weight: 400;width: 340.297px;font-size: 14px !important;line-height: 20px !important\">Marque<\/th>\n<td class=\"a-size-base prodDetAttrValue\" style=\"vertical-align: top;padding: 7px 14px 6px;font-size: 14px !important;line-height: 20px !important\">\u200eJabra<\/td>\n<\/tr>\n<tr>\n<th class=\"a-color-secondary a-size-base prodDetSectionEntry\" style=\"vertical-align: top;text-align: left;padding: 7px 14px 6px;font-weight: 400;width: 340.297px;font-size: 14px !important;line-height: 20px !important\">Couleur<\/th>\n<td class=\"a-size-base prodDetAttrValue\" style=\"vertical-align: top;padding: 7px 14px 6px;font-size: 14px !important;line-height: 20px !important\">\u200eNoir<\/td>\n<\/tr>\n<tr>\n<th class=\"a-color-secondary a-size-base prodDetSectionEntry\" style=\"vertical-align: top;text-align: left;padding: 7px 14px 6px;font-weight: 400;width: 340.297px;font-size: 14px !important;line-height: 20px !important\">Type de casque<\/th>\n<td class=\"a-size-base prodDetAttrValue\" style=\"vertical-align: top;padding: 7px 14px 6px;font-size: 14px !important;line-height: 20px !important\">\u200eCircum-Auriculaire<\/td>\n<\/tr>\n<tr>\n<th class=\"a-color-secondary a-size-base prodDetSectionEntry\" style=\"vertical-align: top;text-align: left;padding: 7px 14px 6px;font-weight: 400;width: 340.297px;font-size: 14px !important;line-height: 20px !important\">Connexions<\/th>\n<td class=\"a-size-base prodDetAttrValue\" style=\"vertical-align: top;padding: 7px 14px 6px;font-size: 14px !important;line-height: 20px !important\">\u200eSans fil Bluetooth<\/td>\n<\/tr>\n<tr>\n<th class=\"a-color-secondary a-size-base prodDetSectionEntry\" style=\"vertical-align: top;text-align: left;padding: 7px 14px 6px;font-weight: 400;width: 340.297px;font-size: 14px !important;line-height: 20px !important\">Distance focale<\/th>\n<td class=\"a-size-base prodDetAttrValue\" style=\"vertical-align: top;padding: 7px 14px 6px;font-size: 14px !important;line-height: 20px !important\">\u200eUSB Type A<\/td>\n<\/tr>\n<tr>\n<th class=\"a-color-secondary a-size-base prodDetSectionEntry\" style=\"vertical-align: top;text-align: left;padding: 7px 14px 6px;font-weight: 400;width: 340.297px;font-size: 14px !important;line-height: 20px !important\">Caract\u00e9ristiques sp\u00e9ciales<\/th>\n<td class=\"a-size-base prodDetAttrValue\" style=\"vertical-align: top;padding: 7px 14px 6px;font-size: 14px !important;line-height: 20px !important\">\u200eCharge rapide<\/td>\n<\/tr>\n<tr>\n<th class=\"a-color-secondary a-size-base prodDetSectionEntry\" style=\"vertical-align: top;text-align: left;padding: 7px 14px 6px;font-weight: 400;width: 340.297px;font-size: 14px !important;line-height: 20px !important\">Type de batterie<\/th>\n<td class=\"a-size-base prodDetAttrValue\" style=\"vertical-align: top;padding: 7px 14px 6px;font-size: 14px !important;line-height: 20px !important\">\u200eLithium-ion<\/td>\n<\/tr>\n<tr>\n<th class=\"a-color-secondary a-size-base prodDetSectionEntry\" style=\"vertical-align: top;text-align: left;padding: 7px 14px 6px;font-weight: 400;width: 340.297px;font-size: 14px !important;line-height: 20px !important\">Batterie rechargeable<\/th>\n<td class=\"a-size-base prodDetAttrValue\" style=\"vertical-align: top;padding: 7px 14px 6px;font-size: 14px !important;line-height: 20px !important\">\u200eOui<\/td>\n<\/tr>\n<tr>\n<th class=\"a-color-secondary a-size-base prodDetSectionEntry\" style=\"vertical-align: top;text-align: left;padding: 7px 14px 6px;font-weight: 400;width: 340.297px;font-size: 14px !important;line-height: 20px !important\">Garantie constructeur<\/th>\n<td class=\"a-size-base prodDetAttrValue\" style=\"vertical-align: top;padding: 7px 14px 6px;font-size: 14px !important;line-height: 20px !important\">\u200e2 ans constructeur<\/td>\n<\/tr>\n<tr>\n<th class=\"a-color-secondary a-size-base prodDetSectionEntry\" style=\"vertical-align: top;text-align: left;padding: 7px 14px 6px;font-weight: 400;width: 340.297px;font-size: 14px !important;line-height: 20px !important\">Disponibilit\u00e9 des pi\u00e8ces d\u00e9tach\u00e9es<\/th>\n<td class=\"a-size-base prodDetAttrValue\" style=\"vertical-align: top;padding: 7px 14px 6px;font-size: 14px !important;line-height: 20px !important\">\u200eInformation indisponible sur les pi\u00e8ces d\u00e9tach\u00e9es<\/td>\n<\/tr>\n<tr>\n<th class=\"a-color-secondary a-size-base prodDetSectionEntry\" style=\"vertical-align: top;text-align: left;padding: 7px 14px 6px;font-weight: 400;width: 340.297px;font-size: 14px !important;line-height: 20px !important\">Mises \u00e0 jour logicielles garanties jusqu\u2019\u00e0<\/th>\n<td class=\"a-size-base prodDetAttrValue\" style=\"vertical-align: top;padding: 7px 14px 6px;font-size: 14px !important;line-height: 20px !important\">\u200eInformation non disponible<\/td>\n<\/tr>\n<\/tbody>\n<\/table>\n<\/div>\n<\/div>\n<\/div>\n","protected":false},"excerpt":{"rendered":"<p><p class=\"MsoNormal\">Le casque st\u00e9r\u00e9o sans fil Jabra Evolve 75 SE est un casque<br \/>\nBluetooth con\u00e7u pour un usage professionnel. Le casque est compatible avec<br \/>\nWindows 11, 10, 8, 7 et RT 1. Le casque est dot\u00e9 d\u2019une suppression active du<br \/>\nbruit et d\u2019un microphone antibruit qui offre une qualit\u00e9 d\u2019appel exceptionnelle<br \/>\n1. Le casque a une port\u00e9e sans fil allant jusqu\u2019\u00e0 30 m\u00e8tres et peut se<br \/>\nconnecter \u00e0 deux appareils simultan\u00e9ment Le casque est certifi\u00e9 pour Microsoft<br \/>\nTeams et Google Meet &amp; Zoom, et fonctionne avec toutes les autres<br \/>\nplates-formes de premier plan .<\/p>\n<p><br data-mce-bogus=\"1\"><\/p>\n","protected":false},"featured_media":5349,"template":"","meta":[],"product_cat":[265,264],"product_tag":[],"class_list":{"0":"post-5352","1":"product","2":"type-product","3":"status-publish","4":"has-post-thumbnail","6":"product_brand-autres-marques","7":"product_cat-electronique","8":"product_cat-high-tech","10":"first","11":"instock","12":"taxable","13":"shipping-taxable","14":"purchasable","15":"product-type-simple","16":"col-xs-6 col-sm-4","17":"col-md-3 col-lg-3","18":"un-4-cols"},"yoast_head":"<!-- This site is optimized with the Yoast SEO plugin v26.9 - https:\/\/yoast.com\/product\/yoast-seo-wordpress\/ -->\n<title>Jabra Evolve 75 SE - Micro-casque st\u00e9r\u00e9o Bluetooth sans fil - AU MARCHE BURKINA<\/title>\n<meta name=\"robots\" content=\"noindex, follow, max-snippet:-1, max-image-preview:large, max-video-preview:-1\" \/>\n<meta property=\"og:locale\" content=\"fr_FR\" \/>\n<meta property=\"og:type\" content=\"article\" \/>\n<meta property=\"og:title\" content=\"Jabra Evolve 75 SE - Micro-casque st\u00e9r\u00e9o Bluetooth sans fil - AU MARCHE BURKINA\" \/>\n<meta property=\"og:description\" content=\"Le casque st\u00e9r\u00e9o sans fil Jabra Evolve 75 SE est un casque Bluetooth con\u00e7u pour un usage professionnel. Le casque est compatible avec Windows 11, 10, 8, 7 et RT 1. Le casque est dot\u00e9 d\u2019une suppression active du bruit et d\u2019un microphone antibruit qui offre une qualit\u00e9 d\u2019appel exceptionnelle 1. Le casque a une port\u00e9e sans fil allant jusqu\u2019\u00e0 30 m\u00e8tres et peut se connecter \u00e0 deux appareils simultan\u00e9ment Le casque est certifi\u00e9 pour Microsoft Teams et Google Meet &amp; Zoom, et fonctionne avec toutes les autres plates-formes de premier plan .\" \/>\n<meta property=\"og:url\" content=\"https:\/\/aumarche.biz\/bf\/index.php\/produit\/jabra-evolve-75-se-micro-casque-stereo-bluetooth-sans-fil\/\" \/>\n<meta property=\"og:site_name\" content=\"AU MARCHE BURKINA\" \/>\n<meta property=\"article:publisher\" content=\"https:\/\/www.facebook.com\/aumarchebf\" \/>\n<meta property=\"article:modified_time\" content=\"2023-11-10T11:58:48+00:00\" \/>\n<meta property=\"og:image\" content=\"https:\/\/aumarche.biz\/bf\/wp-content\/uploads\/2023\/11\/61LLoYBWIYL._AC_SL1500_.jpg\" \/>\n\t<meta property=\"og:image:width\" content=\"1069\" \/>\n\t<meta property=\"og:image:height\" content=\"1247\" \/>\n\t<meta property=\"og:image:type\" content=\"image\/jpeg\" \/>\n<meta name=\"twitter:card\" content=\"summary_large_image\" \/>\n<script type=\"application\/ld+json\" class=\"yoast-schema-graph\">{\"@context\":\"https:\/\/schema.org\",\"@graph\":[{\"@type\":\"WebPage\",\"@id\":\"https:\/\/aumarche.biz\/bf\/index.php\/produit\/jabra-evolve-75-se-micro-casque-stereo-bluetooth-sans-fil\/\",\"url\":\"https:\/\/aumarche.biz\/bf\/index.php\/produit\/jabra-evolve-75-se-micro-casque-stereo-bluetooth-sans-fil\/\",\"name\":\"Jabra Evolve 75 SE - Micro-casque st\u00e9r\u00e9o Bluetooth sans fil - AU MARCHE BURKINA\",\"isPartOf\":{\"@id\":\"https:\/\/aumarche.biz\/bf\/#website\"},\"primaryImageOfPage\":{\"@id\":\"https:\/\/aumarche.biz\/bf\/index.php\/produit\/jabra-evolve-75-se-micro-casque-stereo-bluetooth-sans-fil\/#primaryimage\"},\"image\":{\"@id\":\"https:\/\/aumarche.biz\/bf\/index.php\/produit\/jabra-evolve-75-se-micro-casque-stereo-bluetooth-sans-fil\/#primaryimage\"},\"thumbnailUrl\":\"https:\/\/aumarche.biz\/bf\/wp-content\/uploads\/2023\/11\/61LLoYBWIYL._AC_SL1500_.jpg\",\"datePublished\":\"2023-11-10T11:58:47+00:00\",\"dateModified\":\"2023-11-10T11:58:48+00:00\",\"breadcrumb\":{\"@id\":\"https:\/\/aumarche.biz\/bf\/index.php\/produit\/jabra-evolve-75-se-micro-casque-stereo-bluetooth-sans-fil\/#breadcrumb\"},\"inLanguage\":\"fr-FR\",\"potentialAction\":[{\"@type\":\"ReadAction\",\"target\":[\"https:\/\/aumarche.biz\/bf\/index.php\/produit\/jabra-evolve-75-se-micro-casque-stereo-bluetooth-sans-fil\/\"]}]},{\"@type\":\"ImageObject\",\"inLanguage\":\"fr-FR\",\"@id\":\"https:\/\/aumarche.biz\/bf\/index.php\/produit\/jabra-evolve-75-se-micro-casque-stereo-bluetooth-sans-fil\/#primaryimage\",\"url\":\"https:\/\/aumarche.biz\/bf\/wp-content\/uploads\/2023\/11\/61LLoYBWIYL._AC_SL1500_.jpg\",\"contentUrl\":\"https:\/\/aumarche.biz\/bf\/wp-content\/uploads\/2023\/11\/61LLoYBWIYL._AC_SL1500_.jpg\",\"width\":1069,\"height\":1247},{\"@type\":\"BreadcrumbList\",\"@id\":\"https:\/\/aumarche.biz\/bf\/index.php\/produit\/jabra-evolve-75-se-micro-casque-stereo-bluetooth-sans-fil\/#breadcrumb\",\"itemListElement\":[{\"@type\":\"ListItem\",\"position\":1,\"name\":\"Accueil\",\"item\":\"https:\/\/aumarche.biz\/bf\/\"},{\"@type\":\"ListItem\",\"position\":2,\"name\":\"Boutique\",\"item\":\"https:\/\/aumarche.biz\/bf\/index.php\/boutique\/\"},{\"@type\":\"ListItem\",\"position\":3,\"name\":\"Jabra Evolve 75 SE &#8211; Micro-casque st\u00e9r\u00e9o Bluetooth sans fil\"}]},{\"@type\":\"WebSite\",\"@id\":\"https:\/\/aumarche.biz\/bf\/#website\",\"url\":\"https:\/\/aumarche.biz\/bf\/\",\"name\":\"aumarche.biz\",\"description\":\"Vendre et acheter autrement\",\"publisher\":{\"@id\":\"https:\/\/aumarche.biz\/bf\/#organization\"},\"potentialAction\":[{\"@type\":\"SearchAction\",\"target\":{\"@type\":\"EntryPoint\",\"urlTemplate\":\"https:\/\/aumarche.biz\/bf\/?s={search_term_string}\"},\"query-input\":{\"@type\":\"PropertyValueSpecification\",\"valueRequired\":true,\"valueName\":\"search_term_string\"}}],\"inLanguage\":\"fr-FR\"},{\"@type\":\"Organization\",\"@id\":\"https:\/\/aumarche.biz\/bf\/#organization\",\"name\":\"aumarche.biz\",\"url\":\"https:\/\/aumarche.biz\/bf\/\",\"logo\":{\"@type\":\"ImageObject\",\"inLanguage\":\"fr-FR\",\"@id\":\"https:\/\/aumarche.biz\/bf\/#\/schema\/logo\/image\/\",\"url\":\"https:\/\/aumarche.biz\/bf\/wp-content\/uploads\/2023\/09\/favicone.png\",\"contentUrl\":\"https:\/\/aumarche.biz\/bf\/wp-content\/uploads\/2023\/09\/favicone.png\",\"width\":64,\"height\":64,\"caption\":\"aumarche.biz\"},\"image\":{\"@id\":\"https:\/\/aumarche.biz\/bf\/#\/schema\/logo\/image\/\"},\"sameAs\":[\"https:\/\/www.facebook.com\/aumarchebf\"]}]}<\/script>\n<!-- \/ Yoast SEO plugin. -->","yoast_head_json":{"title":"Jabra Evolve 75 SE - Micro-casque st\u00e9r\u00e9o Bluetooth sans fil - AU MARCHE BURKINA","robots":{"index":"noindex","follow":"follow","max-snippet":"max-snippet:-1","max-image-preview":"max-image-preview:large","max-video-preview":"max-video-preview:-1"},"og_locale":"fr_FR","og_type":"article","og_title":"Jabra Evolve 75 SE - Micro-casque st\u00e9r\u00e9o Bluetooth sans fil - AU MARCHE BURKINA","og_description":"Le casque st\u00e9r\u00e9o sans fil Jabra Evolve 75 SE est un casque Bluetooth con\u00e7u pour un usage professionnel. Le casque est compatible avec Windows 11, 10, 8, 7 et RT 1. Le casque est dot\u00e9 d\u2019une suppression active du bruit et d\u2019un microphone antibruit qui offre une qualit\u00e9 d\u2019appel exceptionnelle 1. Le casque a une port\u00e9e sans fil allant jusqu\u2019\u00e0 30 m\u00e8tres et peut se connecter \u00e0 deux appareils simultan\u00e9ment Le casque est certifi\u00e9 pour Microsoft Teams et Google Meet &amp; Zoom, et fonctionne avec toutes les autres plates-formes de premier plan .","og_url":"https:\/\/aumarche.biz\/bf\/index.php\/produit\/jabra-evolve-75-se-micro-casque-stereo-bluetooth-sans-fil\/","og_site_name":"AU MARCHE BURKINA","article_publisher":"https:\/\/www.facebook.com\/aumarchebf","article_modified_time":"2023-11-10T11:58:48+00:00","og_image":[{"width":1069,"height":1247,"url":"https:\/\/aumarche.biz\/bf\/wp-content\/uploads\/2023\/11\/61LLoYBWIYL._AC_SL1500_.jpg","type":"image\/jpeg"}],"twitter_card":"summary_large_image","schema":{"@context":"https:\/\/schema.org","@graph":[{"@type":"WebPage","@id":"https:\/\/aumarche.biz\/bf\/index.php\/produit\/jabra-evolve-75-se-micro-casque-stereo-bluetooth-sans-fil\/","url":"https:\/\/aumarche.biz\/bf\/index.php\/produit\/jabra-evolve-75-se-micro-casque-stereo-bluetooth-sans-fil\/","name":"Jabra Evolve 75 SE - Micro-casque st\u00e9r\u00e9o Bluetooth sans fil - AU MARCHE BURKINA","isPartOf":{"@id":"https:\/\/aumarche.biz\/bf\/#website"},"primaryImageOfPage":{"@id":"https:\/\/aumarche.biz\/bf\/index.php\/produit\/jabra-evolve-75-se-micro-casque-stereo-bluetooth-sans-fil\/#primaryimage"},"image":{"@id":"https:\/\/aumarche.biz\/bf\/index.php\/produit\/jabra-evolve-75-se-micro-casque-stereo-bluetooth-sans-fil\/#primaryimage"},"thumbnailUrl":"https:\/\/aumarche.biz\/bf\/wp-content\/uploads\/2023\/11\/61LLoYBWIYL._AC_SL1500_.jpg","datePublished":"2023-11-10T11:58:47+00:00","dateModified":"2023-11-10T11:58:48+00:00","breadcrumb":{"@id":"https:\/\/aumarche.biz\/bf\/index.php\/produit\/jabra-evolve-75-se-micro-casque-stereo-bluetooth-sans-fil\/#breadcrumb"},"inLanguage":"fr-FR","potentialAction":[{"@type":"ReadAction","target":["https:\/\/aumarche.biz\/bf\/index.php\/produit\/jabra-evolve-75-se-micro-casque-stereo-bluetooth-sans-fil\/"]}]},{"@type":"ImageObject","inLanguage":"fr-FR","@id":"https:\/\/aumarche.biz\/bf\/index.php\/produit\/jabra-evolve-75-se-micro-casque-stereo-bluetooth-sans-fil\/#primaryimage","url":"https:\/\/aumarche.biz\/bf\/wp-content\/uploads\/2023\/11\/61LLoYBWIYL._AC_SL1500_.jpg","contentUrl":"https:\/\/aumarche.biz\/bf\/wp-content\/uploads\/2023\/11\/61LLoYBWIYL._AC_SL1500_.jpg","width":1069,"height":1247},{"@type":"BreadcrumbList","@id":"https:\/\/aumarche.biz\/bf\/index.php\/produit\/jabra-evolve-75-se-micro-casque-stereo-bluetooth-sans-fil\/#breadcrumb","itemListElement":[{"@type":"ListItem","position":1,"name":"Accueil","item":"https:\/\/aumarche.biz\/bf\/"},{"@type":"ListItem","position":2,"name":"Boutique","item":"https:\/\/aumarche.biz\/bf\/index.php\/boutique\/"},{"@type":"ListItem","position":3,"name":"Jabra Evolve 75 SE &#8211; Micro-casque st\u00e9r\u00e9o Bluetooth sans fil"}]},{"@type":"WebSite","@id":"https:\/\/aumarche.biz\/bf\/#website","url":"https:\/\/aumarche.biz\/bf\/","name":"aumarche.biz","description":"Vendre et acheter autrement","publisher":{"@id":"https:\/\/aumarche.biz\/bf\/#organization"},"potentialAction":[{"@type":"SearchAction","target":{"@type":"EntryPoint","urlTemplate":"https:\/\/aumarche.biz\/bf\/?s={search_term_string}"},"query-input":{"@type":"PropertyValueSpecification","valueRequired":true,"valueName":"search_term_string"}}],"inLanguage":"fr-FR"},{"@type":"Organization","@id":"https:\/\/aumarche.biz\/bf\/#organization","name":"aumarche.biz","url":"https:\/\/aumarche.biz\/bf\/","logo":{"@type":"ImageObject","inLanguage":"fr-FR","@id":"https:\/\/aumarche.biz\/bf\/#\/schema\/logo\/image\/","url":"https:\/\/aumarche.biz\/bf\/wp-content\/uploads\/2023\/09\/favicone.png","contentUrl":"https:\/\/aumarche.biz\/bf\/wp-content\/uploads\/2023\/09\/favicone.png","width":64,"height":64,"caption":"aumarche.biz"},"image":{"@id":"https:\/\/aumarche.biz\/bf\/#\/schema\/logo\/image\/"},"sameAs":["https:\/\/www.facebook.com\/aumarchebf"]}]}},"_links":{"self":[{"href":"https:\/\/aumarche.biz\/bf\/index.php\/wp-json\/wp\/v2\/product\/5352","targetHints":{"allow":["GET"]}}],"collection":[{"href":"https:\/\/aumarche.biz\/bf\/index.php\/wp-json\/wp\/v2\/product"}],"about":[{"href":"https:\/\/aumarche.biz\/bf\/index.php\/wp-json\/wp\/v2\/types\/product"}],"wp:featuredmedia":[{"embeddable":true,"href":"https:\/\/aumarche.biz\/bf\/index.php\/wp-json\/wp\/v2\/media\/5349"}],"wp:attachment":[{"href":"https:\/\/aumarche.biz\/bf\/index.php\/wp-json\/wp\/v2\/media?parent=5352"}],"wp:term":[{"taxonomy":"product_cat","embeddable":true,"href":"https:\/\/aumarche.biz\/bf\/index.php\/wp-json\/wp\/v2\/product_cat?post=5352"},{"taxonomy":"product_tag","embeddable":true,"href":"https:\/\/aumarche.biz\/bf\/index.php\/wp-json\/wp\/v2\/product_tag?post=5352"}],"curies":[{"name":"wp","href":"https:\/\/api.w.org\/{rel}","templated":true}]}}