{"id":5357,"date":"2023-11-10T12:09:57","date_gmt":"2023-11-10T12:09:57","guid":{"rendered":"https:\/\/aumarche.biz\/bf\/index.php\/produit\/topmate-swivel-laptop-riser-laptop-stand-for-10-17-laptop-macbook\/"},"modified":"2023-11-10T12:10:10","modified_gmt":"2023-11-10T12:10:10","slug":"topmate-swivel-laptop-riser-laptop-stand-for-10-17-laptop-macbook","status":"publish","type":"product","link":"https:\/\/aumarche.biz\/bf\/index.php\/produit\/topmate-swivel-laptop-riser-laptop-stand-for-10-17-laptop-macbook\/","title":{"rendered":"TopMate Swivel Laptop Riser, Laptop Stand for 10-17&Prime; Laptop\/Macbook"},"content":{"rendered":"<div><span style=\"font-weight: bolder\" data-mce-style=\"font-weight: bolder;\">Sp\u00e9cification<\/span><\/div>\n<div>\n<p><span>Marque\u00a0: TopMate<br \/>Mod\u00e8le\u00a0: S1<br \/>Mat\u00e9riau\u00a0: Plastique Couleur\u00a0: Noir<\/span><\/p>\n<p>Largeur * Hauteur * Profondeur\u00a0: 29 * 2,2 * 30 CM<br \/>Compatible\u00a0: Tous les ordinateurs portables de moins de 17,3 pouces<br \/>Poids\u00a0: 580 g<br \/>Capacit\u00e9 de poids\u00a0: 44 lb \/ 20 kg.<br \/>Hauteur maximale : 18,5 cm (7,28 po)<\/p>\n<\/div>\n","protected":false},"excerpt":{"rendered":"<p class=\"MsoNormal\">Le rehausseur d&rsquo;ordinateur portable pivotant TopMate assure<br \/>un confort optimal tout en r\u00e9duisant le risque de blessures li\u00e9es au stress<br \/>r\u00e9p\u00e9titif. Compatible avec les ordinateurs portables et les MacBooks de 10 \u00e0 17<br \/>pouces, ce support offre une base pivotante \u00e0 360\u00b0 pour une communication<br \/>facile et le partage d&rsquo;\u00e9cran. Avec 8 hauteurs r\u00e9glables, il permet d&rsquo;ajuster<br \/>l&rsquo;ordinateur \u00e0 une hauteur ergonomique, soulageant ainsi les tensions au cou et<br \/>au dos. L\u00e9ger et pratique, pesant seulement 1,3 livre et ayant une \u00e9paisseur de<br \/>0,87 pouce, ce support peut \u00eatre pli\u00e9 et transport\u00e9 dans votre sac<br \/>d&rsquo;ordinateur. Disponible en noir.<\/p>\n<p><\/p>\n","protected":false},"featured_media":5353,"template":"","meta":[],"product_cat":[265,264],"product_tag":[],"class_list":{"0":"post-5357","1":"product","2":"type-product","3":"status-publish","4":"has-post-thumbnail","6":"product_cat-electronique","7":"product_cat-high-tech","9":"first","10":"instock","11":"taxable","12":"shipping-taxable","13":"purchasable","14":"product-type-simple","15":"col-xs-6 col-sm-4","16":"col-md-3 col-lg-3","17":"un-4-cols"},"yoast_head":"<!-- This site is optimized with the Yoast SEO plugin v26.9 - https:\/\/yoast.com\/product\/yoast-seo-wordpress\/ -->\n<title>TopMate Swivel Laptop Riser, Laptop Stand for 10-17&quot; Laptop\/Macbook - AU MARCHE BURKINA<\/title>\n<meta name=\"robots\" content=\"noindex, follow, max-snippet:-1, max-image-preview:large, max-video-preview:-1\" \/>\n<meta property=\"og:locale\" content=\"fr_FR\" \/>\n<meta property=\"og:type\" content=\"article\" \/>\n<meta property=\"og:title\" content=\"TopMate Swivel Laptop Riser, Laptop Stand for 10-17&quot; Laptop\/Macbook - AU MARCHE BURKINA\" \/>\n<meta property=\"og:description\" content=\"Le rehausseur d&#039;ordinateur portable pivotant TopMate assureun confort optimal tout en r\u00e9duisant le risque de blessures li\u00e9es au stressr\u00e9p\u00e9titif. Compatible avec les ordinateurs portables et les MacBooks de 10 \u00e0 17pouces, ce support offre une base pivotante \u00e0 360\u00b0 pour une communicationfacile et le partage d&#039;\u00e9cran. Avec 8 hauteurs r\u00e9glables, il permet d&#039;ajusterl&#039;ordinateur \u00e0 une hauteur ergonomique, soulageant ainsi les tensions au cou etau dos. L\u00e9ger et pratique, pesant seulement 1,3 livre et ayant une \u00e9paisseur de0,87 pouce, ce support peut \u00eatre pli\u00e9 et transport\u00e9 dans votre sacd&#039;ordinateur. Disponible en noir.\" \/>\n<meta property=\"og:url\" content=\"https:\/\/aumarche.biz\/bf\/index.php\/produit\/topmate-swivel-laptop-riser-laptop-stand-for-10-17-laptop-macbook\/\" \/>\n<meta property=\"og:site_name\" content=\"AU MARCHE BURKINA\" \/>\n<meta property=\"article:publisher\" content=\"https:\/\/www.facebook.com\/aumarchebf\" \/>\n<meta property=\"article:modified_time\" content=\"2023-11-10T12:10:10+00:00\" \/>\n<meta property=\"og:image\" content=\"https:\/\/aumarche.biz\/bf\/wp-content\/uploads\/2023\/11\/81diS7IMVJL._AC_SL1500_.jpg\" \/>\n\t<meta property=\"og:image:width\" content=\"1389\" \/>\n\t<meta property=\"og:image:height\" content=\"1500\" \/>\n\t<meta property=\"og:image:type\" content=\"image\/jpeg\" \/>\n<meta name=\"twitter:card\" content=\"summary_large_image\" \/>\n<script type=\"application\/ld+json\" class=\"yoast-schema-graph\">{\"@context\":\"https:\/\/schema.org\",\"@graph\":[{\"@type\":\"WebPage\",\"@id\":\"https:\/\/aumarche.biz\/bf\/index.php\/produit\/topmate-swivel-laptop-riser-laptop-stand-for-10-17-laptop-macbook\/\",\"url\":\"https:\/\/aumarche.biz\/bf\/index.php\/produit\/topmate-swivel-laptop-riser-laptop-stand-for-10-17-laptop-macbook\/\",\"name\":\"TopMate Swivel Laptop Riser, Laptop Stand for 10-17\\\" Laptop\/Macbook - AU MARCHE BURKINA\",\"isPartOf\":{\"@id\":\"https:\/\/aumarche.biz\/bf\/#website\"},\"primaryImageOfPage\":{\"@id\":\"https:\/\/aumarche.biz\/bf\/index.php\/produit\/topmate-swivel-laptop-riser-laptop-stand-for-10-17-laptop-macbook\/#primaryimage\"},\"image\":{\"@id\":\"https:\/\/aumarche.biz\/bf\/index.php\/produit\/topmate-swivel-laptop-riser-laptop-stand-for-10-17-laptop-macbook\/#primaryimage\"},\"thumbnailUrl\":\"https:\/\/aumarche.biz\/bf\/wp-content\/uploads\/2023\/11\/81diS7IMVJL._AC_SL1500_.jpg\",\"datePublished\":\"2023-11-10T12:09:57+00:00\",\"dateModified\":\"2023-11-10T12:10:10+00:00\",\"breadcrumb\":{\"@id\":\"https:\/\/aumarche.biz\/bf\/index.php\/produit\/topmate-swivel-laptop-riser-laptop-stand-for-10-17-laptop-macbook\/#breadcrumb\"},\"inLanguage\":\"fr-FR\",\"potentialAction\":[{\"@type\":\"ReadAction\",\"target\":[\"https:\/\/aumarche.biz\/bf\/index.php\/produit\/topmate-swivel-laptop-riser-laptop-stand-for-10-17-laptop-macbook\/\"]}]},{\"@type\":\"ImageObject\",\"inLanguage\":\"fr-FR\",\"@id\":\"https:\/\/aumarche.biz\/bf\/index.php\/produit\/topmate-swivel-laptop-riser-laptop-stand-for-10-17-laptop-macbook\/#primaryimage\",\"url\":\"https:\/\/aumarche.biz\/bf\/wp-content\/uploads\/2023\/11\/81diS7IMVJL._AC_SL1500_.jpg\",\"contentUrl\":\"https:\/\/aumarche.biz\/bf\/wp-content\/uploads\/2023\/11\/81diS7IMVJL._AC_SL1500_.jpg\",\"width\":1389,\"height\":1500},{\"@type\":\"BreadcrumbList\",\"@id\":\"https:\/\/aumarche.biz\/bf\/index.php\/produit\/topmate-swivel-laptop-riser-laptop-stand-for-10-17-laptop-macbook\/#breadcrumb\",\"itemListElement\":[{\"@type\":\"ListItem\",\"position\":1,\"name\":\"Accueil\",\"item\":\"https:\/\/aumarche.biz\/bf\/\"},{\"@type\":\"ListItem\",\"position\":2,\"name\":\"Boutique\",\"item\":\"https:\/\/aumarche.biz\/bf\/index.php\/boutique\/\"},{\"@type\":\"ListItem\",\"position\":3,\"name\":\"TopMate Swivel Laptop Riser, Laptop Stand for 10-17&Prime; Laptop\/Macbook\"}]},{\"@type\":\"WebSite\",\"@id\":\"https:\/\/aumarche.biz\/bf\/#website\",\"url\":\"https:\/\/aumarche.biz\/bf\/\",\"name\":\"aumarche.biz\",\"description\":\"Vendre et acheter autrement\",\"publisher\":{\"@id\":\"https:\/\/aumarche.biz\/bf\/#organization\"},\"potentialAction\":[{\"@type\":\"SearchAction\",\"target\":{\"@type\":\"EntryPoint\",\"urlTemplate\":\"https:\/\/aumarche.biz\/bf\/?s={search_term_string}\"},\"query-input\":{\"@type\":\"PropertyValueSpecification\",\"valueRequired\":true,\"valueName\":\"search_term_string\"}}],\"inLanguage\":\"fr-FR\"},{\"@type\":\"Organization\",\"@id\":\"https:\/\/aumarche.biz\/bf\/#organization\",\"name\":\"aumarche.biz\",\"url\":\"https:\/\/aumarche.biz\/bf\/\",\"logo\":{\"@type\":\"ImageObject\",\"inLanguage\":\"fr-FR\",\"@id\":\"https:\/\/aumarche.biz\/bf\/#\/schema\/logo\/image\/\",\"url\":\"https:\/\/aumarche.biz\/bf\/wp-content\/uploads\/2023\/09\/favicone.png\",\"contentUrl\":\"https:\/\/aumarche.biz\/bf\/wp-content\/uploads\/2023\/09\/favicone.png\",\"width\":64,\"height\":64,\"caption\":\"aumarche.biz\"},\"image\":{\"@id\":\"https:\/\/aumarche.biz\/bf\/#\/schema\/logo\/image\/\"},\"sameAs\":[\"https:\/\/www.facebook.com\/aumarchebf\"]}]}<\/script>\n<!-- \/ Yoast SEO plugin. -->","yoast_head_json":{"title":"TopMate Swivel Laptop Riser, Laptop Stand for 10-17\" Laptop\/Macbook - AU MARCHE BURKINA","robots":{"index":"noindex","follow":"follow","max-snippet":"max-snippet:-1","max-image-preview":"max-image-preview:large","max-video-preview":"max-video-preview:-1"},"og_locale":"fr_FR","og_type":"article","og_title":"TopMate Swivel Laptop Riser, Laptop Stand for 10-17\" Laptop\/Macbook - AU MARCHE BURKINA","og_description":"Le rehausseur d'ordinateur portable pivotant TopMate assureun confort optimal tout en r\u00e9duisant le risque de blessures li\u00e9es au stressr\u00e9p\u00e9titif. Compatible avec les ordinateurs portables et les MacBooks de 10 \u00e0 17pouces, ce support offre une base pivotante \u00e0 360\u00b0 pour une communicationfacile et le partage d'\u00e9cran. Avec 8 hauteurs r\u00e9glables, il permet d'ajusterl'ordinateur \u00e0 une hauteur ergonomique, soulageant ainsi les tensions au cou etau dos. L\u00e9ger et pratique, pesant seulement 1,3 livre et ayant une \u00e9paisseur de0,87 pouce, ce support peut \u00eatre pli\u00e9 et transport\u00e9 dans votre sacd'ordinateur. Disponible en noir.","og_url":"https:\/\/aumarche.biz\/bf\/index.php\/produit\/topmate-swivel-laptop-riser-laptop-stand-for-10-17-laptop-macbook\/","og_site_name":"AU MARCHE BURKINA","article_publisher":"https:\/\/www.facebook.com\/aumarchebf","article_modified_time":"2023-11-10T12:10:10+00:00","og_image":[{"width":1389,"height":1500,"url":"https:\/\/aumarche.biz\/bf\/wp-content\/uploads\/2023\/11\/81diS7IMVJL._AC_SL1500_.jpg","type":"image\/jpeg"}],"twitter_card":"summary_large_image","schema":{"@context":"https:\/\/schema.org","@graph":[{"@type":"WebPage","@id":"https:\/\/aumarche.biz\/bf\/index.php\/produit\/topmate-swivel-laptop-riser-laptop-stand-for-10-17-laptop-macbook\/","url":"https:\/\/aumarche.biz\/bf\/index.php\/produit\/topmate-swivel-laptop-riser-laptop-stand-for-10-17-laptop-macbook\/","name":"TopMate Swivel Laptop Riser, Laptop Stand for 10-17\" Laptop\/Macbook - AU MARCHE BURKINA","isPartOf":{"@id":"https:\/\/aumarche.biz\/bf\/#website"},"primaryImageOfPage":{"@id":"https:\/\/aumarche.biz\/bf\/index.php\/produit\/topmate-swivel-laptop-riser-laptop-stand-for-10-17-laptop-macbook\/#primaryimage"},"image":{"@id":"https:\/\/aumarche.biz\/bf\/index.php\/produit\/topmate-swivel-laptop-riser-laptop-stand-for-10-17-laptop-macbook\/#primaryimage"},"thumbnailUrl":"https:\/\/aumarche.biz\/bf\/wp-content\/uploads\/2023\/11\/81diS7IMVJL._AC_SL1500_.jpg","datePublished":"2023-11-10T12:09:57+00:00","dateModified":"2023-11-10T12:10:10+00:00","breadcrumb":{"@id":"https:\/\/aumarche.biz\/bf\/index.php\/produit\/topmate-swivel-laptop-riser-laptop-stand-for-10-17-laptop-macbook\/#breadcrumb"},"inLanguage":"fr-FR","potentialAction":[{"@type":"ReadAction","target":["https:\/\/aumarche.biz\/bf\/index.php\/produit\/topmate-swivel-laptop-riser-laptop-stand-for-10-17-laptop-macbook\/"]}]},{"@type":"ImageObject","inLanguage":"fr-FR","@id":"https:\/\/aumarche.biz\/bf\/index.php\/produit\/topmate-swivel-laptop-riser-laptop-stand-for-10-17-laptop-macbook\/#primaryimage","url":"https:\/\/aumarche.biz\/bf\/wp-content\/uploads\/2023\/11\/81diS7IMVJL._AC_SL1500_.jpg","contentUrl":"https:\/\/aumarche.biz\/bf\/wp-content\/uploads\/2023\/11\/81diS7IMVJL._AC_SL1500_.jpg","width":1389,"height":1500},{"@type":"BreadcrumbList","@id":"https:\/\/aumarche.biz\/bf\/index.php\/produit\/topmate-swivel-laptop-riser-laptop-stand-for-10-17-laptop-macbook\/#breadcrumb","itemListElement":[{"@type":"ListItem","position":1,"name":"Accueil","item":"https:\/\/aumarche.biz\/bf\/"},{"@type":"ListItem","position":2,"name":"Boutique","item":"https:\/\/aumarche.biz\/bf\/index.php\/boutique\/"},{"@type":"ListItem","position":3,"name":"TopMate Swivel Laptop Riser, Laptop Stand for 10-17&Prime; Laptop\/Macbook"}]},{"@type":"WebSite","@id":"https:\/\/aumarche.biz\/bf\/#website","url":"https:\/\/aumarche.biz\/bf\/","name":"aumarche.biz","description":"Vendre et acheter autrement","publisher":{"@id":"https:\/\/aumarche.biz\/bf\/#organization"},"potentialAction":[{"@type":"SearchAction","target":{"@type":"EntryPoint","urlTemplate":"https:\/\/aumarche.biz\/bf\/?s={search_term_string}"},"query-input":{"@type":"PropertyValueSpecification","valueRequired":true,"valueName":"search_term_string"}}],"inLanguage":"fr-FR"},{"@type":"Organization","@id":"https:\/\/aumarche.biz\/bf\/#organization","name":"aumarche.biz","url":"https:\/\/aumarche.biz\/bf\/","logo":{"@type":"ImageObject","inLanguage":"fr-FR","@id":"https:\/\/aumarche.biz\/bf\/#\/schema\/logo\/image\/","url":"https:\/\/aumarche.biz\/bf\/wp-content\/uploads\/2023\/09\/favicone.png","contentUrl":"https:\/\/aumarche.biz\/bf\/wp-content\/uploads\/2023\/09\/favicone.png","width":64,"height":64,"caption":"aumarche.biz"},"image":{"@id":"https:\/\/aumarche.biz\/bf\/#\/schema\/logo\/image\/"},"sameAs":["https:\/\/www.facebook.com\/aumarchebf"]}]}},"_links":{"self":[{"href":"https:\/\/aumarche.biz\/bf\/index.php\/wp-json\/wp\/v2\/product\/5357","targetHints":{"allow":["GET"]}}],"collection":[{"href":"https:\/\/aumarche.biz\/bf\/index.php\/wp-json\/wp\/v2\/product"}],"about":[{"href":"https:\/\/aumarche.biz\/bf\/index.php\/wp-json\/wp\/v2\/types\/product"}],"wp:featuredmedia":[{"embeddable":true,"href":"https:\/\/aumarche.biz\/bf\/index.php\/wp-json\/wp\/v2\/media\/5353"}],"wp:attachment":[{"href":"https:\/\/aumarche.biz\/bf\/index.php\/wp-json\/wp\/v2\/media?parent=5357"}],"wp:term":[{"taxonomy":"product_cat","embeddable":true,"href":"https:\/\/aumarche.biz\/bf\/index.php\/wp-json\/wp\/v2\/product_cat?post=5357"},{"taxonomy":"product_tag","embeddable":true,"href":"https:\/\/aumarche.biz\/bf\/index.php\/wp-json\/wp\/v2\/product_tag?post=5357"}],"curies":[{"name":"wp","href":"https:\/\/api.w.org\/{rel}","templated":true}]}}