{"id":5368,"date":"2023-11-10T12:27:32","date_gmt":"2023-11-10T12:27:32","guid":{"rendered":"https:\/\/aumarche.biz\/bf\/index.php\/produit\/jbl-live-460nc-wireless-heaset\/"},"modified":"2023-11-10T12:31:05","modified_gmt":"2023-11-10T12:31:05","slug":"jbl-live-460nc-wireless-heaset","status":"publish","type":"product","link":"https:\/\/aumarche.biz\/bf\/index.php\/produit\/jbl-live-460nc-wireless-heaset\/","title":{"rendered":"JBL Live 460NC wireless Heaset"},"content":{"rendered":"<p><p class=\"MsoNormal\" style=\"margin-bottom:0cm\">General Specifications<\/p>\n<p class=\"MsoNormal\" style=\"margin-bottom:0cm\">Driver size (mm)<\/p>\n<p class=\"MsoNormal\" style=\"margin-bottom:0cm\">40<\/p>\n<p class=\"MsoNormal\" style=\"margin-bottom:0cm\">Number of Microphones<\/p>\n<p class=\"MsoNormal\" style=\"margin-bottom:0cm\">2<\/p>\n<p class=\"MsoNormal\" style=\"margin-bottom:0cm\">\u00a0<\/p>\n<p class=\"MsoNormal\" style=\"margin-bottom:0cm\">Audio Specifications<\/p>\n<p class=\"MsoNormal\" style=\"margin-bottom:0cm\">Driver sensitivity at 1kHz\/1mW<br \/>\n(dB)<\/p>\n<p class=\"MsoNormal\" style=\"margin-bottom:0cm\">96<\/p>\n<p class=\"MsoNormal\" style=\"margin-bottom:0cm\">Dynamic frequency response range<br \/>\n(Hz)<\/p>\n<p class=\"MsoNormal\" style=\"margin-bottom:0cm\">20Hz \u2013 20kHz<\/p>\n<p class=\"MsoNormal\" style=\"margin-bottom:0cm\">Impedance (ohms)<\/p>\n<p class=\"MsoNormal\" style=\"margin-bottom:0cm\">32<\/p>\n<p class=\"MsoNormal\" style=\"margin-bottom:0cm\">\u00a0<\/p>\n<p class=\"MsoNormal\" style=\"margin-bottom:0cm\">Dimensions<\/p>\n<p class=\"MsoNormal\" style=\"margin-bottom:0cm\">Weight (g)<\/p>\n<p class=\"MsoNormal\" style=\"margin-bottom:0cm\">210<\/p>\n<p class=\"MsoNormal\" style=\"margin-bottom:0cm\">Weight (oz)<\/p>\n<p class=\"MsoNormal\" style=\"margin-bottom:0cm\">7.4<\/p>\n<p class=\"MsoNormal\" style=\"margin-bottom:0cm\">Charging Cable Length (m)<\/p>\n<p class=\"MsoNormal\" style=\"margin-bottom:0cm\">0.2<\/p>\n<p class=\"MsoNormal\" style=\"margin-bottom:0cm\">Charging Cable Length (ft)<\/p>\n<p class=\"MsoNormal\" style=\"margin-bottom:0cm\">0.7<\/p>\n<p class=\"MsoNormal\" style=\"margin-bottom:0cm\">Ear Cup External Height (in)<\/p>\n<p class=\"MsoNormal\" style=\"margin-bottom:0cm\">2.6<\/p>\n<p class=\"MsoNormal\" style=\"margin-bottom:0cm\">Ear Cup External Width (in)<\/p>\n<p class=\"MsoNormal\" style=\"margin-bottom:0cm\">2.6<\/p>\n<p class=\"MsoNormal\" style=\"margin-bottom:0cm\">Ear Cup Internal Height (in)<\/p>\n<p class=\"MsoNormal\" style=\"margin-bottom:0cm\">1.4<\/p>\n<p class=\"MsoNormal\" style=\"margin-bottom:0cm\">Ear Cup Internal Width (in)<\/p>\n<p class=\"MsoNormal\" style=\"margin-bottom:0cm\">1.4<\/p>\n<p class=\"MsoNormal\" style=\"margin-bottom:0cm\">Ear Cup Depth (in)<\/p>\n<p class=\"MsoNormal\" style=\"margin-bottom:0cm\">0.6<\/p>\n<p class=\"MsoNormal\" style=\"margin-bottom:0cm\">Ear Cup External Height (cm)<\/p>\n<p class=\"MsoNormal\" style=\"margin-bottom:0cm\">6.7<\/p>\n<p class=\"MsoNormal\" style=\"margin-bottom:0cm\">Ear Cup External Width (cm)<\/p>\n<p class=\"MsoNormal\" style=\"margin-bottom:0cm\">6.7<\/p>\n<p class=\"MsoNormal\" style=\"margin-bottom:0cm\">Ear Cup Internal Height (cm)<\/p>\n<p class=\"MsoNormal\" style=\"margin-bottom:0cm\">3.5<\/p>\n<p class=\"MsoNormal\" style=\"margin-bottom:0cm\">Ear Cup Internal Width (cm)<\/p>\n<p class=\"MsoNormal\" style=\"margin-bottom:0cm\">3.5<\/p>\n<p class=\"MsoNormal\" style=\"margin-bottom:0cm\">Ear Cup Depth (cm)<\/p>\n<p class=\"MsoNormal\" style=\"margin-bottom:0cm\">1.5<\/p>\n<p class=\"MsoNormal\" style=\"margin-bottom:0cm\">Audio Cable Length (ft)<\/p>\n<p class=\"MsoNormal\" style=\"margin-bottom:0cm\">3.9<\/p>\n<p class=\"MsoNormal\" style=\"margin-bottom:0cm\">Audio Cable Length (m)<\/p>\n<p class=\"MsoNormal\" style=\"margin-bottom:0cm\">1.2<\/p>\n<p class=\"MsoNormal\" style=\"margin-bottom:0cm\">\u00a0<\/p>\n<p class=\"MsoNormal\" style=\"margin-bottom:0cm\">Control and Connection<br \/>\nSpecifications<\/p>\n<p class=\"MsoNormal\" style=\"margin-bottom:0cm\">Bluetooth version<\/p>\n<p class=\"MsoNormal\" style=\"margin-bottom:0cm\">5.0<\/p>\n<p class=\"MsoNormal\" style=\"margin-bottom:0cm\">Bluetooth profiles<\/p>\n<p class=\"MsoNormal\" style=\"margin-bottom:0cm\">HFP V1.7, A2DP V1.3, AVRCP V1.6<\/p>\n<p class=\"MsoNormal\" style=\"margin-bottom:0cm\">Bluetooth frequency<\/p>\n<p class=\"MsoNormal\" style=\"margin-bottom:0cm\">2.402GHz \u2013 2.48GHz<\/p>\n<p class=\"MsoNormal\" style=\"margin-bottom:0cm\">Bluetooth transmitted modulation<\/p>\n<p class=\"MsoNormal\" style=\"margin-bottom:0cm\">GFSK, \u03c0\/4 DQPSK, 8DPSK<\/p>\n<p class=\"MsoNormal\" style=\"margin-bottom:0cm\">Bluetooth transmitter power<\/p>\n<p class=\"MsoNormal\" style=\"margin-bottom:0cm\">&lt;13dBm<\/p>\n<p class=\"MsoNormal\" style=\"margin-bottom:0cm\">\u00a0<\/p>\n<p class=\"MsoNormal\" style=\"margin-bottom:0cm\">Battery<\/p>\n<p class=\"MsoNormal\" style=\"margin-bottom:0cm\">Charging time (hours from empty)<\/p>\n<p class=\"MsoNormal\" style=\"margin-bottom:0cm\">2<\/p>\n<p class=\"MsoNormal\" style=\"margin-bottom:0cm\">Maximum music play time with ANC<br \/>\noff (hours)<\/p>\n<p class=\"MsoNormal\" style=\"margin-bottom:0cm\">50<\/p>\n<p class=\"MsoNormal\" style=\"margin-bottom:0cm\">Maximum music play time with ANC<br \/>\non (hours)<\/p>\n<p class=\"MsoNormal\" style=\"margin-bottom:0cm\">40<\/p>\n<p class=\"MsoNormal\" style=\"margin-bottom:0cm\">Maximum play time (hours)<\/p>\n<p class=\"MsoNormal\" style=\"margin-bottom:0cm\">50<\/p>\n<p class=\"MsoNormal\" style=\"margin-bottom:0cm\">\u00a0<\/p>\n<p class=\"MsoNormal\" style=\"margin-bottom:0cm\">Features<\/p>\n<p class=\"MsoNormal\" style=\"margin-bottom:0cm\">On-ear<\/p>\n<p class=\"MsoNormal\" style=\"margin-bottom:0cm\">Yes<\/p>\n<p class=\"MsoNormal\" style=\"margin-bottom:0cm\">Charging cable<\/p>\n<p class=\"MsoNormal\" style=\"margin-bottom:0cm\">Yes<\/p>\n<p class=\"MsoNormal\" style=\"margin-bottom:0cm\">Audio cable<\/p>\n<p class=\"MsoNormal\" style=\"margin-bottom:0cm\">Yes<\/p>\n<p class=\"MsoNormal\" style=\"margin-bottom:0cm\">Voice Assistant integration<\/p>\n<p class=\"MsoNormal\" style=\"margin-bottom:0cm\">Yes<\/p>\n<p class=\"MsoNormal\" style=\"margin-bottom:0cm\">Ambient Aware<\/p>\n<p class=\"MsoNormal\" style=\"margin-bottom:0cm\">Yes<\/p>\n<p class=\"MsoNormal\" style=\"margin-bottom:0cm\">Built-in Microphone<\/p>\n<p class=\"MsoNormal\" style=\"margin-bottom:0cm\">Yes<\/p>\n<p class=\"MsoNormal\" style=\"margin-bottom:0cm\">Detachable Cable<\/p>\n<p class=\"MsoNormal\" style=\"margin-bottom:0cm\">Yes<\/p>\n<p class=\"MsoNormal\" style=\"margin-bottom:0cm\">Fabric headband<\/p>\n<p class=\"MsoNormal\" style=\"margin-bottom:0cm\">Yes<\/p>\n<p class=\"MsoNormal\" style=\"margin-bottom:0cm\">Hands Free Call<\/p>\n<p class=\"MsoNormal\" style=\"margin-bottom:0cm\">Yes<\/p>\n<p class=\"MsoNormal\" style=\"margin-bottom:0cm\">JBL Signature Sound<\/p>\n<p class=\"MsoNormal\" style=\"margin-bottom:0cm\">Yes<\/p>\n<p class=\"MsoNormal\" style=\"margin-bottom:0cm\">Multi-Point Connection<\/p>\n<p class=\"MsoNormal\" style=\"margin-bottom:0cm\">Yes<\/p>\n<p class=\"MsoNormal\" style=\"margin-bottom:0cm\">TalkThru<\/p>\n<p class=\"MsoNormal\" style=\"margin-bottom:0cm\">Yes<\/p>\n<p class=\"MsoNormal\" style=\"margin-bottom:0cm\">Adaptive Noise Cancelling<\/p>\n<p class=\"MsoNormal\" style=\"margin-bottom:0cm\">Yes<\/p>\n<p class=\"MsoNormal\" style=\"margin-bottom:0cm\">Wireless<\/p>\n<p class=\"MsoNormal\" style=\"margin-bottom:0cm\">Yes<\/p>\n<p class=\"MsoNormal\" style=\"margin-bottom:0cm\">Speed charge<\/p>\n<p class=\"MsoNormal\" style=\"margin-bottom:0cm\">Yes<\/p>\n<p class=\"MsoNormal\" style=\"margin-bottom:0cm\">Over-ear<\/p>\n<p class=\"MsoNormal\" style=\"margin-bottom:0cm\">Yes<\/p>\n<p class=\"MsoNormal\" style=\"margin-bottom:0cm\">Rechargable battery<\/p>\n<p class=\"MsoNormal\" style=\"margin-bottom:0cm\">Yes<\/p>\n<p class=\"MsoNormal\" style=\"margin-bottom:0cm\">Bluetooth<\/p>\n<p class=\"MsoNormal\" style=\"margin-bottom:0cm\">Yes<\/p>\n<p><\/p>\n","protected":false},"excerpt":{"rendered":"<p>Le casque st\u00e9r\u00e9o sans fil JBL Live 460NC est un casque Bluetooth con\u00e7u pour un usage professionnel. Le casque est compatible avec Windows 11, 10, 8, 7 et RT 1. Le casque est dot\u00e9 d\u2019une suppression active du bruit et d\u2019un microphone antibruit qui offre une qualit\u00e9 d\u2019appel exceptionnelle 1. Le casque a une port\u00e9e sans fil allant jusqu\u2019\u00e0 30 m\u00e8tres et peut se connecter \u00e0 deux appareils simultan\u00e9ment 1. Le casque est certifi\u00e9 pour Microsoft Teams et Google Meet &amp; Zoom, et fonctionne avec toutes les autres plates-formes de premier plan<\/p>\n","protected":false},"featured_media":5363,"template":"","meta":[],"product_cat":[265,264],"product_tag":[],"class_list":{"0":"post-5368","1":"product","2":"type-product","3":"status-publish","4":"has-post-thumbnail","6":"product_brand-autres-marques","7":"product_cat-electronique","8":"product_cat-high-tech","10":"first","11":"instock","12":"taxable","13":"shipping-taxable","14":"purchasable","15":"product-type-simple","16":"col-xs-6 col-sm-4","17":"col-md-3 col-lg-3","18":"un-4-cols"},"yoast_head":"<!-- This site is optimized with the Yoast SEO plugin v26.9 - https:\/\/yoast.com\/product\/yoast-seo-wordpress\/ -->\n<title>JBL Live 460NC wireless Heaset - AU MARCHE BURKINA<\/title>\n<meta name=\"robots\" content=\"noindex, follow, max-snippet:-1, max-image-preview:large, max-video-preview:-1\" \/>\n<meta property=\"og:locale\" content=\"fr_FR\" \/>\n<meta property=\"og:type\" content=\"article\" \/>\n<meta property=\"og:title\" content=\"JBL Live 460NC wireless Heaset - AU MARCHE BURKINA\" \/>\n<meta property=\"og:description\" content=\"Le casque st\u00e9r\u00e9o sans fil JBL Live 460NC est un casque Bluetooth con\u00e7u pour un usage professionnel. Le casque est compatible avec Windows 11, 10, 8, 7 et RT 1. Le casque est dot\u00e9 d\u2019une suppression active du bruit et d\u2019un microphone antibruit qui offre une qualit\u00e9 d\u2019appel exceptionnelle 1. Le casque a une port\u00e9e sans fil allant jusqu\u2019\u00e0 30 m\u00e8tres et peut se connecter \u00e0 deux appareils simultan\u00e9ment 1. Le casque est certifi\u00e9 pour Microsoft Teams et Google Meet &amp; Zoom, et fonctionne avec toutes les autres plates-formes de premier plan\" \/>\n<meta property=\"og:url\" content=\"https:\/\/aumarche.biz\/bf\/index.php\/produit\/jbl-live-460nc-wireless-heaset\/\" \/>\n<meta property=\"og:site_name\" content=\"AU MARCHE BURKINA\" \/>\n<meta property=\"article:publisher\" content=\"https:\/\/www.facebook.com\/aumarchebf\" \/>\n<meta property=\"article:modified_time\" content=\"2023-11-10T12:31:05+00:00\" \/>\n<meta property=\"og:image\" content=\"https:\/\/aumarche.biz\/bf\/wp-content\/uploads\/2023\/11\/61HhjfiSSyL._AC_SL1200_.jpg\" \/>\n\t<meta property=\"og:image:width\" content=\"610\" \/>\n\t<meta property=\"og:image:height\" content=\"1106\" \/>\n\t<meta property=\"og:image:type\" content=\"image\/jpeg\" \/>\n<meta name=\"twitter:card\" content=\"summary_large_image\" \/>\n<meta name=\"twitter:label1\" content=\"Dur\u00e9e de lecture estim\u00e9e\" \/>\n\t<meta name=\"twitter:data1\" content=\"1 minute\" \/>\n<script type=\"application\/ld+json\" class=\"yoast-schema-graph\">{\"@context\":\"https:\/\/schema.org\",\"@graph\":[{\"@type\":\"WebPage\",\"@id\":\"https:\/\/aumarche.biz\/bf\/index.php\/produit\/jbl-live-460nc-wireless-heaset\/\",\"url\":\"https:\/\/aumarche.biz\/bf\/index.php\/produit\/jbl-live-460nc-wireless-heaset\/\",\"name\":\"JBL Live 460NC wireless Heaset - AU MARCHE BURKINA\",\"isPartOf\":{\"@id\":\"https:\/\/aumarche.biz\/bf\/#website\"},\"primaryImageOfPage\":{\"@id\":\"https:\/\/aumarche.biz\/bf\/index.php\/produit\/jbl-live-460nc-wireless-heaset\/#primaryimage\"},\"image\":{\"@id\":\"https:\/\/aumarche.biz\/bf\/index.php\/produit\/jbl-live-460nc-wireless-heaset\/#primaryimage\"},\"thumbnailUrl\":\"https:\/\/aumarche.biz\/bf\/wp-content\/uploads\/2023\/11\/61HhjfiSSyL._AC_SL1200_.jpg\",\"datePublished\":\"2023-11-10T12:27:32+00:00\",\"dateModified\":\"2023-11-10T12:31:05+00:00\",\"breadcrumb\":{\"@id\":\"https:\/\/aumarche.biz\/bf\/index.php\/produit\/jbl-live-460nc-wireless-heaset\/#breadcrumb\"},\"inLanguage\":\"fr-FR\",\"potentialAction\":[{\"@type\":\"ReadAction\",\"target\":[\"https:\/\/aumarche.biz\/bf\/index.php\/produit\/jbl-live-460nc-wireless-heaset\/\"]}]},{\"@type\":\"ImageObject\",\"inLanguage\":\"fr-FR\",\"@id\":\"https:\/\/aumarche.biz\/bf\/index.php\/produit\/jbl-live-460nc-wireless-heaset\/#primaryimage\",\"url\":\"https:\/\/aumarche.biz\/bf\/wp-content\/uploads\/2023\/11\/61HhjfiSSyL._AC_SL1200_.jpg\",\"contentUrl\":\"https:\/\/aumarche.biz\/bf\/wp-content\/uploads\/2023\/11\/61HhjfiSSyL._AC_SL1200_.jpg\",\"width\":610,\"height\":1106},{\"@type\":\"BreadcrumbList\",\"@id\":\"https:\/\/aumarche.biz\/bf\/index.php\/produit\/jbl-live-460nc-wireless-heaset\/#breadcrumb\",\"itemListElement\":[{\"@type\":\"ListItem\",\"position\":1,\"name\":\"Accueil\",\"item\":\"https:\/\/aumarche.biz\/bf\/\"},{\"@type\":\"ListItem\",\"position\":2,\"name\":\"Boutique\",\"item\":\"https:\/\/aumarche.biz\/bf\/index.php\/boutique\/\"},{\"@type\":\"ListItem\",\"position\":3,\"name\":\"JBL Live 460NC wireless Heaset\"}]},{\"@type\":\"WebSite\",\"@id\":\"https:\/\/aumarche.biz\/bf\/#website\",\"url\":\"https:\/\/aumarche.biz\/bf\/\",\"name\":\"aumarche.biz\",\"description\":\"Vendre et acheter autrement\",\"publisher\":{\"@id\":\"https:\/\/aumarche.biz\/bf\/#organization\"},\"potentialAction\":[{\"@type\":\"SearchAction\",\"target\":{\"@type\":\"EntryPoint\",\"urlTemplate\":\"https:\/\/aumarche.biz\/bf\/?s={search_term_string}\"},\"query-input\":{\"@type\":\"PropertyValueSpecification\",\"valueRequired\":true,\"valueName\":\"search_term_string\"}}],\"inLanguage\":\"fr-FR\"},{\"@type\":\"Organization\",\"@id\":\"https:\/\/aumarche.biz\/bf\/#organization\",\"name\":\"aumarche.biz\",\"url\":\"https:\/\/aumarche.biz\/bf\/\",\"logo\":{\"@type\":\"ImageObject\",\"inLanguage\":\"fr-FR\",\"@id\":\"https:\/\/aumarche.biz\/bf\/#\/schema\/logo\/image\/\",\"url\":\"https:\/\/aumarche.biz\/bf\/wp-content\/uploads\/2023\/09\/favicone.png\",\"contentUrl\":\"https:\/\/aumarche.biz\/bf\/wp-content\/uploads\/2023\/09\/favicone.png\",\"width\":64,\"height\":64,\"caption\":\"aumarche.biz\"},\"image\":{\"@id\":\"https:\/\/aumarche.biz\/bf\/#\/schema\/logo\/image\/\"},\"sameAs\":[\"https:\/\/www.facebook.com\/aumarchebf\"]}]}<\/script>\n<!-- \/ Yoast SEO plugin. -->","yoast_head_json":{"title":"JBL Live 460NC wireless Heaset - AU MARCHE BURKINA","robots":{"index":"noindex","follow":"follow","max-snippet":"max-snippet:-1","max-image-preview":"max-image-preview:large","max-video-preview":"max-video-preview:-1"},"og_locale":"fr_FR","og_type":"article","og_title":"JBL Live 460NC wireless Heaset - AU MARCHE BURKINA","og_description":"Le casque st\u00e9r\u00e9o sans fil JBL Live 460NC est un casque Bluetooth con\u00e7u pour un usage professionnel. Le casque est compatible avec Windows 11, 10, 8, 7 et RT 1. Le casque est dot\u00e9 d\u2019une suppression active du bruit et d\u2019un microphone antibruit qui offre une qualit\u00e9 d\u2019appel exceptionnelle 1. Le casque a une port\u00e9e sans fil allant jusqu\u2019\u00e0 30 m\u00e8tres et peut se connecter \u00e0 deux appareils simultan\u00e9ment 1. Le casque est certifi\u00e9 pour Microsoft Teams et Google Meet &amp; Zoom, et fonctionne avec toutes les autres plates-formes de premier plan","og_url":"https:\/\/aumarche.biz\/bf\/index.php\/produit\/jbl-live-460nc-wireless-heaset\/","og_site_name":"AU MARCHE BURKINA","article_publisher":"https:\/\/www.facebook.com\/aumarchebf","article_modified_time":"2023-11-10T12:31:05+00:00","og_image":[{"width":610,"height":1106,"url":"https:\/\/aumarche.biz\/bf\/wp-content\/uploads\/2023\/11\/61HhjfiSSyL._AC_SL1200_.jpg","type":"image\/jpeg"}],"twitter_card":"summary_large_image","twitter_misc":{"Dur\u00e9e de lecture estim\u00e9e":"1 minute"},"schema":{"@context":"https:\/\/schema.org","@graph":[{"@type":"WebPage","@id":"https:\/\/aumarche.biz\/bf\/index.php\/produit\/jbl-live-460nc-wireless-heaset\/","url":"https:\/\/aumarche.biz\/bf\/index.php\/produit\/jbl-live-460nc-wireless-heaset\/","name":"JBL Live 460NC wireless Heaset - AU MARCHE BURKINA","isPartOf":{"@id":"https:\/\/aumarche.biz\/bf\/#website"},"primaryImageOfPage":{"@id":"https:\/\/aumarche.biz\/bf\/index.php\/produit\/jbl-live-460nc-wireless-heaset\/#primaryimage"},"image":{"@id":"https:\/\/aumarche.biz\/bf\/index.php\/produit\/jbl-live-460nc-wireless-heaset\/#primaryimage"},"thumbnailUrl":"https:\/\/aumarche.biz\/bf\/wp-content\/uploads\/2023\/11\/61HhjfiSSyL._AC_SL1200_.jpg","datePublished":"2023-11-10T12:27:32+00:00","dateModified":"2023-11-10T12:31:05+00:00","breadcrumb":{"@id":"https:\/\/aumarche.biz\/bf\/index.php\/produit\/jbl-live-460nc-wireless-heaset\/#breadcrumb"},"inLanguage":"fr-FR","potentialAction":[{"@type":"ReadAction","target":["https:\/\/aumarche.biz\/bf\/index.php\/produit\/jbl-live-460nc-wireless-heaset\/"]}]},{"@type":"ImageObject","inLanguage":"fr-FR","@id":"https:\/\/aumarche.biz\/bf\/index.php\/produit\/jbl-live-460nc-wireless-heaset\/#primaryimage","url":"https:\/\/aumarche.biz\/bf\/wp-content\/uploads\/2023\/11\/61HhjfiSSyL._AC_SL1200_.jpg","contentUrl":"https:\/\/aumarche.biz\/bf\/wp-content\/uploads\/2023\/11\/61HhjfiSSyL._AC_SL1200_.jpg","width":610,"height":1106},{"@type":"BreadcrumbList","@id":"https:\/\/aumarche.biz\/bf\/index.php\/produit\/jbl-live-460nc-wireless-heaset\/#breadcrumb","itemListElement":[{"@type":"ListItem","position":1,"name":"Accueil","item":"https:\/\/aumarche.biz\/bf\/"},{"@type":"ListItem","position":2,"name":"Boutique","item":"https:\/\/aumarche.biz\/bf\/index.php\/boutique\/"},{"@type":"ListItem","position":3,"name":"JBL Live 460NC wireless Heaset"}]},{"@type":"WebSite","@id":"https:\/\/aumarche.biz\/bf\/#website","url":"https:\/\/aumarche.biz\/bf\/","name":"aumarche.biz","description":"Vendre et acheter autrement","publisher":{"@id":"https:\/\/aumarche.biz\/bf\/#organization"},"potentialAction":[{"@type":"SearchAction","target":{"@type":"EntryPoint","urlTemplate":"https:\/\/aumarche.biz\/bf\/?s={search_term_string}"},"query-input":{"@type":"PropertyValueSpecification","valueRequired":true,"valueName":"search_term_string"}}],"inLanguage":"fr-FR"},{"@type":"Organization","@id":"https:\/\/aumarche.biz\/bf\/#organization","name":"aumarche.biz","url":"https:\/\/aumarche.biz\/bf\/","logo":{"@type":"ImageObject","inLanguage":"fr-FR","@id":"https:\/\/aumarche.biz\/bf\/#\/schema\/logo\/image\/","url":"https:\/\/aumarche.biz\/bf\/wp-content\/uploads\/2023\/09\/favicone.png","contentUrl":"https:\/\/aumarche.biz\/bf\/wp-content\/uploads\/2023\/09\/favicone.png","width":64,"height":64,"caption":"aumarche.biz"},"image":{"@id":"https:\/\/aumarche.biz\/bf\/#\/schema\/logo\/image\/"},"sameAs":["https:\/\/www.facebook.com\/aumarchebf"]}]}},"_links":{"self":[{"href":"https:\/\/aumarche.biz\/bf\/index.php\/wp-json\/wp\/v2\/product\/5368","targetHints":{"allow":["GET"]}}],"collection":[{"href":"https:\/\/aumarche.biz\/bf\/index.php\/wp-json\/wp\/v2\/product"}],"about":[{"href":"https:\/\/aumarche.biz\/bf\/index.php\/wp-json\/wp\/v2\/types\/product"}],"wp:featuredmedia":[{"embeddable":true,"href":"https:\/\/aumarche.biz\/bf\/index.php\/wp-json\/wp\/v2\/media\/5363"}],"wp:attachment":[{"href":"https:\/\/aumarche.biz\/bf\/index.php\/wp-json\/wp\/v2\/media?parent=5368"}],"wp:term":[{"taxonomy":"product_cat","embeddable":true,"href":"https:\/\/aumarche.biz\/bf\/index.php\/wp-json\/wp\/v2\/product_cat?post=5368"},{"taxonomy":"product_tag","embeddable":true,"href":"https:\/\/aumarche.biz\/bf\/index.php\/wp-json\/wp\/v2\/product_tag?post=5368"}],"curies":[{"name":"wp","href":"https:\/\/api.w.org\/{rel}","templated":true}]}}