{"id":5373,"date":"2023-11-10T12:38:01","date_gmt":"2023-11-10T12:38:01","guid":{"rendered":"https:\/\/aumarche.biz\/bf\/index.php\/produit\/logitec-usb-headset-h340\/"},"modified":"2023-11-10T12:38:01","modified_gmt":"2023-11-10T12:38:01","slug":"logitec-usb-headset-h340","status":"publish","type":"product","link":"https:\/\/aumarche.biz\/bf\/index.php\/produit\/logitec-usb-headset-h340\/","title":{"rendered":"LOGITEC USB HEADSET H340"},"content":{"rendered":"<div class=\"specs-column\" style=\"margin: 0px;padding: 0px 0px 20px;font-family: brown, Helvetica, Arial, sans-serif\">\n<div class=\"specs-group\" style=\"margin: 0px;padding: 0px\">\n<div class=\"specs-block\" style=\"margin: 0px;padding: 0px\">\n<div class=\"specs-description\" style=\"margin: 0px;padding: 0px\"><span style=\"margin: 0px;padding: 0px;font-weight: var(--p-font-weight-bold)\">Hauteur<\/span>: 160\u00a0mm<\/div>\n<\/div>\n<div class=\"specs-block\" style=\"margin: 0px;padding: 0px\">\n<div class=\"specs-description\" style=\"margin: 0px;padding: 0px\"><span style=\"margin: 0px;padding: 0px;font-weight: var(--p-font-weight-bold)\">Largeur<\/span>: 175 mm<\/div>\n<\/div>\n<div class=\"specs-block\" style=\"margin: 0px;padding: 0px\">\n<div class=\"specs-description\" style=\"margin: 0px;padding: 0px\"><span style=\"margin: 0px;padding: 0px;font-weight: var(--p-font-weight-bold)\">\u00c9paisseur<\/span>: 60 mm<\/div>\n<\/div>\n<div class=\"specs-block\" style=\"margin: 0px;padding: 0px\">\n<div class=\"specs-description\" style=\"margin: 0px;padding: 0px\"><span style=\"margin: 0px;padding: 0px;font-weight: var(--p-font-weight-bold)\">Poids<\/span>: 0,1 kg<\/div>\n<\/div>\n<div class=\"specs-block\" style=\"margin: 0px;padding: 0px\">\n<div class=\"specs-description\" style=\"margin: 0px;padding: 0px\"><span style=\"margin: 0px;padding: 0px;font-weight: var(--p-font-weight-bold)\">Longueur du c\u00e2ble<\/span>: 1,8 m<\/div>\n<\/div>\n<\/div>\n<\/div>\n<h4 class=\"specs-heading\" style=\"margin: 0px auto 25px;padding: 0px;font-family: brown, Helvetica, Arial, sans-serif;font-weight: var(--p-font-weight-bold);font-size: 18px;line-height: 26px\">Sp\u00e9cifications techniques<\/h4>\n<div class=\"specs-column\" style=\"margin: 0px;padding: 0px 0px 20px;font-family: brown, Helvetica, Arial, sans-serif\">\n<div class=\"specs-group\" style=\"margin: 0px;padding: 0px\">\n<div class=\"specs-block\" style=\"margin: 0px;padding: 0px\">\n<div class=\"specs-description\" style=\"margin: 0px;padding: 0px\"><span style=\"margin: 0px;padding: 0px;font-weight: var(--p-font-weight-bold)\">Type de microphone<\/span>: Bidirectionnel<\/div>\n<\/div>\n<div class=\"specs-block\" style=\"margin: 0px;padding: 0px\">\n<div class=\"specs-description\" style=\"margin: 0px;padding: 0px\"><span style=\"margin: 0px;padding: 0px;font-weight: var(--p-font-weight-bold)\">Imp\u00e9dance d\u2019entr\u00e9e<\/span>: 22\u00a0\u03a9<\/div>\n<\/div>\n<div class=\"specs-block\" style=\"margin: 0px;padding: 0px\">\n<div class=\"specs-description\" style=\"margin: 0px;padding: 0px\"><span style=\"margin: 0px;padding: 0px;font-weight: var(--p-font-weight-bold)\">Sensibilit\u00e9 (casque)<\/span>: 115\u00a0dB +\/-3\u00a0dB<\/div>\n<\/div>\n<div class=\"specs-block\" style=\"margin: 0px;padding: 0px\">\n<div class=\"specs-description\" style=\"margin: 0px;padding: 0px\"><span style=\"margin: 0px;padding: 0px;font-weight: var(--p-font-weight-bold)\">Sensibilit\u00e9 (microphone)<\/span>: -42 dBV\/Pa +\/- 3 dB<\/div>\n<\/div>\n<div class=\"specs-block\" style=\"margin: 0px;padding: 0px\">\n<div class=\"specs-description\" style=\"margin: 0px;padding: 0px\"><span style=\"margin: 0px;padding: 0px;font-weight: var(--p-font-weight-bold)\">R\u00e9ponse en fr\u00e9quence (casque)<\/span>: 20 Hz &#8211; 20 kHz<\/div>\n<\/div>\n<div class=\"specs-block\" style=\"margin: 0px;padding: 0px\">\n<div class=\"specs-description\" style=\"margin: 0px;padding: 0px\"><span style=\"margin: 0px;padding: 0px;font-weight: var(--p-font-weight-bold)\">R\u00e9ponse en fr\u00e9quence (microphone)<\/span>: 100 Hz &#8211; 16 KHz<\/div>\n<\/div>\n<\/div>\n<\/div>\n","protected":false},"excerpt":{"rendered":"<p>Le casque PC USB Logitech H340 est un casque filaire con\u00e7u pour \u00eatre utilis\u00e9 avec des ordinateurs. Le casque est compatible avec Windows 11, 10, 8, 7 et RT 12. Le casque est dot\u00e9 d\u2019un microphone antibruit qui r\u00e9duit les bruits de fond et offre un son num\u00e9rique clair pour les appels VOIP et Skype 13. Le casque dispose d\u2019une simple connexion USB-A plug-and-play qui vous permet de le connecter facilement \u00e0 votre ordinateur<br data-mce-bogus=\"1\"><\/p>\n","protected":false},"featured_media":5369,"template":"","meta":[],"product_cat":[265,264],"product_tag":[],"class_list":{"0":"post-5373","1":"product","2":"type-product","3":"status-publish","4":"has-post-thumbnail","6":"product_brand-autres-marques","7":"product_cat-electronique","8":"product_cat-high-tech","10":"first","11":"instock","12":"taxable","13":"shipping-taxable","14":"purchasable","15":"product-type-simple","16":"col-xs-6 col-sm-4","17":"col-md-3 col-lg-3","18":"un-4-cols"},"yoast_head":"<!-- This site is optimized with the Yoast SEO plugin v26.9 - https:\/\/yoast.com\/product\/yoast-seo-wordpress\/ -->\n<title>LOGITEC USB HEADSET H340 - AU MARCHE BURKINA<\/title>\n<meta name=\"robots\" content=\"noindex, follow, max-snippet:-1, max-image-preview:large, max-video-preview:-1\" \/>\n<meta property=\"og:locale\" content=\"fr_FR\" \/>\n<meta property=\"og:type\" content=\"article\" \/>\n<meta property=\"og:title\" content=\"LOGITEC USB HEADSET H340 - AU MARCHE BURKINA\" \/>\n<meta property=\"og:description\" content=\"Le casque PC USB Logitech H340 est un casque filaire con\u00e7u pour \u00eatre utilis\u00e9 avec des ordinateurs. Le casque est compatible avec Windows 11, 10, 8, 7 et RT 12. Le casque est dot\u00e9 d\u2019un microphone antibruit qui r\u00e9duit les bruits de fond et offre un son num\u00e9rique clair pour les appels VOIP et Skype 13. Le casque dispose d\u2019une simple connexion USB-A plug-and-play qui vous permet de le connecter facilement \u00e0 votre ordinateur\" \/>\n<meta property=\"og:url\" content=\"https:\/\/aumarche.biz\/bf\/index.php\/produit\/logitec-usb-headset-h340\/\" \/>\n<meta property=\"og:site_name\" content=\"AU MARCHE BURKINA\" \/>\n<meta property=\"article:publisher\" content=\"https:\/\/www.facebook.com\/aumarchebf\" \/>\n<meta property=\"og:image\" content=\"https:\/\/aumarche.biz\/bf\/wp-content\/uploads\/2023\/11\/hhtth.png\" \/>\n\t<meta property=\"og:image:width\" content=\"522\" \/>\n\t<meta property=\"og:image:height\" content=\"543\" \/>\n\t<meta property=\"og:image:type\" content=\"image\/png\" \/>\n<meta name=\"twitter:card\" content=\"summary_large_image\" \/>\n<script type=\"application\/ld+json\" class=\"yoast-schema-graph\">{\"@context\":\"https:\/\/schema.org\",\"@graph\":[{\"@type\":\"WebPage\",\"@id\":\"https:\/\/aumarche.biz\/bf\/index.php\/produit\/logitec-usb-headset-h340\/\",\"url\":\"https:\/\/aumarche.biz\/bf\/index.php\/produit\/logitec-usb-headset-h340\/\",\"name\":\"LOGITEC USB HEADSET H340 - AU MARCHE BURKINA\",\"isPartOf\":{\"@id\":\"https:\/\/aumarche.biz\/bf\/#website\"},\"primaryImageOfPage\":{\"@id\":\"https:\/\/aumarche.biz\/bf\/index.php\/produit\/logitec-usb-headset-h340\/#primaryimage\"},\"image\":{\"@id\":\"https:\/\/aumarche.biz\/bf\/index.php\/produit\/logitec-usb-headset-h340\/#primaryimage\"},\"thumbnailUrl\":\"https:\/\/aumarche.biz\/bf\/wp-content\/uploads\/2023\/11\/hhtth.png\",\"datePublished\":\"2023-11-10T12:38:01+00:00\",\"breadcrumb\":{\"@id\":\"https:\/\/aumarche.biz\/bf\/index.php\/produit\/logitec-usb-headset-h340\/#breadcrumb\"},\"inLanguage\":\"fr-FR\",\"potentialAction\":[{\"@type\":\"ReadAction\",\"target\":[\"https:\/\/aumarche.biz\/bf\/index.php\/produit\/logitec-usb-headset-h340\/\"]}]},{\"@type\":\"ImageObject\",\"inLanguage\":\"fr-FR\",\"@id\":\"https:\/\/aumarche.biz\/bf\/index.php\/produit\/logitec-usb-headset-h340\/#primaryimage\",\"url\":\"https:\/\/aumarche.biz\/bf\/wp-content\/uploads\/2023\/11\/hhtth.png\",\"contentUrl\":\"https:\/\/aumarche.biz\/bf\/wp-content\/uploads\/2023\/11\/hhtth.png\",\"width\":522,\"height\":543},{\"@type\":\"BreadcrumbList\",\"@id\":\"https:\/\/aumarche.biz\/bf\/index.php\/produit\/logitec-usb-headset-h340\/#breadcrumb\",\"itemListElement\":[{\"@type\":\"ListItem\",\"position\":1,\"name\":\"Accueil\",\"item\":\"https:\/\/aumarche.biz\/bf\/\"},{\"@type\":\"ListItem\",\"position\":2,\"name\":\"Boutique\",\"item\":\"https:\/\/aumarche.biz\/bf\/index.php\/boutique\/\"},{\"@type\":\"ListItem\",\"position\":3,\"name\":\"LOGITEC USB HEADSET H340\"}]},{\"@type\":\"WebSite\",\"@id\":\"https:\/\/aumarche.biz\/bf\/#website\",\"url\":\"https:\/\/aumarche.biz\/bf\/\",\"name\":\"aumarche.biz\",\"description\":\"Vendre et acheter autrement\",\"publisher\":{\"@id\":\"https:\/\/aumarche.biz\/bf\/#organization\"},\"potentialAction\":[{\"@type\":\"SearchAction\",\"target\":{\"@type\":\"EntryPoint\",\"urlTemplate\":\"https:\/\/aumarche.biz\/bf\/?s={search_term_string}\"},\"query-input\":{\"@type\":\"PropertyValueSpecification\",\"valueRequired\":true,\"valueName\":\"search_term_string\"}}],\"inLanguage\":\"fr-FR\"},{\"@type\":\"Organization\",\"@id\":\"https:\/\/aumarche.biz\/bf\/#organization\",\"name\":\"aumarche.biz\",\"url\":\"https:\/\/aumarche.biz\/bf\/\",\"logo\":{\"@type\":\"ImageObject\",\"inLanguage\":\"fr-FR\",\"@id\":\"https:\/\/aumarche.biz\/bf\/#\/schema\/logo\/image\/\",\"url\":\"https:\/\/aumarche.biz\/bf\/wp-content\/uploads\/2023\/09\/favicone.png\",\"contentUrl\":\"https:\/\/aumarche.biz\/bf\/wp-content\/uploads\/2023\/09\/favicone.png\",\"width\":64,\"height\":64,\"caption\":\"aumarche.biz\"},\"image\":{\"@id\":\"https:\/\/aumarche.biz\/bf\/#\/schema\/logo\/image\/\"},\"sameAs\":[\"https:\/\/www.facebook.com\/aumarchebf\"]}]}<\/script>\n<!-- \/ Yoast SEO plugin. -->","yoast_head_json":{"title":"LOGITEC USB HEADSET H340 - AU MARCHE BURKINA","robots":{"index":"noindex","follow":"follow","max-snippet":"max-snippet:-1","max-image-preview":"max-image-preview:large","max-video-preview":"max-video-preview:-1"},"og_locale":"fr_FR","og_type":"article","og_title":"LOGITEC USB HEADSET H340 - AU MARCHE BURKINA","og_description":"Le casque PC USB Logitech H340 est un casque filaire con\u00e7u pour \u00eatre utilis\u00e9 avec des ordinateurs. Le casque est compatible avec Windows 11, 10, 8, 7 et RT 12. Le casque est dot\u00e9 d\u2019un microphone antibruit qui r\u00e9duit les bruits de fond et offre un son num\u00e9rique clair pour les appels VOIP et Skype 13. Le casque dispose d\u2019une simple connexion USB-A plug-and-play qui vous permet de le connecter facilement \u00e0 votre ordinateur","og_url":"https:\/\/aumarche.biz\/bf\/index.php\/produit\/logitec-usb-headset-h340\/","og_site_name":"AU MARCHE BURKINA","article_publisher":"https:\/\/www.facebook.com\/aumarchebf","og_image":[{"width":522,"height":543,"url":"https:\/\/aumarche.biz\/bf\/wp-content\/uploads\/2023\/11\/hhtth.png","type":"image\/png"}],"twitter_card":"summary_large_image","schema":{"@context":"https:\/\/schema.org","@graph":[{"@type":"WebPage","@id":"https:\/\/aumarche.biz\/bf\/index.php\/produit\/logitec-usb-headset-h340\/","url":"https:\/\/aumarche.biz\/bf\/index.php\/produit\/logitec-usb-headset-h340\/","name":"LOGITEC USB HEADSET H340 - AU MARCHE BURKINA","isPartOf":{"@id":"https:\/\/aumarche.biz\/bf\/#website"},"primaryImageOfPage":{"@id":"https:\/\/aumarche.biz\/bf\/index.php\/produit\/logitec-usb-headset-h340\/#primaryimage"},"image":{"@id":"https:\/\/aumarche.biz\/bf\/index.php\/produit\/logitec-usb-headset-h340\/#primaryimage"},"thumbnailUrl":"https:\/\/aumarche.biz\/bf\/wp-content\/uploads\/2023\/11\/hhtth.png","datePublished":"2023-11-10T12:38:01+00:00","breadcrumb":{"@id":"https:\/\/aumarche.biz\/bf\/index.php\/produit\/logitec-usb-headset-h340\/#breadcrumb"},"inLanguage":"fr-FR","potentialAction":[{"@type":"ReadAction","target":["https:\/\/aumarche.biz\/bf\/index.php\/produit\/logitec-usb-headset-h340\/"]}]},{"@type":"ImageObject","inLanguage":"fr-FR","@id":"https:\/\/aumarche.biz\/bf\/index.php\/produit\/logitec-usb-headset-h340\/#primaryimage","url":"https:\/\/aumarche.biz\/bf\/wp-content\/uploads\/2023\/11\/hhtth.png","contentUrl":"https:\/\/aumarche.biz\/bf\/wp-content\/uploads\/2023\/11\/hhtth.png","width":522,"height":543},{"@type":"BreadcrumbList","@id":"https:\/\/aumarche.biz\/bf\/index.php\/produit\/logitec-usb-headset-h340\/#breadcrumb","itemListElement":[{"@type":"ListItem","position":1,"name":"Accueil","item":"https:\/\/aumarche.biz\/bf\/"},{"@type":"ListItem","position":2,"name":"Boutique","item":"https:\/\/aumarche.biz\/bf\/index.php\/boutique\/"},{"@type":"ListItem","position":3,"name":"LOGITEC USB HEADSET H340"}]},{"@type":"WebSite","@id":"https:\/\/aumarche.biz\/bf\/#website","url":"https:\/\/aumarche.biz\/bf\/","name":"aumarche.biz","description":"Vendre et acheter autrement","publisher":{"@id":"https:\/\/aumarche.biz\/bf\/#organization"},"potentialAction":[{"@type":"SearchAction","target":{"@type":"EntryPoint","urlTemplate":"https:\/\/aumarche.biz\/bf\/?s={search_term_string}"},"query-input":{"@type":"PropertyValueSpecification","valueRequired":true,"valueName":"search_term_string"}}],"inLanguage":"fr-FR"},{"@type":"Organization","@id":"https:\/\/aumarche.biz\/bf\/#organization","name":"aumarche.biz","url":"https:\/\/aumarche.biz\/bf\/","logo":{"@type":"ImageObject","inLanguage":"fr-FR","@id":"https:\/\/aumarche.biz\/bf\/#\/schema\/logo\/image\/","url":"https:\/\/aumarche.biz\/bf\/wp-content\/uploads\/2023\/09\/favicone.png","contentUrl":"https:\/\/aumarche.biz\/bf\/wp-content\/uploads\/2023\/09\/favicone.png","width":64,"height":64,"caption":"aumarche.biz"},"image":{"@id":"https:\/\/aumarche.biz\/bf\/#\/schema\/logo\/image\/"},"sameAs":["https:\/\/www.facebook.com\/aumarchebf"]}]}},"_links":{"self":[{"href":"https:\/\/aumarche.biz\/bf\/index.php\/wp-json\/wp\/v2\/product\/5373","targetHints":{"allow":["GET"]}}],"collection":[{"href":"https:\/\/aumarche.biz\/bf\/index.php\/wp-json\/wp\/v2\/product"}],"about":[{"href":"https:\/\/aumarche.biz\/bf\/index.php\/wp-json\/wp\/v2\/types\/product"}],"wp:featuredmedia":[{"embeddable":true,"href":"https:\/\/aumarche.biz\/bf\/index.php\/wp-json\/wp\/v2\/media\/5369"}],"wp:attachment":[{"href":"https:\/\/aumarche.biz\/bf\/index.php\/wp-json\/wp\/v2\/media?parent=5373"}],"wp:term":[{"taxonomy":"product_cat","embeddable":true,"href":"https:\/\/aumarche.biz\/bf\/index.php\/wp-json\/wp\/v2\/product_cat?post=5373"},{"taxonomy":"product_tag","embeddable":true,"href":"https:\/\/aumarche.biz\/bf\/index.php\/wp-json\/wp\/v2\/product_tag?post=5373"}],"curies":[{"name":"wp","href":"https:\/\/api.w.org\/{rel}","templated":true}]}}