{"id":5387,"date":"2023-11-10T13:54:18","date_gmt":"2023-11-10T13:54:18","guid":{"rendered":"https:\/\/aumarche.biz\/bf\/index.php\/produit\/jabra-speak-510\/"},"modified":"2023-11-10T13:54:18","modified_gmt":"2023-11-10T13:54:18","slug":"jabra-speak-510","status":"publish","type":"product","link":"https:\/\/aumarche.biz\/bf\/index.php\/produit\/jabra-speak-510\/","title":{"rendered":"JABRA SPEAK 510"},"content":{"rendered":"<div class=\"replacement-column-spot-rich-text text-align--center replacement-column-spot-rich-text--padding-75-75 padding-75-75 col-12 col-md-12  custom-rich-text\">\n<h2 style=\"margin-top: 0px;margin-bottom: 0.75rem;font-size: 46px;line-height: 54px\">Sp\u00e9cifications techniques<\/h2>\n<\/div>\n<div class=\"replacement-column-spot-rich-text replacement-column-spot-rich-text--padding-0-0 padding-0-0 col-12 col-md-12  custom-rich-text\">\n<ul class=\"tech-specs-list\" style=\"margin: 0px 0px 15px 15px;padding: 0px\">\n<li class=\"tech-specs-list__section active transition\" style=\"margin: 0px 0px 0px 15px;padding: 0px;background-color: var(--color-slate-tint-90);border-radius: 1.2rem\">\n<div class=\"section__headline\" style=\"position: relative;cursor: pointer;padding: 2rem;background-color: var(--color-slate-tint-90);border-radius: 1.2rem\"><span style=\"font-weight: bold\">Audio<\/span><\/div>\n<div class=\"section__details active\" style=\"overflow: hidden;height: 179px\">\n<ul style=\"margin: 0px !important;padding: 2rem;flex-wrap: wrap\">\n<li style=\"padding: 0px 2rem 2rem 0px;margin: 0px !important;flex-shrink: 0;flex-basis: 33.33%\">\n<div class=\"headline\"><span>Microphone Type<\/span><\/div>\n<div class=\"details\"><span>Microphone omnidirectionnel<\/span><\/div>\n<\/li>\n<li style=\"padding: 0px 2rem 2rem 0px;margin: 0px !important;flex-shrink: 0;flex-basis: 33.33%\">\n<div class=\"headline\"><span>Certifications<\/span><\/div>\n<div class=\"details\"><span>Certifi\u00e9 pour Skype Entreprise et optimis\u00e9 pour toutes les principales plates-formes de communications unifi\u00e9es<\/span><\/div>\n<\/li>\n<\/ul>\n<\/div>\n<\/li>\n<li class=\"tech-specs-list__section active transition\" style=\"margin: 0px 0px 0px 15px;padding: 0px;background-color: var(--color-slate-tint-90);border-radius: 1.2rem\">\n<div class=\"section__headline\" style=\"position: relative;cursor: pointer;padding: 2rem;background-color: var(--color-slate-tint-90);border-radius: 1.2rem\"><span style=\"font-weight: bold\">Connectivit\u00e9<\/span><\/div>\n<div class=\"section__details active\" style=\"overflow: hidden;height: 266px\">\n<ul style=\"margin: 0px !important;padding: 2rem;flex-wrap: wrap\">\n<li style=\"padding: 0px 2rem 2rem 0px;margin: 0px !important;flex-shrink: 0;flex-basis: 33.33%\">\n<div class=\"headline\"><span>Connectivit\u00e9<\/span><\/div>\n<div class=\"details\"><span>USB et Bluetooth<\/span><\/div>\n<\/li>\n<li style=\"padding: 0px 2rem 2rem 0px;margin: 0px !important;flex-shrink: 0;flex-basis: 33.33%\">\n<div class=\"headline\"><span>Norme Bluetooth\u00ae<\/span><\/div>\n<div class=\"details\"><span>Bluetooth\u00ae 3.0<\/span><\/div>\n<\/li>\n<li style=\"padding: 0px 2rem 2rem 0px;margin: 0px !important;flex-shrink: 0;flex-basis: 33.33%\">\n<div class=\"headline\"><span>Port\u00e9e sans fil<\/span><\/div>\n<div class=\"details\"><span>Jusqu\u2019\u00e0 100 pi \/ 30 m<\/span><\/div>\n<\/li>\n<li style=\"padding: 0px 2rem 2rem 0px;margin: 0px !important;flex-shrink: 0;flex-basis: 33.33%\">\n<div class=\"headline\"><span>Profils Bluetooth\u00ae pris en charge<\/span><\/div>\n<div class=\"details\"><span>A2DP (v1.2), Profil mains libres (v1.6), Profil casque (v1.2), AGHFP (v1.6)<\/span><\/div>\n<\/li>\n<\/ul>\n<\/div>\n<\/li>\n<li class=\"tech-specs-list__section active transition\" style=\"margin: 0px 0px 0px 15px;padding: 0px;background-color: var(--color-slate-tint-90);border-radius: 1.2rem\">\n<div class=\"section__headline\" style=\"position: relative;cursor: pointer;padding: 2rem;background-color: var(--color-slate-tint-90);border-radius: 1.2rem\"><span style=\"font-weight: bold\">Pile<\/span><\/div>\n<div class=\"section__details active\" style=\"overflow: hidden;height: 179px\">\n<ul style=\"margin: 0px !important;padding: 2rem;flex-wrap: wrap\">\n<li style=\"padding: 0px 2rem 2rem 0px;margin: 0px !important;flex-shrink: 0;flex-basis: 33.33%\">\n<div class=\"headline\"><span>Temps de conversation<\/span><\/div>\n<div class=\"details\"><span>Jusqu\u2019\u00e0 15 heures<\/span><\/div>\n<\/li>\n<li style=\"padding: 0px 2rem 2rem 0px;margin: 0px !important;flex-shrink: 0;flex-basis: 33.33%\">\n<div class=\"headline\"><span>Autonomie en veille<\/span><\/div>\n<div class=\"details\"><span>Plus de 200 jours avec la fonction de mise hors tension automatique<\/span><\/div>\n<\/li>\n<li style=\"padding: 0px 2rem 2rem 0px;margin: 0px !important;flex-shrink: 0;flex-basis: 33.33%\">\n<div class=\"headline\"><span>Temps de charge<\/span><\/div>\n<div class=\"details\"><span>Environ 2 heures<\/span><\/div>\n<\/li>\n<\/ul>\n<\/div>\n<\/li>\n<li class=\"tech-specs-list__section active transition\" style=\"margin: 0px 0px 0px 15px;padding: 0px;background-color: var(--color-slate-tint-90);border-radius: 1.2rem\">\n<div class=\"section__headline\" style=\"position: relative;cursor: pointer;padding: 2rem;background-color: var(--color-slate-tint-90);border-radius: 1.2rem\"><span style=\"font-weight: bold\">G\u00e9n\u00e9ralit\u00e9s<\/span><\/div>\n<div class=\"section__details active\" style=\"overflow: hidden;height: 234px\">\n<ul style=\"margin: 0px !important;padding: 2rem;flex-wrap: wrap\">\n<li style=\"padding: 0px 2rem 2rem 0px;margin: 0px !important;flex-shrink: 0;flex-basis: 33.33%\">\n<div class=\"headline\"><span>Poids du haut-parleur<\/span><\/div>\n<div class=\"details\"><span>195 g \/ 6,88 onces<\/span><\/div>\n<\/li>\n<li style=\"padding: 0px 2rem 2rem 0px;margin: 0px !important;flex-shrink: 0;flex-basis: 33.33%\">\n<div class=\"headline\"><span>Qu\u2019y a-t-il dans la bo\u00eete<\/span><\/div>\n<div class=\"details\"><span>Jabra Speak 510 \u2013 Pochette \u2013 Jabra Link 380 (le dongle Bluetooth USB PC est fourni avec le Jabra Speak 510+) \u2013 Guide de d\u00e9marrage rapide \u2013 D\u00e9pliants de garantie et d\u2019avertissement<\/span><\/div>\n<\/li>\n<\/ul>\n<\/div>\n<\/li>\n<\/ul>\n<\/div>\n","protected":false},"excerpt":{"rendered":"<p>Le Jabra Speak 510 est un haut-parleur USB et Bluetooth portable con\u00e7u pour des conf\u00e9rences t\u00e9l\u00e9phoniques efficaces et productives. Le haut-parleur est compatible avec Windows 11, 10, 8, 7 et RT 1. Le haut-parleur a une port\u00e9e sans fil allant jusqu\u2019\u00e0 100 pieds\/30 m\u00e8tres et peut se connecter \u00e0 deux appareils simultan\u00e9ment 1. Le haut-parleur est dot\u00e9 d\u2019une base pivotante \u00e0 360\u00b0 qui vous permet de communiquer et de partager facilement votre \u00e9cran avec d\u2019autres personnes en faisant pivoter doucement l\u2019ordinateur<br data-mce-bogus=\"1\"><\/p>\n","protected":false},"featured_media":5385,"template":"","meta":[],"product_cat":[],"product_tag":[],"class_list":{"0":"post-5387","1":"product","2":"type-product","3":"status-publish","4":"has-post-thumbnail","7":"first","8":"instock","9":"taxable","10":"shipping-taxable","11":"purchasable","12":"product-type-simple","13":"col-xs-6 col-sm-4","14":"col-md-3 col-lg-3","15":"un-4-cols"},"yoast_head":"<!-- This site is optimized with the Yoast SEO plugin v26.9 - https:\/\/yoast.com\/product\/yoast-seo-wordpress\/ -->\n<title>JABRA SPEAK 510 - AU MARCHE BURKINA<\/title>\n<meta name=\"robots\" content=\"noindex, follow, max-snippet:-1, max-image-preview:large, max-video-preview:-1\" \/>\n<meta property=\"og:locale\" content=\"fr_FR\" \/>\n<meta property=\"og:type\" content=\"article\" \/>\n<meta property=\"og:title\" content=\"JABRA SPEAK 510 - AU MARCHE BURKINA\" \/>\n<meta property=\"og:description\" content=\"Le Jabra Speak 510 est un haut-parleur USB et Bluetooth portable con\u00e7u pour des conf\u00e9rences t\u00e9l\u00e9phoniques efficaces et productives. Le haut-parleur est compatible avec Windows 11, 10, 8, 7 et RT 1. Le haut-parleur a une port\u00e9e sans fil allant jusqu\u2019\u00e0 100 pieds\/30 m\u00e8tres et peut se connecter \u00e0 deux appareils simultan\u00e9ment 1. Le haut-parleur est dot\u00e9 d\u2019une base pivotante \u00e0 360\u00b0 qui vous permet de communiquer et de partager facilement votre \u00e9cran avec d\u2019autres personnes en faisant pivoter doucement l\u2019ordinateur\" \/>\n<meta property=\"og:url\" content=\"https:\/\/aumarche.biz\/bf\/index.php\/produit\/jabra-speak-510\/\" \/>\n<meta property=\"og:site_name\" content=\"AU MARCHE BURKINA\" \/>\n<meta property=\"article:publisher\" content=\"https:\/\/www.facebook.com\/aumarchebf\" \/>\n<meta property=\"og:image\" content=\"https:\/\/aumarche.biz\/bf\/wp-content\/uploads\/2023\/11\/61fjL51TdL._AC_SL1400_.jpg\" \/>\n\t<meta property=\"og:image:width\" content=\"1135\" \/>\n\t<meta property=\"og:image:height\" content=\"681\" \/>\n\t<meta property=\"og:image:type\" content=\"image\/jpeg\" \/>\n<meta name=\"twitter:card\" content=\"summary_large_image\" \/>\n<meta name=\"twitter:label1\" content=\"Dur\u00e9e de lecture estim\u00e9e\" \/>\n\t<meta name=\"twitter:data1\" content=\"1 minute\" \/>\n<script type=\"application\/ld+json\" class=\"yoast-schema-graph\">{\"@context\":\"https:\/\/schema.org\",\"@graph\":[{\"@type\":\"WebPage\",\"@id\":\"https:\/\/aumarche.biz\/bf\/index.php\/produit\/jabra-speak-510\/\",\"url\":\"https:\/\/aumarche.biz\/bf\/index.php\/produit\/jabra-speak-510\/\",\"name\":\"JABRA SPEAK 510 - AU MARCHE BURKINA\",\"isPartOf\":{\"@id\":\"https:\/\/aumarche.biz\/bf\/#website\"},\"primaryImageOfPage\":{\"@id\":\"https:\/\/aumarche.biz\/bf\/index.php\/produit\/jabra-speak-510\/#primaryimage\"},\"image\":{\"@id\":\"https:\/\/aumarche.biz\/bf\/index.php\/produit\/jabra-speak-510\/#primaryimage\"},\"thumbnailUrl\":\"https:\/\/aumarche.biz\/bf\/wp-content\/uploads\/2023\/11\/61fjL51TdL._AC_SL1400_.jpg\",\"datePublished\":\"2023-11-10T13:54:18+00:00\",\"breadcrumb\":{\"@id\":\"https:\/\/aumarche.biz\/bf\/index.php\/produit\/jabra-speak-510\/#breadcrumb\"},\"inLanguage\":\"fr-FR\",\"potentialAction\":[{\"@type\":\"ReadAction\",\"target\":[\"https:\/\/aumarche.biz\/bf\/index.php\/produit\/jabra-speak-510\/\"]}]},{\"@type\":\"ImageObject\",\"inLanguage\":\"fr-FR\",\"@id\":\"https:\/\/aumarche.biz\/bf\/index.php\/produit\/jabra-speak-510\/#primaryimage\",\"url\":\"https:\/\/aumarche.biz\/bf\/wp-content\/uploads\/2023\/11\/61fjL51TdL._AC_SL1400_.jpg\",\"contentUrl\":\"https:\/\/aumarche.biz\/bf\/wp-content\/uploads\/2023\/11\/61fjL51TdL._AC_SL1400_.jpg\",\"width\":1135,\"height\":681},{\"@type\":\"BreadcrumbList\",\"@id\":\"https:\/\/aumarche.biz\/bf\/index.php\/produit\/jabra-speak-510\/#breadcrumb\",\"itemListElement\":[{\"@type\":\"ListItem\",\"position\":1,\"name\":\"Accueil\",\"item\":\"https:\/\/aumarche.biz\/bf\/\"},{\"@type\":\"ListItem\",\"position\":2,\"name\":\"Boutique\",\"item\":\"https:\/\/aumarche.biz\/bf\/index.php\/boutique\/\"},{\"@type\":\"ListItem\",\"position\":3,\"name\":\"JABRA SPEAK 510\"}]},{\"@type\":\"WebSite\",\"@id\":\"https:\/\/aumarche.biz\/bf\/#website\",\"url\":\"https:\/\/aumarche.biz\/bf\/\",\"name\":\"aumarche.biz\",\"description\":\"Vendre et acheter autrement\",\"publisher\":{\"@id\":\"https:\/\/aumarche.biz\/bf\/#organization\"},\"potentialAction\":[{\"@type\":\"SearchAction\",\"target\":{\"@type\":\"EntryPoint\",\"urlTemplate\":\"https:\/\/aumarche.biz\/bf\/?s={search_term_string}\"},\"query-input\":{\"@type\":\"PropertyValueSpecification\",\"valueRequired\":true,\"valueName\":\"search_term_string\"}}],\"inLanguage\":\"fr-FR\"},{\"@type\":\"Organization\",\"@id\":\"https:\/\/aumarche.biz\/bf\/#organization\",\"name\":\"aumarche.biz\",\"url\":\"https:\/\/aumarche.biz\/bf\/\",\"logo\":{\"@type\":\"ImageObject\",\"inLanguage\":\"fr-FR\",\"@id\":\"https:\/\/aumarche.biz\/bf\/#\/schema\/logo\/image\/\",\"url\":\"https:\/\/aumarche.biz\/bf\/wp-content\/uploads\/2023\/09\/favicone.png\",\"contentUrl\":\"https:\/\/aumarche.biz\/bf\/wp-content\/uploads\/2023\/09\/favicone.png\",\"width\":64,\"height\":64,\"caption\":\"aumarche.biz\"},\"image\":{\"@id\":\"https:\/\/aumarche.biz\/bf\/#\/schema\/logo\/image\/\"},\"sameAs\":[\"https:\/\/www.facebook.com\/aumarchebf\"]}]}<\/script>\n<!-- \/ Yoast SEO plugin. -->","yoast_head_json":{"title":"JABRA SPEAK 510 - AU MARCHE BURKINA","robots":{"index":"noindex","follow":"follow","max-snippet":"max-snippet:-1","max-image-preview":"max-image-preview:large","max-video-preview":"max-video-preview:-1"},"og_locale":"fr_FR","og_type":"article","og_title":"JABRA SPEAK 510 - AU MARCHE BURKINA","og_description":"Le Jabra Speak 510 est un haut-parleur USB et Bluetooth portable con\u00e7u pour des conf\u00e9rences t\u00e9l\u00e9phoniques efficaces et productives. Le haut-parleur est compatible avec Windows 11, 10, 8, 7 et RT 1. Le haut-parleur a une port\u00e9e sans fil allant jusqu\u2019\u00e0 100 pieds\/30 m\u00e8tres et peut se connecter \u00e0 deux appareils simultan\u00e9ment 1. Le haut-parleur est dot\u00e9 d\u2019une base pivotante \u00e0 360\u00b0 qui vous permet de communiquer et de partager facilement votre \u00e9cran avec d\u2019autres personnes en faisant pivoter doucement l\u2019ordinateur","og_url":"https:\/\/aumarche.biz\/bf\/index.php\/produit\/jabra-speak-510\/","og_site_name":"AU MARCHE BURKINA","article_publisher":"https:\/\/www.facebook.com\/aumarchebf","og_image":[{"width":1135,"height":681,"url":"https:\/\/aumarche.biz\/bf\/wp-content\/uploads\/2023\/11\/61fjL51TdL._AC_SL1400_.jpg","type":"image\/jpeg"}],"twitter_card":"summary_large_image","twitter_misc":{"Dur\u00e9e de lecture estim\u00e9e":"1 minute"},"schema":{"@context":"https:\/\/schema.org","@graph":[{"@type":"WebPage","@id":"https:\/\/aumarche.biz\/bf\/index.php\/produit\/jabra-speak-510\/","url":"https:\/\/aumarche.biz\/bf\/index.php\/produit\/jabra-speak-510\/","name":"JABRA SPEAK 510 - AU MARCHE BURKINA","isPartOf":{"@id":"https:\/\/aumarche.biz\/bf\/#website"},"primaryImageOfPage":{"@id":"https:\/\/aumarche.biz\/bf\/index.php\/produit\/jabra-speak-510\/#primaryimage"},"image":{"@id":"https:\/\/aumarche.biz\/bf\/index.php\/produit\/jabra-speak-510\/#primaryimage"},"thumbnailUrl":"https:\/\/aumarche.biz\/bf\/wp-content\/uploads\/2023\/11\/61fjL51TdL._AC_SL1400_.jpg","datePublished":"2023-11-10T13:54:18+00:00","breadcrumb":{"@id":"https:\/\/aumarche.biz\/bf\/index.php\/produit\/jabra-speak-510\/#breadcrumb"},"inLanguage":"fr-FR","potentialAction":[{"@type":"ReadAction","target":["https:\/\/aumarche.biz\/bf\/index.php\/produit\/jabra-speak-510\/"]}]},{"@type":"ImageObject","inLanguage":"fr-FR","@id":"https:\/\/aumarche.biz\/bf\/index.php\/produit\/jabra-speak-510\/#primaryimage","url":"https:\/\/aumarche.biz\/bf\/wp-content\/uploads\/2023\/11\/61fjL51TdL._AC_SL1400_.jpg","contentUrl":"https:\/\/aumarche.biz\/bf\/wp-content\/uploads\/2023\/11\/61fjL51TdL._AC_SL1400_.jpg","width":1135,"height":681},{"@type":"BreadcrumbList","@id":"https:\/\/aumarche.biz\/bf\/index.php\/produit\/jabra-speak-510\/#breadcrumb","itemListElement":[{"@type":"ListItem","position":1,"name":"Accueil","item":"https:\/\/aumarche.biz\/bf\/"},{"@type":"ListItem","position":2,"name":"Boutique","item":"https:\/\/aumarche.biz\/bf\/index.php\/boutique\/"},{"@type":"ListItem","position":3,"name":"JABRA SPEAK 510"}]},{"@type":"WebSite","@id":"https:\/\/aumarche.biz\/bf\/#website","url":"https:\/\/aumarche.biz\/bf\/","name":"aumarche.biz","description":"Vendre et acheter autrement","publisher":{"@id":"https:\/\/aumarche.biz\/bf\/#organization"},"potentialAction":[{"@type":"SearchAction","target":{"@type":"EntryPoint","urlTemplate":"https:\/\/aumarche.biz\/bf\/?s={search_term_string}"},"query-input":{"@type":"PropertyValueSpecification","valueRequired":true,"valueName":"search_term_string"}}],"inLanguage":"fr-FR"},{"@type":"Organization","@id":"https:\/\/aumarche.biz\/bf\/#organization","name":"aumarche.biz","url":"https:\/\/aumarche.biz\/bf\/","logo":{"@type":"ImageObject","inLanguage":"fr-FR","@id":"https:\/\/aumarche.biz\/bf\/#\/schema\/logo\/image\/","url":"https:\/\/aumarche.biz\/bf\/wp-content\/uploads\/2023\/09\/favicone.png","contentUrl":"https:\/\/aumarche.biz\/bf\/wp-content\/uploads\/2023\/09\/favicone.png","width":64,"height":64,"caption":"aumarche.biz"},"image":{"@id":"https:\/\/aumarche.biz\/bf\/#\/schema\/logo\/image\/"},"sameAs":["https:\/\/www.facebook.com\/aumarchebf"]}]}},"_links":{"self":[{"href":"https:\/\/aumarche.biz\/bf\/index.php\/wp-json\/wp\/v2\/product\/5387","targetHints":{"allow":["GET"]}}],"collection":[{"href":"https:\/\/aumarche.biz\/bf\/index.php\/wp-json\/wp\/v2\/product"}],"about":[{"href":"https:\/\/aumarche.biz\/bf\/index.php\/wp-json\/wp\/v2\/types\/product"}],"wp:featuredmedia":[{"embeddable":true,"href":"https:\/\/aumarche.biz\/bf\/index.php\/wp-json\/wp\/v2\/media\/5385"}],"wp:attachment":[{"href":"https:\/\/aumarche.biz\/bf\/index.php\/wp-json\/wp\/v2\/media?parent=5387"}],"wp:term":[{"taxonomy":"product_cat","embeddable":true,"href":"https:\/\/aumarche.biz\/bf\/index.php\/wp-json\/wp\/v2\/product_cat?post=5387"},{"taxonomy":"product_tag","embeddable":true,"href":"https:\/\/aumarche.biz\/bf\/index.php\/wp-json\/wp\/v2\/product_tag?post=5387"}],"curies":[{"name":"wp","href":"https:\/\/api.w.org\/{rel}","templated":true}]}}