{"id":5407,"date":"2023-11-16T12:53:05","date_gmt":"2023-11-16T12:53:05","guid":{"rendered":"https:\/\/aumarche.biz\/bf\/index.php\/produit\/lg-34wp65c-b-34-curved-ultrawide-uw-qhd-freesync-monitor-160hz-refresh-rate-5ms-gtg-response-time-3440x1440-va-hdr10-srgb-99-color-gamut-hdmi-displayport-black-34wp65c-b-34wp65c-w\/"},"modified":"2023-11-16T12:56:15","modified_gmt":"2023-11-16T12:56:15","slug":"lg-34wp65c-b-34-curved-ultrawide-uw-qhd-freesync-monitor-160hz-refresh-rate-5ms-gtg-response-time-3440x1440-va-hdr10-srgb-99-color-gamut-hdmi-displayport-black-34wp65c-b-34wp65c-w","status":"publish","type":"product","link":"https:\/\/aumarche.biz\/bf\/index.php\/produit\/lg-34wp65c-b-34-curved-ultrawide-uw-qhd-freesync-monitor-160hz-refresh-rate-5ms-gtg-response-time-3440x1440-va-hdr10-srgb-99-color-gamut-hdmi-displayport-black-34wp65c-b-34wp65c-w\/","title":{"rendered":"Moniteur LED VA Incurv\u00e9 21\/9\u00e8me | R\u00e9solution UW-QHD 3440&#215;1440"},"content":{"rendered":"<table class=\"MsoTableGridLight\" border=\"1\" cellspacing=\"0\" cellpadding=\"0\" width=\"624\" style=\"width: 468.0pt;border-collapse: collapse;border: none\" data-mce-style=\"width: 468.0pt; border-collapse: collapse; border: none;\">\n<tbody>\n<tr>\n<td valign=\"top\" style=\"border: solid #BFBFBF 1.0pt;padding: 0cm 5.4pt 0cm 5.4pt\" data-mce-style=\"border: solid #BFBFBF 1.0pt; padding: 0cm 5.4pt 0cm 5.4pt;\">\n<p class=\"MsoNormal\" style=\"margin-bottom: 8.0pt;line-height: 107%\" data-mce-style=\"margin-bottom: 8.0pt; line-height: 107%;\"><span style=\"font-size: 12.0pt;line-height: 107%\" data-mce-style=\"font-size: 12.0pt; line-height: 107%;\">Diagonale<\/span><\/p>\n<\/td>\n<td valign=\"top\" style=\"border: solid #BFBFBF 1.0pt;border-left: none;padding: 0cm 5.4pt 0cm 5.4pt\" data-mce-style=\"border: solid #BFBFBF 1.0pt; border-left: none; padding: 0cm 5.4pt 0cm 5.4pt;\">\n<p class=\"MsoNormal\" style=\"margin-bottom: 8.0pt;line-height: 107%\" data-mce-style=\"margin-bottom: 8.0pt; line-height: 107%;\"><b><span style=\"font-size: 12.0pt;line-height: 107%\" data-mce-style=\"font-size: 12.0pt; line-height: 107%;\">34 pouces<\/span><\/b><\/p>\n<\/td>\n<\/tr>\n<tr>\n<td valign=\"top\" style=\"border: solid #BFBFBF 1.0pt;border-top: none;padding: 0cm 5.4pt 0cm 5.4pt\" data-mce-style=\"border: solid #BFBFBF 1.0pt; border-top: none; padding: 0cm 5.4pt 0cm 5.4pt;\">\n<p class=\"MsoNormal\" style=\"margin-bottom: 8.0pt;line-height: 107%\" data-mce-style=\"margin-bottom: 8.0pt; line-height: 107%;\"><span style=\"font-size: 12.0pt;line-height: 107%\" data-mce-style=\"font-size: 12.0pt; line-height: 107%;\">Dalle<\/span><\/p>\n<\/td>\n<td valign=\"top\" style=\"border-top: none;border-left: none;border-bottom: solid #BFBFBF 1.0pt;border-right: solid #BFBFBF 1.0pt;padding: 0cm 5.4pt 0cm 5.4pt\" data-mce-style=\"border-top: none; border-left: none; border-bottom: solid #BFBFBF 1.0pt; border-right: solid #BFBFBF 1.0pt; padding: 0cm 5.4pt 0cm 5.4pt;\">\n<p class=\"MsoNormal\" style=\"margin-bottom: 8.0pt;line-height: 107%\" data-mce-style=\"margin-bottom: 8.0pt; line-height: 107%;\"><b><span style=\"font-size: 12.0pt;line-height: 107%\" data-mce-style=\"font-size: 12.0pt; line-height: 107%;\">VA<\/span><\/b><\/p>\n<\/td>\n<\/tr>\n<tr>\n<td valign=\"top\" style=\"border: solid #BFBFBF 1.0pt;border-top: none;padding: 0cm 5.4pt 0cm 5.4pt\" data-mce-style=\"border: solid #BFBFBF 1.0pt; border-top: none; padding: 0cm 5.4pt 0cm 5.4pt;\">\n<p class=\"MsoNormal\" style=\"margin-bottom: 8.0pt;line-height: 107%\" data-mce-style=\"margin-bottom: 8.0pt; line-height: 107%;\"><span style=\"font-size: 12.0pt;line-height: 107%\" data-mce-style=\"font-size: 12.0pt; line-height: 107%;\">D\u00e9finition<\/span><\/p>\n<\/td>\n<td valign=\"top\" style=\"border-top: none;border-left: none;border-bottom: solid #BFBFBF 1.0pt;border-right: solid #BFBFBF 1.0pt;padding: 0cm 5.4pt 0cm 5.4pt\" data-mce-style=\"border-top: none; border-left: none; border-bottom: solid #BFBFBF 1.0pt; border-right: solid #BFBFBF 1.0pt; padding: 0cm 5.4pt 0cm 5.4pt;\">\n<p class=\"MsoNormal\" style=\"margin-bottom: 8.0pt;line-height: 107%\" data-mce-style=\"margin-bottom: 8.0pt; line-height: 107%;\"><b><span style=\"font-size: 12.0pt;line-height: 107%\" data-mce-style=\"font-size: 12.0pt; line-height: 107%;\">3440 x 1440 pixels<\/span><\/b><\/p>\n<\/td>\n<\/tr>\n<tr>\n<td valign=\"top\" style=\"border: solid #BFBFBF 1.0pt;border-top: none;padding: 0cm 5.4pt 0cm 5.4pt\" data-mce-style=\"border: solid #BFBFBF 1.0pt; border-top: none; padding: 0cm 5.4pt 0cm 5.4pt;\">\n<p class=\"MsoNormal\" style=\"margin-bottom: 8.0pt;line-height: 107%\" data-mce-style=\"margin-bottom: 8.0pt; line-height: 107%;\"><span style=\"font-size: 12.0pt;line-height: 107%\" data-mce-style=\"font-size: 12.0pt; line-height: 107%;\">Temps de r\u00e9ponse<\/span><\/p>\n<\/td>\n<td valign=\"top\" style=\"border-top: none;border-left: none;border-bottom: solid #BFBFBF 1.0pt;border-right: solid #BFBFBF 1.0pt;padding: 0cm 5.4pt 0cm 5.4pt\" data-mce-style=\"border-top: none; border-left: none; border-bottom: solid #BFBFBF 1.0pt; border-right: solid #BFBFBF 1.0pt; padding: 0cm 5.4pt 0cm 5.4pt;\">\n<p class=\"MsoNormal\" style=\"margin-bottom: 8.0pt;line-height: 107%\" data-mce-style=\"margin-bottom: 8.0pt; line-height: 107%;\"><b><span style=\"font-size: 12.0pt;line-height: 107%\" data-mce-style=\"font-size: 12.0pt; line-height: 107%;\">5 ms<\/span><\/b><\/p>\n<\/td>\n<\/tr>\n<tr>\n<td valign=\"top\" style=\"border: solid #BFBFBF 1.0pt;border-top: none;padding: 0cm 5.4pt 0cm 5.4pt\" data-mce-style=\"border: solid #BFBFBF 1.0pt; border-top: none; padding: 0cm 5.4pt 0cm 5.4pt;\">\n<p class=\"MsoNormal\" style=\"margin-bottom: 8.0pt;line-height: 107%\" data-mce-style=\"margin-bottom: 8.0pt; line-height: 107%;\"><span style=\"font-size: 12.0pt;line-height: 107%\" data-mce-style=\"font-size: 12.0pt; line-height: 107%;\">Interfaces (HDMI \/ DVI \/ VGA \/ YUV)<\/span><\/p>\n<\/td>\n<td valign=\"top\" style=\"border-top: none;border-left: none;border-bottom: solid #BFBFBF 1.0pt;border-right: solid #BFBFBF 1.0pt;padding: 0cm 5.4pt 0cm 5.4pt\" data-mce-style=\"border-top: none; border-left: none; border-bottom: solid #BFBFBF 1.0pt; border-right: solid #BFBFBF 1.0pt; padding: 0cm 5.4pt 0cm 5.4pt;\">\n<p class=\"MsoNormal\" style=\"margin-bottom: 8.0pt;line-height: 107%\" data-mce-style=\"margin-bottom: 8.0pt; line-height: 107%;\"><b><span style=\"font-size: 12.0pt;line-height: 107%\" data-mce-style=\"font-size: 12.0pt; line-height: 107%;\">2 \/ 0 \/ 0 \/ 0<\/span><\/b><\/p>\n<\/td>\n<\/tr>\n<tr>\n<td valign=\"top\" style=\"border: solid #BFBFBF 1.0pt;border-top: none;padding: 0cm 5.4pt 0cm 5.4pt\" data-mce-style=\"border: solid #BFBFBF 1.0pt; border-top: none; padding: 0cm 5.4pt 0cm 5.4pt;\">\n<p class=\"MsoNormal\" style=\"margin-bottom: 8.0pt;line-height: 107%\" data-mce-style=\"margin-bottom: 8.0pt; line-height: 107%;\"><span style=\"font-size: 12.0pt;line-height: 107%\" data-mce-style=\"font-size: 12.0pt; line-height: 107%;\">Angles de vision (H\/V)<\/span><\/p>\n<\/td>\n<td valign=\"top\" style=\"border-top: none;border-left: none;border-bottom: solid #BFBFBF 1.0pt;border-right: solid #BFBFBF 1.0pt;padding: 0cm 5.4pt 0cm 5.4pt\" data-mce-style=\"border-top: none; border-left: none; border-bottom: solid #BFBFBF 1.0pt; border-right: solid #BFBFBF 1.0pt; padding: 0cm 5.4pt 0cm 5.4pt;\">\n<p class=\"MsoNormal\" style=\"margin-bottom: 8.0pt;line-height: 107%\" data-mce-style=\"margin-bottom: 8.0pt; line-height: 107%;\"><b><span style=\"font-size: 12.0pt;line-height: 107%\" data-mce-style=\"font-size: 12.0pt; line-height: 107%;\">178 \/ 178<\/span><\/b><\/p>\n<\/td>\n<\/tr>\n<tr>\n<td valign=\"top\" style=\"border: solid #BFBFBF 1.0pt;border-top: none;padding: 0cm 5.4pt 0cm 5.4pt\" data-mce-style=\"border: solid #BFBFBF 1.0pt; border-top: none; padding: 0cm 5.4pt 0cm 5.4pt;\">\n<p class=\"MsoNormal\" style=\"margin-bottom: 8.0pt;line-height: 107%\" data-mce-style=\"margin-bottom: 8.0pt; line-height: 107%;\"><span style=\"font-size: 12.0pt;line-height: 107%\" data-mce-style=\"font-size: 12.0pt; line-height: 107%;\">Fr\u00e9quence<\/span><\/p>\n<\/td>\n<td valign=\"top\" style=\"border-top: none;border-left: none;border-bottom: solid #BFBFBF 1.0pt;border-right: solid #BFBFBF 1.0pt;padding: 0cm 5.4pt 0cm 5.4pt\" data-mce-style=\"border-top: none; border-left: none; border-bottom: solid #BFBFBF 1.0pt; border-right: solid #BFBFBF 1.0pt; padding: 0cm 5.4pt 0cm 5.4pt;\">\n<p class=\"MsoNormal\" style=\"margin-bottom: 8.0pt;line-height: 107%\" data-mce-style=\"margin-bottom: 8.0pt; line-height: 107%;\"><b><span style=\"font-size: 12.0pt;line-height: 107%\" data-mce-style=\"font-size: 12.0pt; line-height: 107%;\">160 Hz<\/span><\/b><\/p>\n<\/td>\n<\/tr>\n<tr>\n<td valign=\"top\" style=\"border: solid #BFBFBF 1.0pt;border-top: none;padding: 0cm 5.4pt 0cm 5.4pt\" data-mce-style=\"border: solid #BFBFBF 1.0pt; border-top: none; padding: 0cm 5.4pt 0cm 5.4pt;\">\n<p class=\"MsoNormal\" style=\"margin-bottom: 8.0pt;line-height: 107%\" data-mce-style=\"margin-bottom: 8.0pt; line-height: 107%;\"><span style=\"font-size: 12.0pt;line-height: 107%\" data-mce-style=\"font-size: 12.0pt; line-height: 107%;\">Enceintes int\u00e9gr\u00e9es<\/span><\/p>\n<\/td>\n<td valign=\"top\" style=\"border-top: none;border-left: none;border-bottom: solid #BFBFBF 1.0pt;border-right: solid #BFBFBF 1.0pt;padding: 0cm 5.4pt 0cm 5.4pt\" data-mce-style=\"border-top: none; border-left: none; border-bottom: solid #BFBFBF 1.0pt; border-right: solid #BFBFBF 1.0pt; padding: 0cm 5.4pt 0cm 5.4pt;\">\n<p class=\"MsoNormal\" style=\"margin-bottom: 8.0pt;line-height: 107%\" data-mce-style=\"margin-bottom: 8.0pt; line-height: 107%;\"><b><span style=\"font-size: 12.0pt;line-height: 107%\" data-mce-style=\"font-size: 12.0pt; line-height: 107%;\">Oui<\/span><\/b><\/p>\n<\/td>\n<\/tr>\n<tr>\n<td valign=\"top\" style=\"border: solid #BFBFBF 1.0pt;border-top: none;padding: 0cm 5.4pt 0cm 5.4pt\" data-mce-style=\"border: solid #BFBFBF 1.0pt; border-top: none; padding: 0cm 5.4pt 0cm 5.4pt;\">\n<p class=\"MsoNormal\" style=\"margin-bottom: 8.0pt;line-height: 107%\" data-mce-style=\"margin-bottom: 8.0pt; line-height: 107%;\"><span style=\"font-size: 12.0pt;line-height: 107%\" data-mce-style=\"font-size: 12.0pt; line-height: 107%;\">Technologie de Fr\u00e9quence variable<\/span><\/p>\n<\/td>\n<td valign=\"top\" style=\"border-top: none;border-left: none;border-bottom: solid #BFBFBF 1.0pt;border-right: solid #BFBFBF 1.0pt;padding: 0cm 5.4pt 0cm 5.4pt\" data-mce-style=\"border-top: none; border-left: none; border-bottom: solid #BFBFBF 1.0pt; border-right: solid #BFBFBF 1.0pt; padding: 0cm 5.4pt 0cm 5.4pt;\">\n<p class=\"MsoNormal\" style=\"margin-bottom: 8.0pt;line-height: 107%\" data-mce-style=\"margin-bottom: 8.0pt; line-height: 107%;\"><b><span style=\"font-size: 12.0pt;line-height: 107%\" data-mce-style=\"font-size: 12.0pt; line-height: 107%;\">FreeSync, Adaptive-Sync<\/span><\/b><\/p>\n<\/td>\n<\/tr>\n<tr>\n<td valign=\"top\" style=\"border: solid #BFBFBF 1.0pt;border-top: none;padding: 0cm 5.4pt 0cm 5.4pt\" data-mce-style=\"border: solid #BFBFBF 1.0pt; border-top: none; padding: 0cm 5.4pt 0cm 5.4pt;\">\n<p class=\"MsoNormal\" style=\"margin-bottom: 8.0pt;line-height: 107%\" data-mce-style=\"margin-bottom: 8.0pt; line-height: 107%;\"><span style=\"font-size: 12.0pt;line-height: 107%\" data-mce-style=\"font-size: 12.0pt; line-height: 107%;\">Mode portrait<\/span><\/p>\n<\/td>\n<td valign=\"top\" style=\"border-top: none;border-left: none;border-bottom: solid #BFBFBF 1.0pt;border-right: solid #BFBFBF 1.0pt;padding: 0cm 5.4pt 0cm 5.4pt\" data-mce-style=\"border-top: none; border-left: none; border-bottom: solid #BFBFBF 1.0pt; border-right: solid #BFBFBF 1.0pt; padding: 0cm 5.4pt 0cm 5.4pt;\">\n<p class=\"MsoNormal\" style=\"margin-bottom: 8.0pt;line-height: 107%\" data-mce-style=\"margin-bottom: 8.0pt; line-height: 107%;\"><b><span style=\"font-size: 12.0pt;line-height: 107%\" data-mce-style=\"font-size: 12.0pt; line-height: 107%;\">Non<\/span><\/b><\/p>\n<\/td>\n<\/tr>\n<\/tbody>\n<\/table>\n","protected":false},"excerpt":{"rendered":"<p class=\"MsoNormal\"><span style=\"font-size: 12.0pt;line-height: 107%\" data-mce-style=\"font-size: 12.0pt; line-height: 107%;\">Le LG<br \/>34WP65C-B est un moniteur incurv\u00e9 UltraWide UW QHD FreeSync de 34 pouces,<br \/>offrant un taux de rafra\u00eechissement de 160 Hz et un temps de r\u00e9ponse gris \u00e0<br \/>gris de 5 ms. Dot\u00e9 d&rsquo;un \u00e9cran 3440&#215;1440 VA avec prise en charge du HDR10 et<br \/>d&rsquo;un espace colorim\u00e9trique sRGB \u00e0 99%, ce moniteur est disponible en deux<br \/>couleurs, noir et blanc. Il est \u00e9galement \u00e9quip\u00e9 de connectivit\u00e9s HDMI et<br \/>DisplayPort.<\/span><\/p>\n","protected":false},"featured_media":5403,"template":"","meta":[],"product_cat":[264,268],"product_tag":[],"class_list":{"0":"post-5407","1":"product","2":"type-product","3":"status-publish","4":"has-post-thumbnail","6":"product_brand-autres-marques","7":"product_cat-high-tech","8":"product_cat-televiseurs","10":"first","11":"instock","12":"taxable","13":"shipping-taxable","14":"purchasable","15":"product-type-simple","16":"col-xs-6 col-sm-4","17":"col-md-3 col-lg-3","18":"un-4-cols"},"yoast_head":"<!-- This site is optimized with the Yoast SEO plugin v26.9 - https:\/\/yoast.com\/product\/yoast-seo-wordpress\/ -->\n<title>Moniteur LED VA Incurv\u00e9 21\/9\u00e8me | R\u00e9solution UW-QHD 3440x1440 - AU MARCHE BURKINA<\/title>\n<meta name=\"robots\" content=\"noindex, follow, max-snippet:-1, max-image-preview:large, max-video-preview:-1\" \/>\n<meta property=\"og:locale\" content=\"fr_FR\" \/>\n<meta property=\"og:type\" content=\"article\" \/>\n<meta property=\"og:title\" content=\"Moniteur LED VA Incurv\u00e9 21\/9\u00e8me | R\u00e9solution UW-QHD 3440x1440 - AU MARCHE BURKINA\" \/>\n<meta property=\"og:description\" content=\"Le LG34WP65C-B est un moniteur incurv\u00e9 UltraWide UW QHD FreeSync de 34 pouces,offrant un taux de rafra\u00eechissement de 160 Hz et un temps de r\u00e9ponse gris \u00e0gris de 5 ms. Dot\u00e9 d&#039;un \u00e9cran 3440x1440 VA avec prise en charge du HDR10 etd&#039;un espace colorim\u00e9trique sRGB \u00e0 99%, ce moniteur est disponible en deuxcouleurs, noir et blanc. Il est \u00e9galement \u00e9quip\u00e9 de connectivit\u00e9s HDMI etDisplayPort.\" \/>\n<meta property=\"og:url\" content=\"https:\/\/aumarche.biz\/bf\/index.php\/produit\/lg-34wp65c-b-34-curved-ultrawide-uw-qhd-freesync-monitor-160hz-refresh-rate-5ms-gtg-response-time-3440x1440-va-hdr10-srgb-99-color-gamut-hdmi-displayport-black-34wp65c-b-34wp65c-w\/\" \/>\n<meta property=\"og:site_name\" content=\"AU MARCHE BURKINA\" \/>\n<meta property=\"article:publisher\" content=\"https:\/\/www.facebook.com\/aumarchebf\" \/>\n<meta property=\"article:modified_time\" content=\"2023-11-16T12:56:15+00:00\" \/>\n<meta property=\"og:image\" content=\"https:\/\/aumarche.biz\/bf\/wp-content\/uploads\/2023\/11\/trrttt.png\" \/>\n\t<meta property=\"og:image:width\" content=\"852\" \/>\n\t<meta property=\"og:image:height\" content=\"531\" \/>\n\t<meta property=\"og:image:type\" content=\"image\/png\" \/>\n<meta name=\"twitter:card\" content=\"summary_large_image\" \/>\n<script type=\"application\/ld+json\" class=\"yoast-schema-graph\">{\"@context\":\"https:\/\/schema.org\",\"@graph\":[{\"@type\":\"WebPage\",\"@id\":\"https:\/\/aumarche.biz\/bf\/index.php\/produit\/lg-34wp65c-b-34-curved-ultrawide-uw-qhd-freesync-monitor-160hz-refresh-rate-5ms-gtg-response-time-3440x1440-va-hdr10-srgb-99-color-gamut-hdmi-displayport-black-34wp65c-b-34wp65c-w\/\",\"url\":\"https:\/\/aumarche.biz\/bf\/index.php\/produit\/lg-34wp65c-b-34-curved-ultrawide-uw-qhd-freesync-monitor-160hz-refresh-rate-5ms-gtg-response-time-3440x1440-va-hdr10-srgb-99-color-gamut-hdmi-displayport-black-34wp65c-b-34wp65c-w\/\",\"name\":\"Moniteur LED VA Incurv\u00e9 21\/9\u00e8me | R\u00e9solution UW-QHD 3440x1440 - AU MARCHE BURKINA\",\"isPartOf\":{\"@id\":\"https:\/\/aumarche.biz\/bf\/#website\"},\"primaryImageOfPage\":{\"@id\":\"https:\/\/aumarche.biz\/bf\/index.php\/produit\/lg-34wp65c-b-34-curved-ultrawide-uw-qhd-freesync-monitor-160hz-refresh-rate-5ms-gtg-response-time-3440x1440-va-hdr10-srgb-99-color-gamut-hdmi-displayport-black-34wp65c-b-34wp65c-w\/#primaryimage\"},\"image\":{\"@id\":\"https:\/\/aumarche.biz\/bf\/index.php\/produit\/lg-34wp65c-b-34-curved-ultrawide-uw-qhd-freesync-monitor-160hz-refresh-rate-5ms-gtg-response-time-3440x1440-va-hdr10-srgb-99-color-gamut-hdmi-displayport-black-34wp65c-b-34wp65c-w\/#primaryimage\"},\"thumbnailUrl\":\"https:\/\/aumarche.biz\/bf\/wp-content\/uploads\/2023\/11\/trrttt.png\",\"datePublished\":\"2023-11-16T12:53:05+00:00\",\"dateModified\":\"2023-11-16T12:56:15+00:00\",\"breadcrumb\":{\"@id\":\"https:\/\/aumarche.biz\/bf\/index.php\/produit\/lg-34wp65c-b-34-curved-ultrawide-uw-qhd-freesync-monitor-160hz-refresh-rate-5ms-gtg-response-time-3440x1440-va-hdr10-srgb-99-color-gamut-hdmi-displayport-black-34wp65c-b-34wp65c-w\/#breadcrumb\"},\"inLanguage\":\"fr-FR\",\"potentialAction\":[{\"@type\":\"ReadAction\",\"target\":[\"https:\/\/aumarche.biz\/bf\/index.php\/produit\/lg-34wp65c-b-34-curved-ultrawide-uw-qhd-freesync-monitor-160hz-refresh-rate-5ms-gtg-response-time-3440x1440-va-hdr10-srgb-99-color-gamut-hdmi-displayport-black-34wp65c-b-34wp65c-w\/\"]}]},{\"@type\":\"ImageObject\",\"inLanguage\":\"fr-FR\",\"@id\":\"https:\/\/aumarche.biz\/bf\/index.php\/produit\/lg-34wp65c-b-34-curved-ultrawide-uw-qhd-freesync-monitor-160hz-refresh-rate-5ms-gtg-response-time-3440x1440-va-hdr10-srgb-99-color-gamut-hdmi-displayport-black-34wp65c-b-34wp65c-w\/#primaryimage\",\"url\":\"https:\/\/aumarche.biz\/bf\/wp-content\/uploads\/2023\/11\/trrttt.png\",\"contentUrl\":\"https:\/\/aumarche.biz\/bf\/wp-content\/uploads\/2023\/11\/trrttt.png\",\"width\":852,\"height\":531},{\"@type\":\"BreadcrumbList\",\"@id\":\"https:\/\/aumarche.biz\/bf\/index.php\/produit\/lg-34wp65c-b-34-curved-ultrawide-uw-qhd-freesync-monitor-160hz-refresh-rate-5ms-gtg-response-time-3440x1440-va-hdr10-srgb-99-color-gamut-hdmi-displayport-black-34wp65c-b-34wp65c-w\/#breadcrumb\",\"itemListElement\":[{\"@type\":\"ListItem\",\"position\":1,\"name\":\"Accueil\",\"item\":\"https:\/\/aumarche.biz\/bf\/\"},{\"@type\":\"ListItem\",\"position\":2,\"name\":\"Boutique\",\"item\":\"https:\/\/aumarche.biz\/bf\/index.php\/boutique\/\"},{\"@type\":\"ListItem\",\"position\":3,\"name\":\"Moniteur LED VA Incurv\u00e9 21\/9\u00e8me | R\u00e9solution UW-QHD 3440&#215;1440\"}]},{\"@type\":\"WebSite\",\"@id\":\"https:\/\/aumarche.biz\/bf\/#website\",\"url\":\"https:\/\/aumarche.biz\/bf\/\",\"name\":\"aumarche.biz\",\"description\":\"Vendre et acheter autrement\",\"publisher\":{\"@id\":\"https:\/\/aumarche.biz\/bf\/#organization\"},\"potentialAction\":[{\"@type\":\"SearchAction\",\"target\":{\"@type\":\"EntryPoint\",\"urlTemplate\":\"https:\/\/aumarche.biz\/bf\/?s={search_term_string}\"},\"query-input\":{\"@type\":\"PropertyValueSpecification\",\"valueRequired\":true,\"valueName\":\"search_term_string\"}}],\"inLanguage\":\"fr-FR\"},{\"@type\":\"Organization\",\"@id\":\"https:\/\/aumarche.biz\/bf\/#organization\",\"name\":\"aumarche.biz\",\"url\":\"https:\/\/aumarche.biz\/bf\/\",\"logo\":{\"@type\":\"ImageObject\",\"inLanguage\":\"fr-FR\",\"@id\":\"https:\/\/aumarche.biz\/bf\/#\/schema\/logo\/image\/\",\"url\":\"https:\/\/aumarche.biz\/bf\/wp-content\/uploads\/2023\/09\/favicone.png\",\"contentUrl\":\"https:\/\/aumarche.biz\/bf\/wp-content\/uploads\/2023\/09\/favicone.png\",\"width\":64,\"height\":64,\"caption\":\"aumarche.biz\"},\"image\":{\"@id\":\"https:\/\/aumarche.biz\/bf\/#\/schema\/logo\/image\/\"},\"sameAs\":[\"https:\/\/www.facebook.com\/aumarchebf\"]}]}<\/script>\n<!-- \/ Yoast SEO plugin. -->","yoast_head_json":{"title":"Moniteur LED VA Incurv\u00e9 21\/9\u00e8me | R\u00e9solution UW-QHD 3440x1440 - AU MARCHE BURKINA","robots":{"index":"noindex","follow":"follow","max-snippet":"max-snippet:-1","max-image-preview":"max-image-preview:large","max-video-preview":"max-video-preview:-1"},"og_locale":"fr_FR","og_type":"article","og_title":"Moniteur LED VA Incurv\u00e9 21\/9\u00e8me | R\u00e9solution UW-QHD 3440x1440 - AU MARCHE BURKINA","og_description":"Le LG34WP65C-B est un moniteur incurv\u00e9 UltraWide UW QHD FreeSync de 34 pouces,offrant un taux de rafra\u00eechissement de 160 Hz et un temps de r\u00e9ponse gris \u00e0gris de 5 ms. Dot\u00e9 d'un \u00e9cran 3440x1440 VA avec prise en charge du HDR10 etd'un espace colorim\u00e9trique sRGB \u00e0 99%, ce moniteur est disponible en deuxcouleurs, noir et blanc. Il est \u00e9galement \u00e9quip\u00e9 de connectivit\u00e9s HDMI etDisplayPort.","og_url":"https:\/\/aumarche.biz\/bf\/index.php\/produit\/lg-34wp65c-b-34-curved-ultrawide-uw-qhd-freesync-monitor-160hz-refresh-rate-5ms-gtg-response-time-3440x1440-va-hdr10-srgb-99-color-gamut-hdmi-displayport-black-34wp65c-b-34wp65c-w\/","og_site_name":"AU MARCHE BURKINA","article_publisher":"https:\/\/www.facebook.com\/aumarchebf","article_modified_time":"2023-11-16T12:56:15+00:00","og_image":[{"width":852,"height":531,"url":"https:\/\/aumarche.biz\/bf\/wp-content\/uploads\/2023\/11\/trrttt.png","type":"image\/png"}],"twitter_card":"summary_large_image","schema":{"@context":"https:\/\/schema.org","@graph":[{"@type":"WebPage","@id":"https:\/\/aumarche.biz\/bf\/index.php\/produit\/lg-34wp65c-b-34-curved-ultrawide-uw-qhd-freesync-monitor-160hz-refresh-rate-5ms-gtg-response-time-3440x1440-va-hdr10-srgb-99-color-gamut-hdmi-displayport-black-34wp65c-b-34wp65c-w\/","url":"https:\/\/aumarche.biz\/bf\/index.php\/produit\/lg-34wp65c-b-34-curved-ultrawide-uw-qhd-freesync-monitor-160hz-refresh-rate-5ms-gtg-response-time-3440x1440-va-hdr10-srgb-99-color-gamut-hdmi-displayport-black-34wp65c-b-34wp65c-w\/","name":"Moniteur LED VA Incurv\u00e9 21\/9\u00e8me | R\u00e9solution UW-QHD 3440x1440 - AU MARCHE BURKINA","isPartOf":{"@id":"https:\/\/aumarche.biz\/bf\/#website"},"primaryImageOfPage":{"@id":"https:\/\/aumarche.biz\/bf\/index.php\/produit\/lg-34wp65c-b-34-curved-ultrawide-uw-qhd-freesync-monitor-160hz-refresh-rate-5ms-gtg-response-time-3440x1440-va-hdr10-srgb-99-color-gamut-hdmi-displayport-black-34wp65c-b-34wp65c-w\/#primaryimage"},"image":{"@id":"https:\/\/aumarche.biz\/bf\/index.php\/produit\/lg-34wp65c-b-34-curved-ultrawide-uw-qhd-freesync-monitor-160hz-refresh-rate-5ms-gtg-response-time-3440x1440-va-hdr10-srgb-99-color-gamut-hdmi-displayport-black-34wp65c-b-34wp65c-w\/#primaryimage"},"thumbnailUrl":"https:\/\/aumarche.biz\/bf\/wp-content\/uploads\/2023\/11\/trrttt.png","datePublished":"2023-11-16T12:53:05+00:00","dateModified":"2023-11-16T12:56:15+00:00","breadcrumb":{"@id":"https:\/\/aumarche.biz\/bf\/index.php\/produit\/lg-34wp65c-b-34-curved-ultrawide-uw-qhd-freesync-monitor-160hz-refresh-rate-5ms-gtg-response-time-3440x1440-va-hdr10-srgb-99-color-gamut-hdmi-displayport-black-34wp65c-b-34wp65c-w\/#breadcrumb"},"inLanguage":"fr-FR","potentialAction":[{"@type":"ReadAction","target":["https:\/\/aumarche.biz\/bf\/index.php\/produit\/lg-34wp65c-b-34-curved-ultrawide-uw-qhd-freesync-monitor-160hz-refresh-rate-5ms-gtg-response-time-3440x1440-va-hdr10-srgb-99-color-gamut-hdmi-displayport-black-34wp65c-b-34wp65c-w\/"]}]},{"@type":"ImageObject","inLanguage":"fr-FR","@id":"https:\/\/aumarche.biz\/bf\/index.php\/produit\/lg-34wp65c-b-34-curved-ultrawide-uw-qhd-freesync-monitor-160hz-refresh-rate-5ms-gtg-response-time-3440x1440-va-hdr10-srgb-99-color-gamut-hdmi-displayport-black-34wp65c-b-34wp65c-w\/#primaryimage","url":"https:\/\/aumarche.biz\/bf\/wp-content\/uploads\/2023\/11\/trrttt.png","contentUrl":"https:\/\/aumarche.biz\/bf\/wp-content\/uploads\/2023\/11\/trrttt.png","width":852,"height":531},{"@type":"BreadcrumbList","@id":"https:\/\/aumarche.biz\/bf\/index.php\/produit\/lg-34wp65c-b-34-curved-ultrawide-uw-qhd-freesync-monitor-160hz-refresh-rate-5ms-gtg-response-time-3440x1440-va-hdr10-srgb-99-color-gamut-hdmi-displayport-black-34wp65c-b-34wp65c-w\/#breadcrumb","itemListElement":[{"@type":"ListItem","position":1,"name":"Accueil","item":"https:\/\/aumarche.biz\/bf\/"},{"@type":"ListItem","position":2,"name":"Boutique","item":"https:\/\/aumarche.biz\/bf\/index.php\/boutique\/"},{"@type":"ListItem","position":3,"name":"Moniteur LED VA Incurv\u00e9 21\/9\u00e8me | R\u00e9solution UW-QHD 3440&#215;1440"}]},{"@type":"WebSite","@id":"https:\/\/aumarche.biz\/bf\/#website","url":"https:\/\/aumarche.biz\/bf\/","name":"aumarche.biz","description":"Vendre et acheter autrement","publisher":{"@id":"https:\/\/aumarche.biz\/bf\/#organization"},"potentialAction":[{"@type":"SearchAction","target":{"@type":"EntryPoint","urlTemplate":"https:\/\/aumarche.biz\/bf\/?s={search_term_string}"},"query-input":{"@type":"PropertyValueSpecification","valueRequired":true,"valueName":"search_term_string"}}],"inLanguage":"fr-FR"},{"@type":"Organization","@id":"https:\/\/aumarche.biz\/bf\/#organization","name":"aumarche.biz","url":"https:\/\/aumarche.biz\/bf\/","logo":{"@type":"ImageObject","inLanguage":"fr-FR","@id":"https:\/\/aumarche.biz\/bf\/#\/schema\/logo\/image\/","url":"https:\/\/aumarche.biz\/bf\/wp-content\/uploads\/2023\/09\/favicone.png","contentUrl":"https:\/\/aumarche.biz\/bf\/wp-content\/uploads\/2023\/09\/favicone.png","width":64,"height":64,"caption":"aumarche.biz"},"image":{"@id":"https:\/\/aumarche.biz\/bf\/#\/schema\/logo\/image\/"},"sameAs":["https:\/\/www.facebook.com\/aumarchebf"]}]}},"_links":{"self":[{"href":"https:\/\/aumarche.biz\/bf\/index.php\/wp-json\/wp\/v2\/product\/5407","targetHints":{"allow":["GET"]}}],"collection":[{"href":"https:\/\/aumarche.biz\/bf\/index.php\/wp-json\/wp\/v2\/product"}],"about":[{"href":"https:\/\/aumarche.biz\/bf\/index.php\/wp-json\/wp\/v2\/types\/product"}],"wp:featuredmedia":[{"embeddable":true,"href":"https:\/\/aumarche.biz\/bf\/index.php\/wp-json\/wp\/v2\/media\/5403"}],"wp:attachment":[{"href":"https:\/\/aumarche.biz\/bf\/index.php\/wp-json\/wp\/v2\/media?parent=5407"}],"wp:term":[{"taxonomy":"product_cat","embeddable":true,"href":"https:\/\/aumarche.biz\/bf\/index.php\/wp-json\/wp\/v2\/product_cat?post=5407"},{"taxonomy":"product_tag","embeddable":true,"href":"https:\/\/aumarche.biz\/bf\/index.php\/wp-json\/wp\/v2\/product_tag?post=5407"}],"curies":[{"name":"wp","href":"https:\/\/api.w.org\/{rel}","templated":true}]}}