{"id":5411,"date":"2023-11-16T13:16:52","date_gmt":"2023-11-16T13:16:52","guid":{"rendered":"https:\/\/aumarche.biz\/bf\/index.php\/produit\/samsung-55-au7000-uhd-4k-smart-tv\/"},"modified":"2023-11-16T13:16:52","modified_gmt":"2023-11-16T13:16:52","slug":"samsung-55-au7000-uhd-4k-smart-tv","status":"publish","type":"product","link":"https:\/\/aumarche.biz\/bf\/index.php\/produit\/samsung-55-au7000-uhd-4k-smart-tv\/","title":{"rendered":"SAMSUNG 55&Prime; AU7000 UHD 4K Smart TV"},"content":{"rendered":"<table class=\"MsoTable15Grid6Colorful\" border=\"1\" cellspacing=\"0\" cellpadding=\"0\" width=\"0\" style=\"width:0cm;border-collapse:collapse;border:none\">\n<tbody>\n<tr>\n<td width=\"0\" nowrap=\"\" valign=\"top\" style=\"width:.3pt;border:solid #666666 1.0pt;border-bottom:solid #666666 1.5pt;padding:0cm 5.4pt 0cm 5.4pt\">\n<p class=\"MsoNormal\" style=\"margin-bottom:0cm;line-height:normal\"><b><span>Marque<\/span><\/b><\/p>\n<\/td>\n<td width=\"1029\" valign=\"top\" style=\"width:771.45pt;border-top:solid #666666 1.0pt;border-left:  none;border-bottom:solid #666666 1.5pt;border-right:solid #666666 1.0pt;padding:0cm 5.4pt 0cm 5.4pt\">\n<p class=\"MsoNormal\" style=\"margin-bottom:0cm;line-height:normal\"><b><span>SAMSUNG<\/span><\/b><\/p>\n<\/td>\n<\/tr>\n<tr>\n<td width=\"0\" nowrap=\"\" valign=\"top\" style=\"width:.3pt;border:solid #666666 1.0pt;border-top:none;background:#CCCCCC;padding:0cm 5.4pt 0cm 5.4pt\">\n<p class=\"MsoNormal\" style=\"margin-bottom:0cm;line-height:normal\"><b><span>Syst\u00e8me d&rsquo;exploitation<\/span><\/b><\/p>\n<\/td>\n<td width=\"1029\" valign=\"top\" style=\"width:771.45pt;border-top:none;border-left:  none;border-bottom:solid #666666 1.0pt;border-right:solid #666666 1.0pt;background:#CCCCCC;padding:0cm 5.4pt 0cm 5.4pt\">\n<p class=\"MsoNormal\" style=\"margin-bottom:0cm;line-height:normal\"><span>Tizen<\/span><\/p>\n<\/td>\n<\/tr>\n<tr>\n<td width=\"0\" nowrap=\"\" valign=\"top\" style=\"width:.3pt;border:solid #666666 1.0pt;border-top:none;padding:0cm 5.4pt 0cm 5.4pt\">\n<p class=\"MsoNormal\" style=\"margin-bottom:0cm;line-height:normal\"><b><span>Taille de l&rsquo;\u00e9cran<\/span><\/b><\/p>\n<\/td>\n<td width=\"1029\" valign=\"top\" style=\"width:771.45pt;border-top:none;border-left:  none;border-bottom:solid #666666 1.0pt;border-right:solid #666666 1.0pt;padding:0cm 5.4pt 0cm 5.4pt\">\n<p class=\"MsoNormal\" style=\"margin-bottom:0cm;line-height:normal\"><span>55 Pouces<\/span><\/p>\n<\/td>\n<\/tr>\n<tr>\n<td width=\"0\" nowrap=\"\" valign=\"top\" style=\"width:.3pt;border:solid #666666 1.0pt;border-top:none;background:#CCCCCC;padding:0cm 5.4pt 0cm 5.4pt\">\n<p class=\"MsoNormal\" style=\"margin-bottom:0cm;line-height:normal\"><b><span>Ecran Incurv\u00e9<\/span><\/b><\/p>\n<\/td>\n<td width=\"1029\" valign=\"top\" style=\"width:771.45pt;border-top:none;border-left:  none;border-bottom:solid #666666 1.0pt;border-right:solid #666666 1.0pt;background:#CCCCCC;padding:0cm 5.4pt 0cm 5.4pt\">\n<p class=\"MsoNormal\" style=\"margin-bottom:0cm;line-height:normal\"><span>Non<\/span><\/p>\n<\/td>\n<\/tr>\n<tr>\n<td width=\"0\" nowrap=\"\" valign=\"top\" style=\"width:.3pt;border:solid #666666 1.0pt;border-top:none;padding:0cm 5.4pt 0cm 5.4pt\">\n<p class=\"MsoNormal\" style=\"margin-bottom:0cm;line-height:normal\"><b><span>Ecran<\/span><\/b><\/p>\n<\/td>\n<td width=\"1029\" valign=\"top\" style=\"width:771.45pt;border-top:none;border-left:  none;border-bottom:solid #666666 1.0pt;border-right:solid #666666 1.0pt;padding:0cm 5.4pt 0cm 5.4pt\">\n<p class=\"MsoNormal\" style=\"margin-bottom:0cm;line-height:normal\"><span>UHD (4K)<\/span><\/p>\n<\/td>\n<\/tr>\n<tr>\n<td width=\"0\" nowrap=\"\" valign=\"top\" style=\"width:.3pt;border:solid #666666 1.0pt;border-top:none;background:#CCCCCC;padding:0cm 5.4pt 0cm 5.4pt\">\n<p class=\"MsoNormal\" style=\"margin-bottom:0cm;line-height:normal\"><b><span>R\u00e9solution Ecran<\/span><\/b><\/p>\n<\/td>\n<td width=\"1029\" valign=\"top\" style=\"width:771.45pt;border-top:none;border-left:  none;border-bottom:solid #666666 1.0pt;border-right:solid #666666 1.0pt;background:#CCCCCC;padding:0cm 5.4pt 0cm 5.4pt\">\n<p class=\"MsoNormal\" style=\"margin-bottom:0cm;line-height:normal\"><span>3840 x 2160 pixels<\/span><\/p>\n<\/td>\n<\/tr>\n<tr>\n<td width=\"0\" nowrap=\"\" valign=\"top\" style=\"width:.3pt;border:solid #666666 1.0pt;border-top:none;padding:0cm 5.4pt 0cm 5.4pt\">\n<p class=\"MsoNormal\" style=\"margin-bottom:0cm;line-height:normal\"><b><span>Norme HD<\/span><\/b><\/p>\n<\/td>\n<td width=\"1029\" valign=\"top\" style=\"width:771.45pt;border-top:none;border-left:  none;border-bottom:solid #666666 1.0pt;border-right:solid #666666 1.0pt;padding:0cm 5.4pt 0cm 5.4pt\">\n<p class=\"MsoNormal\" style=\"margin-bottom:0cm;line-height:normal\"><span>4K UHD<\/span><\/p>\n<\/td>\n<\/tr>\n<tr>\n<td width=\"0\" nowrap=\"\" valign=\"top\" style=\"width:.3pt;border:solid #666666 1.0pt;border-top:none;background:#CCCCCC;padding:0cm 5.4pt 0cm 5.4pt\">\n<p class=\"MsoNormal\" style=\"margin-bottom:0cm;line-height:normal\"><b><span>R\u00e9cepteur Int\u00e9gr\u00e9<\/span><\/b><\/p>\n<\/td>\n<td width=\"1029\" valign=\"top\" style=\"width:771.45pt;border-top:none;border-left:  none;border-bottom:solid #666666 1.0pt;border-right:solid #666666 1.0pt;background:#CCCCCC;padding:0cm 5.4pt 0cm 5.4pt\">\n<p class=\"MsoNormal\" style=\"margin-bottom:0cm;line-height:normal\"><span>Non<\/span><\/p>\n<\/td>\n<\/tr>\n<tr>\n<td width=\"0\" nowrap=\"\" valign=\"top\" style=\"width:.3pt;border:solid #666666 1.0pt;border-top:none;padding:0cm 5.4pt 0cm 5.4pt\">\n<p class=\"MsoNormal\" style=\"margin-bottom:0cm;line-height:normal\"><b><span>Smart TV<\/span><\/b><\/p>\n<\/td>\n<td width=\"1029\" valign=\"top\" style=\"width:771.45pt;border-top:none;border-left:  none;border-bottom:solid #666666 1.0pt;border-right:solid #666666 1.0pt;padding:0cm 5.4pt 0cm 5.4pt\">\n<p class=\"MsoNormal\" style=\"margin-bottom:0cm;line-height:normal\"><span>Oui<\/span><\/p>\n<\/td>\n<\/tr>\n<tr>\n<td width=\"0\" nowrap=\"\" valign=\"top\" style=\"width:.3pt;border:solid #666666 1.0pt;border-top:none;background:#CCCCCC;padding:0cm 5.4pt 0cm 5.4pt\">\n<p class=\"MsoNormal\" style=\"margin-bottom:0cm;line-height:normal\"><b><span>Compatible HDR<\/span><\/b><\/p>\n<\/td>\n<td width=\"1029\" valign=\"top\" style=\"width:771.45pt;border-top:none;border-left:  none;border-bottom:solid #666666 1.0pt;border-right:solid #666666 1.0pt;background:#CCCCCC;padding:0cm 5.4pt 0cm 5.4pt\">\n<p class=\"MsoNormal\" style=\"margin-bottom:0cm;line-height:normal\"><span>Oui<\/span><\/p>\n<\/td>\n<\/tr>\n<tr>\n<td width=\"0\" nowrap=\"\" valign=\"top\" style=\"width:.3pt;border:solid #666666 1.0pt;border-top:none;padding:0cm 5.4pt 0cm 5.4pt\">\n<p class=\"MsoNormal\" style=\"margin-bottom:0cm;line-height:normal\"><b><span>Interface R\u00e9seau<\/span><\/b><\/p>\n<\/td>\n<td width=\"1029\" valign=\"top\" style=\"width:771.45pt;border-top:none;border-left:  none;border-bottom:solid #666666 1.0pt;border-right:solid #666666 1.0pt;padding:0cm 5.4pt 0cm 5.4pt\">\n<p class=\"MsoNormal\" style=\"margin-bottom:0cm;line-height:normal\"><span>1 x Ethernet<\/span><\/p>\n<\/td>\n<\/tr>\n<tr>\n<td width=\"0\" nowrap=\"\" valign=\"top\" style=\"width:.3pt;border:solid #666666 1.0pt;border-top:none;background:#CCCCCC;padding:0cm 5.4pt 0cm 5.4pt\">\n<p class=\"MsoNormal\" style=\"margin-bottom:0cm;line-height:normal\"><b><span>Bluetooth<\/span><\/b><\/p>\n<\/td>\n<td width=\"1029\" valign=\"top\" style=\"width:771.45pt;border-top:none;border-left:  none;border-bottom:solid #666666 1.0pt;border-right:solid #666666 1.0pt;background:#CCCCCC;padding:0cm 5.4pt 0cm 5.4pt\">\n<p class=\"MsoNormal\" style=\"margin-bottom:0cm;line-height:normal\"><span>Oui<\/span><\/p>\n<\/td>\n<\/tr>\n<tr>\n<td width=\"0\" nowrap=\"\" valign=\"top\" style=\"width:.3pt;border:solid #666666 1.0pt;border-top:none;padding:0cm 5.4pt 0cm 5.4pt\">\n<p class=\"MsoNormal\" style=\"margin-bottom:0cm;line-height:normal\"><b><span>Audio<\/span><\/b><\/p>\n<\/td>\n<td width=\"1029\" valign=\"top\" style=\"width:771.45pt;border-top:none;border-left:  none;border-bottom:solid #666666 1.0pt;border-right:solid #666666 1.0pt;padding:0cm 5.4pt 0cm 5.4pt\">\n<p class=\"MsoNormal\" style=\"margin-bottom:0cm;line-height:normal\"><span>Dolby Digital<br \/>\n  Plus<\/span><\/p>\n<\/td>\n<\/tr>\n<tr>\n<td width=\"0\" nowrap=\"\" valign=\"top\" style=\"width:.3pt;border:solid #666666 1.0pt;border-top:none;background:#CCCCCC;padding:0cm 5.4pt 0cm 5.4pt\">\n<p class=\"MsoNormal\" style=\"margin-bottom:0cm;line-height:normal\"><b><span>Puissance de haut-parleur<\/span><\/b><\/p>\n<\/td>\n<td width=\"1029\" valign=\"top\" style=\"width:771.45pt;border-top:none;border-left:  none;border-bottom:solid #666666 1.0pt;border-right:solid #666666 1.0pt;background:#CCCCCC;padding:0cm 5.4pt 0cm 5.4pt\">\n<p class=\"MsoNormal\" style=\"margin-bottom:0cm;line-height:normal\"><span>20 Watts<\/span><\/p>\n<\/td>\n<\/tr>\n<tr>\n<td width=\"0\" nowrap=\"\" valign=\"top\" style=\"width:.3pt;border:solid #666666 1.0pt;border-top:none;padding:0cm 5.4pt 0cm 5.4pt\">\n<p class=\"MsoNormal\" style=\"margin-bottom:0cm;line-height:normal\"><b><span>Connecteurs<\/span><\/b><\/p>\n<\/td>\n<td width=\"1029\" valign=\"top\" style=\"width:771.45pt;border-top:none;border-left:  none;border-bottom:solid #666666 1.0pt;border-right:solid #666666 1.0pt;padding:0cm 5.4pt 0cm 5.4pt\">\n<p class=\"MsoNormal\" style=\"margin-bottom:0cm;line-height:normal\"><span>3 x HDMI, 1 x<br \/>\n  USB, 1 x Ethernet, 1 x Entree RF, 1 x\u00a0Sortie audio num\u00e9rique<\/span><\/p>\n<\/td>\n<\/tr>\n<\/tbody>\n<\/table>\n<p><br data-mce-bogus=\"1\"><\/p>\n","protected":false},"excerpt":{"rendered":"<p><p class=\"MsoNormal\"><span style=\"font-size:12.0pt;line-height:107%\">La TV<br \/>\nSamsung AU7000 de 55 pouces offre une r\u00e9solution UHD 4K (3840 x 2160p) avec des<br \/>\nfonctionnalit\u00e9s \u00e9tendues. Elle est dot\u00e9e d&rsquo;une connectivit\u00e9 Wi-Fi et comprend 1<br \/>\nport USB, 3 ports HDMI, 1 port RJ45, ainsi que la technologie Bluetooth.<br \/>\n\u00c9quip\u00e9e du puissant processeur Crystal 4K, elle int\u00e8gre des haut-parleurs 2CH<br \/>\npour une exp\u00e9rience audio immersive.<\/span><\/p>\n<p class=\"MsoNormal\"><span style=\"font-size:12.0pt;line-height:107%\">Cette<br \/>\nt\u00e9l\u00e9vision dispose de fonctionnalit\u00e9s avanc\u00e9es telles que la technologie Hyper<br \/>\nReal, HDR 10+ pour une qualit\u00e9 d&rsquo;image exceptionnelle, le syst\u00e8me<br \/>\nd&rsquo;exploitation Tizen\u2122, PurColor, UHD Dimming, et le partage d&rsquo;\u00e9cran mobile vers<br \/>\nla TV. Elle prend en charge le son Dolby Digital Plus et est \u00e9quip\u00e9e d&rsquo;un tuner<br \/>\nanalogique ainsi que du DVB-T2CS2 pour une r\u00e9ception optimale des cha\u00eenes.<\/span><\/p>\n<p><br data-mce-bogus=\"1\"><\/p>\n","protected":false},"featured_media":5408,"template":"","meta":[],"product_cat":[264,268],"product_tag":[],"class_list":{"0":"post-5411","1":"product","2":"type-product","3":"status-publish","4":"has-post-thumbnail","6":"product_brand-samsung","7":"product_cat-high-tech","8":"product_cat-televiseurs","10":"first","11":"instock","12":"taxable","13":"shipping-taxable","14":"purchasable","15":"product-type-simple","16":"col-xs-6 col-sm-4","17":"col-md-3 col-lg-3","18":"un-4-cols"},"yoast_head":"<!-- This site is optimized with the Yoast SEO plugin v26.9 - https:\/\/yoast.com\/product\/yoast-seo-wordpress\/ -->\n<title>SAMSUNG 55&quot; AU7000 UHD 4K Smart TV - AU MARCHE BURKINA<\/title>\n<meta name=\"robots\" content=\"noindex, follow, max-snippet:-1, max-image-preview:large, max-video-preview:-1\" \/>\n<meta property=\"og:locale\" content=\"fr_FR\" \/>\n<meta property=\"og:type\" content=\"article\" \/>\n<meta property=\"og:title\" content=\"SAMSUNG 55&quot; AU7000 UHD 4K Smart TV - AU MARCHE BURKINA\" \/>\n<meta property=\"og:description\" content=\"La TV Samsung AU7000 de 55 pouces offre une r\u00e9solution UHD 4K (3840 x 2160p) avec des fonctionnalit\u00e9s \u00e9tendues. Elle est dot\u00e9e d&#039;une connectivit\u00e9 Wi-Fi et comprend 1 port USB, 3 ports HDMI, 1 port RJ45, ainsi que la technologie Bluetooth. \u00c9quip\u00e9e du puissant processeur Crystal 4K, elle int\u00e8gre des haut-parleurs 2CH pour une exp\u00e9rience audio immersive. Cette t\u00e9l\u00e9vision dispose de fonctionnalit\u00e9s avanc\u00e9es telles que la technologie Hyper Real, HDR 10+ pour une qualit\u00e9 d&#039;image exceptionnelle, le syst\u00e8me d&#039;exploitation Tizen\u2122, PurColor, UHD Dimming, et le partage d&#039;\u00e9cran mobile vers la TV. Elle prend en charge le son Dolby Digital Plus et est \u00e9quip\u00e9e d&#039;un tuner analogique ainsi que du DVB-T2CS2 pour une r\u00e9ception optimale des cha\u00eenes.\" \/>\n<meta property=\"og:url\" content=\"https:\/\/aumarche.biz\/bf\/index.php\/produit\/samsung-55-au7000-uhd-4k-smart-tv\/\" \/>\n<meta property=\"og:site_name\" content=\"AU MARCHE BURKINA\" \/>\n<meta property=\"article:publisher\" content=\"https:\/\/www.facebook.com\/aumarchebf\" \/>\n<meta property=\"og:image\" content=\"https:\/\/aumarche.biz\/bf\/wp-content\/uploads\/2023\/11\/ujkkk.png\" \/>\n\t<meta property=\"og:image:width\" content=\"767\" \/>\n\t<meta property=\"og:image:height\" content=\"661\" \/>\n\t<meta property=\"og:image:type\" content=\"image\/png\" \/>\n<meta name=\"twitter:card\" content=\"summary_large_image\" \/>\n<script type=\"application\/ld+json\" class=\"yoast-schema-graph\">{\"@context\":\"https:\/\/schema.org\",\"@graph\":[{\"@type\":\"WebPage\",\"@id\":\"https:\/\/aumarche.biz\/bf\/index.php\/produit\/samsung-55-au7000-uhd-4k-smart-tv\/\",\"url\":\"https:\/\/aumarche.biz\/bf\/index.php\/produit\/samsung-55-au7000-uhd-4k-smart-tv\/\",\"name\":\"SAMSUNG 55\\\" AU7000 UHD 4K Smart TV - AU MARCHE BURKINA\",\"isPartOf\":{\"@id\":\"https:\/\/aumarche.biz\/bf\/#website\"},\"primaryImageOfPage\":{\"@id\":\"https:\/\/aumarche.biz\/bf\/index.php\/produit\/samsung-55-au7000-uhd-4k-smart-tv\/#primaryimage\"},\"image\":{\"@id\":\"https:\/\/aumarche.biz\/bf\/index.php\/produit\/samsung-55-au7000-uhd-4k-smart-tv\/#primaryimage\"},\"thumbnailUrl\":\"https:\/\/aumarche.biz\/bf\/wp-content\/uploads\/2023\/11\/ujkkk.png\",\"datePublished\":\"2023-11-16T13:16:52+00:00\",\"breadcrumb\":{\"@id\":\"https:\/\/aumarche.biz\/bf\/index.php\/produit\/samsung-55-au7000-uhd-4k-smart-tv\/#breadcrumb\"},\"inLanguage\":\"fr-FR\",\"potentialAction\":[{\"@type\":\"ReadAction\",\"target\":[\"https:\/\/aumarche.biz\/bf\/index.php\/produit\/samsung-55-au7000-uhd-4k-smart-tv\/\"]}]},{\"@type\":\"ImageObject\",\"inLanguage\":\"fr-FR\",\"@id\":\"https:\/\/aumarche.biz\/bf\/index.php\/produit\/samsung-55-au7000-uhd-4k-smart-tv\/#primaryimage\",\"url\":\"https:\/\/aumarche.biz\/bf\/wp-content\/uploads\/2023\/11\/ujkkk.png\",\"contentUrl\":\"https:\/\/aumarche.biz\/bf\/wp-content\/uploads\/2023\/11\/ujkkk.png\",\"width\":767,\"height\":661},{\"@type\":\"BreadcrumbList\",\"@id\":\"https:\/\/aumarche.biz\/bf\/index.php\/produit\/samsung-55-au7000-uhd-4k-smart-tv\/#breadcrumb\",\"itemListElement\":[{\"@type\":\"ListItem\",\"position\":1,\"name\":\"Accueil\",\"item\":\"https:\/\/aumarche.biz\/bf\/\"},{\"@type\":\"ListItem\",\"position\":2,\"name\":\"Boutique\",\"item\":\"https:\/\/aumarche.biz\/bf\/index.php\/boutique\/\"},{\"@type\":\"ListItem\",\"position\":3,\"name\":\"SAMSUNG 55&Prime; AU7000 UHD 4K Smart TV\"}]},{\"@type\":\"WebSite\",\"@id\":\"https:\/\/aumarche.biz\/bf\/#website\",\"url\":\"https:\/\/aumarche.biz\/bf\/\",\"name\":\"aumarche.biz\",\"description\":\"Vendre et acheter autrement\",\"publisher\":{\"@id\":\"https:\/\/aumarche.biz\/bf\/#organization\"},\"potentialAction\":[{\"@type\":\"SearchAction\",\"target\":{\"@type\":\"EntryPoint\",\"urlTemplate\":\"https:\/\/aumarche.biz\/bf\/?s={search_term_string}\"},\"query-input\":{\"@type\":\"PropertyValueSpecification\",\"valueRequired\":true,\"valueName\":\"search_term_string\"}}],\"inLanguage\":\"fr-FR\"},{\"@type\":\"Organization\",\"@id\":\"https:\/\/aumarche.biz\/bf\/#organization\",\"name\":\"aumarche.biz\",\"url\":\"https:\/\/aumarche.biz\/bf\/\",\"logo\":{\"@type\":\"ImageObject\",\"inLanguage\":\"fr-FR\",\"@id\":\"https:\/\/aumarche.biz\/bf\/#\/schema\/logo\/image\/\",\"url\":\"https:\/\/aumarche.biz\/bf\/wp-content\/uploads\/2023\/09\/favicone.png\",\"contentUrl\":\"https:\/\/aumarche.biz\/bf\/wp-content\/uploads\/2023\/09\/favicone.png\",\"width\":64,\"height\":64,\"caption\":\"aumarche.biz\"},\"image\":{\"@id\":\"https:\/\/aumarche.biz\/bf\/#\/schema\/logo\/image\/\"},\"sameAs\":[\"https:\/\/www.facebook.com\/aumarchebf\"]}]}<\/script>\n<!-- \/ Yoast SEO plugin. -->","yoast_head_json":{"title":"SAMSUNG 55\" AU7000 UHD 4K Smart TV - AU MARCHE BURKINA","robots":{"index":"noindex","follow":"follow","max-snippet":"max-snippet:-1","max-image-preview":"max-image-preview:large","max-video-preview":"max-video-preview:-1"},"og_locale":"fr_FR","og_type":"article","og_title":"SAMSUNG 55\" AU7000 UHD 4K Smart TV - AU MARCHE BURKINA","og_description":"La TV Samsung AU7000 de 55 pouces offre une r\u00e9solution UHD 4K (3840 x 2160p) avec des fonctionnalit\u00e9s \u00e9tendues. Elle est dot\u00e9e d'une connectivit\u00e9 Wi-Fi et comprend 1 port USB, 3 ports HDMI, 1 port RJ45, ainsi que la technologie Bluetooth. \u00c9quip\u00e9e du puissant processeur Crystal 4K, elle int\u00e8gre des haut-parleurs 2CH pour une exp\u00e9rience audio immersive. Cette t\u00e9l\u00e9vision dispose de fonctionnalit\u00e9s avanc\u00e9es telles que la technologie Hyper Real, HDR 10+ pour une qualit\u00e9 d'image exceptionnelle, le syst\u00e8me d'exploitation Tizen\u2122, PurColor, UHD Dimming, et le partage d'\u00e9cran mobile vers la TV. Elle prend en charge le son Dolby Digital Plus et est \u00e9quip\u00e9e d'un tuner analogique ainsi que du DVB-T2CS2 pour une r\u00e9ception optimale des cha\u00eenes.","og_url":"https:\/\/aumarche.biz\/bf\/index.php\/produit\/samsung-55-au7000-uhd-4k-smart-tv\/","og_site_name":"AU MARCHE BURKINA","article_publisher":"https:\/\/www.facebook.com\/aumarchebf","og_image":[{"width":767,"height":661,"url":"https:\/\/aumarche.biz\/bf\/wp-content\/uploads\/2023\/11\/ujkkk.png","type":"image\/png"}],"twitter_card":"summary_large_image","schema":{"@context":"https:\/\/schema.org","@graph":[{"@type":"WebPage","@id":"https:\/\/aumarche.biz\/bf\/index.php\/produit\/samsung-55-au7000-uhd-4k-smart-tv\/","url":"https:\/\/aumarche.biz\/bf\/index.php\/produit\/samsung-55-au7000-uhd-4k-smart-tv\/","name":"SAMSUNG 55\" AU7000 UHD 4K Smart TV - AU MARCHE BURKINA","isPartOf":{"@id":"https:\/\/aumarche.biz\/bf\/#website"},"primaryImageOfPage":{"@id":"https:\/\/aumarche.biz\/bf\/index.php\/produit\/samsung-55-au7000-uhd-4k-smart-tv\/#primaryimage"},"image":{"@id":"https:\/\/aumarche.biz\/bf\/index.php\/produit\/samsung-55-au7000-uhd-4k-smart-tv\/#primaryimage"},"thumbnailUrl":"https:\/\/aumarche.biz\/bf\/wp-content\/uploads\/2023\/11\/ujkkk.png","datePublished":"2023-11-16T13:16:52+00:00","breadcrumb":{"@id":"https:\/\/aumarche.biz\/bf\/index.php\/produit\/samsung-55-au7000-uhd-4k-smart-tv\/#breadcrumb"},"inLanguage":"fr-FR","potentialAction":[{"@type":"ReadAction","target":["https:\/\/aumarche.biz\/bf\/index.php\/produit\/samsung-55-au7000-uhd-4k-smart-tv\/"]}]},{"@type":"ImageObject","inLanguage":"fr-FR","@id":"https:\/\/aumarche.biz\/bf\/index.php\/produit\/samsung-55-au7000-uhd-4k-smart-tv\/#primaryimage","url":"https:\/\/aumarche.biz\/bf\/wp-content\/uploads\/2023\/11\/ujkkk.png","contentUrl":"https:\/\/aumarche.biz\/bf\/wp-content\/uploads\/2023\/11\/ujkkk.png","width":767,"height":661},{"@type":"BreadcrumbList","@id":"https:\/\/aumarche.biz\/bf\/index.php\/produit\/samsung-55-au7000-uhd-4k-smart-tv\/#breadcrumb","itemListElement":[{"@type":"ListItem","position":1,"name":"Accueil","item":"https:\/\/aumarche.biz\/bf\/"},{"@type":"ListItem","position":2,"name":"Boutique","item":"https:\/\/aumarche.biz\/bf\/index.php\/boutique\/"},{"@type":"ListItem","position":3,"name":"SAMSUNG 55&Prime; AU7000 UHD 4K Smart TV"}]},{"@type":"WebSite","@id":"https:\/\/aumarche.biz\/bf\/#website","url":"https:\/\/aumarche.biz\/bf\/","name":"aumarche.biz","description":"Vendre et acheter autrement","publisher":{"@id":"https:\/\/aumarche.biz\/bf\/#organization"},"potentialAction":[{"@type":"SearchAction","target":{"@type":"EntryPoint","urlTemplate":"https:\/\/aumarche.biz\/bf\/?s={search_term_string}"},"query-input":{"@type":"PropertyValueSpecification","valueRequired":true,"valueName":"search_term_string"}}],"inLanguage":"fr-FR"},{"@type":"Organization","@id":"https:\/\/aumarche.biz\/bf\/#organization","name":"aumarche.biz","url":"https:\/\/aumarche.biz\/bf\/","logo":{"@type":"ImageObject","inLanguage":"fr-FR","@id":"https:\/\/aumarche.biz\/bf\/#\/schema\/logo\/image\/","url":"https:\/\/aumarche.biz\/bf\/wp-content\/uploads\/2023\/09\/favicone.png","contentUrl":"https:\/\/aumarche.biz\/bf\/wp-content\/uploads\/2023\/09\/favicone.png","width":64,"height":64,"caption":"aumarche.biz"},"image":{"@id":"https:\/\/aumarche.biz\/bf\/#\/schema\/logo\/image\/"},"sameAs":["https:\/\/www.facebook.com\/aumarchebf"]}]}},"_links":{"self":[{"href":"https:\/\/aumarche.biz\/bf\/index.php\/wp-json\/wp\/v2\/product\/5411","targetHints":{"allow":["GET"]}}],"collection":[{"href":"https:\/\/aumarche.biz\/bf\/index.php\/wp-json\/wp\/v2\/product"}],"about":[{"href":"https:\/\/aumarche.biz\/bf\/index.php\/wp-json\/wp\/v2\/types\/product"}],"wp:featuredmedia":[{"embeddable":true,"href":"https:\/\/aumarche.biz\/bf\/index.php\/wp-json\/wp\/v2\/media\/5408"}],"wp:attachment":[{"href":"https:\/\/aumarche.biz\/bf\/index.php\/wp-json\/wp\/v2\/media?parent=5411"}],"wp:term":[{"taxonomy":"product_cat","embeddable":true,"href":"https:\/\/aumarche.biz\/bf\/index.php\/wp-json\/wp\/v2\/product_cat?post=5411"},{"taxonomy":"product_tag","embeddable":true,"href":"https:\/\/aumarche.biz\/bf\/index.php\/wp-json\/wp\/v2\/product_tag?post=5411"}],"curies":[{"name":"wp","href":"https:\/\/api.w.org\/{rel}","templated":true}]}}