{"id":5444,"date":"2023-11-16T17:07:53","date_gmt":"2023-11-16T17:07:53","guid":{"rendered":"https:\/\/aumarche.biz\/bf\/index.php\/produit\/samsung-galaxy-a54-8gb-128gb\/"},"modified":"2024-03-05T17:27:13","modified_gmt":"2024-03-05T17:27:13","slug":"samsung-galaxy-a54-8gb-128gb","status":"publish","type":"product","link":"https:\/\/aumarche.biz\/bf\/index.php\/produit\/samsung-galaxy-a54-8gb-128gb\/","title":{"rendered":"SAMSUNG GALAXY A54 8GB 128GB"},"content":{"rendered":"<div class=\"attribute-table_attribute-table__gKnn6\" style=\"width: 584px;font-family: __Plus_Jakarta_Sans_d21556, __Plus_Jakarta_Sans_Fallback_d21556;font-size: 14px\" data-mce-style=\"width: 584px; font-family: __Plus_Jakarta_Sans_d21556, __Plus_Jakarta_Sans_Fallback_d21556; font-size: 14px;\">\n<div class=\"attribute-table_attribute__UcO3z attribute-table_is-even__VBSS4\" style=\"grid-template-columns: 5fr 7fr;padding: 8px;color: var(--kemik-grey-600);font-size: 12px;border-radius: var(--kemik-border-radius);background-color: var(--kemik-gray-50)\" data-mce-style=\"grid-template-columns: 5fr 7fr; padding: 8px; color: var(--kemik-grey-600); font-size: 12px; border-radius: var(--kemik-border-radius); background-color: var(--kemik-gray-50);\">\n<div><\/div>\n<\/div>\n<div class=\"attribute-table_attribute__UcO3z attribute-table_is-even__VBSS4\" style=\"grid-template-columns: 5fr 7fr;padding: 8px;color: var(--kemik-grey-600);font-size: 12px;border-radius: var(--kemik-border-radius);background-color: var(--kemik-gray-50)\" data-mce-style=\"grid-template-columns: 5fr 7fr; padding: 8px; color: var(--kemik-grey-600); font-size: 12px; border-radius: var(--kemik-border-radius); background-color: var(--kemik-gray-50);\">\n<div>Syst\u00e8me d\u2019exploitation<\/div>\n<div>Andro\u00efde<\/div>\n<\/div>\n<div class=\"attribute-table_attribute__UcO3z\" style=\"grid-template-columns: 5fr 7fr;padding: 8px;color: var(--kemik-grey-600);font-size: 12px;border-radius: var(--kemik-border-radius)\" data-mce-style=\"grid-template-columns: 5fr 7fr; padding: 8px; color: var(--kemik-grey-600); font-size: 12px; border-radius: var(--kemik-border-radius);\">\n<div>Stockage<\/div>\n<div>128 Go<\/div>\n<\/div>\n<\/div>\n<div class=\"attribute-table_attribute-table__gKnn6\" style=\"width: 584px;font-family: __Plus_Jakarta_Sans_d21556, __Plus_Jakarta_Sans_Fallback_d21556;font-size: 14px\" data-mce-style=\"width: 584px; font-family: __Plus_Jakarta_Sans_d21556, __Plus_Jakarta_Sans_Fallback_d21556; font-size: 14px;\">\n<div class=\"attribute-table_attribute__UcO3z attribute-table_is-even__VBSS4\" style=\"grid-template-columns: 5fr 7fr;padding: 8px;color: var(--kemik-grey-600);font-size: 12px;border-radius: var(--kemik-border-radius);background-color: var(--kemik-gray-50)\" data-mce-style=\"grid-template-columns: 5fr 7fr; padding: 8px; color: var(--kemik-grey-600); font-size: 12px; border-radius: var(--kemik-border-radius); background-color: var(--kemik-gray-50);\">\n<div>Couleur<\/div>\n<div>Noir<\/div>\n<\/div>\n<div class=\"attribute-table_attribute__UcO3z\" style=\"grid-template-columns: 5fr 7fr;padding: 8px;color: var(--kemik-grey-600);font-size: 12px;border-radius: var(--kemik-border-radius)\" data-mce-style=\"grid-template-columns: 5fr 7fr; padding: 8px; color: var(--kemik-grey-600); font-size: 12px; border-radius: var(--kemik-border-radius);\">\n<div>Marque du processeur (t\u00e9l\u00e9phones portables)<\/div>\n<div>Samsung\u00a0<\/div>\n<\/div>\n<div class=\"attribute-table_attribute__UcO3z attribute-table_is-even__VBSS4\" style=\"grid-template-columns: 5fr 7fr;padding: 8px;color: var(--kemik-grey-600);font-size: 12px;border-radius: var(--kemik-border-radius);background-color: var(--kemik-gray-50)\" data-mce-style=\"grid-template-columns: 5fr 7fr; padding: 8px; color: var(--kemik-grey-600); font-size: 12px; border-radius: var(--kemik-border-radius); background-color: var(--kemik-gray-50);\">\n<div>B\u00c9LIER<\/div>\n<div>8 Go<\/div>\n<\/div>\n<div class=\"attribute-table_attribute__UcO3z\" style=\"grid-template-columns: 5fr 7fr;padding: 8px;color: var(--kemik-grey-600);font-size: 12px;border-radius: var(--kemik-border-radius)\" data-mce-style=\"grid-template-columns: 5fr 7fr; padding: 8px; color: var(--kemik-grey-600); font-size: 12px; border-radius: var(--kemik-border-radius);\">\n<div>Batterie (cellulaire)<\/div>\n<div>5000 mAh<\/div>\n<\/div>\n<\/div>\n","protected":false},"excerpt":{"rendered":"<p class=\"MsoNormal\"><span style=\"font-size: 12.0pt;line-height: 107%\" data-mce-style=\"font-size: 12.0pt; line-height: 107%;\">Le Samsung<br \/>Galaxy A54, un smartphone de milieu de gamme sorti en 2021, offre des<br \/>performances solides. Dot\u00e9 de 8 Go de RAM et d&rsquo;une capacit\u00e9 de stockage interne<br \/>de 128 Go, il est propuls\u00e9 par un processeur Qualcomm Snapdragon 720G. Son<br \/>\u00e9cran de 6,5 pouces pr\u00e9sente une r\u00e9solution de 1080 x 2400 pixels. \u00c0 l&rsquo;arri\u00e8re,<br \/>le t\u00e9l\u00e9phone est \u00e9quip\u00e9 d&rsquo;une configuration \u00e0 quatre cam\u00e9ras comprenant un<br \/>capteur principal de 48 m\u00e9gapixels, un objectif ultra grand angle de 5<br \/>m\u00e9gapixels, un objectif macro de 2 m\u00e9gapixels et un capteur de profondeur de 5<br \/>m\u00e9gapixels. Pour les selfies, il dispose d&rsquo;un capteur frontal de 13 m\u00e9gapixels.<\/span><\/p>\n","protected":false},"featured_media":5441,"template":"","meta":[],"product_cat":[264,267],"product_tag":[],"class_list":{"0":"post-5444","1":"product","2":"type-product","3":"status-publish","4":"has-post-thumbnail","6":"product_brand-samsung","7":"product_cat-high-tech","8":"product_cat-telephonie","10":"first","11":"instock","12":"taxable","13":"shipping-taxable","14":"purchasable","15":"product-type-simple","16":"col-xs-6 col-sm-4","17":"col-md-3 col-lg-3","18":"un-4-cols"},"yoast_head":"<!-- This site is optimized with the Yoast SEO plugin v26.9 - https:\/\/yoast.com\/product\/yoast-seo-wordpress\/ -->\n<title>SAMSUNG GALAXY A54 8GB 128GB - AU MARCHE BURKINA<\/title>\n<meta name=\"robots\" content=\"noindex, follow, max-snippet:-1, max-image-preview:large, max-video-preview:-1\" \/>\n<meta property=\"og:locale\" content=\"fr_FR\" \/>\n<meta property=\"og:type\" content=\"article\" \/>\n<meta property=\"og:title\" content=\"SAMSUNG GALAXY A54 8GB 128GB - AU MARCHE BURKINA\" \/>\n<meta property=\"og:description\" content=\"Le SamsungGalaxy A54, un smartphone de milieu de gamme sorti en 2021, offre desperformances solides. Dot\u00e9 de 8 Go de RAM et d&#039;une capacit\u00e9 de stockage internede 128 Go, il est propuls\u00e9 par un processeur Qualcomm Snapdragon 720G. Son\u00e9cran de 6,5 pouces pr\u00e9sente une r\u00e9solution de 1080 x 2400 pixels. \u00c0 l&#039;arri\u00e8re,le t\u00e9l\u00e9phone est \u00e9quip\u00e9 d&#039;une configuration \u00e0 quatre cam\u00e9ras comprenant uncapteur principal de 48 m\u00e9gapixels, un objectif ultra grand angle de 5m\u00e9gapixels, un objectif macro de 2 m\u00e9gapixels et un capteur de profondeur de 5m\u00e9gapixels. Pour les selfies, il dispose d&#039;un capteur frontal de 13 m\u00e9gapixels.\" \/>\n<meta property=\"og:url\" content=\"https:\/\/aumarche.biz\/bf\/index.php\/produit\/samsung-galaxy-a54-8gb-128gb\/\" \/>\n<meta property=\"og:site_name\" content=\"AU MARCHE BURKINA\" \/>\n<meta property=\"article:publisher\" content=\"https:\/\/www.facebook.com\/aumarchebf\" \/>\n<meta property=\"article:modified_time\" content=\"2024-03-05T17:27:13+00:00\" \/>\n<meta property=\"og:image\" content=\"https:\/\/aumarche.biz\/bf\/wp-content\/uploads\/2023\/11\/Capture.png\" \/>\n\t<meta property=\"og:image:width\" content=\"493\" \/>\n\t<meta property=\"og:image:height\" content=\"508\" \/>\n\t<meta property=\"og:image:type\" content=\"image\/png\" \/>\n<meta name=\"twitter:card\" content=\"summary_large_image\" \/>\n<script type=\"application\/ld+json\" class=\"yoast-schema-graph\">{\"@context\":\"https:\/\/schema.org\",\"@graph\":[{\"@type\":\"WebPage\",\"@id\":\"https:\/\/aumarche.biz\/bf\/index.php\/produit\/samsung-galaxy-a54-8gb-128gb\/\",\"url\":\"https:\/\/aumarche.biz\/bf\/index.php\/produit\/samsung-galaxy-a54-8gb-128gb\/\",\"name\":\"SAMSUNG GALAXY A54 8GB 128GB - AU MARCHE BURKINA\",\"isPartOf\":{\"@id\":\"https:\/\/aumarche.biz\/bf\/#website\"},\"primaryImageOfPage\":{\"@id\":\"https:\/\/aumarche.biz\/bf\/index.php\/produit\/samsung-galaxy-a54-8gb-128gb\/#primaryimage\"},\"image\":{\"@id\":\"https:\/\/aumarche.biz\/bf\/index.php\/produit\/samsung-galaxy-a54-8gb-128gb\/#primaryimage\"},\"thumbnailUrl\":\"https:\/\/aumarche.biz\/bf\/wp-content\/uploads\/2023\/11\/Capture.png\",\"datePublished\":\"2023-11-16T17:07:53+00:00\",\"dateModified\":\"2024-03-05T17:27:13+00:00\",\"breadcrumb\":{\"@id\":\"https:\/\/aumarche.biz\/bf\/index.php\/produit\/samsung-galaxy-a54-8gb-128gb\/#breadcrumb\"},\"inLanguage\":\"fr-FR\",\"potentialAction\":[{\"@type\":\"ReadAction\",\"target\":[\"https:\/\/aumarche.biz\/bf\/index.php\/produit\/samsung-galaxy-a54-8gb-128gb\/\"]}]},{\"@type\":\"ImageObject\",\"inLanguage\":\"fr-FR\",\"@id\":\"https:\/\/aumarche.biz\/bf\/index.php\/produit\/samsung-galaxy-a54-8gb-128gb\/#primaryimage\",\"url\":\"https:\/\/aumarche.biz\/bf\/wp-content\/uploads\/2023\/11\/Capture.png\",\"contentUrl\":\"https:\/\/aumarche.biz\/bf\/wp-content\/uploads\/2023\/11\/Capture.png\",\"width\":493,\"height\":508},{\"@type\":\"BreadcrumbList\",\"@id\":\"https:\/\/aumarche.biz\/bf\/index.php\/produit\/samsung-galaxy-a54-8gb-128gb\/#breadcrumb\",\"itemListElement\":[{\"@type\":\"ListItem\",\"position\":1,\"name\":\"Accueil\",\"item\":\"https:\/\/aumarche.biz\/bf\/\"},{\"@type\":\"ListItem\",\"position\":2,\"name\":\"Boutique\",\"item\":\"https:\/\/aumarche.biz\/bf\/index.php\/boutique\/\"},{\"@type\":\"ListItem\",\"position\":3,\"name\":\"SAMSUNG GALAXY A54 8GB 128GB\"}]},{\"@type\":\"WebSite\",\"@id\":\"https:\/\/aumarche.biz\/bf\/#website\",\"url\":\"https:\/\/aumarche.biz\/bf\/\",\"name\":\"aumarche.biz\",\"description\":\"Vendre et acheter autrement\",\"publisher\":{\"@id\":\"https:\/\/aumarche.biz\/bf\/#organization\"},\"potentialAction\":[{\"@type\":\"SearchAction\",\"target\":{\"@type\":\"EntryPoint\",\"urlTemplate\":\"https:\/\/aumarche.biz\/bf\/?s={search_term_string}\"},\"query-input\":{\"@type\":\"PropertyValueSpecification\",\"valueRequired\":true,\"valueName\":\"search_term_string\"}}],\"inLanguage\":\"fr-FR\"},{\"@type\":\"Organization\",\"@id\":\"https:\/\/aumarche.biz\/bf\/#organization\",\"name\":\"aumarche.biz\",\"url\":\"https:\/\/aumarche.biz\/bf\/\",\"logo\":{\"@type\":\"ImageObject\",\"inLanguage\":\"fr-FR\",\"@id\":\"https:\/\/aumarche.biz\/bf\/#\/schema\/logo\/image\/\",\"url\":\"https:\/\/aumarche.biz\/bf\/wp-content\/uploads\/2023\/09\/favicone.png\",\"contentUrl\":\"https:\/\/aumarche.biz\/bf\/wp-content\/uploads\/2023\/09\/favicone.png\",\"width\":64,\"height\":64,\"caption\":\"aumarche.biz\"},\"image\":{\"@id\":\"https:\/\/aumarche.biz\/bf\/#\/schema\/logo\/image\/\"},\"sameAs\":[\"https:\/\/www.facebook.com\/aumarchebf\"]}]}<\/script>\n<!-- \/ Yoast SEO plugin. -->","yoast_head_json":{"title":"SAMSUNG GALAXY A54 8GB 128GB - AU MARCHE BURKINA","robots":{"index":"noindex","follow":"follow","max-snippet":"max-snippet:-1","max-image-preview":"max-image-preview:large","max-video-preview":"max-video-preview:-1"},"og_locale":"fr_FR","og_type":"article","og_title":"SAMSUNG GALAXY A54 8GB 128GB - AU MARCHE BURKINA","og_description":"Le SamsungGalaxy A54, un smartphone de milieu de gamme sorti en 2021, offre desperformances solides. Dot\u00e9 de 8 Go de RAM et d'une capacit\u00e9 de stockage internede 128 Go, il est propuls\u00e9 par un processeur Qualcomm Snapdragon 720G. Son\u00e9cran de 6,5 pouces pr\u00e9sente une r\u00e9solution de 1080 x 2400 pixels. \u00c0 l'arri\u00e8re,le t\u00e9l\u00e9phone est \u00e9quip\u00e9 d'une configuration \u00e0 quatre cam\u00e9ras comprenant uncapteur principal de 48 m\u00e9gapixels, un objectif ultra grand angle de 5m\u00e9gapixels, un objectif macro de 2 m\u00e9gapixels et un capteur de profondeur de 5m\u00e9gapixels. Pour les selfies, il dispose d'un capteur frontal de 13 m\u00e9gapixels.","og_url":"https:\/\/aumarche.biz\/bf\/index.php\/produit\/samsung-galaxy-a54-8gb-128gb\/","og_site_name":"AU MARCHE BURKINA","article_publisher":"https:\/\/www.facebook.com\/aumarchebf","article_modified_time":"2024-03-05T17:27:13+00:00","og_image":[{"width":493,"height":508,"url":"https:\/\/aumarche.biz\/bf\/wp-content\/uploads\/2023\/11\/Capture.png","type":"image\/png"}],"twitter_card":"summary_large_image","schema":{"@context":"https:\/\/schema.org","@graph":[{"@type":"WebPage","@id":"https:\/\/aumarche.biz\/bf\/index.php\/produit\/samsung-galaxy-a54-8gb-128gb\/","url":"https:\/\/aumarche.biz\/bf\/index.php\/produit\/samsung-galaxy-a54-8gb-128gb\/","name":"SAMSUNG GALAXY A54 8GB 128GB - AU MARCHE BURKINA","isPartOf":{"@id":"https:\/\/aumarche.biz\/bf\/#website"},"primaryImageOfPage":{"@id":"https:\/\/aumarche.biz\/bf\/index.php\/produit\/samsung-galaxy-a54-8gb-128gb\/#primaryimage"},"image":{"@id":"https:\/\/aumarche.biz\/bf\/index.php\/produit\/samsung-galaxy-a54-8gb-128gb\/#primaryimage"},"thumbnailUrl":"https:\/\/aumarche.biz\/bf\/wp-content\/uploads\/2023\/11\/Capture.png","datePublished":"2023-11-16T17:07:53+00:00","dateModified":"2024-03-05T17:27:13+00:00","breadcrumb":{"@id":"https:\/\/aumarche.biz\/bf\/index.php\/produit\/samsung-galaxy-a54-8gb-128gb\/#breadcrumb"},"inLanguage":"fr-FR","potentialAction":[{"@type":"ReadAction","target":["https:\/\/aumarche.biz\/bf\/index.php\/produit\/samsung-galaxy-a54-8gb-128gb\/"]}]},{"@type":"ImageObject","inLanguage":"fr-FR","@id":"https:\/\/aumarche.biz\/bf\/index.php\/produit\/samsung-galaxy-a54-8gb-128gb\/#primaryimage","url":"https:\/\/aumarche.biz\/bf\/wp-content\/uploads\/2023\/11\/Capture.png","contentUrl":"https:\/\/aumarche.biz\/bf\/wp-content\/uploads\/2023\/11\/Capture.png","width":493,"height":508},{"@type":"BreadcrumbList","@id":"https:\/\/aumarche.biz\/bf\/index.php\/produit\/samsung-galaxy-a54-8gb-128gb\/#breadcrumb","itemListElement":[{"@type":"ListItem","position":1,"name":"Accueil","item":"https:\/\/aumarche.biz\/bf\/"},{"@type":"ListItem","position":2,"name":"Boutique","item":"https:\/\/aumarche.biz\/bf\/index.php\/boutique\/"},{"@type":"ListItem","position":3,"name":"SAMSUNG GALAXY A54 8GB 128GB"}]},{"@type":"WebSite","@id":"https:\/\/aumarche.biz\/bf\/#website","url":"https:\/\/aumarche.biz\/bf\/","name":"aumarche.biz","description":"Vendre et acheter autrement","publisher":{"@id":"https:\/\/aumarche.biz\/bf\/#organization"},"potentialAction":[{"@type":"SearchAction","target":{"@type":"EntryPoint","urlTemplate":"https:\/\/aumarche.biz\/bf\/?s={search_term_string}"},"query-input":{"@type":"PropertyValueSpecification","valueRequired":true,"valueName":"search_term_string"}}],"inLanguage":"fr-FR"},{"@type":"Organization","@id":"https:\/\/aumarche.biz\/bf\/#organization","name":"aumarche.biz","url":"https:\/\/aumarche.biz\/bf\/","logo":{"@type":"ImageObject","inLanguage":"fr-FR","@id":"https:\/\/aumarche.biz\/bf\/#\/schema\/logo\/image\/","url":"https:\/\/aumarche.biz\/bf\/wp-content\/uploads\/2023\/09\/favicone.png","contentUrl":"https:\/\/aumarche.biz\/bf\/wp-content\/uploads\/2023\/09\/favicone.png","width":64,"height":64,"caption":"aumarche.biz"},"image":{"@id":"https:\/\/aumarche.biz\/bf\/#\/schema\/logo\/image\/"},"sameAs":["https:\/\/www.facebook.com\/aumarchebf"]}]}},"_links":{"self":[{"href":"https:\/\/aumarche.biz\/bf\/index.php\/wp-json\/wp\/v2\/product\/5444","targetHints":{"allow":["GET"]}}],"collection":[{"href":"https:\/\/aumarche.biz\/bf\/index.php\/wp-json\/wp\/v2\/product"}],"about":[{"href":"https:\/\/aumarche.biz\/bf\/index.php\/wp-json\/wp\/v2\/types\/product"}],"wp:featuredmedia":[{"embeddable":true,"href":"https:\/\/aumarche.biz\/bf\/index.php\/wp-json\/wp\/v2\/media\/5441"}],"wp:attachment":[{"href":"https:\/\/aumarche.biz\/bf\/index.php\/wp-json\/wp\/v2\/media?parent=5444"}],"wp:term":[{"taxonomy":"product_cat","embeddable":true,"href":"https:\/\/aumarche.biz\/bf\/index.php\/wp-json\/wp\/v2\/product_cat?post=5444"},{"taxonomy":"product_tag","embeddable":true,"href":"https:\/\/aumarche.biz\/bf\/index.php\/wp-json\/wp\/v2\/product_tag?post=5444"}],"curies":[{"name":"wp","href":"https:\/\/api.w.org\/{rel}","templated":true}]}}