{"id":5474,"date":"2025-03-21T16:25:54","date_gmt":"2025-03-21T16:25:54","guid":{"rendered":"https:\/\/aumarche.biz\/bf\/index.php\/produit\/haut-parleur-professionnel-impact-x15\/"},"modified":"2025-03-21T16:25:54","modified_gmt":"2025-03-21T16:25:54","slug":"haut-parleur-professionnel-impact-x15","status":"publish","type":"product","link":"https:\/\/aumarche.biz\/bf\/index.php\/produit\/haut-parleur-professionnel-impact-x15\/","title":{"rendered":"HAUT PARLEUR PROFESSIONNEL IMPACT- X15"},"content":{"rendered":"<p><span>Haut-parleur passif de 38,1 cm.<\/span><br \/><span>Puissance maximale : 1400 W.<\/span><br \/><span>130 dB maximum SPL @ 1 m\u00e8tre.<\/span><br \/><span>Driver de compression HF IRIS-X 1,7&Prime;<\/span><br \/><span>Bobine acoustique LF de 6,3 cm.<\/span><br \/><span>dispersion 90\u00b0 x 60\u00b0<\/span><br \/><span>Construction en MDF.<\/span><br \/><span>Entr\u00e9es connect\u00e9es combi.<\/span><br \/><span>350 W RMS.<\/span><br \/><span>Programme 700 W.<\/span><br \/><span>R\u00e9ponse en fr\u00e9quence (+\/-3 dB) 50 Hz &#8211; 18 kHz.<\/span><br \/><span>Gamme de fr\u00e9quences (-10 dB) : 45 Hz-20 kHz.<\/span><br \/><span>Sensibilit\u00e9 (2,83 V\/1 m) : 98 dB.<\/span><br \/><span>SPL maximum calcul\u00e9 \u00e0 1 m 130 dB.<\/span><br \/><span>Imp\u00e9dance nominale du syst\u00e8me : 8 \u03a9.<\/span><br \/><span>Prise \u00e0 double angle (0\u00b0 ou 10\u00b0) de 35 mm.<\/span><br \/><span>2 poign\u00e9es de transport.<\/span><br \/><span>Dimensions : hauteur 680 mm, largeur avant 443,5 mm, largeur arri\u00e8re 243,5 mm, profondeur 429 mm.<\/span><br \/><span>Poids net : 22 kg<\/span><\/p>\n","protected":false},"excerpt":{"rendered":"<p><span>Haut-parleur passif de 38,1 cm.<\/span><br \/><span>Puissance maximale : 1400 W.<\/span><br \/><span>130 dB maximum SPL @ 1 m\u00e8tre.<\/span><br \/><span>Driver de compression HF IRIS-X 1,7&Prime;<\/span><br \/><span>Bobine acoustique LF de 6,3 cm.<\/span><br \/><span>dispersion 90\u00b0 x 60\u00b0<\/span><br \/><span>Construction en MDF.<\/span><br \/><span>Entr\u00e9es connect\u00e9es combi.<\/span><br \/><span>350 W RMS.<\/span><br \/><span>Programme 700 W.<\/span><br \/><span>R\u00e9ponse en fr\u00e9quence (+\/-3 dB) 50 Hz &#8211; 18 kHz.<\/span><br \/><span>Gamme de fr\u00e9quences (-10 dB) : 45 Hz-20 kHz.<\/span><br \/><span>Sensibilit\u00e9 (2,83 V\/1 m) : 98 dB.<\/span><br \/><span>SPL maximum calcul\u00e9 \u00e0 1 m 130 dB.<\/span><br \/><span>Imp\u00e9dance nominale du syst\u00e8me : 8 \u03a9.<\/span><br \/><span>Prise \u00e0 double angle (0\u00b0 ou 10\u00b0) de 35 mm.<\/span><br \/><span>2 poign\u00e9es de transport.<\/span><br \/><span>Dimensions : hauteur 680 mm, largeur avant 443,5 mm, largeur arri\u00e8re 243,5 mm, profondeur 429 mm.<\/span><br \/><span>Poids net : 22 kg<\/span><\/p>\n","protected":false},"featured_media":5473,"template":"","meta":[],"product_cat":[265],"product_tag":[],"class_list":{"0":"post-5474","1":"product","2":"type-product","3":"status-publish","4":"has-post-thumbnail","6":"product_cat-electronique","8":"first","9":"instock","10":"sale","11":"sold-individually","12":"taxable","13":"shipping-taxable","14":"purchasable","15":"product-type-simple","16":"col-xs-6 col-sm-4","17":"col-md-3 col-lg-3","18":"un-4-cols"},"yoast_head":"<!-- This site is optimized with the Yoast SEO plugin v26.9 - https:\/\/yoast.com\/product\/yoast-seo-wordpress\/ -->\n<title>HAUT PARLEUR PROFESSIONNEL IMPACT- X15 - AU MARCHE BURKINA<\/title>\n<meta name=\"robots\" content=\"noindex, follow, max-snippet:-1, max-image-preview:large, max-video-preview:-1\" \/>\n<meta property=\"og:locale\" content=\"fr_FR\" \/>\n<meta property=\"og:type\" content=\"article\" \/>\n<meta property=\"og:title\" content=\"HAUT PARLEUR PROFESSIONNEL IMPACT- X15 - AU MARCHE BURKINA\" \/>\n<meta property=\"og:description\" content=\"Haut-parleur passif de 38,1 cm.Puissance maximale : 1400 W.130 dB maximum SPL @ 1 m\u00e8tre.Driver de compression HF IRIS-X 1,7&quot;Bobine acoustique LF de 6,3 cm.dispersion 90\u00b0 x 60\u00b0Construction en MDF.Entr\u00e9es connect\u00e9es combi.350 W RMS.Programme 700 W.R\u00e9ponse en fr\u00e9quence (+\/-3 dB) 50 Hz - 18 kHz.Gamme de fr\u00e9quences (-10 dB) : 45 Hz-20 kHz.Sensibilit\u00e9 (2,83 V\/1 m) : 98 dB.SPL maximum calcul\u00e9 \u00e0 1 m 130 dB.Imp\u00e9dance nominale du syst\u00e8me : 8 \u03a9.Prise \u00e0 double angle (0\u00b0 ou 10\u00b0) de 35 mm.2 poign\u00e9es de transport.Dimensions : hauteur 680 mm, largeur avant 443,5 mm, largeur arri\u00e8re 243,5 mm, profondeur 429 mm.Poids net : 22 kg\" \/>\n<meta property=\"og:url\" content=\"https:\/\/aumarche.biz\/bf\/index.php\/produit\/haut-parleur-professionnel-impact-x15\/\" \/>\n<meta property=\"og:site_name\" content=\"AU MARCHE BURKINA\" \/>\n<meta property=\"article:publisher\" content=\"https:\/\/www.facebook.com\/aumarchebf\" \/>\n<meta property=\"og:image\" content=\"https:\/\/aumarche.biz\/bf\/wp-content\/uploads\/2025\/03\/Wharfedale-Impact-15-Passive-Speaker-500x500-1.jpg\" \/>\n\t<meta property=\"og:image:width\" content=\"500\" \/>\n\t<meta property=\"og:image:height\" content=\"500\" \/>\n\t<meta property=\"og:image:type\" content=\"image\/jpeg\" \/>\n<meta name=\"twitter:card\" content=\"summary_large_image\" \/>\n<script type=\"application\/ld+json\" class=\"yoast-schema-graph\">{\"@context\":\"https:\/\/schema.org\",\"@graph\":[{\"@type\":\"WebPage\",\"@id\":\"https:\/\/aumarche.biz\/bf\/index.php\/produit\/haut-parleur-professionnel-impact-x15\/\",\"url\":\"https:\/\/aumarche.biz\/bf\/index.php\/produit\/haut-parleur-professionnel-impact-x15\/\",\"name\":\"HAUT PARLEUR PROFESSIONNEL IMPACT- X15 - AU MARCHE BURKINA\",\"isPartOf\":{\"@id\":\"https:\/\/aumarche.biz\/bf\/#website\"},\"primaryImageOfPage\":{\"@id\":\"https:\/\/aumarche.biz\/bf\/index.php\/produit\/haut-parleur-professionnel-impact-x15\/#primaryimage\"},\"image\":{\"@id\":\"https:\/\/aumarche.biz\/bf\/index.php\/produit\/haut-parleur-professionnel-impact-x15\/#primaryimage\"},\"thumbnailUrl\":\"https:\/\/aumarche.biz\/bf\/wp-content\/uploads\/2025\/03\/Wharfedale-Impact-15-Passive-Speaker-500x500-1.jpg\",\"datePublished\":\"2025-03-21T16:25:54+00:00\",\"breadcrumb\":{\"@id\":\"https:\/\/aumarche.biz\/bf\/index.php\/produit\/haut-parleur-professionnel-impact-x15\/#breadcrumb\"},\"inLanguage\":\"fr-FR\",\"potentialAction\":[{\"@type\":\"ReadAction\",\"target\":[\"https:\/\/aumarche.biz\/bf\/index.php\/produit\/haut-parleur-professionnel-impact-x15\/\"]}]},{\"@type\":\"ImageObject\",\"inLanguage\":\"fr-FR\",\"@id\":\"https:\/\/aumarche.biz\/bf\/index.php\/produit\/haut-parleur-professionnel-impact-x15\/#primaryimage\",\"url\":\"https:\/\/aumarche.biz\/bf\/wp-content\/uploads\/2025\/03\/Wharfedale-Impact-15-Passive-Speaker-500x500-1.jpg\",\"contentUrl\":\"https:\/\/aumarche.biz\/bf\/wp-content\/uploads\/2025\/03\/Wharfedale-Impact-15-Passive-Speaker-500x500-1.jpg\",\"width\":500,\"height\":500},{\"@type\":\"BreadcrumbList\",\"@id\":\"https:\/\/aumarche.biz\/bf\/index.php\/produit\/haut-parleur-professionnel-impact-x15\/#breadcrumb\",\"itemListElement\":[{\"@type\":\"ListItem\",\"position\":1,\"name\":\"Accueil\",\"item\":\"https:\/\/aumarche.biz\/bf\/\"},{\"@type\":\"ListItem\",\"position\":2,\"name\":\"Boutique\",\"item\":\"https:\/\/aumarche.biz\/bf\/index.php\/boutique\/\"},{\"@type\":\"ListItem\",\"position\":3,\"name\":\"HAUT PARLEUR PROFESSIONNEL IMPACT- X15\"}]},{\"@type\":\"WebSite\",\"@id\":\"https:\/\/aumarche.biz\/bf\/#website\",\"url\":\"https:\/\/aumarche.biz\/bf\/\",\"name\":\"aumarche.biz\",\"description\":\"Vendre et acheter autrement\",\"publisher\":{\"@id\":\"https:\/\/aumarche.biz\/bf\/#organization\"},\"potentialAction\":[{\"@type\":\"SearchAction\",\"target\":{\"@type\":\"EntryPoint\",\"urlTemplate\":\"https:\/\/aumarche.biz\/bf\/?s={search_term_string}\"},\"query-input\":{\"@type\":\"PropertyValueSpecification\",\"valueRequired\":true,\"valueName\":\"search_term_string\"}}],\"inLanguage\":\"fr-FR\"},{\"@type\":\"Organization\",\"@id\":\"https:\/\/aumarche.biz\/bf\/#organization\",\"name\":\"aumarche.biz\",\"url\":\"https:\/\/aumarche.biz\/bf\/\",\"logo\":{\"@type\":\"ImageObject\",\"inLanguage\":\"fr-FR\",\"@id\":\"https:\/\/aumarche.biz\/bf\/#\/schema\/logo\/image\/\",\"url\":\"https:\/\/aumarche.biz\/bf\/wp-content\/uploads\/2023\/09\/favicone.png\",\"contentUrl\":\"https:\/\/aumarche.biz\/bf\/wp-content\/uploads\/2023\/09\/favicone.png\",\"width\":64,\"height\":64,\"caption\":\"aumarche.biz\"},\"image\":{\"@id\":\"https:\/\/aumarche.biz\/bf\/#\/schema\/logo\/image\/\"},\"sameAs\":[\"https:\/\/www.facebook.com\/aumarchebf\"]}]}<\/script>\n<!-- \/ Yoast SEO plugin. -->","yoast_head_json":{"title":"HAUT PARLEUR PROFESSIONNEL IMPACT- X15 - AU MARCHE BURKINA","robots":{"index":"noindex","follow":"follow","max-snippet":"max-snippet:-1","max-image-preview":"max-image-preview:large","max-video-preview":"max-video-preview:-1"},"og_locale":"fr_FR","og_type":"article","og_title":"HAUT PARLEUR PROFESSIONNEL IMPACT- X15 - AU MARCHE BURKINA","og_description":"Haut-parleur passif de 38,1 cm.Puissance maximale : 1400 W.130 dB maximum SPL @ 1 m\u00e8tre.Driver de compression HF IRIS-X 1,7\"Bobine acoustique LF de 6,3 cm.dispersion 90\u00b0 x 60\u00b0Construction en MDF.Entr\u00e9es connect\u00e9es combi.350 W RMS.Programme 700 W.R\u00e9ponse en fr\u00e9quence (+\/-3 dB) 50 Hz - 18 kHz.Gamme de fr\u00e9quences (-10 dB) : 45 Hz-20 kHz.Sensibilit\u00e9 (2,83 V\/1 m) : 98 dB.SPL maximum calcul\u00e9 \u00e0 1 m 130 dB.Imp\u00e9dance nominale du syst\u00e8me : 8 \u03a9.Prise \u00e0 double angle (0\u00b0 ou 10\u00b0) de 35 mm.2 poign\u00e9es de transport.Dimensions : hauteur 680 mm, largeur avant 443,5 mm, largeur arri\u00e8re 243,5 mm, profondeur 429 mm.Poids net : 22 kg","og_url":"https:\/\/aumarche.biz\/bf\/index.php\/produit\/haut-parleur-professionnel-impact-x15\/","og_site_name":"AU MARCHE BURKINA","article_publisher":"https:\/\/www.facebook.com\/aumarchebf","og_image":[{"width":500,"height":500,"url":"https:\/\/aumarche.biz\/bf\/wp-content\/uploads\/2025\/03\/Wharfedale-Impact-15-Passive-Speaker-500x500-1.jpg","type":"image\/jpeg"}],"twitter_card":"summary_large_image","schema":{"@context":"https:\/\/schema.org","@graph":[{"@type":"WebPage","@id":"https:\/\/aumarche.biz\/bf\/index.php\/produit\/haut-parleur-professionnel-impact-x15\/","url":"https:\/\/aumarche.biz\/bf\/index.php\/produit\/haut-parleur-professionnel-impact-x15\/","name":"HAUT PARLEUR PROFESSIONNEL IMPACT- X15 - AU MARCHE BURKINA","isPartOf":{"@id":"https:\/\/aumarche.biz\/bf\/#website"},"primaryImageOfPage":{"@id":"https:\/\/aumarche.biz\/bf\/index.php\/produit\/haut-parleur-professionnel-impact-x15\/#primaryimage"},"image":{"@id":"https:\/\/aumarche.biz\/bf\/index.php\/produit\/haut-parleur-professionnel-impact-x15\/#primaryimage"},"thumbnailUrl":"https:\/\/aumarche.biz\/bf\/wp-content\/uploads\/2025\/03\/Wharfedale-Impact-15-Passive-Speaker-500x500-1.jpg","datePublished":"2025-03-21T16:25:54+00:00","breadcrumb":{"@id":"https:\/\/aumarche.biz\/bf\/index.php\/produit\/haut-parleur-professionnel-impact-x15\/#breadcrumb"},"inLanguage":"fr-FR","potentialAction":[{"@type":"ReadAction","target":["https:\/\/aumarche.biz\/bf\/index.php\/produit\/haut-parleur-professionnel-impact-x15\/"]}]},{"@type":"ImageObject","inLanguage":"fr-FR","@id":"https:\/\/aumarche.biz\/bf\/index.php\/produit\/haut-parleur-professionnel-impact-x15\/#primaryimage","url":"https:\/\/aumarche.biz\/bf\/wp-content\/uploads\/2025\/03\/Wharfedale-Impact-15-Passive-Speaker-500x500-1.jpg","contentUrl":"https:\/\/aumarche.biz\/bf\/wp-content\/uploads\/2025\/03\/Wharfedale-Impact-15-Passive-Speaker-500x500-1.jpg","width":500,"height":500},{"@type":"BreadcrumbList","@id":"https:\/\/aumarche.biz\/bf\/index.php\/produit\/haut-parleur-professionnel-impact-x15\/#breadcrumb","itemListElement":[{"@type":"ListItem","position":1,"name":"Accueil","item":"https:\/\/aumarche.biz\/bf\/"},{"@type":"ListItem","position":2,"name":"Boutique","item":"https:\/\/aumarche.biz\/bf\/index.php\/boutique\/"},{"@type":"ListItem","position":3,"name":"HAUT PARLEUR PROFESSIONNEL IMPACT- X15"}]},{"@type":"WebSite","@id":"https:\/\/aumarche.biz\/bf\/#website","url":"https:\/\/aumarche.biz\/bf\/","name":"aumarche.biz","description":"Vendre et acheter autrement","publisher":{"@id":"https:\/\/aumarche.biz\/bf\/#organization"},"potentialAction":[{"@type":"SearchAction","target":{"@type":"EntryPoint","urlTemplate":"https:\/\/aumarche.biz\/bf\/?s={search_term_string}"},"query-input":{"@type":"PropertyValueSpecification","valueRequired":true,"valueName":"search_term_string"}}],"inLanguage":"fr-FR"},{"@type":"Organization","@id":"https:\/\/aumarche.biz\/bf\/#organization","name":"aumarche.biz","url":"https:\/\/aumarche.biz\/bf\/","logo":{"@type":"ImageObject","inLanguage":"fr-FR","@id":"https:\/\/aumarche.biz\/bf\/#\/schema\/logo\/image\/","url":"https:\/\/aumarche.biz\/bf\/wp-content\/uploads\/2023\/09\/favicone.png","contentUrl":"https:\/\/aumarche.biz\/bf\/wp-content\/uploads\/2023\/09\/favicone.png","width":64,"height":64,"caption":"aumarche.biz"},"image":{"@id":"https:\/\/aumarche.biz\/bf\/#\/schema\/logo\/image\/"},"sameAs":["https:\/\/www.facebook.com\/aumarchebf"]}]}},"_links":{"self":[{"href":"https:\/\/aumarche.biz\/bf\/index.php\/wp-json\/wp\/v2\/product\/5474","targetHints":{"allow":["GET"]}}],"collection":[{"href":"https:\/\/aumarche.biz\/bf\/index.php\/wp-json\/wp\/v2\/product"}],"about":[{"href":"https:\/\/aumarche.biz\/bf\/index.php\/wp-json\/wp\/v2\/types\/product"}],"wp:featuredmedia":[{"embeddable":true,"href":"https:\/\/aumarche.biz\/bf\/index.php\/wp-json\/wp\/v2\/media\/5473"}],"wp:attachment":[{"href":"https:\/\/aumarche.biz\/bf\/index.php\/wp-json\/wp\/v2\/media?parent=5474"}],"wp:term":[{"taxonomy":"product_cat","embeddable":true,"href":"https:\/\/aumarche.biz\/bf\/index.php\/wp-json\/wp\/v2\/product_cat?post=5474"},{"taxonomy":"product_tag","embeddable":true,"href":"https:\/\/aumarche.biz\/bf\/index.php\/wp-json\/wp\/v2\/product_tag?post=5474"}],"curies":[{"name":"wp","href":"https:\/\/api.w.org\/{rel}","templated":true}]}}