{"id":5480,"date":"2025-04-08T16:36:27","date_gmt":"2025-04-08T16:36:27","guid":{"rendered":"https:\/\/aumarche.biz\/bf\/index.php\/produit\/hp-e27q-g4-27-qhd-monitor\/"},"modified":"2025-04-08T16:36:27","modified_gmt":"2025-04-08T16:36:27","slug":"hp-e27q-g4-27-qhd-monitor","status":"publish","type":"product","link":"https:\/\/aumarche.biz\/bf\/index.php\/produit\/hp-e27q-g4-27-qhd-monitor\/","title":{"rendered":"HP E27Q G4 27 QHD MONITOR"},"content":{"rendered":"<p style=\"margin: 0px 0px 30px;padding: 0px;font-family: forma-djr-micro, Arial, sans-serif;font-size: 24px\">Travaillez confortablement et restez concentr\u00e9 sur l&rsquo;\u00e9cran QHD HP E27q G4, dot\u00e9 de HP Eye Ease, de caract\u00e9ristiques ergonomiques optimis\u00e9es et d&rsquo;une r\u00e9solution Quad HD pour vous et d&rsquo;une facilit\u00e9 de gestion \u00e0 distance pour votre d\u00e9partement informatique.<\/p>\n<ul style=\"margin: 0px;padding: 0px;width: 492px;font-size: 20px;line-height: 24px;font-family: forma-djr-micro, Arial, sans-serif\">\n<li style=\"margin: 0px;padding: 0px 0px 10px;border-bottom: 1px solid\">Taille de l&rsquo;\u00e9cran (diagonale): 68,58 cm (27\u00a0pouces)<\/li>\n<li style=\"margin: 0px;padding: 10px 0px;border-bottom: 1px solid\">Temps de r\u00e9ponse: 5ms GtG (avec\u00a0<span class=\"m-text-nowrap\">surcharge)<span class=\"c-footnote-container\">\u00a0<span style=\"position: static;font-size: 9.2px;line-height: normal;vertical-align: baseline;top: 0.7em\"><span class=\"footnote__number\">1<\/span><\/span><\/span><\/span><\/li>\n<li style=\"margin: 0px;padding: 10px 0px;border-bottom: 1px solid\">R\u00e9solution (native): QHD (2560 x\u00a0<span class=\"m-text-nowrap\">1440)<span class=\"c-footnote-container\">\u00a0<span style=\"position: static;font-size: 9.2px;line-height: normal;vertical-align: baseline;top: 0.7em\"><span class=\"footnote__number\">1<\/span><\/span><\/span><\/span><span class=\"footnotes\" style=\"font-size: 12px;line-height: 16px\"><\/span><\/li>\n<li style=\"margin: 0px;padding: 10px 0px;border-bottom: 1px solid\">Rapport de contraste: 1000:1<\/li>\n<\/ul>\n","protected":false},"excerpt":{"rendered":"<p style=\"margin: 0px 0px 30px;padding: 0px;font-family: forma-djr-micro, Arial, sans-serif;font-size: 24px\">Travaillez confortablement et restez concentr\u00e9 sur l&rsquo;\u00e9cran QHD HP E27q G4, dot\u00e9 de HP Eye Ease, de caract\u00e9ristiques ergonomiques optimis\u00e9es et d&rsquo;une r\u00e9solution Quad HD pour vous et d&rsquo;une facilit\u00e9 de gestion \u00e0 distance pour votre d\u00e9partement informatique.<\/p>\n<ul style=\"margin: 0px;padding: 0px;width: 492px;font-size: 20px;line-height: 24px;font-family: forma-djr-micro, Arial, sans-serif\">\n<li style=\"margin: 0px;padding: 0px 0px 10px;border-bottom: 1px solid\">Taille de l&rsquo;\u00e9cran (diagonale): 68,58 cm (27\u00a0pouces)<\/li>\n<li style=\"margin: 0px;padding: 10px 0px;border-bottom: 1px solid\">Temps de r\u00e9ponse: 5ms GtG (avec\u00a0<span class=\"m-text-nowrap\">surcharge)<span class=\"c-footnote-container\">\u00a0<span style=\"position: static;font-size: 9.2px;line-height: normal;vertical-align: baseline;top: 0.7em\"><span class=\"footnote__number\">1<\/span><\/span><\/span><\/span><\/li>\n<li style=\"margin: 0px;padding: 10px 0px;border-bottom: 1px solid\">R\u00e9solution (native): QHD (2560 x\u00a0<span class=\"m-text-nowrap\">1440)<span class=\"c-footnote-container\">\u00a0<span style=\"position: static;font-size: 9.2px;line-height: normal;vertical-align: baseline;top: 0.7em\"><span class=\"footnote__number\">1<\/span><\/span><\/span><\/span><span class=\"footnotes\" style=\"font-size: 12px;line-height: 16px\"><\/span><\/li>\n<li style=\"margin: 0px;padding: 10px 0px;border-bottom: 1px solid\">Rapport de contraste: 1000:1<\/li>\n<\/ul>\n","protected":false},"featured_media":5479,"template":"","meta":[],"product_cat":[264],"product_tag":[],"class_list":{"0":"post-5480","1":"product","2":"type-product","3":"status-publish","4":"has-post-thumbnail","6":"product_brand-hp","7":"product_cat-high-tech","9":"first","10":"instock","11":"sale","12":"taxable","13":"shipping-taxable","14":"purchasable","15":"product-type-simple","16":"col-xs-6 col-sm-4","17":"col-md-3 col-lg-3","18":"un-4-cols"},"yoast_head":"<!-- This site is optimized with the Yoast SEO plugin v26.9 - https:\/\/yoast.com\/product\/yoast-seo-wordpress\/ -->\n<title>HP E27Q G4 27 QHD MONITOR - AU MARCHE BURKINA<\/title>\n<meta name=\"robots\" content=\"noindex, follow, max-snippet:-1, max-image-preview:large, max-video-preview:-1\" \/>\n<meta property=\"og:locale\" content=\"fr_FR\" \/>\n<meta property=\"og:type\" content=\"article\" \/>\n<meta property=\"og:title\" content=\"HP E27Q G4 27 QHD MONITOR - AU MARCHE BURKINA\" \/>\n<meta property=\"og:description\" content=\"Travaillez confortablement et restez concentr\u00e9 sur l&#039;\u00e9cran QHD HP E27q G4, dot\u00e9 de HP Eye Ease, de caract\u00e9ristiques ergonomiques optimis\u00e9es et d&#039;une r\u00e9solution Quad HD pour vous et d&#039;une facilit\u00e9 de gestion \u00e0 distance pour votre d\u00e9partement informatique.Taille de l&#039;\u00e9cran (diagonale): 68,58 cm (27\u00a0pouces)Temps de r\u00e9ponse: 5ms GtG (avec\u00a0surcharge)\u00a01R\u00e9solution (native): QHD (2560 x\u00a01440)\u00a01Rapport de contraste: 1000:1\" \/>\n<meta property=\"og:url\" content=\"https:\/\/aumarche.biz\/bf\/index.php\/produit\/hp-e27q-g4-27-qhd-monitor\/\" \/>\n<meta property=\"og:site_name\" content=\"AU MARCHE BURKINA\" \/>\n<meta property=\"article:publisher\" content=\"https:\/\/www.facebook.com\/aumarchebf\" \/>\n<meta property=\"og:image\" content=\"https:\/\/aumarche.biz\/bf\/wp-content\/uploads\/2025\/04\/71gr3R0Fn7L.jpg\" \/>\n\t<meta property=\"og:image:width\" content=\"1200\" \/>\n\t<meta property=\"og:image:height\" content=\"1200\" \/>\n\t<meta property=\"og:image:type\" content=\"image\/jpeg\" \/>\n<meta name=\"twitter:card\" content=\"summary_large_image\" \/>\n<script type=\"application\/ld+json\" class=\"yoast-schema-graph\">{\"@context\":\"https:\/\/schema.org\",\"@graph\":[{\"@type\":\"WebPage\",\"@id\":\"https:\/\/aumarche.biz\/bf\/index.php\/produit\/hp-e27q-g4-27-qhd-monitor\/\",\"url\":\"https:\/\/aumarche.biz\/bf\/index.php\/produit\/hp-e27q-g4-27-qhd-monitor\/\",\"name\":\"HP E27Q G4 27 QHD MONITOR - AU MARCHE BURKINA\",\"isPartOf\":{\"@id\":\"https:\/\/aumarche.biz\/bf\/#website\"},\"primaryImageOfPage\":{\"@id\":\"https:\/\/aumarche.biz\/bf\/index.php\/produit\/hp-e27q-g4-27-qhd-monitor\/#primaryimage\"},\"image\":{\"@id\":\"https:\/\/aumarche.biz\/bf\/index.php\/produit\/hp-e27q-g4-27-qhd-monitor\/#primaryimage\"},\"thumbnailUrl\":\"https:\/\/aumarche.biz\/bf\/wp-content\/uploads\/2025\/04\/71gr3R0Fn7L.jpg\",\"datePublished\":\"2025-04-08T16:36:27+00:00\",\"breadcrumb\":{\"@id\":\"https:\/\/aumarche.biz\/bf\/index.php\/produit\/hp-e27q-g4-27-qhd-monitor\/#breadcrumb\"},\"inLanguage\":\"fr-FR\",\"potentialAction\":[{\"@type\":\"ReadAction\",\"target\":[\"https:\/\/aumarche.biz\/bf\/index.php\/produit\/hp-e27q-g4-27-qhd-monitor\/\"]}]},{\"@type\":\"ImageObject\",\"inLanguage\":\"fr-FR\",\"@id\":\"https:\/\/aumarche.biz\/bf\/index.php\/produit\/hp-e27q-g4-27-qhd-monitor\/#primaryimage\",\"url\":\"https:\/\/aumarche.biz\/bf\/wp-content\/uploads\/2025\/04\/71gr3R0Fn7L.jpg\",\"contentUrl\":\"https:\/\/aumarche.biz\/bf\/wp-content\/uploads\/2025\/04\/71gr3R0Fn7L.jpg\",\"width\":1200,\"height\":1200},{\"@type\":\"BreadcrumbList\",\"@id\":\"https:\/\/aumarche.biz\/bf\/index.php\/produit\/hp-e27q-g4-27-qhd-monitor\/#breadcrumb\",\"itemListElement\":[{\"@type\":\"ListItem\",\"position\":1,\"name\":\"Accueil\",\"item\":\"https:\/\/aumarche.biz\/bf\/\"},{\"@type\":\"ListItem\",\"position\":2,\"name\":\"Boutique\",\"item\":\"https:\/\/aumarche.biz\/bf\/index.php\/boutique\/\"},{\"@type\":\"ListItem\",\"position\":3,\"name\":\"HP E27Q G4 27 QHD MONITOR\"}]},{\"@type\":\"WebSite\",\"@id\":\"https:\/\/aumarche.biz\/bf\/#website\",\"url\":\"https:\/\/aumarche.biz\/bf\/\",\"name\":\"aumarche.biz\",\"description\":\"Vendre et acheter autrement\",\"publisher\":{\"@id\":\"https:\/\/aumarche.biz\/bf\/#organization\"},\"potentialAction\":[{\"@type\":\"SearchAction\",\"target\":{\"@type\":\"EntryPoint\",\"urlTemplate\":\"https:\/\/aumarche.biz\/bf\/?s={search_term_string}\"},\"query-input\":{\"@type\":\"PropertyValueSpecification\",\"valueRequired\":true,\"valueName\":\"search_term_string\"}}],\"inLanguage\":\"fr-FR\"},{\"@type\":\"Organization\",\"@id\":\"https:\/\/aumarche.biz\/bf\/#organization\",\"name\":\"aumarche.biz\",\"url\":\"https:\/\/aumarche.biz\/bf\/\",\"logo\":{\"@type\":\"ImageObject\",\"inLanguage\":\"fr-FR\",\"@id\":\"https:\/\/aumarche.biz\/bf\/#\/schema\/logo\/image\/\",\"url\":\"https:\/\/aumarche.biz\/bf\/wp-content\/uploads\/2023\/09\/favicone.png\",\"contentUrl\":\"https:\/\/aumarche.biz\/bf\/wp-content\/uploads\/2023\/09\/favicone.png\",\"width\":64,\"height\":64,\"caption\":\"aumarche.biz\"},\"image\":{\"@id\":\"https:\/\/aumarche.biz\/bf\/#\/schema\/logo\/image\/\"},\"sameAs\":[\"https:\/\/www.facebook.com\/aumarchebf\"]}]}<\/script>\n<!-- \/ Yoast SEO plugin. -->","yoast_head_json":{"title":"HP E27Q G4 27 QHD MONITOR - AU MARCHE BURKINA","robots":{"index":"noindex","follow":"follow","max-snippet":"max-snippet:-1","max-image-preview":"max-image-preview:large","max-video-preview":"max-video-preview:-1"},"og_locale":"fr_FR","og_type":"article","og_title":"HP E27Q G4 27 QHD MONITOR - AU MARCHE BURKINA","og_description":"Travaillez confortablement et restez concentr\u00e9 sur l'\u00e9cran QHD HP E27q G4, dot\u00e9 de HP Eye Ease, de caract\u00e9ristiques ergonomiques optimis\u00e9es et d'une r\u00e9solution Quad HD pour vous et d'une facilit\u00e9 de gestion \u00e0 distance pour votre d\u00e9partement informatique.Taille de l'\u00e9cran (diagonale): 68,58 cm (27\u00a0pouces)Temps de r\u00e9ponse: 5ms GtG (avec\u00a0surcharge)\u00a01R\u00e9solution (native): QHD (2560 x\u00a01440)\u00a01Rapport de contraste: 1000:1","og_url":"https:\/\/aumarche.biz\/bf\/index.php\/produit\/hp-e27q-g4-27-qhd-monitor\/","og_site_name":"AU MARCHE BURKINA","article_publisher":"https:\/\/www.facebook.com\/aumarchebf","og_image":[{"width":1200,"height":1200,"url":"https:\/\/aumarche.biz\/bf\/wp-content\/uploads\/2025\/04\/71gr3R0Fn7L.jpg","type":"image\/jpeg"}],"twitter_card":"summary_large_image","schema":{"@context":"https:\/\/schema.org","@graph":[{"@type":"WebPage","@id":"https:\/\/aumarche.biz\/bf\/index.php\/produit\/hp-e27q-g4-27-qhd-monitor\/","url":"https:\/\/aumarche.biz\/bf\/index.php\/produit\/hp-e27q-g4-27-qhd-monitor\/","name":"HP E27Q G4 27 QHD MONITOR - AU MARCHE BURKINA","isPartOf":{"@id":"https:\/\/aumarche.biz\/bf\/#website"},"primaryImageOfPage":{"@id":"https:\/\/aumarche.biz\/bf\/index.php\/produit\/hp-e27q-g4-27-qhd-monitor\/#primaryimage"},"image":{"@id":"https:\/\/aumarche.biz\/bf\/index.php\/produit\/hp-e27q-g4-27-qhd-monitor\/#primaryimage"},"thumbnailUrl":"https:\/\/aumarche.biz\/bf\/wp-content\/uploads\/2025\/04\/71gr3R0Fn7L.jpg","datePublished":"2025-04-08T16:36:27+00:00","breadcrumb":{"@id":"https:\/\/aumarche.biz\/bf\/index.php\/produit\/hp-e27q-g4-27-qhd-monitor\/#breadcrumb"},"inLanguage":"fr-FR","potentialAction":[{"@type":"ReadAction","target":["https:\/\/aumarche.biz\/bf\/index.php\/produit\/hp-e27q-g4-27-qhd-monitor\/"]}]},{"@type":"ImageObject","inLanguage":"fr-FR","@id":"https:\/\/aumarche.biz\/bf\/index.php\/produit\/hp-e27q-g4-27-qhd-monitor\/#primaryimage","url":"https:\/\/aumarche.biz\/bf\/wp-content\/uploads\/2025\/04\/71gr3R0Fn7L.jpg","contentUrl":"https:\/\/aumarche.biz\/bf\/wp-content\/uploads\/2025\/04\/71gr3R0Fn7L.jpg","width":1200,"height":1200},{"@type":"BreadcrumbList","@id":"https:\/\/aumarche.biz\/bf\/index.php\/produit\/hp-e27q-g4-27-qhd-monitor\/#breadcrumb","itemListElement":[{"@type":"ListItem","position":1,"name":"Accueil","item":"https:\/\/aumarche.biz\/bf\/"},{"@type":"ListItem","position":2,"name":"Boutique","item":"https:\/\/aumarche.biz\/bf\/index.php\/boutique\/"},{"@type":"ListItem","position":3,"name":"HP E27Q G4 27 QHD MONITOR"}]},{"@type":"WebSite","@id":"https:\/\/aumarche.biz\/bf\/#website","url":"https:\/\/aumarche.biz\/bf\/","name":"aumarche.biz","description":"Vendre et acheter autrement","publisher":{"@id":"https:\/\/aumarche.biz\/bf\/#organization"},"potentialAction":[{"@type":"SearchAction","target":{"@type":"EntryPoint","urlTemplate":"https:\/\/aumarche.biz\/bf\/?s={search_term_string}"},"query-input":{"@type":"PropertyValueSpecification","valueRequired":true,"valueName":"search_term_string"}}],"inLanguage":"fr-FR"},{"@type":"Organization","@id":"https:\/\/aumarche.biz\/bf\/#organization","name":"aumarche.biz","url":"https:\/\/aumarche.biz\/bf\/","logo":{"@type":"ImageObject","inLanguage":"fr-FR","@id":"https:\/\/aumarche.biz\/bf\/#\/schema\/logo\/image\/","url":"https:\/\/aumarche.biz\/bf\/wp-content\/uploads\/2023\/09\/favicone.png","contentUrl":"https:\/\/aumarche.biz\/bf\/wp-content\/uploads\/2023\/09\/favicone.png","width":64,"height":64,"caption":"aumarche.biz"},"image":{"@id":"https:\/\/aumarche.biz\/bf\/#\/schema\/logo\/image\/"},"sameAs":["https:\/\/www.facebook.com\/aumarchebf"]}]}},"_links":{"self":[{"href":"https:\/\/aumarche.biz\/bf\/index.php\/wp-json\/wp\/v2\/product\/5480","targetHints":{"allow":["GET"]}}],"collection":[{"href":"https:\/\/aumarche.biz\/bf\/index.php\/wp-json\/wp\/v2\/product"}],"about":[{"href":"https:\/\/aumarche.biz\/bf\/index.php\/wp-json\/wp\/v2\/types\/product"}],"wp:featuredmedia":[{"embeddable":true,"href":"https:\/\/aumarche.biz\/bf\/index.php\/wp-json\/wp\/v2\/media\/5479"}],"wp:attachment":[{"href":"https:\/\/aumarche.biz\/bf\/index.php\/wp-json\/wp\/v2\/media?parent=5480"}],"wp:term":[{"taxonomy":"product_cat","embeddable":true,"href":"https:\/\/aumarche.biz\/bf\/index.php\/wp-json\/wp\/v2\/product_cat?post=5480"},{"taxonomy":"product_tag","embeddable":true,"href":"https:\/\/aumarche.biz\/bf\/index.php\/wp-json\/wp\/v2\/product_tag?post=5480"}],"curies":[{"name":"wp","href":"https:\/\/api.w.org\/{rel}","templated":true}]}}