{"id":5484,"date":"2025-04-30T08:29:58","date_gmt":"2025-04-30T08:29:58","guid":{"rendered":"https:\/\/aumarche.biz\/bf\/index.php\/produit\/lenovo-thinkpad-e14-g6-intel-core-ultra7-155u\/"},"modified":"2025-04-30T08:29:58","modified_gmt":"2025-04-30T08:29:58","slug":"lenovo-thinkpad-e14-g6-intel-core-ultra7-155u","status":"publish","type":"product","link":"https:\/\/aumarche.biz\/bf\/index.php\/produit\/lenovo-thinkpad-e14-g6-intel-core-ultra7-155u\/","title":{"rendered":"LENOVO THINKPAD E14 G6, INTEL CORE ULTRA7 155U"},"content":{"rendered":"<h1 id=\"title\" class=\"a-size-large a-spacing-none\"><span id=\"productTitle\" class=\"a-size-large product-title-word-break\" style=\"line-height: 32px !important\">Ordinateur portable Lenovo ThinkPad E14 Gen 6, Intel 12 c\u0153urs Ultra 7 155U, \u00e9cran tactile IPS WUXGA de 14 pouces, carte graphique Intel, SSD DDR5 de 1 To de 24 Go, base de connaissances r\u00e9tro\u00e9clair\u00e9e, empreinte digitale, Thunderbolt 4, WiFi 6, Win10 Pro<\/span><\/h1>\n","protected":false},"excerpt":{"rendered":"<h1 id=\"title\" class=\"a-size-large a-spacing-none\"><span id=\"productTitle\" class=\"a-size-large product-title-word-break\" style=\"line-height: 32px !important\">Ordinateur portable Lenovo ThinkPad E14 Gen 6, Intel 12 c\u0153urs Ultra 7 155U, \u00e9cran tactile IPS WUXGA de 14 pouces, carte graphique Intel, SSD DDR5 de 1 To de 24 Go, base de connaissances r\u00e9tro\u00e9clair\u00e9e, empreinte digitale, Thunderbolt 4, WiFi 6, Win10 Pro<\/span><\/h1>\n","protected":false},"featured_media":5412,"template":"","meta":[],"product_cat":[264],"product_tag":[],"class_list":{"0":"post-5484","1":"product","2":"type-product","3":"status-publish","4":"has-post-thumbnail","6":"product_brand-lenovo","7":"product_cat-high-tech","9":"first","10":"instock","11":"taxable","12":"shipping-taxable","13":"product-type-simple","14":"col-xs-6 col-sm-4","15":"col-md-3 col-lg-3","16":"un-4-cols"},"yoast_head":"<!-- This site is optimized with the Yoast SEO plugin v26.9 - https:\/\/yoast.com\/product\/yoast-seo-wordpress\/ -->\n<title>LENOVO THINKPAD E14 G6, INTEL CORE ULTRA7 155U - AU MARCHE BURKINA<\/title>\n<meta name=\"robots\" content=\"noindex, follow, max-snippet:-1, max-image-preview:large, max-video-preview:-1\" \/>\n<meta property=\"og:locale\" content=\"fr_FR\" \/>\n<meta property=\"og:type\" content=\"article\" \/>\n<meta property=\"og:title\" content=\"LENOVO THINKPAD E14 G6, INTEL CORE ULTRA7 155U - AU MARCHE BURKINA\" \/>\n<meta property=\"og:description\" content=\"Ordinateur portable Lenovo ThinkPad E14 Gen 6, Intel 12 c\u0153urs Ultra 7 155U, \u00e9cran tactile IPS WUXGA de 14 pouces, carte graphique Intel, SSD DDR5 de 1 To de 24 Go, base de connaissances r\u00e9tro\u00e9clair\u00e9e, empreinte digitale, Thunderbolt 4, WiFi 6, Win10 Pro\" \/>\n<meta property=\"og:url\" content=\"https:\/\/aumarche.biz\/bf\/index.php\/produit\/lenovo-thinkpad-e14-g6-intel-core-ultra7-155u\/\" \/>\n<meta property=\"og:site_name\" content=\"AU MARCHE BURKINA\" \/>\n<meta property=\"article:publisher\" content=\"https:\/\/www.facebook.com\/aumarchebf\" \/>\n<meta property=\"og:image\" content=\"https:\/\/aumarche.biz\/bf\/wp-content\/uploads\/2023\/11\/3-1.jpg\" \/>\n\t<meta property=\"og:image:width\" content=\"2000\" \/>\n\t<meta property=\"og:image:height\" content=\"1244\" \/>\n\t<meta property=\"og:image:type\" content=\"image\/jpeg\" \/>\n<meta name=\"twitter:card\" content=\"summary_large_image\" \/>\n<script type=\"application\/ld+json\" class=\"yoast-schema-graph\">{\"@context\":\"https:\/\/schema.org\",\"@graph\":[{\"@type\":\"WebPage\",\"@id\":\"https:\/\/aumarche.biz\/bf\/index.php\/produit\/lenovo-thinkpad-e14-g6-intel-core-ultra7-155u\/\",\"url\":\"https:\/\/aumarche.biz\/bf\/index.php\/produit\/lenovo-thinkpad-e14-g6-intel-core-ultra7-155u\/\",\"name\":\"LENOVO THINKPAD E14 G6, INTEL CORE ULTRA7 155U - AU MARCHE BURKINA\",\"isPartOf\":{\"@id\":\"https:\/\/aumarche.biz\/bf\/#website\"},\"primaryImageOfPage\":{\"@id\":\"https:\/\/aumarche.biz\/bf\/index.php\/produit\/lenovo-thinkpad-e14-g6-intel-core-ultra7-155u\/#primaryimage\"},\"image\":{\"@id\":\"https:\/\/aumarche.biz\/bf\/index.php\/produit\/lenovo-thinkpad-e14-g6-intel-core-ultra7-155u\/#primaryimage\"},\"thumbnailUrl\":\"https:\/\/aumarche.biz\/bf\/wp-content\/uploads\/2023\/11\/3-1.jpg\",\"datePublished\":\"2025-04-30T08:29:58+00:00\",\"breadcrumb\":{\"@id\":\"https:\/\/aumarche.biz\/bf\/index.php\/produit\/lenovo-thinkpad-e14-g6-intel-core-ultra7-155u\/#breadcrumb\"},\"inLanguage\":\"fr-FR\",\"potentialAction\":[{\"@type\":\"ReadAction\",\"target\":[\"https:\/\/aumarche.biz\/bf\/index.php\/produit\/lenovo-thinkpad-e14-g6-intel-core-ultra7-155u\/\"]}]},{\"@type\":\"ImageObject\",\"inLanguage\":\"fr-FR\",\"@id\":\"https:\/\/aumarche.biz\/bf\/index.php\/produit\/lenovo-thinkpad-e14-g6-intel-core-ultra7-155u\/#primaryimage\",\"url\":\"https:\/\/aumarche.biz\/bf\/wp-content\/uploads\/2023\/11\/3-1.jpg\",\"contentUrl\":\"https:\/\/aumarche.biz\/bf\/wp-content\/uploads\/2023\/11\/3-1.jpg\",\"width\":2000,\"height\":1244},{\"@type\":\"BreadcrumbList\",\"@id\":\"https:\/\/aumarche.biz\/bf\/index.php\/produit\/lenovo-thinkpad-e14-g6-intel-core-ultra7-155u\/#breadcrumb\",\"itemListElement\":[{\"@type\":\"ListItem\",\"position\":1,\"name\":\"Accueil\",\"item\":\"https:\/\/aumarche.biz\/bf\/\"},{\"@type\":\"ListItem\",\"position\":2,\"name\":\"Boutique\",\"item\":\"https:\/\/aumarche.biz\/bf\/index.php\/boutique\/\"},{\"@type\":\"ListItem\",\"position\":3,\"name\":\"LENOVO THINKPAD E14 G6, INTEL CORE ULTRA7 155U\"}]},{\"@type\":\"WebSite\",\"@id\":\"https:\/\/aumarche.biz\/bf\/#website\",\"url\":\"https:\/\/aumarche.biz\/bf\/\",\"name\":\"aumarche.biz\",\"description\":\"Vendre et acheter autrement\",\"publisher\":{\"@id\":\"https:\/\/aumarche.biz\/bf\/#organization\"},\"potentialAction\":[{\"@type\":\"SearchAction\",\"target\":{\"@type\":\"EntryPoint\",\"urlTemplate\":\"https:\/\/aumarche.biz\/bf\/?s={search_term_string}\"},\"query-input\":{\"@type\":\"PropertyValueSpecification\",\"valueRequired\":true,\"valueName\":\"search_term_string\"}}],\"inLanguage\":\"fr-FR\"},{\"@type\":\"Organization\",\"@id\":\"https:\/\/aumarche.biz\/bf\/#organization\",\"name\":\"aumarche.biz\",\"url\":\"https:\/\/aumarche.biz\/bf\/\",\"logo\":{\"@type\":\"ImageObject\",\"inLanguage\":\"fr-FR\",\"@id\":\"https:\/\/aumarche.biz\/bf\/#\/schema\/logo\/image\/\",\"url\":\"https:\/\/aumarche.biz\/bf\/wp-content\/uploads\/2023\/09\/favicone.png\",\"contentUrl\":\"https:\/\/aumarche.biz\/bf\/wp-content\/uploads\/2023\/09\/favicone.png\",\"width\":64,\"height\":64,\"caption\":\"aumarche.biz\"},\"image\":{\"@id\":\"https:\/\/aumarche.biz\/bf\/#\/schema\/logo\/image\/\"},\"sameAs\":[\"https:\/\/www.facebook.com\/aumarchebf\"]}]}<\/script>\n<!-- \/ Yoast SEO plugin. -->","yoast_head_json":{"title":"LENOVO THINKPAD E14 G6, INTEL CORE ULTRA7 155U - AU MARCHE BURKINA","robots":{"index":"noindex","follow":"follow","max-snippet":"max-snippet:-1","max-image-preview":"max-image-preview:large","max-video-preview":"max-video-preview:-1"},"og_locale":"fr_FR","og_type":"article","og_title":"LENOVO THINKPAD E14 G6, INTEL CORE ULTRA7 155U - AU MARCHE BURKINA","og_description":"Ordinateur portable Lenovo ThinkPad E14 Gen 6, Intel 12 c\u0153urs Ultra 7 155U, \u00e9cran tactile IPS WUXGA de 14 pouces, carte graphique Intel, SSD DDR5 de 1 To de 24 Go, base de connaissances r\u00e9tro\u00e9clair\u00e9e, empreinte digitale, Thunderbolt 4, WiFi 6, Win10 Pro","og_url":"https:\/\/aumarche.biz\/bf\/index.php\/produit\/lenovo-thinkpad-e14-g6-intel-core-ultra7-155u\/","og_site_name":"AU MARCHE BURKINA","article_publisher":"https:\/\/www.facebook.com\/aumarchebf","og_image":[{"width":2000,"height":1244,"url":"https:\/\/aumarche.biz\/bf\/wp-content\/uploads\/2023\/11\/3-1.jpg","type":"image\/jpeg"}],"twitter_card":"summary_large_image","schema":{"@context":"https:\/\/schema.org","@graph":[{"@type":"WebPage","@id":"https:\/\/aumarche.biz\/bf\/index.php\/produit\/lenovo-thinkpad-e14-g6-intel-core-ultra7-155u\/","url":"https:\/\/aumarche.biz\/bf\/index.php\/produit\/lenovo-thinkpad-e14-g6-intel-core-ultra7-155u\/","name":"LENOVO THINKPAD E14 G6, INTEL CORE ULTRA7 155U - AU MARCHE BURKINA","isPartOf":{"@id":"https:\/\/aumarche.biz\/bf\/#website"},"primaryImageOfPage":{"@id":"https:\/\/aumarche.biz\/bf\/index.php\/produit\/lenovo-thinkpad-e14-g6-intel-core-ultra7-155u\/#primaryimage"},"image":{"@id":"https:\/\/aumarche.biz\/bf\/index.php\/produit\/lenovo-thinkpad-e14-g6-intel-core-ultra7-155u\/#primaryimage"},"thumbnailUrl":"https:\/\/aumarche.biz\/bf\/wp-content\/uploads\/2023\/11\/3-1.jpg","datePublished":"2025-04-30T08:29:58+00:00","breadcrumb":{"@id":"https:\/\/aumarche.biz\/bf\/index.php\/produit\/lenovo-thinkpad-e14-g6-intel-core-ultra7-155u\/#breadcrumb"},"inLanguage":"fr-FR","potentialAction":[{"@type":"ReadAction","target":["https:\/\/aumarche.biz\/bf\/index.php\/produit\/lenovo-thinkpad-e14-g6-intel-core-ultra7-155u\/"]}]},{"@type":"ImageObject","inLanguage":"fr-FR","@id":"https:\/\/aumarche.biz\/bf\/index.php\/produit\/lenovo-thinkpad-e14-g6-intel-core-ultra7-155u\/#primaryimage","url":"https:\/\/aumarche.biz\/bf\/wp-content\/uploads\/2023\/11\/3-1.jpg","contentUrl":"https:\/\/aumarche.biz\/bf\/wp-content\/uploads\/2023\/11\/3-1.jpg","width":2000,"height":1244},{"@type":"BreadcrumbList","@id":"https:\/\/aumarche.biz\/bf\/index.php\/produit\/lenovo-thinkpad-e14-g6-intel-core-ultra7-155u\/#breadcrumb","itemListElement":[{"@type":"ListItem","position":1,"name":"Accueil","item":"https:\/\/aumarche.biz\/bf\/"},{"@type":"ListItem","position":2,"name":"Boutique","item":"https:\/\/aumarche.biz\/bf\/index.php\/boutique\/"},{"@type":"ListItem","position":3,"name":"LENOVO THINKPAD E14 G6, INTEL CORE ULTRA7 155U"}]},{"@type":"WebSite","@id":"https:\/\/aumarche.biz\/bf\/#website","url":"https:\/\/aumarche.biz\/bf\/","name":"aumarche.biz","description":"Vendre et acheter autrement","publisher":{"@id":"https:\/\/aumarche.biz\/bf\/#organization"},"potentialAction":[{"@type":"SearchAction","target":{"@type":"EntryPoint","urlTemplate":"https:\/\/aumarche.biz\/bf\/?s={search_term_string}"},"query-input":{"@type":"PropertyValueSpecification","valueRequired":true,"valueName":"search_term_string"}}],"inLanguage":"fr-FR"},{"@type":"Organization","@id":"https:\/\/aumarche.biz\/bf\/#organization","name":"aumarche.biz","url":"https:\/\/aumarche.biz\/bf\/","logo":{"@type":"ImageObject","inLanguage":"fr-FR","@id":"https:\/\/aumarche.biz\/bf\/#\/schema\/logo\/image\/","url":"https:\/\/aumarche.biz\/bf\/wp-content\/uploads\/2023\/09\/favicone.png","contentUrl":"https:\/\/aumarche.biz\/bf\/wp-content\/uploads\/2023\/09\/favicone.png","width":64,"height":64,"caption":"aumarche.biz"},"image":{"@id":"https:\/\/aumarche.biz\/bf\/#\/schema\/logo\/image\/"},"sameAs":["https:\/\/www.facebook.com\/aumarchebf"]}]}},"_links":{"self":[{"href":"https:\/\/aumarche.biz\/bf\/index.php\/wp-json\/wp\/v2\/product\/5484","targetHints":{"allow":["GET"]}}],"collection":[{"href":"https:\/\/aumarche.biz\/bf\/index.php\/wp-json\/wp\/v2\/product"}],"about":[{"href":"https:\/\/aumarche.biz\/bf\/index.php\/wp-json\/wp\/v2\/types\/product"}],"wp:featuredmedia":[{"embeddable":true,"href":"https:\/\/aumarche.biz\/bf\/index.php\/wp-json\/wp\/v2\/media\/5412"}],"wp:attachment":[{"href":"https:\/\/aumarche.biz\/bf\/index.php\/wp-json\/wp\/v2\/media?parent=5484"}],"wp:term":[{"taxonomy":"product_cat","embeddable":true,"href":"https:\/\/aumarche.biz\/bf\/index.php\/wp-json\/wp\/v2\/product_cat?post=5484"},{"taxonomy":"product_tag","embeddable":true,"href":"https:\/\/aumarche.biz\/bf\/index.php\/wp-json\/wp\/v2\/product_tag?post=5484"}],"curies":[{"name":"wp","href":"https:\/\/api.w.org\/{rel}","templated":true}]}}