{"id":5486,"date":"2025-04-30T08:53:00","date_gmt":"2025-04-30T08:53:00","guid":{"rendered":"https:\/\/aumarche.biz\/bf\/index.php\/produit\/hp-laserjet-m610-series\/"},"modified":"2025-04-30T08:53:01","modified_gmt":"2025-04-30T08:53:01","slug":"hp-laserjet-m610-series","status":"publish","type":"product","link":"https:\/\/aumarche.biz\/bf\/index.php\/produit\/hp-laserjet-m610-series\/","title":{"rendered":"HP LASERJET M610 SERIES"},"content":{"rendered":"<p><span style=\"font-family: forma-djr-micro, Arial, sans-serif;font-size: 24px\">Cette imprimante HP LaserJet avec JetIntelligence allie des performances exceptionnelles et une efficacit\u00e9 \u00e9nerg\u00e9tique pour des documents de qualit\u00e9 professionnelle selon vos besoins, tout en prot\u00e9geant votre r\u00e9seau des attaques avec la plus grande s\u00e9curit\u00e9 du\u00a0<\/span><span class=\"m-text-nowrap\" style=\"font-family: forma-djr-micro, Arial, sans-serif;font-size: 24px\">secteur\u00a0<span class=\"c-footnote-container\"><span style=\"position: static;font-size: 11.04px;line-height: normal;vertical-align: baseline;top: 0.7em\"><span class=\"footnote__number\">1<\/span><\/span><\/span><\/span><span style=\"font-family: forma-djr-micro, Arial, sans-serif;font-size: 24px\">.<\/span><\/p>\n","protected":false},"excerpt":{"rendered":"<p><span style=\"font-family: forma-djr-micro, Arial, sans-serif;font-size: 24px\">Cette imprimante HP LaserJet avec JetIntelligence allie des performances exceptionnelles et une efficacit\u00e9 \u00e9nerg\u00e9tique pour des documents de qualit\u00e9 professionnelle selon vos besoins, tout en prot\u00e9geant votre r\u00e9seau des attaques avec la plus grande s\u00e9curit\u00e9 du\u00a0<\/span><span class=\"m-text-nowrap\" style=\"font-family: forma-djr-micro, Arial, sans-serif;font-size: 24px\">secteur\u00a0<span class=\"c-footnote-container\"><span style=\"position: static;font-size: 11.04px;line-height: normal;vertical-align: baseline;top: 0.7em\"><span class=\"footnote__number\">1<\/span><\/span><\/span><\/span><span style=\"font-family: forma-djr-micro, Arial, sans-serif;font-size: 24px\">.<\/span><\/p>\n","protected":false},"featured_media":5485,"template":"","meta":[],"product_cat":[264],"product_tag":[],"class_list":{"0":"post-5486","1":"product","2":"type-product","3":"status-publish","4":"has-post-thumbnail","6":"product_brand-hp","7":"product_cat-high-tech","9":"first","10":"instock","11":"taxable","12":"shipping-taxable","13":"product-type-simple","14":"col-xs-6 col-sm-4","15":"col-md-3 col-lg-3","16":"un-4-cols"},"yoast_head":"<!-- This site is optimized with the Yoast SEO plugin v26.9 - https:\/\/yoast.com\/product\/yoast-seo-wordpress\/ -->\n<title>HP LASERJET M610 SERIES - AU MARCHE BURKINA<\/title>\n<meta name=\"robots\" content=\"noindex, follow, max-snippet:-1, max-image-preview:large, max-video-preview:-1\" \/>\n<meta property=\"og:locale\" content=\"fr_FR\" \/>\n<meta property=\"og:type\" content=\"article\" \/>\n<meta property=\"og:title\" content=\"HP LASERJET M610 SERIES - AU MARCHE BURKINA\" \/>\n<meta property=\"og:description\" content=\"Cette imprimante HP LaserJet avec JetIntelligence allie des performances exceptionnelles et une efficacit\u00e9 \u00e9nerg\u00e9tique pour des documents de qualit\u00e9 professionnelle selon vos besoins, tout en prot\u00e9geant votre r\u00e9seau des attaques avec la plus grande s\u00e9curit\u00e9 du\u00a0secteur\u00a01.\" \/>\n<meta property=\"og:url\" content=\"https:\/\/aumarche.biz\/bf\/index.php\/produit\/hp-laserjet-m610-series\/\" \/>\n<meta property=\"og:site_name\" content=\"AU MARCHE BURKINA\" \/>\n<meta property=\"article:publisher\" content=\"https:\/\/www.facebook.com\/aumarchebf\" \/>\n<meta property=\"article:modified_time\" content=\"2025-04-30T08:53:01+00:00\" \/>\n<meta property=\"og:image\" content=\"https:\/\/aumarche.biz\/bf\/wp-content\/uploads\/2025\/04\/OIP-1.jpeg\" \/>\n\t<meta property=\"og:image:width\" content=\"474\" \/>\n\t<meta property=\"og:image:height\" content=\"474\" \/>\n\t<meta property=\"og:image:type\" content=\"image\/jpeg\" \/>\n<meta name=\"twitter:card\" content=\"summary_large_image\" \/>\n<script type=\"application\/ld+json\" class=\"yoast-schema-graph\">{\"@context\":\"https:\/\/schema.org\",\"@graph\":[{\"@type\":\"WebPage\",\"@id\":\"https:\/\/aumarche.biz\/bf\/index.php\/produit\/hp-laserjet-m610-series\/\",\"url\":\"https:\/\/aumarche.biz\/bf\/index.php\/produit\/hp-laserjet-m610-series\/\",\"name\":\"HP LASERJET M610 SERIES - AU MARCHE BURKINA\",\"isPartOf\":{\"@id\":\"https:\/\/aumarche.biz\/bf\/#website\"},\"primaryImageOfPage\":{\"@id\":\"https:\/\/aumarche.biz\/bf\/index.php\/produit\/hp-laserjet-m610-series\/#primaryimage\"},\"image\":{\"@id\":\"https:\/\/aumarche.biz\/bf\/index.php\/produit\/hp-laserjet-m610-series\/#primaryimage\"},\"thumbnailUrl\":\"https:\/\/aumarche.biz\/bf\/wp-content\/uploads\/2025\/04\/OIP-1.jpeg\",\"datePublished\":\"2025-04-30T08:53:00+00:00\",\"dateModified\":\"2025-04-30T08:53:01+00:00\",\"breadcrumb\":{\"@id\":\"https:\/\/aumarche.biz\/bf\/index.php\/produit\/hp-laserjet-m610-series\/#breadcrumb\"},\"inLanguage\":\"fr-FR\",\"potentialAction\":[{\"@type\":\"ReadAction\",\"target\":[\"https:\/\/aumarche.biz\/bf\/index.php\/produit\/hp-laserjet-m610-series\/\"]}]},{\"@type\":\"ImageObject\",\"inLanguage\":\"fr-FR\",\"@id\":\"https:\/\/aumarche.biz\/bf\/index.php\/produit\/hp-laserjet-m610-series\/#primaryimage\",\"url\":\"https:\/\/aumarche.biz\/bf\/wp-content\/uploads\/2025\/04\/OIP-1.jpeg\",\"contentUrl\":\"https:\/\/aumarche.biz\/bf\/wp-content\/uploads\/2025\/04\/OIP-1.jpeg\",\"width\":474,\"height\":474},{\"@type\":\"BreadcrumbList\",\"@id\":\"https:\/\/aumarche.biz\/bf\/index.php\/produit\/hp-laserjet-m610-series\/#breadcrumb\",\"itemListElement\":[{\"@type\":\"ListItem\",\"position\":1,\"name\":\"Accueil\",\"item\":\"https:\/\/aumarche.biz\/bf\/\"},{\"@type\":\"ListItem\",\"position\":2,\"name\":\"Boutique\",\"item\":\"https:\/\/aumarche.biz\/bf\/index.php\/boutique\/\"},{\"@type\":\"ListItem\",\"position\":3,\"name\":\"HP LASERJET M610 SERIES\"}]},{\"@type\":\"WebSite\",\"@id\":\"https:\/\/aumarche.biz\/bf\/#website\",\"url\":\"https:\/\/aumarche.biz\/bf\/\",\"name\":\"aumarche.biz\",\"description\":\"Vendre et acheter autrement\",\"publisher\":{\"@id\":\"https:\/\/aumarche.biz\/bf\/#organization\"},\"potentialAction\":[{\"@type\":\"SearchAction\",\"target\":{\"@type\":\"EntryPoint\",\"urlTemplate\":\"https:\/\/aumarche.biz\/bf\/?s={search_term_string}\"},\"query-input\":{\"@type\":\"PropertyValueSpecification\",\"valueRequired\":true,\"valueName\":\"search_term_string\"}}],\"inLanguage\":\"fr-FR\"},{\"@type\":\"Organization\",\"@id\":\"https:\/\/aumarche.biz\/bf\/#organization\",\"name\":\"aumarche.biz\",\"url\":\"https:\/\/aumarche.biz\/bf\/\",\"logo\":{\"@type\":\"ImageObject\",\"inLanguage\":\"fr-FR\",\"@id\":\"https:\/\/aumarche.biz\/bf\/#\/schema\/logo\/image\/\",\"url\":\"https:\/\/aumarche.biz\/bf\/wp-content\/uploads\/2023\/09\/favicone.png\",\"contentUrl\":\"https:\/\/aumarche.biz\/bf\/wp-content\/uploads\/2023\/09\/favicone.png\",\"width\":64,\"height\":64,\"caption\":\"aumarche.biz\"},\"image\":{\"@id\":\"https:\/\/aumarche.biz\/bf\/#\/schema\/logo\/image\/\"},\"sameAs\":[\"https:\/\/www.facebook.com\/aumarchebf\"]}]}<\/script>\n<!-- \/ Yoast SEO plugin. -->","yoast_head_json":{"title":"HP LASERJET M610 SERIES - AU MARCHE BURKINA","robots":{"index":"noindex","follow":"follow","max-snippet":"max-snippet:-1","max-image-preview":"max-image-preview:large","max-video-preview":"max-video-preview:-1"},"og_locale":"fr_FR","og_type":"article","og_title":"HP LASERJET M610 SERIES - AU MARCHE BURKINA","og_description":"Cette imprimante HP LaserJet avec JetIntelligence allie des performances exceptionnelles et une efficacit\u00e9 \u00e9nerg\u00e9tique pour des documents de qualit\u00e9 professionnelle selon vos besoins, tout en prot\u00e9geant votre r\u00e9seau des attaques avec la plus grande s\u00e9curit\u00e9 du\u00a0secteur\u00a01.","og_url":"https:\/\/aumarche.biz\/bf\/index.php\/produit\/hp-laserjet-m610-series\/","og_site_name":"AU MARCHE BURKINA","article_publisher":"https:\/\/www.facebook.com\/aumarchebf","article_modified_time":"2025-04-30T08:53:01+00:00","og_image":[{"width":474,"height":474,"url":"https:\/\/aumarche.biz\/bf\/wp-content\/uploads\/2025\/04\/OIP-1.jpeg","type":"image\/jpeg"}],"twitter_card":"summary_large_image","schema":{"@context":"https:\/\/schema.org","@graph":[{"@type":"WebPage","@id":"https:\/\/aumarche.biz\/bf\/index.php\/produit\/hp-laserjet-m610-series\/","url":"https:\/\/aumarche.biz\/bf\/index.php\/produit\/hp-laserjet-m610-series\/","name":"HP LASERJET M610 SERIES - AU MARCHE BURKINA","isPartOf":{"@id":"https:\/\/aumarche.biz\/bf\/#website"},"primaryImageOfPage":{"@id":"https:\/\/aumarche.biz\/bf\/index.php\/produit\/hp-laserjet-m610-series\/#primaryimage"},"image":{"@id":"https:\/\/aumarche.biz\/bf\/index.php\/produit\/hp-laserjet-m610-series\/#primaryimage"},"thumbnailUrl":"https:\/\/aumarche.biz\/bf\/wp-content\/uploads\/2025\/04\/OIP-1.jpeg","datePublished":"2025-04-30T08:53:00+00:00","dateModified":"2025-04-30T08:53:01+00:00","breadcrumb":{"@id":"https:\/\/aumarche.biz\/bf\/index.php\/produit\/hp-laserjet-m610-series\/#breadcrumb"},"inLanguage":"fr-FR","potentialAction":[{"@type":"ReadAction","target":["https:\/\/aumarche.biz\/bf\/index.php\/produit\/hp-laserjet-m610-series\/"]}]},{"@type":"ImageObject","inLanguage":"fr-FR","@id":"https:\/\/aumarche.biz\/bf\/index.php\/produit\/hp-laserjet-m610-series\/#primaryimage","url":"https:\/\/aumarche.biz\/bf\/wp-content\/uploads\/2025\/04\/OIP-1.jpeg","contentUrl":"https:\/\/aumarche.biz\/bf\/wp-content\/uploads\/2025\/04\/OIP-1.jpeg","width":474,"height":474},{"@type":"BreadcrumbList","@id":"https:\/\/aumarche.biz\/bf\/index.php\/produit\/hp-laserjet-m610-series\/#breadcrumb","itemListElement":[{"@type":"ListItem","position":1,"name":"Accueil","item":"https:\/\/aumarche.biz\/bf\/"},{"@type":"ListItem","position":2,"name":"Boutique","item":"https:\/\/aumarche.biz\/bf\/index.php\/boutique\/"},{"@type":"ListItem","position":3,"name":"HP LASERJET M610 SERIES"}]},{"@type":"WebSite","@id":"https:\/\/aumarche.biz\/bf\/#website","url":"https:\/\/aumarche.biz\/bf\/","name":"aumarche.biz","description":"Vendre et acheter autrement","publisher":{"@id":"https:\/\/aumarche.biz\/bf\/#organization"},"potentialAction":[{"@type":"SearchAction","target":{"@type":"EntryPoint","urlTemplate":"https:\/\/aumarche.biz\/bf\/?s={search_term_string}"},"query-input":{"@type":"PropertyValueSpecification","valueRequired":true,"valueName":"search_term_string"}}],"inLanguage":"fr-FR"},{"@type":"Organization","@id":"https:\/\/aumarche.biz\/bf\/#organization","name":"aumarche.biz","url":"https:\/\/aumarche.biz\/bf\/","logo":{"@type":"ImageObject","inLanguage":"fr-FR","@id":"https:\/\/aumarche.biz\/bf\/#\/schema\/logo\/image\/","url":"https:\/\/aumarche.biz\/bf\/wp-content\/uploads\/2023\/09\/favicone.png","contentUrl":"https:\/\/aumarche.biz\/bf\/wp-content\/uploads\/2023\/09\/favicone.png","width":64,"height":64,"caption":"aumarche.biz"},"image":{"@id":"https:\/\/aumarche.biz\/bf\/#\/schema\/logo\/image\/"},"sameAs":["https:\/\/www.facebook.com\/aumarchebf"]}]}},"_links":{"self":[{"href":"https:\/\/aumarche.biz\/bf\/index.php\/wp-json\/wp\/v2\/product\/5486","targetHints":{"allow":["GET"]}}],"collection":[{"href":"https:\/\/aumarche.biz\/bf\/index.php\/wp-json\/wp\/v2\/product"}],"about":[{"href":"https:\/\/aumarche.biz\/bf\/index.php\/wp-json\/wp\/v2\/types\/product"}],"wp:featuredmedia":[{"embeddable":true,"href":"https:\/\/aumarche.biz\/bf\/index.php\/wp-json\/wp\/v2\/media\/5485"}],"wp:attachment":[{"href":"https:\/\/aumarche.biz\/bf\/index.php\/wp-json\/wp\/v2\/media?parent=5486"}],"wp:term":[{"taxonomy":"product_cat","embeddable":true,"href":"https:\/\/aumarche.biz\/bf\/index.php\/wp-json\/wp\/v2\/product_cat?post=5486"},{"taxonomy":"product_tag","embeddable":true,"href":"https:\/\/aumarche.biz\/bf\/index.php\/wp-json\/wp\/v2\/product_tag?post=5486"}],"curies":[{"name":"wp","href":"https:\/\/api.w.org\/{rel}","templated":true}]}}