{"id":5488,"date":"2025-04-30T13:24:38","date_gmt":"2025-04-30T13:24:38","guid":{"rendered":"https:\/\/aumarche.biz\/bf\/index.php\/produit\/samsung-galaxy-a25-128gb-5g\/"},"modified":"2025-04-30T13:24:38","modified_gmt":"2025-04-30T13:24:38","slug":"samsung-galaxy-a25-128gb-5g","status":"publish","type":"product","link":"https:\/\/aumarche.biz\/bf\/index.php\/produit\/samsung-galaxy-a25-128gb-5g\/","title":{"rendered":"SAMSUNG GALAXY A25 128GB 5G"},"content":{"rendered":"<p style=\"--tw-border-spacing-x: 0;--tw-border-spacing-y: 0;--tw-translate-x: 0;--tw-translate-y: 0;--tw-rotate: 0;--tw-skew-x: 0;--tw-skew-y: 0;--tw-scale-x: 1;--tw-scale-y: 1;--tw-pan-x:;--tw-pan-y:;--tw-pinch-zoom:;--tw-scroll-snap-strictness: proximity;--tw-gradient-from-position:;--tw-gradient-via-position:;--tw-gradient-to-position:;--tw-ordinal:;--tw-slashed-zero:;--tw-numeric-figure:;--tw-numeric-spacing:;--tw-numeric-fraction:;--tw-ring-inset:;--tw-ring-offset-width: 0px;--tw-ring-offset-color: #fff;--tw-ring-offset-shadow: 0 0 #0000;--tw-ring-shadow: 0 0 #0000;--tw-shadow: 0 0 #0000;--tw-shadow-colored: 0 0 #0000;--tw-blur:;--tw-brightness:;--tw-contrast:;--tw-grayscale:;--tw-hue-rotate:;--tw-invert:;--tw-saturate:;--tw-sepia:;--tw-drop-shadow:;--tw-backdrop-blur:;--tw-backdrop-brightness:;--tw-backdrop-contrast:;--tw-backdrop-grayscale:;--tw-backdrop-hue-rotate:;--tw-backdrop-invert:;--tw-backdrop-opacity:;--tw-backdrop-saturate:;--tw-backdrop-sepia:;margin: 0.25rem 0px;font-family: Inter, sans-serif;font-size: 18px\">Le Samsung Galaxy A25 5G est aliment\u00e9 par le processeur Exynos 1280 de Samsung, qui offre des performances de haut niveau pour toutes vos t\u00e2ches et applications. Avec 6 Go de m\u00e9moire vive et deux options de stockage de 128 Go ou 256 Go, vous aurez toujours assez d&rsquo;espace pour stocker vos applications, photos, vid\u00e9os et autres fichiers.\u00a0<\/p>\n<p style=\"--tw-border-spacing-x: 0;--tw-border-spacing-y: 0;--tw-translate-x: 0;--tw-translate-y: 0;--tw-rotate: 0;--tw-skew-x: 0;--tw-skew-y: 0;--tw-scale-x: 1;--tw-scale-y: 1;--tw-pan-x:;--tw-pan-y:;--tw-pinch-zoom:;--tw-scroll-snap-strictness: proximity;--tw-gradient-from-position:;--tw-gradient-via-position:;--tw-gradient-to-position:;--tw-ordinal:;--tw-slashed-zero:;--tw-numeric-figure:;--tw-numeric-spacing:;--tw-numeric-fraction:;--tw-ring-inset:;--tw-ring-offset-width: 0px;--tw-ring-offset-color: #fff;--tw-ring-offset-shadow: 0 0 #0000;--tw-ring-shadow: 0 0 #0000;--tw-shadow: 0 0 #0000;--tw-shadow-colored: 0 0 #0000;--tw-blur:;--tw-brightness:;--tw-contrast:;--tw-grayscale:;--tw-hue-rotate:;--tw-invert:;--tw-saturate:;--tw-sepia:;--tw-drop-shadow:;--tw-backdrop-blur:;--tw-backdrop-brightness:;--tw-backdrop-contrast:;--tw-backdrop-grayscale:;--tw-backdrop-hue-rotate:;--tw-backdrop-invert:;--tw-backdrop-opacity:;--tw-backdrop-saturate:;--tw-backdrop-sepia:;margin: 0.25rem 0px;font-family: Inter, sans-serif;font-size: 18px\">En termes de connectivit\u00e9, ce smartphone Samsung est compatible avec la 5G et le Bluetooth 5.3.<\/p>\n","protected":false},"excerpt":{"rendered":"<p style=\"--tw-border-spacing-x: 0;--tw-border-spacing-y: 0;--tw-translate-x: 0;--tw-translate-y: 0;--tw-rotate: 0;--tw-skew-x: 0;--tw-skew-y: 0;--tw-scale-x: 1;--tw-scale-y: 1;--tw-pan-x:;--tw-pan-y:;--tw-pinch-zoom:;--tw-scroll-snap-strictness: proximity;--tw-gradient-from-position:;--tw-gradient-via-position:;--tw-gradient-to-position:;--tw-ordinal:;--tw-slashed-zero:;--tw-numeric-figure:;--tw-numeric-spacing:;--tw-numeric-fraction:;--tw-ring-inset:;--tw-ring-offset-width: 0px;--tw-ring-offset-color: #fff;--tw-ring-offset-shadow: 0 0 #0000;--tw-ring-shadow: 0 0 #0000;--tw-shadow: 0 0 #0000;--tw-shadow-colored: 0 0 #0000;--tw-blur:;--tw-brightness:;--tw-contrast:;--tw-grayscale:;--tw-hue-rotate:;--tw-invert:;--tw-saturate:;--tw-sepia:;--tw-drop-shadow:;--tw-backdrop-blur:;--tw-backdrop-brightness:;--tw-backdrop-contrast:;--tw-backdrop-grayscale:;--tw-backdrop-hue-rotate:;--tw-backdrop-invert:;--tw-backdrop-opacity:;--tw-backdrop-saturate:;--tw-backdrop-sepia:;margin: 0.25rem 0px;font-family: Inter, sans-serif;font-size: 18px\">Le Samsung Galaxy A25 5G est aliment\u00e9 par le processeur Exynos 1280 de Samsung, qui offre des performances de haut niveau pour toutes vos t\u00e2ches et applications. Avec 6 Go de m\u00e9moire vive et deux options de stockage de 128 Go ou 256 Go, vous aurez toujours assez d&rsquo;espace pour stocker vos applications, photos, vid\u00e9os et autres fichiers.\u00a0<\/p>\n<p style=\"--tw-border-spacing-x: 0;--tw-border-spacing-y: 0;--tw-translate-x: 0;--tw-translate-y: 0;--tw-rotate: 0;--tw-skew-x: 0;--tw-skew-y: 0;--tw-scale-x: 1;--tw-scale-y: 1;--tw-pan-x:;--tw-pan-y:;--tw-pinch-zoom:;--tw-scroll-snap-strictness: proximity;--tw-gradient-from-position:;--tw-gradient-via-position:;--tw-gradient-to-position:;--tw-ordinal:;--tw-slashed-zero:;--tw-numeric-figure:;--tw-numeric-spacing:;--tw-numeric-fraction:;--tw-ring-inset:;--tw-ring-offset-width: 0px;--tw-ring-offset-color: #fff;--tw-ring-offset-shadow: 0 0 #0000;--tw-ring-shadow: 0 0 #0000;--tw-shadow: 0 0 #0000;--tw-shadow-colored: 0 0 #0000;--tw-blur:;--tw-brightness:;--tw-contrast:;--tw-grayscale:;--tw-hue-rotate:;--tw-invert:;--tw-saturate:;--tw-sepia:;--tw-drop-shadow:;--tw-backdrop-blur:;--tw-backdrop-brightness:;--tw-backdrop-contrast:;--tw-backdrop-grayscale:;--tw-backdrop-hue-rotate:;--tw-backdrop-invert:;--tw-backdrop-opacity:;--tw-backdrop-saturate:;--tw-backdrop-sepia:;margin: 0.25rem 0px;font-family: Inter, sans-serif;font-size: 18px\">En termes de connectivit\u00e9, ce smartphone Samsung est compatible avec la 5G et le Bluetooth 5.3.<\/p>\n","protected":false},"featured_media":5487,"template":"","meta":[],"product_cat":[264],"product_tag":[],"class_list":{"0":"post-5488","1":"product","2":"type-product","3":"status-publish","4":"has-post-thumbnail","6":"product_brand-samsung","7":"product_cat-high-tech","9":"first","10":"instock","11":"taxable","12":"shipping-taxable","13":"product-type-simple","14":"col-xs-6 col-sm-4","15":"col-md-3 col-lg-3","16":"un-4-cols"},"yoast_head":"<!-- This site is optimized with the Yoast SEO plugin v26.9 - https:\/\/yoast.com\/product\/yoast-seo-wordpress\/ -->\n<title>SAMSUNG GALAXY A25 128GB 5G - AU MARCHE BURKINA<\/title>\n<meta name=\"robots\" content=\"noindex, follow, max-snippet:-1, max-image-preview:large, max-video-preview:-1\" \/>\n<meta property=\"og:locale\" content=\"fr_FR\" \/>\n<meta property=\"og:type\" content=\"article\" \/>\n<meta property=\"og:title\" content=\"SAMSUNG GALAXY A25 128GB 5G - AU MARCHE BURKINA\" \/>\n<meta property=\"og:description\" content=\"Le Samsung Galaxy A25 5G est aliment\u00e9 par le processeur Exynos 1280 de Samsung, qui offre des performances de haut niveau pour toutes vos t\u00e2ches et applications. Avec 6 Go de m\u00e9moire vive et deux options de stockage de 128 Go ou 256 Go, vous aurez toujours assez d&#039;espace pour stocker vos applications, photos, vid\u00e9os et autres fichiers.\u00a0En termes de connectivit\u00e9, ce smartphone Samsung est compatible avec la 5G et le Bluetooth 5.3.\" \/>\n<meta property=\"og:url\" content=\"https:\/\/aumarche.biz\/bf\/index.php\/produit\/samsung-galaxy-a25-128gb-5g\/\" \/>\n<meta property=\"og:site_name\" content=\"AU MARCHE BURKINA\" \/>\n<meta property=\"article:publisher\" content=\"https:\/\/www.facebook.com\/aumarchebf\" \/>\n<meta property=\"og:image\" content=\"https:\/\/aumarche.biz\/bf\/wp-content\/uploads\/2025\/04\/fr-galaxy-a25-5g-sm-a256-sm-a256bzbheub-539451133.webp\" \/>\n\t<meta property=\"og:image:width\" content=\"650\" \/>\n\t<meta property=\"og:image:height\" content=\"519\" \/>\n\t<meta property=\"og:image:type\" content=\"image\/webp\" \/>\n<meta name=\"twitter:card\" content=\"summary_large_image\" \/>\n<script type=\"application\/ld+json\" class=\"yoast-schema-graph\">{\"@context\":\"https:\/\/schema.org\",\"@graph\":[{\"@type\":\"WebPage\",\"@id\":\"https:\/\/aumarche.biz\/bf\/index.php\/produit\/samsung-galaxy-a25-128gb-5g\/\",\"url\":\"https:\/\/aumarche.biz\/bf\/index.php\/produit\/samsung-galaxy-a25-128gb-5g\/\",\"name\":\"SAMSUNG GALAXY A25 128GB 5G - AU MARCHE BURKINA\",\"isPartOf\":{\"@id\":\"https:\/\/aumarche.biz\/bf\/#website\"},\"primaryImageOfPage\":{\"@id\":\"https:\/\/aumarche.biz\/bf\/index.php\/produit\/samsung-galaxy-a25-128gb-5g\/#primaryimage\"},\"image\":{\"@id\":\"https:\/\/aumarche.biz\/bf\/index.php\/produit\/samsung-galaxy-a25-128gb-5g\/#primaryimage\"},\"thumbnailUrl\":\"https:\/\/aumarche.biz\/bf\/wp-content\/uploads\/2025\/04\/fr-galaxy-a25-5g-sm-a256-sm-a256bzbheub-539451133.webp\",\"datePublished\":\"2025-04-30T13:24:38+00:00\",\"breadcrumb\":{\"@id\":\"https:\/\/aumarche.biz\/bf\/index.php\/produit\/samsung-galaxy-a25-128gb-5g\/#breadcrumb\"},\"inLanguage\":\"fr-FR\",\"potentialAction\":[{\"@type\":\"ReadAction\",\"target\":[\"https:\/\/aumarche.biz\/bf\/index.php\/produit\/samsung-galaxy-a25-128gb-5g\/\"]}]},{\"@type\":\"ImageObject\",\"inLanguage\":\"fr-FR\",\"@id\":\"https:\/\/aumarche.biz\/bf\/index.php\/produit\/samsung-galaxy-a25-128gb-5g\/#primaryimage\",\"url\":\"https:\/\/aumarche.biz\/bf\/wp-content\/uploads\/2025\/04\/fr-galaxy-a25-5g-sm-a256-sm-a256bzbheub-539451133.webp\",\"contentUrl\":\"https:\/\/aumarche.biz\/bf\/wp-content\/uploads\/2025\/04\/fr-galaxy-a25-5g-sm-a256-sm-a256bzbheub-539451133.webp\",\"width\":650,\"height\":519},{\"@type\":\"BreadcrumbList\",\"@id\":\"https:\/\/aumarche.biz\/bf\/index.php\/produit\/samsung-galaxy-a25-128gb-5g\/#breadcrumb\",\"itemListElement\":[{\"@type\":\"ListItem\",\"position\":1,\"name\":\"Accueil\",\"item\":\"https:\/\/aumarche.biz\/bf\/\"},{\"@type\":\"ListItem\",\"position\":2,\"name\":\"Boutique\",\"item\":\"https:\/\/aumarche.biz\/bf\/index.php\/boutique\/\"},{\"@type\":\"ListItem\",\"position\":3,\"name\":\"SAMSUNG GALAXY A25 128GB 5G\"}]},{\"@type\":\"WebSite\",\"@id\":\"https:\/\/aumarche.biz\/bf\/#website\",\"url\":\"https:\/\/aumarche.biz\/bf\/\",\"name\":\"aumarche.biz\",\"description\":\"Vendre et acheter autrement\",\"publisher\":{\"@id\":\"https:\/\/aumarche.biz\/bf\/#organization\"},\"potentialAction\":[{\"@type\":\"SearchAction\",\"target\":{\"@type\":\"EntryPoint\",\"urlTemplate\":\"https:\/\/aumarche.biz\/bf\/?s={search_term_string}\"},\"query-input\":{\"@type\":\"PropertyValueSpecification\",\"valueRequired\":true,\"valueName\":\"search_term_string\"}}],\"inLanguage\":\"fr-FR\"},{\"@type\":\"Organization\",\"@id\":\"https:\/\/aumarche.biz\/bf\/#organization\",\"name\":\"aumarche.biz\",\"url\":\"https:\/\/aumarche.biz\/bf\/\",\"logo\":{\"@type\":\"ImageObject\",\"inLanguage\":\"fr-FR\",\"@id\":\"https:\/\/aumarche.biz\/bf\/#\/schema\/logo\/image\/\",\"url\":\"https:\/\/aumarche.biz\/bf\/wp-content\/uploads\/2023\/09\/favicone.png\",\"contentUrl\":\"https:\/\/aumarche.biz\/bf\/wp-content\/uploads\/2023\/09\/favicone.png\",\"width\":64,\"height\":64,\"caption\":\"aumarche.biz\"},\"image\":{\"@id\":\"https:\/\/aumarche.biz\/bf\/#\/schema\/logo\/image\/\"},\"sameAs\":[\"https:\/\/www.facebook.com\/aumarchebf\"]}]}<\/script>\n<!-- \/ Yoast SEO plugin. -->","yoast_head_json":{"title":"SAMSUNG GALAXY A25 128GB 5G - AU MARCHE BURKINA","robots":{"index":"noindex","follow":"follow","max-snippet":"max-snippet:-1","max-image-preview":"max-image-preview:large","max-video-preview":"max-video-preview:-1"},"og_locale":"fr_FR","og_type":"article","og_title":"SAMSUNG GALAXY A25 128GB 5G - AU MARCHE BURKINA","og_description":"Le Samsung Galaxy A25 5G est aliment\u00e9 par le processeur Exynos 1280 de Samsung, qui offre des performances de haut niveau pour toutes vos t\u00e2ches et applications. Avec 6 Go de m\u00e9moire vive et deux options de stockage de 128 Go ou 256 Go, vous aurez toujours assez d'espace pour stocker vos applications, photos, vid\u00e9os et autres fichiers.\u00a0En termes de connectivit\u00e9, ce smartphone Samsung est compatible avec la 5G et le Bluetooth 5.3.","og_url":"https:\/\/aumarche.biz\/bf\/index.php\/produit\/samsung-galaxy-a25-128gb-5g\/","og_site_name":"AU MARCHE BURKINA","article_publisher":"https:\/\/www.facebook.com\/aumarchebf","og_image":[{"width":650,"height":519,"url":"https:\/\/aumarche.biz\/bf\/wp-content\/uploads\/2025\/04\/fr-galaxy-a25-5g-sm-a256-sm-a256bzbheub-539451133.webp","type":"image\/webp"}],"twitter_card":"summary_large_image","schema":{"@context":"https:\/\/schema.org","@graph":[{"@type":"WebPage","@id":"https:\/\/aumarche.biz\/bf\/index.php\/produit\/samsung-galaxy-a25-128gb-5g\/","url":"https:\/\/aumarche.biz\/bf\/index.php\/produit\/samsung-galaxy-a25-128gb-5g\/","name":"SAMSUNG GALAXY A25 128GB 5G - AU MARCHE BURKINA","isPartOf":{"@id":"https:\/\/aumarche.biz\/bf\/#website"},"primaryImageOfPage":{"@id":"https:\/\/aumarche.biz\/bf\/index.php\/produit\/samsung-galaxy-a25-128gb-5g\/#primaryimage"},"image":{"@id":"https:\/\/aumarche.biz\/bf\/index.php\/produit\/samsung-galaxy-a25-128gb-5g\/#primaryimage"},"thumbnailUrl":"https:\/\/aumarche.biz\/bf\/wp-content\/uploads\/2025\/04\/fr-galaxy-a25-5g-sm-a256-sm-a256bzbheub-539451133.webp","datePublished":"2025-04-30T13:24:38+00:00","breadcrumb":{"@id":"https:\/\/aumarche.biz\/bf\/index.php\/produit\/samsung-galaxy-a25-128gb-5g\/#breadcrumb"},"inLanguage":"fr-FR","potentialAction":[{"@type":"ReadAction","target":["https:\/\/aumarche.biz\/bf\/index.php\/produit\/samsung-galaxy-a25-128gb-5g\/"]}]},{"@type":"ImageObject","inLanguage":"fr-FR","@id":"https:\/\/aumarche.biz\/bf\/index.php\/produit\/samsung-galaxy-a25-128gb-5g\/#primaryimage","url":"https:\/\/aumarche.biz\/bf\/wp-content\/uploads\/2025\/04\/fr-galaxy-a25-5g-sm-a256-sm-a256bzbheub-539451133.webp","contentUrl":"https:\/\/aumarche.biz\/bf\/wp-content\/uploads\/2025\/04\/fr-galaxy-a25-5g-sm-a256-sm-a256bzbheub-539451133.webp","width":650,"height":519},{"@type":"BreadcrumbList","@id":"https:\/\/aumarche.biz\/bf\/index.php\/produit\/samsung-galaxy-a25-128gb-5g\/#breadcrumb","itemListElement":[{"@type":"ListItem","position":1,"name":"Accueil","item":"https:\/\/aumarche.biz\/bf\/"},{"@type":"ListItem","position":2,"name":"Boutique","item":"https:\/\/aumarche.biz\/bf\/index.php\/boutique\/"},{"@type":"ListItem","position":3,"name":"SAMSUNG GALAXY A25 128GB 5G"}]},{"@type":"WebSite","@id":"https:\/\/aumarche.biz\/bf\/#website","url":"https:\/\/aumarche.biz\/bf\/","name":"aumarche.biz","description":"Vendre et acheter autrement","publisher":{"@id":"https:\/\/aumarche.biz\/bf\/#organization"},"potentialAction":[{"@type":"SearchAction","target":{"@type":"EntryPoint","urlTemplate":"https:\/\/aumarche.biz\/bf\/?s={search_term_string}"},"query-input":{"@type":"PropertyValueSpecification","valueRequired":true,"valueName":"search_term_string"}}],"inLanguage":"fr-FR"},{"@type":"Organization","@id":"https:\/\/aumarche.biz\/bf\/#organization","name":"aumarche.biz","url":"https:\/\/aumarche.biz\/bf\/","logo":{"@type":"ImageObject","inLanguage":"fr-FR","@id":"https:\/\/aumarche.biz\/bf\/#\/schema\/logo\/image\/","url":"https:\/\/aumarche.biz\/bf\/wp-content\/uploads\/2023\/09\/favicone.png","contentUrl":"https:\/\/aumarche.biz\/bf\/wp-content\/uploads\/2023\/09\/favicone.png","width":64,"height":64,"caption":"aumarche.biz"},"image":{"@id":"https:\/\/aumarche.biz\/bf\/#\/schema\/logo\/image\/"},"sameAs":["https:\/\/www.facebook.com\/aumarchebf"]}]}},"_links":{"self":[{"href":"https:\/\/aumarche.biz\/bf\/index.php\/wp-json\/wp\/v2\/product\/5488","targetHints":{"allow":["GET"]}}],"collection":[{"href":"https:\/\/aumarche.biz\/bf\/index.php\/wp-json\/wp\/v2\/product"}],"about":[{"href":"https:\/\/aumarche.biz\/bf\/index.php\/wp-json\/wp\/v2\/types\/product"}],"wp:featuredmedia":[{"embeddable":true,"href":"https:\/\/aumarche.biz\/bf\/index.php\/wp-json\/wp\/v2\/media\/5487"}],"wp:attachment":[{"href":"https:\/\/aumarche.biz\/bf\/index.php\/wp-json\/wp\/v2\/media?parent=5488"}],"wp:term":[{"taxonomy":"product_cat","embeddable":true,"href":"https:\/\/aumarche.biz\/bf\/index.php\/wp-json\/wp\/v2\/product_cat?post=5488"},{"taxonomy":"product_tag","embeddable":true,"href":"https:\/\/aumarche.biz\/bf\/index.php\/wp-json\/wp\/v2\/product_tag?post=5488"}],"curies":[{"name":"wp","href":"https:\/\/api.w.org\/{rel}","templated":true}]}}