{"id":5490,"date":"2025-04-30T13:34:54","date_gmt":"2025-04-30T13:34:54","guid":{"rendered":"https:\/\/aumarche.biz\/bf\/index.php\/produit\/dictaphone-sony-voice-recorder-px470\/"},"modified":"2025-04-30T13:34:55","modified_gmt":"2025-04-30T13:34:55","slug":"dictaphone-sony-voice-recorder-px470","status":"publish","type":"product","link":"https:\/\/aumarche.biz\/bf\/index.php\/produit\/dictaphone-sony-voice-recorder-px470\/","title":{"rendered":"DICTAPHONE SONY VOICE RECORDER PX470"},"content":{"rendered":"<p><span style=\"font-family: Roboto, sans-serif;font-size: 20px\">Dur\u00e9e d&rsquo;enregistrement maximum: (MP3 128 kb\/s) : 59h35 min, Modes d&rsquo;enregistrement: R\u00e9p\u00e9tition A-B, s\u00e9lection des sc\u00e8nes d&rsquo;enregistrement, VOR num\u00e9rique, contr\u00f4le de l&rsquo;enregistrement, recherche dans agenda, enregistrement d&rsquo;\u00e9crasement, Enregistrements Focus (une seule voix) ou St\u00e9r\u00e9o-Large (plusieurs voix), S-Microphone : capture de sons faibles ou distants, Auto\u00a0<\/span><span style=\"font-weight: 700;font-family: Roboto, sans-serif;font-size: 20px\">Voice Rec<\/span><span style=\"font-family: Roboto, sans-serif;font-size: 20px\">\u00a0: bruits de fond r\u00e9duit pour une clart\u00e9 optimis\u00e9e de la voix,\u00a0<\/span><span style=\"font-weight: 700;font-family: Roboto, sans-serif;font-size: 20px\">Dictaphone<\/span><span style=\"font-family: Roboto, sans-serif;font-size: 20px\">\u00a0num\u00e9rique MP3 \/ LPCM, M\u00e9moire interne 4 Go extensible via microSD (jusqu&rsquo;\u00e0 32 Go), Connecteur USB r\u00e9tractable, Autonomie maximum de la batterie : 62 h, Indicateur de capacit\u00e9 de la batterie, Formats audio pris en charge : WMA, MP3, AAC-LC, LPCM, Haut-parleur int\u00e9gr\u00e9, Bande de r\u00e9ponse de 50 \u00e0 20000 Hz, Bouton de mise en attente, Digital Voice Up, technologie de r\u00e9duction du bruit Noise Cut, filtre bas, r\u00e9glage de l&rsquo;amplitude num\u00e9rique (DPC)<\/span><\/p>\n","protected":false},"excerpt":{"rendered":"<p><span style=\"font-family: Roboto, sans-serif;font-size: 20px\">Dur\u00e9e d&rsquo;enregistrement maximum: (MP3 128 kb\/s) : 59h35 min, Modes d&rsquo;enregistrement: R\u00e9p\u00e9tition A-B, s\u00e9lection des sc\u00e8nes d&rsquo;enregistrement, VOR num\u00e9rique, contr\u00f4le de l&rsquo;enregistrement, recherche dans agenda, enregistrement d&rsquo;\u00e9crasement, Enregistrements Focus (une seule voix) ou St\u00e9r\u00e9o-Large (plusieurs voix), S-Microphone : capture de sons faibles ou distants, Auto\u00a0<\/span><span style=\"font-weight: 700;font-family: Roboto, sans-serif;font-size: 20px\">Voice Rec<\/span><span style=\"font-family: Roboto, sans-serif;font-size: 20px\">\u00a0: bruits de fond r\u00e9duit pour une clart\u00e9 optimis\u00e9e de la voix,\u00a0<\/span><span style=\"font-weight: 700;font-family: Roboto, sans-serif;font-size: 20px\">Dictaphone<\/span><span style=\"font-family: Roboto, sans-serif;font-size: 20px\">\u00a0num\u00e9rique MP3 \/ LPCM, M\u00e9moire interne 4 Go extensible via microSD (jusqu&rsquo;\u00e0 32 Go), Connecteur USB r\u00e9tractable, Autonomie maximum de la batterie : 62 h, Indicateur de capacit\u00e9 de la batterie, Formats audio pris en charge : WMA, MP3, AAC-LC, LPCM, Haut-parleur int\u00e9gr\u00e9, Bande de r\u00e9ponse de 50 \u00e0 20000 Hz, Bouton de mise en attente, Digital Voice Up, technologie de r\u00e9duction du bruit Noise Cut, filtre bas, r\u00e9glage de l&rsquo;amplitude num\u00e9rique (DPC)<\/span><\/p>\n","protected":false},"featured_media":5489,"template":"","meta":[],"product_cat":[264],"product_tag":[],"class_list":{"0":"post-5490","1":"product","2":"type-product","3":"status-publish","4":"has-post-thumbnail","6":"product_brand-sony","7":"product_cat-high-tech","9":"first","10":"instock","11":"taxable","12":"shipping-taxable","13":"product-type-simple","14":"col-xs-6 col-sm-4","15":"col-md-3 col-lg-3","16":"un-4-cols"},"yoast_head":"<!-- This site is optimized with the Yoast SEO plugin v26.9 - https:\/\/yoast.com\/product\/yoast-seo-wordpress\/ -->\n<title>DICTAPHONE SONY VOICE RECORDER PX470 - AU MARCHE BURKINA<\/title>\n<meta name=\"robots\" content=\"noindex, follow, max-snippet:-1, max-image-preview:large, max-video-preview:-1\" \/>\n<meta property=\"og:locale\" content=\"fr_FR\" \/>\n<meta property=\"og:type\" content=\"article\" \/>\n<meta property=\"og:title\" content=\"DICTAPHONE SONY VOICE RECORDER PX470 - AU MARCHE BURKINA\" \/>\n<meta property=\"og:description\" content=\"Dur\u00e9e d&#039;enregistrement maximum: (MP3 128 kb\/s) : 59h35 min, Modes d&#039;enregistrement: R\u00e9p\u00e9tition A-B, s\u00e9lection des sc\u00e8nes d&#039;enregistrement, VOR num\u00e9rique, contr\u00f4le de l&#039;enregistrement, recherche dans agenda, enregistrement d&#039;\u00e9crasement, Enregistrements Focus (une seule voix) ou St\u00e9r\u00e9o-Large (plusieurs voix), S-Microphone : capture de sons faibles ou distants, Auto\u00a0Voice Rec\u00a0: bruits de fond r\u00e9duit pour une clart\u00e9 optimis\u00e9e de la voix,\u00a0Dictaphone\u00a0num\u00e9rique MP3 \/ LPCM, M\u00e9moire interne 4 Go extensible via microSD (jusqu&#039;\u00e0 32 Go), Connecteur USB r\u00e9tractable, Autonomie maximum de la batterie : 62 h, Indicateur de capacit\u00e9 de la batterie, Formats audio pris en charge : WMA, MP3, AAC-LC, LPCM, Haut-parleur int\u00e9gr\u00e9, Bande de r\u00e9ponse de 50 \u00e0 20000 Hz, Bouton de mise en attente, Digital Voice Up, technologie de r\u00e9duction du bruit Noise Cut, filtre bas, r\u00e9glage de l&#039;amplitude num\u00e9rique (DPC)\" \/>\n<meta property=\"og:url\" content=\"https:\/\/aumarche.biz\/bf\/index.php\/produit\/dictaphone-sony-voice-recorder-px470\/\" \/>\n<meta property=\"og:site_name\" content=\"AU MARCHE BURKINA\" \/>\n<meta property=\"article:publisher\" content=\"https:\/\/www.facebook.com\/aumarchebf\" \/>\n<meta property=\"article:modified_time\" content=\"2025-04-30T13:34:55+00:00\" \/>\n<meta property=\"og:image\" content=\"https:\/\/aumarche.biz\/bf\/wp-content\/uploads\/2025\/04\/1440x1440.33001788-02.webp\" \/>\n\t<meta property=\"og:image:width\" content=\"1440\" \/>\n\t<meta property=\"og:image:height\" content=\"710\" \/>\n\t<meta property=\"og:image:type\" content=\"image\/webp\" \/>\n<meta name=\"twitter:card\" content=\"summary_large_image\" \/>\n<meta name=\"twitter:label1\" content=\"Dur\u00e9e de lecture estim\u00e9e\" \/>\n\t<meta name=\"twitter:data1\" content=\"1 minute\" \/>\n<script type=\"application\/ld+json\" class=\"yoast-schema-graph\">{\"@context\":\"https:\/\/schema.org\",\"@graph\":[{\"@type\":\"WebPage\",\"@id\":\"https:\/\/aumarche.biz\/bf\/index.php\/produit\/dictaphone-sony-voice-recorder-px470\/\",\"url\":\"https:\/\/aumarche.biz\/bf\/index.php\/produit\/dictaphone-sony-voice-recorder-px470\/\",\"name\":\"DICTAPHONE SONY VOICE RECORDER PX470 - AU MARCHE BURKINA\",\"isPartOf\":{\"@id\":\"https:\/\/aumarche.biz\/bf\/#website\"},\"primaryImageOfPage\":{\"@id\":\"https:\/\/aumarche.biz\/bf\/index.php\/produit\/dictaphone-sony-voice-recorder-px470\/#primaryimage\"},\"image\":{\"@id\":\"https:\/\/aumarche.biz\/bf\/index.php\/produit\/dictaphone-sony-voice-recorder-px470\/#primaryimage\"},\"thumbnailUrl\":\"https:\/\/aumarche.biz\/bf\/wp-content\/uploads\/2025\/04\/1440x1440.33001788-02.webp\",\"datePublished\":\"2025-04-30T13:34:54+00:00\",\"dateModified\":\"2025-04-30T13:34:55+00:00\",\"breadcrumb\":{\"@id\":\"https:\/\/aumarche.biz\/bf\/index.php\/produit\/dictaphone-sony-voice-recorder-px470\/#breadcrumb\"},\"inLanguage\":\"fr-FR\",\"potentialAction\":[{\"@type\":\"ReadAction\",\"target\":[\"https:\/\/aumarche.biz\/bf\/index.php\/produit\/dictaphone-sony-voice-recorder-px470\/\"]}]},{\"@type\":\"ImageObject\",\"inLanguage\":\"fr-FR\",\"@id\":\"https:\/\/aumarche.biz\/bf\/index.php\/produit\/dictaphone-sony-voice-recorder-px470\/#primaryimage\",\"url\":\"https:\/\/aumarche.biz\/bf\/wp-content\/uploads\/2025\/04\/1440x1440.33001788-02.webp\",\"contentUrl\":\"https:\/\/aumarche.biz\/bf\/wp-content\/uploads\/2025\/04\/1440x1440.33001788-02.webp\",\"width\":1440,\"height\":710},{\"@type\":\"BreadcrumbList\",\"@id\":\"https:\/\/aumarche.biz\/bf\/index.php\/produit\/dictaphone-sony-voice-recorder-px470\/#breadcrumb\",\"itemListElement\":[{\"@type\":\"ListItem\",\"position\":1,\"name\":\"Accueil\",\"item\":\"https:\/\/aumarche.biz\/bf\/\"},{\"@type\":\"ListItem\",\"position\":2,\"name\":\"Boutique\",\"item\":\"https:\/\/aumarche.biz\/bf\/index.php\/boutique\/\"},{\"@type\":\"ListItem\",\"position\":3,\"name\":\"DICTAPHONE SONY VOICE RECORDER PX470\"}]},{\"@type\":\"WebSite\",\"@id\":\"https:\/\/aumarche.biz\/bf\/#website\",\"url\":\"https:\/\/aumarche.biz\/bf\/\",\"name\":\"aumarche.biz\",\"description\":\"Vendre et acheter autrement\",\"publisher\":{\"@id\":\"https:\/\/aumarche.biz\/bf\/#organization\"},\"potentialAction\":[{\"@type\":\"SearchAction\",\"target\":{\"@type\":\"EntryPoint\",\"urlTemplate\":\"https:\/\/aumarche.biz\/bf\/?s={search_term_string}\"},\"query-input\":{\"@type\":\"PropertyValueSpecification\",\"valueRequired\":true,\"valueName\":\"search_term_string\"}}],\"inLanguage\":\"fr-FR\"},{\"@type\":\"Organization\",\"@id\":\"https:\/\/aumarche.biz\/bf\/#organization\",\"name\":\"aumarche.biz\",\"url\":\"https:\/\/aumarche.biz\/bf\/\",\"logo\":{\"@type\":\"ImageObject\",\"inLanguage\":\"fr-FR\",\"@id\":\"https:\/\/aumarche.biz\/bf\/#\/schema\/logo\/image\/\",\"url\":\"https:\/\/aumarche.biz\/bf\/wp-content\/uploads\/2023\/09\/favicone.png\",\"contentUrl\":\"https:\/\/aumarche.biz\/bf\/wp-content\/uploads\/2023\/09\/favicone.png\",\"width\":64,\"height\":64,\"caption\":\"aumarche.biz\"},\"image\":{\"@id\":\"https:\/\/aumarche.biz\/bf\/#\/schema\/logo\/image\/\"},\"sameAs\":[\"https:\/\/www.facebook.com\/aumarchebf\"]}]}<\/script>\n<!-- \/ Yoast SEO plugin. -->","yoast_head_json":{"title":"DICTAPHONE SONY VOICE RECORDER PX470 - AU MARCHE BURKINA","robots":{"index":"noindex","follow":"follow","max-snippet":"max-snippet:-1","max-image-preview":"max-image-preview:large","max-video-preview":"max-video-preview:-1"},"og_locale":"fr_FR","og_type":"article","og_title":"DICTAPHONE SONY VOICE RECORDER PX470 - AU MARCHE BURKINA","og_description":"Dur\u00e9e d'enregistrement maximum: (MP3 128 kb\/s) : 59h35 min, Modes d'enregistrement: R\u00e9p\u00e9tition A-B, s\u00e9lection des sc\u00e8nes d'enregistrement, VOR num\u00e9rique, contr\u00f4le de l'enregistrement, recherche dans agenda, enregistrement d'\u00e9crasement, Enregistrements Focus (une seule voix) ou St\u00e9r\u00e9o-Large (plusieurs voix), S-Microphone : capture de sons faibles ou distants, Auto\u00a0Voice Rec\u00a0: bruits de fond r\u00e9duit pour une clart\u00e9 optimis\u00e9e de la voix,\u00a0Dictaphone\u00a0num\u00e9rique MP3 \/ LPCM, M\u00e9moire interne 4 Go extensible via microSD (jusqu'\u00e0 32 Go), Connecteur USB r\u00e9tractable, Autonomie maximum de la batterie : 62 h, Indicateur de capacit\u00e9 de la batterie, Formats audio pris en charge : WMA, MP3, AAC-LC, LPCM, Haut-parleur int\u00e9gr\u00e9, Bande de r\u00e9ponse de 50 \u00e0 20000 Hz, Bouton de mise en attente, Digital Voice Up, technologie de r\u00e9duction du bruit Noise Cut, filtre bas, r\u00e9glage de l'amplitude num\u00e9rique (DPC)","og_url":"https:\/\/aumarche.biz\/bf\/index.php\/produit\/dictaphone-sony-voice-recorder-px470\/","og_site_name":"AU MARCHE BURKINA","article_publisher":"https:\/\/www.facebook.com\/aumarchebf","article_modified_time":"2025-04-30T13:34:55+00:00","og_image":[{"width":1440,"height":710,"url":"https:\/\/aumarche.biz\/bf\/wp-content\/uploads\/2025\/04\/1440x1440.33001788-02.webp","type":"image\/webp"}],"twitter_card":"summary_large_image","twitter_misc":{"Dur\u00e9e de lecture estim\u00e9e":"1 minute"},"schema":{"@context":"https:\/\/schema.org","@graph":[{"@type":"WebPage","@id":"https:\/\/aumarche.biz\/bf\/index.php\/produit\/dictaphone-sony-voice-recorder-px470\/","url":"https:\/\/aumarche.biz\/bf\/index.php\/produit\/dictaphone-sony-voice-recorder-px470\/","name":"DICTAPHONE SONY VOICE RECORDER PX470 - AU MARCHE BURKINA","isPartOf":{"@id":"https:\/\/aumarche.biz\/bf\/#website"},"primaryImageOfPage":{"@id":"https:\/\/aumarche.biz\/bf\/index.php\/produit\/dictaphone-sony-voice-recorder-px470\/#primaryimage"},"image":{"@id":"https:\/\/aumarche.biz\/bf\/index.php\/produit\/dictaphone-sony-voice-recorder-px470\/#primaryimage"},"thumbnailUrl":"https:\/\/aumarche.biz\/bf\/wp-content\/uploads\/2025\/04\/1440x1440.33001788-02.webp","datePublished":"2025-04-30T13:34:54+00:00","dateModified":"2025-04-30T13:34:55+00:00","breadcrumb":{"@id":"https:\/\/aumarche.biz\/bf\/index.php\/produit\/dictaphone-sony-voice-recorder-px470\/#breadcrumb"},"inLanguage":"fr-FR","potentialAction":[{"@type":"ReadAction","target":["https:\/\/aumarche.biz\/bf\/index.php\/produit\/dictaphone-sony-voice-recorder-px470\/"]}]},{"@type":"ImageObject","inLanguage":"fr-FR","@id":"https:\/\/aumarche.biz\/bf\/index.php\/produit\/dictaphone-sony-voice-recorder-px470\/#primaryimage","url":"https:\/\/aumarche.biz\/bf\/wp-content\/uploads\/2025\/04\/1440x1440.33001788-02.webp","contentUrl":"https:\/\/aumarche.biz\/bf\/wp-content\/uploads\/2025\/04\/1440x1440.33001788-02.webp","width":1440,"height":710},{"@type":"BreadcrumbList","@id":"https:\/\/aumarche.biz\/bf\/index.php\/produit\/dictaphone-sony-voice-recorder-px470\/#breadcrumb","itemListElement":[{"@type":"ListItem","position":1,"name":"Accueil","item":"https:\/\/aumarche.biz\/bf\/"},{"@type":"ListItem","position":2,"name":"Boutique","item":"https:\/\/aumarche.biz\/bf\/index.php\/boutique\/"},{"@type":"ListItem","position":3,"name":"DICTAPHONE SONY VOICE RECORDER PX470"}]},{"@type":"WebSite","@id":"https:\/\/aumarche.biz\/bf\/#website","url":"https:\/\/aumarche.biz\/bf\/","name":"aumarche.biz","description":"Vendre et acheter autrement","publisher":{"@id":"https:\/\/aumarche.biz\/bf\/#organization"},"potentialAction":[{"@type":"SearchAction","target":{"@type":"EntryPoint","urlTemplate":"https:\/\/aumarche.biz\/bf\/?s={search_term_string}"},"query-input":{"@type":"PropertyValueSpecification","valueRequired":true,"valueName":"search_term_string"}}],"inLanguage":"fr-FR"},{"@type":"Organization","@id":"https:\/\/aumarche.biz\/bf\/#organization","name":"aumarche.biz","url":"https:\/\/aumarche.biz\/bf\/","logo":{"@type":"ImageObject","inLanguage":"fr-FR","@id":"https:\/\/aumarche.biz\/bf\/#\/schema\/logo\/image\/","url":"https:\/\/aumarche.biz\/bf\/wp-content\/uploads\/2023\/09\/favicone.png","contentUrl":"https:\/\/aumarche.biz\/bf\/wp-content\/uploads\/2023\/09\/favicone.png","width":64,"height":64,"caption":"aumarche.biz"},"image":{"@id":"https:\/\/aumarche.biz\/bf\/#\/schema\/logo\/image\/"},"sameAs":["https:\/\/www.facebook.com\/aumarchebf"]}]}},"_links":{"self":[{"href":"https:\/\/aumarche.biz\/bf\/index.php\/wp-json\/wp\/v2\/product\/5490","targetHints":{"allow":["GET"]}}],"collection":[{"href":"https:\/\/aumarche.biz\/bf\/index.php\/wp-json\/wp\/v2\/product"}],"about":[{"href":"https:\/\/aumarche.biz\/bf\/index.php\/wp-json\/wp\/v2\/types\/product"}],"wp:featuredmedia":[{"embeddable":true,"href":"https:\/\/aumarche.biz\/bf\/index.php\/wp-json\/wp\/v2\/media\/5489"}],"wp:attachment":[{"href":"https:\/\/aumarche.biz\/bf\/index.php\/wp-json\/wp\/v2\/media?parent=5490"}],"wp:term":[{"taxonomy":"product_cat","embeddable":true,"href":"https:\/\/aumarche.biz\/bf\/index.php\/wp-json\/wp\/v2\/product_cat?post=5490"},{"taxonomy":"product_tag","embeddable":true,"href":"https:\/\/aumarche.biz\/bf\/index.php\/wp-json\/wp\/v2\/product_tag?post=5490"}],"curies":[{"name":"wp","href":"https:\/\/api.w.org\/{rel}","templated":true}]}}